{"id":109926,"date":"2025-12-05T12:28:05","date_gmt":"2025-12-05T11:28:05","guid":{"rendered":"https:\/\/letrame.com\/catalogo\/?post_type=product&#038;p=109926"},"modified":"2025-12-05T12:31:16","modified_gmt":"2025-12-05T11:31:16","slug":"cartas-a-rufina-otra-mirada-sobre-el-cancer","status":"publish","type":"product","link":"https:\/\/letrame.com\/catalogo\/producto\/cartas-a-rufina-otra-mirada-sobre-el-cancer\/","title":{"rendered":"Cartas a Rufina Otra mirada sobre el c\u00e1ncer"},"content":{"rendered":"<p class=\"p1\"><b>ISBN: 9791370129682<\/b><b><\/b><\/p>\n<p class=\"p1\"><b>T\u00edtulo: Cartas a Rufina Otra mirada sobre el c\u00e1ncer<\/b><b><\/b><\/p>\n<p class=\"p1\"><b>Fecha: 2025<\/b><b><\/b><\/p>\n<p class=\"p1\"><b>P\u00e1ginas: 178<\/b><b><\/b><\/p>\n<p class=\"p1\"><b>SINOPSIS<\/b><b><\/b><\/p>\n<p>Cartas a Rufina es una novela epistolar. Juliana le escribe a su hija cartas para alg\u00fan d\u00eda, compartiendo su proceso de sanaci\u00f3n a partir de un diagn\u00f3stico. Se cuestiona muchas de las pr\u00e1cticas y tratamientos, dados por obvios. Elige un camino donde la propia responsabilidad, la autodeterminaci\u00f3n, las decisiones, la confianza en los procesos, en las fuerzas de autosanaci\u00f3n y la propia transformaci\u00f3n son protagonistas por fidelidad a su propia vida.<br \/>\nEn este libro vas a encontrar el permiso y las herramientas para mirar el \u00abc\u00e1ncer\u00bb desde otro punto de vista y perderle el miedo.<br \/>\nMelina Szapiro. Artista argentina.<br \/>\n\u00a1Cu\u00e1nta autenticidad!, cartas que abrazan, que crean otras realidades, llenas de luminosidad, ternura, y confianza.<br \/>\nDolores Exp\u00f3sito. Argentina.<br \/>\nArtista. Facilitadora sistema Aberastury.<br \/>\nUn recorrido vital que emociona y aporta luz; cada carta a Rufina es un latido que se atesora por siempre en el alma&#8230;<br \/>\nClaudia Rojman.<br \/>\nPoeta y fot\u00f3grafa urbana argentina.<br \/>\n&#8230; Hay algo m\u00e1s impresionante en esta novela, que es la posibilidad de desafiar palabras y diagn\u00f3sticos \u00abautorizados\u00bb. Porque la certeza de sanaci\u00f3n que invade a Mam\u00e1 Juliana va m\u00e1s all\u00e1 de una materialidad corp\u00f3rea. La sanaci\u00f3n est\u00e1 \u00edntimamente relacionada con recuperar un ritmo, un estado virtuoso, alegre, distendido, confiado en la propia sabidur\u00eda de orden interno y luminoso de la vida, que a la vez existe en todo lo que nos rodea. \u00abYa cantada soy mas nueva que antes\u00bb.<br \/>\nMaria Silvina Ocampo. Poeta Patag\u00f3nica.<\/p>\n","protected":false},"excerpt":{"rendered":"<p class=\"p1\"><b>ISBN: 9791370129682<\/b><b><\/b><\/p>\n<p class=\"p1\"><b>SINOPSIS<\/b><b><\/b><\/p>\n<p>Cartas a Rufina es una novela epistolar. Juliana le escribe a su hija cartas para alg\u00fan d\u00eda, compartiendo su proceso de sanaci\u00f3n a partir de un diagn\u00f3stico. Se cuestiona muchas de las pr\u00e1cticas y tratamientos, dados por obvios. Elige un camino donde la propia responsabilidad, la autodeterminaci\u00f3n, las decisiones, la confianza en los procesos, en las fuerzas de autosanaci\u00f3n y la propia transformaci\u00f3n son protagonistas por fidelidad a su propia vida.<br \/>\nEn este libro vas a encontrar el permiso y las herramientas para mirar el \u00abc\u00e1ncer\u00bb desde otro punto de vista y perderle el miedo.<br \/>\nMelina Szapiro. Artista argentina.<br \/>\n\u00a1Cu\u00e1nta autenticidad!, cartas que abrazan, que crean otras realidades, llenas de luminosidad, ternura, y confianza.<br \/>\nDolores Exp\u00f3sito. Argentina.<br \/>\nArtista. Facilitadora sistema Aberastury.<br \/>\nUn recorrido vital que emociona y aporta luz; cada carta a Rufina es un latido que se atesora por siempre en el alma&#8230;<br \/>\nClaudia Rojman.<br \/>\nPoeta y fot\u00f3grafa urbana argentina.<br \/>\n&#8230; Hay algo m\u00e1s impresionante en esta novela, que es la posibilidad de desafiar palabras y diagn\u00f3sticos \u00abautorizados\u00bb. Porque la certeza de sanaci\u00f3n que invade a Mam\u00e1 Juliana va m\u00e1s all\u00e1 de una materialidad corp\u00f3rea. La sanaci\u00f3n est\u00e1 \u00edntimamente relacionada con recuperar un ritmo, un estado virtuoso, alegre, distendido, confiado en la propia sabidur\u00eda de orden interno y luminoso de la vida, que a la vez existe en todo lo que nos rodea. \u00abYa cantada soy mas nueva que antes\u00bb.<br \/>\nMaria Silvina Ocampo. Poeta Patag\u00f3nica.<\/p>\n","protected":false},"featured_media":109927,"comment_status":"open","ping_status":"closed","template":"","meta":{"_acf_changed":false},"libro":[],"product_brand":[],"product_cat":[135],"product_tag":[],"class_list":{"0":"post-109926","1":"product","2":"type-product","3":"status-publish","4":"has-post-thumbnail","6":"product_cat-diarios","8":"first","9":"instock","10":"shipping-taxable","11":"product-type-simple"},"acf":{"autor":[109928],"enlace_de_compra":"https:\/\/www.amazon.es\/Cartas-Rufina-mirada-sobre-c%C3%A1ncer\/dp\/B0G2SYFT55\/ref=sr_1_1?__mk_es_ES=%C3%85M%C3%85%C5%BD%C3%95%C3%91&crid=2LCU54ZTUHGQK&dib=eyJ2IjoiMSJ9.NlCtR5iC2qhZTg4NV4CxTA.iyc2IWP9C4qktucfClyCAATeG49qUi8gFUqevfzcsGs&dib_tag=se&keywords=cartas+a+rufina+letrame&qid=1764933746&s=books&sprefix=cartas+a+rufina+letrame%2Cstripbooks%2C61&sr=1-1"},"yoast_head":"<!-- This site is optimized with the Yoast SEO plugin v26.6 - https:\/\/yoast.com\/wordpress\/plugins\/seo\/ -->\n<title>Cartas a Rufina Otra mirada sobre el c\u00e1ncer - Catalogo | Letrame Grupo Editorial<\/title>\n<meta name=\"robots\" content=\"index, follow, max-snippet:-1, max-image-preview:large, max-video-preview:-1\" \/>\n<link rel=\"canonical\" href=\"https:\/\/letrame.com\/catalogo\/producto\/cartas-a-rufina-otra-mirada-sobre-el-cancer\/\" \/>\n<meta property=\"og:locale\" content=\"es_ES\" \/>\n<meta property=\"og:type\" content=\"article\" \/>\n<meta property=\"og:title\" content=\"Cartas a Rufina Otra mirada sobre el c\u00e1ncer - Catalogo | Letrame Grupo Editorial\" \/>\n<meta property=\"og:description\" content=\"ISBN: 9791370129682 SINOPSIS Cartas a Rufina es una novela epistolar. Juliana le escribe a su hija cartas para alg\u00fan d\u00eda, compartiendo su proceso de sanaci\u00f3n a partir de un diagn\u00f3stico. Se cuestiona muchas de las pr\u00e1cticas y tratamientos, dados por obvios. Elige un camino donde la propia responsabilidad, la autodeterminaci\u00f3n, las decisiones, la confianza en los procesos, en las fuerzas de autosanaci\u00f3n y la propia transformaci\u00f3n son protagonistas por fidelidad a su propia vida. En este libro vas a encontrar el permiso y las herramientas para mirar el \u00abc\u00e1ncer\u00bb desde otro punto de vista y perderle el miedo. Melina Szapiro. Artista argentina. \u00a1Cu\u00e1nta autenticidad!, cartas que abrazan, que crean otras realidades, llenas de luminosidad, ternura, y confianza. Dolores Exp\u00f3sito. Argentina. Artista. Facilitadora sistema Aberastury. Un recorrido vital que emociona y aporta luz; cada carta a Rufina es un latido que se atesora por siempre en el alma... Claudia Rojman. Poeta y fot\u00f3grafa urbana argentina. ... Hay algo m\u00e1s impresionante en esta novela, que es la posibilidad de desafiar palabras y diagn\u00f3sticos \u00abautorizados\u00bb. Porque la certeza de sanaci\u00f3n que invade a Mam\u00e1 Juliana va m\u00e1s all\u00e1 de una materialidad corp\u00f3rea. La sanaci\u00f3n est\u00e1 \u00edntimamente relacionada con recuperar un ritmo, un estado virtuoso, alegre, distendido, confiado en la propia sabidur\u00eda de orden interno y luminoso de la vida, que a la vez existe en todo lo que nos rodea. \u00abYa cantada soy mas nueva que antes\u00bb. Maria Silvina Ocampo. Poeta Patag\u00f3nica.\" \/>\n<meta property=\"og:url\" content=\"https:\/\/letrame.com\/catalogo\/producto\/cartas-a-rufina-otra-mirada-sobre-el-cancer\/\" \/>\n<meta property=\"og:site_name\" content=\"Catalogo | Letrame Grupo Editorial\" \/>\n<meta property=\"article:modified_time\" content=\"2025-12-05T11:31:16+00:00\" \/>\n<meta property=\"og:image\" content=\"https:\/\/letrame.com\/catalogo\/wp-content\/uploads\/2025\/12\/cartasarufina_928mm4.gif\" \/>\n\t<meta property=\"og:image:width\" content=\"384\" \/>\n\t<meta property=\"og:image:height\" content=\"563\" \/>\n\t<meta property=\"og:image:type\" content=\"image\/gif\" \/>\n<meta name=\"twitter:card\" content=\"summary_large_image\" \/>\n<meta name=\"twitter:label1\" content=\"Tiempo de lectura\" \/>\n\t<meta name=\"twitter:data1\" content=\"2 minutos\" \/>\n<script type=\"application\/ld+json\" class=\"yoast-schema-graph\">{\"@context\":\"https:\/\/schema.org\",\"@graph\":[{\"@type\":\"WebPage\",\"@id\":\"https:\/\/letrame.com\/catalogo\/producto\/cartas-a-rufina-otra-mirada-sobre-el-cancer\/\",\"url\":\"https:\/\/letrame.com\/catalogo\/producto\/cartas-a-rufina-otra-mirada-sobre-el-cancer\/\",\"name\":\"Cartas a Rufina Otra mirada sobre el c\u00e1ncer - Catalogo | Letrame Grupo Editorial\",\"isPartOf\":{\"@id\":\"https:\/\/letrame.com\/catalogo\/#website\"},\"primaryImageOfPage\":{\"@id\":\"https:\/\/letrame.com\/catalogo\/producto\/cartas-a-rufina-otra-mirada-sobre-el-cancer\/#primaryimage\"},\"image\":{\"@id\":\"https:\/\/letrame.com\/catalogo\/producto\/cartas-a-rufina-otra-mirada-sobre-el-cancer\/#primaryimage\"},\"thumbnailUrl\":\"https:\/\/letrame.com\/catalogo\/wp-content\/uploads\/2025\/12\/cartasarufina_928mm4.gif\",\"datePublished\":\"2025-12-05T11:28:05+00:00\",\"dateModified\":\"2025-12-05T11:31:16+00:00\",\"breadcrumb\":{\"@id\":\"https:\/\/letrame.com\/catalogo\/producto\/cartas-a-rufina-otra-mirada-sobre-el-cancer\/#breadcrumb\"},\"inLanguage\":\"es\",\"potentialAction\":[{\"@type\":\"ReadAction\",\"target\":[\"https:\/\/letrame.com\/catalogo\/producto\/cartas-a-rufina-otra-mirada-sobre-el-cancer\/\"]}]},{\"@type\":\"ImageObject\",\"inLanguage\":\"es\",\"@id\":\"https:\/\/letrame.com\/catalogo\/producto\/cartas-a-rufina-otra-mirada-sobre-el-cancer\/#primaryimage\",\"url\":\"https:\/\/letrame.com\/catalogo\/wp-content\/uploads\/2025\/12\/cartasarufina_928mm4.gif\",\"contentUrl\":\"https:\/\/letrame.com\/catalogo\/wp-content\/uploads\/2025\/12\/cartasarufina_928mm4.gif\",\"width\":384,\"height\":563},{\"@type\":\"BreadcrumbList\",\"@id\":\"https:\/\/letrame.com\/catalogo\/producto\/cartas-a-rufina-otra-mirada-sobre-el-cancer\/#breadcrumb\",\"itemListElement\":[{\"@type\":\"ListItem\",\"position\":1,\"name\":\"Portada\",\"item\":\"https:\/\/letrame.com\/catalogo\/\"},{\"@type\":\"ListItem\",\"position\":2,\"name\":\"Cat\u00e1logo\",\"item\":\"https:\/\/letrame.com\/catalogo\/\"},{\"@type\":\"ListItem\",\"position\":3,\"name\":\"Cartas a Rufina Otra mirada sobre el c\u00e1ncer\"}]},{\"@type\":\"WebSite\",\"@id\":\"https:\/\/letrame.com\/catalogo\/#website\",\"url\":\"https:\/\/letrame.com\/catalogo\/\",\"name\":\"Catalogo | Letrame Grupo Editorial\",\"description\":\"\",\"publisher\":{\"@id\":\"https:\/\/letrame.com\/catalogo\/#organization\"},\"potentialAction\":[{\"@type\":\"SearchAction\",\"target\":{\"@type\":\"EntryPoint\",\"urlTemplate\":\"https:\/\/letrame.com\/catalogo\/?s={search_term_string}\"},\"query-input\":{\"@type\":\"PropertyValueSpecification\",\"valueRequired\":true,\"valueName\":\"search_term_string\"}}],\"inLanguage\":\"es\"},{\"@type\":\"Organization\",\"@id\":\"https:\/\/letrame.com\/catalogo\/#organization\",\"name\":\"Catalogo | Letrame Grupo Editorial\",\"url\":\"https:\/\/letrame.com\/catalogo\/\",\"logo\":{\"@type\":\"ImageObject\",\"inLanguage\":\"es\",\"@id\":\"https:\/\/letrame.com\/catalogo\/#\/schema\/logo\/image\/\",\"url\":\"https:\/\/letrame.com\/catalogo\/wp-content\/uploads\/2024\/03\/logo2.webp\",\"contentUrl\":\"https:\/\/letrame.com\/catalogo\/wp-content\/uploads\/2024\/03\/logo2.webp\",\"width\":394,\"height\":128,\"caption\":\"Catalogo | Letrame Grupo Editorial\"},\"image\":{\"@id\":\"https:\/\/letrame.com\/catalogo\/#\/schema\/logo\/image\/\"}}]}<\/script>\n<!-- \/ Yoast SEO plugin. -->","yoast_head_json":{"title":"Cartas a Rufina Otra mirada sobre el c\u00e1ncer - Catalogo | Letrame Grupo Editorial","robots":{"index":"index","follow":"follow","max-snippet":"max-snippet:-1","max-image-preview":"max-image-preview:large","max-video-preview":"max-video-preview:-1"},"canonical":"https:\/\/letrame.com\/catalogo\/producto\/cartas-a-rufina-otra-mirada-sobre-el-cancer\/","og_locale":"es_ES","og_type":"article","og_title":"Cartas a Rufina Otra mirada sobre el c\u00e1ncer - Catalogo | Letrame Grupo Editorial","og_description":"ISBN: 9791370129682 SINOPSIS Cartas a Rufina es una novela epistolar. Juliana le escribe a su hija cartas para alg\u00fan d\u00eda, compartiendo su proceso de sanaci\u00f3n a partir de un diagn\u00f3stico. Se cuestiona muchas de las pr\u00e1cticas y tratamientos, dados por obvios. Elige un camino donde la propia responsabilidad, la autodeterminaci\u00f3n, las decisiones, la confianza en los procesos, en las fuerzas de autosanaci\u00f3n y la propia transformaci\u00f3n son protagonistas por fidelidad a su propia vida. En este libro vas a encontrar el permiso y las herramientas para mirar el \u00abc\u00e1ncer\u00bb desde otro punto de vista y perderle el miedo. Melina Szapiro. Artista argentina. \u00a1Cu\u00e1nta autenticidad!, cartas que abrazan, que crean otras realidades, llenas de luminosidad, ternura, y confianza. Dolores Exp\u00f3sito. Argentina. Artista. Facilitadora sistema Aberastury. Un recorrido vital que emociona y aporta luz; cada carta a Rufina es un latido que se atesora por siempre en el alma... Claudia Rojman. Poeta y fot\u00f3grafa urbana argentina. ... Hay algo m\u00e1s impresionante en esta novela, que es la posibilidad de desafiar palabras y diagn\u00f3sticos \u00abautorizados\u00bb. Porque la certeza de sanaci\u00f3n que invade a Mam\u00e1 Juliana va m\u00e1s all\u00e1 de una materialidad corp\u00f3rea. La sanaci\u00f3n est\u00e1 \u00edntimamente relacionada con recuperar un ritmo, un estado virtuoso, alegre, distendido, confiado en la propia sabidur\u00eda de orden interno y luminoso de la vida, que a la vez existe en todo lo que nos rodea. \u00abYa cantada soy mas nueva que antes\u00bb. Maria Silvina Ocampo. Poeta Patag\u00f3nica.","og_url":"https:\/\/letrame.com\/catalogo\/producto\/cartas-a-rufina-otra-mirada-sobre-el-cancer\/","og_site_name":"Catalogo | Letrame Grupo Editorial","article_modified_time":"2025-12-05T11:31:16+00:00","og_image":[{"width":384,"height":563,"url":"https:\/\/letrame.com\/catalogo\/wp-content\/uploads\/2025\/12\/cartasarufina_928mm4.gif","type":"image\/gif"}],"twitter_card":"summary_large_image","twitter_misc":{"Tiempo de lectura":"2 minutos"},"schema":{"@context":"https:\/\/schema.org","@graph":[{"@type":"WebPage","@id":"https:\/\/letrame.com\/catalogo\/producto\/cartas-a-rufina-otra-mirada-sobre-el-cancer\/","url":"https:\/\/letrame.com\/catalogo\/producto\/cartas-a-rufina-otra-mirada-sobre-el-cancer\/","name":"Cartas a Rufina Otra mirada sobre el c\u00e1ncer - Catalogo | Letrame Grupo Editorial","isPartOf":{"@id":"https:\/\/letrame.com\/catalogo\/#website"},"primaryImageOfPage":{"@id":"https:\/\/letrame.com\/catalogo\/producto\/cartas-a-rufina-otra-mirada-sobre-el-cancer\/#primaryimage"},"image":{"@id":"https:\/\/letrame.com\/catalogo\/producto\/cartas-a-rufina-otra-mirada-sobre-el-cancer\/#primaryimage"},"thumbnailUrl":"https:\/\/letrame.com\/catalogo\/wp-content\/uploads\/2025\/12\/cartasarufina_928mm4.gif","datePublished":"2025-12-05T11:28:05+00:00","dateModified":"2025-12-05T11:31:16+00:00","breadcrumb":{"@id":"https:\/\/letrame.com\/catalogo\/producto\/cartas-a-rufina-otra-mirada-sobre-el-cancer\/#breadcrumb"},"inLanguage":"es","potentialAction":[{"@type":"ReadAction","target":["https:\/\/letrame.com\/catalogo\/producto\/cartas-a-rufina-otra-mirada-sobre-el-cancer\/"]}]},{"@type":"ImageObject","inLanguage":"es","@id":"https:\/\/letrame.com\/catalogo\/producto\/cartas-a-rufina-otra-mirada-sobre-el-cancer\/#primaryimage","url":"https:\/\/letrame.com\/catalogo\/wp-content\/uploads\/2025\/12\/cartasarufina_928mm4.gif","contentUrl":"https:\/\/letrame.com\/catalogo\/wp-content\/uploads\/2025\/12\/cartasarufina_928mm4.gif","width":384,"height":563},{"@type":"BreadcrumbList","@id":"https:\/\/letrame.com\/catalogo\/producto\/cartas-a-rufina-otra-mirada-sobre-el-cancer\/#breadcrumb","itemListElement":[{"@type":"ListItem","position":1,"name":"Portada","item":"https:\/\/letrame.com\/catalogo\/"},{"@type":"ListItem","position":2,"name":"Cat\u00e1logo","item":"https:\/\/letrame.com\/catalogo\/"},{"@type":"ListItem","position":3,"name":"Cartas a Rufina Otra mirada sobre el c\u00e1ncer"}]},{"@type":"WebSite","@id":"https:\/\/letrame.com\/catalogo\/#website","url":"https:\/\/letrame.com\/catalogo\/","name":"Catalogo | Letrame Grupo Editorial","description":"","publisher":{"@id":"https:\/\/letrame.com\/catalogo\/#organization"},"potentialAction":[{"@type":"SearchAction","target":{"@type":"EntryPoint","urlTemplate":"https:\/\/letrame.com\/catalogo\/?s={search_term_string}"},"query-input":{"@type":"PropertyValueSpecification","valueRequired":true,"valueName":"search_term_string"}}],"inLanguage":"es"},{"@type":"Organization","@id":"https:\/\/letrame.com\/catalogo\/#organization","name":"Catalogo | Letrame Grupo Editorial","url":"https:\/\/letrame.com\/catalogo\/","logo":{"@type":"ImageObject","inLanguage":"es","@id":"https:\/\/letrame.com\/catalogo\/#\/schema\/logo\/image\/","url":"https:\/\/letrame.com\/catalogo\/wp-content\/uploads\/2024\/03\/logo2.webp","contentUrl":"https:\/\/letrame.com\/catalogo\/wp-content\/uploads\/2024\/03\/logo2.webp","width":394,"height":128,"caption":"Catalogo | Letrame Grupo Editorial"},"image":{"@id":"https:\/\/letrame.com\/catalogo\/#\/schema\/logo\/image\/"}}]}},"_links":{"self":[{"href":"https:\/\/letrame.com\/catalogo\/wp-json\/wp\/v2\/product\/109926","targetHints":{"allow":["GET"]}}],"collection":[{"href":"https:\/\/letrame.com\/catalogo\/wp-json\/wp\/v2\/product"}],"about":[{"href":"https:\/\/letrame.com\/catalogo\/wp-json\/wp\/v2\/types\/product"}],"replies":[{"embeddable":true,"href":"https:\/\/letrame.com\/catalogo\/wp-json\/wp\/v2\/comments?post=109926"}],"acf:post":[{"embeddable":true,"href":"https:\/\/letrame.com\/catalogo\/wp-json\/wp\/v2\/author_book\/109928"}],"wp:featuredmedia":[{"embeddable":true,"href":"https:\/\/letrame.com\/catalogo\/wp-json\/wp\/v2\/media\/109927"}],"wp:attachment":[{"href":"https:\/\/letrame.com\/catalogo\/wp-json\/wp\/v2\/media?parent=109926"}],"wp:term":[{"taxonomy":"libro","embeddable":true,"href":"https:\/\/letrame.com\/catalogo\/wp-json\/wp\/v2\/libro?post=109926"},{"taxonomy":"product_brand","embeddable":true,"href":"https:\/\/letrame.com\/catalogo\/wp-json\/wp\/v2\/product_brand?post=109926"},{"taxonomy":"product_cat","embeddable":true,"href":"https:\/\/letrame.com\/catalogo\/wp-json\/wp\/v2\/product_cat?post=109926"},{"taxonomy":"product_tag","embeddable":true,"href":"https:\/\/letrame.com\/catalogo\/wp-json\/wp\/v2\/product_tag?post=109926"}],"curies":[{"name":"wp","href":"https:\/\/api.w.org\/{rel}","templated":true}]}}