{"id":109910,"date":"2025-12-05T11:30:49","date_gmt":"2025-12-05T10:30:49","guid":{"rendered":"https:\/\/letrame.com\/catalogo\/?post_type=product&#038;p=109910"},"modified":"2025-12-05T11:34:31","modified_gmt":"2025-12-05T10:34:31","slug":"mer-y-dax-los-hijos-del-bosque","status":"publish","type":"product","link":"https:\/\/letrame.com\/catalogo\/producto\/mer-y-dax-los-hijos-del-bosque\/","title":{"rendered":"Mer y Dax Los hijos del bosque"},"content":{"rendered":"<p class=\"p1\"><b>ISBN: 9791370290580<\/b><b><\/b><\/p>\n<p class=\"p1\"><b>T\u00edtulo: Mer y Dax Los hijos del bosque<\/b><b><\/b><\/p>\n<p class=\"p1\"><b>Fecha: 2025<\/b><b><\/b><\/p>\n<p class=\"p1\"><b>P\u00e1ginas: 278<\/b><b><\/b><\/p>\n<p class=\"p1\"><b>SINOPSIS<\/b><b><\/b><\/p>\n<p>Dicen que el bosque Was\u00ed guarda secretos que ni el tiempo se atreve a revelar. Uno de ellos es Mer: un ni\u00f1o de ojos inquietos y pasado olvidado, criado entre ra\u00edces antiguas, leyendas susurradas por los \u00e1rboles y bajo el cuidado de una misteriosa mujer llamada Pacha.<br \/>\nA su lado est\u00e1 Dax, su mejor amigo, una criatura \u00e1gil, burlona y \u00fanica en su especie. Juntos han crecido entre entrenamientos, juegos y la certeza de que su mundo es seguro&#8230; hasta que cruzan la frontera prohibida.<br \/>\nM\u00e1s all\u00e1 del bosque, algo se agita. Voces extra\u00f1as, ni\u00f1os que hablan de expediciones sin retorno, y un nombre que resuena en lo m\u00e1s profundo de la historia: Belimar.<br \/>\nCon el paso de los d\u00edas, el velo de la infancia empieza a levantarse, revelando un destino que Mer nunca eligi\u00f3&#8230; pero que podr\u00eda estar<br \/>\nescrito en su sangre.<br \/>\nEn esta historia de magia, naturaleza y descubrimiento, Kevin Merino nos invita a cruzar el umbral de lo desconocido. Una novela sobre crecer, confiar y entender que incluso las mentiras piadosas tienen ra\u00edces profundas.<\/p>\n<p>&nbsp;<\/p>\n","protected":false},"excerpt":{"rendered":"<p><b>ISBN: 9791370290580<\/b><\/p>\n<p class=\"p1\"><b>SINOPSIS<\/b><b><\/b><\/p>\n<p>Dicen que el bosque Was\u00ed guarda secretos que ni el tiempo se atreve a revelar. Uno de ellos es Mer: un ni\u00f1o de ojos inquietos y pasado olvidado, criado entre ra\u00edces antiguas, leyendas susurradas por los \u00e1rboles y bajo el cuidado de una misteriosa mujer llamada Pacha.<br \/>\nA su lado est\u00e1 Dax, su mejor amigo, una criatura \u00e1gil, burlona y \u00fanica en su especie. Juntos han crecido entre entrenamientos, juegos y la certeza de que su mundo es seguro&#8230; hasta que cruzan la frontera prohibida.<br \/>\nM\u00e1s all\u00e1 del bosque, algo se agita. Voces extra\u00f1as, ni\u00f1os que hablan de expediciones sin retorno, y un nombre que resuena en lo m\u00e1s profundo de la historia: Belimar.<br \/>\nCon el paso de los d\u00edas, el velo de la infancia empieza a levantarse, revelando un destino que Mer nunca eligi\u00f3&#8230; pero que podr\u00eda estar<br \/>\nescrito en su sangre.<br \/>\nEn esta historia de magia, naturaleza y descubrimiento, Kevin Merino nos invita a cruzar el umbral de lo desconocido. Una novela sobre crecer, confiar y entender que incluso las mentiras piadosas tienen ra\u00edces profundas.<\/p>\n","protected":false},"featured_media":109911,"comment_status":"open","ping_status":"closed","template":"","meta":{"_acf_changed":false},"libro":[],"product_brand":[],"product_cat":[118],"product_tag":[],"class_list":{"0":"post-109910","1":"product","2":"type-product","3":"status-publish","4":"has-post-thumbnail","6":"product_cat-fantasia","8":"first","9":"instock","10":"shipping-taxable","11":"product-type-simple"},"acf":{"autor":[109912],"enlace_de_compra":"https:\/\/www.amazon.es\/Mer-Dax-hijos-bosque-Fantas%C3%ADa\/dp\/B0G1YKQ8KC\/ref=sr_1_1?__mk_es_ES=%C3%85M%C3%85%C5%BD%C3%95%C3%91&crid=3GZF8UDMW9D0Z&dib=eyJ2IjoiMSJ9.oPv2q8hGjphqhC5-04CnwA.JC6lQoo-KKu-TQffLpfE5gLCmz6q04x1flnw53Yk4bM&dib_tag=se&keywords=mer+y+dax+letrame&qid=1764930280&s=books&sprefix=mer+y+dax+letrame%2Cstripbooks%2C60&sr=1-1"},"yoast_head":"<!-- This site is optimized with the Yoast SEO plugin v26.6 - https:\/\/yoast.com\/wordpress\/plugins\/seo\/ -->\n<title>Mer y Dax Los hijos del bosque - Catalogo | Letrame Grupo Editorial<\/title>\n<meta name=\"robots\" content=\"index, follow, max-snippet:-1, max-image-preview:large, max-video-preview:-1\" \/>\n<link rel=\"canonical\" href=\"https:\/\/letrame.com\/catalogo\/producto\/mer-y-dax-los-hijos-del-bosque\/\" \/>\n<meta property=\"og:locale\" content=\"es_ES\" \/>\n<meta property=\"og:type\" content=\"article\" \/>\n<meta property=\"og:title\" content=\"Mer y Dax Los hijos del bosque - Catalogo | Letrame Grupo Editorial\" \/>\n<meta property=\"og:description\" content=\"ISBN: 9791370290580 SINOPSIS Dicen que el bosque Was\u00ed guarda secretos que ni el tiempo se atreve a revelar. Uno de ellos es Mer: un ni\u00f1o de ojos inquietos y pasado olvidado, criado entre ra\u00edces antiguas, leyendas susurradas por los \u00e1rboles y bajo el cuidado de una misteriosa mujer llamada Pacha. A su lado est\u00e1 Dax, su mejor amigo, una criatura \u00e1gil, burlona y \u00fanica en su especie. Juntos han crecido entre entrenamientos, juegos y la certeza de que su mundo es seguro... hasta que cruzan la frontera prohibida. M\u00e1s all\u00e1 del bosque, algo se agita. Voces extra\u00f1as, ni\u00f1os que hablan de expediciones sin retorno, y un nombre que resuena en lo m\u00e1s profundo de la historia: Belimar. Con el paso de los d\u00edas, el velo de la infancia empieza a levantarse, revelando un destino que Mer nunca eligi\u00f3... pero que podr\u00eda estar escrito en su sangre. En esta historia de magia, naturaleza y descubrimiento, Kevin Merino nos invita a cruzar el umbral de lo desconocido. Una novela sobre crecer, confiar y entender que incluso las mentiras piadosas tienen ra\u00edces profundas.\" \/>\n<meta property=\"og:url\" content=\"https:\/\/letrame.com\/catalogo\/producto\/mer-y-dax-los-hijos-del-bosque\/\" \/>\n<meta property=\"og:site_name\" content=\"Catalogo | Letrame Grupo Editorial\" \/>\n<meta property=\"article:modified_time\" content=\"2025-12-05T10:34:31+00:00\" \/>\n<meta property=\"og:image\" content=\"https:\/\/letrame.com\/catalogo\/wp-content\/uploads\/2025\/12\/merydax_1393mm4.gif\" \/>\n\t<meta property=\"og:image:width\" content=\"384\" \/>\n\t<meta property=\"og:image:height\" content=\"563\" \/>\n\t<meta property=\"og:image:type\" content=\"image\/gif\" \/>\n<meta name=\"twitter:card\" content=\"summary_large_image\" \/>\n<meta name=\"twitter:label1\" content=\"Tiempo de lectura\" \/>\n\t<meta name=\"twitter:data1\" content=\"2 minutos\" \/>\n<script type=\"application\/ld+json\" class=\"yoast-schema-graph\">{\"@context\":\"https:\/\/schema.org\",\"@graph\":[{\"@type\":\"WebPage\",\"@id\":\"https:\/\/letrame.com\/catalogo\/producto\/mer-y-dax-los-hijos-del-bosque\/\",\"url\":\"https:\/\/letrame.com\/catalogo\/producto\/mer-y-dax-los-hijos-del-bosque\/\",\"name\":\"Mer y Dax Los hijos del bosque - Catalogo | Letrame Grupo Editorial\",\"isPartOf\":{\"@id\":\"https:\/\/letrame.com\/catalogo\/#website\"},\"primaryImageOfPage\":{\"@id\":\"https:\/\/letrame.com\/catalogo\/producto\/mer-y-dax-los-hijos-del-bosque\/#primaryimage\"},\"image\":{\"@id\":\"https:\/\/letrame.com\/catalogo\/producto\/mer-y-dax-los-hijos-del-bosque\/#primaryimage\"},\"thumbnailUrl\":\"https:\/\/letrame.com\/catalogo\/wp-content\/uploads\/2025\/12\/merydax_1393mm4.gif\",\"datePublished\":\"2025-12-05T10:30:49+00:00\",\"dateModified\":\"2025-12-05T10:34:31+00:00\",\"breadcrumb\":{\"@id\":\"https:\/\/letrame.com\/catalogo\/producto\/mer-y-dax-los-hijos-del-bosque\/#breadcrumb\"},\"inLanguage\":\"es\",\"potentialAction\":[{\"@type\":\"ReadAction\",\"target\":[\"https:\/\/letrame.com\/catalogo\/producto\/mer-y-dax-los-hijos-del-bosque\/\"]}]},{\"@type\":\"ImageObject\",\"inLanguage\":\"es\",\"@id\":\"https:\/\/letrame.com\/catalogo\/producto\/mer-y-dax-los-hijos-del-bosque\/#primaryimage\",\"url\":\"https:\/\/letrame.com\/catalogo\/wp-content\/uploads\/2025\/12\/merydax_1393mm4.gif\",\"contentUrl\":\"https:\/\/letrame.com\/catalogo\/wp-content\/uploads\/2025\/12\/merydax_1393mm4.gif\",\"width\":384,\"height\":563},{\"@type\":\"BreadcrumbList\",\"@id\":\"https:\/\/letrame.com\/catalogo\/producto\/mer-y-dax-los-hijos-del-bosque\/#breadcrumb\",\"itemListElement\":[{\"@type\":\"ListItem\",\"position\":1,\"name\":\"Portada\",\"item\":\"https:\/\/letrame.com\/catalogo\/\"},{\"@type\":\"ListItem\",\"position\":2,\"name\":\"Cat\u00e1logo\",\"item\":\"https:\/\/letrame.com\/catalogo\/\"},{\"@type\":\"ListItem\",\"position\":3,\"name\":\"Mer y Dax Los hijos del bosque\"}]},{\"@type\":\"WebSite\",\"@id\":\"https:\/\/letrame.com\/catalogo\/#website\",\"url\":\"https:\/\/letrame.com\/catalogo\/\",\"name\":\"Catalogo | Letrame Grupo Editorial\",\"description\":\"\",\"publisher\":{\"@id\":\"https:\/\/letrame.com\/catalogo\/#organization\"},\"potentialAction\":[{\"@type\":\"SearchAction\",\"target\":{\"@type\":\"EntryPoint\",\"urlTemplate\":\"https:\/\/letrame.com\/catalogo\/?s={search_term_string}\"},\"query-input\":{\"@type\":\"PropertyValueSpecification\",\"valueRequired\":true,\"valueName\":\"search_term_string\"}}],\"inLanguage\":\"es\"},{\"@type\":\"Organization\",\"@id\":\"https:\/\/letrame.com\/catalogo\/#organization\",\"name\":\"Catalogo | Letrame Grupo Editorial\",\"url\":\"https:\/\/letrame.com\/catalogo\/\",\"logo\":{\"@type\":\"ImageObject\",\"inLanguage\":\"es\",\"@id\":\"https:\/\/letrame.com\/catalogo\/#\/schema\/logo\/image\/\",\"url\":\"https:\/\/letrame.com\/catalogo\/wp-content\/uploads\/2024\/03\/logo2.webp\",\"contentUrl\":\"https:\/\/letrame.com\/catalogo\/wp-content\/uploads\/2024\/03\/logo2.webp\",\"width\":394,\"height\":128,\"caption\":\"Catalogo | Letrame Grupo Editorial\"},\"image\":{\"@id\":\"https:\/\/letrame.com\/catalogo\/#\/schema\/logo\/image\/\"}}]}<\/script>\n<!-- \/ Yoast SEO plugin. -->","yoast_head_json":{"title":"Mer y Dax Los hijos del bosque - Catalogo | Letrame Grupo Editorial","robots":{"index":"index","follow":"follow","max-snippet":"max-snippet:-1","max-image-preview":"max-image-preview:large","max-video-preview":"max-video-preview:-1"},"canonical":"https:\/\/letrame.com\/catalogo\/producto\/mer-y-dax-los-hijos-del-bosque\/","og_locale":"es_ES","og_type":"article","og_title":"Mer y Dax Los hijos del bosque - Catalogo | Letrame Grupo Editorial","og_description":"ISBN: 9791370290580 SINOPSIS Dicen que el bosque Was\u00ed guarda secretos que ni el tiempo se atreve a revelar. Uno de ellos es Mer: un ni\u00f1o de ojos inquietos y pasado olvidado, criado entre ra\u00edces antiguas, leyendas susurradas por los \u00e1rboles y bajo el cuidado de una misteriosa mujer llamada Pacha. A su lado est\u00e1 Dax, su mejor amigo, una criatura \u00e1gil, burlona y \u00fanica en su especie. Juntos han crecido entre entrenamientos, juegos y la certeza de que su mundo es seguro... hasta que cruzan la frontera prohibida. M\u00e1s all\u00e1 del bosque, algo se agita. Voces extra\u00f1as, ni\u00f1os que hablan de expediciones sin retorno, y un nombre que resuena en lo m\u00e1s profundo de la historia: Belimar. Con el paso de los d\u00edas, el velo de la infancia empieza a levantarse, revelando un destino que Mer nunca eligi\u00f3... pero que podr\u00eda estar escrito en su sangre. En esta historia de magia, naturaleza y descubrimiento, Kevin Merino nos invita a cruzar el umbral de lo desconocido. Una novela sobre crecer, confiar y entender que incluso las mentiras piadosas tienen ra\u00edces profundas.","og_url":"https:\/\/letrame.com\/catalogo\/producto\/mer-y-dax-los-hijos-del-bosque\/","og_site_name":"Catalogo | Letrame Grupo Editorial","article_modified_time":"2025-12-05T10:34:31+00:00","og_image":[{"width":384,"height":563,"url":"https:\/\/letrame.com\/catalogo\/wp-content\/uploads\/2025\/12\/merydax_1393mm4.gif","type":"image\/gif"}],"twitter_card":"summary_large_image","twitter_misc":{"Tiempo de lectura":"2 minutos"},"schema":{"@context":"https:\/\/schema.org","@graph":[{"@type":"WebPage","@id":"https:\/\/letrame.com\/catalogo\/producto\/mer-y-dax-los-hijos-del-bosque\/","url":"https:\/\/letrame.com\/catalogo\/producto\/mer-y-dax-los-hijos-del-bosque\/","name":"Mer y Dax Los hijos del bosque - Catalogo | Letrame Grupo Editorial","isPartOf":{"@id":"https:\/\/letrame.com\/catalogo\/#website"},"primaryImageOfPage":{"@id":"https:\/\/letrame.com\/catalogo\/producto\/mer-y-dax-los-hijos-del-bosque\/#primaryimage"},"image":{"@id":"https:\/\/letrame.com\/catalogo\/producto\/mer-y-dax-los-hijos-del-bosque\/#primaryimage"},"thumbnailUrl":"https:\/\/letrame.com\/catalogo\/wp-content\/uploads\/2025\/12\/merydax_1393mm4.gif","datePublished":"2025-12-05T10:30:49+00:00","dateModified":"2025-12-05T10:34:31+00:00","breadcrumb":{"@id":"https:\/\/letrame.com\/catalogo\/producto\/mer-y-dax-los-hijos-del-bosque\/#breadcrumb"},"inLanguage":"es","potentialAction":[{"@type":"ReadAction","target":["https:\/\/letrame.com\/catalogo\/producto\/mer-y-dax-los-hijos-del-bosque\/"]}]},{"@type":"ImageObject","inLanguage":"es","@id":"https:\/\/letrame.com\/catalogo\/producto\/mer-y-dax-los-hijos-del-bosque\/#primaryimage","url":"https:\/\/letrame.com\/catalogo\/wp-content\/uploads\/2025\/12\/merydax_1393mm4.gif","contentUrl":"https:\/\/letrame.com\/catalogo\/wp-content\/uploads\/2025\/12\/merydax_1393mm4.gif","width":384,"height":563},{"@type":"BreadcrumbList","@id":"https:\/\/letrame.com\/catalogo\/producto\/mer-y-dax-los-hijos-del-bosque\/#breadcrumb","itemListElement":[{"@type":"ListItem","position":1,"name":"Portada","item":"https:\/\/letrame.com\/catalogo\/"},{"@type":"ListItem","position":2,"name":"Cat\u00e1logo","item":"https:\/\/letrame.com\/catalogo\/"},{"@type":"ListItem","position":3,"name":"Mer y Dax Los hijos del bosque"}]},{"@type":"WebSite","@id":"https:\/\/letrame.com\/catalogo\/#website","url":"https:\/\/letrame.com\/catalogo\/","name":"Catalogo | Letrame Grupo Editorial","description":"","publisher":{"@id":"https:\/\/letrame.com\/catalogo\/#organization"},"potentialAction":[{"@type":"SearchAction","target":{"@type":"EntryPoint","urlTemplate":"https:\/\/letrame.com\/catalogo\/?s={search_term_string}"},"query-input":{"@type":"PropertyValueSpecification","valueRequired":true,"valueName":"search_term_string"}}],"inLanguage":"es"},{"@type":"Organization","@id":"https:\/\/letrame.com\/catalogo\/#organization","name":"Catalogo | Letrame Grupo Editorial","url":"https:\/\/letrame.com\/catalogo\/","logo":{"@type":"ImageObject","inLanguage":"es","@id":"https:\/\/letrame.com\/catalogo\/#\/schema\/logo\/image\/","url":"https:\/\/letrame.com\/catalogo\/wp-content\/uploads\/2024\/03\/logo2.webp","contentUrl":"https:\/\/letrame.com\/catalogo\/wp-content\/uploads\/2024\/03\/logo2.webp","width":394,"height":128,"caption":"Catalogo | Letrame Grupo Editorial"},"image":{"@id":"https:\/\/letrame.com\/catalogo\/#\/schema\/logo\/image\/"}}]}},"_links":{"self":[{"href":"https:\/\/letrame.com\/catalogo\/wp-json\/wp\/v2\/product\/109910","targetHints":{"allow":["GET"]}}],"collection":[{"href":"https:\/\/letrame.com\/catalogo\/wp-json\/wp\/v2\/product"}],"about":[{"href":"https:\/\/letrame.com\/catalogo\/wp-json\/wp\/v2\/types\/product"}],"replies":[{"embeddable":true,"href":"https:\/\/letrame.com\/catalogo\/wp-json\/wp\/v2\/comments?post=109910"}],"acf:post":[{"embeddable":true,"href":"https:\/\/letrame.com\/catalogo\/wp-json\/wp\/v2\/author_book\/109912"}],"wp:featuredmedia":[{"embeddable":true,"href":"https:\/\/letrame.com\/catalogo\/wp-json\/wp\/v2\/media\/109911"}],"wp:attachment":[{"href":"https:\/\/letrame.com\/catalogo\/wp-json\/wp\/v2\/media?parent=109910"}],"wp:term":[{"taxonomy":"libro","embeddable":true,"href":"https:\/\/letrame.com\/catalogo\/wp-json\/wp\/v2\/libro?post=109910"},{"taxonomy":"product_brand","embeddable":true,"href":"https:\/\/letrame.com\/catalogo\/wp-json\/wp\/v2\/product_brand?post=109910"},{"taxonomy":"product_cat","embeddable":true,"href":"https:\/\/letrame.com\/catalogo\/wp-json\/wp\/v2\/product_cat?post=109910"},{"taxonomy":"product_tag","embeddable":true,"href":"https:\/\/letrame.com\/catalogo\/wp-json\/wp\/v2\/product_tag?post=109910"}],"curies":[{"name":"wp","href":"https:\/\/api.w.org\/{rel}","templated":true}]}}