{"id":109898,"date":"2025-12-04T14:49:43","date_gmt":"2025-12-04T13:49:43","guid":{"rendered":"https:\/\/letrame.com\/catalogo\/?post_type=product&#038;p=109898"},"modified":"2025-12-04T14:55:12","modified_gmt":"2025-12-04T13:55:12","slug":"el-planeta-de-los-amasitas","status":"publish","type":"product","link":"https:\/\/letrame.com\/catalogo\/producto\/el-planeta-de-los-amasitas\/","title":{"rendered":"El planeta de los Amasitas"},"content":{"rendered":"<p class=\"p1\"><b>ISBN: 9791370129200<\/b><b><\/b><\/p>\n<p class=\"p1\"><b>T\u00edtulo: El planeta de los Amasitas<\/b><b><\/b><\/p>\n<p class=\"p1\"><b>Fecha: 2025<\/b><b><\/b><\/p>\n<p class=\"p1\"><b>P\u00e1ginas: 322<\/b><b><\/b><\/p>\n<p class=\"p1\"><b>SINOPSIS<\/b><\/p>\n<p>El planeta de los amasitas es una novela de ciencia ficci\u00f3n como pocas. Ac\u00e1 no vas a encontrar personajes grotescos e irreales, como suele ocurrir en las pel\u00edculas de taquilla.<br \/>\nEn un viaje intergal\u00e1ctico, nuestros astronautas llegan a un planeta desconocido y habitado por seres iguales a nosotros, capaces de comunicarse y dotados con una inteligencia superior, permiti\u00e9ndoles llevar una vida civilizada, donde no hay delincuencia ni corrupci\u00f3n. Un modelo de vida distinto, digno de copiar, pues ser\u00eda la oportunidad para que los seres humanos cambien su historia llena de destrucci\u00f3n y guerras sangrientas.<br \/>\nLos invito pues a sumergirnos en esta apasionante historia, que estoy seguro a nadie dejar\u00e1 indiferente.<\/p>\n","protected":false},"excerpt":{"rendered":"<p><b>ISBN: 9791370129200<\/b><\/p>\n<p class=\"p1\"><b>SINOPSIS<\/b><\/p>\n<p>El planeta de los amasitas es una novela de ciencia ficci\u00f3n como pocas. Ac\u00e1 no vas a encontrar personajes grotescos e irreales, como suele ocurrir en las pel\u00edculas de taquilla.<br \/>\nEn un viaje intergal\u00e1ctico, nuestros astronautas llegan a un planeta desconocido y habitado por seres iguales a nosotros, capaces de comunicarse y dotados con una inteligencia superior, permiti\u00e9ndoles llevar una vida civilizada, donde no hay delincuencia ni corrupci\u00f3n. Un modelo de vida distinto, digno de copiar, pues ser\u00eda la oportunidad para que los seres humanos cambien su historia llena de destrucci\u00f3n y guerras sangrientas.<br \/>\nLos invito pues a sumergirnos en esta apasionante historia, que estoy seguro a nadie dejar\u00e1 indiferente.<\/p>\n","protected":false},"featured_media":109899,"comment_status":"open","ping_status":"closed","template":"","meta":{"_acf_changed":false},"libro":[],"product_brand":[],"product_cat":[141],"product_tag":[],"class_list":{"0":"post-109898","1":"product","2":"type-product","3":"status-publish","4":"has-post-thumbnail","6":"product_cat-ficcion","8":"first","9":"instock","10":"shipping-taxable","11":"product-type-simple"},"acf":{"autor":[109900],"enlace_de_compra":"https:\/\/www.amazon.es\/Planeta-los-Amasitas-Ciencia-ficci%C3%B3n\/dp\/B0G1CJ4X9J\/ref=sr_1_1?__mk_es_ES=%C3%85M%C3%85%C5%BD%C3%95%C3%91&crid=W6BF0E91CBTE&dib=eyJ2IjoiMSJ9.TV2iWYbLJ1PfibtD9bXrpg.aCqP8kIccOPaq9J5dY4CLDDkDC-VDzf9lcoK4ow13GE&dib_tag=se&keywords=AMASITAS+letrame&qid=1764856067&s=books&sprefix=amasitas+letrame%2Cstripbooks%2C61&sr=1-1"},"yoast_head":"<!-- This site is optimized with the Yoast SEO plugin v27.4 - https:\/\/yoast.com\/product\/yoast-seo-wordpress\/ -->\n<title>El planeta de los Amasitas - Catalogo | Letrame Grupo Editorial<\/title>\n<meta name=\"robots\" content=\"index, follow, max-snippet:-1, max-image-preview:large, max-video-preview:-1\" \/>\n<link rel=\"canonical\" href=\"https:\/\/letrame.com\/catalogo\/producto\/el-planeta-de-los-amasitas\/\" \/>\n<meta property=\"og:locale\" content=\"es_ES\" \/>\n<meta property=\"og:type\" content=\"article\" \/>\n<meta property=\"og:title\" content=\"El planeta de los Amasitas - Catalogo | Letrame Grupo Editorial\" \/>\n<meta property=\"og:description\" content=\"ISBN: 9791370129200 SINOPSIS El planeta de los amasitas es una novela de ciencia ficci\u00f3n como pocas. Ac\u00e1 no vas a encontrar personajes grotescos e irreales, como suele ocurrir en las pel\u00edculas de taquilla. En un viaje intergal\u00e1ctico, nuestros astronautas llegan a un planeta desconocido y habitado por seres iguales a nosotros, capaces de comunicarse y dotados con una inteligencia superior, permiti\u00e9ndoles llevar una vida civilizada, donde no hay delincuencia ni corrupci\u00f3n. Un modelo de vida distinto, digno de copiar, pues ser\u00eda la oportunidad para que los seres humanos cambien su historia llena de destrucci\u00f3n y guerras sangrientas. Los invito pues a sumergirnos en esta apasionante historia, que estoy seguro a nadie dejar\u00e1 indiferente.\" \/>\n<meta property=\"og:url\" content=\"https:\/\/letrame.com\/catalogo\/producto\/el-planeta-de-los-amasitas\/\" \/>\n<meta property=\"og:site_name\" content=\"Catalogo | Letrame Grupo Editorial\" \/>\n<meta property=\"article:modified_time\" content=\"2025-12-04T13:55:12+00:00\" \/>\n<meta property=\"og:image\" content=\"https:\/\/letrame.com\/catalogo\/wp-content\/uploads\/2025\/12\/elplanetadelos_1592mm4.gif\" \/>\n\t<meta property=\"og:image:width\" content=\"384\" \/>\n\t<meta property=\"og:image:height\" content=\"537\" \/>\n\t<meta property=\"og:image:type\" content=\"image\/gif\" \/>\n<meta name=\"twitter:card\" content=\"summary_large_image\" \/>\n<meta name=\"twitter:label1\" content=\"Tiempo de lectura\" \/>\n\t<meta name=\"twitter:data1\" content=\"1 minuto\" \/>\n<script type=\"application\/ld+json\" class=\"yoast-schema-graph\">{\"@context\":\"https:\\\/\\\/schema.org\",\"@graph\":[{\"@type\":\"WebPage\",\"@id\":\"https:\\\/\\\/letrame.com\\\/catalogo\\\/producto\\\/el-planeta-de-los-amasitas\\\/\",\"url\":\"https:\\\/\\\/letrame.com\\\/catalogo\\\/producto\\\/el-planeta-de-los-amasitas\\\/\",\"name\":\"El planeta de los Amasitas - Catalogo | Letrame Grupo Editorial\",\"isPartOf\":{\"@id\":\"https:\\\/\\\/letrame.com\\\/catalogo\\\/#website\"},\"primaryImageOfPage\":{\"@id\":\"https:\\\/\\\/letrame.com\\\/catalogo\\\/producto\\\/el-planeta-de-los-amasitas\\\/#primaryimage\"},\"image\":{\"@id\":\"https:\\\/\\\/letrame.com\\\/catalogo\\\/producto\\\/el-planeta-de-los-amasitas\\\/#primaryimage\"},\"thumbnailUrl\":\"https:\\\/\\\/letrame.com\\\/catalogo\\\/wp-content\\\/uploads\\\/2025\\\/12\\\/elplanetadelos_1592mm4.gif\",\"datePublished\":\"2025-12-04T13:49:43+00:00\",\"dateModified\":\"2025-12-04T13:55:12+00:00\",\"breadcrumb\":{\"@id\":\"https:\\\/\\\/letrame.com\\\/catalogo\\\/producto\\\/el-planeta-de-los-amasitas\\\/#breadcrumb\"},\"inLanguage\":\"es\",\"potentialAction\":[{\"@type\":\"ReadAction\",\"target\":[\"https:\\\/\\\/letrame.com\\\/catalogo\\\/producto\\\/el-planeta-de-los-amasitas\\\/\"]}]},{\"@type\":\"ImageObject\",\"inLanguage\":\"es\",\"@id\":\"https:\\\/\\\/letrame.com\\\/catalogo\\\/producto\\\/el-planeta-de-los-amasitas\\\/#primaryimage\",\"url\":\"https:\\\/\\\/letrame.com\\\/catalogo\\\/wp-content\\\/uploads\\\/2025\\\/12\\\/elplanetadelos_1592mm4.gif\",\"contentUrl\":\"https:\\\/\\\/letrame.com\\\/catalogo\\\/wp-content\\\/uploads\\\/2025\\\/12\\\/elplanetadelos_1592mm4.gif\",\"width\":384,\"height\":537},{\"@type\":\"BreadcrumbList\",\"@id\":\"https:\\\/\\\/letrame.com\\\/catalogo\\\/producto\\\/el-planeta-de-los-amasitas\\\/#breadcrumb\",\"itemListElement\":[{\"@type\":\"ListItem\",\"position\":1,\"name\":\"Portada\",\"item\":\"https:\\\/\\\/letrame.com\\\/catalogo\\\/\"},{\"@type\":\"ListItem\",\"position\":2,\"name\":\"Cat\u00e1logo\",\"item\":\"https:\\\/\\\/letrame.com\\\/catalogo\\\/\"},{\"@type\":\"ListItem\",\"position\":3,\"name\":\"El planeta de los Amasitas\"}]},{\"@type\":\"WebSite\",\"@id\":\"https:\\\/\\\/letrame.com\\\/catalogo\\\/#website\",\"url\":\"https:\\\/\\\/letrame.com\\\/catalogo\\\/\",\"name\":\"Catalogo | Letrame Grupo Editorial\",\"description\":\"\",\"publisher\":{\"@id\":\"https:\\\/\\\/letrame.com\\\/catalogo\\\/#organization\"},\"potentialAction\":[{\"@type\":\"SearchAction\",\"target\":{\"@type\":\"EntryPoint\",\"urlTemplate\":\"https:\\\/\\\/letrame.com\\\/catalogo\\\/?s={search_term_string}\"},\"query-input\":{\"@type\":\"PropertyValueSpecification\",\"valueRequired\":true,\"valueName\":\"search_term_string\"}}],\"inLanguage\":\"es\"},{\"@type\":\"Organization\",\"@id\":\"https:\\\/\\\/letrame.com\\\/catalogo\\\/#organization\",\"name\":\"Catalogo | Letrame Grupo Editorial\",\"url\":\"https:\\\/\\\/letrame.com\\\/catalogo\\\/\",\"logo\":{\"@type\":\"ImageObject\",\"inLanguage\":\"es\",\"@id\":\"https:\\\/\\\/letrame.com\\\/catalogo\\\/#\\\/schema\\\/logo\\\/image\\\/\",\"url\":\"https:\\\/\\\/letrame.com\\\/catalogo\\\/wp-content\\\/uploads\\\/2024\\\/03\\\/logo2.webp\",\"contentUrl\":\"https:\\\/\\\/letrame.com\\\/catalogo\\\/wp-content\\\/uploads\\\/2024\\\/03\\\/logo2.webp\",\"width\":394,\"height\":128,\"caption\":\"Catalogo | Letrame Grupo Editorial\"},\"image\":{\"@id\":\"https:\\\/\\\/letrame.com\\\/catalogo\\\/#\\\/schema\\\/logo\\\/image\\\/\"}}]}<\/script>\n<!-- \/ Yoast SEO plugin. -->","yoast_head_json":{"title":"El planeta de los Amasitas - Catalogo | Letrame Grupo Editorial","robots":{"index":"index","follow":"follow","max-snippet":"max-snippet:-1","max-image-preview":"max-image-preview:large","max-video-preview":"max-video-preview:-1"},"canonical":"https:\/\/letrame.com\/catalogo\/producto\/el-planeta-de-los-amasitas\/","og_locale":"es_ES","og_type":"article","og_title":"El planeta de los Amasitas - Catalogo | Letrame Grupo Editorial","og_description":"ISBN: 9791370129200 SINOPSIS El planeta de los amasitas es una novela de ciencia ficci\u00f3n como pocas. Ac\u00e1 no vas a encontrar personajes grotescos e irreales, como suele ocurrir en las pel\u00edculas de taquilla. En un viaje intergal\u00e1ctico, nuestros astronautas llegan a un planeta desconocido y habitado por seres iguales a nosotros, capaces de comunicarse y dotados con una inteligencia superior, permiti\u00e9ndoles llevar una vida civilizada, donde no hay delincuencia ni corrupci\u00f3n. Un modelo de vida distinto, digno de copiar, pues ser\u00eda la oportunidad para que los seres humanos cambien su historia llena de destrucci\u00f3n y guerras sangrientas. Los invito pues a sumergirnos en esta apasionante historia, que estoy seguro a nadie dejar\u00e1 indiferente.","og_url":"https:\/\/letrame.com\/catalogo\/producto\/el-planeta-de-los-amasitas\/","og_site_name":"Catalogo | Letrame Grupo Editorial","article_modified_time":"2025-12-04T13:55:12+00:00","og_image":[{"width":384,"height":537,"url":"https:\/\/letrame.com\/catalogo\/wp-content\/uploads\/2025\/12\/elplanetadelos_1592mm4.gif","type":"image\/gif"}],"twitter_card":"summary_large_image","twitter_misc":{"Tiempo de lectura":"1 minuto"},"schema":{"@context":"https:\/\/schema.org","@graph":[{"@type":"WebPage","@id":"https:\/\/letrame.com\/catalogo\/producto\/el-planeta-de-los-amasitas\/","url":"https:\/\/letrame.com\/catalogo\/producto\/el-planeta-de-los-amasitas\/","name":"El planeta de los Amasitas - Catalogo | Letrame Grupo Editorial","isPartOf":{"@id":"https:\/\/letrame.com\/catalogo\/#website"},"primaryImageOfPage":{"@id":"https:\/\/letrame.com\/catalogo\/producto\/el-planeta-de-los-amasitas\/#primaryimage"},"image":{"@id":"https:\/\/letrame.com\/catalogo\/producto\/el-planeta-de-los-amasitas\/#primaryimage"},"thumbnailUrl":"https:\/\/letrame.com\/catalogo\/wp-content\/uploads\/2025\/12\/elplanetadelos_1592mm4.gif","datePublished":"2025-12-04T13:49:43+00:00","dateModified":"2025-12-04T13:55:12+00:00","breadcrumb":{"@id":"https:\/\/letrame.com\/catalogo\/producto\/el-planeta-de-los-amasitas\/#breadcrumb"},"inLanguage":"es","potentialAction":[{"@type":"ReadAction","target":["https:\/\/letrame.com\/catalogo\/producto\/el-planeta-de-los-amasitas\/"]}]},{"@type":"ImageObject","inLanguage":"es","@id":"https:\/\/letrame.com\/catalogo\/producto\/el-planeta-de-los-amasitas\/#primaryimage","url":"https:\/\/letrame.com\/catalogo\/wp-content\/uploads\/2025\/12\/elplanetadelos_1592mm4.gif","contentUrl":"https:\/\/letrame.com\/catalogo\/wp-content\/uploads\/2025\/12\/elplanetadelos_1592mm4.gif","width":384,"height":537},{"@type":"BreadcrumbList","@id":"https:\/\/letrame.com\/catalogo\/producto\/el-planeta-de-los-amasitas\/#breadcrumb","itemListElement":[{"@type":"ListItem","position":1,"name":"Portada","item":"https:\/\/letrame.com\/catalogo\/"},{"@type":"ListItem","position":2,"name":"Cat\u00e1logo","item":"https:\/\/letrame.com\/catalogo\/"},{"@type":"ListItem","position":3,"name":"El planeta de los Amasitas"}]},{"@type":"WebSite","@id":"https:\/\/letrame.com\/catalogo\/#website","url":"https:\/\/letrame.com\/catalogo\/","name":"Catalogo | Letrame Grupo Editorial","description":"","publisher":{"@id":"https:\/\/letrame.com\/catalogo\/#organization"},"potentialAction":[{"@type":"SearchAction","target":{"@type":"EntryPoint","urlTemplate":"https:\/\/letrame.com\/catalogo\/?s={search_term_string}"},"query-input":{"@type":"PropertyValueSpecification","valueRequired":true,"valueName":"search_term_string"}}],"inLanguage":"es"},{"@type":"Organization","@id":"https:\/\/letrame.com\/catalogo\/#organization","name":"Catalogo | Letrame Grupo Editorial","url":"https:\/\/letrame.com\/catalogo\/","logo":{"@type":"ImageObject","inLanguage":"es","@id":"https:\/\/letrame.com\/catalogo\/#\/schema\/logo\/image\/","url":"https:\/\/letrame.com\/catalogo\/wp-content\/uploads\/2024\/03\/logo2.webp","contentUrl":"https:\/\/letrame.com\/catalogo\/wp-content\/uploads\/2024\/03\/logo2.webp","width":394,"height":128,"caption":"Catalogo | Letrame Grupo Editorial"},"image":{"@id":"https:\/\/letrame.com\/catalogo\/#\/schema\/logo\/image\/"}}]}},"_links":{"self":[{"href":"https:\/\/letrame.com\/catalogo\/wp-json\/wp\/v2\/product\/109898","targetHints":{"allow":["GET"]}}],"collection":[{"href":"https:\/\/letrame.com\/catalogo\/wp-json\/wp\/v2\/product"}],"about":[{"href":"https:\/\/letrame.com\/catalogo\/wp-json\/wp\/v2\/types\/product"}],"replies":[{"embeddable":true,"href":"https:\/\/letrame.com\/catalogo\/wp-json\/wp\/v2\/comments?post=109898"}],"acf:post":[{"embeddable":true,"href":"https:\/\/letrame.com\/catalogo\/wp-json\/wp\/v2\/author_book\/109900"}],"wp:featuredmedia":[{"embeddable":true,"href":"https:\/\/letrame.com\/catalogo\/wp-json\/wp\/v2\/media\/109899"}],"wp:attachment":[{"href":"https:\/\/letrame.com\/catalogo\/wp-json\/wp\/v2\/media?parent=109898"}],"wp:term":[{"taxonomy":"libro","embeddable":true,"href":"https:\/\/letrame.com\/catalogo\/wp-json\/wp\/v2\/libro?post=109898"},{"taxonomy":"product_brand","embeddable":true,"href":"https:\/\/letrame.com\/catalogo\/wp-json\/wp\/v2\/product_brand?post=109898"},{"taxonomy":"product_cat","embeddable":true,"href":"https:\/\/letrame.com\/catalogo\/wp-json\/wp\/v2\/product_cat?post=109898"},{"taxonomy":"product_tag","embeddable":true,"href":"https:\/\/letrame.com\/catalogo\/wp-json\/wp\/v2\/product_tag?post=109898"}],"curies":[{"name":"wp","href":"https:\/\/api.w.org\/{rel}","templated":true}]}}