{"id":109879,"date":"2025-12-04T13:53:21","date_gmt":"2025-12-04T12:53:21","guid":{"rendered":"https:\/\/letrame.com\/catalogo\/?post_type=product&#038;p=109879"},"modified":"2026-04-20T13:00:12","modified_gmt":"2026-04-20T11:00:12","slug":"tindara-dispuesto-a-amar","status":"publish","type":"product","link":"https:\/\/letrame.com\/catalogo\/producto\/tindara-dispuesto-a-amar\/","title":{"rendered":"Tindara. Dispuesto a amar"},"content":{"rendered":"<p class=\"p1\"><b>ISBN: 9791370290849<\/b><b><\/b><\/p>\n<p class=\"p1\"><b>T\u00edtulo: Tindara. Dispuesto a amar<\/b><b><\/b><\/p>\n<p class=\"p1\"><b>Fecha: 2025<\/b><b><\/b><\/p>\n<p class=\"p1\"><b>P\u00e1ginas: 154<\/b><b><\/b><\/p>\n<p class=\"p1\"><b>SINOPSIS<\/b><\/p>\n<p>Una ma\u00f1ana cualquiera, nada encaja: la ciudad parece extra\u00f1a, el tiempo se ha desplazado y en la palma de su mano aparece escrita una palabra desconocida: \u00abTindara\u00bb. Desde ese instante, el protagonista se ve arrastrado a un viaje ins\u00f3lito donde realidad, sue\u00f1o y memoria se pliegan como espejos.<br \/>\nGuiado por se\u00f1ales antiguas, presencias familiares y s\u00edmbolos que vuelven una y otra vez \u2014el b\u00faho, el trece, el \u00e1rbol, la biblioteca\u2014 deber\u00e1 descubrir qu\u00e9 significa Tindara y por qu\u00e9 lo ha llevado hasta all\u00ed. En ese tr\u00e1nsito encontrar\u00e1 respuestas que hablan de misterio, destino y del amor que permanece aunque el tiempo intente borrarlo.<br \/>\nTindara: Dispuesto a amar es un relato que entrelaza lo cotidiano con lo imposible, donde el pasado vuelve a tocar la puerta y el alma se reconoce en aquello que nunca dej\u00f3 de so\u00f1ar.<\/p>\n","protected":false},"excerpt":{"rendered":"<p><b>ISBN: 9791370290849<\/b><\/p>\n<p class=\"p1\"><b>SINOPSIS<\/b><\/p>\n<p>Una ma\u00f1ana cualquiera, nada encaja: la ciudad parece extra\u00f1a, el tiempo se ha desplazado y en la palma de su mano aparece escrita una palabra desconocida: \u00abTindara\u00bb. Desde ese instante, el protagonista se ve arrastrado a un viaje ins\u00f3lito donde realidad, sue\u00f1o y memoria se pliegan como espejos.<br \/>\nGuiado por se\u00f1ales antiguas, presencias familiares y s\u00edmbolos que vuelven una y otra vez \u2014el b\u00faho, el trece, el \u00e1rbol, la biblioteca\u2014 deber\u00e1 descubrir qu\u00e9 significa Tindara y por qu\u00e9 lo ha llevado hasta all\u00ed. En ese tr\u00e1nsito encontrar\u00e1 respuestas que hablan de misterio, destino y del amor que permanece aunque el tiempo intente borrarlo.<br \/>\nTindara: Dispuesto a amar es un relato que entrelaza lo cotidiano con lo imposible, donde el pasado vuelve a tocar la puerta y el alma se reconoce en aquello que nunca dej\u00f3 de so\u00f1ar.<\/p>\n","protected":false},"featured_media":109880,"comment_status":"open","ping_status":"closed","template":"","meta":{"_acf_changed":false},"libro":[],"product_brand":[],"product_cat":[141],"product_tag":[],"class_list":{"0":"post-109879","1":"product","2":"type-product","3":"status-publish","4":"has-post-thumbnail","6":"product_cat-ficcion","8":"first","9":"instock","10":"shipping-taxable","11":"product-type-simple"},"acf":{"autor":[109881],"enlace_de_compra":"https:\/\/www.buscalibre.cl\/libro-tindara-dispuesto-a-amar\/9791370290849\/p\/64709032"},"yoast_head":"<!-- This site is optimized with the Yoast SEO plugin v27.4 - https:\/\/yoast.com\/product\/yoast-seo-wordpress\/ -->\n<title>Tindara. Dispuesto a amar - Catalogo | Letrame Grupo Editorial<\/title>\n<meta name=\"robots\" content=\"index, follow, max-snippet:-1, max-image-preview:large, max-video-preview:-1\" \/>\n<link rel=\"canonical\" href=\"https:\/\/letrame.com\/catalogo\/producto\/tindara-dispuesto-a-amar\/\" \/>\n<meta property=\"og:locale\" content=\"es_ES\" \/>\n<meta property=\"og:type\" content=\"article\" \/>\n<meta property=\"og:title\" content=\"Tindara. Dispuesto a amar - Catalogo | Letrame Grupo Editorial\" \/>\n<meta property=\"og:description\" content=\"ISBN: 9791370290849 SINOPSIS Una ma\u00f1ana cualquiera, nada encaja: la ciudad parece extra\u00f1a, el tiempo se ha desplazado y en la palma de su mano aparece escrita una palabra desconocida: \u00abTindara\u00bb. Desde ese instante, el protagonista se ve arrastrado a un viaje ins\u00f3lito donde realidad, sue\u00f1o y memoria se pliegan como espejos. Guiado por se\u00f1ales antiguas, presencias familiares y s\u00edmbolos que vuelven una y otra vez \u2014el b\u00faho, el trece, el \u00e1rbol, la biblioteca\u2014 deber\u00e1 descubrir qu\u00e9 significa Tindara y por qu\u00e9 lo ha llevado hasta all\u00ed. En ese tr\u00e1nsito encontrar\u00e1 respuestas que hablan de misterio, destino y del amor que permanece aunque el tiempo intente borrarlo. Tindara: Dispuesto a amar es un relato que entrelaza lo cotidiano con lo imposible, donde el pasado vuelve a tocar la puerta y el alma se reconoce en aquello que nunca dej\u00f3 de so\u00f1ar.\" \/>\n<meta property=\"og:url\" content=\"https:\/\/letrame.com\/catalogo\/producto\/tindara-dispuesto-a-amar\/\" \/>\n<meta property=\"og:site_name\" content=\"Catalogo | Letrame Grupo Editorial\" \/>\n<meta property=\"article:modified_time\" content=\"2026-04-20T11:00:12+00:00\" \/>\n<meta property=\"og:image\" content=\"https:\/\/letrame.com\/catalogo\/wp-content\/uploads\/2025\/12\/tindara_817mm4.gif\" \/>\n\t<meta property=\"og:image:width\" content=\"384\" \/>\n\t<meta property=\"og:image:height\" content=\"537\" \/>\n\t<meta property=\"og:image:type\" content=\"image\/gif\" \/>\n<meta name=\"twitter:card\" content=\"summary_large_image\" \/>\n<meta name=\"twitter:label1\" content=\"Tiempo de lectura\" \/>\n\t<meta name=\"twitter:data1\" content=\"1 minuto\" \/>\n<script type=\"application\/ld+json\" class=\"yoast-schema-graph\">{\"@context\":\"https:\\\/\\\/schema.org\",\"@graph\":[{\"@type\":\"WebPage\",\"@id\":\"https:\\\/\\\/letrame.com\\\/catalogo\\\/producto\\\/tindara-dispuesto-a-amar\\\/\",\"url\":\"https:\\\/\\\/letrame.com\\\/catalogo\\\/producto\\\/tindara-dispuesto-a-amar\\\/\",\"name\":\"Tindara. Dispuesto a amar - Catalogo | Letrame Grupo Editorial\",\"isPartOf\":{\"@id\":\"https:\\\/\\\/letrame.com\\\/catalogo\\\/#website\"},\"primaryImageOfPage\":{\"@id\":\"https:\\\/\\\/letrame.com\\\/catalogo\\\/producto\\\/tindara-dispuesto-a-amar\\\/#primaryimage\"},\"image\":{\"@id\":\"https:\\\/\\\/letrame.com\\\/catalogo\\\/producto\\\/tindara-dispuesto-a-amar\\\/#primaryimage\"},\"thumbnailUrl\":\"https:\\\/\\\/letrame.com\\\/catalogo\\\/wp-content\\\/uploads\\\/2025\\\/12\\\/tindara_817mm4.gif\",\"datePublished\":\"2025-12-04T12:53:21+00:00\",\"dateModified\":\"2026-04-20T11:00:12+00:00\",\"breadcrumb\":{\"@id\":\"https:\\\/\\\/letrame.com\\\/catalogo\\\/producto\\\/tindara-dispuesto-a-amar\\\/#breadcrumb\"},\"inLanguage\":\"es\",\"potentialAction\":[{\"@type\":\"ReadAction\",\"target\":[\"https:\\\/\\\/letrame.com\\\/catalogo\\\/producto\\\/tindara-dispuesto-a-amar\\\/\"]}]},{\"@type\":\"ImageObject\",\"inLanguage\":\"es\",\"@id\":\"https:\\\/\\\/letrame.com\\\/catalogo\\\/producto\\\/tindara-dispuesto-a-amar\\\/#primaryimage\",\"url\":\"https:\\\/\\\/letrame.com\\\/catalogo\\\/wp-content\\\/uploads\\\/2025\\\/12\\\/tindara_817mm4.gif\",\"contentUrl\":\"https:\\\/\\\/letrame.com\\\/catalogo\\\/wp-content\\\/uploads\\\/2025\\\/12\\\/tindara_817mm4.gif\",\"width\":384,\"height\":537},{\"@type\":\"BreadcrumbList\",\"@id\":\"https:\\\/\\\/letrame.com\\\/catalogo\\\/producto\\\/tindara-dispuesto-a-amar\\\/#breadcrumb\",\"itemListElement\":[{\"@type\":\"ListItem\",\"position\":1,\"name\":\"Portada\",\"item\":\"https:\\\/\\\/letrame.com\\\/catalogo\\\/\"},{\"@type\":\"ListItem\",\"position\":2,\"name\":\"Cat\u00e1logo\",\"item\":\"https:\\\/\\\/letrame.com\\\/catalogo\\\/\"},{\"@type\":\"ListItem\",\"position\":3,\"name\":\"Tindara. Dispuesto a amar\"}]},{\"@type\":\"WebSite\",\"@id\":\"https:\\\/\\\/letrame.com\\\/catalogo\\\/#website\",\"url\":\"https:\\\/\\\/letrame.com\\\/catalogo\\\/\",\"name\":\"Catalogo | Letrame Grupo Editorial\",\"description\":\"\",\"publisher\":{\"@id\":\"https:\\\/\\\/letrame.com\\\/catalogo\\\/#organization\"},\"potentialAction\":[{\"@type\":\"SearchAction\",\"target\":{\"@type\":\"EntryPoint\",\"urlTemplate\":\"https:\\\/\\\/letrame.com\\\/catalogo\\\/?s={search_term_string}\"},\"query-input\":{\"@type\":\"PropertyValueSpecification\",\"valueRequired\":true,\"valueName\":\"search_term_string\"}}],\"inLanguage\":\"es\"},{\"@type\":\"Organization\",\"@id\":\"https:\\\/\\\/letrame.com\\\/catalogo\\\/#organization\",\"name\":\"Catalogo | Letrame Grupo Editorial\",\"url\":\"https:\\\/\\\/letrame.com\\\/catalogo\\\/\",\"logo\":{\"@type\":\"ImageObject\",\"inLanguage\":\"es\",\"@id\":\"https:\\\/\\\/letrame.com\\\/catalogo\\\/#\\\/schema\\\/logo\\\/image\\\/\",\"url\":\"https:\\\/\\\/letrame.com\\\/catalogo\\\/wp-content\\\/uploads\\\/2024\\\/03\\\/logo2.webp\",\"contentUrl\":\"https:\\\/\\\/letrame.com\\\/catalogo\\\/wp-content\\\/uploads\\\/2024\\\/03\\\/logo2.webp\",\"width\":394,\"height\":128,\"caption\":\"Catalogo | Letrame Grupo Editorial\"},\"image\":{\"@id\":\"https:\\\/\\\/letrame.com\\\/catalogo\\\/#\\\/schema\\\/logo\\\/image\\\/\"}}]}<\/script>\n<!-- \/ Yoast SEO plugin. -->","yoast_head_json":{"title":"Tindara. Dispuesto a amar - Catalogo | Letrame Grupo Editorial","robots":{"index":"index","follow":"follow","max-snippet":"max-snippet:-1","max-image-preview":"max-image-preview:large","max-video-preview":"max-video-preview:-1"},"canonical":"https:\/\/letrame.com\/catalogo\/producto\/tindara-dispuesto-a-amar\/","og_locale":"es_ES","og_type":"article","og_title":"Tindara. Dispuesto a amar - Catalogo | Letrame Grupo Editorial","og_description":"ISBN: 9791370290849 SINOPSIS Una ma\u00f1ana cualquiera, nada encaja: la ciudad parece extra\u00f1a, el tiempo se ha desplazado y en la palma de su mano aparece escrita una palabra desconocida: \u00abTindara\u00bb. Desde ese instante, el protagonista se ve arrastrado a un viaje ins\u00f3lito donde realidad, sue\u00f1o y memoria se pliegan como espejos. Guiado por se\u00f1ales antiguas, presencias familiares y s\u00edmbolos que vuelven una y otra vez \u2014el b\u00faho, el trece, el \u00e1rbol, la biblioteca\u2014 deber\u00e1 descubrir qu\u00e9 significa Tindara y por qu\u00e9 lo ha llevado hasta all\u00ed. En ese tr\u00e1nsito encontrar\u00e1 respuestas que hablan de misterio, destino y del amor que permanece aunque el tiempo intente borrarlo. Tindara: Dispuesto a amar es un relato que entrelaza lo cotidiano con lo imposible, donde el pasado vuelve a tocar la puerta y el alma se reconoce en aquello que nunca dej\u00f3 de so\u00f1ar.","og_url":"https:\/\/letrame.com\/catalogo\/producto\/tindara-dispuesto-a-amar\/","og_site_name":"Catalogo | Letrame Grupo Editorial","article_modified_time":"2026-04-20T11:00:12+00:00","og_image":[{"width":384,"height":537,"url":"https:\/\/letrame.com\/catalogo\/wp-content\/uploads\/2025\/12\/tindara_817mm4.gif","type":"image\/gif"}],"twitter_card":"summary_large_image","twitter_misc":{"Tiempo de lectura":"1 minuto"},"schema":{"@context":"https:\/\/schema.org","@graph":[{"@type":"WebPage","@id":"https:\/\/letrame.com\/catalogo\/producto\/tindara-dispuesto-a-amar\/","url":"https:\/\/letrame.com\/catalogo\/producto\/tindara-dispuesto-a-amar\/","name":"Tindara. Dispuesto a amar - Catalogo | Letrame Grupo Editorial","isPartOf":{"@id":"https:\/\/letrame.com\/catalogo\/#website"},"primaryImageOfPage":{"@id":"https:\/\/letrame.com\/catalogo\/producto\/tindara-dispuesto-a-amar\/#primaryimage"},"image":{"@id":"https:\/\/letrame.com\/catalogo\/producto\/tindara-dispuesto-a-amar\/#primaryimage"},"thumbnailUrl":"https:\/\/letrame.com\/catalogo\/wp-content\/uploads\/2025\/12\/tindara_817mm4.gif","datePublished":"2025-12-04T12:53:21+00:00","dateModified":"2026-04-20T11:00:12+00:00","breadcrumb":{"@id":"https:\/\/letrame.com\/catalogo\/producto\/tindara-dispuesto-a-amar\/#breadcrumb"},"inLanguage":"es","potentialAction":[{"@type":"ReadAction","target":["https:\/\/letrame.com\/catalogo\/producto\/tindara-dispuesto-a-amar\/"]}]},{"@type":"ImageObject","inLanguage":"es","@id":"https:\/\/letrame.com\/catalogo\/producto\/tindara-dispuesto-a-amar\/#primaryimage","url":"https:\/\/letrame.com\/catalogo\/wp-content\/uploads\/2025\/12\/tindara_817mm4.gif","contentUrl":"https:\/\/letrame.com\/catalogo\/wp-content\/uploads\/2025\/12\/tindara_817mm4.gif","width":384,"height":537},{"@type":"BreadcrumbList","@id":"https:\/\/letrame.com\/catalogo\/producto\/tindara-dispuesto-a-amar\/#breadcrumb","itemListElement":[{"@type":"ListItem","position":1,"name":"Portada","item":"https:\/\/letrame.com\/catalogo\/"},{"@type":"ListItem","position":2,"name":"Cat\u00e1logo","item":"https:\/\/letrame.com\/catalogo\/"},{"@type":"ListItem","position":3,"name":"Tindara. Dispuesto a amar"}]},{"@type":"WebSite","@id":"https:\/\/letrame.com\/catalogo\/#website","url":"https:\/\/letrame.com\/catalogo\/","name":"Catalogo | Letrame Grupo Editorial","description":"","publisher":{"@id":"https:\/\/letrame.com\/catalogo\/#organization"},"potentialAction":[{"@type":"SearchAction","target":{"@type":"EntryPoint","urlTemplate":"https:\/\/letrame.com\/catalogo\/?s={search_term_string}"},"query-input":{"@type":"PropertyValueSpecification","valueRequired":true,"valueName":"search_term_string"}}],"inLanguage":"es"},{"@type":"Organization","@id":"https:\/\/letrame.com\/catalogo\/#organization","name":"Catalogo | Letrame Grupo Editorial","url":"https:\/\/letrame.com\/catalogo\/","logo":{"@type":"ImageObject","inLanguage":"es","@id":"https:\/\/letrame.com\/catalogo\/#\/schema\/logo\/image\/","url":"https:\/\/letrame.com\/catalogo\/wp-content\/uploads\/2024\/03\/logo2.webp","contentUrl":"https:\/\/letrame.com\/catalogo\/wp-content\/uploads\/2024\/03\/logo2.webp","width":394,"height":128,"caption":"Catalogo | Letrame Grupo Editorial"},"image":{"@id":"https:\/\/letrame.com\/catalogo\/#\/schema\/logo\/image\/"}}]}},"_links":{"self":[{"href":"https:\/\/letrame.com\/catalogo\/wp-json\/wp\/v2\/product\/109879","targetHints":{"allow":["GET"]}}],"collection":[{"href":"https:\/\/letrame.com\/catalogo\/wp-json\/wp\/v2\/product"}],"about":[{"href":"https:\/\/letrame.com\/catalogo\/wp-json\/wp\/v2\/types\/product"}],"replies":[{"embeddable":true,"href":"https:\/\/letrame.com\/catalogo\/wp-json\/wp\/v2\/comments?post=109879"}],"acf:post":[{"embeddable":true,"href":"https:\/\/letrame.com\/catalogo\/wp-json\/wp\/v2\/author_book\/109881"}],"wp:featuredmedia":[{"embeddable":true,"href":"https:\/\/letrame.com\/catalogo\/wp-json\/wp\/v2\/media\/109880"}],"wp:attachment":[{"href":"https:\/\/letrame.com\/catalogo\/wp-json\/wp\/v2\/media?parent=109879"}],"wp:term":[{"taxonomy":"libro","embeddable":true,"href":"https:\/\/letrame.com\/catalogo\/wp-json\/wp\/v2\/libro?post=109879"},{"taxonomy":"product_brand","embeddable":true,"href":"https:\/\/letrame.com\/catalogo\/wp-json\/wp\/v2\/product_brand?post=109879"},{"taxonomy":"product_cat","embeddable":true,"href":"https:\/\/letrame.com\/catalogo\/wp-json\/wp\/v2\/product_cat?post=109879"},{"taxonomy":"product_tag","embeddable":true,"href":"https:\/\/letrame.com\/catalogo\/wp-json\/wp\/v2\/product_tag?post=109879"}],"curies":[{"name":"wp","href":"https:\/\/api.w.org\/{rel}","templated":true}]}}