{"id":109854,"date":"2025-12-03T13:34:50","date_gmt":"2025-12-03T12:34:50","guid":{"rendered":"https:\/\/letrame.com\/catalogo\/?post_type=product&#038;p=109854"},"modified":"2025-12-03T13:47:40","modified_gmt":"2025-12-03T12:47:40","slug":"enfoque-fitoterapeutico-de-las-escaras","status":"publish","type":"product","link":"https:\/\/letrame.com\/catalogo\/producto\/enfoque-fitoterapeutico-de-las-escaras\/","title":{"rendered":"Enfoque fitoterap\u00e9utico de las escaras"},"content":{"rendered":"<p class=\"p1\"><b>ISBN: 9791370290832<\/b><b><\/b><\/p>\n<p class=\"p1\"><b>T\u00edtulo: Enfoque fitoterap\u00e9utico de las escaras\u00a0<\/b><b><\/b><\/p>\n<p class=\"p1\"><b>Fecha: 2025<\/b><b><\/b><\/p>\n<p class=\"p1\"><b>P\u00e1ginas: 110<\/b><b><\/b><\/p>\n<p class=\"p1\"><b>SINOPSIS<\/b><b><\/b><\/p>\n<p>Manuel Galilea Otamendi, enfermero con m\u00e1s de tres d\u00e9cadas de experiencia, comparte un enfoque innovador para el tratamiento de las \u00falceras por presi\u00f3n en estadios avanzados (grados III y IV).<br \/>\nDesde la mirada de la fitoterapia, Galilea propone seis f\u00f3rmulas experimentales que combinan preparados locales (macerados, ung\u00fcentos, cremas) con tratamientos sist\u00e9micos orales, buscando controlar la infecci\u00f3n, estimular el sistema inmune y favorecer la cicatrizaci\u00f3n.<br \/>\nEsta obra es el fruto de la pr\u00e1ctica, la reflexi\u00f3n y el compromiso con pacientes en situaciones complejas, y abre camino a nuevas posibilidades, invitando a los profesionales de la salud a integrar el poder de las plantas medicinales en el manejo de uno de los problemas m\u00e1s desgastantes del cuidado cl\u00ednico.<br \/>\nUn recurso innovador para ampliar las posibilidades terap\u00e9uticas en el tratamiento de las \u00falceras por presi\u00f3n avanzadas.<\/p>\n","protected":false},"excerpt":{"rendered":"<p><b>ISBN: 9791370290832<\/b><\/p>\n<p class=\"p1\"><b>SINOPSIS<\/b><b><\/b><\/p>\n<p>Manuel Galilea Otamendi, enfermero con m\u00e1s de tres d\u00e9cadas de experiencia, comparte un enfoque innovador para el tratamiento de las \u00falceras por presi\u00f3n en estadios avanzados (grados III y IV).<br \/>\nDesde la mirada de la fitoterapia, Galilea propone seis f\u00f3rmulas experimentales que combinan preparados locales (macerados, ung\u00fcentos, cremas) con tratamientos sist\u00e9micos orales, buscando controlar la infecci\u00f3n, estimular el sistema inmune y favorecer la cicatrizaci\u00f3n.<br \/>\nEsta obra es el fruto de la pr\u00e1ctica, la reflexi\u00f3n y el compromiso con pacientes en situaciones complejas, y abre camino a nuevas posibilidades, invitando a los profesionales de la salud a integrar el poder de las plantas medicinales en el manejo de uno de los problemas m\u00e1s desgastantes del cuidado cl\u00ednico.<br \/>\nUn recurso innovador para ampliar las posibilidades terap\u00e9uticas en el tratamiento de las \u00falceras por presi\u00f3n avanzadas.<\/p>\n","protected":false},"featured_media":109856,"comment_status":"open","ping_status":"closed","template":"","meta":{"_acf_changed":false},"libro":[],"product_brand":[],"product_cat":[126],"product_tag":[],"class_list":{"0":"post-109854","1":"product","2":"type-product","3":"status-publish","4":"has-post-thumbnail","6":"product_cat-medicina","8":"first","9":"instock","10":"shipping-taxable","11":"product-type-simple"},"acf":{"autor":[109857],"enlace_de_compra":"https:\/\/www.amazon.es\/Enfoque-fitoterap%C3%A9utico-las-escaras-Medicina\/dp\/B0FZJW7WTN\/ref=sr_1_1?__mk_es_ES=%C3%85M%C3%85%C5%BD%C3%95%C3%91&crid=3ONL8XSW83860&dib=eyJ2IjoiMSJ9.LaZXIATJtWr9XVoq_J3Ciw.NaAeeyg_FtQDFPW_GCZo5ZC0pKew-h_76lwBdsrJrMA&dib_tag=se&keywords=Enfoque+fitoterapeutico+de+las+escaras+letrame&qid=1764764896&s=books&sprefix=enfoque+fitoterapeutico+de+las+escaras+letrame%2Cstripbooks%2C57&sr=1-1"},"yoast_head":"<!-- This site is optimized with the Yoast SEO plugin v27.4 - https:\/\/yoast.com\/product\/yoast-seo-wordpress\/ -->\n<title>Enfoque fitoterap\u00e9utico de las escaras - Catalogo | Letrame Grupo Editorial<\/title>\n<meta name=\"robots\" content=\"index, follow, max-snippet:-1, max-image-preview:large, max-video-preview:-1\" \/>\n<link rel=\"canonical\" href=\"https:\/\/letrame.com\/catalogo\/producto\/enfoque-fitoterapeutico-de-las-escaras\/\" \/>\n<meta property=\"og:locale\" content=\"es_ES\" \/>\n<meta property=\"og:type\" content=\"article\" \/>\n<meta property=\"og:title\" content=\"Enfoque fitoterap\u00e9utico de las escaras - Catalogo | Letrame Grupo Editorial\" \/>\n<meta property=\"og:description\" content=\"ISBN: 9791370290832 SINOPSIS Manuel Galilea Otamendi, enfermero con m\u00e1s de tres d\u00e9cadas de experiencia, comparte un enfoque innovador para el tratamiento de las \u00falceras por presi\u00f3n en estadios avanzados (grados III y IV). Desde la mirada de la fitoterapia, Galilea propone seis f\u00f3rmulas experimentales que combinan preparados locales (macerados, ung\u00fcentos, cremas) con tratamientos sist\u00e9micos orales, buscando controlar la infecci\u00f3n, estimular el sistema inmune y favorecer la cicatrizaci\u00f3n. Esta obra es el fruto de la pr\u00e1ctica, la reflexi\u00f3n y el compromiso con pacientes en situaciones complejas, y abre camino a nuevas posibilidades, invitando a los profesionales de la salud a integrar el poder de las plantas medicinales en el manejo de uno de los problemas m\u00e1s desgastantes del cuidado cl\u00ednico. Un recurso innovador para ampliar las posibilidades terap\u00e9uticas en el tratamiento de las \u00falceras por presi\u00f3n avanzadas.\" \/>\n<meta property=\"og:url\" content=\"https:\/\/letrame.com\/catalogo\/producto\/enfoque-fitoterapeutico-de-las-escaras\/\" \/>\n<meta property=\"og:site_name\" content=\"Catalogo | Letrame Grupo Editorial\" \/>\n<meta property=\"article:modified_time\" content=\"2025-12-03T12:47:40+00:00\" \/>\n<meta property=\"og:image\" content=\"https:\/\/letrame.com\/catalogo\/wp-content\/uploads\/2025\/12\/enfoque_615mm4.gif\" \/>\n\t<meta property=\"og:image:width\" content=\"379\" \/>\n\t<meta property=\"og:image:height\" content=\"537\" \/>\n\t<meta property=\"og:image:type\" content=\"image\/gif\" \/>\n<meta name=\"twitter:card\" content=\"summary_large_image\" \/>\n<meta name=\"twitter:label1\" content=\"Tiempo de lectura\" \/>\n\t<meta name=\"twitter:data1\" content=\"1 minuto\" \/>\n<script type=\"application\/ld+json\" class=\"yoast-schema-graph\">{\"@context\":\"https:\\\/\\\/schema.org\",\"@graph\":[{\"@type\":\"WebPage\",\"@id\":\"https:\\\/\\\/letrame.com\\\/catalogo\\\/producto\\\/enfoque-fitoterapeutico-de-las-escaras\\\/\",\"url\":\"https:\\\/\\\/letrame.com\\\/catalogo\\\/producto\\\/enfoque-fitoterapeutico-de-las-escaras\\\/\",\"name\":\"Enfoque fitoterap\u00e9utico de las escaras - Catalogo | Letrame Grupo Editorial\",\"isPartOf\":{\"@id\":\"https:\\\/\\\/letrame.com\\\/catalogo\\\/#website\"},\"primaryImageOfPage\":{\"@id\":\"https:\\\/\\\/letrame.com\\\/catalogo\\\/producto\\\/enfoque-fitoterapeutico-de-las-escaras\\\/#primaryimage\"},\"image\":{\"@id\":\"https:\\\/\\\/letrame.com\\\/catalogo\\\/producto\\\/enfoque-fitoterapeutico-de-las-escaras\\\/#primaryimage\"},\"thumbnailUrl\":\"https:\\\/\\\/letrame.com\\\/catalogo\\\/wp-content\\\/uploads\\\/2025\\\/12\\\/enfoque_615mm4.gif\",\"datePublished\":\"2025-12-03T12:34:50+00:00\",\"dateModified\":\"2025-12-03T12:47:40+00:00\",\"breadcrumb\":{\"@id\":\"https:\\\/\\\/letrame.com\\\/catalogo\\\/producto\\\/enfoque-fitoterapeutico-de-las-escaras\\\/#breadcrumb\"},\"inLanguage\":\"es\",\"potentialAction\":[{\"@type\":\"ReadAction\",\"target\":[\"https:\\\/\\\/letrame.com\\\/catalogo\\\/producto\\\/enfoque-fitoterapeutico-de-las-escaras\\\/\"]}]},{\"@type\":\"ImageObject\",\"inLanguage\":\"es\",\"@id\":\"https:\\\/\\\/letrame.com\\\/catalogo\\\/producto\\\/enfoque-fitoterapeutico-de-las-escaras\\\/#primaryimage\",\"url\":\"https:\\\/\\\/letrame.com\\\/catalogo\\\/wp-content\\\/uploads\\\/2025\\\/12\\\/enfoque_615mm4.gif\",\"contentUrl\":\"https:\\\/\\\/letrame.com\\\/catalogo\\\/wp-content\\\/uploads\\\/2025\\\/12\\\/enfoque_615mm4.gif\",\"width\":379,\"height\":537},{\"@type\":\"BreadcrumbList\",\"@id\":\"https:\\\/\\\/letrame.com\\\/catalogo\\\/producto\\\/enfoque-fitoterapeutico-de-las-escaras\\\/#breadcrumb\",\"itemListElement\":[{\"@type\":\"ListItem\",\"position\":1,\"name\":\"Portada\",\"item\":\"https:\\\/\\\/letrame.com\\\/catalogo\\\/\"},{\"@type\":\"ListItem\",\"position\":2,\"name\":\"Cat\u00e1logo\",\"item\":\"https:\\\/\\\/letrame.com\\\/catalogo\\\/\"},{\"@type\":\"ListItem\",\"position\":3,\"name\":\"Enfoque fitoterap\u00e9utico de las escaras\"}]},{\"@type\":\"WebSite\",\"@id\":\"https:\\\/\\\/letrame.com\\\/catalogo\\\/#website\",\"url\":\"https:\\\/\\\/letrame.com\\\/catalogo\\\/\",\"name\":\"Catalogo | Letrame Grupo Editorial\",\"description\":\"\",\"publisher\":{\"@id\":\"https:\\\/\\\/letrame.com\\\/catalogo\\\/#organization\"},\"potentialAction\":[{\"@type\":\"SearchAction\",\"target\":{\"@type\":\"EntryPoint\",\"urlTemplate\":\"https:\\\/\\\/letrame.com\\\/catalogo\\\/?s={search_term_string}\"},\"query-input\":{\"@type\":\"PropertyValueSpecification\",\"valueRequired\":true,\"valueName\":\"search_term_string\"}}],\"inLanguage\":\"es\"},{\"@type\":\"Organization\",\"@id\":\"https:\\\/\\\/letrame.com\\\/catalogo\\\/#organization\",\"name\":\"Catalogo | Letrame Grupo Editorial\",\"url\":\"https:\\\/\\\/letrame.com\\\/catalogo\\\/\",\"logo\":{\"@type\":\"ImageObject\",\"inLanguage\":\"es\",\"@id\":\"https:\\\/\\\/letrame.com\\\/catalogo\\\/#\\\/schema\\\/logo\\\/image\\\/\",\"url\":\"https:\\\/\\\/letrame.com\\\/catalogo\\\/wp-content\\\/uploads\\\/2024\\\/03\\\/logo2.webp\",\"contentUrl\":\"https:\\\/\\\/letrame.com\\\/catalogo\\\/wp-content\\\/uploads\\\/2024\\\/03\\\/logo2.webp\",\"width\":394,\"height\":128,\"caption\":\"Catalogo | Letrame Grupo Editorial\"},\"image\":{\"@id\":\"https:\\\/\\\/letrame.com\\\/catalogo\\\/#\\\/schema\\\/logo\\\/image\\\/\"}}]}<\/script>\n<!-- \/ Yoast SEO plugin. -->","yoast_head_json":{"title":"Enfoque fitoterap\u00e9utico de las escaras - Catalogo | Letrame Grupo Editorial","robots":{"index":"index","follow":"follow","max-snippet":"max-snippet:-1","max-image-preview":"max-image-preview:large","max-video-preview":"max-video-preview:-1"},"canonical":"https:\/\/letrame.com\/catalogo\/producto\/enfoque-fitoterapeutico-de-las-escaras\/","og_locale":"es_ES","og_type":"article","og_title":"Enfoque fitoterap\u00e9utico de las escaras - Catalogo | Letrame Grupo Editorial","og_description":"ISBN: 9791370290832 SINOPSIS Manuel Galilea Otamendi, enfermero con m\u00e1s de tres d\u00e9cadas de experiencia, comparte un enfoque innovador para el tratamiento de las \u00falceras por presi\u00f3n en estadios avanzados (grados III y IV). Desde la mirada de la fitoterapia, Galilea propone seis f\u00f3rmulas experimentales que combinan preparados locales (macerados, ung\u00fcentos, cremas) con tratamientos sist\u00e9micos orales, buscando controlar la infecci\u00f3n, estimular el sistema inmune y favorecer la cicatrizaci\u00f3n. Esta obra es el fruto de la pr\u00e1ctica, la reflexi\u00f3n y el compromiso con pacientes en situaciones complejas, y abre camino a nuevas posibilidades, invitando a los profesionales de la salud a integrar el poder de las plantas medicinales en el manejo de uno de los problemas m\u00e1s desgastantes del cuidado cl\u00ednico. Un recurso innovador para ampliar las posibilidades terap\u00e9uticas en el tratamiento de las \u00falceras por presi\u00f3n avanzadas.","og_url":"https:\/\/letrame.com\/catalogo\/producto\/enfoque-fitoterapeutico-de-las-escaras\/","og_site_name":"Catalogo | Letrame Grupo Editorial","article_modified_time":"2025-12-03T12:47:40+00:00","og_image":[{"width":379,"height":537,"url":"https:\/\/letrame.com\/catalogo\/wp-content\/uploads\/2025\/12\/enfoque_615mm4.gif","type":"image\/gif"}],"twitter_card":"summary_large_image","twitter_misc":{"Tiempo de lectura":"1 minuto"},"schema":{"@context":"https:\/\/schema.org","@graph":[{"@type":"WebPage","@id":"https:\/\/letrame.com\/catalogo\/producto\/enfoque-fitoterapeutico-de-las-escaras\/","url":"https:\/\/letrame.com\/catalogo\/producto\/enfoque-fitoterapeutico-de-las-escaras\/","name":"Enfoque fitoterap\u00e9utico de las escaras - Catalogo | Letrame Grupo Editorial","isPartOf":{"@id":"https:\/\/letrame.com\/catalogo\/#website"},"primaryImageOfPage":{"@id":"https:\/\/letrame.com\/catalogo\/producto\/enfoque-fitoterapeutico-de-las-escaras\/#primaryimage"},"image":{"@id":"https:\/\/letrame.com\/catalogo\/producto\/enfoque-fitoterapeutico-de-las-escaras\/#primaryimage"},"thumbnailUrl":"https:\/\/letrame.com\/catalogo\/wp-content\/uploads\/2025\/12\/enfoque_615mm4.gif","datePublished":"2025-12-03T12:34:50+00:00","dateModified":"2025-12-03T12:47:40+00:00","breadcrumb":{"@id":"https:\/\/letrame.com\/catalogo\/producto\/enfoque-fitoterapeutico-de-las-escaras\/#breadcrumb"},"inLanguage":"es","potentialAction":[{"@type":"ReadAction","target":["https:\/\/letrame.com\/catalogo\/producto\/enfoque-fitoterapeutico-de-las-escaras\/"]}]},{"@type":"ImageObject","inLanguage":"es","@id":"https:\/\/letrame.com\/catalogo\/producto\/enfoque-fitoterapeutico-de-las-escaras\/#primaryimage","url":"https:\/\/letrame.com\/catalogo\/wp-content\/uploads\/2025\/12\/enfoque_615mm4.gif","contentUrl":"https:\/\/letrame.com\/catalogo\/wp-content\/uploads\/2025\/12\/enfoque_615mm4.gif","width":379,"height":537},{"@type":"BreadcrumbList","@id":"https:\/\/letrame.com\/catalogo\/producto\/enfoque-fitoterapeutico-de-las-escaras\/#breadcrumb","itemListElement":[{"@type":"ListItem","position":1,"name":"Portada","item":"https:\/\/letrame.com\/catalogo\/"},{"@type":"ListItem","position":2,"name":"Cat\u00e1logo","item":"https:\/\/letrame.com\/catalogo\/"},{"@type":"ListItem","position":3,"name":"Enfoque fitoterap\u00e9utico de las escaras"}]},{"@type":"WebSite","@id":"https:\/\/letrame.com\/catalogo\/#website","url":"https:\/\/letrame.com\/catalogo\/","name":"Catalogo | Letrame Grupo Editorial","description":"","publisher":{"@id":"https:\/\/letrame.com\/catalogo\/#organization"},"potentialAction":[{"@type":"SearchAction","target":{"@type":"EntryPoint","urlTemplate":"https:\/\/letrame.com\/catalogo\/?s={search_term_string}"},"query-input":{"@type":"PropertyValueSpecification","valueRequired":true,"valueName":"search_term_string"}}],"inLanguage":"es"},{"@type":"Organization","@id":"https:\/\/letrame.com\/catalogo\/#organization","name":"Catalogo | Letrame Grupo Editorial","url":"https:\/\/letrame.com\/catalogo\/","logo":{"@type":"ImageObject","inLanguage":"es","@id":"https:\/\/letrame.com\/catalogo\/#\/schema\/logo\/image\/","url":"https:\/\/letrame.com\/catalogo\/wp-content\/uploads\/2024\/03\/logo2.webp","contentUrl":"https:\/\/letrame.com\/catalogo\/wp-content\/uploads\/2024\/03\/logo2.webp","width":394,"height":128,"caption":"Catalogo | Letrame Grupo Editorial"},"image":{"@id":"https:\/\/letrame.com\/catalogo\/#\/schema\/logo\/image\/"}}]}},"_links":{"self":[{"href":"https:\/\/letrame.com\/catalogo\/wp-json\/wp\/v2\/product\/109854","targetHints":{"allow":["GET"]}}],"collection":[{"href":"https:\/\/letrame.com\/catalogo\/wp-json\/wp\/v2\/product"}],"about":[{"href":"https:\/\/letrame.com\/catalogo\/wp-json\/wp\/v2\/types\/product"}],"replies":[{"embeddable":true,"href":"https:\/\/letrame.com\/catalogo\/wp-json\/wp\/v2\/comments?post=109854"}],"acf:post":[{"embeddable":true,"href":"https:\/\/letrame.com\/catalogo\/wp-json\/wp\/v2\/author_book\/109857"}],"wp:featuredmedia":[{"embeddable":true,"href":"https:\/\/letrame.com\/catalogo\/wp-json\/wp\/v2\/media\/109856"}],"wp:attachment":[{"href":"https:\/\/letrame.com\/catalogo\/wp-json\/wp\/v2\/media?parent=109854"}],"wp:term":[{"taxonomy":"libro","embeddable":true,"href":"https:\/\/letrame.com\/catalogo\/wp-json\/wp\/v2\/libro?post=109854"},{"taxonomy":"product_brand","embeddable":true,"href":"https:\/\/letrame.com\/catalogo\/wp-json\/wp\/v2\/product_brand?post=109854"},{"taxonomy":"product_cat","embeddable":true,"href":"https:\/\/letrame.com\/catalogo\/wp-json\/wp\/v2\/product_cat?post=109854"},{"taxonomy":"product_tag","embeddable":true,"href":"https:\/\/letrame.com\/catalogo\/wp-json\/wp\/v2\/product_tag?post=109854"}],"curies":[{"name":"wp","href":"https:\/\/api.w.org\/{rel}","templated":true}]}}