{"id":109832,"date":"2025-12-02T14:38:52","date_gmt":"2025-12-02T13:38:52","guid":{"rendered":"https:\/\/letrame.com\/catalogo\/?post_type=product&#038;p=109832"},"modified":"2025-12-02T14:43:43","modified_gmt":"2025-12-02T13:43:43","slug":"el-ultimo-billete","status":"publish","type":"product","link":"https:\/\/letrame.com\/catalogo\/producto\/el-ultimo-billete\/","title":{"rendered":"El \u00faltimo billete"},"content":{"rendered":"<p class=\"p1\"><b>ISBN: 9791370290870<\/b><b><\/b><\/p>\n<p class=\"p1\"><b>T\u00edtulo: El \u00faltimo billete<\/b><b><\/b><\/p>\n<p class=\"p1\"><b>Fecha: 2025<\/b><b><\/b><\/p>\n<p class=\"p1\"><b>P\u00e1ginas: 158<\/b><b><\/b><\/p>\n<p class=\"p1\"><b>SINOPSIS<\/b><b><\/b><\/p>\n<p>En un mundo al borde de un cambio irreversible, un simple billete de cien d\u00f3lares se convierte en el s\u00edmbolo de una era que agoniza. Estados Unidos anuncia el fin del papel moneda y, con el, se desata una ola de caos global: bancos colapsados por multitudes, fortunas enteras puestas en duda, mercados clandestinos de criptomonedas y familias enteras atrapadas entre el miedo y la incertidumbre.<br \/>\nEn medio de esta tormenta, un abogado se aferra a su ultimo billete, testigo de su infancia, sus recuerdos y sus miedos. \u00bfEs solo papel condenado a la nada o el vestigio de un sistema que nunca debi\u00f3 morir? Entre la presi\u00f3n de su familia, los consejos de amigos influyentes y las tentaciones del mercado negro, deber\u00e1 decidir si soltarlo o conservarlo&#8230; y esa elecci\u00f3n podr\u00eda marcar su destino.<br \/>\nEl \u00faltimo billete es un espejo inquietante de nuestras propias dependencias, una reflexi\u00f3n sobre la fe y el poder, y un thriller econ\u00f3mico y existencial que nos obliga a preguntarnos qu\u00e9 queda de nosotros cuando la confianza en el dinero desaparece.<\/p>\n","protected":false},"excerpt":{"rendered":"<p class=\"p1\"><b>ISBN: 9791370290870<\/b><b><\/b><\/p>\n<p class=\"p1\"><b>SINOPSIS<\/b><b><\/b><\/p>\n<p>En un mundo al borde de un cambio irreversible, un simple billete de cien d\u00f3lares se convierte en el s\u00edmbolo de una era que agoniza. Estados Unidos anuncia el fin del papel moneda y, con el, se desata una ola de caos global: bancos colapsados por multitudes, fortunas enteras puestas en duda, mercados clandestinos de criptomonedas y familias enteras atrapadas entre el miedo y la incertidumbre.<br \/>\nEn medio de esta tormenta, un abogado se aferra a su ultimo billete, testigo de su infancia, sus recuerdos y sus miedos. \u00bfEs solo papel condenado a la nada o el vestigio de un sistema que nunca debi\u00f3 morir? Entre la presi\u00f3n de su familia, los consejos de amigos influyentes y las tentaciones del mercado negro, deber\u00e1 decidir si soltarlo o conservarlo&#8230; y esa elecci\u00f3n podr\u00eda marcar su destino.<br \/>\nEl \u00faltimo billete es un espejo inquietante de nuestras propias dependencias, una reflexi\u00f3n sobre la fe y el poder, y un thriller econ\u00f3mico y existencial que nos obliga a preguntarnos qu\u00e9 queda de nosotros cuando la confianza en el dinero desaparece.<\/p>\n","protected":false},"featured_media":109833,"comment_status":"open","ping_status":"closed","template":"","meta":{"_acf_changed":false},"libro":[],"product_brand":[],"product_cat":[57],"product_tag":[],"class_list":{"0":"post-109832","1":"product","2":"type-product","3":"status-publish","4":"has-post-thumbnail","6":"product_cat-suspenso","8":"first","9":"instock","10":"shipping-taxable","11":"product-type-simple"},"acf":{"autor":[109834],"enlace_de_compra":"https:\/\/www.amazon.es\/%C3%BAltimo-billete-Thriller-Oscar-Borja\/dp\/B0G1YKC1QS\/ref=sr_1_1?__mk_es_ES=%C3%85M%C3%85%C5%BD%C3%95%C3%91&crid=1WE6DMHQJA79C&dib=eyJ2IjoiMSJ9.u-_xXm9BKeeWZpI1o_LwLg.NpLwtlIIqESRTTiWFVD19sSsKOhC3_P2SZmVYVTUhj4&dib_tag=se&keywords=EL+%C3%9ALTIMO+BILLETE+letrame&qid=1764682550&s=books&sprefix=el+%C3%BAltimo+billete+letrame%2Cstripbooks%2C58&sr=1-1"},"yoast_head":"<!-- This site is optimized with the Yoast SEO plugin v27.4 - https:\/\/yoast.com\/product\/yoast-seo-wordpress\/ -->\n<title>El \u00faltimo billete - Catalogo | Letrame Grupo Editorial<\/title>\n<meta name=\"robots\" content=\"index, follow, max-snippet:-1, max-image-preview:large, max-video-preview:-1\" \/>\n<link rel=\"canonical\" href=\"https:\/\/letrame.com\/catalogo\/producto\/el-ultimo-billete\/\" \/>\n<meta property=\"og:locale\" content=\"es_ES\" \/>\n<meta property=\"og:type\" content=\"article\" \/>\n<meta property=\"og:title\" content=\"El \u00faltimo billete - Catalogo | Letrame Grupo Editorial\" \/>\n<meta property=\"og:description\" content=\"ISBN: 9791370290870 SINOPSIS En un mundo al borde de un cambio irreversible, un simple billete de cien d\u00f3lares se convierte en el s\u00edmbolo de una era que agoniza. Estados Unidos anuncia el fin del papel moneda y, con el, se desata una ola de caos global: bancos colapsados por multitudes, fortunas enteras puestas en duda, mercados clandestinos de criptomonedas y familias enteras atrapadas entre el miedo y la incertidumbre. En medio de esta tormenta, un abogado se aferra a su ultimo billete, testigo de su infancia, sus recuerdos y sus miedos. \u00bfEs solo papel condenado a la nada o el vestigio de un sistema que nunca debi\u00f3 morir? Entre la presi\u00f3n de su familia, los consejos de amigos influyentes y las tentaciones del mercado negro, deber\u00e1 decidir si soltarlo o conservarlo... y esa elecci\u00f3n podr\u00eda marcar su destino. El \u00faltimo billete es un espejo inquietante de nuestras propias dependencias, una reflexi\u00f3n sobre la fe y el poder, y un thriller econ\u00f3mico y existencial que nos obliga a preguntarnos qu\u00e9 queda de nosotros cuando la confianza en el dinero desaparece.\" \/>\n<meta property=\"og:url\" content=\"https:\/\/letrame.com\/catalogo\/producto\/el-ultimo-billete\/\" \/>\n<meta property=\"og:site_name\" content=\"Catalogo | Letrame Grupo Editorial\" \/>\n<meta property=\"article:modified_time\" content=\"2025-12-02T13:43:43+00:00\" \/>\n<meta property=\"og:image\" content=\"https:\/\/letrame.com\/catalogo\/wp-content\/uploads\/2025\/12\/elultimobillete_836mm4.gif\" \/>\n\t<meta property=\"og:image:width\" content=\"358\" \/>\n\t<meta property=\"og:image:height\" content=\"537\" \/>\n\t<meta property=\"og:image:type\" content=\"image\/gif\" \/>\n<meta name=\"twitter:card\" content=\"summary_large_image\" \/>\n<meta name=\"twitter:label1\" content=\"Tiempo de lectura\" \/>\n\t<meta name=\"twitter:data1\" content=\"2 minutos\" \/>\n<script type=\"application\/ld+json\" class=\"yoast-schema-graph\">{\"@context\":\"https:\\\/\\\/schema.org\",\"@graph\":[{\"@type\":\"WebPage\",\"@id\":\"https:\\\/\\\/letrame.com\\\/catalogo\\\/producto\\\/el-ultimo-billete\\\/\",\"url\":\"https:\\\/\\\/letrame.com\\\/catalogo\\\/producto\\\/el-ultimo-billete\\\/\",\"name\":\"El \u00faltimo billete - Catalogo | Letrame Grupo Editorial\",\"isPartOf\":{\"@id\":\"https:\\\/\\\/letrame.com\\\/catalogo\\\/#website\"},\"primaryImageOfPage\":{\"@id\":\"https:\\\/\\\/letrame.com\\\/catalogo\\\/producto\\\/el-ultimo-billete\\\/#primaryimage\"},\"image\":{\"@id\":\"https:\\\/\\\/letrame.com\\\/catalogo\\\/producto\\\/el-ultimo-billete\\\/#primaryimage\"},\"thumbnailUrl\":\"https:\\\/\\\/letrame.com\\\/catalogo\\\/wp-content\\\/uploads\\\/2025\\\/12\\\/elultimobillete_836mm4.gif\",\"datePublished\":\"2025-12-02T13:38:52+00:00\",\"dateModified\":\"2025-12-02T13:43:43+00:00\",\"breadcrumb\":{\"@id\":\"https:\\\/\\\/letrame.com\\\/catalogo\\\/producto\\\/el-ultimo-billete\\\/#breadcrumb\"},\"inLanguage\":\"es\",\"potentialAction\":[{\"@type\":\"ReadAction\",\"target\":[\"https:\\\/\\\/letrame.com\\\/catalogo\\\/producto\\\/el-ultimo-billete\\\/\"]}]},{\"@type\":\"ImageObject\",\"inLanguage\":\"es\",\"@id\":\"https:\\\/\\\/letrame.com\\\/catalogo\\\/producto\\\/el-ultimo-billete\\\/#primaryimage\",\"url\":\"https:\\\/\\\/letrame.com\\\/catalogo\\\/wp-content\\\/uploads\\\/2025\\\/12\\\/elultimobillete_836mm4.gif\",\"contentUrl\":\"https:\\\/\\\/letrame.com\\\/catalogo\\\/wp-content\\\/uploads\\\/2025\\\/12\\\/elultimobillete_836mm4.gif\",\"width\":358,\"height\":537},{\"@type\":\"BreadcrumbList\",\"@id\":\"https:\\\/\\\/letrame.com\\\/catalogo\\\/producto\\\/el-ultimo-billete\\\/#breadcrumb\",\"itemListElement\":[{\"@type\":\"ListItem\",\"position\":1,\"name\":\"Portada\",\"item\":\"https:\\\/\\\/letrame.com\\\/catalogo\\\/\"},{\"@type\":\"ListItem\",\"position\":2,\"name\":\"Cat\u00e1logo\",\"item\":\"https:\\\/\\\/letrame.com\\\/catalogo\\\/\"},{\"@type\":\"ListItem\",\"position\":3,\"name\":\"El \u00faltimo billete\"}]},{\"@type\":\"WebSite\",\"@id\":\"https:\\\/\\\/letrame.com\\\/catalogo\\\/#website\",\"url\":\"https:\\\/\\\/letrame.com\\\/catalogo\\\/\",\"name\":\"Catalogo | Letrame Grupo Editorial\",\"description\":\"\",\"publisher\":{\"@id\":\"https:\\\/\\\/letrame.com\\\/catalogo\\\/#organization\"},\"potentialAction\":[{\"@type\":\"SearchAction\",\"target\":{\"@type\":\"EntryPoint\",\"urlTemplate\":\"https:\\\/\\\/letrame.com\\\/catalogo\\\/?s={search_term_string}\"},\"query-input\":{\"@type\":\"PropertyValueSpecification\",\"valueRequired\":true,\"valueName\":\"search_term_string\"}}],\"inLanguage\":\"es\"},{\"@type\":\"Organization\",\"@id\":\"https:\\\/\\\/letrame.com\\\/catalogo\\\/#organization\",\"name\":\"Catalogo | Letrame Grupo Editorial\",\"url\":\"https:\\\/\\\/letrame.com\\\/catalogo\\\/\",\"logo\":{\"@type\":\"ImageObject\",\"inLanguage\":\"es\",\"@id\":\"https:\\\/\\\/letrame.com\\\/catalogo\\\/#\\\/schema\\\/logo\\\/image\\\/\",\"url\":\"https:\\\/\\\/letrame.com\\\/catalogo\\\/wp-content\\\/uploads\\\/2024\\\/03\\\/logo2.webp\",\"contentUrl\":\"https:\\\/\\\/letrame.com\\\/catalogo\\\/wp-content\\\/uploads\\\/2024\\\/03\\\/logo2.webp\",\"width\":394,\"height\":128,\"caption\":\"Catalogo | Letrame Grupo Editorial\"},\"image\":{\"@id\":\"https:\\\/\\\/letrame.com\\\/catalogo\\\/#\\\/schema\\\/logo\\\/image\\\/\"}}]}<\/script>\n<!-- \/ Yoast SEO plugin. -->","yoast_head_json":{"title":"El \u00faltimo billete - Catalogo | Letrame Grupo Editorial","robots":{"index":"index","follow":"follow","max-snippet":"max-snippet:-1","max-image-preview":"max-image-preview:large","max-video-preview":"max-video-preview:-1"},"canonical":"https:\/\/letrame.com\/catalogo\/producto\/el-ultimo-billete\/","og_locale":"es_ES","og_type":"article","og_title":"El \u00faltimo billete - Catalogo | Letrame Grupo Editorial","og_description":"ISBN: 9791370290870 SINOPSIS En un mundo al borde de un cambio irreversible, un simple billete de cien d\u00f3lares se convierte en el s\u00edmbolo de una era que agoniza. Estados Unidos anuncia el fin del papel moneda y, con el, se desata una ola de caos global: bancos colapsados por multitudes, fortunas enteras puestas en duda, mercados clandestinos de criptomonedas y familias enteras atrapadas entre el miedo y la incertidumbre. En medio de esta tormenta, un abogado se aferra a su ultimo billete, testigo de su infancia, sus recuerdos y sus miedos. \u00bfEs solo papel condenado a la nada o el vestigio de un sistema que nunca debi\u00f3 morir? Entre la presi\u00f3n de su familia, los consejos de amigos influyentes y las tentaciones del mercado negro, deber\u00e1 decidir si soltarlo o conservarlo... y esa elecci\u00f3n podr\u00eda marcar su destino. El \u00faltimo billete es un espejo inquietante de nuestras propias dependencias, una reflexi\u00f3n sobre la fe y el poder, y un thriller econ\u00f3mico y existencial que nos obliga a preguntarnos qu\u00e9 queda de nosotros cuando la confianza en el dinero desaparece.","og_url":"https:\/\/letrame.com\/catalogo\/producto\/el-ultimo-billete\/","og_site_name":"Catalogo | Letrame Grupo Editorial","article_modified_time":"2025-12-02T13:43:43+00:00","og_image":[{"width":358,"height":537,"url":"https:\/\/letrame.com\/catalogo\/wp-content\/uploads\/2025\/12\/elultimobillete_836mm4.gif","type":"image\/gif"}],"twitter_card":"summary_large_image","twitter_misc":{"Tiempo de lectura":"2 minutos"},"schema":{"@context":"https:\/\/schema.org","@graph":[{"@type":"WebPage","@id":"https:\/\/letrame.com\/catalogo\/producto\/el-ultimo-billete\/","url":"https:\/\/letrame.com\/catalogo\/producto\/el-ultimo-billete\/","name":"El \u00faltimo billete - Catalogo | Letrame Grupo Editorial","isPartOf":{"@id":"https:\/\/letrame.com\/catalogo\/#website"},"primaryImageOfPage":{"@id":"https:\/\/letrame.com\/catalogo\/producto\/el-ultimo-billete\/#primaryimage"},"image":{"@id":"https:\/\/letrame.com\/catalogo\/producto\/el-ultimo-billete\/#primaryimage"},"thumbnailUrl":"https:\/\/letrame.com\/catalogo\/wp-content\/uploads\/2025\/12\/elultimobillete_836mm4.gif","datePublished":"2025-12-02T13:38:52+00:00","dateModified":"2025-12-02T13:43:43+00:00","breadcrumb":{"@id":"https:\/\/letrame.com\/catalogo\/producto\/el-ultimo-billete\/#breadcrumb"},"inLanguage":"es","potentialAction":[{"@type":"ReadAction","target":["https:\/\/letrame.com\/catalogo\/producto\/el-ultimo-billete\/"]}]},{"@type":"ImageObject","inLanguage":"es","@id":"https:\/\/letrame.com\/catalogo\/producto\/el-ultimo-billete\/#primaryimage","url":"https:\/\/letrame.com\/catalogo\/wp-content\/uploads\/2025\/12\/elultimobillete_836mm4.gif","contentUrl":"https:\/\/letrame.com\/catalogo\/wp-content\/uploads\/2025\/12\/elultimobillete_836mm4.gif","width":358,"height":537},{"@type":"BreadcrumbList","@id":"https:\/\/letrame.com\/catalogo\/producto\/el-ultimo-billete\/#breadcrumb","itemListElement":[{"@type":"ListItem","position":1,"name":"Portada","item":"https:\/\/letrame.com\/catalogo\/"},{"@type":"ListItem","position":2,"name":"Cat\u00e1logo","item":"https:\/\/letrame.com\/catalogo\/"},{"@type":"ListItem","position":3,"name":"El \u00faltimo billete"}]},{"@type":"WebSite","@id":"https:\/\/letrame.com\/catalogo\/#website","url":"https:\/\/letrame.com\/catalogo\/","name":"Catalogo | Letrame Grupo Editorial","description":"","publisher":{"@id":"https:\/\/letrame.com\/catalogo\/#organization"},"potentialAction":[{"@type":"SearchAction","target":{"@type":"EntryPoint","urlTemplate":"https:\/\/letrame.com\/catalogo\/?s={search_term_string}"},"query-input":{"@type":"PropertyValueSpecification","valueRequired":true,"valueName":"search_term_string"}}],"inLanguage":"es"},{"@type":"Organization","@id":"https:\/\/letrame.com\/catalogo\/#organization","name":"Catalogo | Letrame Grupo Editorial","url":"https:\/\/letrame.com\/catalogo\/","logo":{"@type":"ImageObject","inLanguage":"es","@id":"https:\/\/letrame.com\/catalogo\/#\/schema\/logo\/image\/","url":"https:\/\/letrame.com\/catalogo\/wp-content\/uploads\/2024\/03\/logo2.webp","contentUrl":"https:\/\/letrame.com\/catalogo\/wp-content\/uploads\/2024\/03\/logo2.webp","width":394,"height":128,"caption":"Catalogo | Letrame Grupo Editorial"},"image":{"@id":"https:\/\/letrame.com\/catalogo\/#\/schema\/logo\/image\/"}}]}},"_links":{"self":[{"href":"https:\/\/letrame.com\/catalogo\/wp-json\/wp\/v2\/product\/109832","targetHints":{"allow":["GET"]}}],"collection":[{"href":"https:\/\/letrame.com\/catalogo\/wp-json\/wp\/v2\/product"}],"about":[{"href":"https:\/\/letrame.com\/catalogo\/wp-json\/wp\/v2\/types\/product"}],"replies":[{"embeddable":true,"href":"https:\/\/letrame.com\/catalogo\/wp-json\/wp\/v2\/comments?post=109832"}],"acf:post":[{"embeddable":true,"href":"https:\/\/letrame.com\/catalogo\/wp-json\/wp\/v2\/author_book\/109834"}],"wp:featuredmedia":[{"embeddable":true,"href":"https:\/\/letrame.com\/catalogo\/wp-json\/wp\/v2\/media\/109833"}],"wp:attachment":[{"href":"https:\/\/letrame.com\/catalogo\/wp-json\/wp\/v2\/media?parent=109832"}],"wp:term":[{"taxonomy":"libro","embeddable":true,"href":"https:\/\/letrame.com\/catalogo\/wp-json\/wp\/v2\/libro?post=109832"},{"taxonomy":"product_brand","embeddable":true,"href":"https:\/\/letrame.com\/catalogo\/wp-json\/wp\/v2\/product_brand?post=109832"},{"taxonomy":"product_cat","embeddable":true,"href":"https:\/\/letrame.com\/catalogo\/wp-json\/wp\/v2\/product_cat?post=109832"},{"taxonomy":"product_tag","embeddable":true,"href":"https:\/\/letrame.com\/catalogo\/wp-json\/wp\/v2\/product_tag?post=109832"}],"curies":[{"name":"wp","href":"https:\/\/api.w.org\/{rel}","templated":true}]}}