{"id":109797,"date":"2025-12-02T12:21:29","date_gmt":"2025-12-02T11:21:29","guid":{"rendered":"https:\/\/letrame.com\/catalogo\/?post_type=product&#038;p=109797"},"modified":"2025-12-02T12:23:36","modified_gmt":"2025-12-02T11:23:36","slug":"manual-para-el-exito-en-la-industria-hotelera","status":"publish","type":"product","link":"https:\/\/letrame.com\/catalogo\/producto\/manual-para-el-exito-en-la-industria-hotelera\/","title":{"rendered":"Manual para el \u00e9xito en la industria hotelera"},"content":{"rendered":"<p class=\"p1\"><b>ISBN: 9791370129880<\/b><b><\/b><\/p>\n<p class=\"p1\"><b>T\u00edtulo: Manual para el \u00e9xito en la industria hotelera<\/b><b><\/b><\/p>\n<p class=\"p1\"><b>Fecha: 2025<\/b><b><\/b><\/p>\n<p class=\"p1\"><b>P\u00e1ginas: 196<\/b><b><\/b><\/p>\n<p class=\"p1\"><b>SINOPSIS<\/b><b><\/b><\/p>\n<p>Manual para el \u00e9xito en la Industria Hotelera<br \/>\nDe la filosof\u00eda de la marca hasta la fidelizaci\u00f3n del cliente<br \/>\nEn un entorno tur\u00edstico en constante evoluci\u00f3n, la excelencia en la gesti\u00f3n hotelera se convierte en una exigencia y un compromiso. Este manual ha sido desarrollado con un enfoque integral para ofrecer soluciones pr\u00e1cticas, estrat\u00e9gicas y \u00e9ticas a los desaf\u00edos espec\u00edficos que enfrentan hoy en d\u00eda los establecimientos del sector.<br \/>\nLa profesionalizaci\u00f3n y adaptaci\u00f3n de los actores en la industria se han vuelto esenciales en un panorama marcado por una demanda elevada y exigente, mientras que los recursos humanos y la motivaci\u00f3n en el sector han alcanzado un nivel cr\u00edtico que exige una intervenci\u00f3n consciente y fundamentada.<br \/>\nEl objetivo de este manual es revitalizar la motivaci\u00f3n y el compromiso en los profesionales del sector, brindando un enfoque t\u00e9cnico respaldado por principios \u00e9ticos y pr\u00e1cticas ejemplares en la gesti\u00f3n. En \u00e9l, se presentan estrategias y soluciones inspiradas en referentes del desarrollo econ\u00f3mico y de la \u00e9tica profesional, con el fin de equipar a los responsables de estos establecimientos con herramientas eficaces que transformen sus operaciones y fortalezcan su valor de marca.<\/p>\n","protected":false},"excerpt":{"rendered":"<p><b>ISBN: 9791370129880<\/b><\/p>\n<p class=\"p1\"><b>SINOPSIS<\/b><b><\/b><\/p>\n<p>Manual para el \u00e9xito en la Industria Hotelera<br \/>\nDe la filosof\u00eda de la marca hasta la fidelizaci\u00f3n del cliente<br \/>\nEn un entorno tur\u00edstico en constante evoluci\u00f3n, la excelencia en la gesti\u00f3n hotelera se convierte en una exigencia y un compromiso. Este manual ha sido desarrollado con un enfoque integral para ofrecer soluciones pr\u00e1cticas, estrat\u00e9gicas y \u00e9ticas a los desaf\u00edos espec\u00edficos que enfrentan hoy en d\u00eda los establecimientos del sector.<br \/>\nLa profesionalizaci\u00f3n y adaptaci\u00f3n de los actores en la industria se han vuelto esenciales en un panorama marcado por una demanda elevada y exigente, mientras que los recursos humanos y la motivaci\u00f3n en el sector han alcanzado un nivel cr\u00edtico que exige una intervenci\u00f3n consciente y fundamentada.<br \/>\nEl objetivo de este manual es revitalizar la motivaci\u00f3n y el compromiso en los profesionales del sector, brindando un enfoque t\u00e9cnico respaldado por principios \u00e9ticos y pr\u00e1cticas ejemplares en la gesti\u00f3n. En \u00e9l, se presentan estrategias y soluciones inspiradas en referentes del desarrollo econ\u00f3mico y de la \u00e9tica profesional, con el fin de equipar a los responsables de estos establecimientos con herramientas eficaces que transformen sus operaciones y fortalezcan su valor de marca.<\/p>\n","protected":false},"featured_media":109799,"comment_status":"open","ping_status":"closed","template":"","meta":{"_acf_changed":false},"libro":[],"product_brand":[],"product_cat":[42],"product_tag":[],"class_list":{"0":"post-109797","1":"product","2":"type-product","3":"status-publish","4":"has-post-thumbnail","6":"product_cat-administracion-y-negocios","8":"first","9":"instock","10":"shipping-taxable","11":"product-type-simple"},"acf":{"autor":[109798],"enlace_de_compra":"https:\/\/www.amazon.es\/Manual-para-%C3%A9xito-industria-hotelera\/dp\/B0FZKWPC5D\/ref=sr_1_1?__mk_es_ES=%C3%85M%C3%85%C5%BD%C3%95%C3%91&crid=19Y89J620V292&dib=eyJ2IjoiMSJ9.F8ntDAjHqlLaBstAR8NBuJ29fTNvIguM413cwqj1R_g.fMKe8A8TD_jH-4XHfoh5qV9D56-KTJMqDqYnDUQbZdo&dib_tag=se&keywords=manual+para+el+%C3%A9xito+letrame&qid=1764674221&s=books&sprefix=manual+para+el+%C3%A9xito+letrame%2Cstripbooks%2C59&sr=1-1"},"yoast_head":"<!-- This site is optimized with the Yoast SEO plugin v26.6 - https:\/\/yoast.com\/wordpress\/plugins\/seo\/ -->\n<title>Manual para el \u00e9xito en la industria hotelera - Catalogo | Letrame Grupo Editorial<\/title>\n<meta name=\"robots\" content=\"index, follow, max-snippet:-1, max-image-preview:large, max-video-preview:-1\" \/>\n<link rel=\"canonical\" href=\"https:\/\/letrame.com\/catalogo\/producto\/manual-para-el-exito-en-la-industria-hotelera\/\" \/>\n<meta property=\"og:locale\" content=\"es_ES\" \/>\n<meta property=\"og:type\" content=\"article\" \/>\n<meta property=\"og:title\" content=\"Manual para el \u00e9xito en la industria hotelera - Catalogo | Letrame Grupo Editorial\" \/>\n<meta property=\"og:description\" content=\"ISBN: 9791370129880 SINOPSIS Manual para el \u00e9xito en la Industria Hotelera De la filosof\u00eda de la marca hasta la fidelizaci\u00f3n del cliente En un entorno tur\u00edstico en constante evoluci\u00f3n, la excelencia en la gesti\u00f3n hotelera se convierte en una exigencia y un compromiso. Este manual ha sido desarrollado con un enfoque integral para ofrecer soluciones pr\u00e1cticas, estrat\u00e9gicas y \u00e9ticas a los desaf\u00edos espec\u00edficos que enfrentan hoy en d\u00eda los establecimientos del sector. La profesionalizaci\u00f3n y adaptaci\u00f3n de los actores en la industria se han vuelto esenciales en un panorama marcado por una demanda elevada y exigente, mientras que los recursos humanos y la motivaci\u00f3n en el sector han alcanzado un nivel cr\u00edtico que exige una intervenci\u00f3n consciente y fundamentada. El objetivo de este manual es revitalizar la motivaci\u00f3n y el compromiso en los profesionales del sector, brindando un enfoque t\u00e9cnico respaldado por principios \u00e9ticos y pr\u00e1cticas ejemplares en la gesti\u00f3n. En \u00e9l, se presentan estrategias y soluciones inspiradas en referentes del desarrollo econ\u00f3mico y de la \u00e9tica profesional, con el fin de equipar a los responsables de estos establecimientos con herramientas eficaces que transformen sus operaciones y fortalezcan su valor de marca.\" \/>\n<meta property=\"og:url\" content=\"https:\/\/letrame.com\/catalogo\/producto\/manual-para-el-exito-en-la-industria-hotelera\/\" \/>\n<meta property=\"og:site_name\" content=\"Catalogo | Letrame Grupo Editorial\" \/>\n<meta property=\"article:modified_time\" content=\"2025-12-02T11:23:36+00:00\" \/>\n<meta property=\"og:image\" content=\"https:\/\/letrame.com\/catalogo\/wp-content\/uploads\/2025\/12\/Manualparaelexito_1011mm4.gif\" \/>\n\t<meta property=\"og:image:width\" content=\"354\" \/>\n\t<meta property=\"og:image:height\" content=\"520\" \/>\n\t<meta property=\"og:image:type\" content=\"image\/gif\" \/>\n<meta name=\"twitter:card\" content=\"summary_large_image\" \/>\n<meta name=\"twitter:label1\" content=\"Tiempo de lectura\" \/>\n\t<meta name=\"twitter:data1\" content=\"2 minutos\" \/>\n<script type=\"application\/ld+json\" class=\"yoast-schema-graph\">{\"@context\":\"https:\/\/schema.org\",\"@graph\":[{\"@type\":\"WebPage\",\"@id\":\"https:\/\/letrame.com\/catalogo\/producto\/manual-para-el-exito-en-la-industria-hotelera\/\",\"url\":\"https:\/\/letrame.com\/catalogo\/producto\/manual-para-el-exito-en-la-industria-hotelera\/\",\"name\":\"Manual para el \u00e9xito en la industria hotelera - Catalogo | Letrame Grupo Editorial\",\"isPartOf\":{\"@id\":\"https:\/\/letrame.com\/catalogo\/#website\"},\"primaryImageOfPage\":{\"@id\":\"https:\/\/letrame.com\/catalogo\/producto\/manual-para-el-exito-en-la-industria-hotelera\/#primaryimage\"},\"image\":{\"@id\":\"https:\/\/letrame.com\/catalogo\/producto\/manual-para-el-exito-en-la-industria-hotelera\/#primaryimage\"},\"thumbnailUrl\":\"https:\/\/letrame.com\/catalogo\/wp-content\/uploads\/2025\/12\/Manualparaelexito_1011mm4.gif\",\"datePublished\":\"2025-12-02T11:21:29+00:00\",\"dateModified\":\"2025-12-02T11:23:36+00:00\",\"breadcrumb\":{\"@id\":\"https:\/\/letrame.com\/catalogo\/producto\/manual-para-el-exito-en-la-industria-hotelera\/#breadcrumb\"},\"inLanguage\":\"es\",\"potentialAction\":[{\"@type\":\"ReadAction\",\"target\":[\"https:\/\/letrame.com\/catalogo\/producto\/manual-para-el-exito-en-la-industria-hotelera\/\"]}]},{\"@type\":\"ImageObject\",\"inLanguage\":\"es\",\"@id\":\"https:\/\/letrame.com\/catalogo\/producto\/manual-para-el-exito-en-la-industria-hotelera\/#primaryimage\",\"url\":\"https:\/\/letrame.com\/catalogo\/wp-content\/uploads\/2025\/12\/Manualparaelexito_1011mm4.gif\",\"contentUrl\":\"https:\/\/letrame.com\/catalogo\/wp-content\/uploads\/2025\/12\/Manualparaelexito_1011mm4.gif\",\"width\":354,\"height\":520},{\"@type\":\"BreadcrumbList\",\"@id\":\"https:\/\/letrame.com\/catalogo\/producto\/manual-para-el-exito-en-la-industria-hotelera\/#breadcrumb\",\"itemListElement\":[{\"@type\":\"ListItem\",\"position\":1,\"name\":\"Portada\",\"item\":\"https:\/\/letrame.com\/catalogo\/\"},{\"@type\":\"ListItem\",\"position\":2,\"name\":\"Cat\u00e1logo\",\"item\":\"https:\/\/letrame.com\/catalogo\/\"},{\"@type\":\"ListItem\",\"position\":3,\"name\":\"Manual para el \u00e9xito en la industria hotelera\"}]},{\"@type\":\"WebSite\",\"@id\":\"https:\/\/letrame.com\/catalogo\/#website\",\"url\":\"https:\/\/letrame.com\/catalogo\/\",\"name\":\"Catalogo | Letrame Grupo Editorial\",\"description\":\"\",\"publisher\":{\"@id\":\"https:\/\/letrame.com\/catalogo\/#organization\"},\"potentialAction\":[{\"@type\":\"SearchAction\",\"target\":{\"@type\":\"EntryPoint\",\"urlTemplate\":\"https:\/\/letrame.com\/catalogo\/?s={search_term_string}\"},\"query-input\":{\"@type\":\"PropertyValueSpecification\",\"valueRequired\":true,\"valueName\":\"search_term_string\"}}],\"inLanguage\":\"es\"},{\"@type\":\"Organization\",\"@id\":\"https:\/\/letrame.com\/catalogo\/#organization\",\"name\":\"Catalogo | Letrame Grupo Editorial\",\"url\":\"https:\/\/letrame.com\/catalogo\/\",\"logo\":{\"@type\":\"ImageObject\",\"inLanguage\":\"es\",\"@id\":\"https:\/\/letrame.com\/catalogo\/#\/schema\/logo\/image\/\",\"url\":\"https:\/\/letrame.com\/catalogo\/wp-content\/uploads\/2024\/03\/logo2.webp\",\"contentUrl\":\"https:\/\/letrame.com\/catalogo\/wp-content\/uploads\/2024\/03\/logo2.webp\",\"width\":394,\"height\":128,\"caption\":\"Catalogo | Letrame Grupo Editorial\"},\"image\":{\"@id\":\"https:\/\/letrame.com\/catalogo\/#\/schema\/logo\/image\/\"}}]}<\/script>\n<!-- \/ Yoast SEO plugin. -->","yoast_head_json":{"title":"Manual para el \u00e9xito en la industria hotelera - Catalogo | Letrame Grupo Editorial","robots":{"index":"index","follow":"follow","max-snippet":"max-snippet:-1","max-image-preview":"max-image-preview:large","max-video-preview":"max-video-preview:-1"},"canonical":"https:\/\/letrame.com\/catalogo\/producto\/manual-para-el-exito-en-la-industria-hotelera\/","og_locale":"es_ES","og_type":"article","og_title":"Manual para el \u00e9xito en la industria hotelera - Catalogo | Letrame Grupo Editorial","og_description":"ISBN: 9791370129880 SINOPSIS Manual para el \u00e9xito en la Industria Hotelera De la filosof\u00eda de la marca hasta la fidelizaci\u00f3n del cliente En un entorno tur\u00edstico en constante evoluci\u00f3n, la excelencia en la gesti\u00f3n hotelera se convierte en una exigencia y un compromiso. Este manual ha sido desarrollado con un enfoque integral para ofrecer soluciones pr\u00e1cticas, estrat\u00e9gicas y \u00e9ticas a los desaf\u00edos espec\u00edficos que enfrentan hoy en d\u00eda los establecimientos del sector. La profesionalizaci\u00f3n y adaptaci\u00f3n de los actores en la industria se han vuelto esenciales en un panorama marcado por una demanda elevada y exigente, mientras que los recursos humanos y la motivaci\u00f3n en el sector han alcanzado un nivel cr\u00edtico que exige una intervenci\u00f3n consciente y fundamentada. El objetivo de este manual es revitalizar la motivaci\u00f3n y el compromiso en los profesionales del sector, brindando un enfoque t\u00e9cnico respaldado por principios \u00e9ticos y pr\u00e1cticas ejemplares en la gesti\u00f3n. En \u00e9l, se presentan estrategias y soluciones inspiradas en referentes del desarrollo econ\u00f3mico y de la \u00e9tica profesional, con el fin de equipar a los responsables de estos establecimientos con herramientas eficaces que transformen sus operaciones y fortalezcan su valor de marca.","og_url":"https:\/\/letrame.com\/catalogo\/producto\/manual-para-el-exito-en-la-industria-hotelera\/","og_site_name":"Catalogo | Letrame Grupo Editorial","article_modified_time":"2025-12-02T11:23:36+00:00","og_image":[{"width":354,"height":520,"url":"https:\/\/letrame.com\/catalogo\/wp-content\/uploads\/2025\/12\/Manualparaelexito_1011mm4.gif","type":"image\/gif"}],"twitter_card":"summary_large_image","twitter_misc":{"Tiempo de lectura":"2 minutos"},"schema":{"@context":"https:\/\/schema.org","@graph":[{"@type":"WebPage","@id":"https:\/\/letrame.com\/catalogo\/producto\/manual-para-el-exito-en-la-industria-hotelera\/","url":"https:\/\/letrame.com\/catalogo\/producto\/manual-para-el-exito-en-la-industria-hotelera\/","name":"Manual para el \u00e9xito en la industria hotelera - Catalogo | Letrame Grupo Editorial","isPartOf":{"@id":"https:\/\/letrame.com\/catalogo\/#website"},"primaryImageOfPage":{"@id":"https:\/\/letrame.com\/catalogo\/producto\/manual-para-el-exito-en-la-industria-hotelera\/#primaryimage"},"image":{"@id":"https:\/\/letrame.com\/catalogo\/producto\/manual-para-el-exito-en-la-industria-hotelera\/#primaryimage"},"thumbnailUrl":"https:\/\/letrame.com\/catalogo\/wp-content\/uploads\/2025\/12\/Manualparaelexito_1011mm4.gif","datePublished":"2025-12-02T11:21:29+00:00","dateModified":"2025-12-02T11:23:36+00:00","breadcrumb":{"@id":"https:\/\/letrame.com\/catalogo\/producto\/manual-para-el-exito-en-la-industria-hotelera\/#breadcrumb"},"inLanguage":"es","potentialAction":[{"@type":"ReadAction","target":["https:\/\/letrame.com\/catalogo\/producto\/manual-para-el-exito-en-la-industria-hotelera\/"]}]},{"@type":"ImageObject","inLanguage":"es","@id":"https:\/\/letrame.com\/catalogo\/producto\/manual-para-el-exito-en-la-industria-hotelera\/#primaryimage","url":"https:\/\/letrame.com\/catalogo\/wp-content\/uploads\/2025\/12\/Manualparaelexito_1011mm4.gif","contentUrl":"https:\/\/letrame.com\/catalogo\/wp-content\/uploads\/2025\/12\/Manualparaelexito_1011mm4.gif","width":354,"height":520},{"@type":"BreadcrumbList","@id":"https:\/\/letrame.com\/catalogo\/producto\/manual-para-el-exito-en-la-industria-hotelera\/#breadcrumb","itemListElement":[{"@type":"ListItem","position":1,"name":"Portada","item":"https:\/\/letrame.com\/catalogo\/"},{"@type":"ListItem","position":2,"name":"Cat\u00e1logo","item":"https:\/\/letrame.com\/catalogo\/"},{"@type":"ListItem","position":3,"name":"Manual para el \u00e9xito en la industria hotelera"}]},{"@type":"WebSite","@id":"https:\/\/letrame.com\/catalogo\/#website","url":"https:\/\/letrame.com\/catalogo\/","name":"Catalogo | Letrame Grupo Editorial","description":"","publisher":{"@id":"https:\/\/letrame.com\/catalogo\/#organization"},"potentialAction":[{"@type":"SearchAction","target":{"@type":"EntryPoint","urlTemplate":"https:\/\/letrame.com\/catalogo\/?s={search_term_string}"},"query-input":{"@type":"PropertyValueSpecification","valueRequired":true,"valueName":"search_term_string"}}],"inLanguage":"es"},{"@type":"Organization","@id":"https:\/\/letrame.com\/catalogo\/#organization","name":"Catalogo | Letrame Grupo Editorial","url":"https:\/\/letrame.com\/catalogo\/","logo":{"@type":"ImageObject","inLanguage":"es","@id":"https:\/\/letrame.com\/catalogo\/#\/schema\/logo\/image\/","url":"https:\/\/letrame.com\/catalogo\/wp-content\/uploads\/2024\/03\/logo2.webp","contentUrl":"https:\/\/letrame.com\/catalogo\/wp-content\/uploads\/2024\/03\/logo2.webp","width":394,"height":128,"caption":"Catalogo | Letrame Grupo Editorial"},"image":{"@id":"https:\/\/letrame.com\/catalogo\/#\/schema\/logo\/image\/"}}]}},"_links":{"self":[{"href":"https:\/\/letrame.com\/catalogo\/wp-json\/wp\/v2\/product\/109797","targetHints":{"allow":["GET"]}}],"collection":[{"href":"https:\/\/letrame.com\/catalogo\/wp-json\/wp\/v2\/product"}],"about":[{"href":"https:\/\/letrame.com\/catalogo\/wp-json\/wp\/v2\/types\/product"}],"replies":[{"embeddable":true,"href":"https:\/\/letrame.com\/catalogo\/wp-json\/wp\/v2\/comments?post=109797"}],"acf:post":[{"embeddable":true,"href":"https:\/\/letrame.com\/catalogo\/wp-json\/wp\/v2\/author_book\/109798"}],"wp:featuredmedia":[{"embeddable":true,"href":"https:\/\/letrame.com\/catalogo\/wp-json\/wp\/v2\/media\/109799"}],"wp:attachment":[{"href":"https:\/\/letrame.com\/catalogo\/wp-json\/wp\/v2\/media?parent=109797"}],"wp:term":[{"taxonomy":"libro","embeddable":true,"href":"https:\/\/letrame.com\/catalogo\/wp-json\/wp\/v2\/libro?post=109797"},{"taxonomy":"product_brand","embeddable":true,"href":"https:\/\/letrame.com\/catalogo\/wp-json\/wp\/v2\/product_brand?post=109797"},{"taxonomy":"product_cat","embeddable":true,"href":"https:\/\/letrame.com\/catalogo\/wp-json\/wp\/v2\/product_cat?post=109797"},{"taxonomy":"product_tag","embeddable":true,"href":"https:\/\/letrame.com\/catalogo\/wp-json\/wp\/v2\/product_tag?post=109797"}],"curies":[{"name":"wp","href":"https:\/\/api.w.org\/{rel}","templated":true}]}}