{"id":109765,"date":"2025-11-28T12:49:31","date_gmt":"2025-11-28T11:49:31","guid":{"rendered":"https:\/\/letrame.com\/catalogo\/?post_type=product&#038;p=109765"},"modified":"2025-11-28T12:54:47","modified_gmt":"2025-11-28T11:54:47","slug":"quien-los-cuida","status":"publish","type":"product","link":"https:\/\/letrame.com\/catalogo\/producto\/quien-los-cuida\/","title":{"rendered":"\u00bfQui\u00e9n los cuida?"},"content":{"rendered":"<p class=\"p1\"><b>ISBN: 9791370128500<\/b><b><\/b><\/p>\n<p class=\"p1\"><b>T\u00edtulo: \u00bfQui\u00e9n los cuida?<\/b><b><\/b><\/p>\n<p class=\"p1\"><b>Fecha: 2025<\/b><b><\/b><\/p>\n<p class=\"p1\"><b>P\u00e1ginas: 174<\/b><b><\/b><\/p>\n<p class=\"p1\"><b>SINOPSIS<\/b><\/p>\n<p>Esta no es solo la historia de una madre, es el retrato de miles de mujeres que, con el coraz\u00f3n desgarrado, dejaron atr\u00e1s a sus hijos para cruzar fronteras en busca de un porvenir que sus tierras les negaban. \u00bfQui\u00e9n los cuida? da voz a esas madres inmigrantes que cargan con la culpa de la distancia y la esperanza de un ma\u00f1ana mejor.<br \/>\nCon una narrativa profundamente humana, Fanny Dotel nos presenta la vida de una mujer dominicana que, al llegar a Espa\u00f1a, dedica sus d\u00edas al cuidado de ancianos, mientras su alma permanece anclada al hijo que dej\u00f3 atr\u00e1s. Su traves\u00eda es un recorrido entre l\u00e1grimas contenidas, trabajos invisibles y silencios que pesan m\u00e1s que el cansancio.<br \/>\nEl verdadero desaf\u00edo, sin embargo, no se encuentra \u00fanicamente en las jornadas interminables ni en el desprecio velado hacia la inmi-grante, sino en el reencuentro con ese hijo convertido en extra\u00f1o.<br \/>\nUn v\u00ednculo que debe reconstruirse entre las ruinas del tiempo, la distancia y el dolor.<br \/>\n\u00bfQui\u00e9n los cuida? es un grito silencioso contra la indiferencia, un testimonio de amor indestructible y un llamado urgente a reconocer la labor esencial de quienes sostienen la vida con sus manos, casi siempre mujeres, casi siempre inmigrantes, casi siempre invisibles.<\/p>\n","protected":false},"excerpt":{"rendered":"<p><b>ISBN: 9791370128500<\/b><\/p>\n<p class=\"p1\"><b>SINOPSIS<\/b><\/p>\n<p>Esta no es solo la historia de una madre, es el retrato de miles de mujeres que, con el coraz\u00f3n desgarrado, dejaron atr\u00e1s a sus hijos para cruzar fronteras en busca de un porvenir que sus tierras les negaban. \u00bfQui\u00e9n los cuida? da voz a esas madres inmigrantes que cargan con la culpa de la distancia y la esperanza de un ma\u00f1ana mejor.<br \/>\nCon una narrativa profundamente humana, Fanny Dotel nos presenta la vida de una mujer dominicana que, al llegar a Espa\u00f1a, dedica sus d\u00edas al cuidado de ancianos, mientras su alma permanece anclada al hijo que dej\u00f3 atr\u00e1s. Su traves\u00eda es un recorrido entre l\u00e1grimas contenidas, trabajos invisibles y silencios que pesan m\u00e1s que el cansancio.<br \/>\nEl verdadero desaf\u00edo, sin embargo, no se encuentra \u00fanicamente en las jornadas interminables ni en el desprecio velado hacia la inmi-grante, sino en el reencuentro con ese hijo convertido en extra\u00f1o.<br \/>\nUn v\u00ednculo que debe reconstruirse entre las ruinas del tiempo, la distancia y el dolor.<br \/>\n\u00bfQui\u00e9n los cuida? es un grito silencioso contra la indiferencia, un testimonio de amor indestructible y un llamado urgente a reconocer la labor esencial de quienes sostienen la vida con sus manos, casi siempre mujeres, casi siempre inmigrantes, casi siempre invisibles.<\/p>\n","protected":false},"featured_media":109766,"comment_status":"open","ping_status":"closed","template":"","meta":{"_acf_changed":false},"libro":[],"product_brand":[],"product_cat":[135],"product_tag":[],"class_list":{"0":"post-109765","1":"product","2":"type-product","3":"status-publish","4":"has-post-thumbnail","6":"product_cat-diarios","8":"first","9":"instock","10":"shipping-taxable","11":"product-type-simple"},"acf":{"autor":[109767],"enlace_de_compra":"https:\/\/www.amazon.es\/%C2%BFQui%C3%A9n-los-cuida-Diario-personal\/dp\/B0FY6X6MBT\/ref=sr_1_1?__mk_es_ES=%C3%85M%C3%85%C5%BD%C3%95%C3%91&crid=3T0J5OBU0PDAO&dib=eyJ2IjoiMSJ9.cGeKqjr_Gvc70KZEUbzWfg.gC6OFbsQPoITBIvvrCn025Qx08x1CXMCILk6lT94RBU&dib_tag=se&keywords=%C2%BFqui%C3%A9n+los+cuida%3F+letrame&qid=1764330421&s=books&sprefix=qui%C3%A9n+los+cuida+letrame%2Cstripbooks%2C60&sr=1-1"},"yoast_head":"<!-- This site is optimized with the Yoast SEO plugin v26.6 - https:\/\/yoast.com\/wordpress\/plugins\/seo\/ -->\n<title>\u00bfQui\u00e9n los cuida? - Catalogo | Letrame Grupo Editorial<\/title>\n<meta name=\"robots\" content=\"index, follow, max-snippet:-1, max-image-preview:large, max-video-preview:-1\" \/>\n<link rel=\"canonical\" href=\"https:\/\/letrame.com\/catalogo\/producto\/quien-los-cuida\/\" \/>\n<meta property=\"og:locale\" content=\"es_ES\" \/>\n<meta property=\"og:type\" content=\"article\" \/>\n<meta property=\"og:title\" content=\"\u00bfQui\u00e9n los cuida? - Catalogo | Letrame Grupo Editorial\" \/>\n<meta property=\"og:description\" content=\"ISBN: 9791370128500 SINOPSIS Esta no es solo la historia de una madre, es el retrato de miles de mujeres que, con el coraz\u00f3n desgarrado, dejaron atr\u00e1s a sus hijos para cruzar fronteras en busca de un porvenir que sus tierras les negaban. \u00bfQui\u00e9n los cuida? da voz a esas madres inmigrantes que cargan con la culpa de la distancia y la esperanza de un ma\u00f1ana mejor. Con una narrativa profundamente humana, Fanny Dotel nos presenta la vida de una mujer dominicana que, al llegar a Espa\u00f1a, dedica sus d\u00edas al cuidado de ancianos, mientras su alma permanece anclada al hijo que dej\u00f3 atr\u00e1s. Su traves\u00eda es un recorrido entre l\u00e1grimas contenidas, trabajos invisibles y silencios que pesan m\u00e1s que el cansancio. El verdadero desaf\u00edo, sin embargo, no se encuentra \u00fanicamente en las jornadas interminables ni en el desprecio velado hacia la inmi-grante, sino en el reencuentro con ese hijo convertido en extra\u00f1o. Un v\u00ednculo que debe reconstruirse entre las ruinas del tiempo, la distancia y el dolor. \u00bfQui\u00e9n los cuida? es un grito silencioso contra la indiferencia, un testimonio de amor indestructible y un llamado urgente a reconocer la labor esencial de quienes sostienen la vida con sus manos, casi siempre mujeres, casi siempre inmigrantes, casi siempre invisibles.\" \/>\n<meta property=\"og:url\" content=\"https:\/\/letrame.com\/catalogo\/producto\/quien-los-cuida\/\" \/>\n<meta property=\"og:site_name\" content=\"Catalogo | Letrame Grupo Editorial\" \/>\n<meta property=\"article:modified_time\" content=\"2025-11-28T11:54:47+00:00\" \/>\n<meta property=\"og:image\" content=\"https:\/\/letrame.com\/catalogo\/wp-content\/uploads\/2025\/11\/\u00bfquienloscuida-_91mm4.gif\" \/>\n\t<meta property=\"og:image:width\" content=\"384\" \/>\n\t<meta property=\"og:image:height\" content=\"563\" \/>\n\t<meta property=\"og:image:type\" content=\"image\/gif\" \/>\n<meta name=\"twitter:card\" content=\"summary_large_image\" \/>\n<meta name=\"twitter:label1\" content=\"Tiempo de lectura\" \/>\n\t<meta name=\"twitter:data1\" content=\"2 minutos\" \/>\n<script type=\"application\/ld+json\" class=\"yoast-schema-graph\">{\"@context\":\"https:\/\/schema.org\",\"@graph\":[{\"@type\":\"WebPage\",\"@id\":\"https:\/\/letrame.com\/catalogo\/producto\/quien-los-cuida\/\",\"url\":\"https:\/\/letrame.com\/catalogo\/producto\/quien-los-cuida\/\",\"name\":\"\u00bfQui\u00e9n los cuida? - Catalogo | Letrame Grupo Editorial\",\"isPartOf\":{\"@id\":\"https:\/\/letrame.com\/catalogo\/#website\"},\"primaryImageOfPage\":{\"@id\":\"https:\/\/letrame.com\/catalogo\/producto\/quien-los-cuida\/#primaryimage\"},\"image\":{\"@id\":\"https:\/\/letrame.com\/catalogo\/producto\/quien-los-cuida\/#primaryimage\"},\"thumbnailUrl\":\"https:\/\/letrame.com\/catalogo\/wp-content\/uploads\/2025\/11\/\u00bfquienloscuida-_91mm4.gif\",\"datePublished\":\"2025-11-28T11:49:31+00:00\",\"dateModified\":\"2025-11-28T11:54:47+00:00\",\"breadcrumb\":{\"@id\":\"https:\/\/letrame.com\/catalogo\/producto\/quien-los-cuida\/#breadcrumb\"},\"inLanguage\":\"es\",\"potentialAction\":[{\"@type\":\"ReadAction\",\"target\":[\"https:\/\/letrame.com\/catalogo\/producto\/quien-los-cuida\/\"]}]},{\"@type\":\"ImageObject\",\"inLanguage\":\"es\",\"@id\":\"https:\/\/letrame.com\/catalogo\/producto\/quien-los-cuida\/#primaryimage\",\"url\":\"https:\/\/letrame.com\/catalogo\/wp-content\/uploads\/2025\/11\/\u00bfquienloscuida-_91mm4.gif\",\"contentUrl\":\"https:\/\/letrame.com\/catalogo\/wp-content\/uploads\/2025\/11\/\u00bfquienloscuida-_91mm4.gif\",\"width\":384,\"height\":563},{\"@type\":\"BreadcrumbList\",\"@id\":\"https:\/\/letrame.com\/catalogo\/producto\/quien-los-cuida\/#breadcrumb\",\"itemListElement\":[{\"@type\":\"ListItem\",\"position\":1,\"name\":\"Portada\",\"item\":\"https:\/\/letrame.com\/catalogo\/\"},{\"@type\":\"ListItem\",\"position\":2,\"name\":\"Cat\u00e1logo\",\"item\":\"https:\/\/letrame.com\/catalogo\/\"},{\"@type\":\"ListItem\",\"position\":3,\"name\":\"\u00bfQui\u00e9n los cuida?\"}]},{\"@type\":\"WebSite\",\"@id\":\"https:\/\/letrame.com\/catalogo\/#website\",\"url\":\"https:\/\/letrame.com\/catalogo\/\",\"name\":\"Catalogo | Letrame Grupo Editorial\",\"description\":\"\",\"publisher\":{\"@id\":\"https:\/\/letrame.com\/catalogo\/#organization\"},\"potentialAction\":[{\"@type\":\"SearchAction\",\"target\":{\"@type\":\"EntryPoint\",\"urlTemplate\":\"https:\/\/letrame.com\/catalogo\/?s={search_term_string}\"},\"query-input\":{\"@type\":\"PropertyValueSpecification\",\"valueRequired\":true,\"valueName\":\"search_term_string\"}}],\"inLanguage\":\"es\"},{\"@type\":\"Organization\",\"@id\":\"https:\/\/letrame.com\/catalogo\/#organization\",\"name\":\"Catalogo | Letrame Grupo Editorial\",\"url\":\"https:\/\/letrame.com\/catalogo\/\",\"logo\":{\"@type\":\"ImageObject\",\"inLanguage\":\"es\",\"@id\":\"https:\/\/letrame.com\/catalogo\/#\/schema\/logo\/image\/\",\"url\":\"https:\/\/letrame.com\/catalogo\/wp-content\/uploads\/2024\/03\/logo2.webp\",\"contentUrl\":\"https:\/\/letrame.com\/catalogo\/wp-content\/uploads\/2024\/03\/logo2.webp\",\"width\":394,\"height\":128,\"caption\":\"Catalogo | Letrame Grupo Editorial\"},\"image\":{\"@id\":\"https:\/\/letrame.com\/catalogo\/#\/schema\/logo\/image\/\"}}]}<\/script>\n<!-- \/ Yoast SEO plugin. -->","yoast_head_json":{"title":"\u00bfQui\u00e9n los cuida? - Catalogo | Letrame Grupo Editorial","robots":{"index":"index","follow":"follow","max-snippet":"max-snippet:-1","max-image-preview":"max-image-preview:large","max-video-preview":"max-video-preview:-1"},"canonical":"https:\/\/letrame.com\/catalogo\/producto\/quien-los-cuida\/","og_locale":"es_ES","og_type":"article","og_title":"\u00bfQui\u00e9n los cuida? - Catalogo | Letrame Grupo Editorial","og_description":"ISBN: 9791370128500 SINOPSIS Esta no es solo la historia de una madre, es el retrato de miles de mujeres que, con el coraz\u00f3n desgarrado, dejaron atr\u00e1s a sus hijos para cruzar fronteras en busca de un porvenir que sus tierras les negaban. \u00bfQui\u00e9n los cuida? da voz a esas madres inmigrantes que cargan con la culpa de la distancia y la esperanza de un ma\u00f1ana mejor. Con una narrativa profundamente humana, Fanny Dotel nos presenta la vida de una mujer dominicana que, al llegar a Espa\u00f1a, dedica sus d\u00edas al cuidado de ancianos, mientras su alma permanece anclada al hijo que dej\u00f3 atr\u00e1s. Su traves\u00eda es un recorrido entre l\u00e1grimas contenidas, trabajos invisibles y silencios que pesan m\u00e1s que el cansancio. El verdadero desaf\u00edo, sin embargo, no se encuentra \u00fanicamente en las jornadas interminables ni en el desprecio velado hacia la inmi-grante, sino en el reencuentro con ese hijo convertido en extra\u00f1o. Un v\u00ednculo que debe reconstruirse entre las ruinas del tiempo, la distancia y el dolor. \u00bfQui\u00e9n los cuida? es un grito silencioso contra la indiferencia, un testimonio de amor indestructible y un llamado urgente a reconocer la labor esencial de quienes sostienen la vida con sus manos, casi siempre mujeres, casi siempre inmigrantes, casi siempre invisibles.","og_url":"https:\/\/letrame.com\/catalogo\/producto\/quien-los-cuida\/","og_site_name":"Catalogo | Letrame Grupo Editorial","article_modified_time":"2025-11-28T11:54:47+00:00","og_image":[{"width":384,"height":563,"url":"https:\/\/letrame.com\/catalogo\/wp-content\/uploads\/2025\/11\/\u00bfquienloscuida-_91mm4.gif","type":"image\/gif"}],"twitter_card":"summary_large_image","twitter_misc":{"Tiempo de lectura":"2 minutos"},"schema":{"@context":"https:\/\/schema.org","@graph":[{"@type":"WebPage","@id":"https:\/\/letrame.com\/catalogo\/producto\/quien-los-cuida\/","url":"https:\/\/letrame.com\/catalogo\/producto\/quien-los-cuida\/","name":"\u00bfQui\u00e9n los cuida? - Catalogo | Letrame Grupo Editorial","isPartOf":{"@id":"https:\/\/letrame.com\/catalogo\/#website"},"primaryImageOfPage":{"@id":"https:\/\/letrame.com\/catalogo\/producto\/quien-los-cuida\/#primaryimage"},"image":{"@id":"https:\/\/letrame.com\/catalogo\/producto\/quien-los-cuida\/#primaryimage"},"thumbnailUrl":"https:\/\/letrame.com\/catalogo\/wp-content\/uploads\/2025\/11\/\u00bfquienloscuida-_91mm4.gif","datePublished":"2025-11-28T11:49:31+00:00","dateModified":"2025-11-28T11:54:47+00:00","breadcrumb":{"@id":"https:\/\/letrame.com\/catalogo\/producto\/quien-los-cuida\/#breadcrumb"},"inLanguage":"es","potentialAction":[{"@type":"ReadAction","target":["https:\/\/letrame.com\/catalogo\/producto\/quien-los-cuida\/"]}]},{"@type":"ImageObject","inLanguage":"es","@id":"https:\/\/letrame.com\/catalogo\/producto\/quien-los-cuida\/#primaryimage","url":"https:\/\/letrame.com\/catalogo\/wp-content\/uploads\/2025\/11\/\u00bfquienloscuida-_91mm4.gif","contentUrl":"https:\/\/letrame.com\/catalogo\/wp-content\/uploads\/2025\/11\/\u00bfquienloscuida-_91mm4.gif","width":384,"height":563},{"@type":"BreadcrumbList","@id":"https:\/\/letrame.com\/catalogo\/producto\/quien-los-cuida\/#breadcrumb","itemListElement":[{"@type":"ListItem","position":1,"name":"Portada","item":"https:\/\/letrame.com\/catalogo\/"},{"@type":"ListItem","position":2,"name":"Cat\u00e1logo","item":"https:\/\/letrame.com\/catalogo\/"},{"@type":"ListItem","position":3,"name":"\u00bfQui\u00e9n los cuida?"}]},{"@type":"WebSite","@id":"https:\/\/letrame.com\/catalogo\/#website","url":"https:\/\/letrame.com\/catalogo\/","name":"Catalogo | Letrame Grupo Editorial","description":"","publisher":{"@id":"https:\/\/letrame.com\/catalogo\/#organization"},"potentialAction":[{"@type":"SearchAction","target":{"@type":"EntryPoint","urlTemplate":"https:\/\/letrame.com\/catalogo\/?s={search_term_string}"},"query-input":{"@type":"PropertyValueSpecification","valueRequired":true,"valueName":"search_term_string"}}],"inLanguage":"es"},{"@type":"Organization","@id":"https:\/\/letrame.com\/catalogo\/#organization","name":"Catalogo | Letrame Grupo Editorial","url":"https:\/\/letrame.com\/catalogo\/","logo":{"@type":"ImageObject","inLanguage":"es","@id":"https:\/\/letrame.com\/catalogo\/#\/schema\/logo\/image\/","url":"https:\/\/letrame.com\/catalogo\/wp-content\/uploads\/2024\/03\/logo2.webp","contentUrl":"https:\/\/letrame.com\/catalogo\/wp-content\/uploads\/2024\/03\/logo2.webp","width":394,"height":128,"caption":"Catalogo | Letrame Grupo Editorial"},"image":{"@id":"https:\/\/letrame.com\/catalogo\/#\/schema\/logo\/image\/"}}]}},"_links":{"self":[{"href":"https:\/\/letrame.com\/catalogo\/wp-json\/wp\/v2\/product\/109765","targetHints":{"allow":["GET"]}}],"collection":[{"href":"https:\/\/letrame.com\/catalogo\/wp-json\/wp\/v2\/product"}],"about":[{"href":"https:\/\/letrame.com\/catalogo\/wp-json\/wp\/v2\/types\/product"}],"replies":[{"embeddable":true,"href":"https:\/\/letrame.com\/catalogo\/wp-json\/wp\/v2\/comments?post=109765"}],"acf:post":[{"embeddable":true,"href":"https:\/\/letrame.com\/catalogo\/wp-json\/wp\/v2\/author_book\/109767"}],"wp:featuredmedia":[{"embeddable":true,"href":"https:\/\/letrame.com\/catalogo\/wp-json\/wp\/v2\/media\/109766"}],"wp:attachment":[{"href":"https:\/\/letrame.com\/catalogo\/wp-json\/wp\/v2\/media?parent=109765"}],"wp:term":[{"taxonomy":"libro","embeddable":true,"href":"https:\/\/letrame.com\/catalogo\/wp-json\/wp\/v2\/libro?post=109765"},{"taxonomy":"product_brand","embeddable":true,"href":"https:\/\/letrame.com\/catalogo\/wp-json\/wp\/v2\/product_brand?post=109765"},{"taxonomy":"product_cat","embeddable":true,"href":"https:\/\/letrame.com\/catalogo\/wp-json\/wp\/v2\/product_cat?post=109765"},{"taxonomy":"product_tag","embeddable":true,"href":"https:\/\/letrame.com\/catalogo\/wp-json\/wp\/v2\/product_tag?post=109765"}],"curies":[{"name":"wp","href":"https:\/\/api.w.org\/{rel}","templated":true}]}}