{"id":109760,"date":"2025-11-27T15:35:57","date_gmt":"2025-11-27T14:35:57","guid":{"rendered":"https:\/\/letrame.com\/catalogo\/?post_type=product&#038;p=109760"},"modified":"2025-11-27T15:41:28","modified_gmt":"2025-11-27T14:41:28","slug":"la-sombra-del-ring","status":"publish","type":"product","link":"https:\/\/letrame.com\/catalogo\/producto\/la-sombra-del-ring\/","title":{"rendered":"LA SOMBRA DEL RING"},"content":{"rendered":"<p class=\"p1\"><b>ISBN: 9791370128036<\/b><b><\/b><\/p>\n<p class=\"p1\"><b>T\u00edtulo: LA SOMBRA DEL RING<\/b><b><\/b><\/p>\n<p class=\"p1\"><b>Fecha: 2025<\/b><b><\/b><\/p>\n<p class=\"p1\"><b>P\u00e1ginas: 154<\/b><b><\/b><\/p>\n<p class=\"p1\"><b>SINOPSIS<\/b><\/p>\n<p>Frank, un joven inmigrante cubano, se ve forzado a dejar atr\u00e1s su pa\u00eds en busca de un futuro m\u00e1s prometedor. Al llegar a su nuevo destino, choca de frente con la implacable burocracia para obtener un permiso de trabajo, lo que lo obliga a subsistir de forma ilegal.<br \/>\nMientras se gana la vida en las sombras, Frank conoce a una enigm\u00e1tica camarera en un bar, un encuentro que desencadenar\u00e1 una serie de inesperados acontecimientos. De pronto, impulsado por circunstancias que van m\u00e1s all\u00e1 de su control, se encuentra ante una oportunidad \u00fanica: la de luchar por un t\u00edtulo mundial de boxeo. En este arduo camino, Frank no solo deber\u00e1 enfrentarse a sus oponentes en el ring y a los fantasmas de su pasado, sino tambi\u00e9n a sus propias batallas internas contra las tentaciones mundanas, la abrumadora soledad y el miedo persistente a no ser capaz de cumplir con su objetivo.<\/p>\n","protected":false},"excerpt":{"rendered":"<p><b>ISBN: 9791370128036<\/b><\/p>\n<p class=\"p1\"><b>SINOPSIS<\/b><\/p>\n<p>Frank, un joven inmigrante cubano, se ve forzado a dejar atr\u00e1s su pa\u00eds en busca de un futuro m\u00e1s prometedor. Al llegar a su nuevo destino, choca de frente con la implacable burocracia para obtener un permiso de trabajo, lo que lo obliga a subsistir de forma ilegal.<br \/>\nMientras se gana la vida en las sombras, Frank conoce a una enigm\u00e1tica camarera en un bar, un encuentro que desencadenar\u00e1 una serie de inesperados acontecimientos. De pronto, impulsado por circunstancias que van m\u00e1s all\u00e1 de su control, se encuentra ante una oportunidad \u00fanica: la de luchar por un t\u00edtulo mundial de boxeo. En este arduo camino, Frank no solo deber\u00e1 enfrentarse a sus oponentes en el ring y a los fantasmas de su pasado, sino tambi\u00e9n a sus propias batallas internas contra las tentaciones mundanas, la abrumadora soledad y el miedo persistente a no ser capaz de cumplir con su objetivo.<\/p>\n","protected":false},"featured_media":109761,"comment_status":"open","ping_status":"closed","template":"","meta":{"_acf_changed":false},"libro":[],"product_brand":[],"product_cat":[24],"product_tag":[],"class_list":{"0":"post-109760","1":"product","2":"type-product","3":"status-publish","4":"has-post-thumbnail","6":"product_cat-viajes","8":"first","9":"instock","10":"shipping-taxable","11":"product-type-simple"},"acf":{"autor":[109762],"enlace_de_compra":"https:\/\/www.amazon.es\/sombra-del-ring-Viajes-aventuras\/dp\/B0FY37TTN4\/ref=sr_1_1?__mk_es_ES=%C3%85M%C3%85%C5%BD%C3%95%C3%91&crid=59RXS1104IM5&dib=eyJ2IjoiMSJ9.DtJ27zx0_7CTf1Vss8GrQw.DZpLZyLG5qaj-xiMutG3ciF5Xw1u26x8PlHTSwuJvac&dib_tag=se&keywords=LA+SOMBRA+DEL+RING+letrame&qid=1764251324&s=books&sprefix=la+sombra+del+ring+letrame%2Cstripbooks%2C60&sr=1-1"},"yoast_head":"<!-- This site is optimized with the Yoast SEO plugin v27.4 - https:\/\/yoast.com\/product\/yoast-seo-wordpress\/ -->\n<title>LA SOMBRA DEL RING - Catalogo | Letrame Grupo Editorial<\/title>\n<meta name=\"robots\" content=\"index, follow, max-snippet:-1, max-image-preview:large, max-video-preview:-1\" \/>\n<link rel=\"canonical\" href=\"https:\/\/letrame.com\/catalogo\/producto\/la-sombra-del-ring\/\" \/>\n<meta property=\"og:locale\" content=\"es_ES\" \/>\n<meta property=\"og:type\" content=\"article\" \/>\n<meta property=\"og:title\" content=\"LA SOMBRA DEL RING - Catalogo | Letrame Grupo Editorial\" \/>\n<meta property=\"og:description\" content=\"ISBN: 9791370128036 SINOPSIS Frank, un joven inmigrante cubano, se ve forzado a dejar atr\u00e1s su pa\u00eds en busca de un futuro m\u00e1s prometedor. Al llegar a su nuevo destino, choca de frente con la implacable burocracia para obtener un permiso de trabajo, lo que lo obliga a subsistir de forma ilegal. Mientras se gana la vida en las sombras, Frank conoce a una enigm\u00e1tica camarera en un bar, un encuentro que desencadenar\u00e1 una serie de inesperados acontecimientos. De pronto, impulsado por circunstancias que van m\u00e1s all\u00e1 de su control, se encuentra ante una oportunidad \u00fanica: la de luchar por un t\u00edtulo mundial de boxeo. En este arduo camino, Frank no solo deber\u00e1 enfrentarse a sus oponentes en el ring y a los fantasmas de su pasado, sino tambi\u00e9n a sus propias batallas internas contra las tentaciones mundanas, la abrumadora soledad y el miedo persistente a no ser capaz de cumplir con su objetivo.\" \/>\n<meta property=\"og:url\" content=\"https:\/\/letrame.com\/catalogo\/producto\/la-sombra-del-ring\/\" \/>\n<meta property=\"og:site_name\" content=\"Catalogo | Letrame Grupo Editorial\" \/>\n<meta property=\"article:modified_time\" content=\"2025-11-27T14:41:28+00:00\" \/>\n<meta property=\"og:image\" content=\"https:\/\/letrame.com\/catalogo\/wp-content\/uploads\/2025\/11\/alasombradelring_821mm4.gif\" \/>\n\t<meta property=\"og:image:width\" content=\"358\" \/>\n\t<meta property=\"og:image:height\" content=\"537\" \/>\n\t<meta property=\"og:image:type\" content=\"image\/gif\" \/>\n<meta name=\"twitter:card\" content=\"summary_large_image\" \/>\n<meta name=\"twitter:label1\" content=\"Tiempo de lectura\" \/>\n\t<meta name=\"twitter:data1\" content=\"1 minuto\" \/>\n<script type=\"application\/ld+json\" class=\"yoast-schema-graph\">{\"@context\":\"https:\\\/\\\/schema.org\",\"@graph\":[{\"@type\":\"WebPage\",\"@id\":\"https:\\\/\\\/letrame.com\\\/catalogo\\\/producto\\\/la-sombra-del-ring\\\/\",\"url\":\"https:\\\/\\\/letrame.com\\\/catalogo\\\/producto\\\/la-sombra-del-ring\\\/\",\"name\":\"LA SOMBRA DEL RING - Catalogo | Letrame Grupo Editorial\",\"isPartOf\":{\"@id\":\"https:\\\/\\\/letrame.com\\\/catalogo\\\/#website\"},\"primaryImageOfPage\":{\"@id\":\"https:\\\/\\\/letrame.com\\\/catalogo\\\/producto\\\/la-sombra-del-ring\\\/#primaryimage\"},\"image\":{\"@id\":\"https:\\\/\\\/letrame.com\\\/catalogo\\\/producto\\\/la-sombra-del-ring\\\/#primaryimage\"},\"thumbnailUrl\":\"https:\\\/\\\/letrame.com\\\/catalogo\\\/wp-content\\\/uploads\\\/2025\\\/11\\\/alasombradelring_821mm4.gif\",\"datePublished\":\"2025-11-27T14:35:57+00:00\",\"dateModified\":\"2025-11-27T14:41:28+00:00\",\"breadcrumb\":{\"@id\":\"https:\\\/\\\/letrame.com\\\/catalogo\\\/producto\\\/la-sombra-del-ring\\\/#breadcrumb\"},\"inLanguage\":\"es\",\"potentialAction\":[{\"@type\":\"ReadAction\",\"target\":[\"https:\\\/\\\/letrame.com\\\/catalogo\\\/producto\\\/la-sombra-del-ring\\\/\"]}]},{\"@type\":\"ImageObject\",\"inLanguage\":\"es\",\"@id\":\"https:\\\/\\\/letrame.com\\\/catalogo\\\/producto\\\/la-sombra-del-ring\\\/#primaryimage\",\"url\":\"https:\\\/\\\/letrame.com\\\/catalogo\\\/wp-content\\\/uploads\\\/2025\\\/11\\\/alasombradelring_821mm4.gif\",\"contentUrl\":\"https:\\\/\\\/letrame.com\\\/catalogo\\\/wp-content\\\/uploads\\\/2025\\\/11\\\/alasombradelring_821mm4.gif\",\"width\":358,\"height\":537},{\"@type\":\"BreadcrumbList\",\"@id\":\"https:\\\/\\\/letrame.com\\\/catalogo\\\/producto\\\/la-sombra-del-ring\\\/#breadcrumb\",\"itemListElement\":[{\"@type\":\"ListItem\",\"position\":1,\"name\":\"Portada\",\"item\":\"https:\\\/\\\/letrame.com\\\/catalogo\\\/\"},{\"@type\":\"ListItem\",\"position\":2,\"name\":\"Cat\u00e1logo\",\"item\":\"https:\\\/\\\/letrame.com\\\/catalogo\\\/\"},{\"@type\":\"ListItem\",\"position\":3,\"name\":\"LA SOMBRA DEL RING\"}]},{\"@type\":\"WebSite\",\"@id\":\"https:\\\/\\\/letrame.com\\\/catalogo\\\/#website\",\"url\":\"https:\\\/\\\/letrame.com\\\/catalogo\\\/\",\"name\":\"Catalogo | Letrame Grupo Editorial\",\"description\":\"\",\"publisher\":{\"@id\":\"https:\\\/\\\/letrame.com\\\/catalogo\\\/#organization\"},\"potentialAction\":[{\"@type\":\"SearchAction\",\"target\":{\"@type\":\"EntryPoint\",\"urlTemplate\":\"https:\\\/\\\/letrame.com\\\/catalogo\\\/?s={search_term_string}\"},\"query-input\":{\"@type\":\"PropertyValueSpecification\",\"valueRequired\":true,\"valueName\":\"search_term_string\"}}],\"inLanguage\":\"es\"},{\"@type\":\"Organization\",\"@id\":\"https:\\\/\\\/letrame.com\\\/catalogo\\\/#organization\",\"name\":\"Catalogo | Letrame Grupo Editorial\",\"url\":\"https:\\\/\\\/letrame.com\\\/catalogo\\\/\",\"logo\":{\"@type\":\"ImageObject\",\"inLanguage\":\"es\",\"@id\":\"https:\\\/\\\/letrame.com\\\/catalogo\\\/#\\\/schema\\\/logo\\\/image\\\/\",\"url\":\"https:\\\/\\\/letrame.com\\\/catalogo\\\/wp-content\\\/uploads\\\/2024\\\/03\\\/logo2.webp\",\"contentUrl\":\"https:\\\/\\\/letrame.com\\\/catalogo\\\/wp-content\\\/uploads\\\/2024\\\/03\\\/logo2.webp\",\"width\":394,\"height\":128,\"caption\":\"Catalogo | Letrame Grupo Editorial\"},\"image\":{\"@id\":\"https:\\\/\\\/letrame.com\\\/catalogo\\\/#\\\/schema\\\/logo\\\/image\\\/\"}}]}<\/script>\n<!-- \/ Yoast SEO plugin. -->","yoast_head_json":{"title":"LA SOMBRA DEL RING - Catalogo | Letrame Grupo Editorial","robots":{"index":"index","follow":"follow","max-snippet":"max-snippet:-1","max-image-preview":"max-image-preview:large","max-video-preview":"max-video-preview:-1"},"canonical":"https:\/\/letrame.com\/catalogo\/producto\/la-sombra-del-ring\/","og_locale":"es_ES","og_type":"article","og_title":"LA SOMBRA DEL RING - Catalogo | Letrame Grupo Editorial","og_description":"ISBN: 9791370128036 SINOPSIS Frank, un joven inmigrante cubano, se ve forzado a dejar atr\u00e1s su pa\u00eds en busca de un futuro m\u00e1s prometedor. Al llegar a su nuevo destino, choca de frente con la implacable burocracia para obtener un permiso de trabajo, lo que lo obliga a subsistir de forma ilegal. Mientras se gana la vida en las sombras, Frank conoce a una enigm\u00e1tica camarera en un bar, un encuentro que desencadenar\u00e1 una serie de inesperados acontecimientos. De pronto, impulsado por circunstancias que van m\u00e1s all\u00e1 de su control, se encuentra ante una oportunidad \u00fanica: la de luchar por un t\u00edtulo mundial de boxeo. En este arduo camino, Frank no solo deber\u00e1 enfrentarse a sus oponentes en el ring y a los fantasmas de su pasado, sino tambi\u00e9n a sus propias batallas internas contra las tentaciones mundanas, la abrumadora soledad y el miedo persistente a no ser capaz de cumplir con su objetivo.","og_url":"https:\/\/letrame.com\/catalogo\/producto\/la-sombra-del-ring\/","og_site_name":"Catalogo | Letrame Grupo Editorial","article_modified_time":"2025-11-27T14:41:28+00:00","og_image":[{"width":358,"height":537,"url":"https:\/\/letrame.com\/catalogo\/wp-content\/uploads\/2025\/11\/alasombradelring_821mm4.gif","type":"image\/gif"}],"twitter_card":"summary_large_image","twitter_misc":{"Tiempo de lectura":"1 minuto"},"schema":{"@context":"https:\/\/schema.org","@graph":[{"@type":"WebPage","@id":"https:\/\/letrame.com\/catalogo\/producto\/la-sombra-del-ring\/","url":"https:\/\/letrame.com\/catalogo\/producto\/la-sombra-del-ring\/","name":"LA SOMBRA DEL RING - Catalogo | Letrame Grupo Editorial","isPartOf":{"@id":"https:\/\/letrame.com\/catalogo\/#website"},"primaryImageOfPage":{"@id":"https:\/\/letrame.com\/catalogo\/producto\/la-sombra-del-ring\/#primaryimage"},"image":{"@id":"https:\/\/letrame.com\/catalogo\/producto\/la-sombra-del-ring\/#primaryimage"},"thumbnailUrl":"https:\/\/letrame.com\/catalogo\/wp-content\/uploads\/2025\/11\/alasombradelring_821mm4.gif","datePublished":"2025-11-27T14:35:57+00:00","dateModified":"2025-11-27T14:41:28+00:00","breadcrumb":{"@id":"https:\/\/letrame.com\/catalogo\/producto\/la-sombra-del-ring\/#breadcrumb"},"inLanguage":"es","potentialAction":[{"@type":"ReadAction","target":["https:\/\/letrame.com\/catalogo\/producto\/la-sombra-del-ring\/"]}]},{"@type":"ImageObject","inLanguage":"es","@id":"https:\/\/letrame.com\/catalogo\/producto\/la-sombra-del-ring\/#primaryimage","url":"https:\/\/letrame.com\/catalogo\/wp-content\/uploads\/2025\/11\/alasombradelring_821mm4.gif","contentUrl":"https:\/\/letrame.com\/catalogo\/wp-content\/uploads\/2025\/11\/alasombradelring_821mm4.gif","width":358,"height":537},{"@type":"BreadcrumbList","@id":"https:\/\/letrame.com\/catalogo\/producto\/la-sombra-del-ring\/#breadcrumb","itemListElement":[{"@type":"ListItem","position":1,"name":"Portada","item":"https:\/\/letrame.com\/catalogo\/"},{"@type":"ListItem","position":2,"name":"Cat\u00e1logo","item":"https:\/\/letrame.com\/catalogo\/"},{"@type":"ListItem","position":3,"name":"LA SOMBRA DEL RING"}]},{"@type":"WebSite","@id":"https:\/\/letrame.com\/catalogo\/#website","url":"https:\/\/letrame.com\/catalogo\/","name":"Catalogo | Letrame Grupo Editorial","description":"","publisher":{"@id":"https:\/\/letrame.com\/catalogo\/#organization"},"potentialAction":[{"@type":"SearchAction","target":{"@type":"EntryPoint","urlTemplate":"https:\/\/letrame.com\/catalogo\/?s={search_term_string}"},"query-input":{"@type":"PropertyValueSpecification","valueRequired":true,"valueName":"search_term_string"}}],"inLanguage":"es"},{"@type":"Organization","@id":"https:\/\/letrame.com\/catalogo\/#organization","name":"Catalogo | Letrame Grupo Editorial","url":"https:\/\/letrame.com\/catalogo\/","logo":{"@type":"ImageObject","inLanguage":"es","@id":"https:\/\/letrame.com\/catalogo\/#\/schema\/logo\/image\/","url":"https:\/\/letrame.com\/catalogo\/wp-content\/uploads\/2024\/03\/logo2.webp","contentUrl":"https:\/\/letrame.com\/catalogo\/wp-content\/uploads\/2024\/03\/logo2.webp","width":394,"height":128,"caption":"Catalogo | Letrame Grupo Editorial"},"image":{"@id":"https:\/\/letrame.com\/catalogo\/#\/schema\/logo\/image\/"}}]}},"_links":{"self":[{"href":"https:\/\/letrame.com\/catalogo\/wp-json\/wp\/v2\/product\/109760","targetHints":{"allow":["GET"]}}],"collection":[{"href":"https:\/\/letrame.com\/catalogo\/wp-json\/wp\/v2\/product"}],"about":[{"href":"https:\/\/letrame.com\/catalogo\/wp-json\/wp\/v2\/types\/product"}],"replies":[{"embeddable":true,"href":"https:\/\/letrame.com\/catalogo\/wp-json\/wp\/v2\/comments?post=109760"}],"acf:post":[{"embeddable":true,"href":"https:\/\/letrame.com\/catalogo\/wp-json\/wp\/v2\/author_book\/109762"}],"wp:featuredmedia":[{"embeddable":true,"href":"https:\/\/letrame.com\/catalogo\/wp-json\/wp\/v2\/media\/109761"}],"wp:attachment":[{"href":"https:\/\/letrame.com\/catalogo\/wp-json\/wp\/v2\/media?parent=109760"}],"wp:term":[{"taxonomy":"libro","embeddable":true,"href":"https:\/\/letrame.com\/catalogo\/wp-json\/wp\/v2\/libro?post=109760"},{"taxonomy":"product_brand","embeddable":true,"href":"https:\/\/letrame.com\/catalogo\/wp-json\/wp\/v2\/product_brand?post=109760"},{"taxonomy":"product_cat","embeddable":true,"href":"https:\/\/letrame.com\/catalogo\/wp-json\/wp\/v2\/product_cat?post=109760"},{"taxonomy":"product_tag","embeddable":true,"href":"https:\/\/letrame.com\/catalogo\/wp-json\/wp\/v2\/product_tag?post=109760"}],"curies":[{"name":"wp","href":"https:\/\/api.w.org\/{rel}","templated":true}]}}