{"id":109755,"date":"2025-11-27T14:39:25","date_gmt":"2025-11-27T13:39:25","guid":{"rendered":"https:\/\/letrame.com\/catalogo\/?post_type=product&#038;p=109755"},"modified":"2025-11-27T14:43:59","modified_gmt":"2025-11-27T13:43:59","slug":"unico","status":"publish","type":"product","link":"https:\/\/letrame.com\/catalogo\/producto\/unico\/","title":{"rendered":"\u00danico"},"content":{"rendered":"<p class=\"p1\"><b>ISBN: 9788410681019<\/b><b><\/b><\/p>\n<p class=\"p1\"><b>T\u00edtulo: \u00danico<\/b><b><\/b><\/p>\n<p class=\"p1\"><b>Fecha: 2025<\/b><b><\/b><\/p>\n<p class=\"p1\"><b>P\u00e1ginas: 168<\/b><b><\/b><\/p>\n<p class=\"p1\"><b>SINOPSIS<\/b><\/p>\n<p>Bel\u00e9n Gallego da vida a un caleidoscopio de emociones. Cual mapa estelar, nos gu\u00eda a trav\u00e9s de los senderos del amor, la p\u00e9rdida o la autorreflexi\u00f3n.<br \/>\nCon cada verso, Gallego teje las fibras de la experiencia humana, revelando un universo \u00fanico donde las emociones bailan con la intensidad de la sinceridad. Cada poema es una llave que abre la puerta a la esencia de la autora, inst\u00e1ndonos a explorar nuestros propios laberintos internos mientras nos dejamos llevar por este viaje l\u00edrico lleno de amor, desamor y autodescubrimiento.<br \/>\nDescubre el eco de sus pensamientos y la danza de sus palabras en este llamado a la introspecci\u00f3n, a perderse para encontrarse en las profundidades de la propia existencia.<br \/>\nUnico: Solo t\u00fa, mi viaje al yo interior es un canto a la autenticidad, a explorar los matices del ser y a descubrir la belleza en la singularidad. Un poemario que deja una marca imborrable en el coraz\u00f3n de aquellos que se aventuran entre sus p\u00e1ginas.<\/p>\n","protected":false},"excerpt":{"rendered":"<p><b>ISBN: 9788410681019<\/b><\/p>\n<p class=\"p1\"><b>SINOPSIS<\/b><\/p>\n<p>Bel\u00e9n Gallego da vida a un caleidoscopio de emociones. Cual mapa estelar, nos gu\u00eda a trav\u00e9s de los senderos del amor, la p\u00e9rdida o la autorreflexi\u00f3n.<br \/>\nCon cada verso, Gallego teje las fibras de la experiencia humana, revelando un universo \u00fanico donde las emociones bailan con la intensidad de la sinceridad. Cada poema es una llave que abre la puerta a la esencia de la autora, inst\u00e1ndonos a explorar nuestros propios laberintos internos mientras nos dejamos llevar por este viaje l\u00edrico lleno de amor, desamor y autodescubrimiento.<br \/>\nDescubre el eco de sus pensamientos y la danza de sus palabras en este llamado a la introspecci\u00f3n, a perderse para encontrarse en las profundidades de la propia existencia.<br \/>\nUnico: Solo t\u00fa, mi viaje al yo interior es un canto a la autenticidad, a explorar los matices del ser y a descubrir la belleza en la singularidad. Un poemario que deja una marca imborrable en el coraz\u00f3n de aquellos que se aventuran entre sus p\u00e1ginas.<\/p>\n","protected":false},"featured_media":109756,"comment_status":"open","ping_status":"closed","template":"","meta":{"_acf_changed":false},"libro":[],"product_brand":[],"product_cat":[20],"product_tag":[],"class_list":{"0":"post-109755","1":"product","2":"type-product","3":"status-publish","4":"has-post-thumbnail","6":"product_cat-poesia","8":"first","9":"instock","10":"shipping-taxable","11":"product-type-simple"},"acf":{"autor":[109757],"enlace_de_compra":"https:\/\/www.amazon.es\/%C3%9Anico-Poes%C3%ADa-Bel%C3%A9n-Gallego-Garc%C3%ADa\/dp\/8410681013\/ref=sr_1_1?__mk_es_ES=%C3%85M%C3%85%C5%BD%C3%95%C3%91&crid=3KWG1AJC19FY&dib=eyJ2IjoiMSJ9.9t_8sz2HvD0jqf3G8mssytKlESfCprMxUdlQCKWLcc0.Du_g4_JLsxGSjd8cEMCbawvDM45_WalJGquXqjfleMA&dib_tag=se&keywords=%C3%BAnico+letrame&qid=1764250190&s=books&sprefix=%C3%BAnico+letrame%2Cstripbooks%2C76&sr=1-1"},"yoast_head":"<!-- This site is optimized with the Yoast SEO plugin v27.4 - https:\/\/yoast.com\/product\/yoast-seo-wordpress\/ -->\n<title>\u00danico - Catalogo | Letrame Grupo Editorial<\/title>\n<meta name=\"robots\" content=\"index, follow, max-snippet:-1, max-image-preview:large, max-video-preview:-1\" \/>\n<link rel=\"canonical\" href=\"https:\/\/letrame.com\/catalogo\/producto\/unico\/\" \/>\n<meta property=\"og:locale\" content=\"es_ES\" \/>\n<meta property=\"og:type\" content=\"article\" \/>\n<meta property=\"og:title\" content=\"\u00danico - Catalogo | Letrame Grupo Editorial\" \/>\n<meta property=\"og:description\" content=\"ISBN: 9788410681019 SINOPSIS Bel\u00e9n Gallego da vida a un caleidoscopio de emociones. Cual mapa estelar, nos gu\u00eda a trav\u00e9s de los senderos del amor, la p\u00e9rdida o la autorreflexi\u00f3n. Con cada verso, Gallego teje las fibras de la experiencia humana, revelando un universo \u00fanico donde las emociones bailan con la intensidad de la sinceridad. Cada poema es una llave que abre la puerta a la esencia de la autora, inst\u00e1ndonos a explorar nuestros propios laberintos internos mientras nos dejamos llevar por este viaje l\u00edrico lleno de amor, desamor y autodescubrimiento. Descubre el eco de sus pensamientos y la danza de sus palabras en este llamado a la introspecci\u00f3n, a perderse para encontrarse en las profundidades de la propia existencia. Unico: Solo t\u00fa, mi viaje al yo interior es un canto a la autenticidad, a explorar los matices del ser y a descubrir la belleza en la singularidad. Un poemario que deja una marca imborrable en el coraz\u00f3n de aquellos que se aventuran entre sus p\u00e1ginas.\" \/>\n<meta property=\"og:url\" content=\"https:\/\/letrame.com\/catalogo\/producto\/unico\/\" \/>\n<meta property=\"og:site_name\" content=\"Catalogo | Letrame Grupo Editorial\" \/>\n<meta property=\"article:modified_time\" content=\"2025-11-27T13:43:59+00:00\" \/>\n<meta property=\"og:image\" content=\"https:\/\/letrame.com\/catalogo\/wp-content\/uploads\/2025\/11\/unico_98mm4.gif\" \/>\n\t<meta property=\"og:image:width\" content=\"345\" \/>\n\t<meta property=\"og:image:height\" content=\"499\" \/>\n\t<meta property=\"og:image:type\" content=\"image\/gif\" \/>\n<meta name=\"twitter:card\" content=\"summary_large_image\" \/>\n<meta name=\"twitter:label1\" content=\"Tiempo de lectura\" \/>\n\t<meta name=\"twitter:data1\" content=\"1 minuto\" \/>\n<script type=\"application\/ld+json\" class=\"yoast-schema-graph\">{\"@context\":\"https:\\\/\\\/schema.org\",\"@graph\":[{\"@type\":\"WebPage\",\"@id\":\"https:\\\/\\\/letrame.com\\\/catalogo\\\/producto\\\/unico\\\/\",\"url\":\"https:\\\/\\\/letrame.com\\\/catalogo\\\/producto\\\/unico\\\/\",\"name\":\"\u00danico - Catalogo | Letrame Grupo Editorial\",\"isPartOf\":{\"@id\":\"https:\\\/\\\/letrame.com\\\/catalogo\\\/#website\"},\"primaryImageOfPage\":{\"@id\":\"https:\\\/\\\/letrame.com\\\/catalogo\\\/producto\\\/unico\\\/#primaryimage\"},\"image\":{\"@id\":\"https:\\\/\\\/letrame.com\\\/catalogo\\\/producto\\\/unico\\\/#primaryimage\"},\"thumbnailUrl\":\"https:\\\/\\\/letrame.com\\\/catalogo\\\/wp-content\\\/uploads\\\/2025\\\/11\\\/unico_98mm4.gif\",\"datePublished\":\"2025-11-27T13:39:25+00:00\",\"dateModified\":\"2025-11-27T13:43:59+00:00\",\"breadcrumb\":{\"@id\":\"https:\\\/\\\/letrame.com\\\/catalogo\\\/producto\\\/unico\\\/#breadcrumb\"},\"inLanguage\":\"es\",\"potentialAction\":[{\"@type\":\"ReadAction\",\"target\":[\"https:\\\/\\\/letrame.com\\\/catalogo\\\/producto\\\/unico\\\/\"]}]},{\"@type\":\"ImageObject\",\"inLanguage\":\"es\",\"@id\":\"https:\\\/\\\/letrame.com\\\/catalogo\\\/producto\\\/unico\\\/#primaryimage\",\"url\":\"https:\\\/\\\/letrame.com\\\/catalogo\\\/wp-content\\\/uploads\\\/2025\\\/11\\\/unico_98mm4.gif\",\"contentUrl\":\"https:\\\/\\\/letrame.com\\\/catalogo\\\/wp-content\\\/uploads\\\/2025\\\/11\\\/unico_98mm4.gif\",\"width\":345,\"height\":499},{\"@type\":\"BreadcrumbList\",\"@id\":\"https:\\\/\\\/letrame.com\\\/catalogo\\\/producto\\\/unico\\\/#breadcrumb\",\"itemListElement\":[{\"@type\":\"ListItem\",\"position\":1,\"name\":\"Portada\",\"item\":\"https:\\\/\\\/letrame.com\\\/catalogo\\\/\"},{\"@type\":\"ListItem\",\"position\":2,\"name\":\"Cat\u00e1logo\",\"item\":\"https:\\\/\\\/letrame.com\\\/catalogo\\\/\"},{\"@type\":\"ListItem\",\"position\":3,\"name\":\"\u00danico\"}]},{\"@type\":\"WebSite\",\"@id\":\"https:\\\/\\\/letrame.com\\\/catalogo\\\/#website\",\"url\":\"https:\\\/\\\/letrame.com\\\/catalogo\\\/\",\"name\":\"Catalogo | Letrame Grupo Editorial\",\"description\":\"\",\"publisher\":{\"@id\":\"https:\\\/\\\/letrame.com\\\/catalogo\\\/#organization\"},\"potentialAction\":[{\"@type\":\"SearchAction\",\"target\":{\"@type\":\"EntryPoint\",\"urlTemplate\":\"https:\\\/\\\/letrame.com\\\/catalogo\\\/?s={search_term_string}\"},\"query-input\":{\"@type\":\"PropertyValueSpecification\",\"valueRequired\":true,\"valueName\":\"search_term_string\"}}],\"inLanguage\":\"es\"},{\"@type\":\"Organization\",\"@id\":\"https:\\\/\\\/letrame.com\\\/catalogo\\\/#organization\",\"name\":\"Catalogo | Letrame Grupo Editorial\",\"url\":\"https:\\\/\\\/letrame.com\\\/catalogo\\\/\",\"logo\":{\"@type\":\"ImageObject\",\"inLanguage\":\"es\",\"@id\":\"https:\\\/\\\/letrame.com\\\/catalogo\\\/#\\\/schema\\\/logo\\\/image\\\/\",\"url\":\"https:\\\/\\\/letrame.com\\\/catalogo\\\/wp-content\\\/uploads\\\/2024\\\/03\\\/logo2.webp\",\"contentUrl\":\"https:\\\/\\\/letrame.com\\\/catalogo\\\/wp-content\\\/uploads\\\/2024\\\/03\\\/logo2.webp\",\"width\":394,\"height\":128,\"caption\":\"Catalogo | Letrame Grupo Editorial\"},\"image\":{\"@id\":\"https:\\\/\\\/letrame.com\\\/catalogo\\\/#\\\/schema\\\/logo\\\/image\\\/\"}}]}<\/script>\n<!-- \/ Yoast SEO plugin. -->","yoast_head_json":{"title":"\u00danico - Catalogo | Letrame Grupo Editorial","robots":{"index":"index","follow":"follow","max-snippet":"max-snippet:-1","max-image-preview":"max-image-preview:large","max-video-preview":"max-video-preview:-1"},"canonical":"https:\/\/letrame.com\/catalogo\/producto\/unico\/","og_locale":"es_ES","og_type":"article","og_title":"\u00danico - Catalogo | Letrame Grupo Editorial","og_description":"ISBN: 9788410681019 SINOPSIS Bel\u00e9n Gallego da vida a un caleidoscopio de emociones. Cual mapa estelar, nos gu\u00eda a trav\u00e9s de los senderos del amor, la p\u00e9rdida o la autorreflexi\u00f3n. Con cada verso, Gallego teje las fibras de la experiencia humana, revelando un universo \u00fanico donde las emociones bailan con la intensidad de la sinceridad. Cada poema es una llave que abre la puerta a la esencia de la autora, inst\u00e1ndonos a explorar nuestros propios laberintos internos mientras nos dejamos llevar por este viaje l\u00edrico lleno de amor, desamor y autodescubrimiento. Descubre el eco de sus pensamientos y la danza de sus palabras en este llamado a la introspecci\u00f3n, a perderse para encontrarse en las profundidades de la propia existencia. Unico: Solo t\u00fa, mi viaje al yo interior es un canto a la autenticidad, a explorar los matices del ser y a descubrir la belleza en la singularidad. Un poemario que deja una marca imborrable en el coraz\u00f3n de aquellos que se aventuran entre sus p\u00e1ginas.","og_url":"https:\/\/letrame.com\/catalogo\/producto\/unico\/","og_site_name":"Catalogo | Letrame Grupo Editorial","article_modified_time":"2025-11-27T13:43:59+00:00","og_image":[{"width":345,"height":499,"url":"https:\/\/letrame.com\/catalogo\/wp-content\/uploads\/2025\/11\/unico_98mm4.gif","type":"image\/gif"}],"twitter_card":"summary_large_image","twitter_misc":{"Tiempo de lectura":"1 minuto"},"schema":{"@context":"https:\/\/schema.org","@graph":[{"@type":"WebPage","@id":"https:\/\/letrame.com\/catalogo\/producto\/unico\/","url":"https:\/\/letrame.com\/catalogo\/producto\/unico\/","name":"\u00danico - Catalogo | Letrame Grupo Editorial","isPartOf":{"@id":"https:\/\/letrame.com\/catalogo\/#website"},"primaryImageOfPage":{"@id":"https:\/\/letrame.com\/catalogo\/producto\/unico\/#primaryimage"},"image":{"@id":"https:\/\/letrame.com\/catalogo\/producto\/unico\/#primaryimage"},"thumbnailUrl":"https:\/\/letrame.com\/catalogo\/wp-content\/uploads\/2025\/11\/unico_98mm4.gif","datePublished":"2025-11-27T13:39:25+00:00","dateModified":"2025-11-27T13:43:59+00:00","breadcrumb":{"@id":"https:\/\/letrame.com\/catalogo\/producto\/unico\/#breadcrumb"},"inLanguage":"es","potentialAction":[{"@type":"ReadAction","target":["https:\/\/letrame.com\/catalogo\/producto\/unico\/"]}]},{"@type":"ImageObject","inLanguage":"es","@id":"https:\/\/letrame.com\/catalogo\/producto\/unico\/#primaryimage","url":"https:\/\/letrame.com\/catalogo\/wp-content\/uploads\/2025\/11\/unico_98mm4.gif","contentUrl":"https:\/\/letrame.com\/catalogo\/wp-content\/uploads\/2025\/11\/unico_98mm4.gif","width":345,"height":499},{"@type":"BreadcrumbList","@id":"https:\/\/letrame.com\/catalogo\/producto\/unico\/#breadcrumb","itemListElement":[{"@type":"ListItem","position":1,"name":"Portada","item":"https:\/\/letrame.com\/catalogo\/"},{"@type":"ListItem","position":2,"name":"Cat\u00e1logo","item":"https:\/\/letrame.com\/catalogo\/"},{"@type":"ListItem","position":3,"name":"\u00danico"}]},{"@type":"WebSite","@id":"https:\/\/letrame.com\/catalogo\/#website","url":"https:\/\/letrame.com\/catalogo\/","name":"Catalogo | Letrame Grupo Editorial","description":"","publisher":{"@id":"https:\/\/letrame.com\/catalogo\/#organization"},"potentialAction":[{"@type":"SearchAction","target":{"@type":"EntryPoint","urlTemplate":"https:\/\/letrame.com\/catalogo\/?s={search_term_string}"},"query-input":{"@type":"PropertyValueSpecification","valueRequired":true,"valueName":"search_term_string"}}],"inLanguage":"es"},{"@type":"Organization","@id":"https:\/\/letrame.com\/catalogo\/#organization","name":"Catalogo | Letrame Grupo Editorial","url":"https:\/\/letrame.com\/catalogo\/","logo":{"@type":"ImageObject","inLanguage":"es","@id":"https:\/\/letrame.com\/catalogo\/#\/schema\/logo\/image\/","url":"https:\/\/letrame.com\/catalogo\/wp-content\/uploads\/2024\/03\/logo2.webp","contentUrl":"https:\/\/letrame.com\/catalogo\/wp-content\/uploads\/2024\/03\/logo2.webp","width":394,"height":128,"caption":"Catalogo | Letrame Grupo Editorial"},"image":{"@id":"https:\/\/letrame.com\/catalogo\/#\/schema\/logo\/image\/"}}]}},"_links":{"self":[{"href":"https:\/\/letrame.com\/catalogo\/wp-json\/wp\/v2\/product\/109755","targetHints":{"allow":["GET"]}}],"collection":[{"href":"https:\/\/letrame.com\/catalogo\/wp-json\/wp\/v2\/product"}],"about":[{"href":"https:\/\/letrame.com\/catalogo\/wp-json\/wp\/v2\/types\/product"}],"replies":[{"embeddable":true,"href":"https:\/\/letrame.com\/catalogo\/wp-json\/wp\/v2\/comments?post=109755"}],"acf:post":[{"embeddable":true,"href":"https:\/\/letrame.com\/catalogo\/wp-json\/wp\/v2\/author_book\/109757"}],"wp:featuredmedia":[{"embeddable":true,"href":"https:\/\/letrame.com\/catalogo\/wp-json\/wp\/v2\/media\/109756"}],"wp:attachment":[{"href":"https:\/\/letrame.com\/catalogo\/wp-json\/wp\/v2\/media?parent=109755"}],"wp:term":[{"taxonomy":"libro","embeddable":true,"href":"https:\/\/letrame.com\/catalogo\/wp-json\/wp\/v2\/libro?post=109755"},{"taxonomy":"product_brand","embeddable":true,"href":"https:\/\/letrame.com\/catalogo\/wp-json\/wp\/v2\/product_brand?post=109755"},{"taxonomy":"product_cat","embeddable":true,"href":"https:\/\/letrame.com\/catalogo\/wp-json\/wp\/v2\/product_cat?post=109755"},{"taxonomy":"product_tag","embeddable":true,"href":"https:\/\/letrame.com\/catalogo\/wp-json\/wp\/v2\/product_tag?post=109755"}],"curies":[{"name":"wp","href":"https:\/\/api.w.org\/{rel}","templated":true}]}}