{"id":109745,"date":"2025-11-27T14:04:44","date_gmt":"2025-11-27T13:04:44","guid":{"rendered":"https:\/\/letrame.com\/catalogo\/?post_type=product&#038;p=109745"},"modified":"2025-11-27T14:11:23","modified_gmt":"2025-11-27T13:11:23","slug":"tocat-pero-no-enfonsat","status":"publish","type":"product","link":"https:\/\/letrame.com\/catalogo\/producto\/tocat-pero-no-enfonsat\/","title":{"rendered":"Tocat per\u00f2 no enfonsat"},"content":{"rendered":"<p class=\"p1\"><b>ISBN: 9791370128906<\/b><b><\/b><\/p>\n<p class=\"p1\"><b>T\u00edtulo: Tocat per\u00f2 no enfonsat<\/b><b><\/b><\/p>\n<p class=\"p1\"><b>Fecha: 2025<\/b><b><\/b><\/p>\n<p class=\"p1\"><b>P\u00e1ginas: 128<\/b><b><\/b><\/p>\n<p class=\"p1\"><b>SINOPSIS<\/b><\/p>\n<p>Durant dotze anys vaig viure immers en la foscor de l&#8217;assetjament escolar, all\u00f2 que avui coneixem com a bullying.<br \/>\nCada dia era una lluita silenciosa, un crit ofegat entre quatre parets, mentre la majoria dels casos quedaven invisibles, ignorats per aquells que haurien pogut posar-hi fi.<br \/>\nAquest Ilibre no \u00e9s nom\u00e9s el relat d&#8217;una etapa dolorosa que hauria volgut tancar molt abans; \u00e9s tamb\u00e9 un viatge valent cap a la superaci\u00f3 i l&#8217;esperan\u00e7a. Hi descobrir\u00e0s la for\u00e7a de lluitar pels teus somnis, la import\u00e0ncia de no deixar que ning\u00fa apagui la teva llum i el valor de ser fidel a qui ets, passi el que passi.<br \/>\nEt commour\u00e0, potser et far\u00e0 plorar, per\u00f2 sobretot et recordar\u00e0 que sempre hi ha una sortida i una for\u00e7a interior capa\u00e7 de transformar el dolor en victoria.<\/p>\n","protected":false},"excerpt":{"rendered":"<p><b>ISBN: 9791370128906<\/b><\/p>\n<p class=\"p1\"><b>SINOPSIS<\/b><\/p>\n<p>Durant dotze anys vaig viure immers en la foscor de l&#8217;assetjament escolar, all\u00f2 que avui coneixem com a bullying.<br \/>\nCada dia era una lluita silenciosa, un crit ofegat entre quatre parets, mentre la majoria dels casos quedaven invisibles, ignorats per aquells que haurien pogut posar-hi fi.<br \/>\nAquest Ilibre no \u00e9s nom\u00e9s el relat d&#8217;una etapa dolorosa que hauria volgut tancar molt abans; \u00e9s tamb\u00e9 un viatge valent cap a la superaci\u00f3 i l&#8217;esperan\u00e7a. Hi descobrir\u00e0s la for\u00e7a de lluitar pels teus somnis, la import\u00e0ncia de no deixar que ning\u00fa apagui la teva llum i el valor de ser fidel a qui ets, passi el que passi.<br \/>\nEt commour\u00e0, potser et far\u00e0 plorar, per\u00f2 sobretot et recordar\u00e0 que sempre hi ha una sortida i una for\u00e7a interior capa\u00e7 de transformar el dolor en victoria.<\/p>\n","protected":false},"featured_media":109746,"comment_status":"open","ping_status":"closed","template":"","meta":{"_acf_changed":false},"libro":[],"product_brand":[],"product_cat":[38],"product_tag":[],"class_list":{"0":"post-109745","1":"product","2":"type-product","3":"status-publish","4":"has-post-thumbnail","6":"product_cat-narrativa-infantil","8":"first","9":"instock","10":"shipping-taxable","11":"product-type-simple"},"acf":{"autor":[109747],"enlace_de_compra":"https:\/\/www.amazon.es\/Tocat-per%C3%B2-enfonsat-Desarrollo-personal\/dp\/B0FXTHLVP8\/ref=sr_1_1?__mk_es_ES=%C3%85M%C3%85%C5%BD%C3%95%C3%91&crid=3S8K77UR3S39A&dib=eyJ2IjoiMSJ9.7kNVOfLlZuy4rjmbmS2HJA.jMOH9CX1Pmpl-iM69LkUuBOnk4HpWbnl2blPE9VE-S4&dib_tag=se&keywords=TOCAT+PERO+letrame&qid=1764248159&s=books&sprefix=tocat+pero+letrame%2Cstripbooks%2C85&sr=1-1"},"yoast_head":"<!-- This site is optimized with the Yoast SEO plugin v27.4 - https:\/\/yoast.com\/product\/yoast-seo-wordpress\/ -->\n<title>Tocat per\u00f2 no enfonsat - Catalogo | Letrame Grupo Editorial<\/title>\n<meta name=\"robots\" content=\"index, follow, max-snippet:-1, max-image-preview:large, max-video-preview:-1\" \/>\n<link rel=\"canonical\" href=\"https:\/\/letrame.com\/catalogo\/producto\/tocat-pero-no-enfonsat\/\" \/>\n<meta property=\"og:locale\" content=\"es_ES\" \/>\n<meta property=\"og:type\" content=\"article\" \/>\n<meta property=\"og:title\" content=\"Tocat per\u00f2 no enfonsat - Catalogo | Letrame Grupo Editorial\" \/>\n<meta property=\"og:description\" content=\"ISBN: 9791370128906 SINOPSIS Durant dotze anys vaig viure immers en la foscor de l&#039;assetjament escolar, all\u00f2 que avui coneixem com a bullying. Cada dia era una lluita silenciosa, un crit ofegat entre quatre parets, mentre la majoria dels casos quedaven invisibles, ignorats per aquells que haurien pogut posar-hi fi. Aquest Ilibre no \u00e9s nom\u00e9s el relat d&#039;una etapa dolorosa que hauria volgut tancar molt abans; \u00e9s tamb\u00e9 un viatge valent cap a la superaci\u00f3 i l&#039;esperan\u00e7a. Hi descobrir\u00e0s la for\u00e7a de lluitar pels teus somnis, la import\u00e0ncia de no deixar que ning\u00fa apagui la teva llum i el valor de ser fidel a qui ets, passi el que passi. Et commour\u00e0, potser et far\u00e0 plorar, per\u00f2 sobretot et recordar\u00e0 que sempre hi ha una sortida i una for\u00e7a interior capa\u00e7 de transformar el dolor en victoria.\" \/>\n<meta property=\"og:url\" content=\"https:\/\/letrame.com\/catalogo\/producto\/tocat-pero-no-enfonsat\/\" \/>\n<meta property=\"og:site_name\" content=\"Catalogo | Letrame Grupo Editorial\" \/>\n<meta property=\"article:modified_time\" content=\"2025-11-27T13:11:23+00:00\" \/>\n<meta property=\"og:image\" content=\"https:\/\/letrame.com\/catalogo\/wp-content\/uploads\/2025\/11\/XXtocatperonoenfonsat_772mm4.gif\" \/>\n\t<meta property=\"og:image:width\" content=\"384\" \/>\n\t<meta property=\"og:image:height\" content=\"563\" \/>\n\t<meta property=\"og:image:type\" content=\"image\/gif\" \/>\n<meta name=\"twitter:card\" content=\"summary_large_image\" \/>\n<meta name=\"twitter:label1\" content=\"Tiempo de lectura\" \/>\n\t<meta name=\"twitter:data1\" content=\"1 minuto\" \/>\n<script type=\"application\/ld+json\" class=\"yoast-schema-graph\">{\"@context\":\"https:\\\/\\\/schema.org\",\"@graph\":[{\"@type\":\"WebPage\",\"@id\":\"https:\\\/\\\/letrame.com\\\/catalogo\\\/producto\\\/tocat-pero-no-enfonsat\\\/\",\"url\":\"https:\\\/\\\/letrame.com\\\/catalogo\\\/producto\\\/tocat-pero-no-enfonsat\\\/\",\"name\":\"Tocat per\u00f2 no enfonsat - Catalogo | Letrame Grupo Editorial\",\"isPartOf\":{\"@id\":\"https:\\\/\\\/letrame.com\\\/catalogo\\\/#website\"},\"primaryImageOfPage\":{\"@id\":\"https:\\\/\\\/letrame.com\\\/catalogo\\\/producto\\\/tocat-pero-no-enfonsat\\\/#primaryimage\"},\"image\":{\"@id\":\"https:\\\/\\\/letrame.com\\\/catalogo\\\/producto\\\/tocat-pero-no-enfonsat\\\/#primaryimage\"},\"thumbnailUrl\":\"https:\\\/\\\/letrame.com\\\/catalogo\\\/wp-content\\\/uploads\\\/2025\\\/11\\\/XXtocatperonoenfonsat_772mm4.gif\",\"datePublished\":\"2025-11-27T13:04:44+00:00\",\"dateModified\":\"2025-11-27T13:11:23+00:00\",\"breadcrumb\":{\"@id\":\"https:\\\/\\\/letrame.com\\\/catalogo\\\/producto\\\/tocat-pero-no-enfonsat\\\/#breadcrumb\"},\"inLanguage\":\"es\",\"potentialAction\":[{\"@type\":\"ReadAction\",\"target\":[\"https:\\\/\\\/letrame.com\\\/catalogo\\\/producto\\\/tocat-pero-no-enfonsat\\\/\"]}]},{\"@type\":\"ImageObject\",\"inLanguage\":\"es\",\"@id\":\"https:\\\/\\\/letrame.com\\\/catalogo\\\/producto\\\/tocat-pero-no-enfonsat\\\/#primaryimage\",\"url\":\"https:\\\/\\\/letrame.com\\\/catalogo\\\/wp-content\\\/uploads\\\/2025\\\/11\\\/XXtocatperonoenfonsat_772mm4.gif\",\"contentUrl\":\"https:\\\/\\\/letrame.com\\\/catalogo\\\/wp-content\\\/uploads\\\/2025\\\/11\\\/XXtocatperonoenfonsat_772mm4.gif\",\"width\":384,\"height\":563},{\"@type\":\"BreadcrumbList\",\"@id\":\"https:\\\/\\\/letrame.com\\\/catalogo\\\/producto\\\/tocat-pero-no-enfonsat\\\/#breadcrumb\",\"itemListElement\":[{\"@type\":\"ListItem\",\"position\":1,\"name\":\"Portada\",\"item\":\"https:\\\/\\\/letrame.com\\\/catalogo\\\/\"},{\"@type\":\"ListItem\",\"position\":2,\"name\":\"Cat\u00e1logo\",\"item\":\"https:\\\/\\\/letrame.com\\\/catalogo\\\/\"},{\"@type\":\"ListItem\",\"position\":3,\"name\":\"Tocat per\u00f2 no enfonsat\"}]},{\"@type\":\"WebSite\",\"@id\":\"https:\\\/\\\/letrame.com\\\/catalogo\\\/#website\",\"url\":\"https:\\\/\\\/letrame.com\\\/catalogo\\\/\",\"name\":\"Catalogo | Letrame Grupo Editorial\",\"description\":\"\",\"publisher\":{\"@id\":\"https:\\\/\\\/letrame.com\\\/catalogo\\\/#organization\"},\"potentialAction\":[{\"@type\":\"SearchAction\",\"target\":{\"@type\":\"EntryPoint\",\"urlTemplate\":\"https:\\\/\\\/letrame.com\\\/catalogo\\\/?s={search_term_string}\"},\"query-input\":{\"@type\":\"PropertyValueSpecification\",\"valueRequired\":true,\"valueName\":\"search_term_string\"}}],\"inLanguage\":\"es\"},{\"@type\":\"Organization\",\"@id\":\"https:\\\/\\\/letrame.com\\\/catalogo\\\/#organization\",\"name\":\"Catalogo | Letrame Grupo Editorial\",\"url\":\"https:\\\/\\\/letrame.com\\\/catalogo\\\/\",\"logo\":{\"@type\":\"ImageObject\",\"inLanguage\":\"es\",\"@id\":\"https:\\\/\\\/letrame.com\\\/catalogo\\\/#\\\/schema\\\/logo\\\/image\\\/\",\"url\":\"https:\\\/\\\/letrame.com\\\/catalogo\\\/wp-content\\\/uploads\\\/2024\\\/03\\\/logo2.webp\",\"contentUrl\":\"https:\\\/\\\/letrame.com\\\/catalogo\\\/wp-content\\\/uploads\\\/2024\\\/03\\\/logo2.webp\",\"width\":394,\"height\":128,\"caption\":\"Catalogo | Letrame Grupo Editorial\"},\"image\":{\"@id\":\"https:\\\/\\\/letrame.com\\\/catalogo\\\/#\\\/schema\\\/logo\\\/image\\\/\"}}]}<\/script>\n<!-- \/ Yoast SEO plugin. -->","yoast_head_json":{"title":"Tocat per\u00f2 no enfonsat - Catalogo | Letrame Grupo Editorial","robots":{"index":"index","follow":"follow","max-snippet":"max-snippet:-1","max-image-preview":"max-image-preview:large","max-video-preview":"max-video-preview:-1"},"canonical":"https:\/\/letrame.com\/catalogo\/producto\/tocat-pero-no-enfonsat\/","og_locale":"es_ES","og_type":"article","og_title":"Tocat per\u00f2 no enfonsat - Catalogo | Letrame Grupo Editorial","og_description":"ISBN: 9791370128906 SINOPSIS Durant dotze anys vaig viure immers en la foscor de l'assetjament escolar, all\u00f2 que avui coneixem com a bullying. Cada dia era una lluita silenciosa, un crit ofegat entre quatre parets, mentre la majoria dels casos quedaven invisibles, ignorats per aquells que haurien pogut posar-hi fi. Aquest Ilibre no \u00e9s nom\u00e9s el relat d'una etapa dolorosa que hauria volgut tancar molt abans; \u00e9s tamb\u00e9 un viatge valent cap a la superaci\u00f3 i l'esperan\u00e7a. Hi descobrir\u00e0s la for\u00e7a de lluitar pels teus somnis, la import\u00e0ncia de no deixar que ning\u00fa apagui la teva llum i el valor de ser fidel a qui ets, passi el que passi. Et commour\u00e0, potser et far\u00e0 plorar, per\u00f2 sobretot et recordar\u00e0 que sempre hi ha una sortida i una for\u00e7a interior capa\u00e7 de transformar el dolor en victoria.","og_url":"https:\/\/letrame.com\/catalogo\/producto\/tocat-pero-no-enfonsat\/","og_site_name":"Catalogo | Letrame Grupo Editorial","article_modified_time":"2025-11-27T13:11:23+00:00","og_image":[{"width":384,"height":563,"url":"https:\/\/letrame.com\/catalogo\/wp-content\/uploads\/2025\/11\/XXtocatperonoenfonsat_772mm4.gif","type":"image\/gif"}],"twitter_card":"summary_large_image","twitter_misc":{"Tiempo de lectura":"1 minuto"},"schema":{"@context":"https:\/\/schema.org","@graph":[{"@type":"WebPage","@id":"https:\/\/letrame.com\/catalogo\/producto\/tocat-pero-no-enfonsat\/","url":"https:\/\/letrame.com\/catalogo\/producto\/tocat-pero-no-enfonsat\/","name":"Tocat per\u00f2 no enfonsat - Catalogo | Letrame Grupo Editorial","isPartOf":{"@id":"https:\/\/letrame.com\/catalogo\/#website"},"primaryImageOfPage":{"@id":"https:\/\/letrame.com\/catalogo\/producto\/tocat-pero-no-enfonsat\/#primaryimage"},"image":{"@id":"https:\/\/letrame.com\/catalogo\/producto\/tocat-pero-no-enfonsat\/#primaryimage"},"thumbnailUrl":"https:\/\/letrame.com\/catalogo\/wp-content\/uploads\/2025\/11\/XXtocatperonoenfonsat_772mm4.gif","datePublished":"2025-11-27T13:04:44+00:00","dateModified":"2025-11-27T13:11:23+00:00","breadcrumb":{"@id":"https:\/\/letrame.com\/catalogo\/producto\/tocat-pero-no-enfonsat\/#breadcrumb"},"inLanguage":"es","potentialAction":[{"@type":"ReadAction","target":["https:\/\/letrame.com\/catalogo\/producto\/tocat-pero-no-enfonsat\/"]}]},{"@type":"ImageObject","inLanguage":"es","@id":"https:\/\/letrame.com\/catalogo\/producto\/tocat-pero-no-enfonsat\/#primaryimage","url":"https:\/\/letrame.com\/catalogo\/wp-content\/uploads\/2025\/11\/XXtocatperonoenfonsat_772mm4.gif","contentUrl":"https:\/\/letrame.com\/catalogo\/wp-content\/uploads\/2025\/11\/XXtocatperonoenfonsat_772mm4.gif","width":384,"height":563},{"@type":"BreadcrumbList","@id":"https:\/\/letrame.com\/catalogo\/producto\/tocat-pero-no-enfonsat\/#breadcrumb","itemListElement":[{"@type":"ListItem","position":1,"name":"Portada","item":"https:\/\/letrame.com\/catalogo\/"},{"@type":"ListItem","position":2,"name":"Cat\u00e1logo","item":"https:\/\/letrame.com\/catalogo\/"},{"@type":"ListItem","position":3,"name":"Tocat per\u00f2 no enfonsat"}]},{"@type":"WebSite","@id":"https:\/\/letrame.com\/catalogo\/#website","url":"https:\/\/letrame.com\/catalogo\/","name":"Catalogo | Letrame Grupo Editorial","description":"","publisher":{"@id":"https:\/\/letrame.com\/catalogo\/#organization"},"potentialAction":[{"@type":"SearchAction","target":{"@type":"EntryPoint","urlTemplate":"https:\/\/letrame.com\/catalogo\/?s={search_term_string}"},"query-input":{"@type":"PropertyValueSpecification","valueRequired":true,"valueName":"search_term_string"}}],"inLanguage":"es"},{"@type":"Organization","@id":"https:\/\/letrame.com\/catalogo\/#organization","name":"Catalogo | Letrame Grupo Editorial","url":"https:\/\/letrame.com\/catalogo\/","logo":{"@type":"ImageObject","inLanguage":"es","@id":"https:\/\/letrame.com\/catalogo\/#\/schema\/logo\/image\/","url":"https:\/\/letrame.com\/catalogo\/wp-content\/uploads\/2024\/03\/logo2.webp","contentUrl":"https:\/\/letrame.com\/catalogo\/wp-content\/uploads\/2024\/03\/logo2.webp","width":394,"height":128,"caption":"Catalogo | Letrame Grupo Editorial"},"image":{"@id":"https:\/\/letrame.com\/catalogo\/#\/schema\/logo\/image\/"}}]}},"_links":{"self":[{"href":"https:\/\/letrame.com\/catalogo\/wp-json\/wp\/v2\/product\/109745","targetHints":{"allow":["GET"]}}],"collection":[{"href":"https:\/\/letrame.com\/catalogo\/wp-json\/wp\/v2\/product"}],"about":[{"href":"https:\/\/letrame.com\/catalogo\/wp-json\/wp\/v2\/types\/product"}],"replies":[{"embeddable":true,"href":"https:\/\/letrame.com\/catalogo\/wp-json\/wp\/v2\/comments?post=109745"}],"acf:post":[{"embeddable":true,"href":"https:\/\/letrame.com\/catalogo\/wp-json\/wp\/v2\/author_book\/109747"}],"wp:featuredmedia":[{"embeddable":true,"href":"https:\/\/letrame.com\/catalogo\/wp-json\/wp\/v2\/media\/109746"}],"wp:attachment":[{"href":"https:\/\/letrame.com\/catalogo\/wp-json\/wp\/v2\/media?parent=109745"}],"wp:term":[{"taxonomy":"libro","embeddable":true,"href":"https:\/\/letrame.com\/catalogo\/wp-json\/wp\/v2\/libro?post=109745"},{"taxonomy":"product_brand","embeddable":true,"href":"https:\/\/letrame.com\/catalogo\/wp-json\/wp\/v2\/product_brand?post=109745"},{"taxonomy":"product_cat","embeddable":true,"href":"https:\/\/letrame.com\/catalogo\/wp-json\/wp\/v2\/product_cat?post=109745"},{"taxonomy":"product_tag","embeddable":true,"href":"https:\/\/letrame.com\/catalogo\/wp-json\/wp\/v2\/product_tag?post=109745"}],"curies":[{"name":"wp","href":"https:\/\/api.w.org\/{rel}","templated":true}]}}