{"id":109723,"date":"2025-11-26T14:06:47","date_gmt":"2025-11-26T13:06:47","guid":{"rendered":"https:\/\/letrame.com\/catalogo\/?post_type=product&#038;p=109723"},"modified":"2025-11-26T14:14:56","modified_gmt":"2025-11-26T13:14:56","slug":"de-rosas-y-espinas","status":"publish","type":"product","link":"https:\/\/letrame.com\/catalogo\/producto\/de-rosas-y-espinas\/","title":{"rendered":"De Rosas y Espinas"},"content":{"rendered":"<p class=\"p1\"><b>ISBN: 9791370129125<\/b><b><\/b><\/p>\n<p class=\"p1\"><b>T\u00edtulo: De Rosas y Espinas<\/b><b><\/b><\/p>\n<p class=\"p1\"><b>Fecha: 2025<\/b><b><\/b><\/p>\n<p class=\"p1\"><b>P\u00e1ginas: 174<\/b><b><\/b><\/p>\n<p class=\"p1\"><b>SINOPSIS<\/b><\/p>\n<p>El amor puede florecer incluso sobre las heridas m\u00e1s hondas. Jack ha vivido demasiado pronto lo que otros tardan en conocer: la p\u00e9rdida, la culpa, la rebeld\u00eda y un pasado que insiste en regresar. Eva, en cambio, parece tenerlo todo bajo control: belleza, inteligencia y \u00e9xito, aunque tras esa apariencia late un vac\u00edo que la consume en silencio. Cuando sus caminos se cruzan, ambos descubren que hay encuentros capaces de trastocar todo lo que cre\u00edan cierto. Pero amar no es solo abrazar lo nuevo, sino tambi\u00e9n enfrentarse a lo que se oculta tras la memoria, las verdades que duelen y a los secretos que pueden desgarrar lo que m\u00e1s se desea proteger.<br \/>\nEntre rosas que prometen eternidad y espinas que recuerdan lo fr\u00e1gil de lo humano, esta historia habla de segundas oportunidades, de la fuerza<br \/>\ndel destino y de la eterna pregunta:<br \/>\n\u00bfHasta d\u00f3nde ser\u00edas capaz de llegar para no perder lo que amas?<\/p>\n","protected":false},"excerpt":{"rendered":"<p class=\"p1\"><b>ISBN: 9791370129125<\/b><b><\/b><\/p>\n<p class=\"p1\"><b>SINOPSIS<\/b><\/p>\n<p>El amor puede florecer incluso sobre las heridas m\u00e1s hondas. Jack ha vivido demasiado pronto lo que otros tardan en conocer: la p\u00e9rdida, la culpa, la rebeld\u00eda y un pasado que insiste en regresar. Eva, en cambio, parece tenerlo todo bajo control: belleza, inteligencia y \u00e9xito, aunque tras esa apariencia late un vac\u00edo que la consume en silencio. Cuando sus caminos se cruzan, ambos descubren que hay encuentros capaces de trastocar todo lo que cre\u00edan cierto. Pero amar no es solo abrazar lo nuevo, sino tambi\u00e9n enfrentarse a lo que se oculta tras la memoria, las verdades que duelen y a los secretos que pueden desgarrar lo que m\u00e1s se desea proteger.<br \/>\nEntre rosas que prometen eternidad y espinas que recuerdan lo fr\u00e1gil de lo humano, esta historia habla de segundas oportunidades, de la fuerza<br \/>\ndel destino y de la eterna pregunta:<br \/>\n\u00bfHasta d\u00f3nde ser\u00edas capaz de llegar para no perder lo que amas?<\/p>\n<p>&nbsp;<\/p>\n","protected":false},"featured_media":109724,"comment_status":"open","ping_status":"closed","template":"","meta":{"_acf_changed":false},"libro":[],"product_brand":[],"product_cat":[47],"product_tag":[],"class_list":{"0":"post-109723","1":"product","2":"type-product","3":"status-publish","4":"has-post-thumbnail","6":"product_cat-ciencia-ficcion-misterio","8":"first","9":"instock","10":"shipping-taxable","11":"product-type-simple"},"acf":{"autor":[109725],"enlace_de_compra":"https:\/\/www.amazon.es\/Rosas-y-Espinas-Thriller\/dp\/B0G14FKZ9T\/ref=sr_1_2?__mk_es_ES=%C3%85M%C3%85%C5%BD%C3%95%C3%91&crid=3JIDCLK93M13K&dib=eyJ2IjoiMSJ9.3LB28Rkkwr1EP6PKS6OPtxPLe1PSc_KkDxwTpiwlnH6xRG89dmfu2mKRiYFj5dIU_wkLBVTd5-3SdyrOuxlN2HRSNefw6n93tzH-cyeF7S4.4NfQQEeNBSJEXFERghpgOn5IwAs23CSMwky8lTrfStM&dib_tag=se&keywords=de+rosas+y+espinas+letrame&qid=1764161734&s=books&sprefix=de+rosas+y+espinas+letrame%2Cstripbooks%2C70&sr=1-2"},"yoast_head":"<!-- This site is optimized with the Yoast SEO plugin v27.4 - https:\/\/yoast.com\/product\/yoast-seo-wordpress\/ -->\n<title>De Rosas y Espinas - Catalogo | Letrame Grupo Editorial<\/title>\n<meta name=\"robots\" content=\"index, follow, max-snippet:-1, max-image-preview:large, max-video-preview:-1\" \/>\n<link rel=\"canonical\" href=\"https:\/\/letrame.com\/catalogo\/producto\/de-rosas-y-espinas\/\" \/>\n<meta property=\"og:locale\" content=\"es_ES\" \/>\n<meta property=\"og:type\" content=\"article\" \/>\n<meta property=\"og:title\" content=\"De Rosas y Espinas - Catalogo | Letrame Grupo Editorial\" \/>\n<meta property=\"og:description\" content=\"ISBN: 9791370129125 SINOPSIS El amor puede florecer incluso sobre las heridas m\u00e1s hondas. Jack ha vivido demasiado pronto lo que otros tardan en conocer: la p\u00e9rdida, la culpa, la rebeld\u00eda y un pasado que insiste en regresar. Eva, en cambio, parece tenerlo todo bajo control: belleza, inteligencia y \u00e9xito, aunque tras esa apariencia late un vac\u00edo que la consume en silencio. Cuando sus caminos se cruzan, ambos descubren que hay encuentros capaces de trastocar todo lo que cre\u00edan cierto. Pero amar no es solo abrazar lo nuevo, sino tambi\u00e9n enfrentarse a lo que se oculta tras la memoria, las verdades que duelen y a los secretos que pueden desgarrar lo que m\u00e1s se desea proteger. Entre rosas que prometen eternidad y espinas que recuerdan lo fr\u00e1gil de lo humano, esta historia habla de segundas oportunidades, de la fuerza del destino y de la eterna pregunta: \u00bfHasta d\u00f3nde ser\u00edas capaz de llegar para no perder lo que amas?  &nbsp;\" \/>\n<meta property=\"og:url\" content=\"https:\/\/letrame.com\/catalogo\/producto\/de-rosas-y-espinas\/\" \/>\n<meta property=\"og:site_name\" content=\"Catalogo | Letrame Grupo Editorial\" \/>\n<meta property=\"article:modified_time\" content=\"2025-11-26T13:14:56+00:00\" \/>\n<meta property=\"og:image\" content=\"https:\/\/letrame.com\/catalogo\/wp-content\/uploads\/2025\/11\/derosasyespinas_91mm4.gif\" \/>\n\t<meta property=\"og:image:width\" content=\"366\" \/>\n\t<meta property=\"og:image:height\" content=\"496\" \/>\n\t<meta property=\"og:image:type\" content=\"image\/gif\" \/>\n<meta name=\"twitter:card\" content=\"summary_large_image\" \/>\n<meta name=\"twitter:label1\" content=\"Tiempo de lectura\" \/>\n\t<meta name=\"twitter:data1\" content=\"1 minuto\" \/>\n<script type=\"application\/ld+json\" class=\"yoast-schema-graph\">{\"@context\":\"https:\\\/\\\/schema.org\",\"@graph\":[{\"@type\":\"WebPage\",\"@id\":\"https:\\\/\\\/letrame.com\\\/catalogo\\\/producto\\\/de-rosas-y-espinas\\\/\",\"url\":\"https:\\\/\\\/letrame.com\\\/catalogo\\\/producto\\\/de-rosas-y-espinas\\\/\",\"name\":\"De Rosas y Espinas - Catalogo | Letrame Grupo Editorial\",\"isPartOf\":{\"@id\":\"https:\\\/\\\/letrame.com\\\/catalogo\\\/#website\"},\"primaryImageOfPage\":{\"@id\":\"https:\\\/\\\/letrame.com\\\/catalogo\\\/producto\\\/de-rosas-y-espinas\\\/#primaryimage\"},\"image\":{\"@id\":\"https:\\\/\\\/letrame.com\\\/catalogo\\\/producto\\\/de-rosas-y-espinas\\\/#primaryimage\"},\"thumbnailUrl\":\"https:\\\/\\\/letrame.com\\\/catalogo\\\/wp-content\\\/uploads\\\/2025\\\/11\\\/derosasyespinas_91mm4.gif\",\"datePublished\":\"2025-11-26T13:06:47+00:00\",\"dateModified\":\"2025-11-26T13:14:56+00:00\",\"breadcrumb\":{\"@id\":\"https:\\\/\\\/letrame.com\\\/catalogo\\\/producto\\\/de-rosas-y-espinas\\\/#breadcrumb\"},\"inLanguage\":\"es\",\"potentialAction\":[{\"@type\":\"ReadAction\",\"target\":[\"https:\\\/\\\/letrame.com\\\/catalogo\\\/producto\\\/de-rosas-y-espinas\\\/\"]}]},{\"@type\":\"ImageObject\",\"inLanguage\":\"es\",\"@id\":\"https:\\\/\\\/letrame.com\\\/catalogo\\\/producto\\\/de-rosas-y-espinas\\\/#primaryimage\",\"url\":\"https:\\\/\\\/letrame.com\\\/catalogo\\\/wp-content\\\/uploads\\\/2025\\\/11\\\/derosasyespinas_91mm4.gif\",\"contentUrl\":\"https:\\\/\\\/letrame.com\\\/catalogo\\\/wp-content\\\/uploads\\\/2025\\\/11\\\/derosasyespinas_91mm4.gif\",\"width\":366,\"height\":496},{\"@type\":\"BreadcrumbList\",\"@id\":\"https:\\\/\\\/letrame.com\\\/catalogo\\\/producto\\\/de-rosas-y-espinas\\\/#breadcrumb\",\"itemListElement\":[{\"@type\":\"ListItem\",\"position\":1,\"name\":\"Portada\",\"item\":\"https:\\\/\\\/letrame.com\\\/catalogo\\\/\"},{\"@type\":\"ListItem\",\"position\":2,\"name\":\"Cat\u00e1logo\",\"item\":\"https:\\\/\\\/letrame.com\\\/catalogo\\\/\"},{\"@type\":\"ListItem\",\"position\":3,\"name\":\"De Rosas y Espinas\"}]},{\"@type\":\"WebSite\",\"@id\":\"https:\\\/\\\/letrame.com\\\/catalogo\\\/#website\",\"url\":\"https:\\\/\\\/letrame.com\\\/catalogo\\\/\",\"name\":\"Catalogo | Letrame Grupo Editorial\",\"description\":\"\",\"publisher\":{\"@id\":\"https:\\\/\\\/letrame.com\\\/catalogo\\\/#organization\"},\"potentialAction\":[{\"@type\":\"SearchAction\",\"target\":{\"@type\":\"EntryPoint\",\"urlTemplate\":\"https:\\\/\\\/letrame.com\\\/catalogo\\\/?s={search_term_string}\"},\"query-input\":{\"@type\":\"PropertyValueSpecification\",\"valueRequired\":true,\"valueName\":\"search_term_string\"}}],\"inLanguage\":\"es\"},{\"@type\":\"Organization\",\"@id\":\"https:\\\/\\\/letrame.com\\\/catalogo\\\/#organization\",\"name\":\"Catalogo | Letrame Grupo Editorial\",\"url\":\"https:\\\/\\\/letrame.com\\\/catalogo\\\/\",\"logo\":{\"@type\":\"ImageObject\",\"inLanguage\":\"es\",\"@id\":\"https:\\\/\\\/letrame.com\\\/catalogo\\\/#\\\/schema\\\/logo\\\/image\\\/\",\"url\":\"https:\\\/\\\/letrame.com\\\/catalogo\\\/wp-content\\\/uploads\\\/2024\\\/03\\\/logo2.webp\",\"contentUrl\":\"https:\\\/\\\/letrame.com\\\/catalogo\\\/wp-content\\\/uploads\\\/2024\\\/03\\\/logo2.webp\",\"width\":394,\"height\":128,\"caption\":\"Catalogo | Letrame Grupo Editorial\"},\"image\":{\"@id\":\"https:\\\/\\\/letrame.com\\\/catalogo\\\/#\\\/schema\\\/logo\\\/image\\\/\"}}]}<\/script>\n<!-- \/ Yoast SEO plugin. -->","yoast_head_json":{"title":"De Rosas y Espinas - Catalogo | Letrame Grupo Editorial","robots":{"index":"index","follow":"follow","max-snippet":"max-snippet:-1","max-image-preview":"max-image-preview:large","max-video-preview":"max-video-preview:-1"},"canonical":"https:\/\/letrame.com\/catalogo\/producto\/de-rosas-y-espinas\/","og_locale":"es_ES","og_type":"article","og_title":"De Rosas y Espinas - Catalogo | Letrame Grupo Editorial","og_description":"ISBN: 9791370129125 SINOPSIS El amor puede florecer incluso sobre las heridas m\u00e1s hondas. Jack ha vivido demasiado pronto lo que otros tardan en conocer: la p\u00e9rdida, la culpa, la rebeld\u00eda y un pasado que insiste en regresar. Eva, en cambio, parece tenerlo todo bajo control: belleza, inteligencia y \u00e9xito, aunque tras esa apariencia late un vac\u00edo que la consume en silencio. Cuando sus caminos se cruzan, ambos descubren que hay encuentros capaces de trastocar todo lo que cre\u00edan cierto. Pero amar no es solo abrazar lo nuevo, sino tambi\u00e9n enfrentarse a lo que se oculta tras la memoria, las verdades que duelen y a los secretos que pueden desgarrar lo que m\u00e1s se desea proteger. Entre rosas que prometen eternidad y espinas que recuerdan lo fr\u00e1gil de lo humano, esta historia habla de segundas oportunidades, de la fuerza del destino y de la eterna pregunta: \u00bfHasta d\u00f3nde ser\u00edas capaz de llegar para no perder lo que amas?  &nbsp;","og_url":"https:\/\/letrame.com\/catalogo\/producto\/de-rosas-y-espinas\/","og_site_name":"Catalogo | Letrame Grupo Editorial","article_modified_time":"2025-11-26T13:14:56+00:00","og_image":[{"width":366,"height":496,"url":"https:\/\/letrame.com\/catalogo\/wp-content\/uploads\/2025\/11\/derosasyespinas_91mm4.gif","type":"image\/gif"}],"twitter_card":"summary_large_image","twitter_misc":{"Tiempo de lectura":"1 minuto"},"schema":{"@context":"https:\/\/schema.org","@graph":[{"@type":"WebPage","@id":"https:\/\/letrame.com\/catalogo\/producto\/de-rosas-y-espinas\/","url":"https:\/\/letrame.com\/catalogo\/producto\/de-rosas-y-espinas\/","name":"De Rosas y Espinas - Catalogo | Letrame Grupo Editorial","isPartOf":{"@id":"https:\/\/letrame.com\/catalogo\/#website"},"primaryImageOfPage":{"@id":"https:\/\/letrame.com\/catalogo\/producto\/de-rosas-y-espinas\/#primaryimage"},"image":{"@id":"https:\/\/letrame.com\/catalogo\/producto\/de-rosas-y-espinas\/#primaryimage"},"thumbnailUrl":"https:\/\/letrame.com\/catalogo\/wp-content\/uploads\/2025\/11\/derosasyespinas_91mm4.gif","datePublished":"2025-11-26T13:06:47+00:00","dateModified":"2025-11-26T13:14:56+00:00","breadcrumb":{"@id":"https:\/\/letrame.com\/catalogo\/producto\/de-rosas-y-espinas\/#breadcrumb"},"inLanguage":"es","potentialAction":[{"@type":"ReadAction","target":["https:\/\/letrame.com\/catalogo\/producto\/de-rosas-y-espinas\/"]}]},{"@type":"ImageObject","inLanguage":"es","@id":"https:\/\/letrame.com\/catalogo\/producto\/de-rosas-y-espinas\/#primaryimage","url":"https:\/\/letrame.com\/catalogo\/wp-content\/uploads\/2025\/11\/derosasyespinas_91mm4.gif","contentUrl":"https:\/\/letrame.com\/catalogo\/wp-content\/uploads\/2025\/11\/derosasyespinas_91mm4.gif","width":366,"height":496},{"@type":"BreadcrumbList","@id":"https:\/\/letrame.com\/catalogo\/producto\/de-rosas-y-espinas\/#breadcrumb","itemListElement":[{"@type":"ListItem","position":1,"name":"Portada","item":"https:\/\/letrame.com\/catalogo\/"},{"@type":"ListItem","position":2,"name":"Cat\u00e1logo","item":"https:\/\/letrame.com\/catalogo\/"},{"@type":"ListItem","position":3,"name":"De Rosas y Espinas"}]},{"@type":"WebSite","@id":"https:\/\/letrame.com\/catalogo\/#website","url":"https:\/\/letrame.com\/catalogo\/","name":"Catalogo | Letrame Grupo Editorial","description":"","publisher":{"@id":"https:\/\/letrame.com\/catalogo\/#organization"},"potentialAction":[{"@type":"SearchAction","target":{"@type":"EntryPoint","urlTemplate":"https:\/\/letrame.com\/catalogo\/?s={search_term_string}"},"query-input":{"@type":"PropertyValueSpecification","valueRequired":true,"valueName":"search_term_string"}}],"inLanguage":"es"},{"@type":"Organization","@id":"https:\/\/letrame.com\/catalogo\/#organization","name":"Catalogo | Letrame Grupo Editorial","url":"https:\/\/letrame.com\/catalogo\/","logo":{"@type":"ImageObject","inLanguage":"es","@id":"https:\/\/letrame.com\/catalogo\/#\/schema\/logo\/image\/","url":"https:\/\/letrame.com\/catalogo\/wp-content\/uploads\/2024\/03\/logo2.webp","contentUrl":"https:\/\/letrame.com\/catalogo\/wp-content\/uploads\/2024\/03\/logo2.webp","width":394,"height":128,"caption":"Catalogo | Letrame Grupo Editorial"},"image":{"@id":"https:\/\/letrame.com\/catalogo\/#\/schema\/logo\/image\/"}}]}},"_links":{"self":[{"href":"https:\/\/letrame.com\/catalogo\/wp-json\/wp\/v2\/product\/109723","targetHints":{"allow":["GET"]}}],"collection":[{"href":"https:\/\/letrame.com\/catalogo\/wp-json\/wp\/v2\/product"}],"about":[{"href":"https:\/\/letrame.com\/catalogo\/wp-json\/wp\/v2\/types\/product"}],"replies":[{"embeddable":true,"href":"https:\/\/letrame.com\/catalogo\/wp-json\/wp\/v2\/comments?post=109723"}],"acf:post":[{"embeddable":true,"href":"https:\/\/letrame.com\/catalogo\/wp-json\/wp\/v2\/author_book\/109725"}],"wp:featuredmedia":[{"embeddable":true,"href":"https:\/\/letrame.com\/catalogo\/wp-json\/wp\/v2\/media\/109724"}],"wp:attachment":[{"href":"https:\/\/letrame.com\/catalogo\/wp-json\/wp\/v2\/media?parent=109723"}],"wp:term":[{"taxonomy":"libro","embeddable":true,"href":"https:\/\/letrame.com\/catalogo\/wp-json\/wp\/v2\/libro?post=109723"},{"taxonomy":"product_brand","embeddable":true,"href":"https:\/\/letrame.com\/catalogo\/wp-json\/wp\/v2\/product_brand?post=109723"},{"taxonomy":"product_cat","embeddable":true,"href":"https:\/\/letrame.com\/catalogo\/wp-json\/wp\/v2\/product_cat?post=109723"},{"taxonomy":"product_tag","embeddable":true,"href":"https:\/\/letrame.com\/catalogo\/wp-json\/wp\/v2\/product_tag?post=109723"}],"curies":[{"name":"wp","href":"https:\/\/api.w.org\/{rel}","templated":true}]}}