{"id":109718,"date":"2025-11-26T13:37:54","date_gmt":"2025-11-26T12:37:54","guid":{"rendered":"https:\/\/letrame.com\/catalogo\/?post_type=product&#038;p=109718"},"modified":"2025-11-26T13:40:56","modified_gmt":"2025-11-26T12:40:56","slug":"astrologia-forense-en-accion-vol-2-estudio-de-10-casos-crimenes-accidentes-y-desastres-naturales","status":"publish","type":"product","link":"https:\/\/letrame.com\/catalogo\/producto\/astrologia-forense-en-accion-vol-2-estudio-de-10-casos-crimenes-accidentes-y-desastres-naturales\/","title":{"rendered":"Astrolog\u00eda forense en acci\u00f3n Vol. 2. Estudio de 10 casos: cr\u00edmenes, accidentes y desastres naturales"},"content":{"rendered":"<p class=\"p1\"><b>ISBN: 9791370128937<\/b><b><\/b><\/p>\n<p class=\"p1\"><b>T\u00edtulo: Astrolog\u00eda forense en acci\u00f3n Vol. 2. Estudio de 10 casos: cr\u00edmenes, accidentes y desastres naturales<\/b><b><\/b><\/p>\n<p class=\"p1\"><b>Fecha: 2025<\/b><b><\/b><\/p>\n<p class=\"p1\"><b>P\u00e1ginas: 172<\/b><b><\/b><\/p>\n<p class=\"p1\"><b>SINOPSIS<\/b><\/p>\n<p>La autora contin\u00faa con su prop\u00f3sito de demostrar que la astrolog\u00eda<br \/>\nforense es una ciencia que realmente existe. En este Vol. II aborda<br \/>\ncasos actuales como son las muertes de Gene Hackman, la de Isak<br \/>\nAndic, el accidente de un portero de f\u00fatbol o los ni\u00f1os perdidos<br \/>\nen la selva de Colombia; y otros fr\u00edos y antiguos, como los conocidos<br \/>\ncasos Bobbitt, o del secuestro de Getty. Tambi\u00e9n se ocupa de<br \/>\ncat\u00e1strofes al estudiar el accidente de aviaci\u00f3n de TAM en Brasil,<br \/>\ny de desastres como fueron las riadas mortales en Derna y en New<br \/>\nOrleans.<br \/>\nSus estudios se sustentan en la astrolog\u00eda tradicional pero tambi\u00e9n<br \/>\nutiliza herramientas modernas como por ejemplo la Teor\u00eda de los<br \/>\nGrados Exactos. Aplica de modo original las antiguas antiscias,<br \/>\nabre una puerta al descubrimiento de la existencia de lo que llama<br \/>\nCartas Clonadas \u2014en los casos del Yate en Porticello, y de los<br \/>\nTres Marineros\u2014, y experimenta con lo que llama las Se\u00f1ales de<br \/>\nAspectos Duros.<br \/>\nAun las personas no especializadas en el tema se ver\u00e1n atrapadas<br \/>\nen un libro de gran rigor t\u00e9cnico, con descripciones hist\u00f3ricas y<br \/>\ncontextos sociales que llevan a pensar esta especialidad como una<br \/>\ndiscusi\u00f3n viva, como un di\u00e1logo permanente entre lo humano y lo<br \/>\nc\u00f3smico.<\/p>\n","protected":false},"excerpt":{"rendered":"<p><b>ISBN: 9791370128937<\/b><\/p>\n<p class=\"p1\"><b>SINOPSIS<\/b><\/p>\n<p>La autora contin\u00faa con su prop\u00f3sito de demostrar que la astrolog\u00eda<br \/>\nforense es una ciencia que realmente existe. En este Vol. II aborda<br \/>\ncasos actuales como son las muertes de Gene Hackman, la de Isak<br \/>\nAndic, el accidente de un portero de f\u00fatbol o los ni\u00f1os perdidos<br \/>\nen la selva de Colombia; y otros fr\u00edos y antiguos, como los conocidos<br \/>\ncasos Bobbitt, o del secuestro de Getty. Tambi\u00e9n se ocupa de<br \/>\ncat\u00e1strofes al estudiar el accidente de aviaci\u00f3n de TAM en Brasil,<br \/>\ny de desastres como fueron las riadas mortales en Derna y en New<br \/>\nOrleans.<br \/>\nSus estudios se sustentan en la astrolog\u00eda tradicional pero tambi\u00e9n<br \/>\nutiliza herramientas modernas como por ejemplo la Teor\u00eda de los<br \/>\nGrados Exactos. Aplica de modo original las antiguas antiscias,<br \/>\nabre una puerta al descubrimiento de la existencia de lo que llama<br \/>\nCartas Clonadas \u2014en los casos del Yate en Porticello, y de los<br \/>\nTres Marineros\u2014, y experimenta con lo que llama las Se\u00f1ales de<br \/>\nAspectos Duros.<br \/>\nAun las personas no especializadas en el tema se ver\u00e1n atrapadas<br \/>\nen un libro de gran rigor t\u00e9cnico, con descripciones hist\u00f3ricas y<br \/>\ncontextos sociales que llevan a pensar esta especialidad como una<br \/>\ndiscusi\u00f3n viva, como un di\u00e1logo permanente entre lo humano y lo<br \/>\nc\u00f3smico.<\/p>\n","protected":false},"featured_media":109719,"comment_status":"open","ping_status":"closed","template":"","meta":{"_acf_changed":false},"libro":[],"product_brand":[],"product_cat":[143],"product_tag":[],"class_list":{"0":"post-109718","1":"product","2":"type-product","3":"status-publish","4":"has-post-thumbnail","6":"product_cat-sociologia","8":"first","9":"instock","10":"shipping-taxable","11":"product-type-simple"},"acf":{"autor":[109720],"enlace_de_compra":"https:\/\/www.amazon.es\/Astrolog%C3%ADa-forense-acci%C3%B3n-accidentes-desastres\/dp\/B0FXH9SLLK\/ref=sr_1_1?__mk_es_ES=%C3%85M%C3%85%C5%BD%C3%95%C3%91&crid=2I6PH5XEYILKQ&dib=eyJ2IjoiMSJ9.GZdPtolt7hx2w1X63QK-vg.TVk_5JNlHzfhVnt10JsM1iQwxolSY1X27iLGS5ohY4M&dib_tag=se&keywords=astrologia+forense+letrame&qid=1764160367&s=books&sprefix=astrolog%C3%ADa+forense+letrame%2Cstripbooks%2C58&sr=1-1"},"yoast_head":"<!-- This site is optimized with the Yoast SEO plugin v27.4 - https:\/\/yoast.com\/product\/yoast-seo-wordpress\/ -->\n<title>Astrolog\u00eda forense en acci\u00f3n Vol. 2. Estudio de 10 casos: cr\u00edmenes, accidentes y desastres naturales - Catalogo | Letrame Grupo Editorial<\/title>\n<meta name=\"robots\" content=\"index, follow, max-snippet:-1, max-image-preview:large, max-video-preview:-1\" \/>\n<link rel=\"canonical\" href=\"https:\/\/letrame.com\/catalogo\/producto\/astrologia-forense-en-accion-vol-2-estudio-de-10-casos-crimenes-accidentes-y-desastres-naturales\/\" \/>\n<meta property=\"og:locale\" content=\"es_ES\" \/>\n<meta property=\"og:type\" content=\"article\" \/>\n<meta property=\"og:title\" content=\"Astrolog\u00eda forense en acci\u00f3n Vol. 2. Estudio de 10 casos: cr\u00edmenes, accidentes y desastres naturales - Catalogo | Letrame Grupo Editorial\" \/>\n<meta property=\"og:description\" content=\"ISBN: 9791370128937 SINOPSIS La autora contin\u00faa con su prop\u00f3sito de demostrar que la astrolog\u00eda forense es una ciencia que realmente existe. En este Vol. II aborda casos actuales como son las muertes de Gene Hackman, la de Isak Andic, el accidente de un portero de f\u00fatbol o los ni\u00f1os perdidos en la selva de Colombia; y otros fr\u00edos y antiguos, como los conocidos casos Bobbitt, o del secuestro de Getty. Tambi\u00e9n se ocupa de cat\u00e1strofes al estudiar el accidente de aviaci\u00f3n de TAM en Brasil, y de desastres como fueron las riadas mortales en Derna y en New Orleans. Sus estudios se sustentan en la astrolog\u00eda tradicional pero tambi\u00e9n utiliza herramientas modernas como por ejemplo la Teor\u00eda de los Grados Exactos. Aplica de modo original las antiguas antiscias, abre una puerta al descubrimiento de la existencia de lo que llama Cartas Clonadas \u2014en los casos del Yate en Porticello, y de los Tres Marineros\u2014, y experimenta con lo que llama las Se\u00f1ales de Aspectos Duros. Aun las personas no especializadas en el tema se ver\u00e1n atrapadas en un libro de gran rigor t\u00e9cnico, con descripciones hist\u00f3ricas y contextos sociales que llevan a pensar esta especialidad como una discusi\u00f3n viva, como un di\u00e1logo permanente entre lo humano y lo c\u00f3smico.\" \/>\n<meta property=\"og:url\" content=\"https:\/\/letrame.com\/catalogo\/producto\/astrologia-forense-en-accion-vol-2-estudio-de-10-casos-crimenes-accidentes-y-desastres-naturales\/\" \/>\n<meta property=\"og:site_name\" content=\"Catalogo | Letrame Grupo Editorial\" \/>\n<meta property=\"article:modified_time\" content=\"2025-11-26T12:40:56+00:00\" \/>\n<meta property=\"og:image\" content=\"https:\/\/letrame.com\/catalogo\/wp-content\/uploads\/2025\/11\/4.gif\" \/>\n\t<meta property=\"og:image:width\" content=\"384\" \/>\n\t<meta property=\"og:image:height\" content=\"563\" \/>\n\t<meta property=\"og:image:type\" content=\"image\/gif\" \/>\n<meta name=\"twitter:card\" content=\"summary_large_image\" \/>\n<meta name=\"twitter:label1\" content=\"Tiempo de lectura\" \/>\n\t<meta name=\"twitter:data1\" content=\"2 minutos\" \/>\n<script type=\"application\/ld+json\" class=\"yoast-schema-graph\">{\"@context\":\"https:\\\/\\\/schema.org\",\"@graph\":[{\"@type\":\"WebPage\",\"@id\":\"https:\\\/\\\/letrame.com\\\/catalogo\\\/producto\\\/astrologia-forense-en-accion-vol-2-estudio-de-10-casos-crimenes-accidentes-y-desastres-naturales\\\/\",\"url\":\"https:\\\/\\\/letrame.com\\\/catalogo\\\/producto\\\/astrologia-forense-en-accion-vol-2-estudio-de-10-casos-crimenes-accidentes-y-desastres-naturales\\\/\",\"name\":\"Astrolog\u00eda forense en acci\u00f3n Vol. 2. Estudio de 10 casos: cr\u00edmenes, accidentes y desastres naturales - Catalogo | Letrame Grupo Editorial\",\"isPartOf\":{\"@id\":\"https:\\\/\\\/letrame.com\\\/catalogo\\\/#website\"},\"primaryImageOfPage\":{\"@id\":\"https:\\\/\\\/letrame.com\\\/catalogo\\\/producto\\\/astrologia-forense-en-accion-vol-2-estudio-de-10-casos-crimenes-accidentes-y-desastres-naturales\\\/#primaryimage\"},\"image\":{\"@id\":\"https:\\\/\\\/letrame.com\\\/catalogo\\\/producto\\\/astrologia-forense-en-accion-vol-2-estudio-de-10-casos-crimenes-accidentes-y-desastres-naturales\\\/#primaryimage\"},\"thumbnailUrl\":\"https:\\\/\\\/letrame.com\\\/catalogo\\\/wp-content\\\/uploads\\\/2025\\\/11\\\/4.gif\",\"datePublished\":\"2025-11-26T12:37:54+00:00\",\"dateModified\":\"2025-11-26T12:40:56+00:00\",\"breadcrumb\":{\"@id\":\"https:\\\/\\\/letrame.com\\\/catalogo\\\/producto\\\/astrologia-forense-en-accion-vol-2-estudio-de-10-casos-crimenes-accidentes-y-desastres-naturales\\\/#breadcrumb\"},\"inLanguage\":\"es\",\"potentialAction\":[{\"@type\":\"ReadAction\",\"target\":[\"https:\\\/\\\/letrame.com\\\/catalogo\\\/producto\\\/astrologia-forense-en-accion-vol-2-estudio-de-10-casos-crimenes-accidentes-y-desastres-naturales\\\/\"]}]},{\"@type\":\"ImageObject\",\"inLanguage\":\"es\",\"@id\":\"https:\\\/\\\/letrame.com\\\/catalogo\\\/producto\\\/astrologia-forense-en-accion-vol-2-estudio-de-10-casos-crimenes-accidentes-y-desastres-naturales\\\/#primaryimage\",\"url\":\"https:\\\/\\\/letrame.com\\\/catalogo\\\/wp-content\\\/uploads\\\/2025\\\/11\\\/4.gif\",\"contentUrl\":\"https:\\\/\\\/letrame.com\\\/catalogo\\\/wp-content\\\/uploads\\\/2025\\\/11\\\/4.gif\",\"width\":384,\"height\":563},{\"@type\":\"BreadcrumbList\",\"@id\":\"https:\\\/\\\/letrame.com\\\/catalogo\\\/producto\\\/astrologia-forense-en-accion-vol-2-estudio-de-10-casos-crimenes-accidentes-y-desastres-naturales\\\/#breadcrumb\",\"itemListElement\":[{\"@type\":\"ListItem\",\"position\":1,\"name\":\"Portada\",\"item\":\"https:\\\/\\\/letrame.com\\\/catalogo\\\/\"},{\"@type\":\"ListItem\",\"position\":2,\"name\":\"Cat\u00e1logo\",\"item\":\"https:\\\/\\\/letrame.com\\\/catalogo\\\/\"},{\"@type\":\"ListItem\",\"position\":3,\"name\":\"Astrolog\u00eda forense en acci\u00f3n Vol. 2. Estudio de 10 casos: cr\u00edmenes, accidentes y desastres naturales\"}]},{\"@type\":\"WebSite\",\"@id\":\"https:\\\/\\\/letrame.com\\\/catalogo\\\/#website\",\"url\":\"https:\\\/\\\/letrame.com\\\/catalogo\\\/\",\"name\":\"Catalogo | Letrame Grupo Editorial\",\"description\":\"\",\"publisher\":{\"@id\":\"https:\\\/\\\/letrame.com\\\/catalogo\\\/#organization\"},\"potentialAction\":[{\"@type\":\"SearchAction\",\"target\":{\"@type\":\"EntryPoint\",\"urlTemplate\":\"https:\\\/\\\/letrame.com\\\/catalogo\\\/?s={search_term_string}\"},\"query-input\":{\"@type\":\"PropertyValueSpecification\",\"valueRequired\":true,\"valueName\":\"search_term_string\"}}],\"inLanguage\":\"es\"},{\"@type\":\"Organization\",\"@id\":\"https:\\\/\\\/letrame.com\\\/catalogo\\\/#organization\",\"name\":\"Catalogo | Letrame Grupo Editorial\",\"url\":\"https:\\\/\\\/letrame.com\\\/catalogo\\\/\",\"logo\":{\"@type\":\"ImageObject\",\"inLanguage\":\"es\",\"@id\":\"https:\\\/\\\/letrame.com\\\/catalogo\\\/#\\\/schema\\\/logo\\\/image\\\/\",\"url\":\"https:\\\/\\\/letrame.com\\\/catalogo\\\/wp-content\\\/uploads\\\/2024\\\/03\\\/logo2.webp\",\"contentUrl\":\"https:\\\/\\\/letrame.com\\\/catalogo\\\/wp-content\\\/uploads\\\/2024\\\/03\\\/logo2.webp\",\"width\":394,\"height\":128,\"caption\":\"Catalogo | Letrame Grupo Editorial\"},\"image\":{\"@id\":\"https:\\\/\\\/letrame.com\\\/catalogo\\\/#\\\/schema\\\/logo\\\/image\\\/\"}}]}<\/script>\n<!-- \/ Yoast SEO plugin. -->","yoast_head_json":{"title":"Astrolog\u00eda forense en acci\u00f3n Vol. 2. Estudio de 10 casos: cr\u00edmenes, accidentes y desastres naturales - Catalogo | Letrame Grupo Editorial","robots":{"index":"index","follow":"follow","max-snippet":"max-snippet:-1","max-image-preview":"max-image-preview:large","max-video-preview":"max-video-preview:-1"},"canonical":"https:\/\/letrame.com\/catalogo\/producto\/astrologia-forense-en-accion-vol-2-estudio-de-10-casos-crimenes-accidentes-y-desastres-naturales\/","og_locale":"es_ES","og_type":"article","og_title":"Astrolog\u00eda forense en acci\u00f3n Vol. 2. Estudio de 10 casos: cr\u00edmenes, accidentes y desastres naturales - Catalogo | Letrame Grupo Editorial","og_description":"ISBN: 9791370128937 SINOPSIS La autora contin\u00faa con su prop\u00f3sito de demostrar que la astrolog\u00eda forense es una ciencia que realmente existe. En este Vol. II aborda casos actuales como son las muertes de Gene Hackman, la de Isak Andic, el accidente de un portero de f\u00fatbol o los ni\u00f1os perdidos en la selva de Colombia; y otros fr\u00edos y antiguos, como los conocidos casos Bobbitt, o del secuestro de Getty. Tambi\u00e9n se ocupa de cat\u00e1strofes al estudiar el accidente de aviaci\u00f3n de TAM en Brasil, y de desastres como fueron las riadas mortales en Derna y en New Orleans. Sus estudios se sustentan en la astrolog\u00eda tradicional pero tambi\u00e9n utiliza herramientas modernas como por ejemplo la Teor\u00eda de los Grados Exactos. Aplica de modo original las antiguas antiscias, abre una puerta al descubrimiento de la existencia de lo que llama Cartas Clonadas \u2014en los casos del Yate en Porticello, y de los Tres Marineros\u2014, y experimenta con lo que llama las Se\u00f1ales de Aspectos Duros. Aun las personas no especializadas en el tema se ver\u00e1n atrapadas en un libro de gran rigor t\u00e9cnico, con descripciones hist\u00f3ricas y contextos sociales que llevan a pensar esta especialidad como una discusi\u00f3n viva, como un di\u00e1logo permanente entre lo humano y lo c\u00f3smico.","og_url":"https:\/\/letrame.com\/catalogo\/producto\/astrologia-forense-en-accion-vol-2-estudio-de-10-casos-crimenes-accidentes-y-desastres-naturales\/","og_site_name":"Catalogo | Letrame Grupo Editorial","article_modified_time":"2025-11-26T12:40:56+00:00","og_image":[{"width":384,"height":563,"url":"https:\/\/letrame.com\/catalogo\/wp-content\/uploads\/2025\/11\/4.gif","type":"image\/gif"}],"twitter_card":"summary_large_image","twitter_misc":{"Tiempo de lectura":"2 minutos"},"schema":{"@context":"https:\/\/schema.org","@graph":[{"@type":"WebPage","@id":"https:\/\/letrame.com\/catalogo\/producto\/astrologia-forense-en-accion-vol-2-estudio-de-10-casos-crimenes-accidentes-y-desastres-naturales\/","url":"https:\/\/letrame.com\/catalogo\/producto\/astrologia-forense-en-accion-vol-2-estudio-de-10-casos-crimenes-accidentes-y-desastres-naturales\/","name":"Astrolog\u00eda forense en acci\u00f3n Vol. 2. Estudio de 10 casos: cr\u00edmenes, accidentes y desastres naturales - Catalogo | Letrame Grupo Editorial","isPartOf":{"@id":"https:\/\/letrame.com\/catalogo\/#website"},"primaryImageOfPage":{"@id":"https:\/\/letrame.com\/catalogo\/producto\/astrologia-forense-en-accion-vol-2-estudio-de-10-casos-crimenes-accidentes-y-desastres-naturales\/#primaryimage"},"image":{"@id":"https:\/\/letrame.com\/catalogo\/producto\/astrologia-forense-en-accion-vol-2-estudio-de-10-casos-crimenes-accidentes-y-desastres-naturales\/#primaryimage"},"thumbnailUrl":"https:\/\/letrame.com\/catalogo\/wp-content\/uploads\/2025\/11\/4.gif","datePublished":"2025-11-26T12:37:54+00:00","dateModified":"2025-11-26T12:40:56+00:00","breadcrumb":{"@id":"https:\/\/letrame.com\/catalogo\/producto\/astrologia-forense-en-accion-vol-2-estudio-de-10-casos-crimenes-accidentes-y-desastres-naturales\/#breadcrumb"},"inLanguage":"es","potentialAction":[{"@type":"ReadAction","target":["https:\/\/letrame.com\/catalogo\/producto\/astrologia-forense-en-accion-vol-2-estudio-de-10-casos-crimenes-accidentes-y-desastres-naturales\/"]}]},{"@type":"ImageObject","inLanguage":"es","@id":"https:\/\/letrame.com\/catalogo\/producto\/astrologia-forense-en-accion-vol-2-estudio-de-10-casos-crimenes-accidentes-y-desastres-naturales\/#primaryimage","url":"https:\/\/letrame.com\/catalogo\/wp-content\/uploads\/2025\/11\/4.gif","contentUrl":"https:\/\/letrame.com\/catalogo\/wp-content\/uploads\/2025\/11\/4.gif","width":384,"height":563},{"@type":"BreadcrumbList","@id":"https:\/\/letrame.com\/catalogo\/producto\/astrologia-forense-en-accion-vol-2-estudio-de-10-casos-crimenes-accidentes-y-desastres-naturales\/#breadcrumb","itemListElement":[{"@type":"ListItem","position":1,"name":"Portada","item":"https:\/\/letrame.com\/catalogo\/"},{"@type":"ListItem","position":2,"name":"Cat\u00e1logo","item":"https:\/\/letrame.com\/catalogo\/"},{"@type":"ListItem","position":3,"name":"Astrolog\u00eda forense en acci\u00f3n Vol. 2. Estudio de 10 casos: cr\u00edmenes, accidentes y desastres naturales"}]},{"@type":"WebSite","@id":"https:\/\/letrame.com\/catalogo\/#website","url":"https:\/\/letrame.com\/catalogo\/","name":"Catalogo | Letrame Grupo Editorial","description":"","publisher":{"@id":"https:\/\/letrame.com\/catalogo\/#organization"},"potentialAction":[{"@type":"SearchAction","target":{"@type":"EntryPoint","urlTemplate":"https:\/\/letrame.com\/catalogo\/?s={search_term_string}"},"query-input":{"@type":"PropertyValueSpecification","valueRequired":true,"valueName":"search_term_string"}}],"inLanguage":"es"},{"@type":"Organization","@id":"https:\/\/letrame.com\/catalogo\/#organization","name":"Catalogo | Letrame Grupo Editorial","url":"https:\/\/letrame.com\/catalogo\/","logo":{"@type":"ImageObject","inLanguage":"es","@id":"https:\/\/letrame.com\/catalogo\/#\/schema\/logo\/image\/","url":"https:\/\/letrame.com\/catalogo\/wp-content\/uploads\/2024\/03\/logo2.webp","contentUrl":"https:\/\/letrame.com\/catalogo\/wp-content\/uploads\/2024\/03\/logo2.webp","width":394,"height":128,"caption":"Catalogo | Letrame Grupo Editorial"},"image":{"@id":"https:\/\/letrame.com\/catalogo\/#\/schema\/logo\/image\/"}}]}},"_links":{"self":[{"href":"https:\/\/letrame.com\/catalogo\/wp-json\/wp\/v2\/product\/109718","targetHints":{"allow":["GET"]}}],"collection":[{"href":"https:\/\/letrame.com\/catalogo\/wp-json\/wp\/v2\/product"}],"about":[{"href":"https:\/\/letrame.com\/catalogo\/wp-json\/wp\/v2\/types\/product"}],"replies":[{"embeddable":true,"href":"https:\/\/letrame.com\/catalogo\/wp-json\/wp\/v2\/comments?post=109718"}],"acf:post":[{"embeddable":true,"href":"https:\/\/letrame.com\/catalogo\/wp-json\/wp\/v2\/author_book\/109720"}],"wp:featuredmedia":[{"embeddable":true,"href":"https:\/\/letrame.com\/catalogo\/wp-json\/wp\/v2\/media\/109719"}],"wp:attachment":[{"href":"https:\/\/letrame.com\/catalogo\/wp-json\/wp\/v2\/media?parent=109718"}],"wp:term":[{"taxonomy":"libro","embeddable":true,"href":"https:\/\/letrame.com\/catalogo\/wp-json\/wp\/v2\/libro?post=109718"},{"taxonomy":"product_brand","embeddable":true,"href":"https:\/\/letrame.com\/catalogo\/wp-json\/wp\/v2\/product_brand?post=109718"},{"taxonomy":"product_cat","embeddable":true,"href":"https:\/\/letrame.com\/catalogo\/wp-json\/wp\/v2\/product_cat?post=109718"},{"taxonomy":"product_tag","embeddable":true,"href":"https:\/\/letrame.com\/catalogo\/wp-json\/wp\/v2\/product_tag?post=109718"}],"curies":[{"name":"wp","href":"https:\/\/api.w.org\/{rel}","templated":true}]}}