{"id":109705,"date":"2025-11-26T13:10:14","date_gmt":"2025-11-26T12:10:14","guid":{"rendered":"https:\/\/letrame.com\/catalogo\/?post_type=product&#038;p=109705"},"modified":"2025-11-26T13:15:08","modified_gmt":"2025-11-26T12:15:08","slug":"mi-pequeno-hamster-y-yo","status":"publish","type":"product","link":"https:\/\/letrame.com\/catalogo\/producto\/mi-pequeno-hamster-y-yo\/","title":{"rendered":"Mi peque\u00f1o h\u00e1mster y yo"},"content":{"rendered":"<p class=\"p1\"><b>ISBN: 9791370129934<\/b><b><\/b><\/p>\n<p class=\"p1\"><b>T\u00edtulo: Mi peque\u00f1o h\u00e1mster y yo<\/b><b><\/b><\/p>\n<p class=\"p1\"><b>Fecha: 2025<\/b><b><\/b><\/p>\n<p class=\"p1\"><b>P\u00e1ginas: 234<\/b><b><\/b><\/p>\n<p class=\"p1\"><b>SINOPSIS<\/b><\/p>\n<p>Manuel Ojea R\u00faa. Catedr\u00e1tico de Orientaci\u00f3n Educativa (NRP: 3492563057A0511), Xunta de Galicia, 1999. Doctor en Psicolog\u00eda-Pedagog\u00eda, Universidad de Vigo, 1999.<br \/>\nLicenciado en Psicolog\u00eda (Psicolog\u00eda Aplicada), Universidad de Santiago de Compostela,<br \/>\n1983. Licenciado en Psico-Pedagog\u00eda, Universidad de Vigo, 1996. M\u00e1ster Especializado en Programa de Intervenci\u00f3n Psicopedag\u00f3gica en Procesos Escolares, Universidad de Vigo,<br \/>\n1996-1998. Otros: Graduado en Pedagog\u00eda, Universidad de Santiago de Compostela, 1992, Diplomado en Profesorado, Universidad de Santiago de Compostela, 1979 y Especializado en Pedagog\u00eda Terap\u00e9utica, Xunta de Galicia, 1982.<br \/>\nEs funcionario p\u00fablico docente, que ejerce su funci\u00f3n en el \u00e1mbito de las necesidades educativas especiales, espec\u00edficamente, en el \u00e1rea del trastorno del espectro autista durante m\u00e1s de treinta a\u00f1os, primero, desde el \u00e1mbito de un equipo comarcal, luego desde un servicio provincial y, finalmente, en calidad de jefe de departamento de orientaci\u00f3n de un instituto de educaci\u00f3n secundaria y bachillerato. Esta actividad p\u00fablica ha sido complementada como profesor de la Universidad de Vigo, impartiendo clase en los estudios de Grado, M\u00e1ster y Doctorado, dentro de lo cual, quiere destacar el haber sido miembro colaborador en la constituci\u00f3n y funcionamiento de la Comisi\u00f3n T\u00e9cnica de Atenci\u00f3n a la Diversidad del Alumnado de la Universidad de Vigo y de su colaboraci\u00f3n en los correspondientes Planes Individualizados de Atenci\u00f3n a la Diversidad para estudiantes con necesidades espec\u00edficas de la propia<br \/>\nUniversidad. En la actualidad, es presidente del Instituto de Investigaciones Cient\u00edficas en el \u00c1rea de las Personas con Trastorno del Espectro Autista (CIF: G-44568509), con nivel funcional a nivel de la Comunidad Aut\u00f3noma de Galicia.<\/p>\n","protected":false},"excerpt":{"rendered":"<p class=\"p1\"><b>ISBN: 9791370129934<\/b><b><\/b><\/p>\n<p class=\"p1\"><b>SINOPSIS<\/b><\/p>\n<p>Manuel Ojea R\u00faa. Catedr\u00e1tico de Orientaci\u00f3n Educativa (NRP: 3492563057A0511), Xunta de Galicia, 1999. Doctor en Psicolog\u00eda-Pedagog\u00eda, Universidad de Vigo, 1999.<br \/>\nLicenciado en Psicolog\u00eda (Psicolog\u00eda Aplicada), Universidad de Santiago de Compostela,<br \/>\n1983. Licenciado en Psico-Pedagog\u00eda, Universidad de Vigo, 1996. M\u00e1ster Especializado en Programa de Intervenci\u00f3n Psicopedag\u00f3gica en Procesos Escolares, Universidad de Vigo,<br \/>\n1996-1998. Otros: Graduado en Pedagog\u00eda, Universidad de Santiago de Compostela, 1992, Diplomado en Profesorado, Universidad de Santiago de Compostela, 1979 y Especializado en Pedagog\u00eda Terap\u00e9utica, Xunta de Galicia, 1982.<br \/>\nEs funcionario p\u00fablico docente, que ejerce su funci\u00f3n en el \u00e1mbito de las necesidades educativas especiales, espec\u00edficamente, en el \u00e1rea del trastorno del espectro autista durante m\u00e1s de treinta a\u00f1os, primero, desde el \u00e1mbito de un equipo comarcal, luego desde un servicio provincial y, finalmente, en calidad de jefe de departamento de orientaci\u00f3n de un instituto de educaci\u00f3n secundaria y bachillerato. Esta actividad p\u00fablica ha sido complementada como profesor de la Universidad de Vigo, impartiendo clase en los estudios de Grado, M\u00e1ster y Doctorado, dentro de lo cual, quiere destacar el haber sido miembro colaborador en la constituci\u00f3n y funcionamiento de la Comisi\u00f3n T\u00e9cnica de Atenci\u00f3n a la Diversidad del Alumnado de la Universidad de Vigo y de su colaboraci\u00f3n en los correspondientes Planes Individualizados de Atenci\u00f3n a la Diversidad para estudiantes con necesidades espec\u00edficas de la propia<br \/>\nUniversidad. En la actualidad, es presidente del Instituto de Investigaciones Cient\u00edficas en el \u00c1rea de las Personas con Trastorno del Espectro Autista (CIF: G-44568509), con nivel funcional a nivel de la Comunidad Aut\u00f3noma de Galicia.<\/p>\n","protected":false},"featured_media":109706,"comment_status":"open","ping_status":"closed","template":"","meta":{"_acf_changed":false},"libro":[],"product_brand":[],"product_cat":[59],"product_tag":[],"class_list":{"0":"post-109705","1":"product","2":"type-product","3":"status-publish","4":"has-post-thumbnail","6":"product_cat-memorias","8":"first","9":"instock","10":"shipping-taxable","11":"product-type-simple"},"acf":{"autor":[109707],"enlace_de_compra":"https:\/\/www.amazon.es\/peque%C3%B1o-h%C3%A1mster-Memorias-Manuel-Ojea\/dp\/B0G2CGPMTM\/ref=sr_1_1?__mk_es_ES=%C3%85M%C3%85%C5%BD%C3%95%C3%91&crid=2WV9A5E4EPOPI&dib=eyJ2IjoiMSJ9.m4UGi849D21m-Rhqtkh6Ew.NBVv2MPSshL85m2474H4WG37Bcg--6stW1b_FEkjhzc&dib_tag=se&keywords=mi+peque%C3%B1o+hamster+y+yo+letrame&qid=1764158876&s=books&sprefix=mi+peque%C3%B1o+hamster+y+yo+letrame%2Cstripbooks%2C61&sr=1-1"},"yoast_head":"<!-- This site is optimized with the Yoast SEO plugin v26.6 - https:\/\/yoast.com\/wordpress\/plugins\/seo\/ -->\n<title>Mi peque\u00f1o h\u00e1mster y yo - Catalogo | Letrame Grupo Editorial<\/title>\n<meta name=\"robots\" content=\"index, follow, max-snippet:-1, max-image-preview:large, max-video-preview:-1\" \/>\n<link rel=\"canonical\" href=\"https:\/\/letrame.com\/catalogo\/producto\/mi-pequeno-hamster-y-yo\/\" \/>\n<meta property=\"og:locale\" content=\"es_ES\" \/>\n<meta property=\"og:type\" content=\"article\" \/>\n<meta property=\"og:title\" content=\"Mi peque\u00f1o h\u00e1mster y yo - Catalogo | Letrame Grupo Editorial\" \/>\n<meta property=\"og:description\" content=\"ISBN: 9791370129934 SINOPSIS Manuel Ojea R\u00faa. Catedr\u00e1tico de Orientaci\u00f3n Educativa (NRP: 3492563057A0511), Xunta de Galicia, 1999. Doctor en Psicolog\u00eda-Pedagog\u00eda, Universidad de Vigo, 1999. Licenciado en Psicolog\u00eda (Psicolog\u00eda Aplicada), Universidad de Santiago de Compostela, 1983. Licenciado en Psico-Pedagog\u00eda, Universidad de Vigo, 1996. M\u00e1ster Especializado en Programa de Intervenci\u00f3n Psicopedag\u00f3gica en Procesos Escolares, Universidad de Vigo, 1996-1998. Otros: Graduado en Pedagog\u00eda, Universidad de Santiago de Compostela, 1992, Diplomado en Profesorado, Universidad de Santiago de Compostela, 1979 y Especializado en Pedagog\u00eda Terap\u00e9utica, Xunta de Galicia, 1982. Es funcionario p\u00fablico docente, que ejerce su funci\u00f3n en el \u00e1mbito de las necesidades educativas especiales, espec\u00edficamente, en el \u00e1rea del trastorno del espectro autista durante m\u00e1s de treinta a\u00f1os, primero, desde el \u00e1mbito de un equipo comarcal, luego desde un servicio provincial y, finalmente, en calidad de jefe de departamento de orientaci\u00f3n de un instituto de educaci\u00f3n secundaria y bachillerato. Esta actividad p\u00fablica ha sido complementada como profesor de la Universidad de Vigo, impartiendo clase en los estudios de Grado, M\u00e1ster y Doctorado, dentro de lo cual, quiere destacar el haber sido miembro colaborador en la constituci\u00f3n y funcionamiento de la Comisi\u00f3n T\u00e9cnica de Atenci\u00f3n a la Diversidad del Alumnado de la Universidad de Vigo y de su colaboraci\u00f3n en los correspondientes Planes Individualizados de Atenci\u00f3n a la Diversidad para estudiantes con necesidades espec\u00edficas de la propia Universidad. En la actualidad, es presidente del Instituto de Investigaciones Cient\u00edficas en el \u00c1rea de las Personas con Trastorno del Espectro Autista (CIF: G-44568509), con nivel funcional a nivel de la Comunidad Aut\u00f3noma de Galicia.\" \/>\n<meta property=\"og:url\" content=\"https:\/\/letrame.com\/catalogo\/producto\/mi-pequeno-hamster-y-yo\/\" \/>\n<meta property=\"og:site_name\" content=\"Catalogo | Letrame Grupo Editorial\" \/>\n<meta property=\"article:modified_time\" content=\"2025-11-26T12:15:08+00:00\" \/>\n<meta property=\"og:image\" content=\"https:\/\/letrame.com\/catalogo\/wp-content\/uploads\/2025\/11\/mipequenohamster_1338mm3.gif\" \/>\n\t<meta property=\"og:image:width\" content=\"379\" \/>\n\t<meta property=\"og:image:height\" content=\"537\" \/>\n\t<meta property=\"og:image:type\" content=\"image\/gif\" \/>\n<meta name=\"twitter:card\" content=\"summary_large_image\" \/>\n<meta name=\"twitter:label1\" content=\"Tiempo de lectura\" \/>\n\t<meta name=\"twitter:data1\" content=\"2 minutos\" \/>\n<script type=\"application\/ld+json\" class=\"yoast-schema-graph\">{\"@context\":\"https:\/\/schema.org\",\"@graph\":[{\"@type\":\"WebPage\",\"@id\":\"https:\/\/letrame.com\/catalogo\/producto\/mi-pequeno-hamster-y-yo\/\",\"url\":\"https:\/\/letrame.com\/catalogo\/producto\/mi-pequeno-hamster-y-yo\/\",\"name\":\"Mi peque\u00f1o h\u00e1mster y yo - Catalogo | Letrame Grupo Editorial\",\"isPartOf\":{\"@id\":\"https:\/\/letrame.com\/catalogo\/#website\"},\"primaryImageOfPage\":{\"@id\":\"https:\/\/letrame.com\/catalogo\/producto\/mi-pequeno-hamster-y-yo\/#primaryimage\"},\"image\":{\"@id\":\"https:\/\/letrame.com\/catalogo\/producto\/mi-pequeno-hamster-y-yo\/#primaryimage\"},\"thumbnailUrl\":\"https:\/\/letrame.com\/catalogo\/wp-content\/uploads\/2025\/11\/mipequenohamster_1338mm3.gif\",\"datePublished\":\"2025-11-26T12:10:14+00:00\",\"dateModified\":\"2025-11-26T12:15:08+00:00\",\"breadcrumb\":{\"@id\":\"https:\/\/letrame.com\/catalogo\/producto\/mi-pequeno-hamster-y-yo\/#breadcrumb\"},\"inLanguage\":\"es\",\"potentialAction\":[{\"@type\":\"ReadAction\",\"target\":[\"https:\/\/letrame.com\/catalogo\/producto\/mi-pequeno-hamster-y-yo\/\"]}]},{\"@type\":\"ImageObject\",\"inLanguage\":\"es\",\"@id\":\"https:\/\/letrame.com\/catalogo\/producto\/mi-pequeno-hamster-y-yo\/#primaryimage\",\"url\":\"https:\/\/letrame.com\/catalogo\/wp-content\/uploads\/2025\/11\/mipequenohamster_1338mm3.gif\",\"contentUrl\":\"https:\/\/letrame.com\/catalogo\/wp-content\/uploads\/2025\/11\/mipequenohamster_1338mm3.gif\",\"width\":379,\"height\":537},{\"@type\":\"BreadcrumbList\",\"@id\":\"https:\/\/letrame.com\/catalogo\/producto\/mi-pequeno-hamster-y-yo\/#breadcrumb\",\"itemListElement\":[{\"@type\":\"ListItem\",\"position\":1,\"name\":\"Portada\",\"item\":\"https:\/\/letrame.com\/catalogo\/\"},{\"@type\":\"ListItem\",\"position\":2,\"name\":\"Cat\u00e1logo\",\"item\":\"https:\/\/letrame.com\/catalogo\/\"},{\"@type\":\"ListItem\",\"position\":3,\"name\":\"Mi peque\u00f1o h\u00e1mster y yo\"}]},{\"@type\":\"WebSite\",\"@id\":\"https:\/\/letrame.com\/catalogo\/#website\",\"url\":\"https:\/\/letrame.com\/catalogo\/\",\"name\":\"Catalogo | Letrame Grupo Editorial\",\"description\":\"\",\"publisher\":{\"@id\":\"https:\/\/letrame.com\/catalogo\/#organization\"},\"potentialAction\":[{\"@type\":\"SearchAction\",\"target\":{\"@type\":\"EntryPoint\",\"urlTemplate\":\"https:\/\/letrame.com\/catalogo\/?s={search_term_string}\"},\"query-input\":{\"@type\":\"PropertyValueSpecification\",\"valueRequired\":true,\"valueName\":\"search_term_string\"}}],\"inLanguage\":\"es\"},{\"@type\":\"Organization\",\"@id\":\"https:\/\/letrame.com\/catalogo\/#organization\",\"name\":\"Catalogo | Letrame Grupo Editorial\",\"url\":\"https:\/\/letrame.com\/catalogo\/\",\"logo\":{\"@type\":\"ImageObject\",\"inLanguage\":\"es\",\"@id\":\"https:\/\/letrame.com\/catalogo\/#\/schema\/logo\/image\/\",\"url\":\"https:\/\/letrame.com\/catalogo\/wp-content\/uploads\/2024\/03\/logo2.webp\",\"contentUrl\":\"https:\/\/letrame.com\/catalogo\/wp-content\/uploads\/2024\/03\/logo2.webp\",\"width\":394,\"height\":128,\"caption\":\"Catalogo | Letrame Grupo Editorial\"},\"image\":{\"@id\":\"https:\/\/letrame.com\/catalogo\/#\/schema\/logo\/image\/\"}}]}<\/script>\n<!-- \/ Yoast SEO plugin. -->","yoast_head_json":{"title":"Mi peque\u00f1o h\u00e1mster y yo - Catalogo | Letrame Grupo Editorial","robots":{"index":"index","follow":"follow","max-snippet":"max-snippet:-1","max-image-preview":"max-image-preview:large","max-video-preview":"max-video-preview:-1"},"canonical":"https:\/\/letrame.com\/catalogo\/producto\/mi-pequeno-hamster-y-yo\/","og_locale":"es_ES","og_type":"article","og_title":"Mi peque\u00f1o h\u00e1mster y yo - Catalogo | Letrame Grupo Editorial","og_description":"ISBN: 9791370129934 SINOPSIS Manuel Ojea R\u00faa. Catedr\u00e1tico de Orientaci\u00f3n Educativa (NRP: 3492563057A0511), Xunta de Galicia, 1999. Doctor en Psicolog\u00eda-Pedagog\u00eda, Universidad de Vigo, 1999. Licenciado en Psicolog\u00eda (Psicolog\u00eda Aplicada), Universidad de Santiago de Compostela, 1983. Licenciado en Psico-Pedagog\u00eda, Universidad de Vigo, 1996. M\u00e1ster Especializado en Programa de Intervenci\u00f3n Psicopedag\u00f3gica en Procesos Escolares, Universidad de Vigo, 1996-1998. Otros: Graduado en Pedagog\u00eda, Universidad de Santiago de Compostela, 1992, Diplomado en Profesorado, Universidad de Santiago de Compostela, 1979 y Especializado en Pedagog\u00eda Terap\u00e9utica, Xunta de Galicia, 1982. Es funcionario p\u00fablico docente, que ejerce su funci\u00f3n en el \u00e1mbito de las necesidades educativas especiales, espec\u00edficamente, en el \u00e1rea del trastorno del espectro autista durante m\u00e1s de treinta a\u00f1os, primero, desde el \u00e1mbito de un equipo comarcal, luego desde un servicio provincial y, finalmente, en calidad de jefe de departamento de orientaci\u00f3n de un instituto de educaci\u00f3n secundaria y bachillerato. Esta actividad p\u00fablica ha sido complementada como profesor de la Universidad de Vigo, impartiendo clase en los estudios de Grado, M\u00e1ster y Doctorado, dentro de lo cual, quiere destacar el haber sido miembro colaborador en la constituci\u00f3n y funcionamiento de la Comisi\u00f3n T\u00e9cnica de Atenci\u00f3n a la Diversidad del Alumnado de la Universidad de Vigo y de su colaboraci\u00f3n en los correspondientes Planes Individualizados de Atenci\u00f3n a la Diversidad para estudiantes con necesidades espec\u00edficas de la propia Universidad. En la actualidad, es presidente del Instituto de Investigaciones Cient\u00edficas en el \u00c1rea de las Personas con Trastorno del Espectro Autista (CIF: G-44568509), con nivel funcional a nivel de la Comunidad Aut\u00f3noma de Galicia.","og_url":"https:\/\/letrame.com\/catalogo\/producto\/mi-pequeno-hamster-y-yo\/","og_site_name":"Catalogo | Letrame Grupo Editorial","article_modified_time":"2025-11-26T12:15:08+00:00","og_image":[{"width":379,"height":537,"url":"https:\/\/letrame.com\/catalogo\/wp-content\/uploads\/2025\/11\/mipequenohamster_1338mm3.gif","type":"image\/gif"}],"twitter_card":"summary_large_image","twitter_misc":{"Tiempo de lectura":"2 minutos"},"schema":{"@context":"https:\/\/schema.org","@graph":[{"@type":"WebPage","@id":"https:\/\/letrame.com\/catalogo\/producto\/mi-pequeno-hamster-y-yo\/","url":"https:\/\/letrame.com\/catalogo\/producto\/mi-pequeno-hamster-y-yo\/","name":"Mi peque\u00f1o h\u00e1mster y yo - Catalogo | Letrame Grupo Editorial","isPartOf":{"@id":"https:\/\/letrame.com\/catalogo\/#website"},"primaryImageOfPage":{"@id":"https:\/\/letrame.com\/catalogo\/producto\/mi-pequeno-hamster-y-yo\/#primaryimage"},"image":{"@id":"https:\/\/letrame.com\/catalogo\/producto\/mi-pequeno-hamster-y-yo\/#primaryimage"},"thumbnailUrl":"https:\/\/letrame.com\/catalogo\/wp-content\/uploads\/2025\/11\/mipequenohamster_1338mm3.gif","datePublished":"2025-11-26T12:10:14+00:00","dateModified":"2025-11-26T12:15:08+00:00","breadcrumb":{"@id":"https:\/\/letrame.com\/catalogo\/producto\/mi-pequeno-hamster-y-yo\/#breadcrumb"},"inLanguage":"es","potentialAction":[{"@type":"ReadAction","target":["https:\/\/letrame.com\/catalogo\/producto\/mi-pequeno-hamster-y-yo\/"]}]},{"@type":"ImageObject","inLanguage":"es","@id":"https:\/\/letrame.com\/catalogo\/producto\/mi-pequeno-hamster-y-yo\/#primaryimage","url":"https:\/\/letrame.com\/catalogo\/wp-content\/uploads\/2025\/11\/mipequenohamster_1338mm3.gif","contentUrl":"https:\/\/letrame.com\/catalogo\/wp-content\/uploads\/2025\/11\/mipequenohamster_1338mm3.gif","width":379,"height":537},{"@type":"BreadcrumbList","@id":"https:\/\/letrame.com\/catalogo\/producto\/mi-pequeno-hamster-y-yo\/#breadcrumb","itemListElement":[{"@type":"ListItem","position":1,"name":"Portada","item":"https:\/\/letrame.com\/catalogo\/"},{"@type":"ListItem","position":2,"name":"Cat\u00e1logo","item":"https:\/\/letrame.com\/catalogo\/"},{"@type":"ListItem","position":3,"name":"Mi peque\u00f1o h\u00e1mster y yo"}]},{"@type":"WebSite","@id":"https:\/\/letrame.com\/catalogo\/#website","url":"https:\/\/letrame.com\/catalogo\/","name":"Catalogo | Letrame Grupo Editorial","description":"","publisher":{"@id":"https:\/\/letrame.com\/catalogo\/#organization"},"potentialAction":[{"@type":"SearchAction","target":{"@type":"EntryPoint","urlTemplate":"https:\/\/letrame.com\/catalogo\/?s={search_term_string}"},"query-input":{"@type":"PropertyValueSpecification","valueRequired":true,"valueName":"search_term_string"}}],"inLanguage":"es"},{"@type":"Organization","@id":"https:\/\/letrame.com\/catalogo\/#organization","name":"Catalogo | Letrame Grupo Editorial","url":"https:\/\/letrame.com\/catalogo\/","logo":{"@type":"ImageObject","inLanguage":"es","@id":"https:\/\/letrame.com\/catalogo\/#\/schema\/logo\/image\/","url":"https:\/\/letrame.com\/catalogo\/wp-content\/uploads\/2024\/03\/logo2.webp","contentUrl":"https:\/\/letrame.com\/catalogo\/wp-content\/uploads\/2024\/03\/logo2.webp","width":394,"height":128,"caption":"Catalogo | Letrame Grupo Editorial"},"image":{"@id":"https:\/\/letrame.com\/catalogo\/#\/schema\/logo\/image\/"}}]}},"_links":{"self":[{"href":"https:\/\/letrame.com\/catalogo\/wp-json\/wp\/v2\/product\/109705","targetHints":{"allow":["GET"]}}],"collection":[{"href":"https:\/\/letrame.com\/catalogo\/wp-json\/wp\/v2\/product"}],"about":[{"href":"https:\/\/letrame.com\/catalogo\/wp-json\/wp\/v2\/types\/product"}],"replies":[{"embeddable":true,"href":"https:\/\/letrame.com\/catalogo\/wp-json\/wp\/v2\/comments?post=109705"}],"acf:post":[{"embeddable":true,"href":"https:\/\/letrame.com\/catalogo\/wp-json\/wp\/v2\/author_book\/109707"}],"wp:featuredmedia":[{"embeddable":true,"href":"https:\/\/letrame.com\/catalogo\/wp-json\/wp\/v2\/media\/109706"}],"wp:attachment":[{"href":"https:\/\/letrame.com\/catalogo\/wp-json\/wp\/v2\/media?parent=109705"}],"wp:term":[{"taxonomy":"libro","embeddable":true,"href":"https:\/\/letrame.com\/catalogo\/wp-json\/wp\/v2\/libro?post=109705"},{"taxonomy":"product_brand","embeddable":true,"href":"https:\/\/letrame.com\/catalogo\/wp-json\/wp\/v2\/product_brand?post=109705"},{"taxonomy":"product_cat","embeddable":true,"href":"https:\/\/letrame.com\/catalogo\/wp-json\/wp\/v2\/product_cat?post=109705"},{"taxonomy":"product_tag","embeddable":true,"href":"https:\/\/letrame.com\/catalogo\/wp-json\/wp\/v2\/product_tag?post=109705"}],"curies":[{"name":"wp","href":"https:\/\/api.w.org\/{rel}","templated":true}]}}