{"id":109687,"date":"2025-11-25T14:18:50","date_gmt":"2025-11-25T13:18:50","guid":{"rendered":"https:\/\/letrame.com\/catalogo\/?post_type=product&#038;p=109687"},"modified":"2025-11-25T14:22:11","modified_gmt":"2025-11-25T13:22:11","slug":"la-empresa-sin-reuniones","status":"publish","type":"product","link":"https:\/\/letrame.com\/catalogo\/producto\/la-empresa-sin-reuniones\/","title":{"rendered":"La empresa sin reuniones"},"content":{"rendered":"<p class=\"p1\"><b>ISBN: 9791370128883<\/b><b><\/b><\/p>\n<p class=\"p1\"><b>T\u00edtulo: La empresa sin reuniones<\/b><b><\/b><\/p>\n<p class=\"p1\"><b>Fecha: 2025<\/b><b><\/b><\/p>\n<p class=\"p1\"><b>P\u00e1ginas: 366<\/b><b><\/b><\/p>\n<p class=\"p1\"><b>SINOPSIS<\/b><\/p>\n<p>\u00bfY si pudieras eliminar de tu d\u00eda a d\u00eda la mayor\u00eda de las reuniones que no son necesarias?<br \/>\nCada semana, miles de horas se pierden en conversaciones improductivas que no generan valor. Las empresas se convierten en teatros de opiniones, donde todo se debate y nada avanza. La empresa SIN reuniones propone algo radicalmente distinto: dejar que los procesos hablen y que las personas hagan. Este libro no es un manual de instrucciones, es un espejo donde reconocer\u00e1s el caos de tu d\u00eda a d\u00eda y una caja de herramientas para empezar a cambiarlo desde el pr\u00f3ximo lunes. As\u00ed como el m\u00e9todo Toyota revolucion\u00f3 la industria en el siglo XX, hoy la Empresa SIN plantea un nuevo sistema operativo para las organizaciones atrapadas en la inefectividad de las reuniones y la microgesti\u00f3n. Un modelo pr\u00e1ctico y visual que convierte tu empresa en un flujo de valor continuo, liberando tiempo y energ\u00eda para lo que realmente importa: avanzar.<br \/>\nChema Maroto, consultor con m\u00e1s de veinte a\u00f1os de experiencia en estrategia y transformaci\u00f3n empresarial, ha acompa\u00f1ado a grandes corporaciones y pymes a profesionalizarse y crecer. Ahora comparte contigo un sistema disruptivo que comienza con este libro y contin\u00faa con una trilog\u00eda que redefine c\u00f3mo se organiza la empresa del futuro. Si quieres m\u00e1s productividad, m\u00e1s foco y m\u00e1s resultados, este libro es tu punto de partida.<\/p>\n","protected":false},"excerpt":{"rendered":"<p><b>ISBN: 9791370128883<\/b><\/p>\n<p class=\"p1\"><b>SINOPSIS<\/b><\/p>\n<p>\u00bfY si pudieras eliminar de tu d\u00eda a d\u00eda la mayor\u00eda de las reuniones que no son necesarias?<br \/>\nCada semana, miles de horas se pierden en conversaciones improductivas que no generan valor. Las empresas se convierten en teatros de opiniones, donde todo se debate y nada avanza. La empresa SIN reuniones propone algo radicalmente distinto: dejar que los procesos hablen y que las personas hagan. Este libro no es un manual de instrucciones, es un espejo donde reconocer\u00e1s el caos de tu d\u00eda a d\u00eda y una caja de herramientas para empezar a cambiarlo desde el pr\u00f3ximo lunes. As\u00ed como el m\u00e9todo Toyota revolucion\u00f3 la industria en el siglo XX, hoy la Empresa SIN plantea un nuevo sistema operativo para las organizaciones atrapadas en la inefectividad de las reuniones y la microgesti\u00f3n. Un modelo pr\u00e1ctico y visual que convierte tu empresa en un flujo de valor continuo, liberando tiempo y energ\u00eda para lo que realmente importa: avanzar.<br \/>\nChema Maroto, consultor con m\u00e1s de veinte a\u00f1os de experiencia en estrategia y transformaci\u00f3n empresarial, ha acompa\u00f1ado a grandes corporaciones y pymes a profesionalizarse y crecer. Ahora comparte contigo un sistema disruptivo que comienza con este libro y contin\u00faa con una trilog\u00eda que redefine c\u00f3mo se organiza la empresa del futuro. Si quieres m\u00e1s productividad, m\u00e1s foco y m\u00e1s resultados, este libro es tu punto de partida.<\/p>\n","protected":false},"featured_media":109688,"comment_status":"open","ping_status":"closed","template":"","meta":{"_acf_changed":false},"libro":[],"product_brand":[],"product_cat":[42],"product_tag":[],"class_list":{"0":"post-109687","1":"product","2":"type-product","3":"status-publish","4":"has-post-thumbnail","6":"product_cat-administracion-y-negocios","8":"first","9":"instock","10":"shipping-taxable","11":"product-type-simple"},"acf":{"autor":[109689],"enlace_de_compra":"https:\/\/www.amazon.es\/empresa-sin-reuniones-Negocios\/dp\/B0FXBJ8RJF\/ref=sr_1_1?__mk_es_ES=%C3%85M%C3%85%C5%BD%C3%95%C3%91&crid=1DZT67YHASX56&dib=eyJ2IjoiMSJ9.bG5HxZ9aPFf8YKrkif8_og.X_YUtBPBCZt2JEdjjpK75AeP2eZFqIAblyLBSa9KD9E&dib_tag=se&keywords=la+empresa+sin+reuniones+letrame&qid=1764076442&s=books&sprefix=la+empresa+sin+reuniones+letrame%2Cstripbooks%2C58&sr=1-1"},"yoast_head":"<!-- This site is optimized with the Yoast SEO plugin v26.6 - https:\/\/yoast.com\/wordpress\/plugins\/seo\/ -->\n<title>La empresa sin reuniones - Catalogo | Letrame Grupo Editorial<\/title>\n<meta name=\"robots\" content=\"index, follow, max-snippet:-1, max-image-preview:large, max-video-preview:-1\" \/>\n<link rel=\"canonical\" href=\"https:\/\/letrame.com\/catalogo\/producto\/la-empresa-sin-reuniones\/\" \/>\n<meta property=\"og:locale\" content=\"es_ES\" \/>\n<meta property=\"og:type\" content=\"article\" \/>\n<meta property=\"og:title\" content=\"La empresa sin reuniones - Catalogo | Letrame Grupo Editorial\" \/>\n<meta property=\"og:description\" content=\"ISBN: 9791370128883 SINOPSIS \u00bfY si pudieras eliminar de tu d\u00eda a d\u00eda la mayor\u00eda de las reuniones que no son necesarias? Cada semana, miles de horas se pierden en conversaciones improductivas que no generan valor. Las empresas se convierten en teatros de opiniones, donde todo se debate y nada avanza. La empresa SIN reuniones propone algo radicalmente distinto: dejar que los procesos hablen y que las personas hagan. Este libro no es un manual de instrucciones, es un espejo donde reconocer\u00e1s el caos de tu d\u00eda a d\u00eda y una caja de herramientas para empezar a cambiarlo desde el pr\u00f3ximo lunes. As\u00ed como el m\u00e9todo Toyota revolucion\u00f3 la industria en el siglo XX, hoy la Empresa SIN plantea un nuevo sistema operativo para las organizaciones atrapadas en la inefectividad de las reuniones y la microgesti\u00f3n. Un modelo pr\u00e1ctico y visual que convierte tu empresa en un flujo de valor continuo, liberando tiempo y energ\u00eda para lo que realmente importa: avanzar. Chema Maroto, consultor con m\u00e1s de veinte a\u00f1os de experiencia en estrategia y transformaci\u00f3n empresarial, ha acompa\u00f1ado a grandes corporaciones y pymes a profesionalizarse y crecer. Ahora comparte contigo un sistema disruptivo que comienza con este libro y contin\u00faa con una trilog\u00eda que redefine c\u00f3mo se organiza la empresa del futuro. Si quieres m\u00e1s productividad, m\u00e1s foco y m\u00e1s resultados, este libro es tu punto de partida.\" \/>\n<meta property=\"og:url\" content=\"https:\/\/letrame.com\/catalogo\/producto\/la-empresa-sin-reuniones\/\" \/>\n<meta property=\"og:site_name\" content=\"Catalogo | Letrame Grupo Editorial\" \/>\n<meta property=\"article:modified_time\" content=\"2025-11-25T13:22:11+00:00\" \/>\n<meta property=\"og:image\" content=\"https:\/\/letrame.com\/catalogo\/wp-content\/uploads\/2025\/11\/laempresasinreuniones_1795mm4.gif\" \/>\n\t<meta property=\"og:image:width\" content=\"384\" \/>\n\t<meta property=\"og:image:height\" content=\"563\" \/>\n\t<meta property=\"og:image:type\" content=\"image\/gif\" \/>\n<meta name=\"twitter:card\" content=\"summary_large_image\" \/>\n<meta name=\"twitter:label1\" content=\"Tiempo de lectura\" \/>\n\t<meta name=\"twitter:data1\" content=\"2 minutos\" \/>\n<script type=\"application\/ld+json\" class=\"yoast-schema-graph\">{\"@context\":\"https:\/\/schema.org\",\"@graph\":[{\"@type\":\"WebPage\",\"@id\":\"https:\/\/letrame.com\/catalogo\/producto\/la-empresa-sin-reuniones\/\",\"url\":\"https:\/\/letrame.com\/catalogo\/producto\/la-empresa-sin-reuniones\/\",\"name\":\"La empresa sin reuniones - Catalogo | Letrame Grupo Editorial\",\"isPartOf\":{\"@id\":\"https:\/\/letrame.com\/catalogo\/#website\"},\"primaryImageOfPage\":{\"@id\":\"https:\/\/letrame.com\/catalogo\/producto\/la-empresa-sin-reuniones\/#primaryimage\"},\"image\":{\"@id\":\"https:\/\/letrame.com\/catalogo\/producto\/la-empresa-sin-reuniones\/#primaryimage\"},\"thumbnailUrl\":\"https:\/\/letrame.com\/catalogo\/wp-content\/uploads\/2025\/11\/laempresasinreuniones_1795mm4.gif\",\"datePublished\":\"2025-11-25T13:18:50+00:00\",\"dateModified\":\"2025-11-25T13:22:11+00:00\",\"breadcrumb\":{\"@id\":\"https:\/\/letrame.com\/catalogo\/producto\/la-empresa-sin-reuniones\/#breadcrumb\"},\"inLanguage\":\"es\",\"potentialAction\":[{\"@type\":\"ReadAction\",\"target\":[\"https:\/\/letrame.com\/catalogo\/producto\/la-empresa-sin-reuniones\/\"]}]},{\"@type\":\"ImageObject\",\"inLanguage\":\"es\",\"@id\":\"https:\/\/letrame.com\/catalogo\/producto\/la-empresa-sin-reuniones\/#primaryimage\",\"url\":\"https:\/\/letrame.com\/catalogo\/wp-content\/uploads\/2025\/11\/laempresasinreuniones_1795mm4.gif\",\"contentUrl\":\"https:\/\/letrame.com\/catalogo\/wp-content\/uploads\/2025\/11\/laempresasinreuniones_1795mm4.gif\",\"width\":384,\"height\":563},{\"@type\":\"BreadcrumbList\",\"@id\":\"https:\/\/letrame.com\/catalogo\/producto\/la-empresa-sin-reuniones\/#breadcrumb\",\"itemListElement\":[{\"@type\":\"ListItem\",\"position\":1,\"name\":\"Portada\",\"item\":\"https:\/\/letrame.com\/catalogo\/\"},{\"@type\":\"ListItem\",\"position\":2,\"name\":\"Cat\u00e1logo\",\"item\":\"https:\/\/letrame.com\/catalogo\/\"},{\"@type\":\"ListItem\",\"position\":3,\"name\":\"La empresa sin reuniones\"}]},{\"@type\":\"WebSite\",\"@id\":\"https:\/\/letrame.com\/catalogo\/#website\",\"url\":\"https:\/\/letrame.com\/catalogo\/\",\"name\":\"Catalogo | Letrame Grupo Editorial\",\"description\":\"\",\"publisher\":{\"@id\":\"https:\/\/letrame.com\/catalogo\/#organization\"},\"potentialAction\":[{\"@type\":\"SearchAction\",\"target\":{\"@type\":\"EntryPoint\",\"urlTemplate\":\"https:\/\/letrame.com\/catalogo\/?s={search_term_string}\"},\"query-input\":{\"@type\":\"PropertyValueSpecification\",\"valueRequired\":true,\"valueName\":\"search_term_string\"}}],\"inLanguage\":\"es\"},{\"@type\":\"Organization\",\"@id\":\"https:\/\/letrame.com\/catalogo\/#organization\",\"name\":\"Catalogo | Letrame Grupo Editorial\",\"url\":\"https:\/\/letrame.com\/catalogo\/\",\"logo\":{\"@type\":\"ImageObject\",\"inLanguage\":\"es\",\"@id\":\"https:\/\/letrame.com\/catalogo\/#\/schema\/logo\/image\/\",\"url\":\"https:\/\/letrame.com\/catalogo\/wp-content\/uploads\/2024\/03\/logo2.webp\",\"contentUrl\":\"https:\/\/letrame.com\/catalogo\/wp-content\/uploads\/2024\/03\/logo2.webp\",\"width\":394,\"height\":128,\"caption\":\"Catalogo | Letrame Grupo Editorial\"},\"image\":{\"@id\":\"https:\/\/letrame.com\/catalogo\/#\/schema\/logo\/image\/\"}}]}<\/script>\n<!-- \/ Yoast SEO plugin. -->","yoast_head_json":{"title":"La empresa sin reuniones - Catalogo | Letrame Grupo Editorial","robots":{"index":"index","follow":"follow","max-snippet":"max-snippet:-1","max-image-preview":"max-image-preview:large","max-video-preview":"max-video-preview:-1"},"canonical":"https:\/\/letrame.com\/catalogo\/producto\/la-empresa-sin-reuniones\/","og_locale":"es_ES","og_type":"article","og_title":"La empresa sin reuniones - Catalogo | Letrame Grupo Editorial","og_description":"ISBN: 9791370128883 SINOPSIS \u00bfY si pudieras eliminar de tu d\u00eda a d\u00eda la mayor\u00eda de las reuniones que no son necesarias? Cada semana, miles de horas se pierden en conversaciones improductivas que no generan valor. Las empresas se convierten en teatros de opiniones, donde todo se debate y nada avanza. La empresa SIN reuniones propone algo radicalmente distinto: dejar que los procesos hablen y que las personas hagan. Este libro no es un manual de instrucciones, es un espejo donde reconocer\u00e1s el caos de tu d\u00eda a d\u00eda y una caja de herramientas para empezar a cambiarlo desde el pr\u00f3ximo lunes. As\u00ed como el m\u00e9todo Toyota revolucion\u00f3 la industria en el siglo XX, hoy la Empresa SIN plantea un nuevo sistema operativo para las organizaciones atrapadas en la inefectividad de las reuniones y la microgesti\u00f3n. Un modelo pr\u00e1ctico y visual que convierte tu empresa en un flujo de valor continuo, liberando tiempo y energ\u00eda para lo que realmente importa: avanzar. Chema Maroto, consultor con m\u00e1s de veinte a\u00f1os de experiencia en estrategia y transformaci\u00f3n empresarial, ha acompa\u00f1ado a grandes corporaciones y pymes a profesionalizarse y crecer. Ahora comparte contigo un sistema disruptivo que comienza con este libro y contin\u00faa con una trilog\u00eda que redefine c\u00f3mo se organiza la empresa del futuro. Si quieres m\u00e1s productividad, m\u00e1s foco y m\u00e1s resultados, este libro es tu punto de partida.","og_url":"https:\/\/letrame.com\/catalogo\/producto\/la-empresa-sin-reuniones\/","og_site_name":"Catalogo | Letrame Grupo Editorial","article_modified_time":"2025-11-25T13:22:11+00:00","og_image":[{"width":384,"height":563,"url":"https:\/\/letrame.com\/catalogo\/wp-content\/uploads\/2025\/11\/laempresasinreuniones_1795mm4.gif","type":"image\/gif"}],"twitter_card":"summary_large_image","twitter_misc":{"Tiempo de lectura":"2 minutos"},"schema":{"@context":"https:\/\/schema.org","@graph":[{"@type":"WebPage","@id":"https:\/\/letrame.com\/catalogo\/producto\/la-empresa-sin-reuniones\/","url":"https:\/\/letrame.com\/catalogo\/producto\/la-empresa-sin-reuniones\/","name":"La empresa sin reuniones - Catalogo | Letrame Grupo Editorial","isPartOf":{"@id":"https:\/\/letrame.com\/catalogo\/#website"},"primaryImageOfPage":{"@id":"https:\/\/letrame.com\/catalogo\/producto\/la-empresa-sin-reuniones\/#primaryimage"},"image":{"@id":"https:\/\/letrame.com\/catalogo\/producto\/la-empresa-sin-reuniones\/#primaryimage"},"thumbnailUrl":"https:\/\/letrame.com\/catalogo\/wp-content\/uploads\/2025\/11\/laempresasinreuniones_1795mm4.gif","datePublished":"2025-11-25T13:18:50+00:00","dateModified":"2025-11-25T13:22:11+00:00","breadcrumb":{"@id":"https:\/\/letrame.com\/catalogo\/producto\/la-empresa-sin-reuniones\/#breadcrumb"},"inLanguage":"es","potentialAction":[{"@type":"ReadAction","target":["https:\/\/letrame.com\/catalogo\/producto\/la-empresa-sin-reuniones\/"]}]},{"@type":"ImageObject","inLanguage":"es","@id":"https:\/\/letrame.com\/catalogo\/producto\/la-empresa-sin-reuniones\/#primaryimage","url":"https:\/\/letrame.com\/catalogo\/wp-content\/uploads\/2025\/11\/laempresasinreuniones_1795mm4.gif","contentUrl":"https:\/\/letrame.com\/catalogo\/wp-content\/uploads\/2025\/11\/laempresasinreuniones_1795mm4.gif","width":384,"height":563},{"@type":"BreadcrumbList","@id":"https:\/\/letrame.com\/catalogo\/producto\/la-empresa-sin-reuniones\/#breadcrumb","itemListElement":[{"@type":"ListItem","position":1,"name":"Portada","item":"https:\/\/letrame.com\/catalogo\/"},{"@type":"ListItem","position":2,"name":"Cat\u00e1logo","item":"https:\/\/letrame.com\/catalogo\/"},{"@type":"ListItem","position":3,"name":"La empresa sin reuniones"}]},{"@type":"WebSite","@id":"https:\/\/letrame.com\/catalogo\/#website","url":"https:\/\/letrame.com\/catalogo\/","name":"Catalogo | Letrame Grupo Editorial","description":"","publisher":{"@id":"https:\/\/letrame.com\/catalogo\/#organization"},"potentialAction":[{"@type":"SearchAction","target":{"@type":"EntryPoint","urlTemplate":"https:\/\/letrame.com\/catalogo\/?s={search_term_string}"},"query-input":{"@type":"PropertyValueSpecification","valueRequired":true,"valueName":"search_term_string"}}],"inLanguage":"es"},{"@type":"Organization","@id":"https:\/\/letrame.com\/catalogo\/#organization","name":"Catalogo | Letrame Grupo Editorial","url":"https:\/\/letrame.com\/catalogo\/","logo":{"@type":"ImageObject","inLanguage":"es","@id":"https:\/\/letrame.com\/catalogo\/#\/schema\/logo\/image\/","url":"https:\/\/letrame.com\/catalogo\/wp-content\/uploads\/2024\/03\/logo2.webp","contentUrl":"https:\/\/letrame.com\/catalogo\/wp-content\/uploads\/2024\/03\/logo2.webp","width":394,"height":128,"caption":"Catalogo | Letrame Grupo Editorial"},"image":{"@id":"https:\/\/letrame.com\/catalogo\/#\/schema\/logo\/image\/"}}]}},"_links":{"self":[{"href":"https:\/\/letrame.com\/catalogo\/wp-json\/wp\/v2\/product\/109687","targetHints":{"allow":["GET"]}}],"collection":[{"href":"https:\/\/letrame.com\/catalogo\/wp-json\/wp\/v2\/product"}],"about":[{"href":"https:\/\/letrame.com\/catalogo\/wp-json\/wp\/v2\/types\/product"}],"replies":[{"embeddable":true,"href":"https:\/\/letrame.com\/catalogo\/wp-json\/wp\/v2\/comments?post=109687"}],"acf:post":[{"embeddable":true,"href":"https:\/\/letrame.com\/catalogo\/wp-json\/wp\/v2\/author_book\/109689"}],"wp:featuredmedia":[{"embeddable":true,"href":"https:\/\/letrame.com\/catalogo\/wp-json\/wp\/v2\/media\/109688"}],"wp:attachment":[{"href":"https:\/\/letrame.com\/catalogo\/wp-json\/wp\/v2\/media?parent=109687"}],"wp:term":[{"taxonomy":"libro","embeddable":true,"href":"https:\/\/letrame.com\/catalogo\/wp-json\/wp\/v2\/libro?post=109687"},{"taxonomy":"product_brand","embeddable":true,"href":"https:\/\/letrame.com\/catalogo\/wp-json\/wp\/v2\/product_brand?post=109687"},{"taxonomy":"product_cat","embeddable":true,"href":"https:\/\/letrame.com\/catalogo\/wp-json\/wp\/v2\/product_cat?post=109687"},{"taxonomy":"product_tag","embeddable":true,"href":"https:\/\/letrame.com\/catalogo\/wp-json\/wp\/v2\/product_tag?post=109687"}],"curies":[{"name":"wp","href":"https:\/\/api.w.org\/{rel}","templated":true}]}}