{"id":109678,"date":"2025-11-25T13:56:33","date_gmt":"2025-11-25T12:56:33","guid":{"rendered":"https:\/\/letrame.com\/catalogo\/?post_type=product&#038;p=109678"},"modified":"2025-11-25T13:59:05","modified_gmt":"2025-11-25T12:59:05","slug":"gritos-en-la-oscuridad","status":"publish","type":"product","link":"https:\/\/letrame.com\/catalogo\/producto\/gritos-en-la-oscuridad\/","title":{"rendered":"Grito(s) en la (o)(s)curidad"},"content":{"rendered":"<p class=\"p1\"><b>ISBN: 9791370128777<\/b><b><\/b><\/p>\n<p class=\"p1\"><b>T\u00edtulo: Grito(s) en la (o)(s)curidad<\/b><b><\/b><\/p>\n<p class=\"p1\"><b>Fecha: 2025<\/b><b><\/b><\/p>\n<p class=\"p1\"><b>P\u00e1ginas: 102<\/b><b><\/b><\/p>\n<p class=\"p1\"><b>SINOPSIS<\/b><\/p>\n<p>Cada p\u00e1gina de este libro es un eco de lucha, un susurro de dolor y un grito de valent\u00eda. La autora nos abre su coraz\u00f3n para compartir un viaje marcado por ca\u00eddas profundas, heridas invisibles y silencios que pesan. Pero tambi\u00e9n nos muestra que en cada ca\u00edda habita la posibilidad de levantarse, y que la fuerza de un grito puede romper la oscuridad m\u00e1s densa.<br \/>\nGrito(s) en la (o)(s)curidad no es solo una autobiograf\u00eda: es un testimonio vivo de resiliencia, un recordatorio de que la oscuridad nunca tiene la \u00faltima palabra. Al final, el mensaje que transmite es claro: la oscuridad no define tu vida, tu grito por salir de ella s\u00ed.<\/p>\n","protected":false},"excerpt":{"rendered":"<p><b>ISBN: 9791370128777<\/b><\/p>\n<p class=\"p1\"><b>SINOPSIS<\/b><\/p>\n<p>Cada p\u00e1gina de este libro es un eco de lucha, un susurro de dolor y un grito de valent\u00eda. La autora nos abre su coraz\u00f3n para compartir un viaje marcado por ca\u00eddas profundas, heridas invisibles y silencios que pesan. Pero tambi\u00e9n nos muestra que en cada ca\u00edda habita la posibilidad de levantarse, y que la fuerza de un grito puede romper la oscuridad m\u00e1s densa.<br \/>\nGrito(s) en la (o)(s)curidad no es solo una autobiograf\u00eda: es un testimonio vivo de resiliencia, un recordatorio de que la oscuridad nunca tiene la \u00faltima palabra. Al final, el mensaje que transmite es claro: la oscuridad no define tu vida, tu grito por salir de ella s\u00ed.<\/p>\n","protected":false},"featured_media":109679,"comment_status":"open","ping_status":"closed","template":"","meta":{"_acf_changed":false},"libro":[],"product_brand":[],"product_cat":[102],"product_tag":[],"class_list":{"0":"post-109678","1":"product","2":"type-product","3":"status-publish","4":"has-post-thumbnail","6":"product_cat-biografia","8":"first","9":"instock","10":"shipping-taxable","11":"product-type-simple"},"acf":{"autor":[109680],"enlace_de_compra":"https:\/\/www.amazon.es\/Grito-curidad-Biograf%C3%ADa-Vanessa-Garc%C3%ADa\/dp\/B0FXF52N8D\/ref=sr_1_1?__mk_es_ES=%C3%85M%C3%85%C5%BD%C3%95%C3%91&crid=2T6LJE8YB86RQ&dib=eyJ2IjoiMSJ9.jRHJf_zCzkR8AnqHSkBmnsEGMOuqrvzW_wqs5yaOoWOM0egPsUv-nBJhP2ODp_C2RfJ0kyCqUmuhV2_rqDNVXfqJXNh-5iX8ZYZ0HqqNokA.waxcKF1JLvYQjq_D2x2z4Bi9LRbODfwOH4oKCmhH0L8&dib_tag=se&keywords=grito%28s%29+letrame&qid=1764075276&s=books&sprefix=grito+s+letrame%2Cstripbooks%2C74&sr=1-1"},"yoast_head":"<!-- This site is optimized with the Yoast SEO plugin v26.6 - https:\/\/yoast.com\/wordpress\/plugins\/seo\/ -->\n<title>Grito(s) en la (o)(s)curidad - Catalogo | Letrame Grupo Editorial<\/title>\n<meta name=\"robots\" content=\"index, follow, max-snippet:-1, max-image-preview:large, max-video-preview:-1\" \/>\n<link rel=\"canonical\" href=\"https:\/\/letrame.com\/catalogo\/producto\/gritos-en-la-oscuridad\/\" \/>\n<meta property=\"og:locale\" content=\"es_ES\" \/>\n<meta property=\"og:type\" content=\"article\" \/>\n<meta property=\"og:title\" content=\"Grito(s) en la (o)(s)curidad - Catalogo | Letrame Grupo Editorial\" \/>\n<meta property=\"og:description\" content=\"ISBN: 9791370128777 SINOPSIS Cada p\u00e1gina de este libro es un eco de lucha, un susurro de dolor y un grito de valent\u00eda. La autora nos abre su coraz\u00f3n para compartir un viaje marcado por ca\u00eddas profundas, heridas invisibles y silencios que pesan. Pero tambi\u00e9n nos muestra que en cada ca\u00edda habita la posibilidad de levantarse, y que la fuerza de un grito puede romper la oscuridad m\u00e1s densa. Grito(s) en la (o)(s)curidad no es solo una autobiograf\u00eda: es un testimonio vivo de resiliencia, un recordatorio de que la oscuridad nunca tiene la \u00faltima palabra. Al final, el mensaje que transmite es claro: la oscuridad no define tu vida, tu grito por salir de ella s\u00ed.\" \/>\n<meta property=\"og:url\" content=\"https:\/\/letrame.com\/catalogo\/producto\/gritos-en-la-oscuridad\/\" \/>\n<meta property=\"og:site_name\" content=\"Catalogo | Letrame Grupo Editorial\" \/>\n<meta property=\"article:modified_time\" content=\"2025-11-25T12:59:05+00:00\" \/>\n<meta property=\"og:image\" content=\"https:\/\/letrame.com\/catalogo\/wp-content\/uploads\/2025\/11\/gritosenlaoscuridad_513mm4.gif\" \/>\n\t<meta property=\"og:image:width\" content=\"384\" \/>\n\t<meta property=\"og:image:height\" content=\"537\" \/>\n\t<meta property=\"og:image:type\" content=\"image\/gif\" \/>\n<meta name=\"twitter:card\" content=\"summary_large_image\" \/>\n<meta name=\"twitter:label1\" content=\"Tiempo de lectura\" \/>\n\t<meta name=\"twitter:data1\" content=\"1 minuto\" \/>\n<script type=\"application\/ld+json\" class=\"yoast-schema-graph\">{\"@context\":\"https:\/\/schema.org\",\"@graph\":[{\"@type\":\"WebPage\",\"@id\":\"https:\/\/letrame.com\/catalogo\/producto\/gritos-en-la-oscuridad\/\",\"url\":\"https:\/\/letrame.com\/catalogo\/producto\/gritos-en-la-oscuridad\/\",\"name\":\"Grito(s) en la (o)(s)curidad - Catalogo | Letrame Grupo Editorial\",\"isPartOf\":{\"@id\":\"https:\/\/letrame.com\/catalogo\/#website\"},\"primaryImageOfPage\":{\"@id\":\"https:\/\/letrame.com\/catalogo\/producto\/gritos-en-la-oscuridad\/#primaryimage\"},\"image\":{\"@id\":\"https:\/\/letrame.com\/catalogo\/producto\/gritos-en-la-oscuridad\/#primaryimage\"},\"thumbnailUrl\":\"https:\/\/letrame.com\/catalogo\/wp-content\/uploads\/2025\/11\/gritosenlaoscuridad_513mm4.gif\",\"datePublished\":\"2025-11-25T12:56:33+00:00\",\"dateModified\":\"2025-11-25T12:59:05+00:00\",\"breadcrumb\":{\"@id\":\"https:\/\/letrame.com\/catalogo\/producto\/gritos-en-la-oscuridad\/#breadcrumb\"},\"inLanguage\":\"es\",\"potentialAction\":[{\"@type\":\"ReadAction\",\"target\":[\"https:\/\/letrame.com\/catalogo\/producto\/gritos-en-la-oscuridad\/\"]}]},{\"@type\":\"ImageObject\",\"inLanguage\":\"es\",\"@id\":\"https:\/\/letrame.com\/catalogo\/producto\/gritos-en-la-oscuridad\/#primaryimage\",\"url\":\"https:\/\/letrame.com\/catalogo\/wp-content\/uploads\/2025\/11\/gritosenlaoscuridad_513mm4.gif\",\"contentUrl\":\"https:\/\/letrame.com\/catalogo\/wp-content\/uploads\/2025\/11\/gritosenlaoscuridad_513mm4.gif\",\"width\":384,\"height\":537},{\"@type\":\"BreadcrumbList\",\"@id\":\"https:\/\/letrame.com\/catalogo\/producto\/gritos-en-la-oscuridad\/#breadcrumb\",\"itemListElement\":[{\"@type\":\"ListItem\",\"position\":1,\"name\":\"Portada\",\"item\":\"https:\/\/letrame.com\/catalogo\/\"},{\"@type\":\"ListItem\",\"position\":2,\"name\":\"Cat\u00e1logo\",\"item\":\"https:\/\/letrame.com\/catalogo\/\"},{\"@type\":\"ListItem\",\"position\":3,\"name\":\"Grito(s) en la (o)(s)curidad\"}]},{\"@type\":\"WebSite\",\"@id\":\"https:\/\/letrame.com\/catalogo\/#website\",\"url\":\"https:\/\/letrame.com\/catalogo\/\",\"name\":\"Catalogo | Letrame Grupo Editorial\",\"description\":\"\",\"publisher\":{\"@id\":\"https:\/\/letrame.com\/catalogo\/#organization\"},\"potentialAction\":[{\"@type\":\"SearchAction\",\"target\":{\"@type\":\"EntryPoint\",\"urlTemplate\":\"https:\/\/letrame.com\/catalogo\/?s={search_term_string}\"},\"query-input\":{\"@type\":\"PropertyValueSpecification\",\"valueRequired\":true,\"valueName\":\"search_term_string\"}}],\"inLanguage\":\"es\"},{\"@type\":\"Organization\",\"@id\":\"https:\/\/letrame.com\/catalogo\/#organization\",\"name\":\"Catalogo | Letrame Grupo Editorial\",\"url\":\"https:\/\/letrame.com\/catalogo\/\",\"logo\":{\"@type\":\"ImageObject\",\"inLanguage\":\"es\",\"@id\":\"https:\/\/letrame.com\/catalogo\/#\/schema\/logo\/image\/\",\"url\":\"https:\/\/letrame.com\/catalogo\/wp-content\/uploads\/2024\/03\/logo2.webp\",\"contentUrl\":\"https:\/\/letrame.com\/catalogo\/wp-content\/uploads\/2024\/03\/logo2.webp\",\"width\":394,\"height\":128,\"caption\":\"Catalogo | Letrame Grupo Editorial\"},\"image\":{\"@id\":\"https:\/\/letrame.com\/catalogo\/#\/schema\/logo\/image\/\"}}]}<\/script>\n<!-- \/ Yoast SEO plugin. -->","yoast_head_json":{"title":"Grito(s) en la (o)(s)curidad - Catalogo | Letrame Grupo Editorial","robots":{"index":"index","follow":"follow","max-snippet":"max-snippet:-1","max-image-preview":"max-image-preview:large","max-video-preview":"max-video-preview:-1"},"canonical":"https:\/\/letrame.com\/catalogo\/producto\/gritos-en-la-oscuridad\/","og_locale":"es_ES","og_type":"article","og_title":"Grito(s) en la (o)(s)curidad - Catalogo | Letrame Grupo Editorial","og_description":"ISBN: 9791370128777 SINOPSIS Cada p\u00e1gina de este libro es un eco de lucha, un susurro de dolor y un grito de valent\u00eda. La autora nos abre su coraz\u00f3n para compartir un viaje marcado por ca\u00eddas profundas, heridas invisibles y silencios que pesan. Pero tambi\u00e9n nos muestra que en cada ca\u00edda habita la posibilidad de levantarse, y que la fuerza de un grito puede romper la oscuridad m\u00e1s densa. Grito(s) en la (o)(s)curidad no es solo una autobiograf\u00eda: es un testimonio vivo de resiliencia, un recordatorio de que la oscuridad nunca tiene la \u00faltima palabra. Al final, el mensaje que transmite es claro: la oscuridad no define tu vida, tu grito por salir de ella s\u00ed.","og_url":"https:\/\/letrame.com\/catalogo\/producto\/gritos-en-la-oscuridad\/","og_site_name":"Catalogo | Letrame Grupo Editorial","article_modified_time":"2025-11-25T12:59:05+00:00","og_image":[{"width":384,"height":537,"url":"https:\/\/letrame.com\/catalogo\/wp-content\/uploads\/2025\/11\/gritosenlaoscuridad_513mm4.gif","type":"image\/gif"}],"twitter_card":"summary_large_image","twitter_misc":{"Tiempo de lectura":"1 minuto"},"schema":{"@context":"https:\/\/schema.org","@graph":[{"@type":"WebPage","@id":"https:\/\/letrame.com\/catalogo\/producto\/gritos-en-la-oscuridad\/","url":"https:\/\/letrame.com\/catalogo\/producto\/gritos-en-la-oscuridad\/","name":"Grito(s) en la (o)(s)curidad - Catalogo | Letrame Grupo Editorial","isPartOf":{"@id":"https:\/\/letrame.com\/catalogo\/#website"},"primaryImageOfPage":{"@id":"https:\/\/letrame.com\/catalogo\/producto\/gritos-en-la-oscuridad\/#primaryimage"},"image":{"@id":"https:\/\/letrame.com\/catalogo\/producto\/gritos-en-la-oscuridad\/#primaryimage"},"thumbnailUrl":"https:\/\/letrame.com\/catalogo\/wp-content\/uploads\/2025\/11\/gritosenlaoscuridad_513mm4.gif","datePublished":"2025-11-25T12:56:33+00:00","dateModified":"2025-11-25T12:59:05+00:00","breadcrumb":{"@id":"https:\/\/letrame.com\/catalogo\/producto\/gritos-en-la-oscuridad\/#breadcrumb"},"inLanguage":"es","potentialAction":[{"@type":"ReadAction","target":["https:\/\/letrame.com\/catalogo\/producto\/gritos-en-la-oscuridad\/"]}]},{"@type":"ImageObject","inLanguage":"es","@id":"https:\/\/letrame.com\/catalogo\/producto\/gritos-en-la-oscuridad\/#primaryimage","url":"https:\/\/letrame.com\/catalogo\/wp-content\/uploads\/2025\/11\/gritosenlaoscuridad_513mm4.gif","contentUrl":"https:\/\/letrame.com\/catalogo\/wp-content\/uploads\/2025\/11\/gritosenlaoscuridad_513mm4.gif","width":384,"height":537},{"@type":"BreadcrumbList","@id":"https:\/\/letrame.com\/catalogo\/producto\/gritos-en-la-oscuridad\/#breadcrumb","itemListElement":[{"@type":"ListItem","position":1,"name":"Portada","item":"https:\/\/letrame.com\/catalogo\/"},{"@type":"ListItem","position":2,"name":"Cat\u00e1logo","item":"https:\/\/letrame.com\/catalogo\/"},{"@type":"ListItem","position":3,"name":"Grito(s) en la (o)(s)curidad"}]},{"@type":"WebSite","@id":"https:\/\/letrame.com\/catalogo\/#website","url":"https:\/\/letrame.com\/catalogo\/","name":"Catalogo | Letrame Grupo Editorial","description":"","publisher":{"@id":"https:\/\/letrame.com\/catalogo\/#organization"},"potentialAction":[{"@type":"SearchAction","target":{"@type":"EntryPoint","urlTemplate":"https:\/\/letrame.com\/catalogo\/?s={search_term_string}"},"query-input":{"@type":"PropertyValueSpecification","valueRequired":true,"valueName":"search_term_string"}}],"inLanguage":"es"},{"@type":"Organization","@id":"https:\/\/letrame.com\/catalogo\/#organization","name":"Catalogo | Letrame Grupo Editorial","url":"https:\/\/letrame.com\/catalogo\/","logo":{"@type":"ImageObject","inLanguage":"es","@id":"https:\/\/letrame.com\/catalogo\/#\/schema\/logo\/image\/","url":"https:\/\/letrame.com\/catalogo\/wp-content\/uploads\/2024\/03\/logo2.webp","contentUrl":"https:\/\/letrame.com\/catalogo\/wp-content\/uploads\/2024\/03\/logo2.webp","width":394,"height":128,"caption":"Catalogo | Letrame Grupo Editorial"},"image":{"@id":"https:\/\/letrame.com\/catalogo\/#\/schema\/logo\/image\/"}}]}},"_links":{"self":[{"href":"https:\/\/letrame.com\/catalogo\/wp-json\/wp\/v2\/product\/109678","targetHints":{"allow":["GET"]}}],"collection":[{"href":"https:\/\/letrame.com\/catalogo\/wp-json\/wp\/v2\/product"}],"about":[{"href":"https:\/\/letrame.com\/catalogo\/wp-json\/wp\/v2\/types\/product"}],"replies":[{"embeddable":true,"href":"https:\/\/letrame.com\/catalogo\/wp-json\/wp\/v2\/comments?post=109678"}],"acf:post":[{"embeddable":true,"href":"https:\/\/letrame.com\/catalogo\/wp-json\/wp\/v2\/author_book\/109680"}],"wp:featuredmedia":[{"embeddable":true,"href":"https:\/\/letrame.com\/catalogo\/wp-json\/wp\/v2\/media\/109679"}],"wp:attachment":[{"href":"https:\/\/letrame.com\/catalogo\/wp-json\/wp\/v2\/media?parent=109678"}],"wp:term":[{"taxonomy":"libro","embeddable":true,"href":"https:\/\/letrame.com\/catalogo\/wp-json\/wp\/v2\/libro?post=109678"},{"taxonomy":"product_brand","embeddable":true,"href":"https:\/\/letrame.com\/catalogo\/wp-json\/wp\/v2\/product_brand?post=109678"},{"taxonomy":"product_cat","embeddable":true,"href":"https:\/\/letrame.com\/catalogo\/wp-json\/wp\/v2\/product_cat?post=109678"},{"taxonomy":"product_tag","embeddable":true,"href":"https:\/\/letrame.com\/catalogo\/wp-json\/wp\/v2\/product_tag?post=109678"}],"curies":[{"name":"wp","href":"https:\/\/api.w.org\/{rel}","templated":true}]}}