{"id":109588,"date":"2025-11-20T16:15:48","date_gmt":"2025-11-20T15:15:48","guid":{"rendered":"https:\/\/letrame.com\/catalogo\/?post_type=product&#038;p=109588"},"modified":"2026-02-19T14:05:17","modified_gmt":"2026-02-19T13:05:17","slug":"pajaros-de-alquitran","status":"publish","type":"product","link":"https:\/\/letrame.com\/catalogo\/producto\/pajaros-de-alquitran\/","title":{"rendered":"P\u00e1jaros de alquitr\u00e1n. 2\u00ba Edici\u00f3n"},"content":{"rendered":"<p class=\"p1\"><b>ISBN: 9791370294434<\/b><b><\/b><\/p>\n<p class=\"p1\"><b>T\u00edtulo: P\u00e1jaros de alquitr\u00e1n\u00a0<\/b><b><\/b><\/p>\n<p class=\"p1\"><b>Fecha: 2025<\/b><b><\/b><\/p>\n<p class=\"p1\"><b>P\u00e1ginas: 476<\/b><b><\/b><\/p>\n<p class=\"p1\"><b>SINOPSIS<\/b><b><\/b><\/p>\n<p>\u00bfQui\u00e9n ser\u00e1 el siguiente?<br \/>\nVarios desaparecidos.<br \/>\nUn cuerpo sin vida.<br \/>\nUna investigaci\u00f3n a contrarreloj.<br \/>\nEl amor de una abuela y sus nietos.<br \/>\nUn centro neurodivergente.<br \/>\n\u00bfAbandonar el lugar y sufrir, o quedarse y sufrir el doble?<br \/>\nBo\u00f1ar, 2024. Oliver Nava es el director del centro neurodivergente La Inmortal, donde ayuda y aprende de sus alumnos. Autista con altas capacidades y TDAH. \u00danico. Con muy buena intuici\u00f3n.<br \/>\nEl regreso de su abuela, Agustina, a Bilbao, junto con el personal de la comisar\u00eda Los Almendros, unir\u00e1n fuerzas para intentar resolver este complicado caso, sin saber que hay algo o alguien que les une.<br \/>\nUna caba\u00f1a de madera, un centro neurodivergente y los paisajes de dos lugares impresionantes \u2014Bo\u00f1ar, en Le\u00f3n, y Bilbao, en el Pa\u00eds Vasco\u2014 son algunos de los escenarios de este thriller emocional, en el que se cruza el fallecimiento de Atanasia \u2014una persona muy especial\u2014, el hallazgo de un cad\u00e1ver en la R\u00eda, la noche de Halloween y los secretos de la familia Nava.<br \/>\nDescubre esta impactante novela, inspirada en una historia real.<br \/>\nEL DEBUT LITERARIO DE OLIVER NINE, P\u00c1JAROS DE ALQUITR\u00c1N, ES UNA NOVELA EMOTIVA Y SORPRENDENTE QUE TE DEJAR\u00c1 CON EL CORAZ\u00d3N ENCOGIDO.<\/p>\n","protected":false},"excerpt":{"rendered":"<p><b>ISBN: 9791370294434<\/b><\/p>\n<p class=\"p1\"><b>SINOPSIS<\/b><b><\/b><\/p>\n<p>\u00bfQui\u00e9n ser\u00e1 el siguiente?<br \/>\nVarios desaparecidos.<br \/>\nUn cuerpo sin vida.<br \/>\nUna investigaci\u00f3n a contrarreloj.<br \/>\nEl amor de una abuela y sus nietos.<br \/>\nUn centro neurodivergente.<br \/>\n\u00bfAbandonar el lugar y sufrir, o quedarse y sufrir el doble?<br \/>\nBo\u00f1ar, 2024. Oliver Nava es el director del centro neurodivergente La Inmortal, donde ayuda y aprende de sus alumnos. Autista con altas capacidades y TDAH. \u00danico. Con muy buena intuici\u00f3n.<br \/>\nEl regreso de su abuela, Agustina, a Bilbao, junto con el personal de la comisar\u00eda Los Almendros, unir\u00e1n fuerzas para intentar resolver este complicado caso, sin saber que hay algo o alguien que les une.<br \/>\nUna caba\u00f1a de madera, un centro neurodivergente y los paisajes de dos lugares impresionantes \u2014Bo\u00f1ar, en Le\u00f3n, y Bilbao, en el Pa\u00eds Vasco\u2014 son algunos de los escenarios de este thriller emocional, en el que se cruza el fallecimiento de Atanasia \u2014una persona muy especial\u2014, el hallazgo de un cad\u00e1ver en la R\u00eda, la noche de Halloween y los secretos de la familia Nava.<br \/>\nDescubre esta impactante novela, inspirada en una historia real.<br \/>\nEL DEBUT LITERARIO DE OLIVER NINE, P\u00c1JAROS DE ALQUITR\u00c1N, ES UNA NOVELA EMOTIVA Y SORPRENDENTE QUE TE DEJAR\u00c1 CON EL CORAZ\u00d3N ENCOGIDO.<\/p>\n","protected":false},"featured_media":111100,"comment_status":"open","ping_status":"closed","template":"","meta":{"_acf_changed":false},"libro":[],"product_brand":[],"product_cat":[111],"product_tag":[],"class_list":{"0":"post-109588","1":"product","2":"type-product","3":"status-publish","4":"has-post-thumbnail","6":"product_cat-thriller","8":"first","9":"instock","10":"shipping-taxable","11":"product-type-simple"},"acf":{"autor":[109590],"enlace_de_compra":"https:\/\/www.amazon.es\/P%C3%A1jaros-alquitr%C3%A1n-Thrillers-Oliver-Nine\/dp\/B0FSTCY9BP\/ref=sr_1_1?__mk_es_ES=%C3%85M%C3%85%C5%BD%C3%95%C3%91&crid=22QIIVH1AIHGK&dib=eyJ2IjoiMSJ9.1f4hesNn6OCrTmh7YC6E_A.rZ335ZGvBx690ZHRqUfSdaXp5Q-KSmjiURECethDZ3U&dib_tag=se&keywords=p%C3%A1jaros+de+alquitr%C3%A1n+letrame&qid=1763651246&s=books&sprefix=p%C3%A1jaros+de+alquitr%C3%A1n+letrame%2Cstripbooks%2C136&sr=1-1"},"yoast_head":"<!-- This site is optimized with the Yoast SEO plugin v26.6 - https:\/\/yoast.com\/wordpress\/plugins\/seo\/ -->\n<title>P\u00e1jaros de alquitr\u00e1n. 2\u00ba Edici\u00f3n - Catalogo | Letrame Grupo Editorial<\/title>\n<meta name=\"robots\" content=\"index, follow, max-snippet:-1, max-image-preview:large, max-video-preview:-1\" \/>\n<link rel=\"canonical\" href=\"https:\/\/letrame.com\/catalogo\/producto\/pajaros-de-alquitran\/\" \/>\n<meta property=\"og:locale\" content=\"es_ES\" \/>\n<meta property=\"og:type\" content=\"article\" \/>\n<meta property=\"og:title\" content=\"P\u00e1jaros de alquitr\u00e1n. 2\u00ba Edici\u00f3n - Catalogo | Letrame Grupo Editorial\" \/>\n<meta property=\"og:description\" content=\"ISBN: 9791370294434 SINOPSIS \u00bfQui\u00e9n ser\u00e1 el siguiente? Varios desaparecidos. Un cuerpo sin vida. Una investigaci\u00f3n a contrarreloj. El amor de una abuela y sus nietos. Un centro neurodivergente. \u00bfAbandonar el lugar y sufrir, o quedarse y sufrir el doble? Bo\u00f1ar, 2024. Oliver Nava es el director del centro neurodivergente La Inmortal, donde ayuda y aprende de sus alumnos. Autista con altas capacidades y TDAH. \u00danico. Con muy buena intuici\u00f3n. El regreso de su abuela, Agustina, a Bilbao, junto con el personal de la comisar\u00eda Los Almendros, unir\u00e1n fuerzas para intentar resolver este complicado caso, sin saber que hay algo o alguien que les une. Una caba\u00f1a de madera, un centro neurodivergente y los paisajes de dos lugares impresionantes \u2014Bo\u00f1ar, en Le\u00f3n, y Bilbao, en el Pa\u00eds Vasco\u2014 son algunos de los escenarios de este thriller emocional, en el que se cruza el fallecimiento de Atanasia \u2014una persona muy especial\u2014, el hallazgo de un cad\u00e1ver en la R\u00eda, la noche de Halloween y los secretos de la familia Nava. Descubre esta impactante novela, inspirada en una historia real. EL DEBUT LITERARIO DE OLIVER NINE, P\u00c1JAROS DE ALQUITR\u00c1N, ES UNA NOVELA EMOTIVA Y SORPRENDENTE QUE TE DEJAR\u00c1 CON EL CORAZ\u00d3N ENCOGIDO.\" \/>\n<meta property=\"og:url\" content=\"https:\/\/letrame.com\/catalogo\/producto\/pajaros-de-alquitran\/\" \/>\n<meta property=\"og:site_name\" content=\"Catalogo | Letrame Grupo Editorial\" \/>\n<meta property=\"article:modified_time\" content=\"2026-02-19T13:05:17+00:00\" \/>\n<meta property=\"og:image\" content=\"https:\/\/letrame.com\/catalogo\/wp-content\/uploads\/2025\/11\/opinionesletrame.png\" \/>\n\t<meta property=\"og:image:width\" content=\"628\" \/>\n\t<meta property=\"og:image:height\" content=\"940\" \/>\n\t<meta property=\"og:image:type\" content=\"image\/png\" \/>\n<meta name=\"twitter:card\" content=\"summary_large_image\" \/>\n<meta name=\"twitter:label1\" content=\"Tiempo de lectura\" \/>\n\t<meta name=\"twitter:data1\" content=\"1 minuto\" \/>\n<script type=\"application\/ld+json\" class=\"yoast-schema-graph\">{\"@context\":\"https:\/\/schema.org\",\"@graph\":[{\"@type\":\"WebPage\",\"@id\":\"https:\/\/letrame.com\/catalogo\/producto\/pajaros-de-alquitran\/\",\"url\":\"https:\/\/letrame.com\/catalogo\/producto\/pajaros-de-alquitran\/\",\"name\":\"P\u00e1jaros de alquitr\u00e1n. 2\u00ba Edici\u00f3n - Catalogo | Letrame Grupo Editorial\",\"isPartOf\":{\"@id\":\"https:\/\/letrame.com\/catalogo\/#website\"},\"primaryImageOfPage\":{\"@id\":\"https:\/\/letrame.com\/catalogo\/producto\/pajaros-de-alquitran\/#primaryimage\"},\"image\":{\"@id\":\"https:\/\/letrame.com\/catalogo\/producto\/pajaros-de-alquitran\/#primaryimage\"},\"thumbnailUrl\":\"https:\/\/letrame.com\/catalogo\/wp-content\/uploads\/2025\/11\/opinionesletrame.png\",\"datePublished\":\"2025-11-20T15:15:48+00:00\",\"dateModified\":\"2026-02-19T13:05:17+00:00\",\"breadcrumb\":{\"@id\":\"https:\/\/letrame.com\/catalogo\/producto\/pajaros-de-alquitran\/#breadcrumb\"},\"inLanguage\":\"es\",\"potentialAction\":[{\"@type\":\"ReadAction\",\"target\":[\"https:\/\/letrame.com\/catalogo\/producto\/pajaros-de-alquitran\/\"]}]},{\"@type\":\"ImageObject\",\"inLanguage\":\"es\",\"@id\":\"https:\/\/letrame.com\/catalogo\/producto\/pajaros-de-alquitran\/#primaryimage\",\"url\":\"https:\/\/letrame.com\/catalogo\/wp-content\/uploads\/2025\/11\/opinionesletrame.png\",\"contentUrl\":\"https:\/\/letrame.com\/catalogo\/wp-content\/uploads\/2025\/11\/opinionesletrame.png\",\"width\":628,\"height\":940},{\"@type\":\"BreadcrumbList\",\"@id\":\"https:\/\/letrame.com\/catalogo\/producto\/pajaros-de-alquitran\/#breadcrumb\",\"itemListElement\":[{\"@type\":\"ListItem\",\"position\":1,\"name\":\"Portada\",\"item\":\"https:\/\/letrame.com\/catalogo\/\"},{\"@type\":\"ListItem\",\"position\":2,\"name\":\"Cat\u00e1logo\",\"item\":\"https:\/\/letrame.com\/catalogo\/\"},{\"@type\":\"ListItem\",\"position\":3,\"name\":\"P\u00e1jaros de alquitr\u00e1n. 2\u00ba Edici\u00f3n\"}]},{\"@type\":\"WebSite\",\"@id\":\"https:\/\/letrame.com\/catalogo\/#website\",\"url\":\"https:\/\/letrame.com\/catalogo\/\",\"name\":\"Catalogo | Letrame Grupo Editorial\",\"description\":\"\",\"publisher\":{\"@id\":\"https:\/\/letrame.com\/catalogo\/#organization\"},\"potentialAction\":[{\"@type\":\"SearchAction\",\"target\":{\"@type\":\"EntryPoint\",\"urlTemplate\":\"https:\/\/letrame.com\/catalogo\/?s={search_term_string}\"},\"query-input\":{\"@type\":\"PropertyValueSpecification\",\"valueRequired\":true,\"valueName\":\"search_term_string\"}}],\"inLanguage\":\"es\"},{\"@type\":\"Organization\",\"@id\":\"https:\/\/letrame.com\/catalogo\/#organization\",\"name\":\"Catalogo | Letrame Grupo Editorial\",\"url\":\"https:\/\/letrame.com\/catalogo\/\",\"logo\":{\"@type\":\"ImageObject\",\"inLanguage\":\"es\",\"@id\":\"https:\/\/letrame.com\/catalogo\/#\/schema\/logo\/image\/\",\"url\":\"https:\/\/letrame.com\/catalogo\/wp-content\/uploads\/2024\/03\/logo2.webp\",\"contentUrl\":\"https:\/\/letrame.com\/catalogo\/wp-content\/uploads\/2024\/03\/logo2.webp\",\"width\":394,\"height\":128,\"caption\":\"Catalogo | Letrame Grupo Editorial\"},\"image\":{\"@id\":\"https:\/\/letrame.com\/catalogo\/#\/schema\/logo\/image\/\"}}]}<\/script>\n<!-- \/ Yoast SEO plugin. -->","yoast_head_json":{"title":"P\u00e1jaros de alquitr\u00e1n. 2\u00ba Edici\u00f3n - Catalogo | Letrame Grupo Editorial","robots":{"index":"index","follow":"follow","max-snippet":"max-snippet:-1","max-image-preview":"max-image-preview:large","max-video-preview":"max-video-preview:-1"},"canonical":"https:\/\/letrame.com\/catalogo\/producto\/pajaros-de-alquitran\/","og_locale":"es_ES","og_type":"article","og_title":"P\u00e1jaros de alquitr\u00e1n. 2\u00ba Edici\u00f3n - Catalogo | Letrame Grupo Editorial","og_description":"ISBN: 9791370294434 SINOPSIS \u00bfQui\u00e9n ser\u00e1 el siguiente? Varios desaparecidos. Un cuerpo sin vida. Una investigaci\u00f3n a contrarreloj. El amor de una abuela y sus nietos. Un centro neurodivergente. \u00bfAbandonar el lugar y sufrir, o quedarse y sufrir el doble? Bo\u00f1ar, 2024. Oliver Nava es el director del centro neurodivergente La Inmortal, donde ayuda y aprende de sus alumnos. Autista con altas capacidades y TDAH. \u00danico. Con muy buena intuici\u00f3n. El regreso de su abuela, Agustina, a Bilbao, junto con el personal de la comisar\u00eda Los Almendros, unir\u00e1n fuerzas para intentar resolver este complicado caso, sin saber que hay algo o alguien que les une. Una caba\u00f1a de madera, un centro neurodivergente y los paisajes de dos lugares impresionantes \u2014Bo\u00f1ar, en Le\u00f3n, y Bilbao, en el Pa\u00eds Vasco\u2014 son algunos de los escenarios de este thriller emocional, en el que se cruza el fallecimiento de Atanasia \u2014una persona muy especial\u2014, el hallazgo de un cad\u00e1ver en la R\u00eda, la noche de Halloween y los secretos de la familia Nava. Descubre esta impactante novela, inspirada en una historia real. EL DEBUT LITERARIO DE OLIVER NINE, P\u00c1JAROS DE ALQUITR\u00c1N, ES UNA NOVELA EMOTIVA Y SORPRENDENTE QUE TE DEJAR\u00c1 CON EL CORAZ\u00d3N ENCOGIDO.","og_url":"https:\/\/letrame.com\/catalogo\/producto\/pajaros-de-alquitran\/","og_site_name":"Catalogo | Letrame Grupo Editorial","article_modified_time":"2026-02-19T13:05:17+00:00","og_image":[{"width":628,"height":940,"url":"https:\/\/letrame.com\/catalogo\/wp-content\/uploads\/2025\/11\/opinionesletrame.png","type":"image\/png"}],"twitter_card":"summary_large_image","twitter_misc":{"Tiempo de lectura":"1 minuto"},"schema":{"@context":"https:\/\/schema.org","@graph":[{"@type":"WebPage","@id":"https:\/\/letrame.com\/catalogo\/producto\/pajaros-de-alquitran\/","url":"https:\/\/letrame.com\/catalogo\/producto\/pajaros-de-alquitran\/","name":"P\u00e1jaros de alquitr\u00e1n. 2\u00ba Edici\u00f3n - Catalogo | Letrame Grupo Editorial","isPartOf":{"@id":"https:\/\/letrame.com\/catalogo\/#website"},"primaryImageOfPage":{"@id":"https:\/\/letrame.com\/catalogo\/producto\/pajaros-de-alquitran\/#primaryimage"},"image":{"@id":"https:\/\/letrame.com\/catalogo\/producto\/pajaros-de-alquitran\/#primaryimage"},"thumbnailUrl":"https:\/\/letrame.com\/catalogo\/wp-content\/uploads\/2025\/11\/opinionesletrame.png","datePublished":"2025-11-20T15:15:48+00:00","dateModified":"2026-02-19T13:05:17+00:00","breadcrumb":{"@id":"https:\/\/letrame.com\/catalogo\/producto\/pajaros-de-alquitran\/#breadcrumb"},"inLanguage":"es","potentialAction":[{"@type":"ReadAction","target":["https:\/\/letrame.com\/catalogo\/producto\/pajaros-de-alquitran\/"]}]},{"@type":"ImageObject","inLanguage":"es","@id":"https:\/\/letrame.com\/catalogo\/producto\/pajaros-de-alquitran\/#primaryimage","url":"https:\/\/letrame.com\/catalogo\/wp-content\/uploads\/2025\/11\/opinionesletrame.png","contentUrl":"https:\/\/letrame.com\/catalogo\/wp-content\/uploads\/2025\/11\/opinionesletrame.png","width":628,"height":940},{"@type":"BreadcrumbList","@id":"https:\/\/letrame.com\/catalogo\/producto\/pajaros-de-alquitran\/#breadcrumb","itemListElement":[{"@type":"ListItem","position":1,"name":"Portada","item":"https:\/\/letrame.com\/catalogo\/"},{"@type":"ListItem","position":2,"name":"Cat\u00e1logo","item":"https:\/\/letrame.com\/catalogo\/"},{"@type":"ListItem","position":3,"name":"P\u00e1jaros de alquitr\u00e1n. 2\u00ba Edici\u00f3n"}]},{"@type":"WebSite","@id":"https:\/\/letrame.com\/catalogo\/#website","url":"https:\/\/letrame.com\/catalogo\/","name":"Catalogo | Letrame Grupo Editorial","description":"","publisher":{"@id":"https:\/\/letrame.com\/catalogo\/#organization"},"potentialAction":[{"@type":"SearchAction","target":{"@type":"EntryPoint","urlTemplate":"https:\/\/letrame.com\/catalogo\/?s={search_term_string}"},"query-input":{"@type":"PropertyValueSpecification","valueRequired":true,"valueName":"search_term_string"}}],"inLanguage":"es"},{"@type":"Organization","@id":"https:\/\/letrame.com\/catalogo\/#organization","name":"Catalogo | Letrame Grupo Editorial","url":"https:\/\/letrame.com\/catalogo\/","logo":{"@type":"ImageObject","inLanguage":"es","@id":"https:\/\/letrame.com\/catalogo\/#\/schema\/logo\/image\/","url":"https:\/\/letrame.com\/catalogo\/wp-content\/uploads\/2024\/03\/logo2.webp","contentUrl":"https:\/\/letrame.com\/catalogo\/wp-content\/uploads\/2024\/03\/logo2.webp","width":394,"height":128,"caption":"Catalogo | Letrame Grupo Editorial"},"image":{"@id":"https:\/\/letrame.com\/catalogo\/#\/schema\/logo\/image\/"}}]}},"_links":{"self":[{"href":"https:\/\/letrame.com\/catalogo\/wp-json\/wp\/v2\/product\/109588","targetHints":{"allow":["GET"]}}],"collection":[{"href":"https:\/\/letrame.com\/catalogo\/wp-json\/wp\/v2\/product"}],"about":[{"href":"https:\/\/letrame.com\/catalogo\/wp-json\/wp\/v2\/types\/product"}],"replies":[{"embeddable":true,"href":"https:\/\/letrame.com\/catalogo\/wp-json\/wp\/v2\/comments?post=109588"}],"acf:post":[{"embeddable":true,"href":"https:\/\/letrame.com\/catalogo\/wp-json\/wp\/v2\/author_book\/109590"}],"wp:featuredmedia":[{"embeddable":true,"href":"https:\/\/letrame.com\/catalogo\/wp-json\/wp\/v2\/media\/111100"}],"wp:attachment":[{"href":"https:\/\/letrame.com\/catalogo\/wp-json\/wp\/v2\/media?parent=109588"}],"wp:term":[{"taxonomy":"libro","embeddable":true,"href":"https:\/\/letrame.com\/catalogo\/wp-json\/wp\/v2\/libro?post=109588"},{"taxonomy":"product_brand","embeddable":true,"href":"https:\/\/letrame.com\/catalogo\/wp-json\/wp\/v2\/product_brand?post=109588"},{"taxonomy":"product_cat","embeddable":true,"href":"https:\/\/letrame.com\/catalogo\/wp-json\/wp\/v2\/product_cat?post=109588"},{"taxonomy":"product_tag","embeddable":true,"href":"https:\/\/letrame.com\/catalogo\/wp-json\/wp\/v2\/product_tag?post=109588"}],"curies":[{"name":"wp","href":"https:\/\/api.w.org\/{rel}","templated":true}]}}