{"id":109582,"date":"2025-11-20T13:51:03","date_gmt":"2025-11-20T12:51:03","guid":{"rendered":"https:\/\/letrame.com\/catalogo\/?post_type=product&#038;p=109582"},"modified":"2025-11-20T13:57:17","modified_gmt":"2025-11-20T12:57:17","slug":"emporio-global","status":"publish","type":"product","link":"https:\/\/letrame.com\/catalogo\/producto\/emporio-global\/","title":{"rendered":"Emporio global"},"content":{"rendered":"<p class=\"p1\"><b>ISBN: 9791370126711<\/b><b><\/b><\/p>\n<p class=\"p1\"><b>T\u00edtulo: Emporio global<\/b><b><\/b><\/p>\n<p class=\"p1\"><b>Fecha: 2025<\/b><b><\/b><\/p>\n<p class=\"p1\"><b>P\u00e1ginas: 142<\/b><b><\/b><\/p>\n<p class=\"p1\"><b>SINOPSIS<\/b><\/p>\n<p>Esta emocionante novela sigue la historia de dos amigos ingleses, expertos en comercio internacional, que deciden abandonar sus empleos seguros en una multinacional para emprender su propio negocio.<br \/>\nCon una vasta experiencia y un profundo conocimiento de los mercados globales, su empresa despega con \u00e9xito, abri\u00e9ndose paso en los mercados conocidos y explorando nuevos horizontes. Sin embargo, su camino hacia el \u00e9xito no est\u00e1 exento de obst\u00e1culos. Se enfrentan a una serie de problemas complejos y retorcidos, los cuales resuelven con su astucia y experiencia.<br \/>\nLa trama toma un giro inesperado cuando entran en contacto con un grupo de libios. Estos, bajo el pretexto de utilizar los servicios de transporte de la empresa para el env\u00edo de mercanc\u00edas, introducen secretamente armas en puertos francos. Su objetivo es transportar estas armas a trav\u00e9s de T\u00fanez hasta Libia, con la finalidad de derrocar el r\u00e9gimen de Gadafi. A cambio, los protagonistas reciben una compensaci\u00f3n econ\u00f3mica sustancial, depositada en un banco de un para\u00edso fiscal.<br \/>\nEsta situaci\u00f3n los coloca en una encrucijada moral e ilegal, forz\u00e1ndolos a navegar por las aguas turbias de la \u00e9tica empresarial y la geopol\u00edtica internacional.<\/p>\n","protected":false},"excerpt":{"rendered":"<p><b>ISBN: 9791370126711<\/b><\/p>\n<p class=\"p1\"><b>SINOPSIS<\/b><\/p>\n<p>Esta emocionante novela sigue la historia de dos amigos ingleses, expertos en comercio internacional, que deciden abandonar sus empleos seguros en una multinacional para emprender su propio negocio.<br \/>\nCon una vasta experiencia y un profundo conocimiento de los mercados globales, su empresa despega con \u00e9xito, abri\u00e9ndose paso en los mercados conocidos y explorando nuevos horizontes. Sin embargo, su camino hacia el \u00e9xito no est\u00e1 exento de obst\u00e1culos. Se enfrentan a una serie de problemas complejos y retorcidos, los cuales resuelven con su astucia y experiencia.<br \/>\nLa trama toma un giro inesperado cuando entran en contacto con un grupo de libios. Estos, bajo el pretexto de utilizar los servicios de transporte de la empresa para el env\u00edo de mercanc\u00edas, introducen secretamente armas en puertos francos. Su objetivo es transportar estas armas a trav\u00e9s de T\u00fanez hasta Libia, con la finalidad de derrocar el r\u00e9gimen de Gadafi. A cambio, los protagonistas reciben una compensaci\u00f3n econ\u00f3mica sustancial, depositada en un banco de un para\u00edso fiscal.<br \/>\nEsta situaci\u00f3n los coloca en una encrucijada moral e ilegal, forz\u00e1ndolos a navegar por las aguas turbias de la \u00e9tica empresarial y la geopol\u00edtica internacional.<\/p>\n","protected":false},"featured_media":109586,"comment_status":"open","ping_status":"closed","template":"","meta":{"_acf_changed":false},"libro":[],"product_brand":[],"product_cat":[141],"product_tag":[],"class_list":{"0":"post-109582","1":"product","2":"type-product","3":"status-publish","4":"has-post-thumbnail","6":"product_cat-ficcion","8":"first","9":"instock","10":"shipping-taxable","11":"product-type-simple"},"acf":{"autor":[109583],"enlace_de_compra":"https:\/\/www.amazon.es\/Emporio-global-Ficci%C3%B3n-Rodr%C3%ADguez-Vergara\/dp\/B0FXX9YJZP\/ref=sr_1_1?__mk_es_ES=%C3%85M%C3%85%C5%BD%C3%95%C3%91&crid=36UL28MVSCNK&dib=eyJ2IjoiMSJ9.2bJ8dxJ9alCiAFM8bl-gSA.avGKu5e93mp9Q21JmKgNQ_6XYXkhC8jMkuFzuRHLXVc&dib_tag=se&keywords=emporio+global+letrame&qid=1763642905&s=books&sprefix=emporio+global+letrame%2Cstripbooks%2C61&sr=1-1"},"yoast_head":"<!-- This site is optimized with the Yoast SEO plugin v27.4 - https:\/\/yoast.com\/product\/yoast-seo-wordpress\/ -->\n<title>Emporio global - Catalogo | Letrame Grupo Editorial<\/title>\n<meta name=\"robots\" content=\"index, follow, max-snippet:-1, max-image-preview:large, max-video-preview:-1\" \/>\n<link rel=\"canonical\" href=\"https:\/\/letrame.com\/catalogo\/producto\/emporio-global\/\" \/>\n<meta property=\"og:locale\" content=\"es_ES\" \/>\n<meta property=\"og:type\" content=\"article\" \/>\n<meta property=\"og:title\" content=\"Emporio global - Catalogo | Letrame Grupo Editorial\" \/>\n<meta property=\"og:description\" content=\"ISBN: 9791370126711 SINOPSIS Esta emocionante novela sigue la historia de dos amigos ingleses, expertos en comercio internacional, que deciden abandonar sus empleos seguros en una multinacional para emprender su propio negocio. Con una vasta experiencia y un profundo conocimiento de los mercados globales, su empresa despega con \u00e9xito, abri\u00e9ndose paso en los mercados conocidos y explorando nuevos horizontes. Sin embargo, su camino hacia el \u00e9xito no est\u00e1 exento de obst\u00e1culos. Se enfrentan a una serie de problemas complejos y retorcidos, los cuales resuelven con su astucia y experiencia. La trama toma un giro inesperado cuando entran en contacto con un grupo de libios. Estos, bajo el pretexto de utilizar los servicios de transporte de la empresa para el env\u00edo de mercanc\u00edas, introducen secretamente armas en puertos francos. Su objetivo es transportar estas armas a trav\u00e9s de T\u00fanez hasta Libia, con la finalidad de derrocar el r\u00e9gimen de Gadafi. A cambio, los protagonistas reciben una compensaci\u00f3n econ\u00f3mica sustancial, depositada en un banco de un para\u00edso fiscal. Esta situaci\u00f3n los coloca en una encrucijada moral e ilegal, forz\u00e1ndolos a navegar por las aguas turbias de la \u00e9tica empresarial y la geopol\u00edtica internacional.\" \/>\n<meta property=\"og:url\" content=\"https:\/\/letrame.com\/catalogo\/producto\/emporio-global\/\" \/>\n<meta property=\"og:site_name\" content=\"Catalogo | Letrame Grupo Editorial\" \/>\n<meta property=\"article:modified_time\" content=\"2025-11-20T12:57:17+00:00\" \/>\n<meta property=\"og:image\" content=\"https:\/\/letrame.com\/catalogo\/wp-content\/uploads\/2025\/11\/emporioglobal_762mm4.gif\" \/>\n\t<meta property=\"og:image:width\" content=\"384\" \/>\n\t<meta property=\"og:image:height\" content=\"537\" \/>\n\t<meta property=\"og:image:type\" content=\"image\/gif\" \/>\n<meta name=\"twitter:card\" content=\"summary_large_image\" \/>\n<meta name=\"twitter:label1\" content=\"Tiempo de lectura\" \/>\n\t<meta name=\"twitter:data1\" content=\"1 minuto\" \/>\n<script type=\"application\/ld+json\" class=\"yoast-schema-graph\">{\"@context\":\"https:\\\/\\\/schema.org\",\"@graph\":[{\"@type\":\"WebPage\",\"@id\":\"https:\\\/\\\/letrame.com\\\/catalogo\\\/producto\\\/emporio-global\\\/\",\"url\":\"https:\\\/\\\/letrame.com\\\/catalogo\\\/producto\\\/emporio-global\\\/\",\"name\":\"Emporio global - Catalogo | Letrame Grupo Editorial\",\"isPartOf\":{\"@id\":\"https:\\\/\\\/letrame.com\\\/catalogo\\\/#website\"},\"primaryImageOfPage\":{\"@id\":\"https:\\\/\\\/letrame.com\\\/catalogo\\\/producto\\\/emporio-global\\\/#primaryimage\"},\"image\":{\"@id\":\"https:\\\/\\\/letrame.com\\\/catalogo\\\/producto\\\/emporio-global\\\/#primaryimage\"},\"thumbnailUrl\":\"https:\\\/\\\/letrame.com\\\/catalogo\\\/wp-content\\\/uploads\\\/2025\\\/11\\\/emporioglobal_762mm4.gif\",\"datePublished\":\"2025-11-20T12:51:03+00:00\",\"dateModified\":\"2025-11-20T12:57:17+00:00\",\"breadcrumb\":{\"@id\":\"https:\\\/\\\/letrame.com\\\/catalogo\\\/producto\\\/emporio-global\\\/#breadcrumb\"},\"inLanguage\":\"es\",\"potentialAction\":[{\"@type\":\"ReadAction\",\"target\":[\"https:\\\/\\\/letrame.com\\\/catalogo\\\/producto\\\/emporio-global\\\/\"]}]},{\"@type\":\"ImageObject\",\"inLanguage\":\"es\",\"@id\":\"https:\\\/\\\/letrame.com\\\/catalogo\\\/producto\\\/emporio-global\\\/#primaryimage\",\"url\":\"https:\\\/\\\/letrame.com\\\/catalogo\\\/wp-content\\\/uploads\\\/2025\\\/11\\\/emporioglobal_762mm4.gif\",\"contentUrl\":\"https:\\\/\\\/letrame.com\\\/catalogo\\\/wp-content\\\/uploads\\\/2025\\\/11\\\/emporioglobal_762mm4.gif\",\"width\":384,\"height\":537},{\"@type\":\"BreadcrumbList\",\"@id\":\"https:\\\/\\\/letrame.com\\\/catalogo\\\/producto\\\/emporio-global\\\/#breadcrumb\",\"itemListElement\":[{\"@type\":\"ListItem\",\"position\":1,\"name\":\"Portada\",\"item\":\"https:\\\/\\\/letrame.com\\\/catalogo\\\/\"},{\"@type\":\"ListItem\",\"position\":2,\"name\":\"Cat\u00e1logo\",\"item\":\"https:\\\/\\\/letrame.com\\\/catalogo\\\/\"},{\"@type\":\"ListItem\",\"position\":3,\"name\":\"Emporio global\"}]},{\"@type\":\"WebSite\",\"@id\":\"https:\\\/\\\/letrame.com\\\/catalogo\\\/#website\",\"url\":\"https:\\\/\\\/letrame.com\\\/catalogo\\\/\",\"name\":\"Catalogo | Letrame Grupo Editorial\",\"description\":\"\",\"publisher\":{\"@id\":\"https:\\\/\\\/letrame.com\\\/catalogo\\\/#organization\"},\"potentialAction\":[{\"@type\":\"SearchAction\",\"target\":{\"@type\":\"EntryPoint\",\"urlTemplate\":\"https:\\\/\\\/letrame.com\\\/catalogo\\\/?s={search_term_string}\"},\"query-input\":{\"@type\":\"PropertyValueSpecification\",\"valueRequired\":true,\"valueName\":\"search_term_string\"}}],\"inLanguage\":\"es\"},{\"@type\":\"Organization\",\"@id\":\"https:\\\/\\\/letrame.com\\\/catalogo\\\/#organization\",\"name\":\"Catalogo | Letrame Grupo Editorial\",\"url\":\"https:\\\/\\\/letrame.com\\\/catalogo\\\/\",\"logo\":{\"@type\":\"ImageObject\",\"inLanguage\":\"es\",\"@id\":\"https:\\\/\\\/letrame.com\\\/catalogo\\\/#\\\/schema\\\/logo\\\/image\\\/\",\"url\":\"https:\\\/\\\/letrame.com\\\/catalogo\\\/wp-content\\\/uploads\\\/2024\\\/03\\\/logo2.webp\",\"contentUrl\":\"https:\\\/\\\/letrame.com\\\/catalogo\\\/wp-content\\\/uploads\\\/2024\\\/03\\\/logo2.webp\",\"width\":394,\"height\":128,\"caption\":\"Catalogo | Letrame Grupo Editorial\"},\"image\":{\"@id\":\"https:\\\/\\\/letrame.com\\\/catalogo\\\/#\\\/schema\\\/logo\\\/image\\\/\"}}]}<\/script>\n<!-- \/ Yoast SEO plugin. -->","yoast_head_json":{"title":"Emporio global - Catalogo | Letrame Grupo Editorial","robots":{"index":"index","follow":"follow","max-snippet":"max-snippet:-1","max-image-preview":"max-image-preview:large","max-video-preview":"max-video-preview:-1"},"canonical":"https:\/\/letrame.com\/catalogo\/producto\/emporio-global\/","og_locale":"es_ES","og_type":"article","og_title":"Emporio global - Catalogo | Letrame Grupo Editorial","og_description":"ISBN: 9791370126711 SINOPSIS Esta emocionante novela sigue la historia de dos amigos ingleses, expertos en comercio internacional, que deciden abandonar sus empleos seguros en una multinacional para emprender su propio negocio. Con una vasta experiencia y un profundo conocimiento de los mercados globales, su empresa despega con \u00e9xito, abri\u00e9ndose paso en los mercados conocidos y explorando nuevos horizontes. Sin embargo, su camino hacia el \u00e9xito no est\u00e1 exento de obst\u00e1culos. Se enfrentan a una serie de problemas complejos y retorcidos, los cuales resuelven con su astucia y experiencia. La trama toma un giro inesperado cuando entran en contacto con un grupo de libios. Estos, bajo el pretexto de utilizar los servicios de transporte de la empresa para el env\u00edo de mercanc\u00edas, introducen secretamente armas en puertos francos. Su objetivo es transportar estas armas a trav\u00e9s de T\u00fanez hasta Libia, con la finalidad de derrocar el r\u00e9gimen de Gadafi. A cambio, los protagonistas reciben una compensaci\u00f3n econ\u00f3mica sustancial, depositada en un banco de un para\u00edso fiscal. Esta situaci\u00f3n los coloca en una encrucijada moral e ilegal, forz\u00e1ndolos a navegar por las aguas turbias de la \u00e9tica empresarial y la geopol\u00edtica internacional.","og_url":"https:\/\/letrame.com\/catalogo\/producto\/emporio-global\/","og_site_name":"Catalogo | Letrame Grupo Editorial","article_modified_time":"2025-11-20T12:57:17+00:00","og_image":[{"width":384,"height":537,"url":"https:\/\/letrame.com\/catalogo\/wp-content\/uploads\/2025\/11\/emporioglobal_762mm4.gif","type":"image\/gif"}],"twitter_card":"summary_large_image","twitter_misc":{"Tiempo de lectura":"1 minuto"},"schema":{"@context":"https:\/\/schema.org","@graph":[{"@type":"WebPage","@id":"https:\/\/letrame.com\/catalogo\/producto\/emporio-global\/","url":"https:\/\/letrame.com\/catalogo\/producto\/emporio-global\/","name":"Emporio global - Catalogo | Letrame Grupo Editorial","isPartOf":{"@id":"https:\/\/letrame.com\/catalogo\/#website"},"primaryImageOfPage":{"@id":"https:\/\/letrame.com\/catalogo\/producto\/emporio-global\/#primaryimage"},"image":{"@id":"https:\/\/letrame.com\/catalogo\/producto\/emporio-global\/#primaryimage"},"thumbnailUrl":"https:\/\/letrame.com\/catalogo\/wp-content\/uploads\/2025\/11\/emporioglobal_762mm4.gif","datePublished":"2025-11-20T12:51:03+00:00","dateModified":"2025-11-20T12:57:17+00:00","breadcrumb":{"@id":"https:\/\/letrame.com\/catalogo\/producto\/emporio-global\/#breadcrumb"},"inLanguage":"es","potentialAction":[{"@type":"ReadAction","target":["https:\/\/letrame.com\/catalogo\/producto\/emporio-global\/"]}]},{"@type":"ImageObject","inLanguage":"es","@id":"https:\/\/letrame.com\/catalogo\/producto\/emporio-global\/#primaryimage","url":"https:\/\/letrame.com\/catalogo\/wp-content\/uploads\/2025\/11\/emporioglobal_762mm4.gif","contentUrl":"https:\/\/letrame.com\/catalogo\/wp-content\/uploads\/2025\/11\/emporioglobal_762mm4.gif","width":384,"height":537},{"@type":"BreadcrumbList","@id":"https:\/\/letrame.com\/catalogo\/producto\/emporio-global\/#breadcrumb","itemListElement":[{"@type":"ListItem","position":1,"name":"Portada","item":"https:\/\/letrame.com\/catalogo\/"},{"@type":"ListItem","position":2,"name":"Cat\u00e1logo","item":"https:\/\/letrame.com\/catalogo\/"},{"@type":"ListItem","position":3,"name":"Emporio global"}]},{"@type":"WebSite","@id":"https:\/\/letrame.com\/catalogo\/#website","url":"https:\/\/letrame.com\/catalogo\/","name":"Catalogo | Letrame Grupo Editorial","description":"","publisher":{"@id":"https:\/\/letrame.com\/catalogo\/#organization"},"potentialAction":[{"@type":"SearchAction","target":{"@type":"EntryPoint","urlTemplate":"https:\/\/letrame.com\/catalogo\/?s={search_term_string}"},"query-input":{"@type":"PropertyValueSpecification","valueRequired":true,"valueName":"search_term_string"}}],"inLanguage":"es"},{"@type":"Organization","@id":"https:\/\/letrame.com\/catalogo\/#organization","name":"Catalogo | Letrame Grupo Editorial","url":"https:\/\/letrame.com\/catalogo\/","logo":{"@type":"ImageObject","inLanguage":"es","@id":"https:\/\/letrame.com\/catalogo\/#\/schema\/logo\/image\/","url":"https:\/\/letrame.com\/catalogo\/wp-content\/uploads\/2024\/03\/logo2.webp","contentUrl":"https:\/\/letrame.com\/catalogo\/wp-content\/uploads\/2024\/03\/logo2.webp","width":394,"height":128,"caption":"Catalogo | Letrame Grupo Editorial"},"image":{"@id":"https:\/\/letrame.com\/catalogo\/#\/schema\/logo\/image\/"}}]}},"_links":{"self":[{"href":"https:\/\/letrame.com\/catalogo\/wp-json\/wp\/v2\/product\/109582","targetHints":{"allow":["GET"]}}],"collection":[{"href":"https:\/\/letrame.com\/catalogo\/wp-json\/wp\/v2\/product"}],"about":[{"href":"https:\/\/letrame.com\/catalogo\/wp-json\/wp\/v2\/types\/product"}],"replies":[{"embeddable":true,"href":"https:\/\/letrame.com\/catalogo\/wp-json\/wp\/v2\/comments?post=109582"}],"acf:post":[{"embeddable":true,"href":"https:\/\/letrame.com\/catalogo\/wp-json\/wp\/v2\/author_book\/109583"}],"wp:featuredmedia":[{"embeddable":true,"href":"https:\/\/letrame.com\/catalogo\/wp-json\/wp\/v2\/media\/109586"}],"wp:attachment":[{"href":"https:\/\/letrame.com\/catalogo\/wp-json\/wp\/v2\/media?parent=109582"}],"wp:term":[{"taxonomy":"libro","embeddable":true,"href":"https:\/\/letrame.com\/catalogo\/wp-json\/wp\/v2\/libro?post=109582"},{"taxonomy":"product_brand","embeddable":true,"href":"https:\/\/letrame.com\/catalogo\/wp-json\/wp\/v2\/product_brand?post=109582"},{"taxonomy":"product_cat","embeddable":true,"href":"https:\/\/letrame.com\/catalogo\/wp-json\/wp\/v2\/product_cat?post=109582"},{"taxonomy":"product_tag","embeddable":true,"href":"https:\/\/letrame.com\/catalogo\/wp-json\/wp\/v2\/product_tag?post=109582"}],"curies":[{"name":"wp","href":"https:\/\/api.w.org\/{rel}","templated":true}]}}