{"id":109572,"date":"2025-11-20T13:22:04","date_gmt":"2025-11-20T12:22:04","guid":{"rendered":"https:\/\/letrame.com\/catalogo\/?post_type=product&#038;p=109572"},"modified":"2025-11-20T13:25:14","modified_gmt":"2025-11-20T12:25:14","slug":"pragmatecmerismo","status":"publish","type":"product","link":"https:\/\/letrame.com\/catalogo\/producto\/pragmatecmerismo\/","title":{"rendered":"Pragmatecmerismo"},"content":{"rendered":"<p class=\"p1\"><b>ISBN: 9791370128685<\/b><b><\/b><\/p>\n<p class=\"p1\"><b>T\u00edtulo: Pragmatecmerismo<\/b><b><\/b><\/p>\n<p class=\"p1\"><b>Fecha: 2025<\/b><b><\/b><\/p>\n<p class=\"p1\"><b>P\u00e1ginas: 402<\/b><b><\/b><\/p>\n<p class=\"p1\"><b>SINOPSIS<\/b><\/p>\n<p>Pragmatecmerismo es un intento de refundar la pol\u00edtica. Frente<br \/>\nal agotamiento de las ideolog\u00edas tradicionales \u2014encerradas en sus<br \/>\ndogmas y relatos\u2014, esta obra propone una nueva doctrina que une<br \/>\nel pragma (la acci\u00f3n) y el tekm\u00e9rion (la prueba). Toda decisi\u00f3n pol\u00edtica<br \/>\ndebe justificarse con datos, evidencias y resultados medibles.<br \/>\nEste ensayo analiza con rigor la doble crisis que atraviesan nuestras<br \/>\nsociedades: la crisis humanista, marcada por la p\u00e9rdida de sentido<br \/>\nvital, y la crisis pol\u00edtica, reflejada en la desconfianza ciudadana y<br \/>\nel colapso de las instituciones. Desde ah\u00ed, el pragmatecmerismo<br \/>\nplantea un nuevo modelo: un estado auditor que supervise en vez<br \/>\nde gestionar, una democracia meritocr\u00e1tica activa que devuelva el<br \/>\npoder a una ciudadan\u00eda formada y vigilante, y un sistema de derechos<br \/>\nque combine libertad individual y bienestar colectivo bajo el<br \/>\nprincipio del ego\u00edsmo racional.<br \/>\nCon una arquitectura conceptual s\u00f3lida y un enfoque profundamente<br \/>\npr\u00e1ctico, Sergio L\u00f3pez nos invita a salir del debate ideol\u00f3gico<br \/>\nest\u00e9ril y construir pol\u00edticas que funcionen, que devuelvan el<br \/>\nprop\u00f3sito al individuo y la eficacia al gobierno.<\/p>\n","protected":false},"excerpt":{"rendered":"<p><b>ISBN: 9791370128685<\/b><\/p>\n<p class=\"p1\"><b>SINOPSIS<\/b><\/p>\n<p>Pragmatecmerismo es un intento de refundar la pol\u00edtica. Frente<br \/>\nal agotamiento de las ideolog\u00edas tradicionales \u2014encerradas en sus<br \/>\ndogmas y relatos\u2014, esta obra propone una nueva doctrina que une<br \/>\nel pragma (la acci\u00f3n) y el tekm\u00e9rion (la prueba). Toda decisi\u00f3n pol\u00edtica<br \/>\ndebe justificarse con datos, evidencias y resultados medibles.<br \/>\nEste ensayo analiza con rigor la doble crisis que atraviesan nuestras<br \/>\nsociedades: la crisis humanista, marcada por la p\u00e9rdida de sentido<br \/>\nvital, y la crisis pol\u00edtica, reflejada en la desconfianza ciudadana y<br \/>\nel colapso de las instituciones. Desde ah\u00ed, el pragmatecmerismo<br \/>\nplantea un nuevo modelo: un estado auditor que supervise en vez<br \/>\nde gestionar, una democracia meritocr\u00e1tica activa que devuelva el<br \/>\npoder a una ciudadan\u00eda formada y vigilante, y un sistema de derechos<br \/>\nque combine libertad individual y bienestar colectivo bajo el<br \/>\nprincipio del ego\u00edsmo racional.<br \/>\nCon una arquitectura conceptual s\u00f3lida y un enfoque profundamente<br \/>\npr\u00e1ctico, Sergio L\u00f3pez nos invita a salir del debate ideol\u00f3gico<br \/>\nest\u00e9ril y construir pol\u00edticas que funcionen, que devuelvan el<br \/>\nprop\u00f3sito al individuo y la eficacia al gobierno.<\/p>\n","protected":false},"featured_media":109573,"comment_status":"open","ping_status":"closed","template":"","meta":{"_acf_changed":false},"libro":[],"product_brand":[],"product_cat":[23],"product_tag":[],"class_list":{"0":"post-109572","1":"product","2":"type-product","3":"status-publish","4":"has-post-thumbnail","6":"product_cat-ensayos","8":"first","9":"instock","10":"shipping-taxable","11":"product-type-simple"},"acf":{"autor":[109574],"enlace_de_compra":"https:\/\/www.amazon.es\/Pragmatecmerismo-Ensayo-Sergio-L%C3%B3pez-Rapado\/dp\/B0FXBK2V6K\/ref=sr_1_1?__mk_es_ES=%C3%85M%C3%85%C5%BD%C3%95%C3%91&crid=21SF8XSZPWVNQ&dib=eyJ2IjoiMSJ9.DsVvr0qmMjPyMemxSf39rg.D7PIgCHYHTpSPbe1Ble0WKAZD_67f2lxV4Gk27yBmZs&dib_tag=se&keywords=pragmatecmerismo+letrame&qid=1763641055&s=books&sprefix=pragmatecmerismo+letrame%2Cstripbooks%2C68&sr=1-1"},"yoast_head":"<!-- This site is optimized with the Yoast SEO plugin v26.6 - https:\/\/yoast.com\/wordpress\/plugins\/seo\/ -->\n<title>Pragmatecmerismo - Catalogo | Letrame Grupo Editorial<\/title>\n<meta name=\"robots\" content=\"index, follow, max-snippet:-1, max-image-preview:large, max-video-preview:-1\" \/>\n<link rel=\"canonical\" href=\"https:\/\/letrame.com\/catalogo\/producto\/pragmatecmerismo\/\" \/>\n<meta property=\"og:locale\" content=\"es_ES\" \/>\n<meta property=\"og:type\" content=\"article\" \/>\n<meta property=\"og:title\" content=\"Pragmatecmerismo - Catalogo | Letrame Grupo Editorial\" \/>\n<meta property=\"og:description\" content=\"ISBN: 9791370128685 SINOPSIS Pragmatecmerismo es un intento de refundar la pol\u00edtica. Frente al agotamiento de las ideolog\u00edas tradicionales \u2014encerradas en sus dogmas y relatos\u2014, esta obra propone una nueva doctrina que une el pragma (la acci\u00f3n) y el tekm\u00e9rion (la prueba). Toda decisi\u00f3n pol\u00edtica debe justificarse con datos, evidencias y resultados medibles. Este ensayo analiza con rigor la doble crisis que atraviesan nuestras sociedades: la crisis humanista, marcada por la p\u00e9rdida de sentido vital, y la crisis pol\u00edtica, reflejada en la desconfianza ciudadana y el colapso de las instituciones. Desde ah\u00ed, el pragmatecmerismo plantea un nuevo modelo: un estado auditor que supervise en vez de gestionar, una democracia meritocr\u00e1tica activa que devuelva el poder a una ciudadan\u00eda formada y vigilante, y un sistema de derechos que combine libertad individual y bienestar colectivo bajo el principio del ego\u00edsmo racional. Con una arquitectura conceptual s\u00f3lida y un enfoque profundamente pr\u00e1ctico, Sergio L\u00f3pez nos invita a salir del debate ideol\u00f3gico est\u00e9ril y construir pol\u00edticas que funcionen, que devuelvan el prop\u00f3sito al individuo y la eficacia al gobierno.\" \/>\n<meta property=\"og:url\" content=\"https:\/\/letrame.com\/catalogo\/producto\/pragmatecmerismo\/\" \/>\n<meta property=\"og:site_name\" content=\"Catalogo | Letrame Grupo Editorial\" \/>\n<meta property=\"article:modified_time\" content=\"2025-11-20T12:25:14+00:00\" \/>\n<meta property=\"og:image\" content=\"https:\/\/letrame.com\/catalogo\/wp-content\/uploads\/2025\/11\/pragmatecmerismo_1952mm4.gif\" \/>\n\t<meta property=\"og:image:width\" content=\"384\" \/>\n\t<meta property=\"og:image:height\" content=\"537\" \/>\n\t<meta property=\"og:image:type\" content=\"image\/gif\" \/>\n<meta name=\"twitter:card\" content=\"summary_large_image\" \/>\n<meta name=\"twitter:label1\" content=\"Tiempo de lectura\" \/>\n\t<meta name=\"twitter:data1\" content=\"2 minutos\" \/>\n<script type=\"application\/ld+json\" class=\"yoast-schema-graph\">{\"@context\":\"https:\/\/schema.org\",\"@graph\":[{\"@type\":\"WebPage\",\"@id\":\"https:\/\/letrame.com\/catalogo\/producto\/pragmatecmerismo\/\",\"url\":\"https:\/\/letrame.com\/catalogo\/producto\/pragmatecmerismo\/\",\"name\":\"Pragmatecmerismo - Catalogo | Letrame Grupo Editorial\",\"isPartOf\":{\"@id\":\"https:\/\/letrame.com\/catalogo\/#website\"},\"primaryImageOfPage\":{\"@id\":\"https:\/\/letrame.com\/catalogo\/producto\/pragmatecmerismo\/#primaryimage\"},\"image\":{\"@id\":\"https:\/\/letrame.com\/catalogo\/producto\/pragmatecmerismo\/#primaryimage\"},\"thumbnailUrl\":\"https:\/\/letrame.com\/catalogo\/wp-content\/uploads\/2025\/11\/pragmatecmerismo_1952mm4.gif\",\"datePublished\":\"2025-11-20T12:22:04+00:00\",\"dateModified\":\"2025-11-20T12:25:14+00:00\",\"breadcrumb\":{\"@id\":\"https:\/\/letrame.com\/catalogo\/producto\/pragmatecmerismo\/#breadcrumb\"},\"inLanguage\":\"es\",\"potentialAction\":[{\"@type\":\"ReadAction\",\"target\":[\"https:\/\/letrame.com\/catalogo\/producto\/pragmatecmerismo\/\"]}]},{\"@type\":\"ImageObject\",\"inLanguage\":\"es\",\"@id\":\"https:\/\/letrame.com\/catalogo\/producto\/pragmatecmerismo\/#primaryimage\",\"url\":\"https:\/\/letrame.com\/catalogo\/wp-content\/uploads\/2025\/11\/pragmatecmerismo_1952mm4.gif\",\"contentUrl\":\"https:\/\/letrame.com\/catalogo\/wp-content\/uploads\/2025\/11\/pragmatecmerismo_1952mm4.gif\",\"width\":384,\"height\":537},{\"@type\":\"BreadcrumbList\",\"@id\":\"https:\/\/letrame.com\/catalogo\/producto\/pragmatecmerismo\/#breadcrumb\",\"itemListElement\":[{\"@type\":\"ListItem\",\"position\":1,\"name\":\"Portada\",\"item\":\"https:\/\/letrame.com\/catalogo\/\"},{\"@type\":\"ListItem\",\"position\":2,\"name\":\"Cat\u00e1logo\",\"item\":\"https:\/\/letrame.com\/catalogo\/\"},{\"@type\":\"ListItem\",\"position\":3,\"name\":\"Pragmatecmerismo\"}]},{\"@type\":\"WebSite\",\"@id\":\"https:\/\/letrame.com\/catalogo\/#website\",\"url\":\"https:\/\/letrame.com\/catalogo\/\",\"name\":\"Catalogo | Letrame Grupo Editorial\",\"description\":\"\",\"publisher\":{\"@id\":\"https:\/\/letrame.com\/catalogo\/#organization\"},\"potentialAction\":[{\"@type\":\"SearchAction\",\"target\":{\"@type\":\"EntryPoint\",\"urlTemplate\":\"https:\/\/letrame.com\/catalogo\/?s={search_term_string}\"},\"query-input\":{\"@type\":\"PropertyValueSpecification\",\"valueRequired\":true,\"valueName\":\"search_term_string\"}}],\"inLanguage\":\"es\"},{\"@type\":\"Organization\",\"@id\":\"https:\/\/letrame.com\/catalogo\/#organization\",\"name\":\"Catalogo | Letrame Grupo Editorial\",\"url\":\"https:\/\/letrame.com\/catalogo\/\",\"logo\":{\"@type\":\"ImageObject\",\"inLanguage\":\"es\",\"@id\":\"https:\/\/letrame.com\/catalogo\/#\/schema\/logo\/image\/\",\"url\":\"https:\/\/letrame.com\/catalogo\/wp-content\/uploads\/2024\/03\/logo2.webp\",\"contentUrl\":\"https:\/\/letrame.com\/catalogo\/wp-content\/uploads\/2024\/03\/logo2.webp\",\"width\":394,\"height\":128,\"caption\":\"Catalogo | Letrame Grupo Editorial\"},\"image\":{\"@id\":\"https:\/\/letrame.com\/catalogo\/#\/schema\/logo\/image\/\"}}]}<\/script>\n<!-- \/ Yoast SEO plugin. -->","yoast_head_json":{"title":"Pragmatecmerismo - Catalogo | Letrame Grupo Editorial","robots":{"index":"index","follow":"follow","max-snippet":"max-snippet:-1","max-image-preview":"max-image-preview:large","max-video-preview":"max-video-preview:-1"},"canonical":"https:\/\/letrame.com\/catalogo\/producto\/pragmatecmerismo\/","og_locale":"es_ES","og_type":"article","og_title":"Pragmatecmerismo - Catalogo | Letrame Grupo Editorial","og_description":"ISBN: 9791370128685 SINOPSIS Pragmatecmerismo es un intento de refundar la pol\u00edtica. Frente al agotamiento de las ideolog\u00edas tradicionales \u2014encerradas en sus dogmas y relatos\u2014, esta obra propone una nueva doctrina que une el pragma (la acci\u00f3n) y el tekm\u00e9rion (la prueba). Toda decisi\u00f3n pol\u00edtica debe justificarse con datos, evidencias y resultados medibles. Este ensayo analiza con rigor la doble crisis que atraviesan nuestras sociedades: la crisis humanista, marcada por la p\u00e9rdida de sentido vital, y la crisis pol\u00edtica, reflejada en la desconfianza ciudadana y el colapso de las instituciones. Desde ah\u00ed, el pragmatecmerismo plantea un nuevo modelo: un estado auditor que supervise en vez de gestionar, una democracia meritocr\u00e1tica activa que devuelva el poder a una ciudadan\u00eda formada y vigilante, y un sistema de derechos que combine libertad individual y bienestar colectivo bajo el principio del ego\u00edsmo racional. Con una arquitectura conceptual s\u00f3lida y un enfoque profundamente pr\u00e1ctico, Sergio L\u00f3pez nos invita a salir del debate ideol\u00f3gico est\u00e9ril y construir pol\u00edticas que funcionen, que devuelvan el prop\u00f3sito al individuo y la eficacia al gobierno.","og_url":"https:\/\/letrame.com\/catalogo\/producto\/pragmatecmerismo\/","og_site_name":"Catalogo | Letrame Grupo Editorial","article_modified_time":"2025-11-20T12:25:14+00:00","og_image":[{"width":384,"height":537,"url":"https:\/\/letrame.com\/catalogo\/wp-content\/uploads\/2025\/11\/pragmatecmerismo_1952mm4.gif","type":"image\/gif"}],"twitter_card":"summary_large_image","twitter_misc":{"Tiempo de lectura":"2 minutos"},"schema":{"@context":"https:\/\/schema.org","@graph":[{"@type":"WebPage","@id":"https:\/\/letrame.com\/catalogo\/producto\/pragmatecmerismo\/","url":"https:\/\/letrame.com\/catalogo\/producto\/pragmatecmerismo\/","name":"Pragmatecmerismo - Catalogo | Letrame Grupo Editorial","isPartOf":{"@id":"https:\/\/letrame.com\/catalogo\/#website"},"primaryImageOfPage":{"@id":"https:\/\/letrame.com\/catalogo\/producto\/pragmatecmerismo\/#primaryimage"},"image":{"@id":"https:\/\/letrame.com\/catalogo\/producto\/pragmatecmerismo\/#primaryimage"},"thumbnailUrl":"https:\/\/letrame.com\/catalogo\/wp-content\/uploads\/2025\/11\/pragmatecmerismo_1952mm4.gif","datePublished":"2025-11-20T12:22:04+00:00","dateModified":"2025-11-20T12:25:14+00:00","breadcrumb":{"@id":"https:\/\/letrame.com\/catalogo\/producto\/pragmatecmerismo\/#breadcrumb"},"inLanguage":"es","potentialAction":[{"@type":"ReadAction","target":["https:\/\/letrame.com\/catalogo\/producto\/pragmatecmerismo\/"]}]},{"@type":"ImageObject","inLanguage":"es","@id":"https:\/\/letrame.com\/catalogo\/producto\/pragmatecmerismo\/#primaryimage","url":"https:\/\/letrame.com\/catalogo\/wp-content\/uploads\/2025\/11\/pragmatecmerismo_1952mm4.gif","contentUrl":"https:\/\/letrame.com\/catalogo\/wp-content\/uploads\/2025\/11\/pragmatecmerismo_1952mm4.gif","width":384,"height":537},{"@type":"BreadcrumbList","@id":"https:\/\/letrame.com\/catalogo\/producto\/pragmatecmerismo\/#breadcrumb","itemListElement":[{"@type":"ListItem","position":1,"name":"Portada","item":"https:\/\/letrame.com\/catalogo\/"},{"@type":"ListItem","position":2,"name":"Cat\u00e1logo","item":"https:\/\/letrame.com\/catalogo\/"},{"@type":"ListItem","position":3,"name":"Pragmatecmerismo"}]},{"@type":"WebSite","@id":"https:\/\/letrame.com\/catalogo\/#website","url":"https:\/\/letrame.com\/catalogo\/","name":"Catalogo | Letrame Grupo Editorial","description":"","publisher":{"@id":"https:\/\/letrame.com\/catalogo\/#organization"},"potentialAction":[{"@type":"SearchAction","target":{"@type":"EntryPoint","urlTemplate":"https:\/\/letrame.com\/catalogo\/?s={search_term_string}"},"query-input":{"@type":"PropertyValueSpecification","valueRequired":true,"valueName":"search_term_string"}}],"inLanguage":"es"},{"@type":"Organization","@id":"https:\/\/letrame.com\/catalogo\/#organization","name":"Catalogo | Letrame Grupo Editorial","url":"https:\/\/letrame.com\/catalogo\/","logo":{"@type":"ImageObject","inLanguage":"es","@id":"https:\/\/letrame.com\/catalogo\/#\/schema\/logo\/image\/","url":"https:\/\/letrame.com\/catalogo\/wp-content\/uploads\/2024\/03\/logo2.webp","contentUrl":"https:\/\/letrame.com\/catalogo\/wp-content\/uploads\/2024\/03\/logo2.webp","width":394,"height":128,"caption":"Catalogo | Letrame Grupo Editorial"},"image":{"@id":"https:\/\/letrame.com\/catalogo\/#\/schema\/logo\/image\/"}}]}},"_links":{"self":[{"href":"https:\/\/letrame.com\/catalogo\/wp-json\/wp\/v2\/product\/109572","targetHints":{"allow":["GET"]}}],"collection":[{"href":"https:\/\/letrame.com\/catalogo\/wp-json\/wp\/v2\/product"}],"about":[{"href":"https:\/\/letrame.com\/catalogo\/wp-json\/wp\/v2\/types\/product"}],"replies":[{"embeddable":true,"href":"https:\/\/letrame.com\/catalogo\/wp-json\/wp\/v2\/comments?post=109572"}],"acf:post":[{"embeddable":true,"href":"https:\/\/letrame.com\/catalogo\/wp-json\/wp\/v2\/author_book\/109574"}],"wp:featuredmedia":[{"embeddable":true,"href":"https:\/\/letrame.com\/catalogo\/wp-json\/wp\/v2\/media\/109573"}],"wp:attachment":[{"href":"https:\/\/letrame.com\/catalogo\/wp-json\/wp\/v2\/media?parent=109572"}],"wp:term":[{"taxonomy":"libro","embeddable":true,"href":"https:\/\/letrame.com\/catalogo\/wp-json\/wp\/v2\/libro?post=109572"},{"taxonomy":"product_brand","embeddable":true,"href":"https:\/\/letrame.com\/catalogo\/wp-json\/wp\/v2\/product_brand?post=109572"},{"taxonomy":"product_cat","embeddable":true,"href":"https:\/\/letrame.com\/catalogo\/wp-json\/wp\/v2\/product_cat?post=109572"},{"taxonomy":"product_tag","embeddable":true,"href":"https:\/\/letrame.com\/catalogo\/wp-json\/wp\/v2\/product_tag?post=109572"}],"curies":[{"name":"wp","href":"https:\/\/api.w.org\/{rel}","templated":true}]}}