{"id":109562,"date":"2025-11-20T12:45:48","date_gmt":"2025-11-20T11:45:48","guid":{"rendered":"https:\/\/letrame.com\/catalogo\/?post_type=product&#038;p=109562"},"modified":"2025-11-20T12:48:44","modified_gmt":"2025-11-20T11:48:44","slug":"giro-de-tuerca","status":"publish","type":"product","link":"https:\/\/letrame.com\/catalogo\/producto\/giro-de-tuerca\/","title":{"rendered":"Giro de tuerca"},"content":{"rendered":"<p class=\"p1\"><b>ISBN: 9791370128029<\/b><b><\/b><\/p>\n<p class=\"p1\"><b>T\u00edtulo: Giro de tuerca\u00a0<\/b><b><\/b><\/p>\n<p class=\"p1\"><b>Fecha: 2025<\/b><b><\/b><\/p>\n<p class=\"p1\"><b>P\u00e1ginas: 602<\/b><b><\/b><\/p>\n<p class=\"p1\"><b>SINOPSIS<\/b><\/p>\n<p>Jacinto Pino Marcilla, un hombre de cincuenta a\u00f1os atrapado entre el peso de su pasado y una rutina gris en una f\u00e1brica de cemento, no imagina que su vida est\u00e1 a punto de fracturarse por una grieta imposible de contener. Mientras tanto, Nu\u00f1o Olivera Mart\u00ednez, un agente de la Polic\u00eda Municipal de Madrid, nacido en Uruguay, se enfrenta al caso m\u00e1s confuso de su carrera y a una atracci\u00f3n tan intensa como peligrosa: la que siente por Yareli, hija del patriarca de un poderoso clan gitano asentado en la<br \/>\nCa\u00f1ada Real Galiana (Madrid).<br \/>\nEn el coraz\u00f3n de esta trama est\u00e1 el peligroso y temido clan de los Tobalos, cuya influencia se extiende desde los suburbios hasta las m\u00e1s altas esferas del crimen. Pero no todo es lo que parece. El subinspector Villasevil, del Cuerpo de Polic\u00eda Nacional, y el Grupo 15 de la Brigada Provincial de Polic\u00eda Judicial de Madrid siguen el rastro de una operaci\u00f3n compleja que salta de la capital de Espa\u00f1a a la provincia de Toledo, y de ah\u00ed a Portugal, Sevilla, el Pa\u00eds Vasco y hasta Florencia, uniendo escenarios tan distantes como los intereses que los conectan.<br \/>\nTraiciones, silencios pactados, redes de narcotr\u00e1fico, relaciones prohibidas y un pu\u00f1ado de personajes con heridas abiertas dan forma a esta historia sin concesiones, donde cada giro revela una verdad m\u00e1s inc\u00f3moda que la anterior.<br \/>\nQuienes leyeron Sue\u00f1os grises entre algod\u00f3n blanco, de Lorenza Guerra, encontrar\u00e1n aqu\u00ed un eco profundo, una ampliaci\u00f3n de ese universo, ahora m\u00e1s denso, m\u00e1s oscuro y m\u00e1s humano. Porque hay historias que no terminan: simplemente dan un giro de tuerca.<\/p>\n","protected":false},"excerpt":{"rendered":"<p><b>ISBN: 9791370128029<\/b><\/p>\n<p class=\"p1\"><b>SINOPSIS<\/b><\/p>\n<p>Jacinto Pino Marcilla, un hombre de cincuenta a\u00f1os atrapado entre el peso de su pasado y una rutina gris en una f\u00e1brica de cemento, no imagina que su vida est\u00e1 a punto de fracturarse por una grieta imposible de contener. Mientras tanto, Nu\u00f1o Olivera Mart\u00ednez, un agente de la Polic\u00eda Municipal de Madrid, nacido en Uruguay, se enfrenta al caso m\u00e1s confuso de su carrera y a una atracci\u00f3n tan intensa como peligrosa: la que siente por Yareli, hija del patriarca de un poderoso clan gitano asentado en la<br \/>\nCa\u00f1ada Real Galiana (Madrid).<br \/>\nEn el coraz\u00f3n de esta trama est\u00e1 el peligroso y temido clan de los Tobalos, cuya influencia se extiende desde los suburbios hasta las m\u00e1s altas esferas del crimen. Pero no todo es lo que parece. El subinspector Villasevil, del Cuerpo de Polic\u00eda Nacional, y el Grupo 15 de la Brigada Provincial de Polic\u00eda Judicial de Madrid siguen el rastro de una operaci\u00f3n compleja que salta de la capital de Espa\u00f1a a la provincia de Toledo, y de ah\u00ed a Portugal, Sevilla, el Pa\u00eds Vasco y hasta Florencia, uniendo escenarios tan distantes como los intereses que los conectan.<br \/>\nTraiciones, silencios pactados, redes de narcotr\u00e1fico, relaciones prohibidas y un pu\u00f1ado de personajes con heridas abiertas dan forma a esta historia sin concesiones, donde cada giro revela una verdad m\u00e1s inc\u00f3moda que la anterior.<br \/>\nQuienes leyeron Sue\u00f1os grises entre algod\u00f3n blanco, de Lorenza Guerra, encontrar\u00e1n aqu\u00ed un eco profundo, una ampliaci\u00f3n de ese universo, ahora m\u00e1s denso, m\u00e1s oscuro y m\u00e1s humano. Porque hay historias que no terminan: simplemente dan un giro de tuerca.<\/p>\n","protected":false},"featured_media":109563,"comment_status":"open","ping_status":"closed","template":"","meta":{"_acf_changed":false},"libro":[],"product_brand":[],"product_cat":[111],"product_tag":[],"class_list":{"0":"post-109562","1":"product","2":"type-product","3":"status-publish","4":"has-post-thumbnail","6":"product_cat-thriller","8":"first","9":"instock","10":"shipping-taxable","11":"product-type-simple"},"acf":{"autor":[109564],"enlace_de_compra":"https:\/\/www.amazon.es\/Giro-tuerca-Carlos-Gull%C3%B3n-Calvo\/dp\/B0FSK8FQ5K\/ref=sr_1_1?__mk_es_ES=%C3%85M%C3%85%C5%BD%C3%95%C3%91&crid=3TW1GO0SBRFCQ&dib=eyJ2IjoiMSJ9.lBtLatPYMHemHK_FOajfgZclAifPzoMUbe-wQPDkujU.wVoZEInwWhTnNLjLw4NZ1gGn7NkCUORR4gvoK44bgTM&dib_tag=se&keywords=giro+de+tuerca+letrame&qid=1763638894&s=books&sprefix=giro+de+tuerca+letrame%2Cstripbooks%2C64&sr=1-1"},"yoast_head":"<!-- This site is optimized with the Yoast SEO plugin v27.4 - https:\/\/yoast.com\/product\/yoast-seo-wordpress\/ -->\n<title>Giro de tuerca - Catalogo | Letrame Grupo Editorial<\/title>\n<meta name=\"robots\" content=\"index, follow, max-snippet:-1, max-image-preview:large, max-video-preview:-1\" \/>\n<link rel=\"canonical\" href=\"https:\/\/letrame.com\/catalogo\/producto\/giro-de-tuerca\/\" \/>\n<meta property=\"og:locale\" content=\"es_ES\" \/>\n<meta property=\"og:type\" content=\"article\" \/>\n<meta property=\"og:title\" content=\"Giro de tuerca - Catalogo | Letrame Grupo Editorial\" \/>\n<meta property=\"og:description\" content=\"ISBN: 9791370128029 SINOPSIS Jacinto Pino Marcilla, un hombre de cincuenta a\u00f1os atrapado entre el peso de su pasado y una rutina gris en una f\u00e1brica de cemento, no imagina que su vida est\u00e1 a punto de fracturarse por una grieta imposible de contener. Mientras tanto, Nu\u00f1o Olivera Mart\u00ednez, un agente de la Polic\u00eda Municipal de Madrid, nacido en Uruguay, se enfrenta al caso m\u00e1s confuso de su carrera y a una atracci\u00f3n tan intensa como peligrosa: la que siente por Yareli, hija del patriarca de un poderoso clan gitano asentado en la Ca\u00f1ada Real Galiana (Madrid). En el coraz\u00f3n de esta trama est\u00e1 el peligroso y temido clan de los Tobalos, cuya influencia se extiende desde los suburbios hasta las m\u00e1s altas esferas del crimen. Pero no todo es lo que parece. El subinspector Villasevil, del Cuerpo de Polic\u00eda Nacional, y el Grupo 15 de la Brigada Provincial de Polic\u00eda Judicial de Madrid siguen el rastro de una operaci\u00f3n compleja que salta de la capital de Espa\u00f1a a la provincia de Toledo, y de ah\u00ed a Portugal, Sevilla, el Pa\u00eds Vasco y hasta Florencia, uniendo escenarios tan distantes como los intereses que los conectan. Traiciones, silencios pactados, redes de narcotr\u00e1fico, relaciones prohibidas y un pu\u00f1ado de personajes con heridas abiertas dan forma a esta historia sin concesiones, donde cada giro revela una verdad m\u00e1s inc\u00f3moda que la anterior. Quienes leyeron Sue\u00f1os grises entre algod\u00f3n blanco, de Lorenza Guerra, encontrar\u00e1n aqu\u00ed un eco profundo, una ampliaci\u00f3n de ese universo, ahora m\u00e1s denso, m\u00e1s oscuro y m\u00e1s humano. Porque hay historias que no terminan: simplemente dan un giro de tuerca.\" \/>\n<meta property=\"og:url\" content=\"https:\/\/letrame.com\/catalogo\/producto\/giro-de-tuerca\/\" \/>\n<meta property=\"og:site_name\" content=\"Catalogo | Letrame Grupo Editorial\" \/>\n<meta property=\"article:modified_time\" content=\"2025-11-20T11:48:44+00:00\" \/>\n<meta property=\"og:image\" content=\"https:\/\/letrame.com\/catalogo\/wp-content\/uploads\/2025\/11\/ungirodetuerca_2887mm4.gif\" \/>\n\t<meta property=\"og:image:width\" content=\"384\" \/>\n\t<meta property=\"og:image:height\" content=\"563\" \/>\n\t<meta property=\"og:image:type\" content=\"image\/gif\" \/>\n<meta name=\"twitter:card\" content=\"summary_large_image\" \/>\n<meta name=\"twitter:label1\" content=\"Tiempo de lectura\" \/>\n\t<meta name=\"twitter:data1\" content=\"2 minutos\" \/>\n<script type=\"application\/ld+json\" class=\"yoast-schema-graph\">{\"@context\":\"https:\\\/\\\/schema.org\",\"@graph\":[{\"@type\":\"WebPage\",\"@id\":\"https:\\\/\\\/letrame.com\\\/catalogo\\\/producto\\\/giro-de-tuerca\\\/\",\"url\":\"https:\\\/\\\/letrame.com\\\/catalogo\\\/producto\\\/giro-de-tuerca\\\/\",\"name\":\"Giro de tuerca - Catalogo | Letrame Grupo Editorial\",\"isPartOf\":{\"@id\":\"https:\\\/\\\/letrame.com\\\/catalogo\\\/#website\"},\"primaryImageOfPage\":{\"@id\":\"https:\\\/\\\/letrame.com\\\/catalogo\\\/producto\\\/giro-de-tuerca\\\/#primaryimage\"},\"image\":{\"@id\":\"https:\\\/\\\/letrame.com\\\/catalogo\\\/producto\\\/giro-de-tuerca\\\/#primaryimage\"},\"thumbnailUrl\":\"https:\\\/\\\/letrame.com\\\/catalogo\\\/wp-content\\\/uploads\\\/2025\\\/11\\\/ungirodetuerca_2887mm4.gif\",\"datePublished\":\"2025-11-20T11:45:48+00:00\",\"dateModified\":\"2025-11-20T11:48:44+00:00\",\"breadcrumb\":{\"@id\":\"https:\\\/\\\/letrame.com\\\/catalogo\\\/producto\\\/giro-de-tuerca\\\/#breadcrumb\"},\"inLanguage\":\"es\",\"potentialAction\":[{\"@type\":\"ReadAction\",\"target\":[\"https:\\\/\\\/letrame.com\\\/catalogo\\\/producto\\\/giro-de-tuerca\\\/\"]}]},{\"@type\":\"ImageObject\",\"inLanguage\":\"es\",\"@id\":\"https:\\\/\\\/letrame.com\\\/catalogo\\\/producto\\\/giro-de-tuerca\\\/#primaryimage\",\"url\":\"https:\\\/\\\/letrame.com\\\/catalogo\\\/wp-content\\\/uploads\\\/2025\\\/11\\\/ungirodetuerca_2887mm4.gif\",\"contentUrl\":\"https:\\\/\\\/letrame.com\\\/catalogo\\\/wp-content\\\/uploads\\\/2025\\\/11\\\/ungirodetuerca_2887mm4.gif\",\"width\":384,\"height\":563},{\"@type\":\"BreadcrumbList\",\"@id\":\"https:\\\/\\\/letrame.com\\\/catalogo\\\/producto\\\/giro-de-tuerca\\\/#breadcrumb\",\"itemListElement\":[{\"@type\":\"ListItem\",\"position\":1,\"name\":\"Portada\",\"item\":\"https:\\\/\\\/letrame.com\\\/catalogo\\\/\"},{\"@type\":\"ListItem\",\"position\":2,\"name\":\"Cat\u00e1logo\",\"item\":\"https:\\\/\\\/letrame.com\\\/catalogo\\\/\"},{\"@type\":\"ListItem\",\"position\":3,\"name\":\"Giro de tuerca\"}]},{\"@type\":\"WebSite\",\"@id\":\"https:\\\/\\\/letrame.com\\\/catalogo\\\/#website\",\"url\":\"https:\\\/\\\/letrame.com\\\/catalogo\\\/\",\"name\":\"Catalogo | Letrame Grupo Editorial\",\"description\":\"\",\"publisher\":{\"@id\":\"https:\\\/\\\/letrame.com\\\/catalogo\\\/#organization\"},\"potentialAction\":[{\"@type\":\"SearchAction\",\"target\":{\"@type\":\"EntryPoint\",\"urlTemplate\":\"https:\\\/\\\/letrame.com\\\/catalogo\\\/?s={search_term_string}\"},\"query-input\":{\"@type\":\"PropertyValueSpecification\",\"valueRequired\":true,\"valueName\":\"search_term_string\"}}],\"inLanguage\":\"es\"},{\"@type\":\"Organization\",\"@id\":\"https:\\\/\\\/letrame.com\\\/catalogo\\\/#organization\",\"name\":\"Catalogo | Letrame Grupo Editorial\",\"url\":\"https:\\\/\\\/letrame.com\\\/catalogo\\\/\",\"logo\":{\"@type\":\"ImageObject\",\"inLanguage\":\"es\",\"@id\":\"https:\\\/\\\/letrame.com\\\/catalogo\\\/#\\\/schema\\\/logo\\\/image\\\/\",\"url\":\"https:\\\/\\\/letrame.com\\\/catalogo\\\/wp-content\\\/uploads\\\/2024\\\/03\\\/logo2.webp\",\"contentUrl\":\"https:\\\/\\\/letrame.com\\\/catalogo\\\/wp-content\\\/uploads\\\/2024\\\/03\\\/logo2.webp\",\"width\":394,\"height\":128,\"caption\":\"Catalogo | Letrame Grupo Editorial\"},\"image\":{\"@id\":\"https:\\\/\\\/letrame.com\\\/catalogo\\\/#\\\/schema\\\/logo\\\/image\\\/\"}}]}<\/script>\n<!-- \/ Yoast SEO plugin. -->","yoast_head_json":{"title":"Giro de tuerca - Catalogo | Letrame Grupo Editorial","robots":{"index":"index","follow":"follow","max-snippet":"max-snippet:-1","max-image-preview":"max-image-preview:large","max-video-preview":"max-video-preview:-1"},"canonical":"https:\/\/letrame.com\/catalogo\/producto\/giro-de-tuerca\/","og_locale":"es_ES","og_type":"article","og_title":"Giro de tuerca - Catalogo | Letrame Grupo Editorial","og_description":"ISBN: 9791370128029 SINOPSIS Jacinto Pino Marcilla, un hombre de cincuenta a\u00f1os atrapado entre el peso de su pasado y una rutina gris en una f\u00e1brica de cemento, no imagina que su vida est\u00e1 a punto de fracturarse por una grieta imposible de contener. Mientras tanto, Nu\u00f1o Olivera Mart\u00ednez, un agente de la Polic\u00eda Municipal de Madrid, nacido en Uruguay, se enfrenta al caso m\u00e1s confuso de su carrera y a una atracci\u00f3n tan intensa como peligrosa: la que siente por Yareli, hija del patriarca de un poderoso clan gitano asentado en la Ca\u00f1ada Real Galiana (Madrid). En el coraz\u00f3n de esta trama est\u00e1 el peligroso y temido clan de los Tobalos, cuya influencia se extiende desde los suburbios hasta las m\u00e1s altas esferas del crimen. Pero no todo es lo que parece. El subinspector Villasevil, del Cuerpo de Polic\u00eda Nacional, y el Grupo 15 de la Brigada Provincial de Polic\u00eda Judicial de Madrid siguen el rastro de una operaci\u00f3n compleja que salta de la capital de Espa\u00f1a a la provincia de Toledo, y de ah\u00ed a Portugal, Sevilla, el Pa\u00eds Vasco y hasta Florencia, uniendo escenarios tan distantes como los intereses que los conectan. Traiciones, silencios pactados, redes de narcotr\u00e1fico, relaciones prohibidas y un pu\u00f1ado de personajes con heridas abiertas dan forma a esta historia sin concesiones, donde cada giro revela una verdad m\u00e1s inc\u00f3moda que la anterior. Quienes leyeron Sue\u00f1os grises entre algod\u00f3n blanco, de Lorenza Guerra, encontrar\u00e1n aqu\u00ed un eco profundo, una ampliaci\u00f3n de ese universo, ahora m\u00e1s denso, m\u00e1s oscuro y m\u00e1s humano. Porque hay historias que no terminan: simplemente dan un giro de tuerca.","og_url":"https:\/\/letrame.com\/catalogo\/producto\/giro-de-tuerca\/","og_site_name":"Catalogo | Letrame Grupo Editorial","article_modified_time":"2025-11-20T11:48:44+00:00","og_image":[{"width":384,"height":563,"url":"https:\/\/letrame.com\/catalogo\/wp-content\/uploads\/2025\/11\/ungirodetuerca_2887mm4.gif","type":"image\/gif"}],"twitter_card":"summary_large_image","twitter_misc":{"Tiempo de lectura":"2 minutos"},"schema":{"@context":"https:\/\/schema.org","@graph":[{"@type":"WebPage","@id":"https:\/\/letrame.com\/catalogo\/producto\/giro-de-tuerca\/","url":"https:\/\/letrame.com\/catalogo\/producto\/giro-de-tuerca\/","name":"Giro de tuerca - Catalogo | Letrame Grupo Editorial","isPartOf":{"@id":"https:\/\/letrame.com\/catalogo\/#website"},"primaryImageOfPage":{"@id":"https:\/\/letrame.com\/catalogo\/producto\/giro-de-tuerca\/#primaryimage"},"image":{"@id":"https:\/\/letrame.com\/catalogo\/producto\/giro-de-tuerca\/#primaryimage"},"thumbnailUrl":"https:\/\/letrame.com\/catalogo\/wp-content\/uploads\/2025\/11\/ungirodetuerca_2887mm4.gif","datePublished":"2025-11-20T11:45:48+00:00","dateModified":"2025-11-20T11:48:44+00:00","breadcrumb":{"@id":"https:\/\/letrame.com\/catalogo\/producto\/giro-de-tuerca\/#breadcrumb"},"inLanguage":"es","potentialAction":[{"@type":"ReadAction","target":["https:\/\/letrame.com\/catalogo\/producto\/giro-de-tuerca\/"]}]},{"@type":"ImageObject","inLanguage":"es","@id":"https:\/\/letrame.com\/catalogo\/producto\/giro-de-tuerca\/#primaryimage","url":"https:\/\/letrame.com\/catalogo\/wp-content\/uploads\/2025\/11\/ungirodetuerca_2887mm4.gif","contentUrl":"https:\/\/letrame.com\/catalogo\/wp-content\/uploads\/2025\/11\/ungirodetuerca_2887mm4.gif","width":384,"height":563},{"@type":"BreadcrumbList","@id":"https:\/\/letrame.com\/catalogo\/producto\/giro-de-tuerca\/#breadcrumb","itemListElement":[{"@type":"ListItem","position":1,"name":"Portada","item":"https:\/\/letrame.com\/catalogo\/"},{"@type":"ListItem","position":2,"name":"Cat\u00e1logo","item":"https:\/\/letrame.com\/catalogo\/"},{"@type":"ListItem","position":3,"name":"Giro de tuerca"}]},{"@type":"WebSite","@id":"https:\/\/letrame.com\/catalogo\/#website","url":"https:\/\/letrame.com\/catalogo\/","name":"Catalogo | Letrame Grupo Editorial","description":"","publisher":{"@id":"https:\/\/letrame.com\/catalogo\/#organization"},"potentialAction":[{"@type":"SearchAction","target":{"@type":"EntryPoint","urlTemplate":"https:\/\/letrame.com\/catalogo\/?s={search_term_string}"},"query-input":{"@type":"PropertyValueSpecification","valueRequired":true,"valueName":"search_term_string"}}],"inLanguage":"es"},{"@type":"Organization","@id":"https:\/\/letrame.com\/catalogo\/#organization","name":"Catalogo | Letrame Grupo Editorial","url":"https:\/\/letrame.com\/catalogo\/","logo":{"@type":"ImageObject","inLanguage":"es","@id":"https:\/\/letrame.com\/catalogo\/#\/schema\/logo\/image\/","url":"https:\/\/letrame.com\/catalogo\/wp-content\/uploads\/2024\/03\/logo2.webp","contentUrl":"https:\/\/letrame.com\/catalogo\/wp-content\/uploads\/2024\/03\/logo2.webp","width":394,"height":128,"caption":"Catalogo | Letrame Grupo Editorial"},"image":{"@id":"https:\/\/letrame.com\/catalogo\/#\/schema\/logo\/image\/"}}]}},"_links":{"self":[{"href":"https:\/\/letrame.com\/catalogo\/wp-json\/wp\/v2\/product\/109562","targetHints":{"allow":["GET"]}}],"collection":[{"href":"https:\/\/letrame.com\/catalogo\/wp-json\/wp\/v2\/product"}],"about":[{"href":"https:\/\/letrame.com\/catalogo\/wp-json\/wp\/v2\/types\/product"}],"replies":[{"embeddable":true,"href":"https:\/\/letrame.com\/catalogo\/wp-json\/wp\/v2\/comments?post=109562"}],"acf:post":[{"embeddable":true,"href":"https:\/\/letrame.com\/catalogo\/wp-json\/wp\/v2\/author_book\/109564"}],"wp:featuredmedia":[{"embeddable":true,"href":"https:\/\/letrame.com\/catalogo\/wp-json\/wp\/v2\/media\/109563"}],"wp:attachment":[{"href":"https:\/\/letrame.com\/catalogo\/wp-json\/wp\/v2\/media?parent=109562"}],"wp:term":[{"taxonomy":"libro","embeddable":true,"href":"https:\/\/letrame.com\/catalogo\/wp-json\/wp\/v2\/libro?post=109562"},{"taxonomy":"product_brand","embeddable":true,"href":"https:\/\/letrame.com\/catalogo\/wp-json\/wp\/v2\/product_brand?post=109562"},{"taxonomy":"product_cat","embeddable":true,"href":"https:\/\/letrame.com\/catalogo\/wp-json\/wp\/v2\/product_cat?post=109562"},{"taxonomy":"product_tag","embeddable":true,"href":"https:\/\/letrame.com\/catalogo\/wp-json\/wp\/v2\/product_tag?post=109562"}],"curies":[{"name":"wp","href":"https:\/\/api.w.org\/{rel}","templated":true}]}}