{"id":109552,"date":"2025-11-20T12:02:23","date_gmt":"2025-11-20T11:02:23","guid":{"rendered":"https:\/\/letrame.com\/catalogo\/?post_type=product&#038;p=109552"},"modified":"2025-11-20T12:06:12","modified_gmt":"2025-11-20T11:06:12","slug":"la-fabrica-de-presentaciones","status":"publish","type":"product","link":"https:\/\/letrame.com\/catalogo\/producto\/la-fabrica-de-presentaciones\/","title":{"rendered":"La f\u00e1brica de presentaciones"},"content":{"rendered":"<p class=\"p1\"><b>ISBN: 9791370127435<\/b><b><\/b><\/p>\n<p class=\"p1\"><b>T\u00edtulo: La f\u00e1brica de presentaciones<\/b><b><\/b><\/p>\n<p class=\"p1\"><b>Fecha: 2025<\/b><b><\/b><\/p>\n<p class=\"p1\"><b>P\u00e1ginas: 276<\/b><b><\/b><\/p>\n<p class=\"p1\"><b>SINOPSIS<\/b><\/p>\n<p>\u00abConocer a Luc\u00eda Miralles y su libro La F\u00e1brica de las Presentaciones ha sido un verdadero regalo en mi vida. Su apoyo y sabidur\u00eda me han brindado foco y claridad, aport\u00e1ndome una nueva realidad en mi comunicaci\u00f3n y negocio. Gracias a ello he conseguido empoderarme como mujer, madre y empresaria. Estoy profundamente agradecida. Sin duda, la comunicaci\u00f3n es, hoy, mi<br \/>\nas bajo la manga\u00bb.<\/p>\n","protected":false},"excerpt":{"rendered":"<p><b>ISBN: 9791370127435<\/b><\/p>\n<p class=\"p1\"><b>SINOPSIS<\/b><\/p>\n<p>\u00abConocer a Luc\u00eda Miralles y su libro La F\u00e1brica de las Presentaciones ha sido un verdadero regalo en mi vida. Su apoyo y sabidur\u00eda me han brindado foco y claridad, aport\u00e1ndome una nueva realidad en mi comunicaci\u00f3n y negocio. Gracias a ello he conseguido empoderarme como mujer, madre y empresaria. Estoy profundamente agradecida. Sin duda, la comunicaci\u00f3n es, hoy, mi<br \/>\nas bajo la manga\u00bb.<\/p>\n","protected":false},"featured_media":109553,"comment_status":"open","ping_status":"closed","template":"","meta":{"_acf_changed":false},"libro":[],"product_brand":[],"product_cat":[42],"product_tag":[],"class_list":{"0":"post-109552","1":"product","2":"type-product","3":"status-publish","4":"has-post-thumbnail","6":"product_cat-administracion-y-negocios","8":"first","9":"instock","10":"shipping-taxable","11":"product-type-simple"},"acf":{"autor":[109554],"enlace_de_compra":"https:\/\/www.amazon.es\/f%C3%A1brica-presentaciones-Emprendimiento-Luc%C3%ADa-Miralles\/dp\/B0FSL8XV56\/ref=sr_1_1?__mk_es_ES=%C3%85M%C3%85%C5%BD%C3%95%C3%91&crid=2WQ068I5MBWCX&dib=eyJ2IjoiMSJ9.VBcTDtEf9UuYUUi1DE96gQ.EvbRIKpA-L0RzCwaiDHDy6Xgt_684NmtRlxPvI-z0kI&dib_tag=se&keywords=la+f%C3%A1brica+de+las+presentaciones+letrame&qid=1763636311&s=books&sprefix=la+f%C3%A1brica+de+las+presentaciones+letrame%2Cstripbooks%2C59&sr=1-1"},"yoast_head":"<!-- This site is optimized with the Yoast SEO plugin v26.6 - https:\/\/yoast.com\/wordpress\/plugins\/seo\/ -->\n<title>La f\u00e1brica de presentaciones - Catalogo | Letrame Grupo Editorial<\/title>\n<meta name=\"robots\" content=\"index, follow, max-snippet:-1, max-image-preview:large, max-video-preview:-1\" \/>\n<link rel=\"canonical\" href=\"https:\/\/letrame.com\/catalogo\/producto\/la-fabrica-de-presentaciones\/\" \/>\n<meta property=\"og:locale\" content=\"es_ES\" \/>\n<meta property=\"og:type\" content=\"article\" \/>\n<meta property=\"og:title\" content=\"La f\u00e1brica de presentaciones - Catalogo | Letrame Grupo Editorial\" \/>\n<meta property=\"og:description\" content=\"ISBN: 9791370127435 SINOPSIS \u00abConocer a Luc\u00eda Miralles y su libro La F\u00e1brica de las Presentaciones ha sido un verdadero regalo en mi vida. Su apoyo y sabidur\u00eda me han brindado foco y claridad, aport\u00e1ndome una nueva realidad en mi comunicaci\u00f3n y negocio. Gracias a ello he conseguido empoderarme como mujer, madre y empresaria. Estoy profundamente agradecida. Sin duda, la comunicaci\u00f3n es, hoy, mi as bajo la manga\u00bb.\" \/>\n<meta property=\"og:url\" content=\"https:\/\/letrame.com\/catalogo\/producto\/la-fabrica-de-presentaciones\/\" \/>\n<meta property=\"og:site_name\" content=\"Catalogo | Letrame Grupo Editorial\" \/>\n<meta property=\"article:modified_time\" content=\"2025-11-20T11:06:12+00:00\" \/>\n<meta property=\"og:image\" content=\"https:\/\/letrame.com\/catalogo\/wp-content\/uploads\/2025\/11\/lafabricadelas_1383mm4.gif\" \/>\n\t<meta property=\"og:image:width\" content=\"384\" \/>\n\t<meta property=\"og:image:height\" content=\"563\" \/>\n\t<meta property=\"og:image:type\" content=\"image\/gif\" \/>\n<meta name=\"twitter:card\" content=\"summary_large_image\" \/>\n<meta name=\"twitter:label1\" content=\"Tiempo de lectura\" \/>\n\t<meta name=\"twitter:data1\" content=\"1 minuto\" \/>\n<script type=\"application\/ld+json\" class=\"yoast-schema-graph\">{\"@context\":\"https:\/\/schema.org\",\"@graph\":[{\"@type\":\"WebPage\",\"@id\":\"https:\/\/letrame.com\/catalogo\/producto\/la-fabrica-de-presentaciones\/\",\"url\":\"https:\/\/letrame.com\/catalogo\/producto\/la-fabrica-de-presentaciones\/\",\"name\":\"La f\u00e1brica de presentaciones - Catalogo | Letrame Grupo Editorial\",\"isPartOf\":{\"@id\":\"https:\/\/letrame.com\/catalogo\/#website\"},\"primaryImageOfPage\":{\"@id\":\"https:\/\/letrame.com\/catalogo\/producto\/la-fabrica-de-presentaciones\/#primaryimage\"},\"image\":{\"@id\":\"https:\/\/letrame.com\/catalogo\/producto\/la-fabrica-de-presentaciones\/#primaryimage\"},\"thumbnailUrl\":\"https:\/\/letrame.com\/catalogo\/wp-content\/uploads\/2025\/11\/lafabricadelas_1383mm4.gif\",\"datePublished\":\"2025-11-20T11:02:23+00:00\",\"dateModified\":\"2025-11-20T11:06:12+00:00\",\"breadcrumb\":{\"@id\":\"https:\/\/letrame.com\/catalogo\/producto\/la-fabrica-de-presentaciones\/#breadcrumb\"},\"inLanguage\":\"es\",\"potentialAction\":[{\"@type\":\"ReadAction\",\"target\":[\"https:\/\/letrame.com\/catalogo\/producto\/la-fabrica-de-presentaciones\/\"]}]},{\"@type\":\"ImageObject\",\"inLanguage\":\"es\",\"@id\":\"https:\/\/letrame.com\/catalogo\/producto\/la-fabrica-de-presentaciones\/#primaryimage\",\"url\":\"https:\/\/letrame.com\/catalogo\/wp-content\/uploads\/2025\/11\/lafabricadelas_1383mm4.gif\",\"contentUrl\":\"https:\/\/letrame.com\/catalogo\/wp-content\/uploads\/2025\/11\/lafabricadelas_1383mm4.gif\",\"width\":384,\"height\":563},{\"@type\":\"BreadcrumbList\",\"@id\":\"https:\/\/letrame.com\/catalogo\/producto\/la-fabrica-de-presentaciones\/#breadcrumb\",\"itemListElement\":[{\"@type\":\"ListItem\",\"position\":1,\"name\":\"Portada\",\"item\":\"https:\/\/letrame.com\/catalogo\/\"},{\"@type\":\"ListItem\",\"position\":2,\"name\":\"Cat\u00e1logo\",\"item\":\"https:\/\/letrame.com\/catalogo\/\"},{\"@type\":\"ListItem\",\"position\":3,\"name\":\"La f\u00e1brica de presentaciones\"}]},{\"@type\":\"WebSite\",\"@id\":\"https:\/\/letrame.com\/catalogo\/#website\",\"url\":\"https:\/\/letrame.com\/catalogo\/\",\"name\":\"Catalogo | Letrame Grupo Editorial\",\"description\":\"\",\"publisher\":{\"@id\":\"https:\/\/letrame.com\/catalogo\/#organization\"},\"potentialAction\":[{\"@type\":\"SearchAction\",\"target\":{\"@type\":\"EntryPoint\",\"urlTemplate\":\"https:\/\/letrame.com\/catalogo\/?s={search_term_string}\"},\"query-input\":{\"@type\":\"PropertyValueSpecification\",\"valueRequired\":true,\"valueName\":\"search_term_string\"}}],\"inLanguage\":\"es\"},{\"@type\":\"Organization\",\"@id\":\"https:\/\/letrame.com\/catalogo\/#organization\",\"name\":\"Catalogo | Letrame Grupo Editorial\",\"url\":\"https:\/\/letrame.com\/catalogo\/\",\"logo\":{\"@type\":\"ImageObject\",\"inLanguage\":\"es\",\"@id\":\"https:\/\/letrame.com\/catalogo\/#\/schema\/logo\/image\/\",\"url\":\"https:\/\/letrame.com\/catalogo\/wp-content\/uploads\/2024\/03\/logo2.webp\",\"contentUrl\":\"https:\/\/letrame.com\/catalogo\/wp-content\/uploads\/2024\/03\/logo2.webp\",\"width\":394,\"height\":128,\"caption\":\"Catalogo | Letrame Grupo Editorial\"},\"image\":{\"@id\":\"https:\/\/letrame.com\/catalogo\/#\/schema\/logo\/image\/\"}}]}<\/script>\n<!-- \/ Yoast SEO plugin. -->","yoast_head_json":{"title":"La f\u00e1brica de presentaciones - Catalogo | Letrame Grupo Editorial","robots":{"index":"index","follow":"follow","max-snippet":"max-snippet:-1","max-image-preview":"max-image-preview:large","max-video-preview":"max-video-preview:-1"},"canonical":"https:\/\/letrame.com\/catalogo\/producto\/la-fabrica-de-presentaciones\/","og_locale":"es_ES","og_type":"article","og_title":"La f\u00e1brica de presentaciones - Catalogo | Letrame Grupo Editorial","og_description":"ISBN: 9791370127435 SINOPSIS \u00abConocer a Luc\u00eda Miralles y su libro La F\u00e1brica de las Presentaciones ha sido un verdadero regalo en mi vida. Su apoyo y sabidur\u00eda me han brindado foco y claridad, aport\u00e1ndome una nueva realidad en mi comunicaci\u00f3n y negocio. Gracias a ello he conseguido empoderarme como mujer, madre y empresaria. Estoy profundamente agradecida. Sin duda, la comunicaci\u00f3n es, hoy, mi as bajo la manga\u00bb.","og_url":"https:\/\/letrame.com\/catalogo\/producto\/la-fabrica-de-presentaciones\/","og_site_name":"Catalogo | Letrame Grupo Editorial","article_modified_time":"2025-11-20T11:06:12+00:00","og_image":[{"width":384,"height":563,"url":"https:\/\/letrame.com\/catalogo\/wp-content\/uploads\/2025\/11\/lafabricadelas_1383mm4.gif","type":"image\/gif"}],"twitter_card":"summary_large_image","twitter_misc":{"Tiempo de lectura":"1 minuto"},"schema":{"@context":"https:\/\/schema.org","@graph":[{"@type":"WebPage","@id":"https:\/\/letrame.com\/catalogo\/producto\/la-fabrica-de-presentaciones\/","url":"https:\/\/letrame.com\/catalogo\/producto\/la-fabrica-de-presentaciones\/","name":"La f\u00e1brica de presentaciones - Catalogo | Letrame Grupo Editorial","isPartOf":{"@id":"https:\/\/letrame.com\/catalogo\/#website"},"primaryImageOfPage":{"@id":"https:\/\/letrame.com\/catalogo\/producto\/la-fabrica-de-presentaciones\/#primaryimage"},"image":{"@id":"https:\/\/letrame.com\/catalogo\/producto\/la-fabrica-de-presentaciones\/#primaryimage"},"thumbnailUrl":"https:\/\/letrame.com\/catalogo\/wp-content\/uploads\/2025\/11\/lafabricadelas_1383mm4.gif","datePublished":"2025-11-20T11:02:23+00:00","dateModified":"2025-11-20T11:06:12+00:00","breadcrumb":{"@id":"https:\/\/letrame.com\/catalogo\/producto\/la-fabrica-de-presentaciones\/#breadcrumb"},"inLanguage":"es","potentialAction":[{"@type":"ReadAction","target":["https:\/\/letrame.com\/catalogo\/producto\/la-fabrica-de-presentaciones\/"]}]},{"@type":"ImageObject","inLanguage":"es","@id":"https:\/\/letrame.com\/catalogo\/producto\/la-fabrica-de-presentaciones\/#primaryimage","url":"https:\/\/letrame.com\/catalogo\/wp-content\/uploads\/2025\/11\/lafabricadelas_1383mm4.gif","contentUrl":"https:\/\/letrame.com\/catalogo\/wp-content\/uploads\/2025\/11\/lafabricadelas_1383mm4.gif","width":384,"height":563},{"@type":"BreadcrumbList","@id":"https:\/\/letrame.com\/catalogo\/producto\/la-fabrica-de-presentaciones\/#breadcrumb","itemListElement":[{"@type":"ListItem","position":1,"name":"Portada","item":"https:\/\/letrame.com\/catalogo\/"},{"@type":"ListItem","position":2,"name":"Cat\u00e1logo","item":"https:\/\/letrame.com\/catalogo\/"},{"@type":"ListItem","position":3,"name":"La f\u00e1brica de presentaciones"}]},{"@type":"WebSite","@id":"https:\/\/letrame.com\/catalogo\/#website","url":"https:\/\/letrame.com\/catalogo\/","name":"Catalogo | Letrame Grupo Editorial","description":"","publisher":{"@id":"https:\/\/letrame.com\/catalogo\/#organization"},"potentialAction":[{"@type":"SearchAction","target":{"@type":"EntryPoint","urlTemplate":"https:\/\/letrame.com\/catalogo\/?s={search_term_string}"},"query-input":{"@type":"PropertyValueSpecification","valueRequired":true,"valueName":"search_term_string"}}],"inLanguage":"es"},{"@type":"Organization","@id":"https:\/\/letrame.com\/catalogo\/#organization","name":"Catalogo | Letrame Grupo Editorial","url":"https:\/\/letrame.com\/catalogo\/","logo":{"@type":"ImageObject","inLanguage":"es","@id":"https:\/\/letrame.com\/catalogo\/#\/schema\/logo\/image\/","url":"https:\/\/letrame.com\/catalogo\/wp-content\/uploads\/2024\/03\/logo2.webp","contentUrl":"https:\/\/letrame.com\/catalogo\/wp-content\/uploads\/2024\/03\/logo2.webp","width":394,"height":128,"caption":"Catalogo | Letrame Grupo Editorial"},"image":{"@id":"https:\/\/letrame.com\/catalogo\/#\/schema\/logo\/image\/"}}]}},"_links":{"self":[{"href":"https:\/\/letrame.com\/catalogo\/wp-json\/wp\/v2\/product\/109552","targetHints":{"allow":["GET"]}}],"collection":[{"href":"https:\/\/letrame.com\/catalogo\/wp-json\/wp\/v2\/product"}],"about":[{"href":"https:\/\/letrame.com\/catalogo\/wp-json\/wp\/v2\/types\/product"}],"replies":[{"embeddable":true,"href":"https:\/\/letrame.com\/catalogo\/wp-json\/wp\/v2\/comments?post=109552"}],"acf:post":[{"embeddable":true,"href":"https:\/\/letrame.com\/catalogo\/wp-json\/wp\/v2\/author_book\/109554"}],"wp:featuredmedia":[{"embeddable":true,"href":"https:\/\/letrame.com\/catalogo\/wp-json\/wp\/v2\/media\/109553"}],"wp:attachment":[{"href":"https:\/\/letrame.com\/catalogo\/wp-json\/wp\/v2\/media?parent=109552"}],"wp:term":[{"taxonomy":"libro","embeddable":true,"href":"https:\/\/letrame.com\/catalogo\/wp-json\/wp\/v2\/libro?post=109552"},{"taxonomy":"product_brand","embeddable":true,"href":"https:\/\/letrame.com\/catalogo\/wp-json\/wp\/v2\/product_brand?post=109552"},{"taxonomy":"product_cat","embeddable":true,"href":"https:\/\/letrame.com\/catalogo\/wp-json\/wp\/v2\/product_cat?post=109552"},{"taxonomy":"product_tag","embeddable":true,"href":"https:\/\/letrame.com\/catalogo\/wp-json\/wp\/v2\/product_tag?post=109552"}],"curies":[{"name":"wp","href":"https:\/\/api.w.org\/{rel}","templated":true}]}}