{"id":109541,"date":"2025-11-20T10:35:47","date_gmt":"2025-11-20T09:35:47","guid":{"rendered":"https:\/\/letrame.com\/catalogo\/?post_type=product&#038;p=109541"},"modified":"2025-11-20T10:39:01","modified_gmt":"2025-11-20T09:39:01","slug":"memorias-de-velez","status":"publish","type":"product","link":"https:\/\/letrame.com\/catalogo\/producto\/memorias-de-velez\/","title":{"rendered":"Memorias de V\u00e9lez"},"content":{"rendered":"<p class=\"p1\"><b>ISBN: 9791370127985<\/b><b><\/b><\/p>\n<p class=\"p1\"><b>T\u00edtulo: Memorias de V\u00e9lez<\/b><b><\/b><\/p>\n<p class=\"p1\"><b>Fecha: 2025<\/b><b><\/b><\/p>\n<p class=\"p1\"><b>P\u00e1ginas: 296<\/b><b><\/b><\/p>\n<p class=\"p1\"><b>SINOPSIS<\/b><\/p>\n<p>A trav\u00e9s de \u00c1lvaro V\u00e9lez, el autor nos cuenta la historia de cualquier persona nacida en los 70 que vivi\u00f3 profundamente sus acontecimientos personales y los sociales del fin del milenio. Las particularidades del personaje, como su historia ps\u00edquica o su gusto por el cine, la literatura y el rock, son perfectamente intercambiables por la singularidad de cada lector que, sin embargo, hallar\u00e1 en los episodios contados en el libro puntos en com\u00fan, llenos de emociones y pensamientos, que lo har\u00e1n reflexionar con una l\u00e1grima, una mueca de disgusto o una sonrisa en el rostro, sobre su propia vida.<br \/>\nLas memorias de V\u00e9lez se mueve a trav\u00e9s de varios g\u00e9neros literarios: poes\u00eda, ep\u00edstola, ensayo, diario y, mayoritariamente, narrativa.<br \/>\nS\u00ed, es una novela colmada de sorpresas, de mucha m\u00fasica que a algunos los har\u00e1 cantar mientras leen.<br \/>\nLas memorias de V\u00e9lez es una novela hist\u00f3rica; es la historia de \u00c1lvaro y Zaid en la transici\u00f3n del s. XX al s. XXI. As\u00ed, contada en dos partes: Memorias falsas y Otras memorias falsas; es el testimonio de un joven de la generaci\u00f3n X que no se considera humano.<\/p>\n","protected":false},"excerpt":{"rendered":"<p class=\"p1\"><b>ISBN: 9791370127985<\/b><b><\/b><\/p>\n<p class=\"p1\"><b>SINOPSIS<\/b><\/p>\n<p>A trav\u00e9s de \u00c1lvaro V\u00e9lez, el autor nos cuenta la historia de cualquier persona nacida en los 70 que vivi\u00f3 profundamente sus acontecimientos personales y los sociales del fin del milenio. Las particularidades del personaje, como su historia ps\u00edquica o su gusto por el cine, la literatura y el rock, son perfectamente intercambiables por la singularidad de cada lector que, sin embargo, hallar\u00e1 en los episodios contados en el libro puntos en com\u00fan, llenos de emociones y pensamientos, que lo har\u00e1n reflexionar con una l\u00e1grima, una mueca de disgusto o una sonrisa en el rostro, sobre su propia vida.<br \/>\nLas memorias de V\u00e9lez se mueve a trav\u00e9s de varios g\u00e9neros literarios: poes\u00eda, ep\u00edstola, ensayo, diario y, mayoritariamente, narrativa.<br \/>\nS\u00ed, es una novela colmada de sorpresas, de mucha m\u00fasica que a algunos los har\u00e1 cantar mientras leen.<br \/>\nLas memorias de V\u00e9lez es una novela hist\u00f3rica; es la historia de \u00c1lvaro y Zaid en la transici\u00f3n del s. XX al s. XXI. As\u00ed, contada en dos partes: Memorias falsas y Otras memorias falsas; es el testimonio de un joven de la generaci\u00f3n X que no se considera humano.<\/p>\n","protected":false},"featured_media":109542,"comment_status":"open","ping_status":"closed","template":"","meta":{"_acf_changed":false},"libro":[],"product_brand":[],"product_cat":[59],"product_tag":[],"class_list":{"0":"post-109541","1":"product","2":"type-product","3":"status-publish","4":"has-post-thumbnail","6":"product_cat-memorias","8":"first","9":"instock","10":"shipping-taxable","11":"product-type-simple"},"acf":{"autor":[109543],"enlace_de_compra":"https:\/\/www.amazon.es\/Memorias-V%C3%A9lez-Zaid-Carre%C3%B1o\/dp\/B0FSJJBF7V\/ref=sr_1_1?__mk_es_ES=%C3%85M%C3%85%C5%BD%C3%95%C3%91&crid=69SRY9NEWK21&dib=eyJ2IjoiMSJ9.exmFtrrDLXLkIP3ZNX7_HQ.OrhVVW6GXvz_mo8CUlIyxT58YM5AQDGisllqccpjkTM&dib_tag=se&keywords=memorias+de+v%C3%A9lez+letrame&qid=1763630667&s=books&sprefix=memorias+de+v%C3%A9lez+letrame%2Cstripbooks%2C56&sr=1-1"},"yoast_head":"<!-- This site is optimized with the Yoast SEO plugin v27.4 - https:\/\/yoast.com\/product\/yoast-seo-wordpress\/ -->\n<title>Memorias de V\u00e9lez - Catalogo | Letrame Grupo Editorial<\/title>\n<meta name=\"robots\" content=\"index, follow, max-snippet:-1, max-image-preview:large, max-video-preview:-1\" \/>\n<link rel=\"canonical\" href=\"https:\/\/letrame.com\/catalogo\/producto\/memorias-de-velez\/\" \/>\n<meta property=\"og:locale\" content=\"es_ES\" \/>\n<meta property=\"og:type\" content=\"article\" \/>\n<meta property=\"og:title\" content=\"Memorias de V\u00e9lez - Catalogo | Letrame Grupo Editorial\" \/>\n<meta property=\"og:description\" content=\"ISBN: 9791370127985 SINOPSIS A trav\u00e9s de \u00c1lvaro V\u00e9lez, el autor nos cuenta la historia de cualquier persona nacida en los 70 que vivi\u00f3 profundamente sus acontecimientos personales y los sociales del fin del milenio. Las particularidades del personaje, como su historia ps\u00edquica o su gusto por el cine, la literatura y el rock, son perfectamente intercambiables por la singularidad de cada lector que, sin embargo, hallar\u00e1 en los episodios contados en el libro puntos en com\u00fan, llenos de emociones y pensamientos, que lo har\u00e1n reflexionar con una l\u00e1grima, una mueca de disgusto o una sonrisa en el rostro, sobre su propia vida. Las memorias de V\u00e9lez se mueve a trav\u00e9s de varios g\u00e9neros literarios: poes\u00eda, ep\u00edstola, ensayo, diario y, mayoritariamente, narrativa. S\u00ed, es una novela colmada de sorpresas, de mucha m\u00fasica que a algunos los har\u00e1 cantar mientras leen. Las memorias de V\u00e9lez es una novela hist\u00f3rica; es la historia de \u00c1lvaro y Zaid en la transici\u00f3n del s. XX al s. XXI. As\u00ed, contada en dos partes: Memorias falsas y Otras memorias falsas; es el testimonio de un joven de la generaci\u00f3n X que no se considera humano.\" \/>\n<meta property=\"og:url\" content=\"https:\/\/letrame.com\/catalogo\/producto\/memorias-de-velez\/\" \/>\n<meta property=\"og:site_name\" content=\"Catalogo | Letrame Grupo Editorial\" \/>\n<meta property=\"article:modified_time\" content=\"2025-11-20T09:39:01+00:00\" \/>\n<meta property=\"og:image\" content=\"https:\/\/letrame.com\/catalogo\/wp-content\/uploads\/2025\/11\/memoriasdevelez_1476mm4.gif\" \/>\n\t<meta property=\"og:image:width\" content=\"384\" \/>\n\t<meta property=\"og:image:height\" content=\"563\" \/>\n\t<meta property=\"og:image:type\" content=\"image\/gif\" \/>\n<meta name=\"twitter:card\" content=\"summary_large_image\" \/>\n<meta name=\"twitter:label1\" content=\"Tiempo de lectura\" \/>\n\t<meta name=\"twitter:data1\" content=\"2 minutos\" \/>\n<script type=\"application\/ld+json\" class=\"yoast-schema-graph\">{\"@context\":\"https:\\\/\\\/schema.org\",\"@graph\":[{\"@type\":\"WebPage\",\"@id\":\"https:\\\/\\\/letrame.com\\\/catalogo\\\/producto\\\/memorias-de-velez\\\/\",\"url\":\"https:\\\/\\\/letrame.com\\\/catalogo\\\/producto\\\/memorias-de-velez\\\/\",\"name\":\"Memorias de V\u00e9lez - Catalogo | Letrame Grupo Editorial\",\"isPartOf\":{\"@id\":\"https:\\\/\\\/letrame.com\\\/catalogo\\\/#website\"},\"primaryImageOfPage\":{\"@id\":\"https:\\\/\\\/letrame.com\\\/catalogo\\\/producto\\\/memorias-de-velez\\\/#primaryimage\"},\"image\":{\"@id\":\"https:\\\/\\\/letrame.com\\\/catalogo\\\/producto\\\/memorias-de-velez\\\/#primaryimage\"},\"thumbnailUrl\":\"https:\\\/\\\/letrame.com\\\/catalogo\\\/wp-content\\\/uploads\\\/2025\\\/11\\\/memoriasdevelez_1476mm4.gif\",\"datePublished\":\"2025-11-20T09:35:47+00:00\",\"dateModified\":\"2025-11-20T09:39:01+00:00\",\"breadcrumb\":{\"@id\":\"https:\\\/\\\/letrame.com\\\/catalogo\\\/producto\\\/memorias-de-velez\\\/#breadcrumb\"},\"inLanguage\":\"es\",\"potentialAction\":[{\"@type\":\"ReadAction\",\"target\":[\"https:\\\/\\\/letrame.com\\\/catalogo\\\/producto\\\/memorias-de-velez\\\/\"]}]},{\"@type\":\"ImageObject\",\"inLanguage\":\"es\",\"@id\":\"https:\\\/\\\/letrame.com\\\/catalogo\\\/producto\\\/memorias-de-velez\\\/#primaryimage\",\"url\":\"https:\\\/\\\/letrame.com\\\/catalogo\\\/wp-content\\\/uploads\\\/2025\\\/11\\\/memoriasdevelez_1476mm4.gif\",\"contentUrl\":\"https:\\\/\\\/letrame.com\\\/catalogo\\\/wp-content\\\/uploads\\\/2025\\\/11\\\/memoriasdevelez_1476mm4.gif\",\"width\":384,\"height\":563},{\"@type\":\"BreadcrumbList\",\"@id\":\"https:\\\/\\\/letrame.com\\\/catalogo\\\/producto\\\/memorias-de-velez\\\/#breadcrumb\",\"itemListElement\":[{\"@type\":\"ListItem\",\"position\":1,\"name\":\"Portada\",\"item\":\"https:\\\/\\\/letrame.com\\\/catalogo\\\/\"},{\"@type\":\"ListItem\",\"position\":2,\"name\":\"Cat\u00e1logo\",\"item\":\"https:\\\/\\\/letrame.com\\\/catalogo\\\/\"},{\"@type\":\"ListItem\",\"position\":3,\"name\":\"Memorias de V\u00e9lez\"}]},{\"@type\":\"WebSite\",\"@id\":\"https:\\\/\\\/letrame.com\\\/catalogo\\\/#website\",\"url\":\"https:\\\/\\\/letrame.com\\\/catalogo\\\/\",\"name\":\"Catalogo | Letrame Grupo Editorial\",\"description\":\"\",\"publisher\":{\"@id\":\"https:\\\/\\\/letrame.com\\\/catalogo\\\/#organization\"},\"potentialAction\":[{\"@type\":\"SearchAction\",\"target\":{\"@type\":\"EntryPoint\",\"urlTemplate\":\"https:\\\/\\\/letrame.com\\\/catalogo\\\/?s={search_term_string}\"},\"query-input\":{\"@type\":\"PropertyValueSpecification\",\"valueRequired\":true,\"valueName\":\"search_term_string\"}}],\"inLanguage\":\"es\"},{\"@type\":\"Organization\",\"@id\":\"https:\\\/\\\/letrame.com\\\/catalogo\\\/#organization\",\"name\":\"Catalogo | Letrame Grupo Editorial\",\"url\":\"https:\\\/\\\/letrame.com\\\/catalogo\\\/\",\"logo\":{\"@type\":\"ImageObject\",\"inLanguage\":\"es\",\"@id\":\"https:\\\/\\\/letrame.com\\\/catalogo\\\/#\\\/schema\\\/logo\\\/image\\\/\",\"url\":\"https:\\\/\\\/letrame.com\\\/catalogo\\\/wp-content\\\/uploads\\\/2024\\\/03\\\/logo2.webp\",\"contentUrl\":\"https:\\\/\\\/letrame.com\\\/catalogo\\\/wp-content\\\/uploads\\\/2024\\\/03\\\/logo2.webp\",\"width\":394,\"height\":128,\"caption\":\"Catalogo | Letrame Grupo Editorial\"},\"image\":{\"@id\":\"https:\\\/\\\/letrame.com\\\/catalogo\\\/#\\\/schema\\\/logo\\\/image\\\/\"}}]}<\/script>\n<!-- \/ Yoast SEO plugin. -->","yoast_head_json":{"title":"Memorias de V\u00e9lez - Catalogo | Letrame Grupo Editorial","robots":{"index":"index","follow":"follow","max-snippet":"max-snippet:-1","max-image-preview":"max-image-preview:large","max-video-preview":"max-video-preview:-1"},"canonical":"https:\/\/letrame.com\/catalogo\/producto\/memorias-de-velez\/","og_locale":"es_ES","og_type":"article","og_title":"Memorias de V\u00e9lez - Catalogo | Letrame Grupo Editorial","og_description":"ISBN: 9791370127985 SINOPSIS A trav\u00e9s de \u00c1lvaro V\u00e9lez, el autor nos cuenta la historia de cualquier persona nacida en los 70 que vivi\u00f3 profundamente sus acontecimientos personales y los sociales del fin del milenio. Las particularidades del personaje, como su historia ps\u00edquica o su gusto por el cine, la literatura y el rock, son perfectamente intercambiables por la singularidad de cada lector que, sin embargo, hallar\u00e1 en los episodios contados en el libro puntos en com\u00fan, llenos de emociones y pensamientos, que lo har\u00e1n reflexionar con una l\u00e1grima, una mueca de disgusto o una sonrisa en el rostro, sobre su propia vida. Las memorias de V\u00e9lez se mueve a trav\u00e9s de varios g\u00e9neros literarios: poes\u00eda, ep\u00edstola, ensayo, diario y, mayoritariamente, narrativa. S\u00ed, es una novela colmada de sorpresas, de mucha m\u00fasica que a algunos los har\u00e1 cantar mientras leen. Las memorias de V\u00e9lez es una novela hist\u00f3rica; es la historia de \u00c1lvaro y Zaid en la transici\u00f3n del s. XX al s. XXI. As\u00ed, contada en dos partes: Memorias falsas y Otras memorias falsas; es el testimonio de un joven de la generaci\u00f3n X que no se considera humano.","og_url":"https:\/\/letrame.com\/catalogo\/producto\/memorias-de-velez\/","og_site_name":"Catalogo | Letrame Grupo Editorial","article_modified_time":"2025-11-20T09:39:01+00:00","og_image":[{"width":384,"height":563,"url":"https:\/\/letrame.com\/catalogo\/wp-content\/uploads\/2025\/11\/memoriasdevelez_1476mm4.gif","type":"image\/gif"}],"twitter_card":"summary_large_image","twitter_misc":{"Tiempo de lectura":"2 minutos"},"schema":{"@context":"https:\/\/schema.org","@graph":[{"@type":"WebPage","@id":"https:\/\/letrame.com\/catalogo\/producto\/memorias-de-velez\/","url":"https:\/\/letrame.com\/catalogo\/producto\/memorias-de-velez\/","name":"Memorias de V\u00e9lez - Catalogo | Letrame Grupo Editorial","isPartOf":{"@id":"https:\/\/letrame.com\/catalogo\/#website"},"primaryImageOfPage":{"@id":"https:\/\/letrame.com\/catalogo\/producto\/memorias-de-velez\/#primaryimage"},"image":{"@id":"https:\/\/letrame.com\/catalogo\/producto\/memorias-de-velez\/#primaryimage"},"thumbnailUrl":"https:\/\/letrame.com\/catalogo\/wp-content\/uploads\/2025\/11\/memoriasdevelez_1476mm4.gif","datePublished":"2025-11-20T09:35:47+00:00","dateModified":"2025-11-20T09:39:01+00:00","breadcrumb":{"@id":"https:\/\/letrame.com\/catalogo\/producto\/memorias-de-velez\/#breadcrumb"},"inLanguage":"es","potentialAction":[{"@type":"ReadAction","target":["https:\/\/letrame.com\/catalogo\/producto\/memorias-de-velez\/"]}]},{"@type":"ImageObject","inLanguage":"es","@id":"https:\/\/letrame.com\/catalogo\/producto\/memorias-de-velez\/#primaryimage","url":"https:\/\/letrame.com\/catalogo\/wp-content\/uploads\/2025\/11\/memoriasdevelez_1476mm4.gif","contentUrl":"https:\/\/letrame.com\/catalogo\/wp-content\/uploads\/2025\/11\/memoriasdevelez_1476mm4.gif","width":384,"height":563},{"@type":"BreadcrumbList","@id":"https:\/\/letrame.com\/catalogo\/producto\/memorias-de-velez\/#breadcrumb","itemListElement":[{"@type":"ListItem","position":1,"name":"Portada","item":"https:\/\/letrame.com\/catalogo\/"},{"@type":"ListItem","position":2,"name":"Cat\u00e1logo","item":"https:\/\/letrame.com\/catalogo\/"},{"@type":"ListItem","position":3,"name":"Memorias de V\u00e9lez"}]},{"@type":"WebSite","@id":"https:\/\/letrame.com\/catalogo\/#website","url":"https:\/\/letrame.com\/catalogo\/","name":"Catalogo | Letrame Grupo Editorial","description":"","publisher":{"@id":"https:\/\/letrame.com\/catalogo\/#organization"},"potentialAction":[{"@type":"SearchAction","target":{"@type":"EntryPoint","urlTemplate":"https:\/\/letrame.com\/catalogo\/?s={search_term_string}"},"query-input":{"@type":"PropertyValueSpecification","valueRequired":true,"valueName":"search_term_string"}}],"inLanguage":"es"},{"@type":"Organization","@id":"https:\/\/letrame.com\/catalogo\/#organization","name":"Catalogo | Letrame Grupo Editorial","url":"https:\/\/letrame.com\/catalogo\/","logo":{"@type":"ImageObject","inLanguage":"es","@id":"https:\/\/letrame.com\/catalogo\/#\/schema\/logo\/image\/","url":"https:\/\/letrame.com\/catalogo\/wp-content\/uploads\/2024\/03\/logo2.webp","contentUrl":"https:\/\/letrame.com\/catalogo\/wp-content\/uploads\/2024\/03\/logo2.webp","width":394,"height":128,"caption":"Catalogo | Letrame Grupo Editorial"},"image":{"@id":"https:\/\/letrame.com\/catalogo\/#\/schema\/logo\/image\/"}}]}},"_links":{"self":[{"href":"https:\/\/letrame.com\/catalogo\/wp-json\/wp\/v2\/product\/109541","targetHints":{"allow":["GET"]}}],"collection":[{"href":"https:\/\/letrame.com\/catalogo\/wp-json\/wp\/v2\/product"}],"about":[{"href":"https:\/\/letrame.com\/catalogo\/wp-json\/wp\/v2\/types\/product"}],"replies":[{"embeddable":true,"href":"https:\/\/letrame.com\/catalogo\/wp-json\/wp\/v2\/comments?post=109541"}],"acf:post":[{"embeddable":true,"href":"https:\/\/letrame.com\/catalogo\/wp-json\/wp\/v2\/author_book\/109543"}],"wp:featuredmedia":[{"embeddable":true,"href":"https:\/\/letrame.com\/catalogo\/wp-json\/wp\/v2\/media\/109542"}],"wp:attachment":[{"href":"https:\/\/letrame.com\/catalogo\/wp-json\/wp\/v2\/media?parent=109541"}],"wp:term":[{"taxonomy":"libro","embeddable":true,"href":"https:\/\/letrame.com\/catalogo\/wp-json\/wp\/v2\/libro?post=109541"},{"taxonomy":"product_brand","embeddable":true,"href":"https:\/\/letrame.com\/catalogo\/wp-json\/wp\/v2\/product_brand?post=109541"},{"taxonomy":"product_cat","embeddable":true,"href":"https:\/\/letrame.com\/catalogo\/wp-json\/wp\/v2\/product_cat?post=109541"},{"taxonomy":"product_tag","embeddable":true,"href":"https:\/\/letrame.com\/catalogo\/wp-json\/wp\/v2\/product_tag?post=109541"}],"curies":[{"name":"wp","href":"https:\/\/api.w.org\/{rel}","templated":true}]}}