{"id":109520,"date":"2025-11-19T15:58:03","date_gmt":"2025-11-19T14:58:03","guid":{"rendered":"https:\/\/letrame.com\/catalogo\/?post_type=product&#038;p=109520"},"modified":"2025-11-19T16:06:00","modified_gmt":"2025-11-19T15:06:00","slug":"diario-de-una-legislatura","status":"publish","type":"product","link":"https:\/\/letrame.com\/catalogo\/producto\/diario-de-una-legislatura\/","title":{"rendered":"Diario de una legislatura"},"content":{"rendered":"<p class=\"p1\"><b>ISBN: 9791370127923<\/b><b><\/b><\/p>\n<p class=\"p1\"><b>T\u00edtulo: Diario de una legislatura<\/b><b><\/b><\/p>\n<p class=\"p1\"><b>Fecha: 2025<\/b><b><\/b><\/p>\n<p class=\"p1\"><b>P\u00e1ginas: 428<\/b><b><\/b><\/p>\n<p class=\"p1\"><b>SINOPSIS<\/b><\/p>\n<p>Despu\u00e9s de doce a\u00f1os desde la primera edici\u00f3n de este libro, yo me hago la siguiente pregunta:<br \/>\n\u00bfqu\u00e9 es lo que ha cambiado en este tiempo? Y entre lo que ha cambiado, \u00bfqu\u00e9 es lo que ha cambiado para bien?<\/p>\n<p>Veamos a continuaci\u00f3n una peque\u00f1a muestra:<\/p>\n<p>\u00abEl PP y el PSOE se culpan entre s\u00ed del desprestigio r\u00e9cord de los pol\u00edticos (El Mundo 8-10-12)\u00bb.<br \/>\nEsto no es novedad. El PP y el PSOE se culpan entre s\u00ed de todo, no solo de los resultados del CIS, que parecen no conocer, a juzgar por lo poco que hablan de ellos.<br \/>\nDe esta vez se obtuvo un nuevo r\u00e9cord de desprestigio. Posiblemente puede ser superado ya en la pr\u00f3xima encuesta.<\/p>\n<p>\u00abLa justicia europea ve ilegal la ley espa\u00f1ola de desabucio (El Diario Vasco, 8-11-12)\u00bb.<br \/>\n\u00bfY tiene que venir la \u00abjusticia europea\u00bb para decirnos eso? \u00bfQu\u00e9 pintan aqu\u00ed tantos \u00abexpertos\u00bb, asesores, abogados de Estado&#8230;?<\/p>\n<p>\u00abEL PP quiere reducir cargos p\u00fablicos, quitar duplicidades y fijar competencias (El Pais, 4-12-12)\u00bb.<br \/>\nPues nada, que lo hagan. No voy a ser yo el que ponga objeciones al respecto. \u00bfCu\u00e1ntas veces, no obstante, hemos o\u00eddo ya lo mismo? Seguro que volveremos a o\u00edrlo antes de que se haga algo, al menos en cuanto a cargos de libre designaci\u00f3n reservados para las personas de \u00abconfianza\u00bb.<\/p>\n<p>\u00abCl\u00e1usula abusiva<br \/>\nIberia no podr\u00e1 anular el billete de vuelta en caso de que el pasajero no use la ida (El Mundo, 24-9-12)\u00bb.<br \/>\n\u00bfPor qu\u00e9 va a ser una cl\u00e1usula abusiva? Si no hay ida, la vuelta se anula ella sola. Nunca podr\u00e1 anularla Iberia ni ninguna otra compa\u00f1\u00eda a\u00e9rea o no a\u00e9rea.<\/p>\n<p>\u00abArturo P\u00e9rez-Reverte: Europa est\u00e1 regida por unos payasos analfabetos (La Voz de Galicia, Antonio Paniagua, 22-11-12)\u00bb.<br \/>\nNo puedo compartir esta afirmaci\u00f3n. El hecho de que puedan hacer muchas payasadas no les da derecho alguno a autodenominarse \u00abpayasos\u00bb. Los que ejercen dignamente esa profesi\u00f3n no tienen por qu\u00e9 tolerar el intrusismo profesional.<\/p>\n<p>\u00abCarmen Lomana: \u00abMejor un co\u00f1o que unos jolines\u00bb (Libertad Digital, 6-4-13)\u00bb.<br \/>\nYo estoy de acuerdo. \u00bfQu\u00e9 se puede esperar de unos \u00abjolines\u00bb?<\/p>\n","protected":false},"excerpt":{"rendered":"<p><b>ISBN: 9791370127923<\/b><\/p>\n<p class=\"p1\"><b>SINOPSIS<\/b><\/p>\n<p>Despu\u00e9s de doce a\u00f1os desde la primera edici\u00f3n de este libro, yo me hago la siguiente pregunta:<br \/>\n\u00bfqu\u00e9 es lo que ha cambiado en este tiempo? Y entre lo que ha cambiado, \u00bfqu\u00e9 es lo que ha cambiado para bien?<\/p>\n<p>Veamos a continuaci\u00f3n una peque\u00f1a muestra:<\/p>\n<p>\u00abEl PP y el PSOE se culpan entre s\u00ed del desprestigio r\u00e9cord de los pol\u00edticos (El Mundo 8-10-12)\u00bb.<br \/>\nEsto no es novedad. El PP y el PSOE se culpan entre s\u00ed de todo, no solo de los resultados del CIS, que parecen no conocer, a juzgar por lo poco que hablan de ellos.<br \/>\nDe esta vez se obtuvo un nuevo r\u00e9cord de desprestigio. Posiblemente puede ser superado ya en la pr\u00f3xima encuesta.<\/p>\n<p>\u00abLa justicia europea ve ilegal la ley espa\u00f1ola de desabucio (El Diario Vasco, 8-11-12)\u00bb.<br \/>\n\u00bfY tiene que venir la \u00abjusticia europea\u00bb para decirnos eso? \u00bfQu\u00e9 pintan aqu\u00ed tantos \u00abexpertos\u00bb, asesores, abogados de Estado&#8230;?<\/p>\n<p>\u00abEL PP quiere reducir cargos p\u00fablicos, quitar duplicidades y fijar competencias (El Pais, 4-12-12)\u00bb.<br \/>\nPues nada, que lo hagan. No voy a ser yo el que ponga objeciones al respecto. \u00bfCu\u00e1ntas veces, no obstante, hemos o\u00eddo ya lo mismo? Seguro que volveremos a o\u00edrlo antes de que se haga algo, al menos en cuanto a cargos de libre designaci\u00f3n reservados para las personas de \u00abconfianza\u00bb.<\/p>\n<p>\u00abCl\u00e1usula abusiva<br \/>\nIberia no podr\u00e1 anular el billete de vuelta en caso de que el pasajero no use la ida (El Mundo, 24-9-12)\u00bb.<br \/>\n\u00bfPor qu\u00e9 va a ser una cl\u00e1usula abusiva? Si no hay ida, la vuelta se anula ella sola. Nunca podr\u00e1 anularla Iberia ni ninguna otra compa\u00f1\u00eda a\u00e9rea o no a\u00e9rea.<\/p>\n<p>\u00abArturo P\u00e9rez-Reverte: Europa est\u00e1 regida por unos payasos analfabetos (La Voz de Galicia, Antonio Paniagua, 22-11-12)\u00bb.<br \/>\nNo puedo compartir esta afirmaci\u00f3n. El hecho de que puedan hacer muchas payasadas no les da derecho alguno a autodenominarse \u00abpayasos\u00bb. Los que ejercen dignamente esa profesi\u00f3n no tienen por qu\u00e9 tolerar el intrusismo profesional.<\/p>\n<p>\u00abCarmen Lomana: \u00abMejor un co\u00f1o que unos jolines\u00bb (Libertad Digital, 6-4-13)\u00bb.<br \/>\nYo estoy de acuerdo. \u00bfQu\u00e9 se puede esperar de unos \u00abjolines\u00bb?<\/p>\n","protected":false},"featured_media":109525,"comment_status":"open","ping_status":"closed","template":"","meta":{"_acf_changed":false},"libro":[],"product_brand":[],"product_cat":[62],"product_tag":[],"class_list":{"0":"post-109520","1":"product","2":"type-product","3":"status-publish","4":"has-post-thumbnail","6":"product_cat-historico","8":"first","9":"instock","10":"shipping-taxable","11":"product-type-simple"},"acf":{"autor":[109521],"enlace_de_compra":"https:\/\/www.amazon.es\/Diario-legislatura-Juan-Feliz-Fern%C3%A1ndez\/dp\/B0FS6JPLR4\/ref=sr_1_1?__mk_es_ES=%C3%85M%C3%85%C5%BD%C3%95%C3%91&crid=3R9Q991NEE6S8&dib=eyJ2IjoiMSJ9.BAPULeUto6p9xJJaQYw1bA.885zhhRpdJz3hkT2QnRHuUQkg4I2heu3QkhjZ1grshU&dib_tag=se&keywords=diario+de+una+legislatura+letrame&qid=1763564023&s=books&sprefix=diario+de+una+legislatura+letrame%2Cstripbooks%2C61&sr=1-1"},"yoast_head":"<!-- This site is optimized with the Yoast SEO plugin v27.4 - https:\/\/yoast.com\/product\/yoast-seo-wordpress\/ -->\n<title>Diario de una legislatura - Catalogo | Letrame Grupo Editorial<\/title>\n<meta name=\"robots\" content=\"index, follow, max-snippet:-1, max-image-preview:large, max-video-preview:-1\" \/>\n<link rel=\"canonical\" href=\"https:\/\/letrame.com\/catalogo\/producto\/diario-de-una-legislatura\/\" \/>\n<meta property=\"og:locale\" content=\"es_ES\" \/>\n<meta property=\"og:type\" content=\"article\" \/>\n<meta property=\"og:title\" content=\"Diario de una legislatura - Catalogo | Letrame Grupo Editorial\" \/>\n<meta property=\"og:description\" content=\"ISBN: 9791370127923 SINOPSIS Despu\u00e9s de doce a\u00f1os desde la primera edici\u00f3n de este libro, yo me hago la siguiente pregunta: \u00bfqu\u00e9 es lo que ha cambiado en este tiempo? Y entre lo que ha cambiado, \u00bfqu\u00e9 es lo que ha cambiado para bien?  Veamos a continuaci\u00f3n una peque\u00f1a muestra:  &quot;El PP y el PSOE se culpan entre s\u00ed del desprestigio r\u00e9cord de los pol\u00edticos (El Mundo 8-10-12)&quot;. Esto no es novedad. El PP y el PSOE se culpan entre s\u00ed de todo, no solo de los resultados del CIS, que parecen no conocer, a juzgar por lo poco que hablan de ellos. De esta vez se obtuvo un nuevo r\u00e9cord de desprestigio. Posiblemente puede ser superado ya en la pr\u00f3xima encuesta.  &quot;La justicia europea ve ilegal la ley espa\u00f1ola de desabucio (El Diario Vasco, 8-11-12)&quot;. \u00bfY tiene que venir la \u00abjusticia europea\u00bb para decirnos eso? \u00bfQu\u00e9 pintan aqu\u00ed tantos \u00abexpertos\u00bb, asesores, abogados de Estado...?  &quot;EL PP quiere reducir cargos p\u00fablicos, quitar duplicidades y fijar competencias (El Pais, 4-12-12)&quot;. Pues nada, que lo hagan. No voy a ser yo el que ponga objeciones al respecto. \u00bfCu\u00e1ntas veces, no obstante, hemos o\u00eddo ya lo mismo? Seguro que volveremos a o\u00edrlo antes de que se haga algo, al menos en cuanto a cargos de libre designaci\u00f3n reservados para las personas de \u00abconfianza\u00bb.  &quot;Cl\u00e1usula abusiva Iberia no podr\u00e1 anular el billete de vuelta en caso de que el pasajero no use la ida (El Mundo, 24-9-12)&quot;. \u00bfPor qu\u00e9 va a ser una cl\u00e1usula abusiva? Si no hay ida, la vuelta se anula ella sola. Nunca podr\u00e1 anularla Iberia ni ninguna otra compa\u00f1\u00eda a\u00e9rea o no a\u00e9rea.  &quot;Arturo P\u00e9rez-Reverte: Europa est\u00e1 regida por unos payasos analfabetos (La Voz de Galicia, Antonio Paniagua, 22-11-12)&quot;. No puedo compartir esta afirmaci\u00f3n. El hecho de que puedan hacer muchas payasadas no les da derecho alguno a autodenominarse \u00abpayasos\u00bb. Los que ejercen dignamente esa profesi\u00f3n no tienen por qu\u00e9 tolerar el intrusismo profesional.  &quot;Carmen Lomana: \u00abMejor un co\u00f1o que unos jolines\u00bb (Libertad Digital, 6-4-13)&quot;. Yo estoy de acuerdo. \u00bfQu\u00e9 se puede esperar de unos \u00abjolines\u00bb?\" \/>\n<meta property=\"og:url\" content=\"https:\/\/letrame.com\/catalogo\/producto\/diario-de-una-legislatura\/\" \/>\n<meta property=\"og:site_name\" content=\"Catalogo | Letrame Grupo Editorial\" \/>\n<meta property=\"article:modified_time\" content=\"2025-11-19T15:06:00+00:00\" \/>\n<meta property=\"og:image\" content=\"https:\/\/letrame.com\/catalogo\/wp-content\/uploads\/2025\/11\/diariodeunalegislatura_2081mm4.gif\" \/>\n\t<meta property=\"og:image:width\" content=\"384\" \/>\n\t<meta property=\"og:image:height\" content=\"537\" \/>\n\t<meta property=\"og:image:type\" content=\"image\/gif\" \/>\n<meta name=\"twitter:card\" content=\"summary_large_image\" \/>\n<meta name=\"twitter:label1\" content=\"Tiempo de lectura\" \/>\n\t<meta name=\"twitter:data1\" content=\"2 minutos\" \/>\n<script type=\"application\/ld+json\" class=\"yoast-schema-graph\">{\"@context\":\"https:\\\/\\\/schema.org\",\"@graph\":[{\"@type\":\"WebPage\",\"@id\":\"https:\\\/\\\/letrame.com\\\/catalogo\\\/producto\\\/diario-de-una-legislatura\\\/\",\"url\":\"https:\\\/\\\/letrame.com\\\/catalogo\\\/producto\\\/diario-de-una-legislatura\\\/\",\"name\":\"Diario de una legislatura - Catalogo | Letrame Grupo Editorial\",\"isPartOf\":{\"@id\":\"https:\\\/\\\/letrame.com\\\/catalogo\\\/#website\"},\"primaryImageOfPage\":{\"@id\":\"https:\\\/\\\/letrame.com\\\/catalogo\\\/producto\\\/diario-de-una-legislatura\\\/#primaryimage\"},\"image\":{\"@id\":\"https:\\\/\\\/letrame.com\\\/catalogo\\\/producto\\\/diario-de-una-legislatura\\\/#primaryimage\"},\"thumbnailUrl\":\"https:\\\/\\\/letrame.com\\\/catalogo\\\/wp-content\\\/uploads\\\/2025\\\/11\\\/diariodeunalegislatura_2081mm4.gif\",\"datePublished\":\"2025-11-19T14:58:03+00:00\",\"dateModified\":\"2025-11-19T15:06:00+00:00\",\"breadcrumb\":{\"@id\":\"https:\\\/\\\/letrame.com\\\/catalogo\\\/producto\\\/diario-de-una-legislatura\\\/#breadcrumb\"},\"inLanguage\":\"es\",\"potentialAction\":[{\"@type\":\"ReadAction\",\"target\":[\"https:\\\/\\\/letrame.com\\\/catalogo\\\/producto\\\/diario-de-una-legislatura\\\/\"]}]},{\"@type\":\"ImageObject\",\"inLanguage\":\"es\",\"@id\":\"https:\\\/\\\/letrame.com\\\/catalogo\\\/producto\\\/diario-de-una-legislatura\\\/#primaryimage\",\"url\":\"https:\\\/\\\/letrame.com\\\/catalogo\\\/wp-content\\\/uploads\\\/2025\\\/11\\\/diariodeunalegislatura_2081mm4.gif\",\"contentUrl\":\"https:\\\/\\\/letrame.com\\\/catalogo\\\/wp-content\\\/uploads\\\/2025\\\/11\\\/diariodeunalegislatura_2081mm4.gif\",\"width\":384,\"height\":537},{\"@type\":\"BreadcrumbList\",\"@id\":\"https:\\\/\\\/letrame.com\\\/catalogo\\\/producto\\\/diario-de-una-legislatura\\\/#breadcrumb\",\"itemListElement\":[{\"@type\":\"ListItem\",\"position\":1,\"name\":\"Portada\",\"item\":\"https:\\\/\\\/letrame.com\\\/catalogo\\\/\"},{\"@type\":\"ListItem\",\"position\":2,\"name\":\"Cat\u00e1logo\",\"item\":\"https:\\\/\\\/letrame.com\\\/catalogo\\\/\"},{\"@type\":\"ListItem\",\"position\":3,\"name\":\"Diario de una legislatura\"}]},{\"@type\":\"WebSite\",\"@id\":\"https:\\\/\\\/letrame.com\\\/catalogo\\\/#website\",\"url\":\"https:\\\/\\\/letrame.com\\\/catalogo\\\/\",\"name\":\"Catalogo | Letrame Grupo Editorial\",\"description\":\"\",\"publisher\":{\"@id\":\"https:\\\/\\\/letrame.com\\\/catalogo\\\/#organization\"},\"potentialAction\":[{\"@type\":\"SearchAction\",\"target\":{\"@type\":\"EntryPoint\",\"urlTemplate\":\"https:\\\/\\\/letrame.com\\\/catalogo\\\/?s={search_term_string}\"},\"query-input\":{\"@type\":\"PropertyValueSpecification\",\"valueRequired\":true,\"valueName\":\"search_term_string\"}}],\"inLanguage\":\"es\"},{\"@type\":\"Organization\",\"@id\":\"https:\\\/\\\/letrame.com\\\/catalogo\\\/#organization\",\"name\":\"Catalogo | Letrame Grupo Editorial\",\"url\":\"https:\\\/\\\/letrame.com\\\/catalogo\\\/\",\"logo\":{\"@type\":\"ImageObject\",\"inLanguage\":\"es\",\"@id\":\"https:\\\/\\\/letrame.com\\\/catalogo\\\/#\\\/schema\\\/logo\\\/image\\\/\",\"url\":\"https:\\\/\\\/letrame.com\\\/catalogo\\\/wp-content\\\/uploads\\\/2024\\\/03\\\/logo2.webp\",\"contentUrl\":\"https:\\\/\\\/letrame.com\\\/catalogo\\\/wp-content\\\/uploads\\\/2024\\\/03\\\/logo2.webp\",\"width\":394,\"height\":128,\"caption\":\"Catalogo | Letrame Grupo Editorial\"},\"image\":{\"@id\":\"https:\\\/\\\/letrame.com\\\/catalogo\\\/#\\\/schema\\\/logo\\\/image\\\/\"}}]}<\/script>\n<!-- \/ Yoast SEO plugin. -->","yoast_head_json":{"title":"Diario de una legislatura - Catalogo | Letrame Grupo Editorial","robots":{"index":"index","follow":"follow","max-snippet":"max-snippet:-1","max-image-preview":"max-image-preview:large","max-video-preview":"max-video-preview:-1"},"canonical":"https:\/\/letrame.com\/catalogo\/producto\/diario-de-una-legislatura\/","og_locale":"es_ES","og_type":"article","og_title":"Diario de una legislatura - Catalogo | Letrame Grupo Editorial","og_description":"ISBN: 9791370127923 SINOPSIS Despu\u00e9s de doce a\u00f1os desde la primera edici\u00f3n de este libro, yo me hago la siguiente pregunta: \u00bfqu\u00e9 es lo que ha cambiado en este tiempo? Y entre lo que ha cambiado, \u00bfqu\u00e9 es lo que ha cambiado para bien?  Veamos a continuaci\u00f3n una peque\u00f1a muestra:  \"El PP y el PSOE se culpan entre s\u00ed del desprestigio r\u00e9cord de los pol\u00edticos (El Mundo 8-10-12)\". Esto no es novedad. El PP y el PSOE se culpan entre s\u00ed de todo, no solo de los resultados del CIS, que parecen no conocer, a juzgar por lo poco que hablan de ellos. De esta vez se obtuvo un nuevo r\u00e9cord de desprestigio. Posiblemente puede ser superado ya en la pr\u00f3xima encuesta.  \"La justicia europea ve ilegal la ley espa\u00f1ola de desabucio (El Diario Vasco, 8-11-12)\". \u00bfY tiene que venir la \u00abjusticia europea\u00bb para decirnos eso? \u00bfQu\u00e9 pintan aqu\u00ed tantos \u00abexpertos\u00bb, asesores, abogados de Estado...?  \"EL PP quiere reducir cargos p\u00fablicos, quitar duplicidades y fijar competencias (El Pais, 4-12-12)\". Pues nada, que lo hagan. No voy a ser yo el que ponga objeciones al respecto. \u00bfCu\u00e1ntas veces, no obstante, hemos o\u00eddo ya lo mismo? Seguro que volveremos a o\u00edrlo antes de que se haga algo, al menos en cuanto a cargos de libre designaci\u00f3n reservados para las personas de \u00abconfianza\u00bb.  \"Cl\u00e1usula abusiva Iberia no podr\u00e1 anular el billete de vuelta en caso de que el pasajero no use la ida (El Mundo, 24-9-12)\". \u00bfPor qu\u00e9 va a ser una cl\u00e1usula abusiva? Si no hay ida, la vuelta se anula ella sola. Nunca podr\u00e1 anularla Iberia ni ninguna otra compa\u00f1\u00eda a\u00e9rea o no a\u00e9rea.  \"Arturo P\u00e9rez-Reverte: Europa est\u00e1 regida por unos payasos analfabetos (La Voz de Galicia, Antonio Paniagua, 22-11-12)\". No puedo compartir esta afirmaci\u00f3n. El hecho de que puedan hacer muchas payasadas no les da derecho alguno a autodenominarse \u00abpayasos\u00bb. Los que ejercen dignamente esa profesi\u00f3n no tienen por qu\u00e9 tolerar el intrusismo profesional.  \"Carmen Lomana: \u00abMejor un co\u00f1o que unos jolines\u00bb (Libertad Digital, 6-4-13)\". Yo estoy de acuerdo. \u00bfQu\u00e9 se puede esperar de unos \u00abjolines\u00bb?","og_url":"https:\/\/letrame.com\/catalogo\/producto\/diario-de-una-legislatura\/","og_site_name":"Catalogo | Letrame Grupo Editorial","article_modified_time":"2025-11-19T15:06:00+00:00","og_image":[{"width":384,"height":537,"url":"https:\/\/letrame.com\/catalogo\/wp-content\/uploads\/2025\/11\/diariodeunalegislatura_2081mm4.gif","type":"image\/gif"}],"twitter_card":"summary_large_image","twitter_misc":{"Tiempo de lectura":"2 minutos"},"schema":{"@context":"https:\/\/schema.org","@graph":[{"@type":"WebPage","@id":"https:\/\/letrame.com\/catalogo\/producto\/diario-de-una-legislatura\/","url":"https:\/\/letrame.com\/catalogo\/producto\/diario-de-una-legislatura\/","name":"Diario de una legislatura - Catalogo | Letrame Grupo Editorial","isPartOf":{"@id":"https:\/\/letrame.com\/catalogo\/#website"},"primaryImageOfPage":{"@id":"https:\/\/letrame.com\/catalogo\/producto\/diario-de-una-legislatura\/#primaryimage"},"image":{"@id":"https:\/\/letrame.com\/catalogo\/producto\/diario-de-una-legislatura\/#primaryimage"},"thumbnailUrl":"https:\/\/letrame.com\/catalogo\/wp-content\/uploads\/2025\/11\/diariodeunalegislatura_2081mm4.gif","datePublished":"2025-11-19T14:58:03+00:00","dateModified":"2025-11-19T15:06:00+00:00","breadcrumb":{"@id":"https:\/\/letrame.com\/catalogo\/producto\/diario-de-una-legislatura\/#breadcrumb"},"inLanguage":"es","potentialAction":[{"@type":"ReadAction","target":["https:\/\/letrame.com\/catalogo\/producto\/diario-de-una-legislatura\/"]}]},{"@type":"ImageObject","inLanguage":"es","@id":"https:\/\/letrame.com\/catalogo\/producto\/diario-de-una-legislatura\/#primaryimage","url":"https:\/\/letrame.com\/catalogo\/wp-content\/uploads\/2025\/11\/diariodeunalegislatura_2081mm4.gif","contentUrl":"https:\/\/letrame.com\/catalogo\/wp-content\/uploads\/2025\/11\/diariodeunalegislatura_2081mm4.gif","width":384,"height":537},{"@type":"BreadcrumbList","@id":"https:\/\/letrame.com\/catalogo\/producto\/diario-de-una-legislatura\/#breadcrumb","itemListElement":[{"@type":"ListItem","position":1,"name":"Portada","item":"https:\/\/letrame.com\/catalogo\/"},{"@type":"ListItem","position":2,"name":"Cat\u00e1logo","item":"https:\/\/letrame.com\/catalogo\/"},{"@type":"ListItem","position":3,"name":"Diario de una legislatura"}]},{"@type":"WebSite","@id":"https:\/\/letrame.com\/catalogo\/#website","url":"https:\/\/letrame.com\/catalogo\/","name":"Catalogo | Letrame Grupo Editorial","description":"","publisher":{"@id":"https:\/\/letrame.com\/catalogo\/#organization"},"potentialAction":[{"@type":"SearchAction","target":{"@type":"EntryPoint","urlTemplate":"https:\/\/letrame.com\/catalogo\/?s={search_term_string}"},"query-input":{"@type":"PropertyValueSpecification","valueRequired":true,"valueName":"search_term_string"}}],"inLanguage":"es"},{"@type":"Organization","@id":"https:\/\/letrame.com\/catalogo\/#organization","name":"Catalogo | Letrame Grupo Editorial","url":"https:\/\/letrame.com\/catalogo\/","logo":{"@type":"ImageObject","inLanguage":"es","@id":"https:\/\/letrame.com\/catalogo\/#\/schema\/logo\/image\/","url":"https:\/\/letrame.com\/catalogo\/wp-content\/uploads\/2024\/03\/logo2.webp","contentUrl":"https:\/\/letrame.com\/catalogo\/wp-content\/uploads\/2024\/03\/logo2.webp","width":394,"height":128,"caption":"Catalogo | Letrame Grupo Editorial"},"image":{"@id":"https:\/\/letrame.com\/catalogo\/#\/schema\/logo\/image\/"}}]}},"_links":{"self":[{"href":"https:\/\/letrame.com\/catalogo\/wp-json\/wp\/v2\/product\/109520","targetHints":{"allow":["GET"]}}],"collection":[{"href":"https:\/\/letrame.com\/catalogo\/wp-json\/wp\/v2\/product"}],"about":[{"href":"https:\/\/letrame.com\/catalogo\/wp-json\/wp\/v2\/types\/product"}],"replies":[{"embeddable":true,"href":"https:\/\/letrame.com\/catalogo\/wp-json\/wp\/v2\/comments?post=109520"}],"acf:post":[{"embeddable":true,"href":"https:\/\/letrame.com\/catalogo\/wp-json\/wp\/v2\/author_book\/109521"}],"wp:featuredmedia":[{"embeddable":true,"href":"https:\/\/letrame.com\/catalogo\/wp-json\/wp\/v2\/media\/109525"}],"wp:attachment":[{"href":"https:\/\/letrame.com\/catalogo\/wp-json\/wp\/v2\/media?parent=109520"}],"wp:term":[{"taxonomy":"libro","embeddable":true,"href":"https:\/\/letrame.com\/catalogo\/wp-json\/wp\/v2\/libro?post=109520"},{"taxonomy":"product_brand","embeddable":true,"href":"https:\/\/letrame.com\/catalogo\/wp-json\/wp\/v2\/product_brand?post=109520"},{"taxonomy":"product_cat","embeddable":true,"href":"https:\/\/letrame.com\/catalogo\/wp-json\/wp\/v2\/product_cat?post=109520"},{"taxonomy":"product_tag","embeddable":true,"href":"https:\/\/letrame.com\/catalogo\/wp-json\/wp\/v2\/product_tag?post=109520"}],"curies":[{"name":"wp","href":"https:\/\/api.w.org\/{rel}","templated":true}]}}