{"id":109447,"date":"2025-11-17T15:37:21","date_gmt":"2025-11-17T14:37:21","guid":{"rendered":"https:\/\/letrame.com\/catalogo\/?post_type=product&#038;p=109447"},"modified":"2025-11-17T15:42:35","modified_gmt":"2025-11-17T14:42:35","slug":"herede-el-dolor-elegi-la-libertad","status":"publish","type":"product","link":"https:\/\/letrame.com\/catalogo\/producto\/herede-el-dolor-elegi-la-libertad\/","title":{"rendered":"Hered\u00e9 el dolor, eleg\u00ed la libertad"},"content":{"rendered":"<p class=\"p1\"><b>ISBN: 9791370127633<\/b><b><\/b><\/p>\n<p class=\"p1\"><b>T\u00edtulo: Hered\u00e9 el dolor, eleg\u00ed la libertad<\/b><b><\/b><\/p>\n<p class=\"p1\"><b>Fecha: 2025<\/b><b><\/b><\/p>\n<p class=\"p1\"><b>P\u00e1ginas: 252<\/b><b><\/b><\/p>\n<p class=\"p1\"><b>SINOPSIS<\/b><\/p>\n<p>\u00bfQui\u00e9n eres cuando el amor se rompe y el silencio duele?<\/p>\n<p>Con el cielo abierto es m\u00e1s que un libro: es un refugio de palabras para el coraz\u00f3n herido. Aqu\u00ed hallar\u00e1s poemas que vibran con nostalgia, relatos que desnudan el dolor de la p\u00e9rdida y versos que ofrecen abrazo, consuelo y esperanza.<\/p>\n<p>Este libro est\u00e1 hecho para ti si:<\/p>\n<p>has amado con intensidad y sientes que algo qued\u00f3 sin cerrar;<\/p>\n<p>buscas palabras que no juzguen, que comprendan tu duelo y lo transformen en fuerza;<\/p>\n<p>deseas un compa\u00f1ero de lectura que te acompa\u00f1e en noches de insomnio o tardes de melancol\u00eda;<\/p>\n<p>quieres regalar algo que llegue al alma, algo que hable de lo que todos callan.<\/p>\n<p>Contiene:<\/p>\n<p>Poemas exclusivos que recorren los bordes del desamor.<\/p>\n<p>Micro-relatos que iluminan grietas de sentido.<\/p>\n<p>Fragmentos de luz que recuerdan que despu\u00e9s de la noche, el cielo puede abrirse.<\/p>\n<p>\u201cAl leer este libro sentir\u00e1s que no est\u00e1s sola.\u201d<\/p>\n<p>Reg\u00e1latelo. Reg\u00e1laselo a alguien que necesite sanar. Que cada palabra sea una brisa que alivia.<\/p>\n","protected":false},"excerpt":{"rendered":"<p><b>ISBN: 9791370127633<\/b><\/p>\n<p class=\"p1\"><b>SINOPSIS<\/b><\/p>\n<p>\u00bfQui\u00e9n eres cuando el amor se rompe y el silencio duele?<\/p>\n<p>Con el cielo abierto es m\u00e1s que un libro: es un refugio de palabras para el coraz\u00f3n herido. Aqu\u00ed hallar\u00e1s poemas que vibran con nostalgia, relatos que desnudan el dolor de la p\u00e9rdida y versos que ofrecen abrazo, consuelo y esperanza.<\/p>\n<p>Este libro est\u00e1 hecho para ti si:<\/p>\n<p>has amado con intensidad y sientes que algo qued\u00f3 sin cerrar;<\/p>\n<p>buscas palabras que no juzguen, que comprendan tu duelo y lo transformen en fuerza;<\/p>\n<p>deseas un compa\u00f1ero de lectura que te acompa\u00f1e en noches de insomnio o tardes de melancol\u00eda;<\/p>\n<p>quieres regalar algo que llegue al alma, algo que hable de lo que todos callan.<\/p>\n<p>Contiene:<\/p>\n<p>Poemas exclusivos que recorren los bordes del desamor.<\/p>\n<p>Micro-relatos que iluminan grietas de sentido.<\/p>\n<p>Fragmentos de luz que recuerdan que despu\u00e9s de la noche, el cielo puede abrirse.<\/p>\n<p>\u201cAl leer este libro sentir\u00e1s que no est\u00e1s sola.\u201d<\/p>\n<p>Reg\u00e1latelo. Reg\u00e1laselo a alguien que necesite sanar. Que cada palabra sea una brisa que alivia.<\/p>\n","protected":false},"featured_media":109449,"comment_status":"open","ping_status":"closed","template":"","meta":{"_acf_changed":false},"libro":[],"product_brand":[],"product_cat":[120],"product_tag":[],"class_list":{"0":"post-109447","1":"product","2":"type-product","3":"status-publish","4":"has-post-thumbnail","6":"product_cat-autoayudacrecimiento-espiritual","8":"first","9":"instock","10":"shipping-taxable","11":"product-type-simple"},"acf":{"autor":[109450],"enlace_de_compra":"https:\/\/www.amazon.es\/Hered%C3%A9-dolor-eleg%C3%AD-libertad-Autoayuda\/dp\/B0FR7SJNBH\/ref=sr_1_1?__mk_es_ES=%C3%85M%C3%85%C5%BD%C3%95%C3%91&crid=FS2K4EOH4F8H&dib=eyJ2IjoiMSJ9.GQ6Ced-m07vjYvHpjk-P0w.1cR8aMdC4hkoaChEVFfKRLREV5qPZIafl7vtY4eMmjE&dib_tag=se&keywords=hered%C3%A9+el+dolor+letrame&qid=1763387281&sprefix=hered%C3%A9+el+dolor+letrame%2Caps%2C87&sr=8-1"},"yoast_head":"<!-- This site is optimized with the Yoast SEO plugin v27.4 - https:\/\/yoast.com\/product\/yoast-seo-wordpress\/ -->\n<title>Hered\u00e9 el dolor, eleg\u00ed la libertad - Catalogo | Letrame Grupo Editorial<\/title>\n<meta name=\"robots\" content=\"index, follow, max-snippet:-1, max-image-preview:large, max-video-preview:-1\" \/>\n<link rel=\"canonical\" href=\"https:\/\/letrame.com\/catalogo\/producto\/herede-el-dolor-elegi-la-libertad\/\" \/>\n<meta property=\"og:locale\" content=\"es_ES\" \/>\n<meta property=\"og:type\" content=\"article\" \/>\n<meta property=\"og:title\" content=\"Hered\u00e9 el dolor, eleg\u00ed la libertad - Catalogo | Letrame Grupo Editorial\" \/>\n<meta property=\"og:description\" content=\"ISBN: 9791370127633 SINOPSIS \u00bfQui\u00e9n eres cuando el amor se rompe y el silencio duele?  Con el cielo abierto es m\u00e1s que un libro: es un refugio de palabras para el coraz\u00f3n herido. Aqu\u00ed hallar\u00e1s poemas que vibran con nostalgia, relatos que desnudan el dolor de la p\u00e9rdida y versos que ofrecen abrazo, consuelo y esperanza.  Este libro est\u00e1 hecho para ti si:  has amado con intensidad y sientes que algo qued\u00f3 sin cerrar;  buscas palabras que no juzguen, que comprendan tu duelo y lo transformen en fuerza;  deseas un compa\u00f1ero de lectura que te acompa\u00f1e en noches de insomnio o tardes de melancol\u00eda;  quieres regalar algo que llegue al alma, algo que hable de lo que todos callan.  Contiene:  Poemas exclusivos que recorren los bordes del desamor.  Micro-relatos que iluminan grietas de sentido.  Fragmentos de luz que recuerdan que despu\u00e9s de la noche, el cielo puede abrirse.  \u201cAl leer este libro sentir\u00e1s que no est\u00e1s sola.\u201d  Reg\u00e1latelo. Reg\u00e1laselo a alguien que necesite sanar. Que cada palabra sea una brisa que alivia.\" \/>\n<meta property=\"og:url\" content=\"https:\/\/letrame.com\/catalogo\/producto\/herede-el-dolor-elegi-la-libertad\/\" \/>\n<meta property=\"og:site_name\" content=\"Catalogo | Letrame Grupo Editorial\" \/>\n<meta property=\"article:modified_time\" content=\"2025-11-17T14:42:35+00:00\" \/>\n<meta property=\"og:image\" content=\"https:\/\/letrame.com\/catalogo\/wp-content\/uploads\/2025\/11\/heredeeldolor_1269mm4.gif\" \/>\n\t<meta property=\"og:image:width\" content=\"384\" \/>\n\t<meta property=\"og:image:height\" content=\"537\" \/>\n\t<meta property=\"og:image:type\" content=\"image\/gif\" \/>\n<meta name=\"twitter:card\" content=\"summary_large_image\" \/>\n<meta name=\"twitter:label1\" content=\"Tiempo de lectura\" \/>\n\t<meta name=\"twitter:data1\" content=\"2 minutos\" \/>\n<script type=\"application\/ld+json\" class=\"yoast-schema-graph\">{\"@context\":\"https:\\\/\\\/schema.org\",\"@graph\":[{\"@type\":\"WebPage\",\"@id\":\"https:\\\/\\\/letrame.com\\\/catalogo\\\/producto\\\/herede-el-dolor-elegi-la-libertad\\\/\",\"url\":\"https:\\\/\\\/letrame.com\\\/catalogo\\\/producto\\\/herede-el-dolor-elegi-la-libertad\\\/\",\"name\":\"Hered\u00e9 el dolor, eleg\u00ed la libertad - Catalogo | Letrame Grupo Editorial\",\"isPartOf\":{\"@id\":\"https:\\\/\\\/letrame.com\\\/catalogo\\\/#website\"},\"primaryImageOfPage\":{\"@id\":\"https:\\\/\\\/letrame.com\\\/catalogo\\\/producto\\\/herede-el-dolor-elegi-la-libertad\\\/#primaryimage\"},\"image\":{\"@id\":\"https:\\\/\\\/letrame.com\\\/catalogo\\\/producto\\\/herede-el-dolor-elegi-la-libertad\\\/#primaryimage\"},\"thumbnailUrl\":\"https:\\\/\\\/letrame.com\\\/catalogo\\\/wp-content\\\/uploads\\\/2025\\\/11\\\/heredeeldolor_1269mm4.gif\",\"datePublished\":\"2025-11-17T14:37:21+00:00\",\"dateModified\":\"2025-11-17T14:42:35+00:00\",\"breadcrumb\":{\"@id\":\"https:\\\/\\\/letrame.com\\\/catalogo\\\/producto\\\/herede-el-dolor-elegi-la-libertad\\\/#breadcrumb\"},\"inLanguage\":\"es\",\"potentialAction\":[{\"@type\":\"ReadAction\",\"target\":[\"https:\\\/\\\/letrame.com\\\/catalogo\\\/producto\\\/herede-el-dolor-elegi-la-libertad\\\/\"]}]},{\"@type\":\"ImageObject\",\"inLanguage\":\"es\",\"@id\":\"https:\\\/\\\/letrame.com\\\/catalogo\\\/producto\\\/herede-el-dolor-elegi-la-libertad\\\/#primaryimage\",\"url\":\"https:\\\/\\\/letrame.com\\\/catalogo\\\/wp-content\\\/uploads\\\/2025\\\/11\\\/heredeeldolor_1269mm4.gif\",\"contentUrl\":\"https:\\\/\\\/letrame.com\\\/catalogo\\\/wp-content\\\/uploads\\\/2025\\\/11\\\/heredeeldolor_1269mm4.gif\",\"width\":384,\"height\":537},{\"@type\":\"BreadcrumbList\",\"@id\":\"https:\\\/\\\/letrame.com\\\/catalogo\\\/producto\\\/herede-el-dolor-elegi-la-libertad\\\/#breadcrumb\",\"itemListElement\":[{\"@type\":\"ListItem\",\"position\":1,\"name\":\"Portada\",\"item\":\"https:\\\/\\\/letrame.com\\\/catalogo\\\/\"},{\"@type\":\"ListItem\",\"position\":2,\"name\":\"Cat\u00e1logo\",\"item\":\"https:\\\/\\\/letrame.com\\\/catalogo\\\/\"},{\"@type\":\"ListItem\",\"position\":3,\"name\":\"Hered\u00e9 el dolor, eleg\u00ed la libertad\"}]},{\"@type\":\"WebSite\",\"@id\":\"https:\\\/\\\/letrame.com\\\/catalogo\\\/#website\",\"url\":\"https:\\\/\\\/letrame.com\\\/catalogo\\\/\",\"name\":\"Catalogo | Letrame Grupo Editorial\",\"description\":\"\",\"publisher\":{\"@id\":\"https:\\\/\\\/letrame.com\\\/catalogo\\\/#organization\"},\"potentialAction\":[{\"@type\":\"SearchAction\",\"target\":{\"@type\":\"EntryPoint\",\"urlTemplate\":\"https:\\\/\\\/letrame.com\\\/catalogo\\\/?s={search_term_string}\"},\"query-input\":{\"@type\":\"PropertyValueSpecification\",\"valueRequired\":true,\"valueName\":\"search_term_string\"}}],\"inLanguage\":\"es\"},{\"@type\":\"Organization\",\"@id\":\"https:\\\/\\\/letrame.com\\\/catalogo\\\/#organization\",\"name\":\"Catalogo | Letrame Grupo Editorial\",\"url\":\"https:\\\/\\\/letrame.com\\\/catalogo\\\/\",\"logo\":{\"@type\":\"ImageObject\",\"inLanguage\":\"es\",\"@id\":\"https:\\\/\\\/letrame.com\\\/catalogo\\\/#\\\/schema\\\/logo\\\/image\\\/\",\"url\":\"https:\\\/\\\/letrame.com\\\/catalogo\\\/wp-content\\\/uploads\\\/2024\\\/03\\\/logo2.webp\",\"contentUrl\":\"https:\\\/\\\/letrame.com\\\/catalogo\\\/wp-content\\\/uploads\\\/2024\\\/03\\\/logo2.webp\",\"width\":394,\"height\":128,\"caption\":\"Catalogo | Letrame Grupo Editorial\"},\"image\":{\"@id\":\"https:\\\/\\\/letrame.com\\\/catalogo\\\/#\\\/schema\\\/logo\\\/image\\\/\"}}]}<\/script>\n<!-- \/ Yoast SEO plugin. -->","yoast_head_json":{"title":"Hered\u00e9 el dolor, eleg\u00ed la libertad - Catalogo | Letrame Grupo Editorial","robots":{"index":"index","follow":"follow","max-snippet":"max-snippet:-1","max-image-preview":"max-image-preview:large","max-video-preview":"max-video-preview:-1"},"canonical":"https:\/\/letrame.com\/catalogo\/producto\/herede-el-dolor-elegi-la-libertad\/","og_locale":"es_ES","og_type":"article","og_title":"Hered\u00e9 el dolor, eleg\u00ed la libertad - Catalogo | Letrame Grupo Editorial","og_description":"ISBN: 9791370127633 SINOPSIS \u00bfQui\u00e9n eres cuando el amor se rompe y el silencio duele?  Con el cielo abierto es m\u00e1s que un libro: es un refugio de palabras para el coraz\u00f3n herido. Aqu\u00ed hallar\u00e1s poemas que vibran con nostalgia, relatos que desnudan el dolor de la p\u00e9rdida y versos que ofrecen abrazo, consuelo y esperanza.  Este libro est\u00e1 hecho para ti si:  has amado con intensidad y sientes que algo qued\u00f3 sin cerrar;  buscas palabras que no juzguen, que comprendan tu duelo y lo transformen en fuerza;  deseas un compa\u00f1ero de lectura que te acompa\u00f1e en noches de insomnio o tardes de melancol\u00eda;  quieres regalar algo que llegue al alma, algo que hable de lo que todos callan.  Contiene:  Poemas exclusivos que recorren los bordes del desamor.  Micro-relatos que iluminan grietas de sentido.  Fragmentos de luz que recuerdan que despu\u00e9s de la noche, el cielo puede abrirse.  \u201cAl leer este libro sentir\u00e1s que no est\u00e1s sola.\u201d  Reg\u00e1latelo. Reg\u00e1laselo a alguien que necesite sanar. Que cada palabra sea una brisa que alivia.","og_url":"https:\/\/letrame.com\/catalogo\/producto\/herede-el-dolor-elegi-la-libertad\/","og_site_name":"Catalogo | Letrame Grupo Editorial","article_modified_time":"2025-11-17T14:42:35+00:00","og_image":[{"width":384,"height":537,"url":"https:\/\/letrame.com\/catalogo\/wp-content\/uploads\/2025\/11\/heredeeldolor_1269mm4.gif","type":"image\/gif"}],"twitter_card":"summary_large_image","twitter_misc":{"Tiempo de lectura":"2 minutos"},"schema":{"@context":"https:\/\/schema.org","@graph":[{"@type":"WebPage","@id":"https:\/\/letrame.com\/catalogo\/producto\/herede-el-dolor-elegi-la-libertad\/","url":"https:\/\/letrame.com\/catalogo\/producto\/herede-el-dolor-elegi-la-libertad\/","name":"Hered\u00e9 el dolor, eleg\u00ed la libertad - Catalogo | Letrame Grupo Editorial","isPartOf":{"@id":"https:\/\/letrame.com\/catalogo\/#website"},"primaryImageOfPage":{"@id":"https:\/\/letrame.com\/catalogo\/producto\/herede-el-dolor-elegi-la-libertad\/#primaryimage"},"image":{"@id":"https:\/\/letrame.com\/catalogo\/producto\/herede-el-dolor-elegi-la-libertad\/#primaryimage"},"thumbnailUrl":"https:\/\/letrame.com\/catalogo\/wp-content\/uploads\/2025\/11\/heredeeldolor_1269mm4.gif","datePublished":"2025-11-17T14:37:21+00:00","dateModified":"2025-11-17T14:42:35+00:00","breadcrumb":{"@id":"https:\/\/letrame.com\/catalogo\/producto\/herede-el-dolor-elegi-la-libertad\/#breadcrumb"},"inLanguage":"es","potentialAction":[{"@type":"ReadAction","target":["https:\/\/letrame.com\/catalogo\/producto\/herede-el-dolor-elegi-la-libertad\/"]}]},{"@type":"ImageObject","inLanguage":"es","@id":"https:\/\/letrame.com\/catalogo\/producto\/herede-el-dolor-elegi-la-libertad\/#primaryimage","url":"https:\/\/letrame.com\/catalogo\/wp-content\/uploads\/2025\/11\/heredeeldolor_1269mm4.gif","contentUrl":"https:\/\/letrame.com\/catalogo\/wp-content\/uploads\/2025\/11\/heredeeldolor_1269mm4.gif","width":384,"height":537},{"@type":"BreadcrumbList","@id":"https:\/\/letrame.com\/catalogo\/producto\/herede-el-dolor-elegi-la-libertad\/#breadcrumb","itemListElement":[{"@type":"ListItem","position":1,"name":"Portada","item":"https:\/\/letrame.com\/catalogo\/"},{"@type":"ListItem","position":2,"name":"Cat\u00e1logo","item":"https:\/\/letrame.com\/catalogo\/"},{"@type":"ListItem","position":3,"name":"Hered\u00e9 el dolor, eleg\u00ed la libertad"}]},{"@type":"WebSite","@id":"https:\/\/letrame.com\/catalogo\/#website","url":"https:\/\/letrame.com\/catalogo\/","name":"Catalogo | Letrame Grupo Editorial","description":"","publisher":{"@id":"https:\/\/letrame.com\/catalogo\/#organization"},"potentialAction":[{"@type":"SearchAction","target":{"@type":"EntryPoint","urlTemplate":"https:\/\/letrame.com\/catalogo\/?s={search_term_string}"},"query-input":{"@type":"PropertyValueSpecification","valueRequired":true,"valueName":"search_term_string"}}],"inLanguage":"es"},{"@type":"Organization","@id":"https:\/\/letrame.com\/catalogo\/#organization","name":"Catalogo | Letrame Grupo Editorial","url":"https:\/\/letrame.com\/catalogo\/","logo":{"@type":"ImageObject","inLanguage":"es","@id":"https:\/\/letrame.com\/catalogo\/#\/schema\/logo\/image\/","url":"https:\/\/letrame.com\/catalogo\/wp-content\/uploads\/2024\/03\/logo2.webp","contentUrl":"https:\/\/letrame.com\/catalogo\/wp-content\/uploads\/2024\/03\/logo2.webp","width":394,"height":128,"caption":"Catalogo | Letrame Grupo Editorial"},"image":{"@id":"https:\/\/letrame.com\/catalogo\/#\/schema\/logo\/image\/"}}]}},"_links":{"self":[{"href":"https:\/\/letrame.com\/catalogo\/wp-json\/wp\/v2\/product\/109447","targetHints":{"allow":["GET"]}}],"collection":[{"href":"https:\/\/letrame.com\/catalogo\/wp-json\/wp\/v2\/product"}],"about":[{"href":"https:\/\/letrame.com\/catalogo\/wp-json\/wp\/v2\/types\/product"}],"replies":[{"embeddable":true,"href":"https:\/\/letrame.com\/catalogo\/wp-json\/wp\/v2\/comments?post=109447"}],"acf:post":[{"embeddable":true,"href":"https:\/\/letrame.com\/catalogo\/wp-json\/wp\/v2\/author_book\/109450"}],"wp:featuredmedia":[{"embeddable":true,"href":"https:\/\/letrame.com\/catalogo\/wp-json\/wp\/v2\/media\/109449"}],"wp:attachment":[{"href":"https:\/\/letrame.com\/catalogo\/wp-json\/wp\/v2\/media?parent=109447"}],"wp:term":[{"taxonomy":"libro","embeddable":true,"href":"https:\/\/letrame.com\/catalogo\/wp-json\/wp\/v2\/libro?post=109447"},{"taxonomy":"product_brand","embeddable":true,"href":"https:\/\/letrame.com\/catalogo\/wp-json\/wp\/v2\/product_brand?post=109447"},{"taxonomy":"product_cat","embeddable":true,"href":"https:\/\/letrame.com\/catalogo\/wp-json\/wp\/v2\/product_cat?post=109447"},{"taxonomy":"product_tag","embeddable":true,"href":"https:\/\/letrame.com\/catalogo\/wp-json\/wp\/v2\/product_tag?post=109447"}],"curies":[{"name":"wp","href":"https:\/\/api.w.org\/{rel}","templated":true}]}}