{"id":109428,"date":"2025-11-14T13:06:37","date_gmt":"2025-11-14T12:06:37","guid":{"rendered":"https:\/\/letrame.com\/catalogo\/?post_type=product&#038;p=109428"},"modified":"2025-11-14T13:10:46","modified_gmt":"2025-11-14T12:10:46","slug":"parejas-que-perduran","status":"publish","type":"product","link":"https:\/\/letrame.com\/catalogo\/producto\/parejas-que-perduran\/","title":{"rendered":"Parejas que perduran"},"content":{"rendered":"<p class=\"p1\"><b>ISBN: 9791370127411<\/b><b><\/b><\/p>\n<p class=\"p1\"><b>T\u00edtulo: Parejas que perduran<\/b><b><\/b><\/p>\n<p class=\"p1\"><b>Fecha: 2025<\/b><b><\/b><\/p>\n<p class=\"p1\"><b>P\u00e1ginas: 150<\/b><b><\/b><\/p>\n<p class=\"p1\"><b>SINOPSIS<\/b><\/p>\n<p>C\u00f3mo construir relaciones s\u00f3lidas, conscientes y duraderas<br \/>\n\u00bfPor qu\u00e9 algunas parejas logran mantenerse unidas, creciendo y fortaleci\u00e9ndose a trav\u00e9s de los a\u00f1os, mientras otras se desgastan en medio de la rutina y los conflictos?<br \/>\nEn Parejas que perduran, el psic\u00f3logo y terapeuta sist\u00e9mico David Jaramillo Burgos ofrece una gu\u00eda pr\u00e1ctica, humana y basada en la ciencia para comprender, fortalecer y transformar las relaciones de pareja. A trav\u00e9s de casos reales, investigaciones actuales en neurociencia, psicolog\u00eda del apego y terapia de pareja \u2014incluyendo el reconocido m\u00e9todo Gottman\u2014, este libro muestra que el amor duradero no es un accidente, sino una construcci\u00f3n diaria.<br \/>\nCon ejercicios pr\u00e1cticos, reflexiones profundas y un lenguaje cercano, Parejas que perduran es una invitaci\u00f3n a cultivar relaciones que superen las dificultades, crezcan en medio de los desaf\u00edos y celebren la belleza de caminar juntos. Un recurso valioso tanto para quienes inician una relaci\u00f3n como para quienes desean renovar y fortalecer su v\u00ednculo.<\/p>\n<p class=\"p1\">\n","protected":false},"excerpt":{"rendered":"<p><b>ISBN: 9791370127411<\/b><\/p>\n<p class=\"p1\"><b>SINOPSIS<\/b><\/p>\n<p>C\u00f3mo construir relaciones s\u00f3lidas, conscientes y duraderas<br \/>\n\u00bfPor qu\u00e9 algunas parejas logran mantenerse unidas, creciendo y fortaleci\u00e9ndose a trav\u00e9s de los a\u00f1os, mientras otras se desgastan en medio de la rutina y los conflictos?<br \/>\nEn Parejas que perduran, el psic\u00f3logo y terapeuta sist\u00e9mico David Jaramillo Burgos ofrece una gu\u00eda pr\u00e1ctica, humana y basada en la ciencia para comprender, fortalecer y transformar las relaciones de pareja. A trav\u00e9s de casos reales, investigaciones actuales en neurociencia, psicolog\u00eda del apego y terapia de pareja \u2014incluyendo el reconocido m\u00e9todo Gottman\u2014, este libro muestra que el amor duradero no es un accidente, sino una construcci\u00f3n diaria.<br \/>\nCon ejercicios pr\u00e1cticos, reflexiones profundas y un lenguaje cercano, Parejas que perduran es una invitaci\u00f3n a cultivar relaciones que superen las dificultades, crezcan en medio de los desaf\u00edos y celebren la belleza de caminar juntos. Un recurso valioso tanto para quienes inician una relaci\u00f3n como para quienes desean renovar y fortalecer su v\u00ednculo.<\/p>\n<p class=\"p1\">\n","protected":false},"featured_media":109429,"comment_status":"open","ping_status":"closed","template":"","meta":{"_acf_changed":false},"libro":[],"product_brand":[],"product_cat":[120],"product_tag":[],"class_list":{"0":"post-109428","1":"product","2":"type-product","3":"status-publish","4":"has-post-thumbnail","6":"product_cat-autoayudacrecimiento-espiritual","8":"first","9":"instock","10":"shipping-taxable","11":"product-type-simple"},"acf":{"autor":[109430],"enlace_de_compra":"https:\/\/www.amazon.es\/Parejas-perduran-David-Jaramillo-Burgos\/dp\/B0FQ9GZBLW\/ref=sr_1_1?__mk_es_ES=%C3%85M%C3%85%C5%BD%C3%95%C3%91&crid=331AMF7XSHTN4&dib=eyJ2IjoiMSJ9.RQ77d2e9_ErVGkH20EY5bA.WYEMmUcu0HlmYq7SJ3vKVpYTVn_YBpRMI5UNxwSV4is&dib_tag=se&keywords=parejas+que+perduran+letram&qid=1763121829&sprefix=parejas+que+perduran+letrame%2Caps%2C54&sr=8-1"},"yoast_head":"<!-- This site is optimized with the Yoast SEO plugin v27.4 - https:\/\/yoast.com\/product\/yoast-seo-wordpress\/ -->\n<title>Parejas que perduran - Catalogo | Letrame Grupo Editorial<\/title>\n<meta name=\"robots\" content=\"index, follow, max-snippet:-1, max-image-preview:large, max-video-preview:-1\" \/>\n<link rel=\"canonical\" href=\"https:\/\/letrame.com\/catalogo\/producto\/parejas-que-perduran\/\" \/>\n<meta property=\"og:locale\" content=\"es_ES\" \/>\n<meta property=\"og:type\" content=\"article\" \/>\n<meta property=\"og:title\" content=\"Parejas que perduran - Catalogo | Letrame Grupo Editorial\" \/>\n<meta property=\"og:description\" content=\"ISBN: 9791370127411 SINOPSIS C\u00f3mo construir relaciones s\u00f3lidas, conscientes y duraderas \u00bfPor qu\u00e9 algunas parejas logran mantenerse unidas, creciendo y fortaleci\u00e9ndose a trav\u00e9s de los a\u00f1os, mientras otras se desgastan en medio de la rutina y los conflictos? En Parejas que perduran, el psic\u00f3logo y terapeuta sist\u00e9mico David Jaramillo Burgos ofrece una gu\u00eda pr\u00e1ctica, humana y basada en la ciencia para comprender, fortalecer y transformar las relaciones de pareja. A trav\u00e9s de casos reales, investigaciones actuales en neurociencia, psicolog\u00eda del apego y terapia de pareja \u2014incluyendo el reconocido m\u00e9todo Gottman\u2014, este libro muestra que el amor duradero no es un accidente, sino una construcci\u00f3n diaria. Con ejercicios pr\u00e1cticos, reflexiones profundas y un lenguaje cercano, Parejas que perduran es una invitaci\u00f3n a cultivar relaciones que superen las dificultades, crezcan en medio de los desaf\u00edos y celebren la belleza de caminar juntos. Un recurso valioso tanto para quienes inician una relaci\u00f3n como para quienes desean renovar y fortalecer su v\u00ednculo.\" \/>\n<meta property=\"og:url\" content=\"https:\/\/letrame.com\/catalogo\/producto\/parejas-que-perduran\/\" \/>\n<meta property=\"og:site_name\" content=\"Catalogo | Letrame Grupo Editorial\" \/>\n<meta property=\"article:modified_time\" content=\"2025-11-14T12:10:46+00:00\" \/>\n<meta property=\"og:image\" content=\"https:\/\/letrame.com\/catalogo\/wp-content\/uploads\/2025\/11\/Parejasqueperduran_781mm4.gif\" \/>\n\t<meta property=\"og:image:width\" content=\"384\" \/>\n\t<meta property=\"og:image:height\" content=\"537\" \/>\n\t<meta property=\"og:image:type\" content=\"image\/gif\" \/>\n<meta name=\"twitter:card\" content=\"summary_large_image\" \/>\n<meta name=\"twitter:label1\" content=\"Tiempo de lectura\" \/>\n\t<meta name=\"twitter:data1\" content=\"1 minuto\" \/>\n<script type=\"application\/ld+json\" class=\"yoast-schema-graph\">{\"@context\":\"https:\\\/\\\/schema.org\",\"@graph\":[{\"@type\":\"WebPage\",\"@id\":\"https:\\\/\\\/letrame.com\\\/catalogo\\\/producto\\\/parejas-que-perduran\\\/\",\"url\":\"https:\\\/\\\/letrame.com\\\/catalogo\\\/producto\\\/parejas-que-perduran\\\/\",\"name\":\"Parejas que perduran - Catalogo | Letrame Grupo Editorial\",\"isPartOf\":{\"@id\":\"https:\\\/\\\/letrame.com\\\/catalogo\\\/#website\"},\"primaryImageOfPage\":{\"@id\":\"https:\\\/\\\/letrame.com\\\/catalogo\\\/producto\\\/parejas-que-perduran\\\/#primaryimage\"},\"image\":{\"@id\":\"https:\\\/\\\/letrame.com\\\/catalogo\\\/producto\\\/parejas-que-perduran\\\/#primaryimage\"},\"thumbnailUrl\":\"https:\\\/\\\/letrame.com\\\/catalogo\\\/wp-content\\\/uploads\\\/2025\\\/11\\\/Parejasqueperduran_781mm4.gif\",\"datePublished\":\"2025-11-14T12:06:37+00:00\",\"dateModified\":\"2025-11-14T12:10:46+00:00\",\"breadcrumb\":{\"@id\":\"https:\\\/\\\/letrame.com\\\/catalogo\\\/producto\\\/parejas-que-perduran\\\/#breadcrumb\"},\"inLanguage\":\"es\",\"potentialAction\":[{\"@type\":\"ReadAction\",\"target\":[\"https:\\\/\\\/letrame.com\\\/catalogo\\\/producto\\\/parejas-que-perduran\\\/\"]}]},{\"@type\":\"ImageObject\",\"inLanguage\":\"es\",\"@id\":\"https:\\\/\\\/letrame.com\\\/catalogo\\\/producto\\\/parejas-que-perduran\\\/#primaryimage\",\"url\":\"https:\\\/\\\/letrame.com\\\/catalogo\\\/wp-content\\\/uploads\\\/2025\\\/11\\\/Parejasqueperduran_781mm4.gif\",\"contentUrl\":\"https:\\\/\\\/letrame.com\\\/catalogo\\\/wp-content\\\/uploads\\\/2025\\\/11\\\/Parejasqueperduran_781mm4.gif\",\"width\":384,\"height\":537},{\"@type\":\"BreadcrumbList\",\"@id\":\"https:\\\/\\\/letrame.com\\\/catalogo\\\/producto\\\/parejas-que-perduran\\\/#breadcrumb\",\"itemListElement\":[{\"@type\":\"ListItem\",\"position\":1,\"name\":\"Portada\",\"item\":\"https:\\\/\\\/letrame.com\\\/catalogo\\\/\"},{\"@type\":\"ListItem\",\"position\":2,\"name\":\"Cat\u00e1logo\",\"item\":\"https:\\\/\\\/letrame.com\\\/catalogo\\\/\"},{\"@type\":\"ListItem\",\"position\":3,\"name\":\"Parejas que perduran\"}]},{\"@type\":\"WebSite\",\"@id\":\"https:\\\/\\\/letrame.com\\\/catalogo\\\/#website\",\"url\":\"https:\\\/\\\/letrame.com\\\/catalogo\\\/\",\"name\":\"Catalogo | Letrame Grupo Editorial\",\"description\":\"\",\"publisher\":{\"@id\":\"https:\\\/\\\/letrame.com\\\/catalogo\\\/#organization\"},\"potentialAction\":[{\"@type\":\"SearchAction\",\"target\":{\"@type\":\"EntryPoint\",\"urlTemplate\":\"https:\\\/\\\/letrame.com\\\/catalogo\\\/?s={search_term_string}\"},\"query-input\":{\"@type\":\"PropertyValueSpecification\",\"valueRequired\":true,\"valueName\":\"search_term_string\"}}],\"inLanguage\":\"es\"},{\"@type\":\"Organization\",\"@id\":\"https:\\\/\\\/letrame.com\\\/catalogo\\\/#organization\",\"name\":\"Catalogo | Letrame Grupo Editorial\",\"url\":\"https:\\\/\\\/letrame.com\\\/catalogo\\\/\",\"logo\":{\"@type\":\"ImageObject\",\"inLanguage\":\"es\",\"@id\":\"https:\\\/\\\/letrame.com\\\/catalogo\\\/#\\\/schema\\\/logo\\\/image\\\/\",\"url\":\"https:\\\/\\\/letrame.com\\\/catalogo\\\/wp-content\\\/uploads\\\/2024\\\/03\\\/logo2.webp\",\"contentUrl\":\"https:\\\/\\\/letrame.com\\\/catalogo\\\/wp-content\\\/uploads\\\/2024\\\/03\\\/logo2.webp\",\"width\":394,\"height\":128,\"caption\":\"Catalogo | Letrame Grupo Editorial\"},\"image\":{\"@id\":\"https:\\\/\\\/letrame.com\\\/catalogo\\\/#\\\/schema\\\/logo\\\/image\\\/\"}}]}<\/script>\n<!-- \/ Yoast SEO plugin. -->","yoast_head_json":{"title":"Parejas que perduran - Catalogo | Letrame Grupo Editorial","robots":{"index":"index","follow":"follow","max-snippet":"max-snippet:-1","max-image-preview":"max-image-preview:large","max-video-preview":"max-video-preview:-1"},"canonical":"https:\/\/letrame.com\/catalogo\/producto\/parejas-que-perduran\/","og_locale":"es_ES","og_type":"article","og_title":"Parejas que perduran - Catalogo | Letrame Grupo Editorial","og_description":"ISBN: 9791370127411 SINOPSIS C\u00f3mo construir relaciones s\u00f3lidas, conscientes y duraderas \u00bfPor qu\u00e9 algunas parejas logran mantenerse unidas, creciendo y fortaleci\u00e9ndose a trav\u00e9s de los a\u00f1os, mientras otras se desgastan en medio de la rutina y los conflictos? En Parejas que perduran, el psic\u00f3logo y terapeuta sist\u00e9mico David Jaramillo Burgos ofrece una gu\u00eda pr\u00e1ctica, humana y basada en la ciencia para comprender, fortalecer y transformar las relaciones de pareja. A trav\u00e9s de casos reales, investigaciones actuales en neurociencia, psicolog\u00eda del apego y terapia de pareja \u2014incluyendo el reconocido m\u00e9todo Gottman\u2014, este libro muestra que el amor duradero no es un accidente, sino una construcci\u00f3n diaria. Con ejercicios pr\u00e1cticos, reflexiones profundas y un lenguaje cercano, Parejas que perduran es una invitaci\u00f3n a cultivar relaciones que superen las dificultades, crezcan en medio de los desaf\u00edos y celebren la belleza de caminar juntos. Un recurso valioso tanto para quienes inician una relaci\u00f3n como para quienes desean renovar y fortalecer su v\u00ednculo.","og_url":"https:\/\/letrame.com\/catalogo\/producto\/parejas-que-perduran\/","og_site_name":"Catalogo | Letrame Grupo Editorial","article_modified_time":"2025-11-14T12:10:46+00:00","og_image":[{"width":384,"height":537,"url":"https:\/\/letrame.com\/catalogo\/wp-content\/uploads\/2025\/11\/Parejasqueperduran_781mm4.gif","type":"image\/gif"}],"twitter_card":"summary_large_image","twitter_misc":{"Tiempo de lectura":"1 minuto"},"schema":{"@context":"https:\/\/schema.org","@graph":[{"@type":"WebPage","@id":"https:\/\/letrame.com\/catalogo\/producto\/parejas-que-perduran\/","url":"https:\/\/letrame.com\/catalogo\/producto\/parejas-que-perduran\/","name":"Parejas que perduran - Catalogo | Letrame Grupo Editorial","isPartOf":{"@id":"https:\/\/letrame.com\/catalogo\/#website"},"primaryImageOfPage":{"@id":"https:\/\/letrame.com\/catalogo\/producto\/parejas-que-perduran\/#primaryimage"},"image":{"@id":"https:\/\/letrame.com\/catalogo\/producto\/parejas-que-perduran\/#primaryimage"},"thumbnailUrl":"https:\/\/letrame.com\/catalogo\/wp-content\/uploads\/2025\/11\/Parejasqueperduran_781mm4.gif","datePublished":"2025-11-14T12:06:37+00:00","dateModified":"2025-11-14T12:10:46+00:00","breadcrumb":{"@id":"https:\/\/letrame.com\/catalogo\/producto\/parejas-que-perduran\/#breadcrumb"},"inLanguage":"es","potentialAction":[{"@type":"ReadAction","target":["https:\/\/letrame.com\/catalogo\/producto\/parejas-que-perduran\/"]}]},{"@type":"ImageObject","inLanguage":"es","@id":"https:\/\/letrame.com\/catalogo\/producto\/parejas-que-perduran\/#primaryimage","url":"https:\/\/letrame.com\/catalogo\/wp-content\/uploads\/2025\/11\/Parejasqueperduran_781mm4.gif","contentUrl":"https:\/\/letrame.com\/catalogo\/wp-content\/uploads\/2025\/11\/Parejasqueperduran_781mm4.gif","width":384,"height":537},{"@type":"BreadcrumbList","@id":"https:\/\/letrame.com\/catalogo\/producto\/parejas-que-perduran\/#breadcrumb","itemListElement":[{"@type":"ListItem","position":1,"name":"Portada","item":"https:\/\/letrame.com\/catalogo\/"},{"@type":"ListItem","position":2,"name":"Cat\u00e1logo","item":"https:\/\/letrame.com\/catalogo\/"},{"@type":"ListItem","position":3,"name":"Parejas que perduran"}]},{"@type":"WebSite","@id":"https:\/\/letrame.com\/catalogo\/#website","url":"https:\/\/letrame.com\/catalogo\/","name":"Catalogo | Letrame Grupo Editorial","description":"","publisher":{"@id":"https:\/\/letrame.com\/catalogo\/#organization"},"potentialAction":[{"@type":"SearchAction","target":{"@type":"EntryPoint","urlTemplate":"https:\/\/letrame.com\/catalogo\/?s={search_term_string}"},"query-input":{"@type":"PropertyValueSpecification","valueRequired":true,"valueName":"search_term_string"}}],"inLanguage":"es"},{"@type":"Organization","@id":"https:\/\/letrame.com\/catalogo\/#organization","name":"Catalogo | Letrame Grupo Editorial","url":"https:\/\/letrame.com\/catalogo\/","logo":{"@type":"ImageObject","inLanguage":"es","@id":"https:\/\/letrame.com\/catalogo\/#\/schema\/logo\/image\/","url":"https:\/\/letrame.com\/catalogo\/wp-content\/uploads\/2024\/03\/logo2.webp","contentUrl":"https:\/\/letrame.com\/catalogo\/wp-content\/uploads\/2024\/03\/logo2.webp","width":394,"height":128,"caption":"Catalogo | Letrame Grupo Editorial"},"image":{"@id":"https:\/\/letrame.com\/catalogo\/#\/schema\/logo\/image\/"}}]}},"_links":{"self":[{"href":"https:\/\/letrame.com\/catalogo\/wp-json\/wp\/v2\/product\/109428","targetHints":{"allow":["GET"]}}],"collection":[{"href":"https:\/\/letrame.com\/catalogo\/wp-json\/wp\/v2\/product"}],"about":[{"href":"https:\/\/letrame.com\/catalogo\/wp-json\/wp\/v2\/types\/product"}],"replies":[{"embeddable":true,"href":"https:\/\/letrame.com\/catalogo\/wp-json\/wp\/v2\/comments?post=109428"}],"acf:post":[{"embeddable":true,"href":"https:\/\/letrame.com\/catalogo\/wp-json\/wp\/v2\/author_book\/109430"}],"wp:featuredmedia":[{"embeddable":true,"href":"https:\/\/letrame.com\/catalogo\/wp-json\/wp\/v2\/media\/109429"}],"wp:attachment":[{"href":"https:\/\/letrame.com\/catalogo\/wp-json\/wp\/v2\/media?parent=109428"}],"wp:term":[{"taxonomy":"libro","embeddable":true,"href":"https:\/\/letrame.com\/catalogo\/wp-json\/wp\/v2\/libro?post=109428"},{"taxonomy":"product_brand","embeddable":true,"href":"https:\/\/letrame.com\/catalogo\/wp-json\/wp\/v2\/product_brand?post=109428"},{"taxonomy":"product_cat","embeddable":true,"href":"https:\/\/letrame.com\/catalogo\/wp-json\/wp\/v2\/product_cat?post=109428"},{"taxonomy":"product_tag","embeddable":true,"href":"https:\/\/letrame.com\/catalogo\/wp-json\/wp\/v2\/product_tag?post=109428"}],"curies":[{"name":"wp","href":"https:\/\/api.w.org\/{rel}","templated":true}]}}