{"id":109409,"date":"2025-11-13T15:44:08","date_gmt":"2025-11-13T14:44:08","guid":{"rendered":"https:\/\/letrame.com\/catalogo\/?post_type=product&#038;p=109409"},"modified":"2025-11-13T15:46:55","modified_gmt":"2025-11-13T14:46:55","slug":"luque-mentality","status":"publish","type":"product","link":"https:\/\/letrame.com\/catalogo\/producto\/luque-mentality\/","title":{"rendered":"Luque Mentality"},"content":{"rendered":"<p class=\"p1\"><b>ISBN: 9791370127848<\/b><b><\/b><\/p>\n<p class=\"p1\"><b>T\u00edtulo: Luque Mentality<\/b><b><\/b><\/p>\n<p class=\"p1\"><b>Fecha: 2025<\/b><b><\/b><\/p>\n<p class=\"p1\"><b>P\u00e1ginas: 94<\/b><b><\/b><\/p>\n<p class=\"p1\"><b>SINOPSIS<\/b><\/p>\n<p>\u00bfQu\u00e9 ocurre cuando alguien decide abordar el liderazgo sin mitos, analizar equipos con sus verdaderos desaf\u00edos y tratar a las personas en toda su complejidad? Surge un libro como Luque Mentality.<br \/>\nCon un estilo claro, honesto y aut\u00e9ntico, Miguel \u00c1ngel Luque \u2014 coach ejecutivo, formador y exjugador profesional de baloncesto\u2014 comparte su experiencia tras a\u00f1os acompa\u00f1ando a l\u00edderes y organizaciones reales, alej\u00e1ndose de la teor\u00eda de manual para aterrizar en las situaciones cotidianas que verdaderamente importan. Este es un libro para quienes quieren liderar con sentido.<br \/>\nAqu\u00ed, encontrar\u00e1s reflexiones que invitan a pensar de otro modo, actuar con intenci\u00f3n y conectar con lo esencial. Si alguna vez has asumido responsabilidad sin un manual, sentido el v\u00e9rtigo de tener que influir en otros o la necesidad de avanzar en medio de la incer-tidumbre, est\u00e1s en el lugar correcto.<br \/>\nLuque Mentality es una gu\u00eda valiente, cercana y necesaria para quienes creen que liderar es mucho m\u00e1s que ejercer autoridad, o que trabajar con personas no consiste solo en gestionar recursos.<br \/>\nUn libro que, al leerlo, te ayudar\u00e1 a hacerte las preguntas adecuadas.<\/p>\n","protected":false},"excerpt":{"rendered":"<p><b>ISBN: 9791370127848<\/b><\/p>\n<p class=\"p1\"><b>SINOPSIS<\/b><\/p>\n<p>\u00bfQu\u00e9 ocurre cuando alguien decide abordar el liderazgo sin mitos, analizar equipos con sus verdaderos desaf\u00edos y tratar a las personas en toda su complejidad? Surge un libro como Luque Mentality.<br \/>\nCon un estilo claro, honesto y aut\u00e9ntico, Miguel \u00c1ngel Luque \u2014 coach ejecutivo, formador y exjugador profesional de baloncesto\u2014 comparte su experiencia tras a\u00f1os acompa\u00f1ando a l\u00edderes y organizaciones reales, alej\u00e1ndose de la teor\u00eda de manual para aterrizar en las situaciones cotidianas que verdaderamente importan. Este es un libro para quienes quieren liderar con sentido.<br \/>\nAqu\u00ed, encontrar\u00e1s reflexiones que invitan a pensar de otro modo, actuar con intenci\u00f3n y conectar con lo esencial. Si alguna vez has asumido responsabilidad sin un manual, sentido el v\u00e9rtigo de tener que influir en otros o la necesidad de avanzar en medio de la incer-tidumbre, est\u00e1s en el lugar correcto.<br \/>\nLuque Mentality es una gu\u00eda valiente, cercana y necesaria para quienes creen que liderar es mucho m\u00e1s que ejercer autoridad, o que trabajar con personas no consiste solo en gestionar recursos.<br \/>\nUn libro que, al leerlo, te ayudar\u00e1 a hacerte las preguntas adecuadas.<\/p>\n","protected":false},"featured_media":109410,"comment_status":"open","ping_status":"closed","template":"","meta":{"_acf_changed":false},"libro":[],"product_brand":[],"product_cat":[42],"product_tag":[],"class_list":{"0":"post-109409","1":"product","2":"type-product","3":"status-publish","4":"has-post-thumbnail","6":"product_cat-administracion-y-negocios","8":"first","9":"instock","10":"shipping-taxable","11":"product-type-simple"},"acf":{"autor":[109411],"enlace_de_compra":"https:\/\/www.amazon.es\/Luque-Mentality-Miguel-%C3%81ngel-Manosalvas\/dp\/B0FQBR2XJH\/ref=sr_1_1?__mk_es_ES=%C3%85M%C3%85%C5%BD%C3%95%C3%91&crid=137YMXSNM638M&dib=eyJ2IjoiMSJ9.bn4KRxqYonwc4BwqFtfnug.5hPDoUf9afYf0tcot2HPjZSdHQjJ5oMaQMWRmHogm_w&dib_tag=se&keywords=luque+mentality+letrame&qid=1763044744&sprefix=luque+mentality+letrame%2Caps%2C63&sr=8-1"},"yoast_head":"<!-- This site is optimized with the Yoast SEO plugin v26.6 - https:\/\/yoast.com\/wordpress\/plugins\/seo\/ -->\n<title>Luque Mentality - Catalogo | Letrame Grupo Editorial<\/title>\n<meta name=\"robots\" content=\"index, follow, max-snippet:-1, max-image-preview:large, max-video-preview:-1\" \/>\n<link rel=\"canonical\" href=\"https:\/\/letrame.com\/catalogo\/producto\/luque-mentality\/\" \/>\n<meta property=\"og:locale\" content=\"es_ES\" \/>\n<meta property=\"og:type\" content=\"article\" \/>\n<meta property=\"og:title\" content=\"Luque Mentality - Catalogo | Letrame Grupo Editorial\" \/>\n<meta property=\"og:description\" content=\"ISBN: 9791370127848 SINOPSIS \u00bfQu\u00e9 ocurre cuando alguien decide abordar el liderazgo sin mitos, analizar equipos con sus verdaderos desaf\u00edos y tratar a las personas en toda su complejidad? Surge un libro como Luque Mentality. Con un estilo claro, honesto y aut\u00e9ntico, Miguel \u00c1ngel Luque \u2014 coach ejecutivo, formador y exjugador profesional de baloncesto\u2014 comparte su experiencia tras a\u00f1os acompa\u00f1ando a l\u00edderes y organizaciones reales, alej\u00e1ndose de la teor\u00eda de manual para aterrizar en las situaciones cotidianas que verdaderamente importan. Este es un libro para quienes quieren liderar con sentido. Aqu\u00ed, encontrar\u00e1s reflexiones que invitan a pensar de otro modo, actuar con intenci\u00f3n y conectar con lo esencial. Si alguna vez has asumido responsabilidad sin un manual, sentido el v\u00e9rtigo de tener que influir en otros o la necesidad de avanzar en medio de la incer-tidumbre, est\u00e1s en el lugar correcto. Luque Mentality es una gu\u00eda valiente, cercana y necesaria para quienes creen que liderar es mucho m\u00e1s que ejercer autoridad, o que trabajar con personas no consiste solo en gestionar recursos. Un libro que, al leerlo, te ayudar\u00e1 a hacerte las preguntas adecuadas.\" \/>\n<meta property=\"og:url\" content=\"https:\/\/letrame.com\/catalogo\/producto\/luque-mentality\/\" \/>\n<meta property=\"og:site_name\" content=\"Catalogo | Letrame Grupo Editorial\" \/>\n<meta property=\"article:modified_time\" content=\"2025-11-13T14:46:55+00:00\" \/>\n<meta property=\"og:image\" content=\"https:\/\/letrame.com\/catalogo\/wp-content\/uploads\/2025\/11\/luque_568mm4.gif\" \/>\n\t<meta property=\"og:image:width\" content=\"379\" \/>\n\t<meta property=\"og:image:height\" content=\"537\" \/>\n\t<meta property=\"og:image:type\" content=\"image\/gif\" \/>\n<meta name=\"twitter:card\" content=\"summary_large_image\" \/>\n<meta name=\"twitter:label1\" content=\"Tiempo de lectura\" \/>\n\t<meta name=\"twitter:data1\" content=\"2 minutos\" \/>\n<script type=\"application\/ld+json\" class=\"yoast-schema-graph\">{\"@context\":\"https:\/\/schema.org\",\"@graph\":[{\"@type\":\"WebPage\",\"@id\":\"https:\/\/letrame.com\/catalogo\/producto\/luque-mentality\/\",\"url\":\"https:\/\/letrame.com\/catalogo\/producto\/luque-mentality\/\",\"name\":\"Luque Mentality - Catalogo | Letrame Grupo Editorial\",\"isPartOf\":{\"@id\":\"https:\/\/letrame.com\/catalogo\/#website\"},\"primaryImageOfPage\":{\"@id\":\"https:\/\/letrame.com\/catalogo\/producto\/luque-mentality\/#primaryimage\"},\"image\":{\"@id\":\"https:\/\/letrame.com\/catalogo\/producto\/luque-mentality\/#primaryimage\"},\"thumbnailUrl\":\"https:\/\/letrame.com\/catalogo\/wp-content\/uploads\/2025\/11\/luque_568mm4.gif\",\"datePublished\":\"2025-11-13T14:44:08+00:00\",\"dateModified\":\"2025-11-13T14:46:55+00:00\",\"breadcrumb\":{\"@id\":\"https:\/\/letrame.com\/catalogo\/producto\/luque-mentality\/#breadcrumb\"},\"inLanguage\":\"es\",\"potentialAction\":[{\"@type\":\"ReadAction\",\"target\":[\"https:\/\/letrame.com\/catalogo\/producto\/luque-mentality\/\"]}]},{\"@type\":\"ImageObject\",\"inLanguage\":\"es\",\"@id\":\"https:\/\/letrame.com\/catalogo\/producto\/luque-mentality\/#primaryimage\",\"url\":\"https:\/\/letrame.com\/catalogo\/wp-content\/uploads\/2025\/11\/luque_568mm4.gif\",\"contentUrl\":\"https:\/\/letrame.com\/catalogo\/wp-content\/uploads\/2025\/11\/luque_568mm4.gif\",\"width\":379,\"height\":537},{\"@type\":\"BreadcrumbList\",\"@id\":\"https:\/\/letrame.com\/catalogo\/producto\/luque-mentality\/#breadcrumb\",\"itemListElement\":[{\"@type\":\"ListItem\",\"position\":1,\"name\":\"Portada\",\"item\":\"https:\/\/letrame.com\/catalogo\/\"},{\"@type\":\"ListItem\",\"position\":2,\"name\":\"Cat\u00e1logo\",\"item\":\"https:\/\/letrame.com\/catalogo\/\"},{\"@type\":\"ListItem\",\"position\":3,\"name\":\"Luque Mentality\"}]},{\"@type\":\"WebSite\",\"@id\":\"https:\/\/letrame.com\/catalogo\/#website\",\"url\":\"https:\/\/letrame.com\/catalogo\/\",\"name\":\"Catalogo | Letrame Grupo Editorial\",\"description\":\"\",\"publisher\":{\"@id\":\"https:\/\/letrame.com\/catalogo\/#organization\"},\"potentialAction\":[{\"@type\":\"SearchAction\",\"target\":{\"@type\":\"EntryPoint\",\"urlTemplate\":\"https:\/\/letrame.com\/catalogo\/?s={search_term_string}\"},\"query-input\":{\"@type\":\"PropertyValueSpecification\",\"valueRequired\":true,\"valueName\":\"search_term_string\"}}],\"inLanguage\":\"es\"},{\"@type\":\"Organization\",\"@id\":\"https:\/\/letrame.com\/catalogo\/#organization\",\"name\":\"Catalogo | Letrame Grupo Editorial\",\"url\":\"https:\/\/letrame.com\/catalogo\/\",\"logo\":{\"@type\":\"ImageObject\",\"inLanguage\":\"es\",\"@id\":\"https:\/\/letrame.com\/catalogo\/#\/schema\/logo\/image\/\",\"url\":\"https:\/\/letrame.com\/catalogo\/wp-content\/uploads\/2024\/03\/logo2.webp\",\"contentUrl\":\"https:\/\/letrame.com\/catalogo\/wp-content\/uploads\/2024\/03\/logo2.webp\",\"width\":394,\"height\":128,\"caption\":\"Catalogo | Letrame Grupo Editorial\"},\"image\":{\"@id\":\"https:\/\/letrame.com\/catalogo\/#\/schema\/logo\/image\/\"}}]}<\/script>\n<!-- \/ Yoast SEO plugin. -->","yoast_head_json":{"title":"Luque Mentality - Catalogo | Letrame Grupo Editorial","robots":{"index":"index","follow":"follow","max-snippet":"max-snippet:-1","max-image-preview":"max-image-preview:large","max-video-preview":"max-video-preview:-1"},"canonical":"https:\/\/letrame.com\/catalogo\/producto\/luque-mentality\/","og_locale":"es_ES","og_type":"article","og_title":"Luque Mentality - Catalogo | Letrame Grupo Editorial","og_description":"ISBN: 9791370127848 SINOPSIS \u00bfQu\u00e9 ocurre cuando alguien decide abordar el liderazgo sin mitos, analizar equipos con sus verdaderos desaf\u00edos y tratar a las personas en toda su complejidad? Surge un libro como Luque Mentality. Con un estilo claro, honesto y aut\u00e9ntico, Miguel \u00c1ngel Luque \u2014 coach ejecutivo, formador y exjugador profesional de baloncesto\u2014 comparte su experiencia tras a\u00f1os acompa\u00f1ando a l\u00edderes y organizaciones reales, alej\u00e1ndose de la teor\u00eda de manual para aterrizar en las situaciones cotidianas que verdaderamente importan. Este es un libro para quienes quieren liderar con sentido. Aqu\u00ed, encontrar\u00e1s reflexiones que invitan a pensar de otro modo, actuar con intenci\u00f3n y conectar con lo esencial. Si alguna vez has asumido responsabilidad sin un manual, sentido el v\u00e9rtigo de tener que influir en otros o la necesidad de avanzar en medio de la incer-tidumbre, est\u00e1s en el lugar correcto. Luque Mentality es una gu\u00eda valiente, cercana y necesaria para quienes creen que liderar es mucho m\u00e1s que ejercer autoridad, o que trabajar con personas no consiste solo en gestionar recursos. Un libro que, al leerlo, te ayudar\u00e1 a hacerte las preguntas adecuadas.","og_url":"https:\/\/letrame.com\/catalogo\/producto\/luque-mentality\/","og_site_name":"Catalogo | Letrame Grupo Editorial","article_modified_time":"2025-11-13T14:46:55+00:00","og_image":[{"width":379,"height":537,"url":"https:\/\/letrame.com\/catalogo\/wp-content\/uploads\/2025\/11\/luque_568mm4.gif","type":"image\/gif"}],"twitter_card":"summary_large_image","twitter_misc":{"Tiempo de lectura":"2 minutos"},"schema":{"@context":"https:\/\/schema.org","@graph":[{"@type":"WebPage","@id":"https:\/\/letrame.com\/catalogo\/producto\/luque-mentality\/","url":"https:\/\/letrame.com\/catalogo\/producto\/luque-mentality\/","name":"Luque Mentality - Catalogo | Letrame Grupo Editorial","isPartOf":{"@id":"https:\/\/letrame.com\/catalogo\/#website"},"primaryImageOfPage":{"@id":"https:\/\/letrame.com\/catalogo\/producto\/luque-mentality\/#primaryimage"},"image":{"@id":"https:\/\/letrame.com\/catalogo\/producto\/luque-mentality\/#primaryimage"},"thumbnailUrl":"https:\/\/letrame.com\/catalogo\/wp-content\/uploads\/2025\/11\/luque_568mm4.gif","datePublished":"2025-11-13T14:44:08+00:00","dateModified":"2025-11-13T14:46:55+00:00","breadcrumb":{"@id":"https:\/\/letrame.com\/catalogo\/producto\/luque-mentality\/#breadcrumb"},"inLanguage":"es","potentialAction":[{"@type":"ReadAction","target":["https:\/\/letrame.com\/catalogo\/producto\/luque-mentality\/"]}]},{"@type":"ImageObject","inLanguage":"es","@id":"https:\/\/letrame.com\/catalogo\/producto\/luque-mentality\/#primaryimage","url":"https:\/\/letrame.com\/catalogo\/wp-content\/uploads\/2025\/11\/luque_568mm4.gif","contentUrl":"https:\/\/letrame.com\/catalogo\/wp-content\/uploads\/2025\/11\/luque_568mm4.gif","width":379,"height":537},{"@type":"BreadcrumbList","@id":"https:\/\/letrame.com\/catalogo\/producto\/luque-mentality\/#breadcrumb","itemListElement":[{"@type":"ListItem","position":1,"name":"Portada","item":"https:\/\/letrame.com\/catalogo\/"},{"@type":"ListItem","position":2,"name":"Cat\u00e1logo","item":"https:\/\/letrame.com\/catalogo\/"},{"@type":"ListItem","position":3,"name":"Luque Mentality"}]},{"@type":"WebSite","@id":"https:\/\/letrame.com\/catalogo\/#website","url":"https:\/\/letrame.com\/catalogo\/","name":"Catalogo | Letrame Grupo Editorial","description":"","publisher":{"@id":"https:\/\/letrame.com\/catalogo\/#organization"},"potentialAction":[{"@type":"SearchAction","target":{"@type":"EntryPoint","urlTemplate":"https:\/\/letrame.com\/catalogo\/?s={search_term_string}"},"query-input":{"@type":"PropertyValueSpecification","valueRequired":true,"valueName":"search_term_string"}}],"inLanguage":"es"},{"@type":"Organization","@id":"https:\/\/letrame.com\/catalogo\/#organization","name":"Catalogo | Letrame Grupo Editorial","url":"https:\/\/letrame.com\/catalogo\/","logo":{"@type":"ImageObject","inLanguage":"es","@id":"https:\/\/letrame.com\/catalogo\/#\/schema\/logo\/image\/","url":"https:\/\/letrame.com\/catalogo\/wp-content\/uploads\/2024\/03\/logo2.webp","contentUrl":"https:\/\/letrame.com\/catalogo\/wp-content\/uploads\/2024\/03\/logo2.webp","width":394,"height":128,"caption":"Catalogo | Letrame Grupo Editorial"},"image":{"@id":"https:\/\/letrame.com\/catalogo\/#\/schema\/logo\/image\/"}}]}},"_links":{"self":[{"href":"https:\/\/letrame.com\/catalogo\/wp-json\/wp\/v2\/product\/109409","targetHints":{"allow":["GET"]}}],"collection":[{"href":"https:\/\/letrame.com\/catalogo\/wp-json\/wp\/v2\/product"}],"about":[{"href":"https:\/\/letrame.com\/catalogo\/wp-json\/wp\/v2\/types\/product"}],"replies":[{"embeddable":true,"href":"https:\/\/letrame.com\/catalogo\/wp-json\/wp\/v2\/comments?post=109409"}],"acf:post":[{"embeddable":true,"href":"https:\/\/letrame.com\/catalogo\/wp-json\/wp\/v2\/author_book\/109411"}],"wp:featuredmedia":[{"embeddable":true,"href":"https:\/\/letrame.com\/catalogo\/wp-json\/wp\/v2\/media\/109410"}],"wp:attachment":[{"href":"https:\/\/letrame.com\/catalogo\/wp-json\/wp\/v2\/media?parent=109409"}],"wp:term":[{"taxonomy":"libro","embeddable":true,"href":"https:\/\/letrame.com\/catalogo\/wp-json\/wp\/v2\/libro?post=109409"},{"taxonomy":"product_brand","embeddable":true,"href":"https:\/\/letrame.com\/catalogo\/wp-json\/wp\/v2\/product_brand?post=109409"},{"taxonomy":"product_cat","embeddable":true,"href":"https:\/\/letrame.com\/catalogo\/wp-json\/wp\/v2\/product_cat?post=109409"},{"taxonomy":"product_tag","embeddable":true,"href":"https:\/\/letrame.com\/catalogo\/wp-json\/wp\/v2\/product_tag?post=109409"}],"curies":[{"name":"wp","href":"https:\/\/api.w.org\/{rel}","templated":true}]}}