{"id":109405,"date":"2025-11-13T15:23:49","date_gmt":"2025-11-13T14:23:49","guid":{"rendered":"https:\/\/letrame.com\/catalogo\/?post_type=product&#038;p=109405"},"modified":"2025-11-13T15:28:27","modified_gmt":"2025-11-13T14:28:27","slug":"el-proceso-de-investigacion","status":"publish","type":"product","link":"https:\/\/letrame.com\/catalogo\/producto\/el-proceso-de-investigacion\/","title":{"rendered":"El proceso de investigaci\u00f3n"},"content":{"rendered":"<p class=\"p1\"><b>ISBN: 9791370127824<\/b><b><\/b><\/p>\n<p class=\"p1\"><b>T\u00edtulo: El proceso de investigaci\u00f3n<\/b><b><\/b><\/p>\n<p class=\"p1\"><b>Fecha: 2025<\/b><b><\/b><\/p>\n<p class=\"p1\"><b>P\u00e1ginas: 106<\/b><b><\/b><\/p>\n<p class=\"p1\"><b>SINOPSIS<\/b><\/p>\n<p>\u00abInvestigaci\u00f3n Formativa: Estrategias y Herramientas para el \u00c9xito en el Desarrollo de Proyectos de Investigaci\u00f3n\u00bb es una gu\u00eda esencial para estudiantes, profesionales y cualquier persona interesada en comprender y aplicar los principios fundamentales de la investigaci\u00f3n cient\u00edfica.<\/p>\n<p>A lo largo de este libro, se exploran los diferentes tipos de investigaci\u00f3n, sus caracter\u00edsticas y metodolog\u00edas, proporcionando una visi\u00f3n clara y accesible de cada enfoque.<\/p>\n<p>El autor presenta, de manera estructurada, los pasos necesarios para llevar a cabo un proceso de investigaci\u00f3n formativa de manera eficiente, desde la concepci\u00f3n de la idea hasta la ejecuci\u00f3n del proyecto. Adem\u00e1s, el libro incluye esquemas pr\u00e1cticos que facilitan la comprensi\u00f3n de los pasos del proceso investigativo y el dise\u00f1o de un anteproyecto de investigaci\u00f3n.<\/p>\n<p>Con un enfoque pr\u00e1ctico, el texto tambi\u00e9n gu\u00eda al lector en la construcci\u00f3n de un anteproyecto, explicando detalladamente cada fase: desde la definici\u00f3n del problema de investigaci\u00f3n, hasta la formulaci\u00f3n de objetivos y el planteamiento de hip\u00f3tesis.<\/p>\n<p>Ideal para aquellos que buscan dominar las bases de la investigaci\u00f3n acad\u00e9mica y aplicarla con confianza en sus propios proyectos.<\/p>\n","protected":false},"excerpt":{"rendered":"<p><b>ISBN: 9791370127824<\/b><\/p>\n<p class=\"p1\"><b>SINOPSIS<\/b><\/p>\n<p>\u00abInvestigaci\u00f3n Formativa: Estrategias y Herramientas para el \u00c9xito en el Desarrollo de Proyectos de Investigaci\u00f3n\u00bb es una gu\u00eda esencial para estudiantes, profesionales y cualquier persona interesada en comprender y aplicar los principios fundamentales de la investigaci\u00f3n cient\u00edfica.<\/p>\n<p>A lo largo de este libro, se exploran los diferentes tipos de investigaci\u00f3n, sus caracter\u00edsticas y metodolog\u00edas, proporcionando una visi\u00f3n clara y accesible de cada enfoque.<\/p>\n<p>El autor presenta, de manera estructurada, los pasos necesarios para llevar a cabo un proceso de investigaci\u00f3n formativa de manera eficiente, desde la concepci\u00f3n de la idea hasta la ejecuci\u00f3n del proyecto. Adem\u00e1s, el libro incluye esquemas pr\u00e1cticos que facilitan la comprensi\u00f3n de los pasos del proceso investigativo y el dise\u00f1o de un anteproyecto de investigaci\u00f3n.<\/p>\n<p>Con un enfoque pr\u00e1ctico, el texto tambi\u00e9n gu\u00eda al lector en la construcci\u00f3n de un anteproyecto, explicando detalladamente cada fase: desde la definici\u00f3n del problema de investigaci\u00f3n, hasta la formulaci\u00f3n de objetivos y el planteamiento de hip\u00f3tesis.<\/p>\n<p>Ideal para aquellos que buscan dominar las bases de la investigaci\u00f3n acad\u00e9mica y aplicarla con confianza en sus propios proyectos.<\/p>\n","protected":false},"featured_media":109406,"comment_status":"open","ping_status":"closed","template":"","meta":{"_acf_changed":false},"libro":[],"product_brand":[],"product_cat":[122],"product_tag":[],"class_list":{"0":"post-109405","1":"product","2":"type-product","3":"status-publish","4":"has-post-thumbnail","6":"product_cat-ciencias-naturales","8":"first","9":"instock","10":"shipping-taxable","11":"product-type-simple"},"acf":{"autor":[109407],"enlace_de_compra":"https:\/\/www.amazon.es\/proceso-investigaci%C3%B3n-Freddy-Castro-%C3%81lvarez\/dp\/B0FPVBSWFT\/ref=sr_1_1?__mk_es_ES=%C3%85M%C3%85%C5%BD%C3%95%C3%91&crid=1H3EHYOKBX0MP&dib=eyJ2IjoiMSJ9.s_PmxXbOFVIqKVJB46yt2C3_wqTlyPQ_pbw__BIQMeg.O6N2IRN2lDpCIQA_dxPZmy7GSY0ZbFbDw56U5zP8ShU&dib_tag=se&keywords=el+proceso+de+investigaci%C3%B3n+letrame&qid=1763043568&sprefix=el+proceso+de+investigaci%C3%B3n+letrame%2Caps%2C77&sr=8-1"},"yoast_head":"<!-- This site is optimized with the Yoast SEO plugin v27.4 - https:\/\/yoast.com\/product\/yoast-seo-wordpress\/ -->\n<title>El proceso de investigaci\u00f3n - Catalogo | Letrame Grupo Editorial<\/title>\n<meta name=\"robots\" content=\"index, follow, max-snippet:-1, max-image-preview:large, max-video-preview:-1\" \/>\n<link rel=\"canonical\" href=\"https:\/\/letrame.com\/catalogo\/producto\/el-proceso-de-investigacion\/\" \/>\n<meta property=\"og:locale\" content=\"es_ES\" \/>\n<meta property=\"og:type\" content=\"article\" \/>\n<meta property=\"og:title\" content=\"El proceso de investigaci\u00f3n - Catalogo | Letrame Grupo Editorial\" \/>\n<meta property=\"og:description\" content=\"ISBN: 9791370127824 SINOPSIS \u00abInvestigaci\u00f3n Formativa: Estrategias y Herramientas para el \u00c9xito en el Desarrollo de Proyectos de Investigaci\u00f3n\u00bb es una gu\u00eda esencial para estudiantes, profesionales y cualquier persona interesada en comprender y aplicar los principios fundamentales de la investigaci\u00f3n cient\u00edfica.  A lo largo de este libro, se exploran los diferentes tipos de investigaci\u00f3n, sus caracter\u00edsticas y metodolog\u00edas, proporcionando una visi\u00f3n clara y accesible de cada enfoque.  El autor presenta, de manera estructurada, los pasos necesarios para llevar a cabo un proceso de investigaci\u00f3n formativa de manera eficiente, desde la concepci\u00f3n de la idea hasta la ejecuci\u00f3n del proyecto. Adem\u00e1s, el libro incluye esquemas pr\u00e1cticos que facilitan la comprensi\u00f3n de los pasos del proceso investigativo y el dise\u00f1o de un anteproyecto de investigaci\u00f3n.  Con un enfoque pr\u00e1ctico, el texto tambi\u00e9n gu\u00eda al lector en la construcci\u00f3n de un anteproyecto, explicando detalladamente cada fase: desde la definici\u00f3n del problema de investigaci\u00f3n, hasta la formulaci\u00f3n de objetivos y el planteamiento de hip\u00f3tesis.  Ideal para aquellos que buscan dominar las bases de la investigaci\u00f3n acad\u00e9mica y aplicarla con confianza en sus propios proyectos.\" \/>\n<meta property=\"og:url\" content=\"https:\/\/letrame.com\/catalogo\/producto\/el-proceso-de-investigacion\/\" \/>\n<meta property=\"og:site_name\" content=\"Catalogo | Letrame Grupo Editorial\" \/>\n<meta property=\"article:modified_time\" content=\"2025-11-13T14:28:27+00:00\" \/>\n<meta property=\"og:image\" content=\"https:\/\/letrame.com\/catalogo\/wp-content\/uploads\/2025\/11\/MG.EnGestionDeOrganizaciones_568mm4.gif\" \/>\n\t<meta property=\"og:image:width\" content=\"379\" \/>\n\t<meta property=\"og:image:height\" content=\"537\" \/>\n\t<meta property=\"og:image:type\" content=\"image\/gif\" \/>\n<meta name=\"twitter:card\" content=\"summary_large_image\" \/>\n<meta name=\"twitter:label1\" content=\"Tiempo de lectura\" \/>\n\t<meta name=\"twitter:data1\" content=\"2 minutos\" \/>\n<script type=\"application\/ld+json\" class=\"yoast-schema-graph\">{\"@context\":\"https:\\\/\\\/schema.org\",\"@graph\":[{\"@type\":\"WebPage\",\"@id\":\"https:\\\/\\\/letrame.com\\\/catalogo\\\/producto\\\/el-proceso-de-investigacion\\\/\",\"url\":\"https:\\\/\\\/letrame.com\\\/catalogo\\\/producto\\\/el-proceso-de-investigacion\\\/\",\"name\":\"El proceso de investigaci\u00f3n - Catalogo | Letrame Grupo Editorial\",\"isPartOf\":{\"@id\":\"https:\\\/\\\/letrame.com\\\/catalogo\\\/#website\"},\"primaryImageOfPage\":{\"@id\":\"https:\\\/\\\/letrame.com\\\/catalogo\\\/producto\\\/el-proceso-de-investigacion\\\/#primaryimage\"},\"image\":{\"@id\":\"https:\\\/\\\/letrame.com\\\/catalogo\\\/producto\\\/el-proceso-de-investigacion\\\/#primaryimage\"},\"thumbnailUrl\":\"https:\\\/\\\/letrame.com\\\/catalogo\\\/wp-content\\\/uploads\\\/2025\\\/11\\\/MG.EnGestionDeOrganizaciones_568mm4.gif\",\"datePublished\":\"2025-11-13T14:23:49+00:00\",\"dateModified\":\"2025-11-13T14:28:27+00:00\",\"breadcrumb\":{\"@id\":\"https:\\\/\\\/letrame.com\\\/catalogo\\\/producto\\\/el-proceso-de-investigacion\\\/#breadcrumb\"},\"inLanguage\":\"es\",\"potentialAction\":[{\"@type\":\"ReadAction\",\"target\":[\"https:\\\/\\\/letrame.com\\\/catalogo\\\/producto\\\/el-proceso-de-investigacion\\\/\"]}]},{\"@type\":\"ImageObject\",\"inLanguage\":\"es\",\"@id\":\"https:\\\/\\\/letrame.com\\\/catalogo\\\/producto\\\/el-proceso-de-investigacion\\\/#primaryimage\",\"url\":\"https:\\\/\\\/letrame.com\\\/catalogo\\\/wp-content\\\/uploads\\\/2025\\\/11\\\/MG.EnGestionDeOrganizaciones_568mm4.gif\",\"contentUrl\":\"https:\\\/\\\/letrame.com\\\/catalogo\\\/wp-content\\\/uploads\\\/2025\\\/11\\\/MG.EnGestionDeOrganizaciones_568mm4.gif\",\"width\":379,\"height\":537},{\"@type\":\"BreadcrumbList\",\"@id\":\"https:\\\/\\\/letrame.com\\\/catalogo\\\/producto\\\/el-proceso-de-investigacion\\\/#breadcrumb\",\"itemListElement\":[{\"@type\":\"ListItem\",\"position\":1,\"name\":\"Portada\",\"item\":\"https:\\\/\\\/letrame.com\\\/catalogo\\\/\"},{\"@type\":\"ListItem\",\"position\":2,\"name\":\"Cat\u00e1logo\",\"item\":\"https:\\\/\\\/letrame.com\\\/catalogo\\\/\"},{\"@type\":\"ListItem\",\"position\":3,\"name\":\"El proceso de investigaci\u00f3n\"}]},{\"@type\":\"WebSite\",\"@id\":\"https:\\\/\\\/letrame.com\\\/catalogo\\\/#website\",\"url\":\"https:\\\/\\\/letrame.com\\\/catalogo\\\/\",\"name\":\"Catalogo | Letrame Grupo Editorial\",\"description\":\"\",\"publisher\":{\"@id\":\"https:\\\/\\\/letrame.com\\\/catalogo\\\/#organization\"},\"potentialAction\":[{\"@type\":\"SearchAction\",\"target\":{\"@type\":\"EntryPoint\",\"urlTemplate\":\"https:\\\/\\\/letrame.com\\\/catalogo\\\/?s={search_term_string}\"},\"query-input\":{\"@type\":\"PropertyValueSpecification\",\"valueRequired\":true,\"valueName\":\"search_term_string\"}}],\"inLanguage\":\"es\"},{\"@type\":\"Organization\",\"@id\":\"https:\\\/\\\/letrame.com\\\/catalogo\\\/#organization\",\"name\":\"Catalogo | Letrame Grupo Editorial\",\"url\":\"https:\\\/\\\/letrame.com\\\/catalogo\\\/\",\"logo\":{\"@type\":\"ImageObject\",\"inLanguage\":\"es\",\"@id\":\"https:\\\/\\\/letrame.com\\\/catalogo\\\/#\\\/schema\\\/logo\\\/image\\\/\",\"url\":\"https:\\\/\\\/letrame.com\\\/catalogo\\\/wp-content\\\/uploads\\\/2024\\\/03\\\/logo2.webp\",\"contentUrl\":\"https:\\\/\\\/letrame.com\\\/catalogo\\\/wp-content\\\/uploads\\\/2024\\\/03\\\/logo2.webp\",\"width\":394,\"height\":128,\"caption\":\"Catalogo | Letrame Grupo Editorial\"},\"image\":{\"@id\":\"https:\\\/\\\/letrame.com\\\/catalogo\\\/#\\\/schema\\\/logo\\\/image\\\/\"}}]}<\/script>\n<!-- \/ Yoast SEO plugin. -->","yoast_head_json":{"title":"El proceso de investigaci\u00f3n - Catalogo | Letrame Grupo Editorial","robots":{"index":"index","follow":"follow","max-snippet":"max-snippet:-1","max-image-preview":"max-image-preview:large","max-video-preview":"max-video-preview:-1"},"canonical":"https:\/\/letrame.com\/catalogo\/producto\/el-proceso-de-investigacion\/","og_locale":"es_ES","og_type":"article","og_title":"El proceso de investigaci\u00f3n - Catalogo | Letrame Grupo Editorial","og_description":"ISBN: 9791370127824 SINOPSIS \u00abInvestigaci\u00f3n Formativa: Estrategias y Herramientas para el \u00c9xito en el Desarrollo de Proyectos de Investigaci\u00f3n\u00bb es una gu\u00eda esencial para estudiantes, profesionales y cualquier persona interesada en comprender y aplicar los principios fundamentales de la investigaci\u00f3n cient\u00edfica.  A lo largo de este libro, se exploran los diferentes tipos de investigaci\u00f3n, sus caracter\u00edsticas y metodolog\u00edas, proporcionando una visi\u00f3n clara y accesible de cada enfoque.  El autor presenta, de manera estructurada, los pasos necesarios para llevar a cabo un proceso de investigaci\u00f3n formativa de manera eficiente, desde la concepci\u00f3n de la idea hasta la ejecuci\u00f3n del proyecto. Adem\u00e1s, el libro incluye esquemas pr\u00e1cticos que facilitan la comprensi\u00f3n de los pasos del proceso investigativo y el dise\u00f1o de un anteproyecto de investigaci\u00f3n.  Con un enfoque pr\u00e1ctico, el texto tambi\u00e9n gu\u00eda al lector en la construcci\u00f3n de un anteproyecto, explicando detalladamente cada fase: desde la definici\u00f3n del problema de investigaci\u00f3n, hasta la formulaci\u00f3n de objetivos y el planteamiento de hip\u00f3tesis.  Ideal para aquellos que buscan dominar las bases de la investigaci\u00f3n acad\u00e9mica y aplicarla con confianza en sus propios proyectos.","og_url":"https:\/\/letrame.com\/catalogo\/producto\/el-proceso-de-investigacion\/","og_site_name":"Catalogo | Letrame Grupo Editorial","article_modified_time":"2025-11-13T14:28:27+00:00","og_image":[{"width":379,"height":537,"url":"https:\/\/letrame.com\/catalogo\/wp-content\/uploads\/2025\/11\/MG.EnGestionDeOrganizaciones_568mm4.gif","type":"image\/gif"}],"twitter_card":"summary_large_image","twitter_misc":{"Tiempo de lectura":"2 minutos"},"schema":{"@context":"https:\/\/schema.org","@graph":[{"@type":"WebPage","@id":"https:\/\/letrame.com\/catalogo\/producto\/el-proceso-de-investigacion\/","url":"https:\/\/letrame.com\/catalogo\/producto\/el-proceso-de-investigacion\/","name":"El proceso de investigaci\u00f3n - Catalogo | Letrame Grupo Editorial","isPartOf":{"@id":"https:\/\/letrame.com\/catalogo\/#website"},"primaryImageOfPage":{"@id":"https:\/\/letrame.com\/catalogo\/producto\/el-proceso-de-investigacion\/#primaryimage"},"image":{"@id":"https:\/\/letrame.com\/catalogo\/producto\/el-proceso-de-investigacion\/#primaryimage"},"thumbnailUrl":"https:\/\/letrame.com\/catalogo\/wp-content\/uploads\/2025\/11\/MG.EnGestionDeOrganizaciones_568mm4.gif","datePublished":"2025-11-13T14:23:49+00:00","dateModified":"2025-11-13T14:28:27+00:00","breadcrumb":{"@id":"https:\/\/letrame.com\/catalogo\/producto\/el-proceso-de-investigacion\/#breadcrumb"},"inLanguage":"es","potentialAction":[{"@type":"ReadAction","target":["https:\/\/letrame.com\/catalogo\/producto\/el-proceso-de-investigacion\/"]}]},{"@type":"ImageObject","inLanguage":"es","@id":"https:\/\/letrame.com\/catalogo\/producto\/el-proceso-de-investigacion\/#primaryimage","url":"https:\/\/letrame.com\/catalogo\/wp-content\/uploads\/2025\/11\/MG.EnGestionDeOrganizaciones_568mm4.gif","contentUrl":"https:\/\/letrame.com\/catalogo\/wp-content\/uploads\/2025\/11\/MG.EnGestionDeOrganizaciones_568mm4.gif","width":379,"height":537},{"@type":"BreadcrumbList","@id":"https:\/\/letrame.com\/catalogo\/producto\/el-proceso-de-investigacion\/#breadcrumb","itemListElement":[{"@type":"ListItem","position":1,"name":"Portada","item":"https:\/\/letrame.com\/catalogo\/"},{"@type":"ListItem","position":2,"name":"Cat\u00e1logo","item":"https:\/\/letrame.com\/catalogo\/"},{"@type":"ListItem","position":3,"name":"El proceso de investigaci\u00f3n"}]},{"@type":"WebSite","@id":"https:\/\/letrame.com\/catalogo\/#website","url":"https:\/\/letrame.com\/catalogo\/","name":"Catalogo | Letrame Grupo Editorial","description":"","publisher":{"@id":"https:\/\/letrame.com\/catalogo\/#organization"},"potentialAction":[{"@type":"SearchAction","target":{"@type":"EntryPoint","urlTemplate":"https:\/\/letrame.com\/catalogo\/?s={search_term_string}"},"query-input":{"@type":"PropertyValueSpecification","valueRequired":true,"valueName":"search_term_string"}}],"inLanguage":"es"},{"@type":"Organization","@id":"https:\/\/letrame.com\/catalogo\/#organization","name":"Catalogo | Letrame Grupo Editorial","url":"https:\/\/letrame.com\/catalogo\/","logo":{"@type":"ImageObject","inLanguage":"es","@id":"https:\/\/letrame.com\/catalogo\/#\/schema\/logo\/image\/","url":"https:\/\/letrame.com\/catalogo\/wp-content\/uploads\/2024\/03\/logo2.webp","contentUrl":"https:\/\/letrame.com\/catalogo\/wp-content\/uploads\/2024\/03\/logo2.webp","width":394,"height":128,"caption":"Catalogo | Letrame Grupo Editorial"},"image":{"@id":"https:\/\/letrame.com\/catalogo\/#\/schema\/logo\/image\/"}}]}},"_links":{"self":[{"href":"https:\/\/letrame.com\/catalogo\/wp-json\/wp\/v2\/product\/109405","targetHints":{"allow":["GET"]}}],"collection":[{"href":"https:\/\/letrame.com\/catalogo\/wp-json\/wp\/v2\/product"}],"about":[{"href":"https:\/\/letrame.com\/catalogo\/wp-json\/wp\/v2\/types\/product"}],"replies":[{"embeddable":true,"href":"https:\/\/letrame.com\/catalogo\/wp-json\/wp\/v2\/comments?post=109405"}],"acf:post":[{"embeddable":true,"href":"https:\/\/letrame.com\/catalogo\/wp-json\/wp\/v2\/author_book\/109407"}],"wp:featuredmedia":[{"embeddable":true,"href":"https:\/\/letrame.com\/catalogo\/wp-json\/wp\/v2\/media\/109406"}],"wp:attachment":[{"href":"https:\/\/letrame.com\/catalogo\/wp-json\/wp\/v2\/media?parent=109405"}],"wp:term":[{"taxonomy":"libro","embeddable":true,"href":"https:\/\/letrame.com\/catalogo\/wp-json\/wp\/v2\/libro?post=109405"},{"taxonomy":"product_brand","embeddable":true,"href":"https:\/\/letrame.com\/catalogo\/wp-json\/wp\/v2\/product_brand?post=109405"},{"taxonomy":"product_cat","embeddable":true,"href":"https:\/\/letrame.com\/catalogo\/wp-json\/wp\/v2\/product_cat?post=109405"},{"taxonomy":"product_tag","embeddable":true,"href":"https:\/\/letrame.com\/catalogo\/wp-json\/wp\/v2\/product_tag?post=109405"}],"curies":[{"name":"wp","href":"https:\/\/api.w.org\/{rel}","templated":true}]}}