{"id":109390,"date":"2025-11-12T15:49:31","date_gmt":"2025-11-12T14:49:31","guid":{"rendered":"https:\/\/letrame.com\/catalogo\/?post_type=product&#038;p=109390"},"modified":"2025-11-12T16:14:33","modified_gmt":"2025-11-12T15:14:33","slug":"memorias-de-un-tapatio-en-barcelona","status":"publish","type":"product","link":"https:\/\/letrame.com\/catalogo\/producto\/memorias-de-un-tapatio-en-barcelona\/","title":{"rendered":"Memorias de un tapat\u00edo en Barcelona"},"content":{"rendered":"<p class=\"p1\"><b>ISBN: 9791370128913<\/b><b><\/b><\/p>\n<p class=\"p1\"><b>T\u00edtulo: Memorias de un tapat\u00edo en Barcelona<\/b><b><\/b><\/p>\n<p class=\"p1\"><b>Fecha: 2025<\/b><b><\/b><\/p>\n<p class=\"p1\"><b>P\u00e1ginas: 174<\/b><b><\/b><\/p>\n<p class=\"p1\"><b>SINOPSIS\u00a0<\/b><\/p>\n<p>A tu recuerdo&#8230;<br \/>\nEste libro cuenta una historia dentro de varias historias. La principal, es que son las reflexiones, an\u00e9cdotas y tomas de conciencia a partir de una vida activa, intensa e interesante.<br \/>\nJes\u00fas Gonzalez (1974), acerc\u00e1ndose sin temor, sin demasiados arrepentimientos y bastante empuje a la cincuentena, nos hace part\u00edcipe de los momentos y las personas que definieron su vida, una vida siempre a la b\u00fasqueda de lo que \u00abhay m\u00e1s all\u00e1\u00bb.<br \/>\nNo se trata de ambici\u00f3n ciega, sino de un genuino deseo de ver la mayor parte del mundo posible, y de todos los otros espacios y sitios que el mundo contiene, con ojos de maravilla, todav\u00eda con al anhelo de un muchacho que no acept\u00f3 nunca que la vida le dijera \u00abno\u00bb, debido a que tuvo una gu\u00eda que le ense\u00f1\u00f3 a preguntar, impertinentemente algunas veces:<br \/>\n\u00ab\u00bfY por qu\u00e9 no?\u00bb.<br \/>\nHector Viveros Reyes<\/p>\n","protected":false},"excerpt":{"rendered":"<p><b>ISBN: 9791370128913<\/b><\/p>\n<p class=\"p1\"><b>SINOPSIS\u00a0<\/b><\/p>\n<p>A tu recuerdo&#8230;<br \/>\nEste libro cuenta una historia dentro de varias historias. La principal, es que son las reflexiones, an\u00e9cdotas y tomas de conciencia a partir de una vida activa, intensa e interesante.<br \/>\nJes\u00fas Gonzalez (1974), acerc\u00e1ndose sin temor, sin demasiados arrepentimientos y bastante empuje a la cincuentena, nos hace part\u00edcipe de los momentos y las personas que definieron su vida, una vida siempre a la b\u00fasqueda de lo que \u00abhay m\u00e1s all\u00e1\u00bb.<br \/>\nNo se trata de ambici\u00f3n ciega, sino de un genuino deseo de ver la mayor parte del mundo posible, y de todos los otros espacios y sitios que el mundo contiene, con ojos de maravilla, todav\u00eda con al anhelo de un muchacho que no acept\u00f3 nunca que la vida le dijera \u00abno\u00bb, debido a que tuvo una gu\u00eda que le ense\u00f1\u00f3 a preguntar, impertinentemente algunas veces:<br \/>\n\u00ab\u00bfY por qu\u00e9 no?\u00bb.<br \/>\nHector Viveros Reyes<\/p>\n","protected":false},"featured_media":109391,"comment_status":"open","ping_status":"closed","template":"","meta":{"_acf_changed":false},"libro":[],"product_brand":[],"product_cat":[59],"product_tag":[],"class_list":{"0":"post-109390","1":"product","2":"type-product","3":"status-publish","4":"has-post-thumbnail","6":"product_cat-memorias","8":"first","9":"instock","10":"shipping-taxable","11":"product-type-simple"},"acf":{"autor":[109392],"enlace_de_compra":"https:\/\/www.amazon.es\/Memorias-tapat%C3%ADo-Barcelona-Gonz%C3%A1lez-Contreras\/dp\/B0FYFST6BW\/ref=sr_1_1?__mk_es_ES=%C3%85M%C3%85%C5%BD%C3%95%C3%91&crid=IYYYOZZ63Z5E&dib=eyJ2IjoiMSJ9.IUc4CFrto5thamesHxZNZA.hnjUNzGwxjmER1N_AggCM611dIdlEVQtQtfmNUHdRuE&dib_tag=se&keywords=MEMORIAS+DE+UN+TAPAT%C3%8DE+letrame&qid=1762958660&sprefix=memorias+de+un+tapat%C3%ADe+letrame%2Caps%2C57&sr=8-1"},"yoast_head":"<!-- This site is optimized with the Yoast SEO plugin v27.4 - https:\/\/yoast.com\/product\/yoast-seo-wordpress\/ -->\n<title>Memorias de un tapat\u00edo en Barcelona - Catalogo | Letrame Grupo Editorial<\/title>\n<meta name=\"robots\" content=\"index, follow, max-snippet:-1, max-image-preview:large, max-video-preview:-1\" \/>\n<link rel=\"canonical\" href=\"https:\/\/letrame.com\/catalogo\/producto\/memorias-de-un-tapatio-en-barcelona\/\" \/>\n<meta property=\"og:locale\" content=\"es_ES\" \/>\n<meta property=\"og:type\" content=\"article\" \/>\n<meta property=\"og:title\" content=\"Memorias de un tapat\u00edo en Barcelona - Catalogo | Letrame Grupo Editorial\" \/>\n<meta property=\"og:description\" content=\"ISBN: 9791370128913 SINOPSIS\u00a0 A tu recuerdo... Este libro cuenta una historia dentro de varias historias. La principal, es que son las reflexiones, an\u00e9cdotas y tomas de conciencia a partir de una vida activa, intensa e interesante. Jes\u00fas Gonzalez (1974), acerc\u00e1ndose sin temor, sin demasiados arrepentimientos y bastante empuje a la cincuentena, nos hace part\u00edcipe de los momentos y las personas que definieron su vida, una vida siempre a la b\u00fasqueda de lo que \u00abhay m\u00e1s all\u00e1\u00bb. No se trata de ambici\u00f3n ciega, sino de un genuino deseo de ver la mayor parte del mundo posible, y de todos los otros espacios y sitios que el mundo contiene, con ojos de maravilla, todav\u00eda con al anhelo de un muchacho que no acept\u00f3 nunca que la vida le dijera \u00abno\u00bb, debido a que tuvo una gu\u00eda que le ense\u00f1\u00f3 a preguntar, impertinentemente algunas veces: &quot;\u00bfY por qu\u00e9 no?&quot;. Hector Viveros Reyes\" \/>\n<meta property=\"og:url\" content=\"https:\/\/letrame.com\/catalogo\/producto\/memorias-de-un-tapatio-en-barcelona\/\" \/>\n<meta property=\"og:site_name\" content=\"Catalogo | Letrame Grupo Editorial\" \/>\n<meta property=\"article:modified_time\" content=\"2025-11-12T15:14:33+00:00\" \/>\n<meta property=\"og:image\" content=\"https:\/\/letrame.com\/catalogo\/wp-content\/uploads\/2025\/11\/memoriasdeun_9mm4.gif\" \/>\n\t<meta property=\"og:image:width\" content=\"408\" \/>\n\t<meta property=\"og:image:height\" content=\"579\" \/>\n\t<meta property=\"og:image:type\" content=\"image\/gif\" \/>\n<meta name=\"twitter:card\" content=\"summary_large_image\" \/>\n<meta name=\"twitter:label1\" content=\"Tiempo de lectura\" \/>\n\t<meta name=\"twitter:data1\" content=\"1 minuto\" \/>\n<script type=\"application\/ld+json\" class=\"yoast-schema-graph\">{\"@context\":\"https:\\\/\\\/schema.org\",\"@graph\":[{\"@type\":\"WebPage\",\"@id\":\"https:\\\/\\\/letrame.com\\\/catalogo\\\/producto\\\/memorias-de-un-tapatio-en-barcelona\\\/\",\"url\":\"https:\\\/\\\/letrame.com\\\/catalogo\\\/producto\\\/memorias-de-un-tapatio-en-barcelona\\\/\",\"name\":\"Memorias de un tapat\u00edo en Barcelona - Catalogo | Letrame Grupo Editorial\",\"isPartOf\":{\"@id\":\"https:\\\/\\\/letrame.com\\\/catalogo\\\/#website\"},\"primaryImageOfPage\":{\"@id\":\"https:\\\/\\\/letrame.com\\\/catalogo\\\/producto\\\/memorias-de-un-tapatio-en-barcelona\\\/#primaryimage\"},\"image\":{\"@id\":\"https:\\\/\\\/letrame.com\\\/catalogo\\\/producto\\\/memorias-de-un-tapatio-en-barcelona\\\/#primaryimage\"},\"thumbnailUrl\":\"https:\\\/\\\/letrame.com\\\/catalogo\\\/wp-content\\\/uploads\\\/2025\\\/11\\\/memoriasdeun_9mm4.gif\",\"datePublished\":\"2025-11-12T14:49:31+00:00\",\"dateModified\":\"2025-11-12T15:14:33+00:00\",\"breadcrumb\":{\"@id\":\"https:\\\/\\\/letrame.com\\\/catalogo\\\/producto\\\/memorias-de-un-tapatio-en-barcelona\\\/#breadcrumb\"},\"inLanguage\":\"es\",\"potentialAction\":[{\"@type\":\"ReadAction\",\"target\":[\"https:\\\/\\\/letrame.com\\\/catalogo\\\/producto\\\/memorias-de-un-tapatio-en-barcelona\\\/\"]}]},{\"@type\":\"ImageObject\",\"inLanguage\":\"es\",\"@id\":\"https:\\\/\\\/letrame.com\\\/catalogo\\\/producto\\\/memorias-de-un-tapatio-en-barcelona\\\/#primaryimage\",\"url\":\"https:\\\/\\\/letrame.com\\\/catalogo\\\/wp-content\\\/uploads\\\/2025\\\/11\\\/memoriasdeun_9mm4.gif\",\"contentUrl\":\"https:\\\/\\\/letrame.com\\\/catalogo\\\/wp-content\\\/uploads\\\/2025\\\/11\\\/memoriasdeun_9mm4.gif\",\"width\":408,\"height\":579},{\"@type\":\"BreadcrumbList\",\"@id\":\"https:\\\/\\\/letrame.com\\\/catalogo\\\/producto\\\/memorias-de-un-tapatio-en-barcelona\\\/#breadcrumb\",\"itemListElement\":[{\"@type\":\"ListItem\",\"position\":1,\"name\":\"Portada\",\"item\":\"https:\\\/\\\/letrame.com\\\/catalogo\\\/\"},{\"@type\":\"ListItem\",\"position\":2,\"name\":\"Cat\u00e1logo\",\"item\":\"https:\\\/\\\/letrame.com\\\/catalogo\\\/\"},{\"@type\":\"ListItem\",\"position\":3,\"name\":\"Memorias de un tapat\u00edo en Barcelona\"}]},{\"@type\":\"WebSite\",\"@id\":\"https:\\\/\\\/letrame.com\\\/catalogo\\\/#website\",\"url\":\"https:\\\/\\\/letrame.com\\\/catalogo\\\/\",\"name\":\"Catalogo | Letrame Grupo Editorial\",\"description\":\"\",\"publisher\":{\"@id\":\"https:\\\/\\\/letrame.com\\\/catalogo\\\/#organization\"},\"potentialAction\":[{\"@type\":\"SearchAction\",\"target\":{\"@type\":\"EntryPoint\",\"urlTemplate\":\"https:\\\/\\\/letrame.com\\\/catalogo\\\/?s={search_term_string}\"},\"query-input\":{\"@type\":\"PropertyValueSpecification\",\"valueRequired\":true,\"valueName\":\"search_term_string\"}}],\"inLanguage\":\"es\"},{\"@type\":\"Organization\",\"@id\":\"https:\\\/\\\/letrame.com\\\/catalogo\\\/#organization\",\"name\":\"Catalogo | Letrame Grupo Editorial\",\"url\":\"https:\\\/\\\/letrame.com\\\/catalogo\\\/\",\"logo\":{\"@type\":\"ImageObject\",\"inLanguage\":\"es\",\"@id\":\"https:\\\/\\\/letrame.com\\\/catalogo\\\/#\\\/schema\\\/logo\\\/image\\\/\",\"url\":\"https:\\\/\\\/letrame.com\\\/catalogo\\\/wp-content\\\/uploads\\\/2024\\\/03\\\/logo2.webp\",\"contentUrl\":\"https:\\\/\\\/letrame.com\\\/catalogo\\\/wp-content\\\/uploads\\\/2024\\\/03\\\/logo2.webp\",\"width\":394,\"height\":128,\"caption\":\"Catalogo | Letrame Grupo Editorial\"},\"image\":{\"@id\":\"https:\\\/\\\/letrame.com\\\/catalogo\\\/#\\\/schema\\\/logo\\\/image\\\/\"}}]}<\/script>\n<!-- \/ Yoast SEO plugin. -->","yoast_head_json":{"title":"Memorias de un tapat\u00edo en Barcelona - Catalogo | Letrame Grupo Editorial","robots":{"index":"index","follow":"follow","max-snippet":"max-snippet:-1","max-image-preview":"max-image-preview:large","max-video-preview":"max-video-preview:-1"},"canonical":"https:\/\/letrame.com\/catalogo\/producto\/memorias-de-un-tapatio-en-barcelona\/","og_locale":"es_ES","og_type":"article","og_title":"Memorias de un tapat\u00edo en Barcelona - Catalogo | Letrame Grupo Editorial","og_description":"ISBN: 9791370128913 SINOPSIS\u00a0 A tu recuerdo... Este libro cuenta una historia dentro de varias historias. La principal, es que son las reflexiones, an\u00e9cdotas y tomas de conciencia a partir de una vida activa, intensa e interesante. Jes\u00fas Gonzalez (1974), acerc\u00e1ndose sin temor, sin demasiados arrepentimientos y bastante empuje a la cincuentena, nos hace part\u00edcipe de los momentos y las personas que definieron su vida, una vida siempre a la b\u00fasqueda de lo que \u00abhay m\u00e1s all\u00e1\u00bb. No se trata de ambici\u00f3n ciega, sino de un genuino deseo de ver la mayor parte del mundo posible, y de todos los otros espacios y sitios que el mundo contiene, con ojos de maravilla, todav\u00eda con al anhelo de un muchacho que no acept\u00f3 nunca que la vida le dijera \u00abno\u00bb, debido a que tuvo una gu\u00eda que le ense\u00f1\u00f3 a preguntar, impertinentemente algunas veces: \"\u00bfY por qu\u00e9 no?\". Hector Viveros Reyes","og_url":"https:\/\/letrame.com\/catalogo\/producto\/memorias-de-un-tapatio-en-barcelona\/","og_site_name":"Catalogo | Letrame Grupo Editorial","article_modified_time":"2025-11-12T15:14:33+00:00","og_image":[{"width":408,"height":579,"url":"https:\/\/letrame.com\/catalogo\/wp-content\/uploads\/2025\/11\/memoriasdeun_9mm4.gif","type":"image\/gif"}],"twitter_card":"summary_large_image","twitter_misc":{"Tiempo de lectura":"1 minuto"},"schema":{"@context":"https:\/\/schema.org","@graph":[{"@type":"WebPage","@id":"https:\/\/letrame.com\/catalogo\/producto\/memorias-de-un-tapatio-en-barcelona\/","url":"https:\/\/letrame.com\/catalogo\/producto\/memorias-de-un-tapatio-en-barcelona\/","name":"Memorias de un tapat\u00edo en Barcelona - Catalogo | Letrame Grupo Editorial","isPartOf":{"@id":"https:\/\/letrame.com\/catalogo\/#website"},"primaryImageOfPage":{"@id":"https:\/\/letrame.com\/catalogo\/producto\/memorias-de-un-tapatio-en-barcelona\/#primaryimage"},"image":{"@id":"https:\/\/letrame.com\/catalogo\/producto\/memorias-de-un-tapatio-en-barcelona\/#primaryimage"},"thumbnailUrl":"https:\/\/letrame.com\/catalogo\/wp-content\/uploads\/2025\/11\/memoriasdeun_9mm4.gif","datePublished":"2025-11-12T14:49:31+00:00","dateModified":"2025-11-12T15:14:33+00:00","breadcrumb":{"@id":"https:\/\/letrame.com\/catalogo\/producto\/memorias-de-un-tapatio-en-barcelona\/#breadcrumb"},"inLanguage":"es","potentialAction":[{"@type":"ReadAction","target":["https:\/\/letrame.com\/catalogo\/producto\/memorias-de-un-tapatio-en-barcelona\/"]}]},{"@type":"ImageObject","inLanguage":"es","@id":"https:\/\/letrame.com\/catalogo\/producto\/memorias-de-un-tapatio-en-barcelona\/#primaryimage","url":"https:\/\/letrame.com\/catalogo\/wp-content\/uploads\/2025\/11\/memoriasdeun_9mm4.gif","contentUrl":"https:\/\/letrame.com\/catalogo\/wp-content\/uploads\/2025\/11\/memoriasdeun_9mm4.gif","width":408,"height":579},{"@type":"BreadcrumbList","@id":"https:\/\/letrame.com\/catalogo\/producto\/memorias-de-un-tapatio-en-barcelona\/#breadcrumb","itemListElement":[{"@type":"ListItem","position":1,"name":"Portada","item":"https:\/\/letrame.com\/catalogo\/"},{"@type":"ListItem","position":2,"name":"Cat\u00e1logo","item":"https:\/\/letrame.com\/catalogo\/"},{"@type":"ListItem","position":3,"name":"Memorias de un tapat\u00edo en Barcelona"}]},{"@type":"WebSite","@id":"https:\/\/letrame.com\/catalogo\/#website","url":"https:\/\/letrame.com\/catalogo\/","name":"Catalogo | Letrame Grupo Editorial","description":"","publisher":{"@id":"https:\/\/letrame.com\/catalogo\/#organization"},"potentialAction":[{"@type":"SearchAction","target":{"@type":"EntryPoint","urlTemplate":"https:\/\/letrame.com\/catalogo\/?s={search_term_string}"},"query-input":{"@type":"PropertyValueSpecification","valueRequired":true,"valueName":"search_term_string"}}],"inLanguage":"es"},{"@type":"Organization","@id":"https:\/\/letrame.com\/catalogo\/#organization","name":"Catalogo | Letrame Grupo Editorial","url":"https:\/\/letrame.com\/catalogo\/","logo":{"@type":"ImageObject","inLanguage":"es","@id":"https:\/\/letrame.com\/catalogo\/#\/schema\/logo\/image\/","url":"https:\/\/letrame.com\/catalogo\/wp-content\/uploads\/2024\/03\/logo2.webp","contentUrl":"https:\/\/letrame.com\/catalogo\/wp-content\/uploads\/2024\/03\/logo2.webp","width":394,"height":128,"caption":"Catalogo | Letrame Grupo Editorial"},"image":{"@id":"https:\/\/letrame.com\/catalogo\/#\/schema\/logo\/image\/"}}]}},"_links":{"self":[{"href":"https:\/\/letrame.com\/catalogo\/wp-json\/wp\/v2\/product\/109390","targetHints":{"allow":["GET"]}}],"collection":[{"href":"https:\/\/letrame.com\/catalogo\/wp-json\/wp\/v2\/product"}],"about":[{"href":"https:\/\/letrame.com\/catalogo\/wp-json\/wp\/v2\/types\/product"}],"replies":[{"embeddable":true,"href":"https:\/\/letrame.com\/catalogo\/wp-json\/wp\/v2\/comments?post=109390"}],"acf:post":[{"embeddable":true,"href":"https:\/\/letrame.com\/catalogo\/wp-json\/wp\/v2\/author_book\/109392"}],"wp:featuredmedia":[{"embeddable":true,"href":"https:\/\/letrame.com\/catalogo\/wp-json\/wp\/v2\/media\/109391"}],"wp:attachment":[{"href":"https:\/\/letrame.com\/catalogo\/wp-json\/wp\/v2\/media?parent=109390"}],"wp:term":[{"taxonomy":"libro","embeddable":true,"href":"https:\/\/letrame.com\/catalogo\/wp-json\/wp\/v2\/libro?post=109390"},{"taxonomy":"product_brand","embeddable":true,"href":"https:\/\/letrame.com\/catalogo\/wp-json\/wp\/v2\/product_brand?post=109390"},{"taxonomy":"product_cat","embeddable":true,"href":"https:\/\/letrame.com\/catalogo\/wp-json\/wp\/v2\/product_cat?post=109390"},{"taxonomy":"product_tag","embeddable":true,"href":"https:\/\/letrame.com\/catalogo\/wp-json\/wp\/v2\/product_tag?post=109390"}],"curies":[{"name":"wp","href":"https:\/\/api.w.org\/{rel}","templated":true}]}}