{"id":109378,"date":"2025-11-12T09:59:39","date_gmt":"2025-11-12T08:59:39","guid":{"rendered":"https:\/\/letrame.com\/catalogo\/?post_type=product&#038;p=109378"},"modified":"2025-11-12T09:59:52","modified_gmt":"2025-11-12T08:59:52","slug":"deliana-la-custodia-del-umbral","status":"publish","type":"product","link":"https:\/\/letrame.com\/catalogo\/producto\/deliana-la-custodia-del-umbral\/","title":{"rendered":"Deliana La custodia del umbral"},"content":{"rendered":"<p class=\"p1\"><b>ISBN<\/b><strong>:<\/strong> 9791370128012<\/p>\n<p class=\"p1\"><b>T\u00edtulo: <\/b>Deliana La custodia del umbral<\/p>\n<p class=\"p1\"><b>Fecha: <\/b>2025<\/p>\n<p class=\"p1\"><b>P\u00e1ginas: <\/b>264<\/p>\n<p class=\"p1\"><b>SINOPSIS<\/b><\/p>\n<p class=\"p1\">Deliana nunca fue una ni\u00f1a com\u00fan. Desde peque\u00f1a percibe el mundo con una intensidad abrumadora: siente las vibraciones de las almas, las heridas invisibles y los lazos que conectan o separan.<\/p>\n<p class=\"p1\">Criada por unos abuelos sabios que la gu\u00edan con amor, intuye que su diferencia esconde un prop\u00f3sito.<\/p>\n<p class=\"p1\">Pero la verdad es mucho m\u00e1s grande de lo que imagina: Deliana est\u00e1 destinada a ser una Custodia del Velo, una guardiana ancestral de los l\u00edmites entre la luz y el Abismo, lo que sana y lo que consume. Su misi\u00f3n: guiar a las almas perdidas, descifrar los bloqueos energ\u00e9ticos y recordarles su propio poder.<\/p>\n<p class=\"p1\">Ahora, Deliana debe aprender a manejar un don extraordinario en un mundo que se empe\u00f1a en ver solo lo tangible. A trav\u00e9s de encuentros inesperados y desaf\u00edos personales, descubrir\u00e1 que la verdadera magia no est\u00e1 en lo espectacular, sino en la sutil fuerza de la empat\u00eda y la conexi\u00f3n humana.<\/p>\n<p class=\"p1\">\u00bfEst\u00e1s listo para cruzar el Velo? Sum\u00e9rgete en esta cautivadora historia de autodescubrimiento, misterio y la inquebrantable b\u00fasqueda de la luz en las sombras m\u00e1s profundas del alma.<\/p>\n","protected":false},"excerpt":{"rendered":"<p><b>ISBN<\/b><strong>:<\/strong> 9791370128012<\/p>\n<p class=\"p1\"><b>SINOPSIS<\/b><\/p>\n<p class=\"p1\">Deliana nunca fue una ni\u00f1a com\u00fan. Desde peque\u00f1a percibe el mundo con una intensidad abrumadora: siente las vibraciones de las almas, las heridas invisibles y los lazos que conectan o separan.<\/p>\n<p class=\"p1\">Criada por unos abuelos sabios que la gu\u00edan con amor, intuye que su diferencia esconde un prop\u00f3sito.<\/p>\n<p class=\"p1\">Pero la verdad es mucho m\u00e1s grande de lo que imagina: Deliana est\u00e1 destinada a ser una Custodia del Velo, una guardiana ancestral de los l\u00edmites entre la luz y el Abismo, lo que sana y lo que consume. Su misi\u00f3n: guiar a las almas perdidas, descifrar los bloqueos energ\u00e9ticos y recordarles su propio poder.<\/p>\n<p class=\"p1\">Ahora, Deliana debe aprender a manejar un don extraordinario en un mundo que se empe\u00f1a en ver solo lo tangible. A trav\u00e9s de encuentros inesperados y desaf\u00edos personales, descubrir\u00e1 que la verdadera magia no est\u00e1 en lo espectacular, sino en la sutil fuerza de la empat\u00eda y la conexi\u00f3n humana.<\/p>\n<p class=\"p1\">\u00bfEst\u00e1s listo para cruzar el Velo? Sum\u00e9rgete en esta cautivadora historia de autodescubrimiento, misterio y la inquebrantable b\u00fasqueda de la luz en las sombras m\u00e1s profundas del alma.<\/p>\n","protected":false},"featured_media":109383,"comment_status":"open","ping_status":"closed","template":"","meta":{"_acf_changed":false},"libro":[],"product_brand":[],"product_cat":[136],"product_tag":[],"class_list":{"0":"post-109378","1":"product","2":"type-product","3":"status-publish","4":"has-post-thumbnail","6":"product_cat-realismo-magico","8":"first","9":"instock","10":"shipping-taxable","11":"product-type-simple"},"acf":{"autor":[109379],"enlace_de_compra":"https:\/\/www.amazon.es\/dp\/B0FQMLL5PT"},"yoast_head":"<!-- This site is optimized with the Yoast SEO plugin v27.4 - https:\/\/yoast.com\/product\/yoast-seo-wordpress\/ -->\n<title>Deliana La custodia del umbral - Catalogo | Letrame Grupo Editorial<\/title>\n<meta name=\"robots\" content=\"index, follow, max-snippet:-1, max-image-preview:large, max-video-preview:-1\" \/>\n<link rel=\"canonical\" href=\"https:\/\/letrame.com\/catalogo\/producto\/deliana-la-custodia-del-umbral\/\" \/>\n<meta property=\"og:locale\" content=\"es_ES\" \/>\n<meta property=\"og:type\" content=\"article\" \/>\n<meta property=\"og:title\" content=\"Deliana La custodia del umbral - Catalogo | Letrame Grupo Editorial\" \/>\n<meta property=\"og:description\" content=\"ISBN: 9791370128012 SINOPSIS Deliana nunca fue una ni\u00f1a com\u00fan. Desde peque\u00f1a percibe el mundo con una intensidad abrumadora: siente las vibraciones de las almas, las heridas invisibles y los lazos que conectan o separan. Criada por unos abuelos sabios que la gu\u00edan con amor, intuye que su diferencia esconde un prop\u00f3sito. Pero la verdad es mucho m\u00e1s grande de lo que imagina: Deliana est\u00e1 destinada a ser una Custodia del Velo, una guardiana ancestral de los l\u00edmites entre la luz y el Abismo, lo que sana y lo que consume. Su misi\u00f3n: guiar a las almas perdidas, descifrar los bloqueos energ\u00e9ticos y recordarles su propio poder. Ahora, Deliana debe aprender a manejar un don extraordinario en un mundo que se empe\u00f1a en ver solo lo tangible. A trav\u00e9s de encuentros inesperados y desaf\u00edos personales, descubrir\u00e1 que la verdadera magia no est\u00e1 en lo espectacular, sino en la sutil fuerza de la empat\u00eda y la conexi\u00f3n humana. \u00bfEst\u00e1s listo para cruzar el Velo? Sum\u00e9rgete en esta cautivadora historia de autodescubrimiento, misterio y la inquebrantable b\u00fasqueda de la luz en las sombras m\u00e1s profundas del alma.\" \/>\n<meta property=\"og:url\" content=\"https:\/\/letrame.com\/catalogo\/producto\/deliana-la-custodia-del-umbral\/\" \/>\n<meta property=\"og:site_name\" content=\"Catalogo | Letrame Grupo Editorial\" \/>\n<meta property=\"article:modified_time\" content=\"2025-11-12T08:59:52+00:00\" \/>\n<meta property=\"og:image\" content=\"https:\/\/letrame.com\/catalogo\/wp-content\/uploads\/2025\/11\/deliana_1325mm4.jpg\" \/>\n\t<meta property=\"og:image:width\" content=\"384\" \/>\n\t<meta property=\"og:image:height\" content=\"537\" \/>\n\t<meta property=\"og:image:type\" content=\"image\/jpeg\" \/>\n<meta name=\"twitter:card\" content=\"summary_large_image\" \/>\n<meta name=\"twitter:label1\" content=\"Tiempo de lectura\" \/>\n\t<meta name=\"twitter:data1\" content=\"2 minutos\" \/>\n<script type=\"application\/ld+json\" class=\"yoast-schema-graph\">{\"@context\":\"https:\\\/\\\/schema.org\",\"@graph\":[{\"@type\":\"WebPage\",\"@id\":\"https:\\\/\\\/letrame.com\\\/catalogo\\\/producto\\\/deliana-la-custodia-del-umbral\\\/\",\"url\":\"https:\\\/\\\/letrame.com\\\/catalogo\\\/producto\\\/deliana-la-custodia-del-umbral\\\/\",\"name\":\"Deliana La custodia del umbral - Catalogo | Letrame Grupo Editorial\",\"isPartOf\":{\"@id\":\"https:\\\/\\\/letrame.com\\\/catalogo\\\/#website\"},\"primaryImageOfPage\":{\"@id\":\"https:\\\/\\\/letrame.com\\\/catalogo\\\/producto\\\/deliana-la-custodia-del-umbral\\\/#primaryimage\"},\"image\":{\"@id\":\"https:\\\/\\\/letrame.com\\\/catalogo\\\/producto\\\/deliana-la-custodia-del-umbral\\\/#primaryimage\"},\"thumbnailUrl\":\"https:\\\/\\\/letrame.com\\\/catalogo\\\/wp-content\\\/uploads\\\/2025\\\/11\\\/deliana_1325mm4.jpg\",\"datePublished\":\"2025-11-12T08:59:39+00:00\",\"dateModified\":\"2025-11-12T08:59:52+00:00\",\"breadcrumb\":{\"@id\":\"https:\\\/\\\/letrame.com\\\/catalogo\\\/producto\\\/deliana-la-custodia-del-umbral\\\/#breadcrumb\"},\"inLanguage\":\"es\",\"potentialAction\":[{\"@type\":\"ReadAction\",\"target\":[\"https:\\\/\\\/letrame.com\\\/catalogo\\\/producto\\\/deliana-la-custodia-del-umbral\\\/\"]}]},{\"@type\":\"ImageObject\",\"inLanguage\":\"es\",\"@id\":\"https:\\\/\\\/letrame.com\\\/catalogo\\\/producto\\\/deliana-la-custodia-del-umbral\\\/#primaryimage\",\"url\":\"https:\\\/\\\/letrame.com\\\/catalogo\\\/wp-content\\\/uploads\\\/2025\\\/11\\\/deliana_1325mm4.jpg\",\"contentUrl\":\"https:\\\/\\\/letrame.com\\\/catalogo\\\/wp-content\\\/uploads\\\/2025\\\/11\\\/deliana_1325mm4.jpg\",\"width\":384,\"height\":537},{\"@type\":\"BreadcrumbList\",\"@id\":\"https:\\\/\\\/letrame.com\\\/catalogo\\\/producto\\\/deliana-la-custodia-del-umbral\\\/#breadcrumb\",\"itemListElement\":[{\"@type\":\"ListItem\",\"position\":1,\"name\":\"Portada\",\"item\":\"https:\\\/\\\/letrame.com\\\/catalogo\\\/\"},{\"@type\":\"ListItem\",\"position\":2,\"name\":\"Cat\u00e1logo\",\"item\":\"https:\\\/\\\/letrame.com\\\/catalogo\\\/\"},{\"@type\":\"ListItem\",\"position\":3,\"name\":\"Deliana La custodia del umbral\"}]},{\"@type\":\"WebSite\",\"@id\":\"https:\\\/\\\/letrame.com\\\/catalogo\\\/#website\",\"url\":\"https:\\\/\\\/letrame.com\\\/catalogo\\\/\",\"name\":\"Catalogo | Letrame Grupo Editorial\",\"description\":\"\",\"publisher\":{\"@id\":\"https:\\\/\\\/letrame.com\\\/catalogo\\\/#organization\"},\"potentialAction\":[{\"@type\":\"SearchAction\",\"target\":{\"@type\":\"EntryPoint\",\"urlTemplate\":\"https:\\\/\\\/letrame.com\\\/catalogo\\\/?s={search_term_string}\"},\"query-input\":{\"@type\":\"PropertyValueSpecification\",\"valueRequired\":true,\"valueName\":\"search_term_string\"}}],\"inLanguage\":\"es\"},{\"@type\":\"Organization\",\"@id\":\"https:\\\/\\\/letrame.com\\\/catalogo\\\/#organization\",\"name\":\"Catalogo | Letrame Grupo Editorial\",\"url\":\"https:\\\/\\\/letrame.com\\\/catalogo\\\/\",\"logo\":{\"@type\":\"ImageObject\",\"inLanguage\":\"es\",\"@id\":\"https:\\\/\\\/letrame.com\\\/catalogo\\\/#\\\/schema\\\/logo\\\/image\\\/\",\"url\":\"https:\\\/\\\/letrame.com\\\/catalogo\\\/wp-content\\\/uploads\\\/2024\\\/03\\\/logo2.webp\",\"contentUrl\":\"https:\\\/\\\/letrame.com\\\/catalogo\\\/wp-content\\\/uploads\\\/2024\\\/03\\\/logo2.webp\",\"width\":394,\"height\":128,\"caption\":\"Catalogo | Letrame Grupo Editorial\"},\"image\":{\"@id\":\"https:\\\/\\\/letrame.com\\\/catalogo\\\/#\\\/schema\\\/logo\\\/image\\\/\"}}]}<\/script>\n<!-- \/ Yoast SEO plugin. -->","yoast_head_json":{"title":"Deliana La custodia del umbral - Catalogo | Letrame Grupo Editorial","robots":{"index":"index","follow":"follow","max-snippet":"max-snippet:-1","max-image-preview":"max-image-preview:large","max-video-preview":"max-video-preview:-1"},"canonical":"https:\/\/letrame.com\/catalogo\/producto\/deliana-la-custodia-del-umbral\/","og_locale":"es_ES","og_type":"article","og_title":"Deliana La custodia del umbral - Catalogo | Letrame Grupo Editorial","og_description":"ISBN: 9791370128012 SINOPSIS Deliana nunca fue una ni\u00f1a com\u00fan. Desde peque\u00f1a percibe el mundo con una intensidad abrumadora: siente las vibraciones de las almas, las heridas invisibles y los lazos que conectan o separan. Criada por unos abuelos sabios que la gu\u00edan con amor, intuye que su diferencia esconde un prop\u00f3sito. Pero la verdad es mucho m\u00e1s grande de lo que imagina: Deliana est\u00e1 destinada a ser una Custodia del Velo, una guardiana ancestral de los l\u00edmites entre la luz y el Abismo, lo que sana y lo que consume. Su misi\u00f3n: guiar a las almas perdidas, descifrar los bloqueos energ\u00e9ticos y recordarles su propio poder. Ahora, Deliana debe aprender a manejar un don extraordinario en un mundo que se empe\u00f1a en ver solo lo tangible. A trav\u00e9s de encuentros inesperados y desaf\u00edos personales, descubrir\u00e1 que la verdadera magia no est\u00e1 en lo espectacular, sino en la sutil fuerza de la empat\u00eda y la conexi\u00f3n humana. \u00bfEst\u00e1s listo para cruzar el Velo? Sum\u00e9rgete en esta cautivadora historia de autodescubrimiento, misterio y la inquebrantable b\u00fasqueda de la luz en las sombras m\u00e1s profundas del alma.","og_url":"https:\/\/letrame.com\/catalogo\/producto\/deliana-la-custodia-del-umbral\/","og_site_name":"Catalogo | Letrame Grupo Editorial","article_modified_time":"2025-11-12T08:59:52+00:00","og_image":[{"width":384,"height":537,"url":"https:\/\/letrame.com\/catalogo\/wp-content\/uploads\/2025\/11\/deliana_1325mm4.jpg","type":"image\/jpeg"}],"twitter_card":"summary_large_image","twitter_misc":{"Tiempo de lectura":"2 minutos"},"schema":{"@context":"https:\/\/schema.org","@graph":[{"@type":"WebPage","@id":"https:\/\/letrame.com\/catalogo\/producto\/deliana-la-custodia-del-umbral\/","url":"https:\/\/letrame.com\/catalogo\/producto\/deliana-la-custodia-del-umbral\/","name":"Deliana La custodia del umbral - Catalogo | Letrame Grupo Editorial","isPartOf":{"@id":"https:\/\/letrame.com\/catalogo\/#website"},"primaryImageOfPage":{"@id":"https:\/\/letrame.com\/catalogo\/producto\/deliana-la-custodia-del-umbral\/#primaryimage"},"image":{"@id":"https:\/\/letrame.com\/catalogo\/producto\/deliana-la-custodia-del-umbral\/#primaryimage"},"thumbnailUrl":"https:\/\/letrame.com\/catalogo\/wp-content\/uploads\/2025\/11\/deliana_1325mm4.jpg","datePublished":"2025-11-12T08:59:39+00:00","dateModified":"2025-11-12T08:59:52+00:00","breadcrumb":{"@id":"https:\/\/letrame.com\/catalogo\/producto\/deliana-la-custodia-del-umbral\/#breadcrumb"},"inLanguage":"es","potentialAction":[{"@type":"ReadAction","target":["https:\/\/letrame.com\/catalogo\/producto\/deliana-la-custodia-del-umbral\/"]}]},{"@type":"ImageObject","inLanguage":"es","@id":"https:\/\/letrame.com\/catalogo\/producto\/deliana-la-custodia-del-umbral\/#primaryimage","url":"https:\/\/letrame.com\/catalogo\/wp-content\/uploads\/2025\/11\/deliana_1325mm4.jpg","contentUrl":"https:\/\/letrame.com\/catalogo\/wp-content\/uploads\/2025\/11\/deliana_1325mm4.jpg","width":384,"height":537},{"@type":"BreadcrumbList","@id":"https:\/\/letrame.com\/catalogo\/producto\/deliana-la-custodia-del-umbral\/#breadcrumb","itemListElement":[{"@type":"ListItem","position":1,"name":"Portada","item":"https:\/\/letrame.com\/catalogo\/"},{"@type":"ListItem","position":2,"name":"Cat\u00e1logo","item":"https:\/\/letrame.com\/catalogo\/"},{"@type":"ListItem","position":3,"name":"Deliana La custodia del umbral"}]},{"@type":"WebSite","@id":"https:\/\/letrame.com\/catalogo\/#website","url":"https:\/\/letrame.com\/catalogo\/","name":"Catalogo | Letrame Grupo Editorial","description":"","publisher":{"@id":"https:\/\/letrame.com\/catalogo\/#organization"},"potentialAction":[{"@type":"SearchAction","target":{"@type":"EntryPoint","urlTemplate":"https:\/\/letrame.com\/catalogo\/?s={search_term_string}"},"query-input":{"@type":"PropertyValueSpecification","valueRequired":true,"valueName":"search_term_string"}}],"inLanguage":"es"},{"@type":"Organization","@id":"https:\/\/letrame.com\/catalogo\/#organization","name":"Catalogo | Letrame Grupo Editorial","url":"https:\/\/letrame.com\/catalogo\/","logo":{"@type":"ImageObject","inLanguage":"es","@id":"https:\/\/letrame.com\/catalogo\/#\/schema\/logo\/image\/","url":"https:\/\/letrame.com\/catalogo\/wp-content\/uploads\/2024\/03\/logo2.webp","contentUrl":"https:\/\/letrame.com\/catalogo\/wp-content\/uploads\/2024\/03\/logo2.webp","width":394,"height":128,"caption":"Catalogo | Letrame Grupo Editorial"},"image":{"@id":"https:\/\/letrame.com\/catalogo\/#\/schema\/logo\/image\/"}}]}},"_links":{"self":[{"href":"https:\/\/letrame.com\/catalogo\/wp-json\/wp\/v2\/product\/109378","targetHints":{"allow":["GET"]}}],"collection":[{"href":"https:\/\/letrame.com\/catalogo\/wp-json\/wp\/v2\/product"}],"about":[{"href":"https:\/\/letrame.com\/catalogo\/wp-json\/wp\/v2\/types\/product"}],"replies":[{"embeddable":true,"href":"https:\/\/letrame.com\/catalogo\/wp-json\/wp\/v2\/comments?post=109378"}],"acf:post":[{"embeddable":true,"href":"https:\/\/letrame.com\/catalogo\/wp-json\/wp\/v2\/author_book\/109379"}],"wp:featuredmedia":[{"embeddable":true,"href":"https:\/\/letrame.com\/catalogo\/wp-json\/wp\/v2\/media\/109383"}],"wp:attachment":[{"href":"https:\/\/letrame.com\/catalogo\/wp-json\/wp\/v2\/media?parent=109378"}],"wp:term":[{"taxonomy":"libro","embeddable":true,"href":"https:\/\/letrame.com\/catalogo\/wp-json\/wp\/v2\/libro?post=109378"},{"taxonomy":"product_brand","embeddable":true,"href":"https:\/\/letrame.com\/catalogo\/wp-json\/wp\/v2\/product_brand?post=109378"},{"taxonomy":"product_cat","embeddable":true,"href":"https:\/\/letrame.com\/catalogo\/wp-json\/wp\/v2\/product_cat?post=109378"},{"taxonomy":"product_tag","embeddable":true,"href":"https:\/\/letrame.com\/catalogo\/wp-json\/wp\/v2\/product_tag?post=109378"}],"curies":[{"name":"wp","href":"https:\/\/api.w.org\/{rel}","templated":true}]}}