{"id":109360,"date":"2025-11-12T09:16:02","date_gmt":"2025-11-12T08:16:02","guid":{"rendered":"https:\/\/letrame.com\/catalogo\/?post_type=product&#038;p=109360"},"modified":"2025-11-12T09:21:28","modified_gmt":"2025-11-12T08:21:28","slug":"tu-verdadera-naturaleza","status":"publish","type":"product","link":"https:\/\/letrame.com\/catalogo\/producto\/tu-verdadera-naturaleza\/","title":{"rendered":"Tu verdadera naturaleza"},"content":{"rendered":"<p><b style=\"font-family: -apple-system, BlinkMacSystemFont, 'Segoe UI', Roboto, 'Helvetica Neue', Arial, 'Noto Sans', sans-serif, 'Apple Color Emoji', 'Segoe UI Emoji', 'Segoe UI Symbol', 'Noto Color Emoji';\">ISBN: <\/b>9791370127947<\/p>\n<p class=\"p1\"><b>T\u00edtulo:<\/b>Tu verdadera naturaleza<\/p>\n<p class=\"p1\"><b>Fecha: <\/b>2025<\/p>\n<p class=\"p1\"><b>P\u00e1ginas: <\/b>134<\/p>\n<p class=\"p1\"><b>SINOPSIS<\/b><\/p>\n<p>\u00bfY si la plenitud que tanto buscas no estuviera en el futuro, en el esfuerzo, ni en convertirte en alguien distinto&#8230; sino en recordar qui\u00e9n eres en realidad?<br \/>\nTu verdadera naturaleza es una invitaci\u00f3n a detener la b\u00fasqueda incesante de felicidad en condiciones externas o en un futuro prometedor que nunca llega, y a detenerte, simplemente, para mirar aquello que ya eres, aqu\u00ed y ahora. Este no es un libro de autoayuda.<br \/>\nNo ofrece t\u00e9cnicas, f\u00f3rmulas ni promesas de mejora personal. Tampoco intenta ayudarte a \u00abarreglar\u00bb lo que crees que est\u00e1 roto en ti.<br \/>\nSu propuesta es sencilla: cuestionar la ilusi\u00f3n del yo separado, ese personaje que se siente incompleto, insuficiente o carente, y que vive intentando corregir esas sensaciones.<br \/>\nDesde una perspectiva esclarecedora, este libro cuestiona las ideas que solemos tener sobre el ego y la creencia de que la felicidad est\u00e1 en los logros, en las relaciones o en lo que a\u00fan no tenemos. A lo largo de sus p\u00e1ginas, se repite una sola verdad, dicha de muchas formas: la plenitud no es algo que tengas que conseguir, sino algo que aparece cuando dejas de buscar.<br \/>\nNo hay nada que alcanzar. No te falta nada.<br \/>\nEste no es un camino hacia algo.<br \/>\nEs un retorno.<br \/>\nUn recordar.<br \/>\nY el fin de toda lucha.<\/p>\n","protected":false},"excerpt":{"rendered":"<p><b style=\"font-family: -apple-system, BlinkMacSystemFont, 'Segoe UI', Roboto, 'Helvetica Neue', Arial, 'Noto Sans', sans-serif, 'Apple Color Emoji', 'Segoe UI Emoji', 'Segoe UI Symbol', 'Noto Color Emoji';\">ISBN: <\/b>9791370127947<\/p>\n<p class=\"p1\"><b>SINOPSIS<\/b><\/p>\n<p>\u00bfY si la plenitud que tanto buscas no estuviera en el futuro, en el esfuerzo, ni en convertirte en alguien distinto&#8230; sino en recordar qui\u00e9n eres en realidad?<br \/>\nTu verdadera naturaleza es una invitaci\u00f3n a detener la b\u00fasqueda incesante de felicidad en condiciones externas o en un futuro prometedor que nunca llega, y a detenerte, simplemente, para mirar aquello que ya eres, aqu\u00ed y ahora. Este no es un libro de autoayuda.<br \/>\nNo ofrece t\u00e9cnicas, f\u00f3rmulas ni promesas de mejora personal. Tampoco intenta ayudarte a \u00abarreglar\u00bb lo que crees que est\u00e1 roto en ti.<br \/>\nSu propuesta es sencilla: cuestionar la ilusi\u00f3n del yo separado, ese personaje que se siente incompleto, insuficiente o carente, y que vive intentando corregir esas sensaciones.<br \/>\nDesde una perspectiva esclarecedora, este libro cuestiona las ideas que solemos tener sobre el ego y la creencia de que la felicidad est\u00e1 en los logros, en las relaciones o en lo que a\u00fan no tenemos. A lo largo de sus p\u00e1ginas, se repite una sola verdad, dicha de muchas formas: la plenitud no es algo que tengas que conseguir, sino algo que aparece cuando dejas de buscar.<br \/>\nNo hay nada que alcanzar. No te falta nada.<br \/>\nEste no es un camino hacia algo.<br \/>\nEs un retorno.<br \/>\nUn recordar.<br \/>\nY el fin de toda lucha.<\/p>\n","protected":false},"featured_media":109361,"comment_status":"open","ping_status":"closed","template":"","meta":{"_acf_changed":false},"libro":[],"product_brand":[],"product_cat":[18],"product_tag":[],"class_list":{"0":"post-109360","1":"product","2":"type-product","3":"status-publish","4":"has-post-thumbnail","6":"product_cat-autoayuda","8":"first","9":"instock","10":"shipping-taxable","11":"product-type-simple"},"acf":{"autor":[109362],"enlace_de_compra":"https:\/\/www.margenlibros.com\/libro\/tu-verdadera-naturaleza_I0100193928"},"yoast_head":"<!-- This site is optimized with the Yoast SEO plugin v27.4 - https:\/\/yoast.com\/product\/yoast-seo-wordpress\/ -->\n<title>Tu verdadera naturaleza - Catalogo | Letrame Grupo Editorial<\/title>\n<meta name=\"robots\" content=\"index, follow, max-snippet:-1, max-image-preview:large, max-video-preview:-1\" \/>\n<link rel=\"canonical\" href=\"https:\/\/letrame.com\/catalogo\/producto\/tu-verdadera-naturaleza\/\" \/>\n<meta property=\"og:locale\" content=\"es_ES\" \/>\n<meta property=\"og:type\" content=\"article\" \/>\n<meta property=\"og:title\" content=\"Tu verdadera naturaleza - Catalogo | Letrame Grupo Editorial\" \/>\n<meta property=\"og:description\" content=\"ISBN: 9791370127947 SINOPSIS \u00bfY si la plenitud que tanto buscas no estuviera en el futuro, en el esfuerzo, ni en convertirte en alguien distinto... sino en recordar qui\u00e9n eres en realidad? Tu verdadera naturaleza es una invitaci\u00f3n a detener la b\u00fasqueda incesante de felicidad en condiciones externas o en un futuro prometedor que nunca llega, y a detenerte, simplemente, para mirar aquello que ya eres, aqu\u00ed y ahora. Este no es un libro de autoayuda. No ofrece t\u00e9cnicas, f\u00f3rmulas ni promesas de mejora personal. Tampoco intenta ayudarte a \u00abarreglar\u00bb lo que crees que est\u00e1 roto en ti. Su propuesta es sencilla: cuestionar la ilusi\u00f3n del yo separado, ese personaje que se siente incompleto, insuficiente o carente, y que vive intentando corregir esas sensaciones. Desde una perspectiva esclarecedora, este libro cuestiona las ideas que solemos tener sobre el ego y la creencia de que la felicidad est\u00e1 en los logros, en las relaciones o en lo que a\u00fan no tenemos. A lo largo de sus p\u00e1ginas, se repite una sola verdad, dicha de muchas formas: la plenitud no es algo que tengas que conseguir, sino algo que aparece cuando dejas de buscar. No hay nada que alcanzar. No te falta nada. Este no es un camino hacia algo. Es un retorno. Un recordar. Y el fin de toda lucha.\" \/>\n<meta property=\"og:url\" content=\"https:\/\/letrame.com\/catalogo\/producto\/tu-verdadera-naturaleza\/\" \/>\n<meta property=\"og:site_name\" content=\"Catalogo | Letrame Grupo Editorial\" \/>\n<meta property=\"article:modified_time\" content=\"2025-11-12T08:21:28+00:00\" \/>\n<meta property=\"og:image\" content=\"https:\/\/letrame.com\/catalogo\/wp-content\/uploads\/2025\/11\/tuverdaderanatu_729mm4.jpg\" \/>\n\t<meta property=\"og:image:width\" content=\"384\" \/>\n\t<meta property=\"og:image:height\" content=\"537\" \/>\n\t<meta property=\"og:image:type\" content=\"image\/jpeg\" \/>\n<meta name=\"twitter:card\" content=\"summary_large_image\" \/>\n<meta name=\"twitter:label1\" content=\"Tiempo de lectura\" \/>\n\t<meta name=\"twitter:data1\" content=\"2 minutos\" \/>\n<script type=\"application\/ld+json\" class=\"yoast-schema-graph\">{\"@context\":\"https:\\\/\\\/schema.org\",\"@graph\":[{\"@type\":\"WebPage\",\"@id\":\"https:\\\/\\\/letrame.com\\\/catalogo\\\/producto\\\/tu-verdadera-naturaleza\\\/\",\"url\":\"https:\\\/\\\/letrame.com\\\/catalogo\\\/producto\\\/tu-verdadera-naturaleza\\\/\",\"name\":\"Tu verdadera naturaleza - Catalogo | Letrame Grupo Editorial\",\"isPartOf\":{\"@id\":\"https:\\\/\\\/letrame.com\\\/catalogo\\\/#website\"},\"primaryImageOfPage\":{\"@id\":\"https:\\\/\\\/letrame.com\\\/catalogo\\\/producto\\\/tu-verdadera-naturaleza\\\/#primaryimage\"},\"image\":{\"@id\":\"https:\\\/\\\/letrame.com\\\/catalogo\\\/producto\\\/tu-verdadera-naturaleza\\\/#primaryimage\"},\"thumbnailUrl\":\"https:\\\/\\\/letrame.com\\\/catalogo\\\/wp-content\\\/uploads\\\/2025\\\/11\\\/tuverdaderanatu_729mm4.jpg\",\"datePublished\":\"2025-11-12T08:16:02+00:00\",\"dateModified\":\"2025-11-12T08:21:28+00:00\",\"breadcrumb\":{\"@id\":\"https:\\\/\\\/letrame.com\\\/catalogo\\\/producto\\\/tu-verdadera-naturaleza\\\/#breadcrumb\"},\"inLanguage\":\"es\",\"potentialAction\":[{\"@type\":\"ReadAction\",\"target\":[\"https:\\\/\\\/letrame.com\\\/catalogo\\\/producto\\\/tu-verdadera-naturaleza\\\/\"]}]},{\"@type\":\"ImageObject\",\"inLanguage\":\"es\",\"@id\":\"https:\\\/\\\/letrame.com\\\/catalogo\\\/producto\\\/tu-verdadera-naturaleza\\\/#primaryimage\",\"url\":\"https:\\\/\\\/letrame.com\\\/catalogo\\\/wp-content\\\/uploads\\\/2025\\\/11\\\/tuverdaderanatu_729mm4.jpg\",\"contentUrl\":\"https:\\\/\\\/letrame.com\\\/catalogo\\\/wp-content\\\/uploads\\\/2025\\\/11\\\/tuverdaderanatu_729mm4.jpg\",\"width\":384,\"height\":537},{\"@type\":\"BreadcrumbList\",\"@id\":\"https:\\\/\\\/letrame.com\\\/catalogo\\\/producto\\\/tu-verdadera-naturaleza\\\/#breadcrumb\",\"itemListElement\":[{\"@type\":\"ListItem\",\"position\":1,\"name\":\"Portada\",\"item\":\"https:\\\/\\\/letrame.com\\\/catalogo\\\/\"},{\"@type\":\"ListItem\",\"position\":2,\"name\":\"Cat\u00e1logo\",\"item\":\"https:\\\/\\\/letrame.com\\\/catalogo\\\/\"},{\"@type\":\"ListItem\",\"position\":3,\"name\":\"Tu verdadera naturaleza\"}]},{\"@type\":\"WebSite\",\"@id\":\"https:\\\/\\\/letrame.com\\\/catalogo\\\/#website\",\"url\":\"https:\\\/\\\/letrame.com\\\/catalogo\\\/\",\"name\":\"Catalogo | Letrame Grupo Editorial\",\"description\":\"\",\"publisher\":{\"@id\":\"https:\\\/\\\/letrame.com\\\/catalogo\\\/#organization\"},\"potentialAction\":[{\"@type\":\"SearchAction\",\"target\":{\"@type\":\"EntryPoint\",\"urlTemplate\":\"https:\\\/\\\/letrame.com\\\/catalogo\\\/?s={search_term_string}\"},\"query-input\":{\"@type\":\"PropertyValueSpecification\",\"valueRequired\":true,\"valueName\":\"search_term_string\"}}],\"inLanguage\":\"es\"},{\"@type\":\"Organization\",\"@id\":\"https:\\\/\\\/letrame.com\\\/catalogo\\\/#organization\",\"name\":\"Catalogo | Letrame Grupo Editorial\",\"url\":\"https:\\\/\\\/letrame.com\\\/catalogo\\\/\",\"logo\":{\"@type\":\"ImageObject\",\"inLanguage\":\"es\",\"@id\":\"https:\\\/\\\/letrame.com\\\/catalogo\\\/#\\\/schema\\\/logo\\\/image\\\/\",\"url\":\"https:\\\/\\\/letrame.com\\\/catalogo\\\/wp-content\\\/uploads\\\/2024\\\/03\\\/logo2.webp\",\"contentUrl\":\"https:\\\/\\\/letrame.com\\\/catalogo\\\/wp-content\\\/uploads\\\/2024\\\/03\\\/logo2.webp\",\"width\":394,\"height\":128,\"caption\":\"Catalogo | Letrame Grupo Editorial\"},\"image\":{\"@id\":\"https:\\\/\\\/letrame.com\\\/catalogo\\\/#\\\/schema\\\/logo\\\/image\\\/\"}}]}<\/script>\n<!-- \/ Yoast SEO plugin. -->","yoast_head_json":{"title":"Tu verdadera naturaleza - Catalogo | Letrame Grupo Editorial","robots":{"index":"index","follow":"follow","max-snippet":"max-snippet:-1","max-image-preview":"max-image-preview:large","max-video-preview":"max-video-preview:-1"},"canonical":"https:\/\/letrame.com\/catalogo\/producto\/tu-verdadera-naturaleza\/","og_locale":"es_ES","og_type":"article","og_title":"Tu verdadera naturaleza - Catalogo | Letrame Grupo Editorial","og_description":"ISBN: 9791370127947 SINOPSIS \u00bfY si la plenitud que tanto buscas no estuviera en el futuro, en el esfuerzo, ni en convertirte en alguien distinto... sino en recordar qui\u00e9n eres en realidad? Tu verdadera naturaleza es una invitaci\u00f3n a detener la b\u00fasqueda incesante de felicidad en condiciones externas o en un futuro prometedor que nunca llega, y a detenerte, simplemente, para mirar aquello que ya eres, aqu\u00ed y ahora. Este no es un libro de autoayuda. No ofrece t\u00e9cnicas, f\u00f3rmulas ni promesas de mejora personal. Tampoco intenta ayudarte a \u00abarreglar\u00bb lo que crees que est\u00e1 roto en ti. Su propuesta es sencilla: cuestionar la ilusi\u00f3n del yo separado, ese personaje que se siente incompleto, insuficiente o carente, y que vive intentando corregir esas sensaciones. Desde una perspectiva esclarecedora, este libro cuestiona las ideas que solemos tener sobre el ego y la creencia de que la felicidad est\u00e1 en los logros, en las relaciones o en lo que a\u00fan no tenemos. A lo largo de sus p\u00e1ginas, se repite una sola verdad, dicha de muchas formas: la plenitud no es algo que tengas que conseguir, sino algo que aparece cuando dejas de buscar. No hay nada que alcanzar. No te falta nada. Este no es un camino hacia algo. Es un retorno. Un recordar. Y el fin de toda lucha.","og_url":"https:\/\/letrame.com\/catalogo\/producto\/tu-verdadera-naturaleza\/","og_site_name":"Catalogo | Letrame Grupo Editorial","article_modified_time":"2025-11-12T08:21:28+00:00","og_image":[{"width":384,"height":537,"url":"https:\/\/letrame.com\/catalogo\/wp-content\/uploads\/2025\/11\/tuverdaderanatu_729mm4.jpg","type":"image\/jpeg"}],"twitter_card":"summary_large_image","twitter_misc":{"Tiempo de lectura":"2 minutos"},"schema":{"@context":"https:\/\/schema.org","@graph":[{"@type":"WebPage","@id":"https:\/\/letrame.com\/catalogo\/producto\/tu-verdadera-naturaleza\/","url":"https:\/\/letrame.com\/catalogo\/producto\/tu-verdadera-naturaleza\/","name":"Tu verdadera naturaleza - Catalogo | Letrame Grupo Editorial","isPartOf":{"@id":"https:\/\/letrame.com\/catalogo\/#website"},"primaryImageOfPage":{"@id":"https:\/\/letrame.com\/catalogo\/producto\/tu-verdadera-naturaleza\/#primaryimage"},"image":{"@id":"https:\/\/letrame.com\/catalogo\/producto\/tu-verdadera-naturaleza\/#primaryimage"},"thumbnailUrl":"https:\/\/letrame.com\/catalogo\/wp-content\/uploads\/2025\/11\/tuverdaderanatu_729mm4.jpg","datePublished":"2025-11-12T08:16:02+00:00","dateModified":"2025-11-12T08:21:28+00:00","breadcrumb":{"@id":"https:\/\/letrame.com\/catalogo\/producto\/tu-verdadera-naturaleza\/#breadcrumb"},"inLanguage":"es","potentialAction":[{"@type":"ReadAction","target":["https:\/\/letrame.com\/catalogo\/producto\/tu-verdadera-naturaleza\/"]}]},{"@type":"ImageObject","inLanguage":"es","@id":"https:\/\/letrame.com\/catalogo\/producto\/tu-verdadera-naturaleza\/#primaryimage","url":"https:\/\/letrame.com\/catalogo\/wp-content\/uploads\/2025\/11\/tuverdaderanatu_729mm4.jpg","contentUrl":"https:\/\/letrame.com\/catalogo\/wp-content\/uploads\/2025\/11\/tuverdaderanatu_729mm4.jpg","width":384,"height":537},{"@type":"BreadcrumbList","@id":"https:\/\/letrame.com\/catalogo\/producto\/tu-verdadera-naturaleza\/#breadcrumb","itemListElement":[{"@type":"ListItem","position":1,"name":"Portada","item":"https:\/\/letrame.com\/catalogo\/"},{"@type":"ListItem","position":2,"name":"Cat\u00e1logo","item":"https:\/\/letrame.com\/catalogo\/"},{"@type":"ListItem","position":3,"name":"Tu verdadera naturaleza"}]},{"@type":"WebSite","@id":"https:\/\/letrame.com\/catalogo\/#website","url":"https:\/\/letrame.com\/catalogo\/","name":"Catalogo | Letrame Grupo Editorial","description":"","publisher":{"@id":"https:\/\/letrame.com\/catalogo\/#organization"},"potentialAction":[{"@type":"SearchAction","target":{"@type":"EntryPoint","urlTemplate":"https:\/\/letrame.com\/catalogo\/?s={search_term_string}"},"query-input":{"@type":"PropertyValueSpecification","valueRequired":true,"valueName":"search_term_string"}}],"inLanguage":"es"},{"@type":"Organization","@id":"https:\/\/letrame.com\/catalogo\/#organization","name":"Catalogo | Letrame Grupo Editorial","url":"https:\/\/letrame.com\/catalogo\/","logo":{"@type":"ImageObject","inLanguage":"es","@id":"https:\/\/letrame.com\/catalogo\/#\/schema\/logo\/image\/","url":"https:\/\/letrame.com\/catalogo\/wp-content\/uploads\/2024\/03\/logo2.webp","contentUrl":"https:\/\/letrame.com\/catalogo\/wp-content\/uploads\/2024\/03\/logo2.webp","width":394,"height":128,"caption":"Catalogo | Letrame Grupo Editorial"},"image":{"@id":"https:\/\/letrame.com\/catalogo\/#\/schema\/logo\/image\/"}}]}},"_links":{"self":[{"href":"https:\/\/letrame.com\/catalogo\/wp-json\/wp\/v2\/product\/109360","targetHints":{"allow":["GET"]}}],"collection":[{"href":"https:\/\/letrame.com\/catalogo\/wp-json\/wp\/v2\/product"}],"about":[{"href":"https:\/\/letrame.com\/catalogo\/wp-json\/wp\/v2\/types\/product"}],"replies":[{"embeddable":true,"href":"https:\/\/letrame.com\/catalogo\/wp-json\/wp\/v2\/comments?post=109360"}],"acf:post":[{"embeddable":true,"href":"https:\/\/letrame.com\/catalogo\/wp-json\/wp\/v2\/author_book\/109362"}],"wp:featuredmedia":[{"embeddable":true,"href":"https:\/\/letrame.com\/catalogo\/wp-json\/wp\/v2\/media\/109361"}],"wp:attachment":[{"href":"https:\/\/letrame.com\/catalogo\/wp-json\/wp\/v2\/media?parent=109360"}],"wp:term":[{"taxonomy":"libro","embeddable":true,"href":"https:\/\/letrame.com\/catalogo\/wp-json\/wp\/v2\/libro?post=109360"},{"taxonomy":"product_brand","embeddable":true,"href":"https:\/\/letrame.com\/catalogo\/wp-json\/wp\/v2\/product_brand?post=109360"},{"taxonomy":"product_cat","embeddable":true,"href":"https:\/\/letrame.com\/catalogo\/wp-json\/wp\/v2\/product_cat?post=109360"},{"taxonomy":"product_tag","embeddable":true,"href":"https:\/\/letrame.com\/catalogo\/wp-json\/wp\/v2\/product_tag?post=109360"}],"curies":[{"name":"wp","href":"https:\/\/api.w.org\/{rel}","templated":true}]}}