{"id":109334,"date":"2025-11-10T09:19:35","date_gmt":"2025-11-10T08:19:35","guid":{"rendered":"https:\/\/letrame.com\/catalogo\/?post_type=product&#038;p=109334"},"modified":"2025-11-10T09:20:59","modified_gmt":"2025-11-10T08:20:59","slug":"la-castradora","status":"publish","type":"product","link":"https:\/\/letrame.com\/catalogo\/producto\/la-castradora\/","title":{"rendered":"La castradora"},"content":{"rendered":"<p class=\"p1\"><b>ISBN: <\/b>9791370127640<\/p>\n<p class=\"p1\"><b>T\u00edtulo:<\/b> La castradora<\/p>\n<p class=\"p1\"><b>Fecha: <\/b>2025<\/p>\n<p class=\"p1\"><b>P\u00e1ginas: <\/b>176<\/p>\n<p class=\"p1\"><b>SINOPSIS<\/b><\/p>\n<p>Londres se estremece ante una serie de asesinatos que dejan tras de s\u00ed una firma macabra: hombres castrados con precisi\u00f3n quir\u00fargica.<br \/>\nMientras el miedo se extiende, la polic\u00eda lucha por descifrar el patr\u00f3n de un asesino que parece moverse con inteligencia fr\u00eda y un prop\u00f3sito oculto.<br \/>\nEn paralelo, seguimos a Elizabeth, una reconocida ur\u00f3loga de impecable reputaci\u00f3n, lleva una vida aparentemente tranquila junto a<br \/>\nLoraine, su pareja desde los a\u00f1os de internado. Unidas por un v\u00ednculo profundo que naci\u00f3 en la adolescencia, ambas han construido una existencia serena&#8230; o eso parece.<br \/>\nPero debajo de la superficie, hay secretos que nunca sanaron. Y cuando las piezas comienzan a encajar, queda claro que detr\u00e1s de los cr\u00edmenes se esconde algo m\u00e1s que un simple deseo de matar: hay una historia de dolor, venganza y oscuridad cuidadosamente contenida.<br \/>\nEn una ciudad donde la verdad se esconde en las sombras, la pregunta no es qui\u00e9n ser\u00e1 la pr\u00f3xima v\u00edctima, sino qu\u00e9 tan cerca est\u00e1 el asesino de quienes menos lo imaginan.<\/p>\n","protected":false},"excerpt":{"rendered":"<p><b>ISBN: <\/b>9791370127640<\/p>\n<p class=\"p1\"><b>SINOPSIS<\/b><\/p>\n<p>Londres se estremece ante una serie de asesinatos que dejan tras de s\u00ed una firma macabra: hombres castrados con precisi\u00f3n quir\u00fargica.<br \/>\nMientras el miedo se extiende, la polic\u00eda lucha por descifrar el patr\u00f3n de un asesino que parece moverse con inteligencia fr\u00eda y un prop\u00f3sito oculto.<br \/>\nEn paralelo, seguimos a Elizabeth, una reconocida ur\u00f3loga de impecable reputaci\u00f3n, lleva una vida aparentemente tranquila junto a<br \/>\nLoraine, su pareja desde los a\u00f1os de internado. Unidas por un v\u00ednculo profundo que naci\u00f3 en la adolescencia, ambas han construido una existencia serena&#8230; o eso parece.<br \/>\nPero debajo de la superficie, hay secretos que nunca sanaron. Y cuando las piezas comienzan a encajar, queda claro que detr\u00e1s de los cr\u00edmenes se esconde algo m\u00e1s que un simple deseo de matar: hay una historia de dolor, venganza y oscuridad cuidadosamente contenida.<br \/>\nEn una ciudad donde la verdad se esconde en las sombras, la pregunta no es qui\u00e9n ser\u00e1 la pr\u00f3xima v\u00edctima, sino qu\u00e9 tan cerca est\u00e1 el asesino de quienes menos lo imaginan.<\/p>\n","protected":false},"featured_media":109335,"comment_status":"open","ping_status":"closed","template":"","meta":{"_acf_changed":false},"libro":[],"product_brand":[],"product_cat":[47],"product_tag":[],"class_list":{"0":"post-109334","1":"product","2":"type-product","3":"status-publish","4":"has-post-thumbnail","6":"product_cat-ciencia-ficcion-misterio","8":"first","9":"instock","10":"shipping-taxable","11":"product-type-simple"},"acf":{"autor":[109336],"enlace_de_compra":"https:\/\/www.amazon.es\/dp\/B0FPK4P1K1"},"yoast_head":"<!-- This site is optimized with the Yoast SEO plugin v27.4 - https:\/\/yoast.com\/product\/yoast-seo-wordpress\/ -->\n<title>La castradora - Catalogo | Letrame Grupo Editorial<\/title>\n<meta name=\"robots\" content=\"index, follow, max-snippet:-1, max-image-preview:large, max-video-preview:-1\" \/>\n<link rel=\"canonical\" href=\"https:\/\/letrame.com\/catalogo\/producto\/la-castradora\/\" \/>\n<meta property=\"og:locale\" content=\"es_ES\" \/>\n<meta property=\"og:type\" content=\"article\" \/>\n<meta property=\"og:title\" content=\"La castradora - Catalogo | Letrame Grupo Editorial\" \/>\n<meta property=\"og:description\" content=\"ISBN: 9791370127640 SINOPSIS Londres se estremece ante una serie de asesinatos que dejan tras de s\u00ed una firma macabra: hombres castrados con precisi\u00f3n quir\u00fargica. Mientras el miedo se extiende, la polic\u00eda lucha por descifrar el patr\u00f3n de un asesino que parece moverse con inteligencia fr\u00eda y un prop\u00f3sito oculto. En paralelo, seguimos a Elizabeth, una reconocida ur\u00f3loga de impecable reputaci\u00f3n, lleva una vida aparentemente tranquila junto a Loraine, su pareja desde los a\u00f1os de internado. Unidas por un v\u00ednculo profundo que naci\u00f3 en la adolescencia, ambas han construido una existencia serena... o eso parece. Pero debajo de la superficie, hay secretos que nunca sanaron. Y cuando las piezas comienzan a encajar, queda claro que detr\u00e1s de los cr\u00edmenes se esconde algo m\u00e1s que un simple deseo de matar: hay una historia de dolor, venganza y oscuridad cuidadosamente contenida. En una ciudad donde la verdad se esconde en las sombras, la pregunta no es qui\u00e9n ser\u00e1 la pr\u00f3xima v\u00edctima, sino qu\u00e9 tan cerca est\u00e1 el asesino de quienes menos lo imaginan.\" \/>\n<meta property=\"og:url\" content=\"https:\/\/letrame.com\/catalogo\/producto\/la-castradora\/\" \/>\n<meta property=\"og:site_name\" content=\"Catalogo | Letrame Grupo Editorial\" \/>\n<meta property=\"article:modified_time\" content=\"2025-11-10T08:20:59+00:00\" \/>\n<meta property=\"og:image\" content=\"https:\/\/letrame.com\/catalogo\/wp-content\/uploads\/2025\/11\/lacastradora_928mm4.jpg\" \/>\n\t<meta property=\"og:image:width\" content=\"384\" \/>\n\t<meta property=\"og:image:height\" content=\"537\" \/>\n\t<meta property=\"og:image:type\" content=\"image\/jpeg\" \/>\n<meta name=\"twitter:card\" content=\"summary_large_image\" \/>\n<meta name=\"twitter:label1\" content=\"Tiempo de lectura\" \/>\n\t<meta name=\"twitter:data1\" content=\"2 minutos\" \/>\n<script type=\"application\/ld+json\" class=\"yoast-schema-graph\">{\"@context\":\"https:\\\/\\\/schema.org\",\"@graph\":[{\"@type\":\"WebPage\",\"@id\":\"https:\\\/\\\/letrame.com\\\/catalogo\\\/producto\\\/la-castradora\\\/\",\"url\":\"https:\\\/\\\/letrame.com\\\/catalogo\\\/producto\\\/la-castradora\\\/\",\"name\":\"La castradora - Catalogo | Letrame Grupo Editorial\",\"isPartOf\":{\"@id\":\"https:\\\/\\\/letrame.com\\\/catalogo\\\/#website\"},\"primaryImageOfPage\":{\"@id\":\"https:\\\/\\\/letrame.com\\\/catalogo\\\/producto\\\/la-castradora\\\/#primaryimage\"},\"image\":{\"@id\":\"https:\\\/\\\/letrame.com\\\/catalogo\\\/producto\\\/la-castradora\\\/#primaryimage\"},\"thumbnailUrl\":\"https:\\\/\\\/letrame.com\\\/catalogo\\\/wp-content\\\/uploads\\\/2025\\\/11\\\/lacastradora_928mm4.jpg\",\"datePublished\":\"2025-11-10T08:19:35+00:00\",\"dateModified\":\"2025-11-10T08:20:59+00:00\",\"breadcrumb\":{\"@id\":\"https:\\\/\\\/letrame.com\\\/catalogo\\\/producto\\\/la-castradora\\\/#breadcrumb\"},\"inLanguage\":\"es\",\"potentialAction\":[{\"@type\":\"ReadAction\",\"target\":[\"https:\\\/\\\/letrame.com\\\/catalogo\\\/producto\\\/la-castradora\\\/\"]}]},{\"@type\":\"ImageObject\",\"inLanguage\":\"es\",\"@id\":\"https:\\\/\\\/letrame.com\\\/catalogo\\\/producto\\\/la-castradora\\\/#primaryimage\",\"url\":\"https:\\\/\\\/letrame.com\\\/catalogo\\\/wp-content\\\/uploads\\\/2025\\\/11\\\/lacastradora_928mm4.jpg\",\"contentUrl\":\"https:\\\/\\\/letrame.com\\\/catalogo\\\/wp-content\\\/uploads\\\/2025\\\/11\\\/lacastradora_928mm4.jpg\",\"width\":384,\"height\":537},{\"@type\":\"BreadcrumbList\",\"@id\":\"https:\\\/\\\/letrame.com\\\/catalogo\\\/producto\\\/la-castradora\\\/#breadcrumb\",\"itemListElement\":[{\"@type\":\"ListItem\",\"position\":1,\"name\":\"Portada\",\"item\":\"https:\\\/\\\/letrame.com\\\/catalogo\\\/\"},{\"@type\":\"ListItem\",\"position\":2,\"name\":\"Cat\u00e1logo\",\"item\":\"https:\\\/\\\/letrame.com\\\/catalogo\\\/\"},{\"@type\":\"ListItem\",\"position\":3,\"name\":\"La castradora\"}]},{\"@type\":\"WebSite\",\"@id\":\"https:\\\/\\\/letrame.com\\\/catalogo\\\/#website\",\"url\":\"https:\\\/\\\/letrame.com\\\/catalogo\\\/\",\"name\":\"Catalogo | Letrame Grupo Editorial\",\"description\":\"\",\"publisher\":{\"@id\":\"https:\\\/\\\/letrame.com\\\/catalogo\\\/#organization\"},\"potentialAction\":[{\"@type\":\"SearchAction\",\"target\":{\"@type\":\"EntryPoint\",\"urlTemplate\":\"https:\\\/\\\/letrame.com\\\/catalogo\\\/?s={search_term_string}\"},\"query-input\":{\"@type\":\"PropertyValueSpecification\",\"valueRequired\":true,\"valueName\":\"search_term_string\"}}],\"inLanguage\":\"es\"},{\"@type\":\"Organization\",\"@id\":\"https:\\\/\\\/letrame.com\\\/catalogo\\\/#organization\",\"name\":\"Catalogo | Letrame Grupo Editorial\",\"url\":\"https:\\\/\\\/letrame.com\\\/catalogo\\\/\",\"logo\":{\"@type\":\"ImageObject\",\"inLanguage\":\"es\",\"@id\":\"https:\\\/\\\/letrame.com\\\/catalogo\\\/#\\\/schema\\\/logo\\\/image\\\/\",\"url\":\"https:\\\/\\\/letrame.com\\\/catalogo\\\/wp-content\\\/uploads\\\/2024\\\/03\\\/logo2.webp\",\"contentUrl\":\"https:\\\/\\\/letrame.com\\\/catalogo\\\/wp-content\\\/uploads\\\/2024\\\/03\\\/logo2.webp\",\"width\":394,\"height\":128,\"caption\":\"Catalogo | Letrame Grupo Editorial\"},\"image\":{\"@id\":\"https:\\\/\\\/letrame.com\\\/catalogo\\\/#\\\/schema\\\/logo\\\/image\\\/\"}}]}<\/script>\n<!-- \/ Yoast SEO plugin. -->","yoast_head_json":{"title":"La castradora - Catalogo | Letrame Grupo Editorial","robots":{"index":"index","follow":"follow","max-snippet":"max-snippet:-1","max-image-preview":"max-image-preview:large","max-video-preview":"max-video-preview:-1"},"canonical":"https:\/\/letrame.com\/catalogo\/producto\/la-castradora\/","og_locale":"es_ES","og_type":"article","og_title":"La castradora - Catalogo | Letrame Grupo Editorial","og_description":"ISBN: 9791370127640 SINOPSIS Londres se estremece ante una serie de asesinatos que dejan tras de s\u00ed una firma macabra: hombres castrados con precisi\u00f3n quir\u00fargica. Mientras el miedo se extiende, la polic\u00eda lucha por descifrar el patr\u00f3n de un asesino que parece moverse con inteligencia fr\u00eda y un prop\u00f3sito oculto. En paralelo, seguimos a Elizabeth, una reconocida ur\u00f3loga de impecable reputaci\u00f3n, lleva una vida aparentemente tranquila junto a Loraine, su pareja desde los a\u00f1os de internado. Unidas por un v\u00ednculo profundo que naci\u00f3 en la adolescencia, ambas han construido una existencia serena... o eso parece. Pero debajo de la superficie, hay secretos que nunca sanaron. Y cuando las piezas comienzan a encajar, queda claro que detr\u00e1s de los cr\u00edmenes se esconde algo m\u00e1s que un simple deseo de matar: hay una historia de dolor, venganza y oscuridad cuidadosamente contenida. En una ciudad donde la verdad se esconde en las sombras, la pregunta no es qui\u00e9n ser\u00e1 la pr\u00f3xima v\u00edctima, sino qu\u00e9 tan cerca est\u00e1 el asesino de quienes menos lo imaginan.","og_url":"https:\/\/letrame.com\/catalogo\/producto\/la-castradora\/","og_site_name":"Catalogo | Letrame Grupo Editorial","article_modified_time":"2025-11-10T08:20:59+00:00","og_image":[{"width":384,"height":537,"url":"https:\/\/letrame.com\/catalogo\/wp-content\/uploads\/2025\/11\/lacastradora_928mm4.jpg","type":"image\/jpeg"}],"twitter_card":"summary_large_image","twitter_misc":{"Tiempo de lectura":"2 minutos"},"schema":{"@context":"https:\/\/schema.org","@graph":[{"@type":"WebPage","@id":"https:\/\/letrame.com\/catalogo\/producto\/la-castradora\/","url":"https:\/\/letrame.com\/catalogo\/producto\/la-castradora\/","name":"La castradora - Catalogo | Letrame Grupo Editorial","isPartOf":{"@id":"https:\/\/letrame.com\/catalogo\/#website"},"primaryImageOfPage":{"@id":"https:\/\/letrame.com\/catalogo\/producto\/la-castradora\/#primaryimage"},"image":{"@id":"https:\/\/letrame.com\/catalogo\/producto\/la-castradora\/#primaryimage"},"thumbnailUrl":"https:\/\/letrame.com\/catalogo\/wp-content\/uploads\/2025\/11\/lacastradora_928mm4.jpg","datePublished":"2025-11-10T08:19:35+00:00","dateModified":"2025-11-10T08:20:59+00:00","breadcrumb":{"@id":"https:\/\/letrame.com\/catalogo\/producto\/la-castradora\/#breadcrumb"},"inLanguage":"es","potentialAction":[{"@type":"ReadAction","target":["https:\/\/letrame.com\/catalogo\/producto\/la-castradora\/"]}]},{"@type":"ImageObject","inLanguage":"es","@id":"https:\/\/letrame.com\/catalogo\/producto\/la-castradora\/#primaryimage","url":"https:\/\/letrame.com\/catalogo\/wp-content\/uploads\/2025\/11\/lacastradora_928mm4.jpg","contentUrl":"https:\/\/letrame.com\/catalogo\/wp-content\/uploads\/2025\/11\/lacastradora_928mm4.jpg","width":384,"height":537},{"@type":"BreadcrumbList","@id":"https:\/\/letrame.com\/catalogo\/producto\/la-castradora\/#breadcrumb","itemListElement":[{"@type":"ListItem","position":1,"name":"Portada","item":"https:\/\/letrame.com\/catalogo\/"},{"@type":"ListItem","position":2,"name":"Cat\u00e1logo","item":"https:\/\/letrame.com\/catalogo\/"},{"@type":"ListItem","position":3,"name":"La castradora"}]},{"@type":"WebSite","@id":"https:\/\/letrame.com\/catalogo\/#website","url":"https:\/\/letrame.com\/catalogo\/","name":"Catalogo | Letrame Grupo Editorial","description":"","publisher":{"@id":"https:\/\/letrame.com\/catalogo\/#organization"},"potentialAction":[{"@type":"SearchAction","target":{"@type":"EntryPoint","urlTemplate":"https:\/\/letrame.com\/catalogo\/?s={search_term_string}"},"query-input":{"@type":"PropertyValueSpecification","valueRequired":true,"valueName":"search_term_string"}}],"inLanguage":"es"},{"@type":"Organization","@id":"https:\/\/letrame.com\/catalogo\/#organization","name":"Catalogo | Letrame Grupo Editorial","url":"https:\/\/letrame.com\/catalogo\/","logo":{"@type":"ImageObject","inLanguage":"es","@id":"https:\/\/letrame.com\/catalogo\/#\/schema\/logo\/image\/","url":"https:\/\/letrame.com\/catalogo\/wp-content\/uploads\/2024\/03\/logo2.webp","contentUrl":"https:\/\/letrame.com\/catalogo\/wp-content\/uploads\/2024\/03\/logo2.webp","width":394,"height":128,"caption":"Catalogo | Letrame Grupo Editorial"},"image":{"@id":"https:\/\/letrame.com\/catalogo\/#\/schema\/logo\/image\/"}}]}},"_links":{"self":[{"href":"https:\/\/letrame.com\/catalogo\/wp-json\/wp\/v2\/product\/109334","targetHints":{"allow":["GET"]}}],"collection":[{"href":"https:\/\/letrame.com\/catalogo\/wp-json\/wp\/v2\/product"}],"about":[{"href":"https:\/\/letrame.com\/catalogo\/wp-json\/wp\/v2\/types\/product"}],"replies":[{"embeddable":true,"href":"https:\/\/letrame.com\/catalogo\/wp-json\/wp\/v2\/comments?post=109334"}],"acf:post":[{"embeddable":true,"href":"https:\/\/letrame.com\/catalogo\/wp-json\/wp\/v2\/author_book\/109336"}],"wp:featuredmedia":[{"embeddable":true,"href":"https:\/\/letrame.com\/catalogo\/wp-json\/wp\/v2\/media\/109335"}],"wp:attachment":[{"href":"https:\/\/letrame.com\/catalogo\/wp-json\/wp\/v2\/media?parent=109334"}],"wp:term":[{"taxonomy":"libro","embeddable":true,"href":"https:\/\/letrame.com\/catalogo\/wp-json\/wp\/v2\/libro?post=109334"},{"taxonomy":"product_brand","embeddable":true,"href":"https:\/\/letrame.com\/catalogo\/wp-json\/wp\/v2\/product_brand?post=109334"},{"taxonomy":"product_cat","embeddable":true,"href":"https:\/\/letrame.com\/catalogo\/wp-json\/wp\/v2\/product_cat?post=109334"},{"taxonomy":"product_tag","embeddable":true,"href":"https:\/\/letrame.com\/catalogo\/wp-json\/wp\/v2\/product_tag?post=109334"}],"curies":[{"name":"wp","href":"https:\/\/api.w.org\/{rel}","templated":true}]}}