{"id":109324,"date":"2025-11-10T09:05:23","date_gmt":"2025-11-10T08:05:23","guid":{"rendered":"https:\/\/letrame.com\/catalogo\/?post_type=product&#038;p=109324"},"modified":"2025-11-10T09:07:33","modified_gmt":"2025-11-10T08:07:33","slug":"el-asesino-de-abril","status":"publish","type":"product","link":"https:\/\/letrame.com\/catalogo\/producto\/el-asesino-de-abril\/","title":{"rendered":"El asesino de abril"},"content":{"rendered":"<p class=\"p1\"><b>ISBN: <\/b>9791370127534<\/p>\n<p class=\"p1\"><b>T\u00edtulo: <\/b>El asesino de abril<\/p>\n<p class=\"p1\"><b>Fecha: <\/b>2025<\/p>\n<p class=\"p1\"><b>P\u00e1ginas: <\/b>90<\/p>\n<p class=\"p1\"><b>SINOPSIS<\/b><\/p>\n<p>El agente especial Christopher Arratia y su equipo se enfrascan en una investigaci\u00f3n contrarreloj, donde cada d\u00eda que pasa es una sentencia mortal para un desafortunado. Durante cuatro a\u00f1os consecutivos, un asesino implacable, de mente distorsionada, ha atacado siempre en la misma fecha, sin dejar un solo rastro o indicio de su identidad o pr\u00f3ximo movimiento. Tras una p\u00e9rdida, el caso se tornar\u00e1 personal para Arratia.<br \/>\nUna paradoja psicol\u00f3gica se hace presente.<\/p>\n","protected":false},"excerpt":{"rendered":"<p><b>ISBN: <\/b>9791370127534<\/p>\n<p class=\"p1\"><b>SINOPSIS<\/b><\/p>\n<p>El agente especial Christopher Arratia y su equipo se enfrascan en una investigaci\u00f3n contrarreloj, donde cada d\u00eda que pasa es una sentencia mortal para un desafortunado. Durante cuatro a\u00f1os consecutivos, un asesino implacable, de mente distorsionada, ha atacado siempre en la misma fecha, sin dejar un solo rastro o indicio de su identidad o pr\u00f3ximo movimiento. Tras una p\u00e9rdida, el caso se tornar\u00e1 personal para Arratia.<br \/>\nUna paradoja psicol\u00f3gica se hace presente.<\/p>\n","protected":false},"featured_media":109325,"comment_status":"open","ping_status":"closed","template":"","meta":{"_acf_changed":false},"libro":[],"product_brand":[],"product_cat":[51],"product_tag":[],"class_list":{"0":"post-109324","1":"product","2":"type-product","3":"status-publish","4":"has-post-thumbnail","6":"product_cat-novela-negra","8":"first","9":"instock","10":"shipping-taxable","11":"product-type-simple"},"acf":{"autor":[109326],"enlace_de_compra":"https:\/\/www.amazon.es\/dp\/B0FPVSCMDP"},"yoast_head":"<!-- This site is optimized with the Yoast SEO plugin v26.6 - https:\/\/yoast.com\/wordpress\/plugins\/seo\/ -->\n<title>El asesino de abril - Catalogo | Letrame Grupo Editorial<\/title>\n<meta name=\"robots\" content=\"index, follow, max-snippet:-1, max-image-preview:large, max-video-preview:-1\" \/>\n<link rel=\"canonical\" href=\"https:\/\/letrame.com\/catalogo\/producto\/el-asesino-de-abril\/\" \/>\n<meta property=\"og:locale\" content=\"es_ES\" \/>\n<meta property=\"og:type\" content=\"article\" \/>\n<meta property=\"og:title\" content=\"El asesino de abril - Catalogo | Letrame Grupo Editorial\" \/>\n<meta property=\"og:description\" content=\"ISBN: 9791370127534 SINOPSIS El agente especial Christopher Arratia y su equipo se enfrascan en una investigaci\u00f3n contrarreloj, donde cada d\u00eda que pasa es una sentencia mortal para un desafortunado. Durante cuatro a\u00f1os consecutivos, un asesino implacable, de mente distorsionada, ha atacado siempre en la misma fecha, sin dejar un solo rastro o indicio de su identidad o pr\u00f3ximo movimiento. Tras una p\u00e9rdida, el caso se tornar\u00e1 personal para Arratia. Una paradoja psicol\u00f3gica se hace presente.\" \/>\n<meta property=\"og:url\" content=\"https:\/\/letrame.com\/catalogo\/producto\/el-asesino-de-abril\/\" \/>\n<meta property=\"og:site_name\" content=\"Catalogo | Letrame Grupo Editorial\" \/>\n<meta property=\"article:modified_time\" content=\"2025-11-10T08:07:33+00:00\" \/>\n<meta property=\"og:image\" content=\"https:\/\/letrame.com\/catalogo\/wp-content\/uploads\/2025\/11\/Elasesinodeabril_522mm4.jpg\" \/>\n\t<meta property=\"og:image:width\" content=\"443\" \/>\n\t<meta property=\"og:image:height\" content=\"620\" \/>\n\t<meta property=\"og:image:type\" content=\"image\/jpeg\" \/>\n<meta name=\"twitter:card\" content=\"summary_large_image\" \/>\n<meta name=\"twitter:label1\" content=\"Tiempo de lectura\" \/>\n\t<meta name=\"twitter:data1\" content=\"1 minuto\" \/>\n<script type=\"application\/ld+json\" class=\"yoast-schema-graph\">{\"@context\":\"https:\/\/schema.org\",\"@graph\":[{\"@type\":\"WebPage\",\"@id\":\"https:\/\/letrame.com\/catalogo\/producto\/el-asesino-de-abril\/\",\"url\":\"https:\/\/letrame.com\/catalogo\/producto\/el-asesino-de-abril\/\",\"name\":\"El asesino de abril - Catalogo | Letrame Grupo Editorial\",\"isPartOf\":{\"@id\":\"https:\/\/letrame.com\/catalogo\/#website\"},\"primaryImageOfPage\":{\"@id\":\"https:\/\/letrame.com\/catalogo\/producto\/el-asesino-de-abril\/#primaryimage\"},\"image\":{\"@id\":\"https:\/\/letrame.com\/catalogo\/producto\/el-asesino-de-abril\/#primaryimage\"},\"thumbnailUrl\":\"https:\/\/letrame.com\/catalogo\/wp-content\/uploads\/2025\/11\/Elasesinodeabril_522mm4.jpg\",\"datePublished\":\"2025-11-10T08:05:23+00:00\",\"dateModified\":\"2025-11-10T08:07:33+00:00\",\"breadcrumb\":{\"@id\":\"https:\/\/letrame.com\/catalogo\/producto\/el-asesino-de-abril\/#breadcrumb\"},\"inLanguage\":\"es\",\"potentialAction\":[{\"@type\":\"ReadAction\",\"target\":[\"https:\/\/letrame.com\/catalogo\/producto\/el-asesino-de-abril\/\"]}]},{\"@type\":\"ImageObject\",\"inLanguage\":\"es\",\"@id\":\"https:\/\/letrame.com\/catalogo\/producto\/el-asesino-de-abril\/#primaryimage\",\"url\":\"https:\/\/letrame.com\/catalogo\/wp-content\/uploads\/2025\/11\/Elasesinodeabril_522mm4.jpg\",\"contentUrl\":\"https:\/\/letrame.com\/catalogo\/wp-content\/uploads\/2025\/11\/Elasesinodeabril_522mm4.jpg\",\"width\":443,\"height\":620},{\"@type\":\"BreadcrumbList\",\"@id\":\"https:\/\/letrame.com\/catalogo\/producto\/el-asesino-de-abril\/#breadcrumb\",\"itemListElement\":[{\"@type\":\"ListItem\",\"position\":1,\"name\":\"Portada\",\"item\":\"https:\/\/letrame.com\/catalogo\/\"},{\"@type\":\"ListItem\",\"position\":2,\"name\":\"Cat\u00e1logo\",\"item\":\"https:\/\/letrame.com\/catalogo\/\"},{\"@type\":\"ListItem\",\"position\":3,\"name\":\"El asesino de abril\"}]},{\"@type\":\"WebSite\",\"@id\":\"https:\/\/letrame.com\/catalogo\/#website\",\"url\":\"https:\/\/letrame.com\/catalogo\/\",\"name\":\"Catalogo | Letrame Grupo Editorial\",\"description\":\"\",\"publisher\":{\"@id\":\"https:\/\/letrame.com\/catalogo\/#organization\"},\"potentialAction\":[{\"@type\":\"SearchAction\",\"target\":{\"@type\":\"EntryPoint\",\"urlTemplate\":\"https:\/\/letrame.com\/catalogo\/?s={search_term_string}\"},\"query-input\":{\"@type\":\"PropertyValueSpecification\",\"valueRequired\":true,\"valueName\":\"search_term_string\"}}],\"inLanguage\":\"es\"},{\"@type\":\"Organization\",\"@id\":\"https:\/\/letrame.com\/catalogo\/#organization\",\"name\":\"Catalogo | Letrame Grupo Editorial\",\"url\":\"https:\/\/letrame.com\/catalogo\/\",\"logo\":{\"@type\":\"ImageObject\",\"inLanguage\":\"es\",\"@id\":\"https:\/\/letrame.com\/catalogo\/#\/schema\/logo\/image\/\",\"url\":\"https:\/\/letrame.com\/catalogo\/wp-content\/uploads\/2024\/03\/logo2.webp\",\"contentUrl\":\"https:\/\/letrame.com\/catalogo\/wp-content\/uploads\/2024\/03\/logo2.webp\",\"width\":394,\"height\":128,\"caption\":\"Catalogo | Letrame Grupo Editorial\"},\"image\":{\"@id\":\"https:\/\/letrame.com\/catalogo\/#\/schema\/logo\/image\/\"}}]}<\/script>\n<!-- \/ Yoast SEO plugin. -->","yoast_head_json":{"title":"El asesino de abril - Catalogo | Letrame Grupo Editorial","robots":{"index":"index","follow":"follow","max-snippet":"max-snippet:-1","max-image-preview":"max-image-preview:large","max-video-preview":"max-video-preview:-1"},"canonical":"https:\/\/letrame.com\/catalogo\/producto\/el-asesino-de-abril\/","og_locale":"es_ES","og_type":"article","og_title":"El asesino de abril - Catalogo | Letrame Grupo Editorial","og_description":"ISBN: 9791370127534 SINOPSIS El agente especial Christopher Arratia y su equipo se enfrascan en una investigaci\u00f3n contrarreloj, donde cada d\u00eda que pasa es una sentencia mortal para un desafortunado. Durante cuatro a\u00f1os consecutivos, un asesino implacable, de mente distorsionada, ha atacado siempre en la misma fecha, sin dejar un solo rastro o indicio de su identidad o pr\u00f3ximo movimiento. Tras una p\u00e9rdida, el caso se tornar\u00e1 personal para Arratia. Una paradoja psicol\u00f3gica se hace presente.","og_url":"https:\/\/letrame.com\/catalogo\/producto\/el-asesino-de-abril\/","og_site_name":"Catalogo | Letrame Grupo Editorial","article_modified_time":"2025-11-10T08:07:33+00:00","og_image":[{"width":443,"height":620,"url":"https:\/\/letrame.com\/catalogo\/wp-content\/uploads\/2025\/11\/Elasesinodeabril_522mm4.jpg","type":"image\/jpeg"}],"twitter_card":"summary_large_image","twitter_misc":{"Tiempo de lectura":"1 minuto"},"schema":{"@context":"https:\/\/schema.org","@graph":[{"@type":"WebPage","@id":"https:\/\/letrame.com\/catalogo\/producto\/el-asesino-de-abril\/","url":"https:\/\/letrame.com\/catalogo\/producto\/el-asesino-de-abril\/","name":"El asesino de abril - Catalogo | Letrame Grupo Editorial","isPartOf":{"@id":"https:\/\/letrame.com\/catalogo\/#website"},"primaryImageOfPage":{"@id":"https:\/\/letrame.com\/catalogo\/producto\/el-asesino-de-abril\/#primaryimage"},"image":{"@id":"https:\/\/letrame.com\/catalogo\/producto\/el-asesino-de-abril\/#primaryimage"},"thumbnailUrl":"https:\/\/letrame.com\/catalogo\/wp-content\/uploads\/2025\/11\/Elasesinodeabril_522mm4.jpg","datePublished":"2025-11-10T08:05:23+00:00","dateModified":"2025-11-10T08:07:33+00:00","breadcrumb":{"@id":"https:\/\/letrame.com\/catalogo\/producto\/el-asesino-de-abril\/#breadcrumb"},"inLanguage":"es","potentialAction":[{"@type":"ReadAction","target":["https:\/\/letrame.com\/catalogo\/producto\/el-asesino-de-abril\/"]}]},{"@type":"ImageObject","inLanguage":"es","@id":"https:\/\/letrame.com\/catalogo\/producto\/el-asesino-de-abril\/#primaryimage","url":"https:\/\/letrame.com\/catalogo\/wp-content\/uploads\/2025\/11\/Elasesinodeabril_522mm4.jpg","contentUrl":"https:\/\/letrame.com\/catalogo\/wp-content\/uploads\/2025\/11\/Elasesinodeabril_522mm4.jpg","width":443,"height":620},{"@type":"BreadcrumbList","@id":"https:\/\/letrame.com\/catalogo\/producto\/el-asesino-de-abril\/#breadcrumb","itemListElement":[{"@type":"ListItem","position":1,"name":"Portada","item":"https:\/\/letrame.com\/catalogo\/"},{"@type":"ListItem","position":2,"name":"Cat\u00e1logo","item":"https:\/\/letrame.com\/catalogo\/"},{"@type":"ListItem","position":3,"name":"El asesino de abril"}]},{"@type":"WebSite","@id":"https:\/\/letrame.com\/catalogo\/#website","url":"https:\/\/letrame.com\/catalogo\/","name":"Catalogo | Letrame Grupo Editorial","description":"","publisher":{"@id":"https:\/\/letrame.com\/catalogo\/#organization"},"potentialAction":[{"@type":"SearchAction","target":{"@type":"EntryPoint","urlTemplate":"https:\/\/letrame.com\/catalogo\/?s={search_term_string}"},"query-input":{"@type":"PropertyValueSpecification","valueRequired":true,"valueName":"search_term_string"}}],"inLanguage":"es"},{"@type":"Organization","@id":"https:\/\/letrame.com\/catalogo\/#organization","name":"Catalogo | Letrame Grupo Editorial","url":"https:\/\/letrame.com\/catalogo\/","logo":{"@type":"ImageObject","inLanguage":"es","@id":"https:\/\/letrame.com\/catalogo\/#\/schema\/logo\/image\/","url":"https:\/\/letrame.com\/catalogo\/wp-content\/uploads\/2024\/03\/logo2.webp","contentUrl":"https:\/\/letrame.com\/catalogo\/wp-content\/uploads\/2024\/03\/logo2.webp","width":394,"height":128,"caption":"Catalogo | Letrame Grupo Editorial"},"image":{"@id":"https:\/\/letrame.com\/catalogo\/#\/schema\/logo\/image\/"}}]}},"_links":{"self":[{"href":"https:\/\/letrame.com\/catalogo\/wp-json\/wp\/v2\/product\/109324","targetHints":{"allow":["GET"]}}],"collection":[{"href":"https:\/\/letrame.com\/catalogo\/wp-json\/wp\/v2\/product"}],"about":[{"href":"https:\/\/letrame.com\/catalogo\/wp-json\/wp\/v2\/types\/product"}],"replies":[{"embeddable":true,"href":"https:\/\/letrame.com\/catalogo\/wp-json\/wp\/v2\/comments?post=109324"}],"acf:post":[{"embeddable":true,"href":"https:\/\/letrame.com\/catalogo\/wp-json\/wp\/v2\/author_book\/109326"}],"wp:featuredmedia":[{"embeddable":true,"href":"https:\/\/letrame.com\/catalogo\/wp-json\/wp\/v2\/media\/109325"}],"wp:attachment":[{"href":"https:\/\/letrame.com\/catalogo\/wp-json\/wp\/v2\/media?parent=109324"}],"wp:term":[{"taxonomy":"libro","embeddable":true,"href":"https:\/\/letrame.com\/catalogo\/wp-json\/wp\/v2\/libro?post=109324"},{"taxonomy":"product_brand","embeddable":true,"href":"https:\/\/letrame.com\/catalogo\/wp-json\/wp\/v2\/product_brand?post=109324"},{"taxonomy":"product_cat","embeddable":true,"href":"https:\/\/letrame.com\/catalogo\/wp-json\/wp\/v2\/product_cat?post=109324"},{"taxonomy":"product_tag","embeddable":true,"href":"https:\/\/letrame.com\/catalogo\/wp-json\/wp\/v2\/product_tag?post=109324"}],"curies":[{"name":"wp","href":"https:\/\/api.w.org\/{rel}","templated":true}]}}