{"id":109316,"date":"2025-11-06T15:32:39","date_gmt":"2025-11-06T14:32:39","guid":{"rendered":"https:\/\/letrame.com\/catalogo\/?post_type=product&#038;p=109316"},"modified":"2025-11-06T15:38:55","modified_gmt":"2025-11-06T14:38:55","slug":"la-caja-de-zapatos","status":"publish","type":"product","link":"https:\/\/letrame.com\/catalogo\/producto\/la-caja-de-zapatos\/","title":{"rendered":"La caja de zapatos"},"content":{"rendered":"<p class=\"p1\"><b>ISBN: <\/b>979-13-7029-199-0<\/p>\n<p class=\"p1\"><b>T\u00edtulo:<\/b> La caja de zapatos<b><\/b><\/p>\n<p><b>Fecha:<\/b> 2025<\/p>\n<p class=\"p1\"><b>P\u00e1ginas: <\/b>270<\/p>\n<p class=\"p1\"><b>SINOPSIS<\/b><\/p>\n<p class=\"p1\">Todas las familias guardan secretos.<\/p>\n<p class=\"p1\">Algunas los olvidan. Otras los transmiten sin querer.<\/p>\n<p class=\"p1\">Una hija decide mirar m\u00e1s all\u00e1 del silencio familiar y abrir una caja de zapatos llena de papeles, cartas, fotos y recuerdos. En esa caja se esconde una historia marcada por el abandono, las decisiones dif\u00edciles y el intento de amar mejor que una generaci\u00f3n atr\u00e1s.<\/p>\n<p class=\"p1\">La caja de zapatos no es una biograf\u00eda ni una novela. Es un rompecabezas \u00edntimo que reconstruye una historia real. Una traves\u00eda que nos invita a mirar lo que heredamos sin darnos cuenta, a interrumpir mandatos invisibles y a resignificar el amor sin idealizarlo.<\/p>\n<p class=\"p1\">No para acusar.<\/p>\n<p class=\"p1\">No para justificar.<\/p>\n<p class=\"p1\">Sino para comprender. O simplemente, soltar.<\/p>\n<p class=\"p1\">Y, al hacerlo, quiz\u00e1s tambi\u00e9n mirar la nuestra.<\/p>\n<p class=\"p1\">\u00bfY si lo que callaron tus abuelos a\u00fan vive en tu manera de amar?<\/p>\n<p class=\"p1\">\u00bfY si sanar no es olvidar, sino animarse a entender?<\/p>\n<p class=\"p1\">Las heridas se heredan.<\/p>\n<p class=\"p1\">Pero tambi\u00e9n \u2014cuando alguien se atreve a mirarlas\u2014, pueden transformarse.<\/p>\n","protected":false},"excerpt":{"rendered":"<p><b>ISBN: <\/b>979-13-7029-199-0<\/p>\n<p class=\"p1\"><b>SINOPSIS<\/b><\/p>\n<p class=\"p1\">Todas las familias guardan secretos.<\/p>\n<p class=\"p1\">Algunas los olvidan. Otras los transmiten sin querer.<\/p>\n<p class=\"p1\">Una hija decide mirar m\u00e1s all\u00e1 del silencio familiar y abrir una caja de zapatos llena de papeles, cartas, fotos y recuerdos. En esa caja se esconde una historia marcada por el abandono, las decisiones dif\u00edciles y el intento de amar mejor que una generaci\u00f3n atr\u00e1s.<\/p>\n<p class=\"p1\">La caja de zapatos no es una biograf\u00eda ni una novela. Es un rompecabezas \u00edntimo que reconstruye una historia real. Una traves\u00eda que nos invita a mirar lo que heredamos sin darnos cuenta, a interrumpir mandatos invisibles y a resignificar el amor sin idealizarlo.<\/p>\n","protected":false},"featured_media":109323,"comment_status":"open","ping_status":"closed","template":"","meta":{"_acf_changed":false},"libro":[],"product_brand":[],"product_cat":[102],"product_tag":[],"class_list":{"0":"post-109316","1":"product","2":"type-product","3":"status-publish","4":"has-post-thumbnail","6":"product_cat-biografia","8":"first","9":"instock","10":"shipping-taxable","11":"product-type-simple"},"acf":{"autor":[109319],"enlace_de_compra":"https:\/\/www.amazon.es\/dp\/B0G1438FLW"},"yoast_head":"<!-- This site is optimized with the Yoast SEO plugin v26.6 - https:\/\/yoast.com\/wordpress\/plugins\/seo\/ -->\n<title>La caja de zapatos - Catalogo | Letrame Grupo Editorial<\/title>\n<meta name=\"robots\" content=\"index, follow, max-snippet:-1, max-image-preview:large, max-video-preview:-1\" \/>\n<link rel=\"canonical\" href=\"https:\/\/letrame.com\/catalogo\/producto\/la-caja-de-zapatos\/\" \/>\n<meta property=\"og:locale\" content=\"es_ES\" \/>\n<meta property=\"og:type\" content=\"article\" \/>\n<meta property=\"og:title\" content=\"La caja de zapatos - Catalogo | Letrame Grupo Editorial\" \/>\n<meta property=\"og:description\" content=\"ISBN: 979-13-7029-199-0 SINOPSIS Todas las familias guardan secretos. Algunas los olvidan. Otras los transmiten sin querer. Una hija decide mirar m\u00e1s all\u00e1 del silencio familiar y abrir una caja de zapatos llena de papeles, cartas, fotos y recuerdos. En esa caja se esconde una historia marcada por el abandono, las decisiones dif\u00edciles y el intento de amar mejor que una generaci\u00f3n atr\u00e1s. La caja de zapatos no es una biograf\u00eda ni una novela. Es un rompecabezas \u00edntimo que reconstruye una historia real. Una traves\u00eda que nos invita a mirar lo que heredamos sin darnos cuenta, a interrumpir mandatos invisibles y a resignificar el amor sin idealizarlo.\" \/>\n<meta property=\"og:url\" content=\"https:\/\/letrame.com\/catalogo\/producto\/la-caja-de-zapatos\/\" \/>\n<meta property=\"og:site_name\" content=\"Catalogo | Letrame Grupo Editorial\" \/>\n<meta property=\"article:modified_time\" content=\"2025-11-06T14:38:55+00:00\" \/>\n<meta property=\"og:image\" content=\"https:\/\/letrame.com\/catalogo\/wp-content\/uploads\/2025\/11\/Captura-de-pantalla-2025-11-06-a-las-15.31.18.jpg\" \/>\n\t<meta property=\"og:image:width\" content=\"443\" \/>\n\t<meta property=\"og:image:height\" content=\"661\" \/>\n\t<meta property=\"og:image:type\" content=\"image\/jpeg\" \/>\n<meta name=\"twitter:card\" content=\"summary_large_image\" \/>\n<meta name=\"twitter:label1\" content=\"Tiempo de lectura\" \/>\n\t<meta name=\"twitter:data1\" content=\"1 minuto\" \/>\n<script type=\"application\/ld+json\" class=\"yoast-schema-graph\">{\"@context\":\"https:\/\/schema.org\",\"@graph\":[{\"@type\":\"WebPage\",\"@id\":\"https:\/\/letrame.com\/catalogo\/producto\/la-caja-de-zapatos\/\",\"url\":\"https:\/\/letrame.com\/catalogo\/producto\/la-caja-de-zapatos\/\",\"name\":\"La caja de zapatos - Catalogo | Letrame Grupo Editorial\",\"isPartOf\":{\"@id\":\"https:\/\/letrame.com\/catalogo\/#website\"},\"primaryImageOfPage\":{\"@id\":\"https:\/\/letrame.com\/catalogo\/producto\/la-caja-de-zapatos\/#primaryimage\"},\"image\":{\"@id\":\"https:\/\/letrame.com\/catalogo\/producto\/la-caja-de-zapatos\/#primaryimage\"},\"thumbnailUrl\":\"https:\/\/letrame.com\/catalogo\/wp-content\/uploads\/2025\/11\/Captura-de-pantalla-2025-11-06-a-las-15.31.18.jpg\",\"datePublished\":\"2025-11-06T14:32:39+00:00\",\"dateModified\":\"2025-11-06T14:38:55+00:00\",\"breadcrumb\":{\"@id\":\"https:\/\/letrame.com\/catalogo\/producto\/la-caja-de-zapatos\/#breadcrumb\"},\"inLanguage\":\"es\",\"potentialAction\":[{\"@type\":\"ReadAction\",\"target\":[\"https:\/\/letrame.com\/catalogo\/producto\/la-caja-de-zapatos\/\"]}]},{\"@type\":\"ImageObject\",\"inLanguage\":\"es\",\"@id\":\"https:\/\/letrame.com\/catalogo\/producto\/la-caja-de-zapatos\/#primaryimage\",\"url\":\"https:\/\/letrame.com\/catalogo\/wp-content\/uploads\/2025\/11\/Captura-de-pantalla-2025-11-06-a-las-15.31.18.jpg\",\"contentUrl\":\"https:\/\/letrame.com\/catalogo\/wp-content\/uploads\/2025\/11\/Captura-de-pantalla-2025-11-06-a-las-15.31.18.jpg\",\"width\":443,\"height\":661},{\"@type\":\"BreadcrumbList\",\"@id\":\"https:\/\/letrame.com\/catalogo\/producto\/la-caja-de-zapatos\/#breadcrumb\",\"itemListElement\":[{\"@type\":\"ListItem\",\"position\":1,\"name\":\"Portada\",\"item\":\"https:\/\/letrame.com\/catalogo\/\"},{\"@type\":\"ListItem\",\"position\":2,\"name\":\"Cat\u00e1logo\",\"item\":\"https:\/\/letrame.com\/catalogo\/\"},{\"@type\":\"ListItem\",\"position\":3,\"name\":\"La caja de zapatos\"}]},{\"@type\":\"WebSite\",\"@id\":\"https:\/\/letrame.com\/catalogo\/#website\",\"url\":\"https:\/\/letrame.com\/catalogo\/\",\"name\":\"Catalogo | Letrame Grupo Editorial\",\"description\":\"\",\"publisher\":{\"@id\":\"https:\/\/letrame.com\/catalogo\/#organization\"},\"potentialAction\":[{\"@type\":\"SearchAction\",\"target\":{\"@type\":\"EntryPoint\",\"urlTemplate\":\"https:\/\/letrame.com\/catalogo\/?s={search_term_string}\"},\"query-input\":{\"@type\":\"PropertyValueSpecification\",\"valueRequired\":true,\"valueName\":\"search_term_string\"}}],\"inLanguage\":\"es\"},{\"@type\":\"Organization\",\"@id\":\"https:\/\/letrame.com\/catalogo\/#organization\",\"name\":\"Catalogo | Letrame Grupo Editorial\",\"url\":\"https:\/\/letrame.com\/catalogo\/\",\"logo\":{\"@type\":\"ImageObject\",\"inLanguage\":\"es\",\"@id\":\"https:\/\/letrame.com\/catalogo\/#\/schema\/logo\/image\/\",\"url\":\"https:\/\/letrame.com\/catalogo\/wp-content\/uploads\/2024\/03\/logo2.webp\",\"contentUrl\":\"https:\/\/letrame.com\/catalogo\/wp-content\/uploads\/2024\/03\/logo2.webp\",\"width\":394,\"height\":128,\"caption\":\"Catalogo | Letrame Grupo Editorial\"},\"image\":{\"@id\":\"https:\/\/letrame.com\/catalogo\/#\/schema\/logo\/image\/\"}}]}<\/script>\n<!-- \/ Yoast SEO plugin. -->","yoast_head_json":{"title":"La caja de zapatos - Catalogo | Letrame Grupo Editorial","robots":{"index":"index","follow":"follow","max-snippet":"max-snippet:-1","max-image-preview":"max-image-preview:large","max-video-preview":"max-video-preview:-1"},"canonical":"https:\/\/letrame.com\/catalogo\/producto\/la-caja-de-zapatos\/","og_locale":"es_ES","og_type":"article","og_title":"La caja de zapatos - Catalogo | Letrame Grupo Editorial","og_description":"ISBN: 979-13-7029-199-0 SINOPSIS Todas las familias guardan secretos. Algunas los olvidan. Otras los transmiten sin querer. Una hija decide mirar m\u00e1s all\u00e1 del silencio familiar y abrir una caja de zapatos llena de papeles, cartas, fotos y recuerdos. En esa caja se esconde una historia marcada por el abandono, las decisiones dif\u00edciles y el intento de amar mejor que una generaci\u00f3n atr\u00e1s. La caja de zapatos no es una biograf\u00eda ni una novela. Es un rompecabezas \u00edntimo que reconstruye una historia real. Una traves\u00eda que nos invita a mirar lo que heredamos sin darnos cuenta, a interrumpir mandatos invisibles y a resignificar el amor sin idealizarlo.","og_url":"https:\/\/letrame.com\/catalogo\/producto\/la-caja-de-zapatos\/","og_site_name":"Catalogo | Letrame Grupo Editorial","article_modified_time":"2025-11-06T14:38:55+00:00","og_image":[{"width":443,"height":661,"url":"https:\/\/letrame.com\/catalogo\/wp-content\/uploads\/2025\/11\/Captura-de-pantalla-2025-11-06-a-las-15.31.18.jpg","type":"image\/jpeg"}],"twitter_card":"summary_large_image","twitter_misc":{"Tiempo de lectura":"1 minuto"},"schema":{"@context":"https:\/\/schema.org","@graph":[{"@type":"WebPage","@id":"https:\/\/letrame.com\/catalogo\/producto\/la-caja-de-zapatos\/","url":"https:\/\/letrame.com\/catalogo\/producto\/la-caja-de-zapatos\/","name":"La caja de zapatos - Catalogo | Letrame Grupo Editorial","isPartOf":{"@id":"https:\/\/letrame.com\/catalogo\/#website"},"primaryImageOfPage":{"@id":"https:\/\/letrame.com\/catalogo\/producto\/la-caja-de-zapatos\/#primaryimage"},"image":{"@id":"https:\/\/letrame.com\/catalogo\/producto\/la-caja-de-zapatos\/#primaryimage"},"thumbnailUrl":"https:\/\/letrame.com\/catalogo\/wp-content\/uploads\/2025\/11\/Captura-de-pantalla-2025-11-06-a-las-15.31.18.jpg","datePublished":"2025-11-06T14:32:39+00:00","dateModified":"2025-11-06T14:38:55+00:00","breadcrumb":{"@id":"https:\/\/letrame.com\/catalogo\/producto\/la-caja-de-zapatos\/#breadcrumb"},"inLanguage":"es","potentialAction":[{"@type":"ReadAction","target":["https:\/\/letrame.com\/catalogo\/producto\/la-caja-de-zapatos\/"]}]},{"@type":"ImageObject","inLanguage":"es","@id":"https:\/\/letrame.com\/catalogo\/producto\/la-caja-de-zapatos\/#primaryimage","url":"https:\/\/letrame.com\/catalogo\/wp-content\/uploads\/2025\/11\/Captura-de-pantalla-2025-11-06-a-las-15.31.18.jpg","contentUrl":"https:\/\/letrame.com\/catalogo\/wp-content\/uploads\/2025\/11\/Captura-de-pantalla-2025-11-06-a-las-15.31.18.jpg","width":443,"height":661},{"@type":"BreadcrumbList","@id":"https:\/\/letrame.com\/catalogo\/producto\/la-caja-de-zapatos\/#breadcrumb","itemListElement":[{"@type":"ListItem","position":1,"name":"Portada","item":"https:\/\/letrame.com\/catalogo\/"},{"@type":"ListItem","position":2,"name":"Cat\u00e1logo","item":"https:\/\/letrame.com\/catalogo\/"},{"@type":"ListItem","position":3,"name":"La caja de zapatos"}]},{"@type":"WebSite","@id":"https:\/\/letrame.com\/catalogo\/#website","url":"https:\/\/letrame.com\/catalogo\/","name":"Catalogo | Letrame Grupo Editorial","description":"","publisher":{"@id":"https:\/\/letrame.com\/catalogo\/#organization"},"potentialAction":[{"@type":"SearchAction","target":{"@type":"EntryPoint","urlTemplate":"https:\/\/letrame.com\/catalogo\/?s={search_term_string}"},"query-input":{"@type":"PropertyValueSpecification","valueRequired":true,"valueName":"search_term_string"}}],"inLanguage":"es"},{"@type":"Organization","@id":"https:\/\/letrame.com\/catalogo\/#organization","name":"Catalogo | Letrame Grupo Editorial","url":"https:\/\/letrame.com\/catalogo\/","logo":{"@type":"ImageObject","inLanguage":"es","@id":"https:\/\/letrame.com\/catalogo\/#\/schema\/logo\/image\/","url":"https:\/\/letrame.com\/catalogo\/wp-content\/uploads\/2024\/03\/logo2.webp","contentUrl":"https:\/\/letrame.com\/catalogo\/wp-content\/uploads\/2024\/03\/logo2.webp","width":394,"height":128,"caption":"Catalogo | Letrame Grupo Editorial"},"image":{"@id":"https:\/\/letrame.com\/catalogo\/#\/schema\/logo\/image\/"}}]}},"_links":{"self":[{"href":"https:\/\/letrame.com\/catalogo\/wp-json\/wp\/v2\/product\/109316","targetHints":{"allow":["GET"]}}],"collection":[{"href":"https:\/\/letrame.com\/catalogo\/wp-json\/wp\/v2\/product"}],"about":[{"href":"https:\/\/letrame.com\/catalogo\/wp-json\/wp\/v2\/types\/product"}],"replies":[{"embeddable":true,"href":"https:\/\/letrame.com\/catalogo\/wp-json\/wp\/v2\/comments?post=109316"}],"acf:post":[{"embeddable":true,"href":"https:\/\/letrame.com\/catalogo\/wp-json\/wp\/v2\/author_book\/109319"}],"wp:featuredmedia":[{"embeddable":true,"href":"https:\/\/letrame.com\/catalogo\/wp-json\/wp\/v2\/media\/109323"}],"wp:attachment":[{"href":"https:\/\/letrame.com\/catalogo\/wp-json\/wp\/v2\/media?parent=109316"}],"wp:term":[{"taxonomy":"libro","embeddable":true,"href":"https:\/\/letrame.com\/catalogo\/wp-json\/wp\/v2\/libro?post=109316"},{"taxonomy":"product_brand","embeddable":true,"href":"https:\/\/letrame.com\/catalogo\/wp-json\/wp\/v2\/product_brand?post=109316"},{"taxonomy":"product_cat","embeddable":true,"href":"https:\/\/letrame.com\/catalogo\/wp-json\/wp\/v2\/product_cat?post=109316"},{"taxonomy":"product_tag","embeddable":true,"href":"https:\/\/letrame.com\/catalogo\/wp-json\/wp\/v2\/product_tag?post=109316"}],"curies":[{"name":"wp","href":"https:\/\/api.w.org\/{rel}","templated":true}]}}