{"id":109306,"date":"2025-11-05T09:22:53","date_gmt":"2025-11-05T08:22:53","guid":{"rendered":"https:\/\/letrame.com\/catalogo\/?post_type=product&#038;p=109306"},"modified":"2025-11-05T09:25:54","modified_gmt":"2025-11-05T08:25:54","slug":"el-combate-cuerpo-a-cuerpo-una-vision-holistica","status":"publish","type":"product","link":"https:\/\/letrame.com\/catalogo\/producto\/el-combate-cuerpo-a-cuerpo-una-vision-holistica\/","title":{"rendered":"El Combate Cuerpo a Cuerpo, una visi\u00f3n hol\u00edstica"},"content":{"rendered":"<p class=\"p1\"><b>ISBN: <\/b>9791370128722<\/p>\n<p class=\"p1\"><b>T\u00edtulo: <\/b>El Combate Cuerpo a Cuerpo, una visi\u00f3n hol\u00edstica<b><\/b><\/p>\n<p><b>Fecha: <\/b>2025<b><\/b><\/p>\n<p><b>P\u00e1ginas: <\/b>186<\/p>\n<p class=\"p1\"><b>SINOPSIS<\/b><\/p>\n<p>\u00bfA qui\u00e9n en su sano juicio no le gustar\u00eda, llegado el momento de tener que defender la vida de sus seres queridos, la suya propia o la de terceros en el ejercicio de sus funciones a nivel profesional o en su vida diaria, tener a su disposici\u00f3n las herramientas para neutralizar la agresi\u00f3n de una manera efectiva, oportuna, congruente, proporcional, y sobre todo, humana?<br \/>\nEn este texto, te invito a sumergirte en las entra\u00f1as m\u00e1s profundas del enfrentamiento entre dos seres humanos, para aprender a detectar, manejar y sobreponerte a los principales efectos fisiol\u00f3gicos, psicol\u00f3gicos y conductuales de este tipo de situaciones, utilizando como \u00faltimo recurso, y solo en caso estrictamente necesario, la fuerza para salir victorioso y con las m\u00ednimas lesiones f\u00edsicas y mentales de una propuesta de vida que va en contra de nuestra naturaleza. Ning\u00fan individuo sano est\u00e1 gen\u00e9ticamente preparado para agredir a otro de su misma especie. El ser humano nace del amor, y esta es su esencia. Pero el mal, por desgracia, est\u00e1 presente en nuestra existencia, y dir\u00eda que es necesario para que se mantenga el equilibrio natural del universo.<br \/>\nA trav\u00e9s del entrenamiento focalizado en el Bien Com\u00fan, como concepto fundamental de toda acci\u00f3n, conseguiremos superar esa fobia natural y educar ciertos patrones que nos permitan decantar la balanza a favor del Bien, llegado el momento, favoreciendo as\u00ed la armon\u00eda y la paz en nuestra interacci\u00f3n con los dem\u00e1s individuos de la especie.<br \/>\n\u00bfQui\u00e9n en su sano juicio no proteger\u00eda hasta la muerte, y con todos los medios a su disposici\u00f3n, a un ser querido, el lugar donde habita, o el trozo de tierra donde ha nacido?<br \/>\nSi tu respuesta es la que espero que sea, acomp\u00e1\u00f1ame, en un viaje corto pero intenso, a explorar este universo prohibido en los tiempos que corren, para entenderlo y arrojar un poco de luz en una oscuridad inherente al ser humano.<\/p>\n","protected":false},"excerpt":{"rendered":"<p><b>ISBN: <\/b>9791370128722<\/p>\n<p class=\"p1\"><b>SINOPSIS<\/b><\/p>\n<p>\u00bfA qui\u00e9n en su sano juicio no le gustar\u00eda, llegado el momento de tener que defender la vida de sus seres queridos, la suya propia o la de terceros en el ejercicio de sus funciones a nivel profesional o en su vida diaria, tener a su disposici\u00f3n las herramientas para neutralizar la agresi\u00f3n de una manera efectiva, oportuna, congruente, proporcional, y sobre todo, humana?<br \/>\nEn este texto, te invito a sumergirte en las entra\u00f1as m\u00e1s profundas del enfrentamiento entre dos seres humanos, para aprender a detectar, manejar y sobreponerte a los principales efectos fisiol\u00f3gicos, psicol\u00f3gicos y conductuales de este tipo de situaciones, utilizando como \u00faltimo recurso, y solo en caso estrictamente necesario, la fuerza para salir victorioso y con las m\u00ednimas lesiones f\u00edsicas y mentales de una propuesta de vida que va en contra de nuestra naturaleza. Ning\u00fan individuo sano est\u00e1 gen\u00e9ticamente preparado para agredir a otro de su misma especie. El ser humano nace del amor, y esta es su esencia. Pero el mal, por desgracia, est\u00e1 presente en nuestra existencia, y dir\u00eda que es necesario para que se mantenga el equilibrio natural del universo.<\/p>\n","protected":false},"featured_media":109307,"comment_status":"open","ping_status":"closed","template":"","meta":{"_acf_changed":false},"libro":[],"product_brand":[],"product_cat":[36],"product_tag":[],"class_list":{"0":"post-109306","1":"product","2":"type-product","3":"status-publish","4":"has-post-thumbnail","6":"product_cat-investigacion","8":"first","9":"instock","10":"shipping-taxable","11":"product-type-simple"},"acf":{"autor":[109308],"enlace_de_compra":""},"yoast_head":"<!-- This site is optimized with the Yoast SEO plugin v26.6 - https:\/\/yoast.com\/wordpress\/plugins\/seo\/ -->\n<title>El Combate Cuerpo a Cuerpo, una visi\u00f3n hol\u00edstica - Catalogo | Letrame Grupo Editorial<\/title>\n<meta name=\"robots\" content=\"index, follow, max-snippet:-1, max-image-preview:large, max-video-preview:-1\" \/>\n<link rel=\"canonical\" href=\"https:\/\/letrame.com\/catalogo\/producto\/el-combate-cuerpo-a-cuerpo-una-vision-holistica\/\" \/>\n<meta property=\"og:locale\" content=\"es_ES\" \/>\n<meta property=\"og:type\" content=\"article\" \/>\n<meta property=\"og:title\" content=\"El Combate Cuerpo a Cuerpo, una visi\u00f3n hol\u00edstica - Catalogo | Letrame Grupo Editorial\" \/>\n<meta property=\"og:description\" content=\"ISBN: 9791370128722 SINOPSIS \u00bfA qui\u00e9n en su sano juicio no le gustar\u00eda, llegado el momento de tener que defender la vida de sus seres queridos, la suya propia o la de terceros en el ejercicio de sus funciones a nivel profesional o en su vida diaria, tener a su disposici\u00f3n las herramientas para neutralizar la agresi\u00f3n de una manera efectiva, oportuna, congruente, proporcional, y sobre todo, humana? En este texto, te invito a sumergirte en las entra\u00f1as m\u00e1s profundas del enfrentamiento entre dos seres humanos, para aprender a detectar, manejar y sobreponerte a los principales efectos fisiol\u00f3gicos, psicol\u00f3gicos y conductuales de este tipo de situaciones, utilizando como \u00faltimo recurso, y solo en caso estrictamente necesario, la fuerza para salir victorioso y con las m\u00ednimas lesiones f\u00edsicas y mentales de una propuesta de vida que va en contra de nuestra naturaleza. Ning\u00fan individuo sano est\u00e1 gen\u00e9ticamente preparado para agredir a otro de su misma especie. El ser humano nace del amor, y esta es su esencia. Pero el mal, por desgracia, est\u00e1 presente en nuestra existencia, y dir\u00eda que es necesario para que se mantenga el equilibrio natural del universo.\" \/>\n<meta property=\"og:url\" content=\"https:\/\/letrame.com\/catalogo\/producto\/el-combate-cuerpo-a-cuerpo-una-vision-holistica\/\" \/>\n<meta property=\"og:site_name\" content=\"Catalogo | Letrame Grupo Editorial\" \/>\n<meta property=\"article:modified_time\" content=\"2025-11-05T08:25:54+00:00\" \/>\n<meta property=\"og:image\" content=\"https:\/\/letrame.com\/catalogo\/wp-content\/uploads\/2025\/11\/elcombate_1073mm4.jpg\" \/>\n\t<meta property=\"og:image:width\" content=\"384\" \/>\n\t<meta property=\"og:image:height\" content=\"589\" \/>\n\t<meta property=\"og:image:type\" content=\"image\/jpeg\" \/>\n<meta name=\"twitter:card\" content=\"summary_large_image\" \/>\n<meta name=\"twitter:label1\" content=\"Tiempo de lectura\" \/>\n\t<meta name=\"twitter:data1\" content=\"2 minutos\" \/>\n<script type=\"application\/ld+json\" class=\"yoast-schema-graph\">{\"@context\":\"https:\/\/schema.org\",\"@graph\":[{\"@type\":\"WebPage\",\"@id\":\"https:\/\/letrame.com\/catalogo\/producto\/el-combate-cuerpo-a-cuerpo-una-vision-holistica\/\",\"url\":\"https:\/\/letrame.com\/catalogo\/producto\/el-combate-cuerpo-a-cuerpo-una-vision-holistica\/\",\"name\":\"El Combate Cuerpo a Cuerpo, una visi\u00f3n hol\u00edstica - Catalogo | Letrame Grupo Editorial\",\"isPartOf\":{\"@id\":\"https:\/\/letrame.com\/catalogo\/#website\"},\"primaryImageOfPage\":{\"@id\":\"https:\/\/letrame.com\/catalogo\/producto\/el-combate-cuerpo-a-cuerpo-una-vision-holistica\/#primaryimage\"},\"image\":{\"@id\":\"https:\/\/letrame.com\/catalogo\/producto\/el-combate-cuerpo-a-cuerpo-una-vision-holistica\/#primaryimage\"},\"thumbnailUrl\":\"https:\/\/letrame.com\/catalogo\/wp-content\/uploads\/2025\/11\/elcombate_1073mm4.jpg\",\"datePublished\":\"2025-11-05T08:22:53+00:00\",\"dateModified\":\"2025-11-05T08:25:54+00:00\",\"breadcrumb\":{\"@id\":\"https:\/\/letrame.com\/catalogo\/producto\/el-combate-cuerpo-a-cuerpo-una-vision-holistica\/#breadcrumb\"},\"inLanguage\":\"es\",\"potentialAction\":[{\"@type\":\"ReadAction\",\"target\":[\"https:\/\/letrame.com\/catalogo\/producto\/el-combate-cuerpo-a-cuerpo-una-vision-holistica\/\"]}]},{\"@type\":\"ImageObject\",\"inLanguage\":\"es\",\"@id\":\"https:\/\/letrame.com\/catalogo\/producto\/el-combate-cuerpo-a-cuerpo-una-vision-holistica\/#primaryimage\",\"url\":\"https:\/\/letrame.com\/catalogo\/wp-content\/uploads\/2025\/11\/elcombate_1073mm4.jpg\",\"contentUrl\":\"https:\/\/letrame.com\/catalogo\/wp-content\/uploads\/2025\/11\/elcombate_1073mm4.jpg\",\"width\":384,\"height\":589},{\"@type\":\"BreadcrumbList\",\"@id\":\"https:\/\/letrame.com\/catalogo\/producto\/el-combate-cuerpo-a-cuerpo-una-vision-holistica\/#breadcrumb\",\"itemListElement\":[{\"@type\":\"ListItem\",\"position\":1,\"name\":\"Portada\",\"item\":\"https:\/\/letrame.com\/catalogo\/\"},{\"@type\":\"ListItem\",\"position\":2,\"name\":\"Cat\u00e1logo\",\"item\":\"https:\/\/letrame.com\/catalogo\/\"},{\"@type\":\"ListItem\",\"position\":3,\"name\":\"El Combate Cuerpo a Cuerpo, una visi\u00f3n hol\u00edstica\"}]},{\"@type\":\"WebSite\",\"@id\":\"https:\/\/letrame.com\/catalogo\/#website\",\"url\":\"https:\/\/letrame.com\/catalogo\/\",\"name\":\"Catalogo | Letrame Grupo Editorial\",\"description\":\"\",\"publisher\":{\"@id\":\"https:\/\/letrame.com\/catalogo\/#organization\"},\"potentialAction\":[{\"@type\":\"SearchAction\",\"target\":{\"@type\":\"EntryPoint\",\"urlTemplate\":\"https:\/\/letrame.com\/catalogo\/?s={search_term_string}\"},\"query-input\":{\"@type\":\"PropertyValueSpecification\",\"valueRequired\":true,\"valueName\":\"search_term_string\"}}],\"inLanguage\":\"es\"},{\"@type\":\"Organization\",\"@id\":\"https:\/\/letrame.com\/catalogo\/#organization\",\"name\":\"Catalogo | Letrame Grupo Editorial\",\"url\":\"https:\/\/letrame.com\/catalogo\/\",\"logo\":{\"@type\":\"ImageObject\",\"inLanguage\":\"es\",\"@id\":\"https:\/\/letrame.com\/catalogo\/#\/schema\/logo\/image\/\",\"url\":\"https:\/\/letrame.com\/catalogo\/wp-content\/uploads\/2024\/03\/logo2.webp\",\"contentUrl\":\"https:\/\/letrame.com\/catalogo\/wp-content\/uploads\/2024\/03\/logo2.webp\",\"width\":394,\"height\":128,\"caption\":\"Catalogo | Letrame Grupo Editorial\"},\"image\":{\"@id\":\"https:\/\/letrame.com\/catalogo\/#\/schema\/logo\/image\/\"}}]}<\/script>\n<!-- \/ Yoast SEO plugin. -->","yoast_head_json":{"title":"El Combate Cuerpo a Cuerpo, una visi\u00f3n hol\u00edstica - Catalogo | Letrame Grupo Editorial","robots":{"index":"index","follow":"follow","max-snippet":"max-snippet:-1","max-image-preview":"max-image-preview:large","max-video-preview":"max-video-preview:-1"},"canonical":"https:\/\/letrame.com\/catalogo\/producto\/el-combate-cuerpo-a-cuerpo-una-vision-holistica\/","og_locale":"es_ES","og_type":"article","og_title":"El Combate Cuerpo a Cuerpo, una visi\u00f3n hol\u00edstica - Catalogo | Letrame Grupo Editorial","og_description":"ISBN: 9791370128722 SINOPSIS \u00bfA qui\u00e9n en su sano juicio no le gustar\u00eda, llegado el momento de tener que defender la vida de sus seres queridos, la suya propia o la de terceros en el ejercicio de sus funciones a nivel profesional o en su vida diaria, tener a su disposici\u00f3n las herramientas para neutralizar la agresi\u00f3n de una manera efectiva, oportuna, congruente, proporcional, y sobre todo, humana? En este texto, te invito a sumergirte en las entra\u00f1as m\u00e1s profundas del enfrentamiento entre dos seres humanos, para aprender a detectar, manejar y sobreponerte a los principales efectos fisiol\u00f3gicos, psicol\u00f3gicos y conductuales de este tipo de situaciones, utilizando como \u00faltimo recurso, y solo en caso estrictamente necesario, la fuerza para salir victorioso y con las m\u00ednimas lesiones f\u00edsicas y mentales de una propuesta de vida que va en contra de nuestra naturaleza. Ning\u00fan individuo sano est\u00e1 gen\u00e9ticamente preparado para agredir a otro de su misma especie. El ser humano nace del amor, y esta es su esencia. Pero el mal, por desgracia, est\u00e1 presente en nuestra existencia, y dir\u00eda que es necesario para que se mantenga el equilibrio natural del universo.","og_url":"https:\/\/letrame.com\/catalogo\/producto\/el-combate-cuerpo-a-cuerpo-una-vision-holistica\/","og_site_name":"Catalogo | Letrame Grupo Editorial","article_modified_time":"2025-11-05T08:25:54+00:00","og_image":[{"width":384,"height":589,"url":"https:\/\/letrame.com\/catalogo\/wp-content\/uploads\/2025\/11\/elcombate_1073mm4.jpg","type":"image\/jpeg"}],"twitter_card":"summary_large_image","twitter_misc":{"Tiempo de lectura":"2 minutos"},"schema":{"@context":"https:\/\/schema.org","@graph":[{"@type":"WebPage","@id":"https:\/\/letrame.com\/catalogo\/producto\/el-combate-cuerpo-a-cuerpo-una-vision-holistica\/","url":"https:\/\/letrame.com\/catalogo\/producto\/el-combate-cuerpo-a-cuerpo-una-vision-holistica\/","name":"El Combate Cuerpo a Cuerpo, una visi\u00f3n hol\u00edstica - Catalogo | Letrame Grupo Editorial","isPartOf":{"@id":"https:\/\/letrame.com\/catalogo\/#website"},"primaryImageOfPage":{"@id":"https:\/\/letrame.com\/catalogo\/producto\/el-combate-cuerpo-a-cuerpo-una-vision-holistica\/#primaryimage"},"image":{"@id":"https:\/\/letrame.com\/catalogo\/producto\/el-combate-cuerpo-a-cuerpo-una-vision-holistica\/#primaryimage"},"thumbnailUrl":"https:\/\/letrame.com\/catalogo\/wp-content\/uploads\/2025\/11\/elcombate_1073mm4.jpg","datePublished":"2025-11-05T08:22:53+00:00","dateModified":"2025-11-05T08:25:54+00:00","breadcrumb":{"@id":"https:\/\/letrame.com\/catalogo\/producto\/el-combate-cuerpo-a-cuerpo-una-vision-holistica\/#breadcrumb"},"inLanguage":"es","potentialAction":[{"@type":"ReadAction","target":["https:\/\/letrame.com\/catalogo\/producto\/el-combate-cuerpo-a-cuerpo-una-vision-holistica\/"]}]},{"@type":"ImageObject","inLanguage":"es","@id":"https:\/\/letrame.com\/catalogo\/producto\/el-combate-cuerpo-a-cuerpo-una-vision-holistica\/#primaryimage","url":"https:\/\/letrame.com\/catalogo\/wp-content\/uploads\/2025\/11\/elcombate_1073mm4.jpg","contentUrl":"https:\/\/letrame.com\/catalogo\/wp-content\/uploads\/2025\/11\/elcombate_1073mm4.jpg","width":384,"height":589},{"@type":"BreadcrumbList","@id":"https:\/\/letrame.com\/catalogo\/producto\/el-combate-cuerpo-a-cuerpo-una-vision-holistica\/#breadcrumb","itemListElement":[{"@type":"ListItem","position":1,"name":"Portada","item":"https:\/\/letrame.com\/catalogo\/"},{"@type":"ListItem","position":2,"name":"Cat\u00e1logo","item":"https:\/\/letrame.com\/catalogo\/"},{"@type":"ListItem","position":3,"name":"El Combate Cuerpo a Cuerpo, una visi\u00f3n hol\u00edstica"}]},{"@type":"WebSite","@id":"https:\/\/letrame.com\/catalogo\/#website","url":"https:\/\/letrame.com\/catalogo\/","name":"Catalogo | Letrame Grupo Editorial","description":"","publisher":{"@id":"https:\/\/letrame.com\/catalogo\/#organization"},"potentialAction":[{"@type":"SearchAction","target":{"@type":"EntryPoint","urlTemplate":"https:\/\/letrame.com\/catalogo\/?s={search_term_string}"},"query-input":{"@type":"PropertyValueSpecification","valueRequired":true,"valueName":"search_term_string"}}],"inLanguage":"es"},{"@type":"Organization","@id":"https:\/\/letrame.com\/catalogo\/#organization","name":"Catalogo | Letrame Grupo Editorial","url":"https:\/\/letrame.com\/catalogo\/","logo":{"@type":"ImageObject","inLanguage":"es","@id":"https:\/\/letrame.com\/catalogo\/#\/schema\/logo\/image\/","url":"https:\/\/letrame.com\/catalogo\/wp-content\/uploads\/2024\/03\/logo2.webp","contentUrl":"https:\/\/letrame.com\/catalogo\/wp-content\/uploads\/2024\/03\/logo2.webp","width":394,"height":128,"caption":"Catalogo | Letrame Grupo Editorial"},"image":{"@id":"https:\/\/letrame.com\/catalogo\/#\/schema\/logo\/image\/"}}]}},"_links":{"self":[{"href":"https:\/\/letrame.com\/catalogo\/wp-json\/wp\/v2\/product\/109306","targetHints":{"allow":["GET"]}}],"collection":[{"href":"https:\/\/letrame.com\/catalogo\/wp-json\/wp\/v2\/product"}],"about":[{"href":"https:\/\/letrame.com\/catalogo\/wp-json\/wp\/v2\/types\/product"}],"replies":[{"embeddable":true,"href":"https:\/\/letrame.com\/catalogo\/wp-json\/wp\/v2\/comments?post=109306"}],"acf:post":[{"embeddable":true,"href":"https:\/\/letrame.com\/catalogo\/wp-json\/wp\/v2\/author_book\/109308"}],"wp:featuredmedia":[{"embeddable":true,"href":"https:\/\/letrame.com\/catalogo\/wp-json\/wp\/v2\/media\/109307"}],"wp:attachment":[{"href":"https:\/\/letrame.com\/catalogo\/wp-json\/wp\/v2\/media?parent=109306"}],"wp:term":[{"taxonomy":"libro","embeddable":true,"href":"https:\/\/letrame.com\/catalogo\/wp-json\/wp\/v2\/libro?post=109306"},{"taxonomy":"product_brand","embeddable":true,"href":"https:\/\/letrame.com\/catalogo\/wp-json\/wp\/v2\/product_brand?post=109306"},{"taxonomy":"product_cat","embeddable":true,"href":"https:\/\/letrame.com\/catalogo\/wp-json\/wp\/v2\/product_cat?post=109306"},{"taxonomy":"product_tag","embeddable":true,"href":"https:\/\/letrame.com\/catalogo\/wp-json\/wp\/v2\/product_tag?post=109306"}],"curies":[{"name":"wp","href":"https:\/\/api.w.org\/{rel}","templated":true}]}}