{"id":109285,"date":"2025-11-04T11:53:40","date_gmt":"2025-11-04T10:53:40","guid":{"rendered":"https:\/\/letrame.com\/catalogo\/?post_type=product&#038;p=109285"},"modified":"2025-11-04T11:56:51","modified_gmt":"2025-11-04T10:56:51","slug":"el-eco-de-lucia","status":"publish","type":"product","link":"https:\/\/letrame.com\/catalogo\/producto\/el-eco-de-lucia\/","title":{"rendered":"El eco de Luc\u00eda"},"content":{"rendered":"<p class=\"p1\"><b>ISBN: <\/b>9791370128050<\/p>\n<p class=\"p1\"><b>T\u00edtulo: <\/b>El eco de Luc\u00eda<b><\/b><\/p>\n<p><b>Fecha: <\/b>2025<b><br \/>\n<\/b><b><\/b><\/p>\n<p class=\"p1\"><b>P\u00e1ginas: <\/b>740<\/p>\n<p class=\"p1\"><b>SINOPSIS<\/b><\/p>\n<p>Estamos en 1992, en un peque\u00f1o pueblo de la provincia de Le\u00f3n, donde la misteriosa desaparici\u00f3n de una adolescente desata una b\u00fasqueda fren\u00e9tica.<br \/>\nEl descubrimiento de un cad\u00e1ver, que muestra signos de un ritual escalofriante, desvela una conexi\u00f3n mortal entre el pasado y el presente. A medida que ambas \u00e9pocas se entrelazan, los traumas heredados y los lazos invisibles entre generaciones desatan una tragedia inevitable. Una historia que indaga en c\u00f3mo los v\u00ednculos del pasado moldean nuestro presente y nos enfrentan con un destino del que parece imposible escapar.<br \/>\nEn esta cautivadora novela, se explora el oscuro retrato de la naturaleza humana, donde se entrelazan el bien y el mal en un viaje profundo hacia el alma. A trav\u00e9s de una narrativa impactante, se examina c\u00f3mo las creencias religiosas malinterpretadas pueden moldear la personalidad, transformando a un ni\u00f1o inocente en un verdadero monstruo. La historia, que atrapa al lector desde la primera p\u00e1gina, culmina en un final inesperado que deja huella. Adem\u00e1s, se presenta una cr\u00edtica incisiva a la sociedad machista, que llega hasta nuestros d\u00edas; revelando el papel de la mujer en un entorno de sumisi\u00f3n y opresi\u00f3n.<br \/>\n<b><br \/>\n<\/b><\/p>\n","protected":false},"excerpt":{"rendered":"<p><b>ISBN: <\/b>9791370128050<\/p>\n<p><b>SINOPSIS<\/b><\/p>\n<p>Estamos en 1992, en un peque\u00f1o pueblo de la provincia de Le\u00f3n, donde la misteriosa desaparici\u00f3n de una adolescente desata una b\u00fasqueda fren\u00e9tica.<br \/>\nEl descubrimiento de un cad\u00e1ver, que muestra signos de un ritual escalofriante, desvela una conexi\u00f3n mortal entre el pasado y el presente. A medida que ambas \u00e9pocas se entrelazan, los traumas heredados y los lazos invisibles entre generaciones desatan una tragedia inevitable. Una historia que indaga en c\u00f3mo los v\u00ednculos del pasado moldean nuestro presente y nos enfrentan con un destino del que parece imposible escapar.<br \/>\nEn esta cautivadora novela, se explora el oscuro retrato de la naturaleza humana, donde se entrelazan el bien y el mal en un viaje profundo hacia el alma. A trav\u00e9s de una narrativa impactante, se examina c\u00f3mo las creencias religiosas malinterpretadas pueden moldear la personalidad, transformando a un ni\u00f1o inocente en un verdadero monstruo. La historia, que atrapa al lector desde la primera p\u00e1gina, culmina en un final inesperado que deja huella. Adem\u00e1s, se presenta una cr\u00edtica incisiva a la sociedad machista, que llega hasta nuestros d\u00edas; revelando el papel de la mujer en un entorno de sumisi\u00f3n y opresi\u00f3n.<\/p>\n","protected":false},"featured_media":109286,"comment_status":"open","ping_status":"closed","template":"","meta":{"_acf_changed":false},"libro":[],"product_brand":[],"product_cat":[57],"product_tag":[],"class_list":{"0":"post-109285","1":"product","2":"type-product","3":"status-publish","4":"has-post-thumbnail","6":"product_cat-suspenso","8":"first","9":"instock","10":"shipping-taxable","11":"product-type-simple"},"acf":{"autor":[109287],"enlace_de_compra":"https:\/\/www.amazon.es\/dp\/B0FRNCMNRD"},"yoast_head":"<!-- This site is optimized with the Yoast SEO plugin v27.4 - https:\/\/yoast.com\/product\/yoast-seo-wordpress\/ -->\n<title>El eco de Luc\u00eda - Catalogo | Letrame Grupo Editorial<\/title>\n<meta name=\"robots\" content=\"index, follow, max-snippet:-1, max-image-preview:large, max-video-preview:-1\" \/>\n<link rel=\"canonical\" href=\"https:\/\/letrame.com\/catalogo\/producto\/el-eco-de-lucia\/\" \/>\n<meta property=\"og:locale\" content=\"es_ES\" \/>\n<meta property=\"og:type\" content=\"article\" \/>\n<meta property=\"og:title\" content=\"El eco de Luc\u00eda - Catalogo | Letrame Grupo Editorial\" \/>\n<meta property=\"og:description\" content=\"ISBN: 9791370128050  SINOPSIS  Estamos en 1992, en un peque\u00f1o pueblo de la provincia de Le\u00f3n, donde la misteriosa desaparici\u00f3n de una adolescente desata una b\u00fasqueda fren\u00e9tica. El descubrimiento de un cad\u00e1ver, que muestra signos de un ritual escalofriante, desvela una conexi\u00f3n mortal entre el pasado y el presente. A medida que ambas \u00e9pocas se entrelazan, los traumas heredados y los lazos invisibles entre generaciones desatan una tragedia inevitable. Una historia que indaga en c\u00f3mo los v\u00ednculos del pasado moldean nuestro presente y nos enfrentan con un destino del que parece imposible escapar. En esta cautivadora novela, se explora el oscuro retrato de la naturaleza humana, donde se entrelazan el bien y el mal en un viaje profundo hacia el alma. A trav\u00e9s de una narrativa impactante, se examina c\u00f3mo las creencias religiosas malinterpretadas pueden moldear la personalidad, transformando a un ni\u00f1o inocente en un verdadero monstruo. La historia, que atrapa al lector desde la primera p\u00e1gina, culmina en un final inesperado que deja huella. Adem\u00e1s, se presenta una cr\u00edtica incisiva a la sociedad machista, que llega hasta nuestros d\u00edas; revelando el papel de la mujer en un entorno de sumisi\u00f3n y opresi\u00f3n.\" \/>\n<meta property=\"og:url\" content=\"https:\/\/letrame.com\/catalogo\/producto\/el-eco-de-lucia\/\" \/>\n<meta property=\"og:site_name\" content=\"Catalogo | Letrame Grupo Editorial\" \/>\n<meta property=\"article:modified_time\" content=\"2025-11-04T10:56:51+00:00\" \/>\n<meta property=\"og:image\" content=\"https:\/\/letrame.com\/catalogo\/wp-content\/uploads\/2025\/11\/elecodelucia_3523mm4.jpg\" \/>\n\t<meta property=\"og:image:width\" content=\"384\" \/>\n\t<meta property=\"og:image:height\" content=\"563\" \/>\n\t<meta property=\"og:image:type\" content=\"image\/jpeg\" \/>\n<meta name=\"twitter:card\" content=\"summary_large_image\" \/>\n<meta name=\"twitter:label1\" content=\"Tiempo de lectura\" \/>\n\t<meta name=\"twitter:data1\" content=\"2 minutos\" \/>\n<script type=\"application\/ld+json\" class=\"yoast-schema-graph\">{\"@context\":\"https:\\\/\\\/schema.org\",\"@graph\":[{\"@type\":\"WebPage\",\"@id\":\"https:\\\/\\\/letrame.com\\\/catalogo\\\/producto\\\/el-eco-de-lucia\\\/\",\"url\":\"https:\\\/\\\/letrame.com\\\/catalogo\\\/producto\\\/el-eco-de-lucia\\\/\",\"name\":\"El eco de Luc\u00eda - Catalogo | Letrame Grupo Editorial\",\"isPartOf\":{\"@id\":\"https:\\\/\\\/letrame.com\\\/catalogo\\\/#website\"},\"primaryImageOfPage\":{\"@id\":\"https:\\\/\\\/letrame.com\\\/catalogo\\\/producto\\\/el-eco-de-lucia\\\/#primaryimage\"},\"image\":{\"@id\":\"https:\\\/\\\/letrame.com\\\/catalogo\\\/producto\\\/el-eco-de-lucia\\\/#primaryimage\"},\"thumbnailUrl\":\"https:\\\/\\\/letrame.com\\\/catalogo\\\/wp-content\\\/uploads\\\/2025\\\/11\\\/elecodelucia_3523mm4.jpg\",\"datePublished\":\"2025-11-04T10:53:40+00:00\",\"dateModified\":\"2025-11-04T10:56:51+00:00\",\"breadcrumb\":{\"@id\":\"https:\\\/\\\/letrame.com\\\/catalogo\\\/producto\\\/el-eco-de-lucia\\\/#breadcrumb\"},\"inLanguage\":\"es\",\"potentialAction\":[{\"@type\":\"ReadAction\",\"target\":[\"https:\\\/\\\/letrame.com\\\/catalogo\\\/producto\\\/el-eco-de-lucia\\\/\"]}]},{\"@type\":\"ImageObject\",\"inLanguage\":\"es\",\"@id\":\"https:\\\/\\\/letrame.com\\\/catalogo\\\/producto\\\/el-eco-de-lucia\\\/#primaryimage\",\"url\":\"https:\\\/\\\/letrame.com\\\/catalogo\\\/wp-content\\\/uploads\\\/2025\\\/11\\\/elecodelucia_3523mm4.jpg\",\"contentUrl\":\"https:\\\/\\\/letrame.com\\\/catalogo\\\/wp-content\\\/uploads\\\/2025\\\/11\\\/elecodelucia_3523mm4.jpg\",\"width\":384,\"height\":563},{\"@type\":\"BreadcrumbList\",\"@id\":\"https:\\\/\\\/letrame.com\\\/catalogo\\\/producto\\\/el-eco-de-lucia\\\/#breadcrumb\",\"itemListElement\":[{\"@type\":\"ListItem\",\"position\":1,\"name\":\"Portada\",\"item\":\"https:\\\/\\\/letrame.com\\\/catalogo\\\/\"},{\"@type\":\"ListItem\",\"position\":2,\"name\":\"Cat\u00e1logo\",\"item\":\"https:\\\/\\\/letrame.com\\\/catalogo\\\/\"},{\"@type\":\"ListItem\",\"position\":3,\"name\":\"El eco de Luc\u00eda\"}]},{\"@type\":\"WebSite\",\"@id\":\"https:\\\/\\\/letrame.com\\\/catalogo\\\/#website\",\"url\":\"https:\\\/\\\/letrame.com\\\/catalogo\\\/\",\"name\":\"Catalogo | Letrame Grupo Editorial\",\"description\":\"\",\"publisher\":{\"@id\":\"https:\\\/\\\/letrame.com\\\/catalogo\\\/#organization\"},\"potentialAction\":[{\"@type\":\"SearchAction\",\"target\":{\"@type\":\"EntryPoint\",\"urlTemplate\":\"https:\\\/\\\/letrame.com\\\/catalogo\\\/?s={search_term_string}\"},\"query-input\":{\"@type\":\"PropertyValueSpecification\",\"valueRequired\":true,\"valueName\":\"search_term_string\"}}],\"inLanguage\":\"es\"},{\"@type\":\"Organization\",\"@id\":\"https:\\\/\\\/letrame.com\\\/catalogo\\\/#organization\",\"name\":\"Catalogo | Letrame Grupo Editorial\",\"url\":\"https:\\\/\\\/letrame.com\\\/catalogo\\\/\",\"logo\":{\"@type\":\"ImageObject\",\"inLanguage\":\"es\",\"@id\":\"https:\\\/\\\/letrame.com\\\/catalogo\\\/#\\\/schema\\\/logo\\\/image\\\/\",\"url\":\"https:\\\/\\\/letrame.com\\\/catalogo\\\/wp-content\\\/uploads\\\/2024\\\/03\\\/logo2.webp\",\"contentUrl\":\"https:\\\/\\\/letrame.com\\\/catalogo\\\/wp-content\\\/uploads\\\/2024\\\/03\\\/logo2.webp\",\"width\":394,\"height\":128,\"caption\":\"Catalogo | Letrame Grupo Editorial\"},\"image\":{\"@id\":\"https:\\\/\\\/letrame.com\\\/catalogo\\\/#\\\/schema\\\/logo\\\/image\\\/\"}}]}<\/script>\n<!-- \/ Yoast SEO plugin. -->","yoast_head_json":{"title":"El eco de Luc\u00eda - Catalogo | Letrame Grupo Editorial","robots":{"index":"index","follow":"follow","max-snippet":"max-snippet:-1","max-image-preview":"max-image-preview:large","max-video-preview":"max-video-preview:-1"},"canonical":"https:\/\/letrame.com\/catalogo\/producto\/el-eco-de-lucia\/","og_locale":"es_ES","og_type":"article","og_title":"El eco de Luc\u00eda - Catalogo | Letrame Grupo Editorial","og_description":"ISBN: 9791370128050  SINOPSIS  Estamos en 1992, en un peque\u00f1o pueblo de la provincia de Le\u00f3n, donde la misteriosa desaparici\u00f3n de una adolescente desata una b\u00fasqueda fren\u00e9tica. El descubrimiento de un cad\u00e1ver, que muestra signos de un ritual escalofriante, desvela una conexi\u00f3n mortal entre el pasado y el presente. A medida que ambas \u00e9pocas se entrelazan, los traumas heredados y los lazos invisibles entre generaciones desatan una tragedia inevitable. Una historia que indaga en c\u00f3mo los v\u00ednculos del pasado moldean nuestro presente y nos enfrentan con un destino del que parece imposible escapar. En esta cautivadora novela, se explora el oscuro retrato de la naturaleza humana, donde se entrelazan el bien y el mal en un viaje profundo hacia el alma. A trav\u00e9s de una narrativa impactante, se examina c\u00f3mo las creencias religiosas malinterpretadas pueden moldear la personalidad, transformando a un ni\u00f1o inocente en un verdadero monstruo. La historia, que atrapa al lector desde la primera p\u00e1gina, culmina en un final inesperado que deja huella. Adem\u00e1s, se presenta una cr\u00edtica incisiva a la sociedad machista, que llega hasta nuestros d\u00edas; revelando el papel de la mujer en un entorno de sumisi\u00f3n y opresi\u00f3n.","og_url":"https:\/\/letrame.com\/catalogo\/producto\/el-eco-de-lucia\/","og_site_name":"Catalogo | Letrame Grupo Editorial","article_modified_time":"2025-11-04T10:56:51+00:00","og_image":[{"width":384,"height":563,"url":"https:\/\/letrame.com\/catalogo\/wp-content\/uploads\/2025\/11\/elecodelucia_3523mm4.jpg","type":"image\/jpeg"}],"twitter_card":"summary_large_image","twitter_misc":{"Tiempo de lectura":"2 minutos"},"schema":{"@context":"https:\/\/schema.org","@graph":[{"@type":"WebPage","@id":"https:\/\/letrame.com\/catalogo\/producto\/el-eco-de-lucia\/","url":"https:\/\/letrame.com\/catalogo\/producto\/el-eco-de-lucia\/","name":"El eco de Luc\u00eda - Catalogo | Letrame Grupo Editorial","isPartOf":{"@id":"https:\/\/letrame.com\/catalogo\/#website"},"primaryImageOfPage":{"@id":"https:\/\/letrame.com\/catalogo\/producto\/el-eco-de-lucia\/#primaryimage"},"image":{"@id":"https:\/\/letrame.com\/catalogo\/producto\/el-eco-de-lucia\/#primaryimage"},"thumbnailUrl":"https:\/\/letrame.com\/catalogo\/wp-content\/uploads\/2025\/11\/elecodelucia_3523mm4.jpg","datePublished":"2025-11-04T10:53:40+00:00","dateModified":"2025-11-04T10:56:51+00:00","breadcrumb":{"@id":"https:\/\/letrame.com\/catalogo\/producto\/el-eco-de-lucia\/#breadcrumb"},"inLanguage":"es","potentialAction":[{"@type":"ReadAction","target":["https:\/\/letrame.com\/catalogo\/producto\/el-eco-de-lucia\/"]}]},{"@type":"ImageObject","inLanguage":"es","@id":"https:\/\/letrame.com\/catalogo\/producto\/el-eco-de-lucia\/#primaryimage","url":"https:\/\/letrame.com\/catalogo\/wp-content\/uploads\/2025\/11\/elecodelucia_3523mm4.jpg","contentUrl":"https:\/\/letrame.com\/catalogo\/wp-content\/uploads\/2025\/11\/elecodelucia_3523mm4.jpg","width":384,"height":563},{"@type":"BreadcrumbList","@id":"https:\/\/letrame.com\/catalogo\/producto\/el-eco-de-lucia\/#breadcrumb","itemListElement":[{"@type":"ListItem","position":1,"name":"Portada","item":"https:\/\/letrame.com\/catalogo\/"},{"@type":"ListItem","position":2,"name":"Cat\u00e1logo","item":"https:\/\/letrame.com\/catalogo\/"},{"@type":"ListItem","position":3,"name":"El eco de Luc\u00eda"}]},{"@type":"WebSite","@id":"https:\/\/letrame.com\/catalogo\/#website","url":"https:\/\/letrame.com\/catalogo\/","name":"Catalogo | Letrame Grupo Editorial","description":"","publisher":{"@id":"https:\/\/letrame.com\/catalogo\/#organization"},"potentialAction":[{"@type":"SearchAction","target":{"@type":"EntryPoint","urlTemplate":"https:\/\/letrame.com\/catalogo\/?s={search_term_string}"},"query-input":{"@type":"PropertyValueSpecification","valueRequired":true,"valueName":"search_term_string"}}],"inLanguage":"es"},{"@type":"Organization","@id":"https:\/\/letrame.com\/catalogo\/#organization","name":"Catalogo | Letrame Grupo Editorial","url":"https:\/\/letrame.com\/catalogo\/","logo":{"@type":"ImageObject","inLanguage":"es","@id":"https:\/\/letrame.com\/catalogo\/#\/schema\/logo\/image\/","url":"https:\/\/letrame.com\/catalogo\/wp-content\/uploads\/2024\/03\/logo2.webp","contentUrl":"https:\/\/letrame.com\/catalogo\/wp-content\/uploads\/2024\/03\/logo2.webp","width":394,"height":128,"caption":"Catalogo | Letrame Grupo Editorial"},"image":{"@id":"https:\/\/letrame.com\/catalogo\/#\/schema\/logo\/image\/"}}]}},"_links":{"self":[{"href":"https:\/\/letrame.com\/catalogo\/wp-json\/wp\/v2\/product\/109285","targetHints":{"allow":["GET"]}}],"collection":[{"href":"https:\/\/letrame.com\/catalogo\/wp-json\/wp\/v2\/product"}],"about":[{"href":"https:\/\/letrame.com\/catalogo\/wp-json\/wp\/v2\/types\/product"}],"replies":[{"embeddable":true,"href":"https:\/\/letrame.com\/catalogo\/wp-json\/wp\/v2\/comments?post=109285"}],"acf:post":[{"embeddable":true,"href":"https:\/\/letrame.com\/catalogo\/wp-json\/wp\/v2\/author_book\/109287"}],"wp:featuredmedia":[{"embeddable":true,"href":"https:\/\/letrame.com\/catalogo\/wp-json\/wp\/v2\/media\/109286"}],"wp:attachment":[{"href":"https:\/\/letrame.com\/catalogo\/wp-json\/wp\/v2\/media?parent=109285"}],"wp:term":[{"taxonomy":"libro","embeddable":true,"href":"https:\/\/letrame.com\/catalogo\/wp-json\/wp\/v2\/libro?post=109285"},{"taxonomy":"product_brand","embeddable":true,"href":"https:\/\/letrame.com\/catalogo\/wp-json\/wp\/v2\/product_brand?post=109285"},{"taxonomy":"product_cat","embeddable":true,"href":"https:\/\/letrame.com\/catalogo\/wp-json\/wp\/v2\/product_cat?post=109285"},{"taxonomy":"product_tag","embeddable":true,"href":"https:\/\/letrame.com\/catalogo\/wp-json\/wp\/v2\/product_tag?post=109285"}],"curies":[{"name":"wp","href":"https:\/\/api.w.org\/{rel}","templated":true}]}}