{"id":109268,"date":"2025-11-04T11:26:27","date_gmt":"2025-11-04T10:26:27","guid":{"rendered":"https:\/\/letrame.com\/catalogo\/?post_type=product&#038;p=109268"},"modified":"2025-11-04T11:30:33","modified_gmt":"2025-11-04T10:30:33","slug":"el-verdugo-y-la-esperanza-del-winnipeg","status":"publish","type":"product","link":"https:\/\/letrame.com\/catalogo\/producto\/el-verdugo-y-la-esperanza-del-winnipeg\/","title":{"rendered":"El verdugo y la esperanza del Winnipeg"},"content":{"rendered":"<p class=\"p1\"><b>ISBN: <\/b>9788410898912<\/p>\n<p class=\"p1\"><b>T\u00edtulo: <\/b>El verdugo y la esperanza del Winnipeg<b><\/b><\/p>\n<p><b>Fecha: <\/b>2025<b><\/b><\/p>\n<p><b>P\u00e1ginas: <\/b>136<\/p>\n<p class=\"p1\"><b>SINOPSIS<\/b><\/p>\n<p>En esta historia real los sentimientos fluyen a trav\u00e9s de la lectura.<br \/>\nLa autora en este libro da a conocer las diferentes etapas por las que va pasando Josep al termino de la guerra civil espa\u00f1ola de 1936.<br \/>\nJosep tiene que escapar del terror, la represi\u00f3n o la muerte.<br \/>\nEl Verdugo y la esperanza del Winnipeg te da a conocer la fuerza de Josep. El amor a la vida a trav\u00e9s de los sentimientos mas profundos y poderosos que siente el ser humano como es el terror, la desesperaci\u00f3n o la muerte en tales circunstancias.<br \/>\nEsta novela va dirigida a aquellas lectoras \/es que sienten la necesidad de estar informados de acontecimientos que se producen en la actualidad y que no dejan indiferente a nadie. La escritora relata las vivencias de Josep con una sensibilidad especial, cuidando el vocabulario y respetando los inesperados momentos mas ihn\u00f3spitos que Josep va encontrando en cada vivencia.<\/p>\n<p>&nbsp;<\/p>\n","protected":false},"excerpt":{"rendered":"<p><b>ISBN:<\/b>9788410898912<\/p>\n<p><b>SINOPSIS<\/b><\/p>\n<p>En esta historia real los sentimientos fluyen a trav\u00e9s de la lectura.<br \/>\nLa autora en este libro da a conocer las diferentes etapas por las que va pasando Josep al termino de la guerra civil espa\u00f1ola de 1936.<br \/>\nJosep tiene que escapar del terror, la represi\u00f3n o la muerte.<br \/>\nEl Verdugo y la esperanza del Winnipeg te da a conocer la fuerza de Josep. El amor a la vida a trav\u00e9s de los sentimientos mas profundos y poderosos que siente el ser humano como es el terror, la desesperaci\u00f3n o la muerte en tales circunstancias.<br \/>\nEsta novela va dirigida a aquellas lectoras \/es que sienten la necesidad de estar informados de acontecimientos que se producen en la actualidad y que no dejan indiferente a nadie. La escritora relata las vivencias de Josep con una sensibilidad especial, cuidando el vocabulario y respetando los inesperados momentos mas ihn\u00f3spitos que Josep va encontrando en cada vivencia.<\/p>\n","protected":false},"featured_media":109269,"comment_status":"open","ping_status":"closed","template":"","meta":{"_acf_changed":false},"libro":[],"product_brand":[],"product_cat":[62],"product_tag":[],"class_list":{"0":"post-109268","1":"product","2":"type-product","3":"status-publish","4":"has-post-thumbnail","6":"product_cat-historico","8":"first","9":"instock","10":"shipping-taxable","11":"product-type-simple"},"acf":{"autor":[77667],"enlace_de_compra":"https:\/\/www.amazon.es\/dp\/8410898918"},"yoast_head":"<!-- This site is optimized with the Yoast SEO plugin v27.4 - https:\/\/yoast.com\/product\/yoast-seo-wordpress\/ -->\n<title>El verdugo y la esperanza del Winnipeg - Catalogo | Letrame Grupo Editorial<\/title>\n<meta name=\"robots\" content=\"index, follow, max-snippet:-1, max-image-preview:large, max-video-preview:-1\" \/>\n<link rel=\"canonical\" href=\"https:\/\/letrame.com\/catalogo\/producto\/el-verdugo-y-la-esperanza-del-winnipeg\/\" \/>\n<meta property=\"og:locale\" content=\"es_ES\" \/>\n<meta property=\"og:type\" content=\"article\" \/>\n<meta property=\"og:title\" content=\"El verdugo y la esperanza del Winnipeg - Catalogo | Letrame Grupo Editorial\" \/>\n<meta property=\"og:description\" content=\"ISBN:9788410898912  SINOPSIS  En esta historia real los sentimientos fluyen a trav\u00e9s de la lectura. La autora en este libro da a conocer las diferentes etapas por las que va pasando Josep al termino de la guerra civil espa\u00f1ola de 1936. Josep tiene que escapar del terror, la represi\u00f3n o la muerte. El Verdugo y la esperanza del Winnipeg te da a conocer la fuerza de Josep. El amor a la vida a trav\u00e9s de los sentimientos mas profundos y poderosos que siente el ser humano como es el terror, la desesperaci\u00f3n o la muerte en tales circunstancias. Esta novela va dirigida a aquellas lectoras \/es que sienten la necesidad de estar informados de acontecimientos que se producen en la actualidad y que no dejan indiferente a nadie. La escritora relata las vivencias de Josep con una sensibilidad especial, cuidando el vocabulario y respetando los inesperados momentos mas ihn\u00f3spitos que Josep va encontrando en cada vivencia.\" \/>\n<meta property=\"og:url\" content=\"https:\/\/letrame.com\/catalogo\/producto\/el-verdugo-y-la-esperanza-del-winnipeg\/\" \/>\n<meta property=\"og:site_name\" content=\"Catalogo | Letrame Grupo Editorial\" \/>\n<meta property=\"article:modified_time\" content=\"2025-11-04T10:30:33+00:00\" \/>\n<meta property=\"og:image\" content=\"https:\/\/letrame.com\/catalogo\/wp-content\/uploads\/2025\/11\/Elverdugo_734mm4.jpg\" \/>\n\t<meta property=\"og:image:width\" content=\"379\" \/>\n\t<meta property=\"og:image:height\" content=\"537\" \/>\n\t<meta property=\"og:image:type\" content=\"image\/jpeg\" \/>\n<meta name=\"twitter:card\" content=\"summary_large_image\" \/>\n<meta name=\"twitter:label1\" content=\"Tiempo de lectura\" \/>\n\t<meta name=\"twitter:data1\" content=\"1 minuto\" \/>\n<script type=\"application\/ld+json\" class=\"yoast-schema-graph\">{\"@context\":\"https:\\\/\\\/schema.org\",\"@graph\":[{\"@type\":\"WebPage\",\"@id\":\"https:\\\/\\\/letrame.com\\\/catalogo\\\/producto\\\/el-verdugo-y-la-esperanza-del-winnipeg\\\/\",\"url\":\"https:\\\/\\\/letrame.com\\\/catalogo\\\/producto\\\/el-verdugo-y-la-esperanza-del-winnipeg\\\/\",\"name\":\"El verdugo y la esperanza del Winnipeg - Catalogo | Letrame Grupo Editorial\",\"isPartOf\":{\"@id\":\"https:\\\/\\\/letrame.com\\\/catalogo\\\/#website\"},\"primaryImageOfPage\":{\"@id\":\"https:\\\/\\\/letrame.com\\\/catalogo\\\/producto\\\/el-verdugo-y-la-esperanza-del-winnipeg\\\/#primaryimage\"},\"image\":{\"@id\":\"https:\\\/\\\/letrame.com\\\/catalogo\\\/producto\\\/el-verdugo-y-la-esperanza-del-winnipeg\\\/#primaryimage\"},\"thumbnailUrl\":\"https:\\\/\\\/letrame.com\\\/catalogo\\\/wp-content\\\/uploads\\\/2025\\\/11\\\/Elverdugo_734mm4.jpg\",\"datePublished\":\"2025-11-04T10:26:27+00:00\",\"dateModified\":\"2025-11-04T10:30:33+00:00\",\"breadcrumb\":{\"@id\":\"https:\\\/\\\/letrame.com\\\/catalogo\\\/producto\\\/el-verdugo-y-la-esperanza-del-winnipeg\\\/#breadcrumb\"},\"inLanguage\":\"es\",\"potentialAction\":[{\"@type\":\"ReadAction\",\"target\":[\"https:\\\/\\\/letrame.com\\\/catalogo\\\/producto\\\/el-verdugo-y-la-esperanza-del-winnipeg\\\/\"]}]},{\"@type\":\"ImageObject\",\"inLanguage\":\"es\",\"@id\":\"https:\\\/\\\/letrame.com\\\/catalogo\\\/producto\\\/el-verdugo-y-la-esperanza-del-winnipeg\\\/#primaryimage\",\"url\":\"https:\\\/\\\/letrame.com\\\/catalogo\\\/wp-content\\\/uploads\\\/2025\\\/11\\\/Elverdugo_734mm4.jpg\",\"contentUrl\":\"https:\\\/\\\/letrame.com\\\/catalogo\\\/wp-content\\\/uploads\\\/2025\\\/11\\\/Elverdugo_734mm4.jpg\",\"width\":379,\"height\":537},{\"@type\":\"BreadcrumbList\",\"@id\":\"https:\\\/\\\/letrame.com\\\/catalogo\\\/producto\\\/el-verdugo-y-la-esperanza-del-winnipeg\\\/#breadcrumb\",\"itemListElement\":[{\"@type\":\"ListItem\",\"position\":1,\"name\":\"Portada\",\"item\":\"https:\\\/\\\/letrame.com\\\/catalogo\\\/\"},{\"@type\":\"ListItem\",\"position\":2,\"name\":\"Cat\u00e1logo\",\"item\":\"https:\\\/\\\/letrame.com\\\/catalogo\\\/\"},{\"@type\":\"ListItem\",\"position\":3,\"name\":\"El verdugo y la esperanza del Winnipeg\"}]},{\"@type\":\"WebSite\",\"@id\":\"https:\\\/\\\/letrame.com\\\/catalogo\\\/#website\",\"url\":\"https:\\\/\\\/letrame.com\\\/catalogo\\\/\",\"name\":\"Catalogo | Letrame Grupo Editorial\",\"description\":\"\",\"publisher\":{\"@id\":\"https:\\\/\\\/letrame.com\\\/catalogo\\\/#organization\"},\"potentialAction\":[{\"@type\":\"SearchAction\",\"target\":{\"@type\":\"EntryPoint\",\"urlTemplate\":\"https:\\\/\\\/letrame.com\\\/catalogo\\\/?s={search_term_string}\"},\"query-input\":{\"@type\":\"PropertyValueSpecification\",\"valueRequired\":true,\"valueName\":\"search_term_string\"}}],\"inLanguage\":\"es\"},{\"@type\":\"Organization\",\"@id\":\"https:\\\/\\\/letrame.com\\\/catalogo\\\/#organization\",\"name\":\"Catalogo | Letrame Grupo Editorial\",\"url\":\"https:\\\/\\\/letrame.com\\\/catalogo\\\/\",\"logo\":{\"@type\":\"ImageObject\",\"inLanguage\":\"es\",\"@id\":\"https:\\\/\\\/letrame.com\\\/catalogo\\\/#\\\/schema\\\/logo\\\/image\\\/\",\"url\":\"https:\\\/\\\/letrame.com\\\/catalogo\\\/wp-content\\\/uploads\\\/2024\\\/03\\\/logo2.webp\",\"contentUrl\":\"https:\\\/\\\/letrame.com\\\/catalogo\\\/wp-content\\\/uploads\\\/2024\\\/03\\\/logo2.webp\",\"width\":394,\"height\":128,\"caption\":\"Catalogo | Letrame Grupo Editorial\"},\"image\":{\"@id\":\"https:\\\/\\\/letrame.com\\\/catalogo\\\/#\\\/schema\\\/logo\\\/image\\\/\"}}]}<\/script>\n<!-- \/ Yoast SEO plugin. -->","yoast_head_json":{"title":"El verdugo y la esperanza del Winnipeg - Catalogo | Letrame Grupo Editorial","robots":{"index":"index","follow":"follow","max-snippet":"max-snippet:-1","max-image-preview":"max-image-preview:large","max-video-preview":"max-video-preview:-1"},"canonical":"https:\/\/letrame.com\/catalogo\/producto\/el-verdugo-y-la-esperanza-del-winnipeg\/","og_locale":"es_ES","og_type":"article","og_title":"El verdugo y la esperanza del Winnipeg - Catalogo | Letrame Grupo Editorial","og_description":"ISBN:9788410898912  SINOPSIS  En esta historia real los sentimientos fluyen a trav\u00e9s de la lectura. La autora en este libro da a conocer las diferentes etapas por las que va pasando Josep al termino de la guerra civil espa\u00f1ola de 1936. Josep tiene que escapar del terror, la represi\u00f3n o la muerte. El Verdugo y la esperanza del Winnipeg te da a conocer la fuerza de Josep. El amor a la vida a trav\u00e9s de los sentimientos mas profundos y poderosos que siente el ser humano como es el terror, la desesperaci\u00f3n o la muerte en tales circunstancias. Esta novela va dirigida a aquellas lectoras \/es que sienten la necesidad de estar informados de acontecimientos que se producen en la actualidad y que no dejan indiferente a nadie. La escritora relata las vivencias de Josep con una sensibilidad especial, cuidando el vocabulario y respetando los inesperados momentos mas ihn\u00f3spitos que Josep va encontrando en cada vivencia.","og_url":"https:\/\/letrame.com\/catalogo\/producto\/el-verdugo-y-la-esperanza-del-winnipeg\/","og_site_name":"Catalogo | Letrame Grupo Editorial","article_modified_time":"2025-11-04T10:30:33+00:00","og_image":[{"width":379,"height":537,"url":"https:\/\/letrame.com\/catalogo\/wp-content\/uploads\/2025\/11\/Elverdugo_734mm4.jpg","type":"image\/jpeg"}],"twitter_card":"summary_large_image","twitter_misc":{"Tiempo de lectura":"1 minuto"},"schema":{"@context":"https:\/\/schema.org","@graph":[{"@type":"WebPage","@id":"https:\/\/letrame.com\/catalogo\/producto\/el-verdugo-y-la-esperanza-del-winnipeg\/","url":"https:\/\/letrame.com\/catalogo\/producto\/el-verdugo-y-la-esperanza-del-winnipeg\/","name":"El verdugo y la esperanza del Winnipeg - Catalogo | Letrame Grupo Editorial","isPartOf":{"@id":"https:\/\/letrame.com\/catalogo\/#website"},"primaryImageOfPage":{"@id":"https:\/\/letrame.com\/catalogo\/producto\/el-verdugo-y-la-esperanza-del-winnipeg\/#primaryimage"},"image":{"@id":"https:\/\/letrame.com\/catalogo\/producto\/el-verdugo-y-la-esperanza-del-winnipeg\/#primaryimage"},"thumbnailUrl":"https:\/\/letrame.com\/catalogo\/wp-content\/uploads\/2025\/11\/Elverdugo_734mm4.jpg","datePublished":"2025-11-04T10:26:27+00:00","dateModified":"2025-11-04T10:30:33+00:00","breadcrumb":{"@id":"https:\/\/letrame.com\/catalogo\/producto\/el-verdugo-y-la-esperanza-del-winnipeg\/#breadcrumb"},"inLanguage":"es","potentialAction":[{"@type":"ReadAction","target":["https:\/\/letrame.com\/catalogo\/producto\/el-verdugo-y-la-esperanza-del-winnipeg\/"]}]},{"@type":"ImageObject","inLanguage":"es","@id":"https:\/\/letrame.com\/catalogo\/producto\/el-verdugo-y-la-esperanza-del-winnipeg\/#primaryimage","url":"https:\/\/letrame.com\/catalogo\/wp-content\/uploads\/2025\/11\/Elverdugo_734mm4.jpg","contentUrl":"https:\/\/letrame.com\/catalogo\/wp-content\/uploads\/2025\/11\/Elverdugo_734mm4.jpg","width":379,"height":537},{"@type":"BreadcrumbList","@id":"https:\/\/letrame.com\/catalogo\/producto\/el-verdugo-y-la-esperanza-del-winnipeg\/#breadcrumb","itemListElement":[{"@type":"ListItem","position":1,"name":"Portada","item":"https:\/\/letrame.com\/catalogo\/"},{"@type":"ListItem","position":2,"name":"Cat\u00e1logo","item":"https:\/\/letrame.com\/catalogo\/"},{"@type":"ListItem","position":3,"name":"El verdugo y la esperanza del Winnipeg"}]},{"@type":"WebSite","@id":"https:\/\/letrame.com\/catalogo\/#website","url":"https:\/\/letrame.com\/catalogo\/","name":"Catalogo | Letrame Grupo Editorial","description":"","publisher":{"@id":"https:\/\/letrame.com\/catalogo\/#organization"},"potentialAction":[{"@type":"SearchAction","target":{"@type":"EntryPoint","urlTemplate":"https:\/\/letrame.com\/catalogo\/?s={search_term_string}"},"query-input":{"@type":"PropertyValueSpecification","valueRequired":true,"valueName":"search_term_string"}}],"inLanguage":"es"},{"@type":"Organization","@id":"https:\/\/letrame.com\/catalogo\/#organization","name":"Catalogo | Letrame Grupo Editorial","url":"https:\/\/letrame.com\/catalogo\/","logo":{"@type":"ImageObject","inLanguage":"es","@id":"https:\/\/letrame.com\/catalogo\/#\/schema\/logo\/image\/","url":"https:\/\/letrame.com\/catalogo\/wp-content\/uploads\/2024\/03\/logo2.webp","contentUrl":"https:\/\/letrame.com\/catalogo\/wp-content\/uploads\/2024\/03\/logo2.webp","width":394,"height":128,"caption":"Catalogo | Letrame Grupo Editorial"},"image":{"@id":"https:\/\/letrame.com\/catalogo\/#\/schema\/logo\/image\/"}}]}},"_links":{"self":[{"href":"https:\/\/letrame.com\/catalogo\/wp-json\/wp\/v2\/product\/109268","targetHints":{"allow":["GET"]}}],"collection":[{"href":"https:\/\/letrame.com\/catalogo\/wp-json\/wp\/v2\/product"}],"about":[{"href":"https:\/\/letrame.com\/catalogo\/wp-json\/wp\/v2\/types\/product"}],"replies":[{"embeddable":true,"href":"https:\/\/letrame.com\/catalogo\/wp-json\/wp\/v2\/comments?post=109268"}],"acf:post":[{"embeddable":true,"href":"https:\/\/letrame.com\/catalogo\/wp-json\/wp\/v2\/author_book\/77667"}],"wp:featuredmedia":[{"embeddable":true,"href":"https:\/\/letrame.com\/catalogo\/wp-json\/wp\/v2\/media\/109269"}],"wp:attachment":[{"href":"https:\/\/letrame.com\/catalogo\/wp-json\/wp\/v2\/media?parent=109268"}],"wp:term":[{"taxonomy":"libro","embeddable":true,"href":"https:\/\/letrame.com\/catalogo\/wp-json\/wp\/v2\/libro?post=109268"},{"taxonomy":"product_brand","embeddable":true,"href":"https:\/\/letrame.com\/catalogo\/wp-json\/wp\/v2\/product_brand?post=109268"},{"taxonomy":"product_cat","embeddable":true,"href":"https:\/\/letrame.com\/catalogo\/wp-json\/wp\/v2\/product_cat?post=109268"},{"taxonomy":"product_tag","embeddable":true,"href":"https:\/\/letrame.com\/catalogo\/wp-json\/wp\/v2\/product_tag?post=109268"}],"curies":[{"name":"wp","href":"https:\/\/api.w.org\/{rel}","templated":true}]}}