{"id":109258,"date":"2025-10-30T11:11:41","date_gmt":"2025-10-30T10:11:41","guid":{"rendered":"https:\/\/letrame.com\/catalogo\/?post_type=product&#038;p=109258"},"modified":"2025-10-30T11:16:39","modified_gmt":"2025-10-30T10:16:39","slug":"sin-excusas-claves-para-emprender-con-determinacion-y-exito","status":"publish","type":"product","link":"https:\/\/letrame.com\/catalogo\/producto\/sin-excusas-claves-para-emprender-con-determinacion-y-exito\/","title":{"rendered":"Sin excusas. Claves para emprender con determinaci\u00f3n y \u00e9xito"},"content":{"rendered":"<p class=\"p1\"><b>ISBN: <\/b>9791370126315<\/p>\n<p class=\"p1\"><b>T\u00edtulo: <\/b>Sin excusas. Claves para emprender con determinaci\u00f3n y \u00e9xito<\/p>\n<p class=\"p1\"><b>Fecha: <\/b>2025<\/p>\n<p class=\"p1\"><b>P\u00e1ginas: <\/b>169<\/p>\n<p class=\"p1\"><b>SINOPSIS<\/b><\/p>\n<p>Emprender no es solo una cuesti\u00f3n de ideas, sino de actitud, estrategia y prop\u00f3sito. En Sin excusas, Charly Rela\u00f1o comparte m\u00e1s de 30 a\u00f1os de experiencia como emprendedor y mentor, ofreciendo una gu\u00eda pr\u00e1ctica para quienes desean transformar sus sue\u00f1os en realidades sostenibles. Este libro es una invitaci\u00f3n a actuar con claridad, foco y determinaci\u00f3n.<br \/>\nA trav\u00e9s de herramientas probadas, ejercicios transformadores y ejemplos reales, el autor te acompa\u00f1a paso a paso en el proceso de definir tu prop\u00f3sito, superar bloqueos internos y construir un plan de acci\u00f3n efectivo. Cada cap\u00edtulo est\u00e1 dise\u00f1ado para ayudarte a avanzar, incluso cuando el miedo o la incertidumbre amenacen con detenerte.<br \/>\nM\u00e1s que un manual de emprendimiento, este libro es un mapa de crecimiento personal. Desde la gesti\u00f3n emocional hasta la marca personal, desde la resiliencia financiera hasta el liderazgo con impacto, Sin excusas te ofrece las claves para emprender con sentido y sostenibilidad.<br \/>\nSi est\u00e1s listo para dejar atr\u00e1s las excusas, abrazar tu potencial y construir un negocio alineado con tu pasi\u00f3n, este libro es para ti. Porque el \u00e9xito no es un destino, sino un camino que se recorre con intenci\u00f3n, acci\u00f3n y pasi\u00f3n.<\/p>\n","protected":false},"excerpt":{"rendered":"<p><b>ISBN: <\/b>9791370126315<\/p>\n<p class=\"p1\"><b>SINOPSIS<\/b><\/p>\n<p>Emprender no es solo una cuesti\u00f3n de ideas, sino de actitud, estrategia y prop\u00f3sito. En Sin excusas, Charly Rela\u00f1o comparte m\u00e1s de 30 a\u00f1os de experiencia como emprendedor y mentor, ofreciendo una gu\u00eda pr\u00e1ctica para quienes desean transformar sus sue\u00f1os en realidades sostenibles. Este libro es una invitaci\u00f3n a actuar con claridad, foco y determinaci\u00f3n.<br \/>\nA trav\u00e9s de herramientas probadas, ejercicios transformadores y ejemplos reales, el autor te acompa\u00f1a paso a paso en el proceso de definir tu prop\u00f3sito, superar bloqueos internos y construir un plan de acci\u00f3n efectivo. Cada cap\u00edtulo est\u00e1 dise\u00f1ado para ayudarte a avanzar, incluso cuando el miedo o la incertidumbre amenacen con detenerte.<br \/>\nM\u00e1s que un manual de emprendimiento, este libro es un mapa de crecimiento personal. Desde la gesti\u00f3n emocional hasta la marca personal, desde la resiliencia financiera hasta el liderazgo con impacto, Sin excusas te ofrece las claves para emprender con sentido y sostenibilidad.<br \/>\nSi est\u00e1s listo para dejar atr\u00e1s las excusas, abrazar tu potencial y construir un negocio alineado con tu pasi\u00f3n, este libro es para ti. Porque el \u00e9xito no es un destino, sino un camino que se recorre con intenci\u00f3n, acci\u00f3n y pasi\u00f3n.<\/p>\n","protected":false},"featured_media":109259,"comment_status":"open","ping_status":"closed","template":"","meta":{"_acf_changed":false},"libro":[],"product_brand":[],"product_cat":[40],"product_tag":[],"class_list":{"0":"post-109258","1":"product","2":"type-product","3":"status-publish","4":"has-post-thumbnail","6":"product_cat-economia","8":"first","9":"instock","10":"shipping-taxable","11":"product-type-simple"},"acf":{"autor":[109260,74836],"enlace_de_compra":"https:\/\/www.amazon.es\/dp\/B0FMJQXBS2"},"yoast_head":"<!-- This site is optimized with the Yoast SEO plugin v26.6 - https:\/\/yoast.com\/wordpress\/plugins\/seo\/ -->\n<title>Sin excusas. Claves para emprender con determinaci\u00f3n y \u00e9xito - Catalogo | Letrame Grupo Editorial<\/title>\n<meta name=\"robots\" content=\"index, follow, max-snippet:-1, max-image-preview:large, max-video-preview:-1\" \/>\n<link rel=\"canonical\" href=\"https:\/\/letrame.com\/catalogo\/producto\/sin-excusas-claves-para-emprender-con-determinacion-y-exito\/\" \/>\n<meta property=\"og:locale\" content=\"es_ES\" \/>\n<meta property=\"og:type\" content=\"article\" \/>\n<meta property=\"og:title\" content=\"Sin excusas. Claves para emprender con determinaci\u00f3n y \u00e9xito - Catalogo | Letrame Grupo Editorial\" \/>\n<meta property=\"og:description\" content=\"ISBN: 9791370126315 SINOPSIS Emprender no es solo una cuesti\u00f3n de ideas, sino de actitud, estrategia y prop\u00f3sito. En Sin excusas, Charly Rela\u00f1o comparte m\u00e1s de 30 a\u00f1os de experiencia como emprendedor y mentor, ofreciendo una gu\u00eda pr\u00e1ctica para quienes desean transformar sus sue\u00f1os en realidades sostenibles. Este libro es una invitaci\u00f3n a actuar con claridad, foco y determinaci\u00f3n. A trav\u00e9s de herramientas probadas, ejercicios transformadores y ejemplos reales, el autor te acompa\u00f1a paso a paso en el proceso de definir tu prop\u00f3sito, superar bloqueos internos y construir un plan de acci\u00f3n efectivo. Cada cap\u00edtulo est\u00e1 dise\u00f1ado para ayudarte a avanzar, incluso cuando el miedo o la incertidumbre amenacen con detenerte. M\u00e1s que un manual de emprendimiento, este libro es un mapa de crecimiento personal. Desde la gesti\u00f3n emocional hasta la marca personal, desde la resiliencia financiera hasta el liderazgo con impacto, Sin excusas te ofrece las claves para emprender con sentido y sostenibilidad. Si est\u00e1s listo para dejar atr\u00e1s las excusas, abrazar tu potencial y construir un negocio alineado con tu pasi\u00f3n, este libro es para ti. Porque el \u00e9xito no es un destino, sino un camino que se recorre con intenci\u00f3n, acci\u00f3n y pasi\u00f3n.\" \/>\n<meta property=\"og:url\" content=\"https:\/\/letrame.com\/catalogo\/producto\/sin-excusas-claves-para-emprender-con-determinacion-y-exito\/\" \/>\n<meta property=\"og:site_name\" content=\"Catalogo | Letrame Grupo Editorial\" \/>\n<meta property=\"article:modified_time\" content=\"2025-10-30T10:16:39+00:00\" \/>\n<meta property=\"og:image\" content=\"https:\/\/letrame.com\/catalogo\/wp-content\/uploads\/2025\/10\/Sinexcusas_8.87mm4.jpg\" \/>\n\t<meta property=\"og:image:width\" content=\"443\" \/>\n\t<meta property=\"og:image:height\" content=\"650\" \/>\n\t<meta property=\"og:image:type\" content=\"image\/jpeg\" \/>\n<meta name=\"twitter:card\" content=\"summary_large_image\" \/>\n<meta name=\"twitter:label1\" content=\"Tiempo de lectura\" \/>\n\t<meta name=\"twitter:data1\" content=\"2 minutos\" \/>\n<script type=\"application\/ld+json\" class=\"yoast-schema-graph\">{\"@context\":\"https:\/\/schema.org\",\"@graph\":[{\"@type\":\"WebPage\",\"@id\":\"https:\/\/letrame.com\/catalogo\/producto\/sin-excusas-claves-para-emprender-con-determinacion-y-exito\/\",\"url\":\"https:\/\/letrame.com\/catalogo\/producto\/sin-excusas-claves-para-emprender-con-determinacion-y-exito\/\",\"name\":\"Sin excusas. Claves para emprender con determinaci\u00f3n y \u00e9xito - Catalogo | Letrame Grupo Editorial\",\"isPartOf\":{\"@id\":\"https:\/\/letrame.com\/catalogo\/#website\"},\"primaryImageOfPage\":{\"@id\":\"https:\/\/letrame.com\/catalogo\/producto\/sin-excusas-claves-para-emprender-con-determinacion-y-exito\/#primaryimage\"},\"image\":{\"@id\":\"https:\/\/letrame.com\/catalogo\/producto\/sin-excusas-claves-para-emprender-con-determinacion-y-exito\/#primaryimage\"},\"thumbnailUrl\":\"https:\/\/letrame.com\/catalogo\/wp-content\/uploads\/2025\/10\/Sinexcusas_8.87mm4.jpg\",\"datePublished\":\"2025-10-30T10:11:41+00:00\",\"dateModified\":\"2025-10-30T10:16:39+00:00\",\"breadcrumb\":{\"@id\":\"https:\/\/letrame.com\/catalogo\/producto\/sin-excusas-claves-para-emprender-con-determinacion-y-exito\/#breadcrumb\"},\"inLanguage\":\"es\",\"potentialAction\":[{\"@type\":\"ReadAction\",\"target\":[\"https:\/\/letrame.com\/catalogo\/producto\/sin-excusas-claves-para-emprender-con-determinacion-y-exito\/\"]}]},{\"@type\":\"ImageObject\",\"inLanguage\":\"es\",\"@id\":\"https:\/\/letrame.com\/catalogo\/producto\/sin-excusas-claves-para-emprender-con-determinacion-y-exito\/#primaryimage\",\"url\":\"https:\/\/letrame.com\/catalogo\/wp-content\/uploads\/2025\/10\/Sinexcusas_8.87mm4.jpg\",\"contentUrl\":\"https:\/\/letrame.com\/catalogo\/wp-content\/uploads\/2025\/10\/Sinexcusas_8.87mm4.jpg\",\"width\":443,\"height\":650},{\"@type\":\"BreadcrumbList\",\"@id\":\"https:\/\/letrame.com\/catalogo\/producto\/sin-excusas-claves-para-emprender-con-determinacion-y-exito\/#breadcrumb\",\"itemListElement\":[{\"@type\":\"ListItem\",\"position\":1,\"name\":\"Portada\",\"item\":\"https:\/\/letrame.com\/catalogo\/\"},{\"@type\":\"ListItem\",\"position\":2,\"name\":\"Cat\u00e1logo\",\"item\":\"https:\/\/letrame.com\/catalogo\/\"},{\"@type\":\"ListItem\",\"position\":3,\"name\":\"Sin excusas. Claves para emprender con determinaci\u00f3n y \u00e9xito\"}]},{\"@type\":\"WebSite\",\"@id\":\"https:\/\/letrame.com\/catalogo\/#website\",\"url\":\"https:\/\/letrame.com\/catalogo\/\",\"name\":\"Catalogo | Letrame Grupo Editorial\",\"description\":\"\",\"publisher\":{\"@id\":\"https:\/\/letrame.com\/catalogo\/#organization\"},\"potentialAction\":[{\"@type\":\"SearchAction\",\"target\":{\"@type\":\"EntryPoint\",\"urlTemplate\":\"https:\/\/letrame.com\/catalogo\/?s={search_term_string}\"},\"query-input\":{\"@type\":\"PropertyValueSpecification\",\"valueRequired\":true,\"valueName\":\"search_term_string\"}}],\"inLanguage\":\"es\"},{\"@type\":\"Organization\",\"@id\":\"https:\/\/letrame.com\/catalogo\/#organization\",\"name\":\"Catalogo | Letrame Grupo Editorial\",\"url\":\"https:\/\/letrame.com\/catalogo\/\",\"logo\":{\"@type\":\"ImageObject\",\"inLanguage\":\"es\",\"@id\":\"https:\/\/letrame.com\/catalogo\/#\/schema\/logo\/image\/\",\"url\":\"https:\/\/letrame.com\/catalogo\/wp-content\/uploads\/2024\/03\/logo2.webp\",\"contentUrl\":\"https:\/\/letrame.com\/catalogo\/wp-content\/uploads\/2024\/03\/logo2.webp\",\"width\":394,\"height\":128,\"caption\":\"Catalogo | Letrame Grupo Editorial\"},\"image\":{\"@id\":\"https:\/\/letrame.com\/catalogo\/#\/schema\/logo\/image\/\"}}]}<\/script>\n<!-- \/ Yoast SEO plugin. -->","yoast_head_json":{"title":"Sin excusas. Claves para emprender con determinaci\u00f3n y \u00e9xito - Catalogo | Letrame Grupo Editorial","robots":{"index":"index","follow":"follow","max-snippet":"max-snippet:-1","max-image-preview":"max-image-preview:large","max-video-preview":"max-video-preview:-1"},"canonical":"https:\/\/letrame.com\/catalogo\/producto\/sin-excusas-claves-para-emprender-con-determinacion-y-exito\/","og_locale":"es_ES","og_type":"article","og_title":"Sin excusas. Claves para emprender con determinaci\u00f3n y \u00e9xito - Catalogo | Letrame Grupo Editorial","og_description":"ISBN: 9791370126315 SINOPSIS Emprender no es solo una cuesti\u00f3n de ideas, sino de actitud, estrategia y prop\u00f3sito. En Sin excusas, Charly Rela\u00f1o comparte m\u00e1s de 30 a\u00f1os de experiencia como emprendedor y mentor, ofreciendo una gu\u00eda pr\u00e1ctica para quienes desean transformar sus sue\u00f1os en realidades sostenibles. Este libro es una invitaci\u00f3n a actuar con claridad, foco y determinaci\u00f3n. A trav\u00e9s de herramientas probadas, ejercicios transformadores y ejemplos reales, el autor te acompa\u00f1a paso a paso en el proceso de definir tu prop\u00f3sito, superar bloqueos internos y construir un plan de acci\u00f3n efectivo. Cada cap\u00edtulo est\u00e1 dise\u00f1ado para ayudarte a avanzar, incluso cuando el miedo o la incertidumbre amenacen con detenerte. M\u00e1s que un manual de emprendimiento, este libro es un mapa de crecimiento personal. Desde la gesti\u00f3n emocional hasta la marca personal, desde la resiliencia financiera hasta el liderazgo con impacto, Sin excusas te ofrece las claves para emprender con sentido y sostenibilidad. Si est\u00e1s listo para dejar atr\u00e1s las excusas, abrazar tu potencial y construir un negocio alineado con tu pasi\u00f3n, este libro es para ti. Porque el \u00e9xito no es un destino, sino un camino que se recorre con intenci\u00f3n, acci\u00f3n y pasi\u00f3n.","og_url":"https:\/\/letrame.com\/catalogo\/producto\/sin-excusas-claves-para-emprender-con-determinacion-y-exito\/","og_site_name":"Catalogo | Letrame Grupo Editorial","article_modified_time":"2025-10-30T10:16:39+00:00","og_image":[{"width":443,"height":650,"url":"https:\/\/letrame.com\/catalogo\/wp-content\/uploads\/2025\/10\/Sinexcusas_8.87mm4.jpg","type":"image\/jpeg"}],"twitter_card":"summary_large_image","twitter_misc":{"Tiempo de lectura":"2 minutos"},"schema":{"@context":"https:\/\/schema.org","@graph":[{"@type":"WebPage","@id":"https:\/\/letrame.com\/catalogo\/producto\/sin-excusas-claves-para-emprender-con-determinacion-y-exito\/","url":"https:\/\/letrame.com\/catalogo\/producto\/sin-excusas-claves-para-emprender-con-determinacion-y-exito\/","name":"Sin excusas. Claves para emprender con determinaci\u00f3n y \u00e9xito - Catalogo | Letrame Grupo Editorial","isPartOf":{"@id":"https:\/\/letrame.com\/catalogo\/#website"},"primaryImageOfPage":{"@id":"https:\/\/letrame.com\/catalogo\/producto\/sin-excusas-claves-para-emprender-con-determinacion-y-exito\/#primaryimage"},"image":{"@id":"https:\/\/letrame.com\/catalogo\/producto\/sin-excusas-claves-para-emprender-con-determinacion-y-exito\/#primaryimage"},"thumbnailUrl":"https:\/\/letrame.com\/catalogo\/wp-content\/uploads\/2025\/10\/Sinexcusas_8.87mm4.jpg","datePublished":"2025-10-30T10:11:41+00:00","dateModified":"2025-10-30T10:16:39+00:00","breadcrumb":{"@id":"https:\/\/letrame.com\/catalogo\/producto\/sin-excusas-claves-para-emprender-con-determinacion-y-exito\/#breadcrumb"},"inLanguage":"es","potentialAction":[{"@type":"ReadAction","target":["https:\/\/letrame.com\/catalogo\/producto\/sin-excusas-claves-para-emprender-con-determinacion-y-exito\/"]}]},{"@type":"ImageObject","inLanguage":"es","@id":"https:\/\/letrame.com\/catalogo\/producto\/sin-excusas-claves-para-emprender-con-determinacion-y-exito\/#primaryimage","url":"https:\/\/letrame.com\/catalogo\/wp-content\/uploads\/2025\/10\/Sinexcusas_8.87mm4.jpg","contentUrl":"https:\/\/letrame.com\/catalogo\/wp-content\/uploads\/2025\/10\/Sinexcusas_8.87mm4.jpg","width":443,"height":650},{"@type":"BreadcrumbList","@id":"https:\/\/letrame.com\/catalogo\/producto\/sin-excusas-claves-para-emprender-con-determinacion-y-exito\/#breadcrumb","itemListElement":[{"@type":"ListItem","position":1,"name":"Portada","item":"https:\/\/letrame.com\/catalogo\/"},{"@type":"ListItem","position":2,"name":"Cat\u00e1logo","item":"https:\/\/letrame.com\/catalogo\/"},{"@type":"ListItem","position":3,"name":"Sin excusas. Claves para emprender con determinaci\u00f3n y \u00e9xito"}]},{"@type":"WebSite","@id":"https:\/\/letrame.com\/catalogo\/#website","url":"https:\/\/letrame.com\/catalogo\/","name":"Catalogo | Letrame Grupo Editorial","description":"","publisher":{"@id":"https:\/\/letrame.com\/catalogo\/#organization"},"potentialAction":[{"@type":"SearchAction","target":{"@type":"EntryPoint","urlTemplate":"https:\/\/letrame.com\/catalogo\/?s={search_term_string}"},"query-input":{"@type":"PropertyValueSpecification","valueRequired":true,"valueName":"search_term_string"}}],"inLanguage":"es"},{"@type":"Organization","@id":"https:\/\/letrame.com\/catalogo\/#organization","name":"Catalogo | Letrame Grupo Editorial","url":"https:\/\/letrame.com\/catalogo\/","logo":{"@type":"ImageObject","inLanguage":"es","@id":"https:\/\/letrame.com\/catalogo\/#\/schema\/logo\/image\/","url":"https:\/\/letrame.com\/catalogo\/wp-content\/uploads\/2024\/03\/logo2.webp","contentUrl":"https:\/\/letrame.com\/catalogo\/wp-content\/uploads\/2024\/03\/logo2.webp","width":394,"height":128,"caption":"Catalogo | Letrame Grupo Editorial"},"image":{"@id":"https:\/\/letrame.com\/catalogo\/#\/schema\/logo\/image\/"}}]}},"_links":{"self":[{"href":"https:\/\/letrame.com\/catalogo\/wp-json\/wp\/v2\/product\/109258","targetHints":{"allow":["GET"]}}],"collection":[{"href":"https:\/\/letrame.com\/catalogo\/wp-json\/wp\/v2\/product"}],"about":[{"href":"https:\/\/letrame.com\/catalogo\/wp-json\/wp\/v2\/types\/product"}],"replies":[{"embeddable":true,"href":"https:\/\/letrame.com\/catalogo\/wp-json\/wp\/v2\/comments?post=109258"}],"acf:post":[{"embeddable":true,"href":"https:\/\/letrame.com\/catalogo\/wp-json\/wp\/v2\/author_book\/74836"},{"embeddable":true,"href":"https:\/\/letrame.com\/catalogo\/wp-json\/wp\/v2\/author_book\/109260"}],"wp:featuredmedia":[{"embeddable":true,"href":"https:\/\/letrame.com\/catalogo\/wp-json\/wp\/v2\/media\/109259"}],"wp:attachment":[{"href":"https:\/\/letrame.com\/catalogo\/wp-json\/wp\/v2\/media?parent=109258"}],"wp:term":[{"taxonomy":"libro","embeddable":true,"href":"https:\/\/letrame.com\/catalogo\/wp-json\/wp\/v2\/libro?post=109258"},{"taxonomy":"product_brand","embeddable":true,"href":"https:\/\/letrame.com\/catalogo\/wp-json\/wp\/v2\/product_brand?post=109258"},{"taxonomy":"product_cat","embeddable":true,"href":"https:\/\/letrame.com\/catalogo\/wp-json\/wp\/v2\/product_cat?post=109258"},{"taxonomy":"product_tag","embeddable":true,"href":"https:\/\/letrame.com\/catalogo\/wp-json\/wp\/v2\/product_tag?post=109258"}],"curies":[{"name":"wp","href":"https:\/\/api.w.org\/{rel}","templated":true}]}}