{"id":109241,"date":"2025-10-29T15:53:55","date_gmt":"2025-10-29T14:53:55","guid":{"rendered":"https:\/\/letrame.com\/catalogo\/?post_type=product&#038;p=109241"},"modified":"2025-10-29T15:54:46","modified_gmt":"2025-10-29T14:54:46","slug":"todas-las-palabras-a-la-vez","status":"publish","type":"product","link":"https:\/\/letrame.com\/catalogo\/producto\/todas-las-palabras-a-la-vez\/","title":{"rendered":"Todas las palabras a la vez"},"content":{"rendered":"<p class=\"p1\"><b>ISBN: <\/b>9791370128791<\/p>\n<p class=\"p1\"><b>T\u00edtulo: <\/b>Todas las palabras a la vez<b><\/b><\/p>\n<p><b>Fecha: <\/b>2025<\/p>\n<p class=\"p1\"><b>P\u00e1ginas: <\/b>370<\/p>\n<p class=\"p1\"><b>SINOPSIS<br \/>\n<\/b><\/p>\n<p>Edo emprende la b\u00fasqueda de su hija Zoe. En el camino, atravesar\u00e1 diferentes mundos, cada uno de los cuales tiene unas caracter\u00edsticas que los definen y los diferencian de los otros. Va siguiendo las pocas pistas que tiene acerca del paradero de Zoe, pero son muchas menos las certezas que los interrogantes: \u00bfQu\u00e9 ha sido de ella en este tiempo? \u00bfEstar\u00e1 viva? \u00bfEstar\u00e1 \u00e9l caminando en la direcci\u00f3n correcta para lograr encontrarla? \u00bfO, por el contrario, sus pasos lo estar\u00e1n alejando cada vez m\u00e1s? El lector ir\u00e1 encontrando respuestas a estas y otras preguntas e ir\u00e1 descubriendo todo aquello que cada uno de los mundos tiene que ofrecer.<\/p>\n","protected":false},"excerpt":{"rendered":"<p><strong><b>ISBN: <\/b><\/strong>9791370128791<\/p>\n<p class=\"p1\"><b>SINOPSIS<br \/>\n<\/b><\/p>\n<p>Edo emprende la b\u00fasqueda de su hija Zoe. En el camino, atravesar\u00e1 diferentes mundos, cada uno de los cuales tiene unas caracter\u00edsticas que los definen y los diferencian de los otros. Va siguiendo las pocas pistas que tiene acerca del paradero de Zoe, pero son muchas menos las certezas que los interrogantes: \u00bfQu\u00e9 ha sido de ella en este tiempo? \u00bfEstar\u00e1 viva? \u00bfEstar\u00e1 \u00e9l caminando en la direcci\u00f3n correcta para lograr encontrarla? \u00bfO, por el contrario, sus pasos lo estar\u00e1n alejando cada vez m\u00e1s? El lector ir\u00e1 encontrando respuestas a estas y otras preguntas e ir\u00e1 descubriendo todo aquello que cada uno de los mundos tiene que ofrecer.<\/p>\n","protected":false},"featured_media":109242,"comment_status":"open","ping_status":"closed","template":"","meta":{"_acf_changed":false},"libro":[],"product_brand":[],"product_cat":[47],"product_tag":[],"class_list":{"0":"post-109241","1":"product","2":"type-product","3":"status-publish","4":"has-post-thumbnail","6":"product_cat-ciencia-ficcion-misterio","8":"first","9":"instock","10":"shipping-taxable","11":"product-type-simple"},"acf":{"autor":[109243],"enlace_de_compra":"https:\/\/www.amazon.es\/dp\/B0FXDQH9T1"},"yoast_head":"<!-- This site is optimized with the Yoast SEO plugin v27.4 - https:\/\/yoast.com\/product\/yoast-seo-wordpress\/ -->\n<title>Todas las palabras a la vez - Catalogo | Letrame Grupo Editorial<\/title>\n<meta name=\"robots\" content=\"index, follow, max-snippet:-1, max-image-preview:large, max-video-preview:-1\" \/>\n<link rel=\"canonical\" href=\"https:\/\/letrame.com\/catalogo\/producto\/todas-las-palabras-a-la-vez\/\" \/>\n<meta property=\"og:locale\" content=\"es_ES\" \/>\n<meta property=\"og:type\" content=\"article\" \/>\n<meta property=\"og:title\" content=\"Todas las palabras a la vez - Catalogo | Letrame Grupo Editorial\" \/>\n<meta property=\"og:description\" content=\"ISBN: 9791370128791 SINOPSIS  Edo emprende la b\u00fasqueda de su hija Zoe. En el camino, atravesar\u00e1 diferentes mundos, cada uno de los cuales tiene unas caracter\u00edsticas que los definen y los diferencian de los otros. Va siguiendo las pocas pistas que tiene acerca del paradero de Zoe, pero son muchas menos las certezas que los interrogantes: \u00bfQu\u00e9 ha sido de ella en este tiempo? \u00bfEstar\u00e1 viva? \u00bfEstar\u00e1 \u00e9l caminando en la direcci\u00f3n correcta para lograr encontrarla? \u00bfO, por el contrario, sus pasos lo estar\u00e1n alejando cada vez m\u00e1s? El lector ir\u00e1 encontrando respuestas a estas y otras preguntas e ir\u00e1 descubriendo todo aquello que cada uno de los mundos tiene que ofrecer.\" \/>\n<meta property=\"og:url\" content=\"https:\/\/letrame.com\/catalogo\/producto\/todas-las-palabras-a-la-vez\/\" \/>\n<meta property=\"og:site_name\" content=\"Catalogo | Letrame Grupo Editorial\" \/>\n<meta property=\"article:modified_time\" content=\"2025-10-29T14:54:46+00:00\" \/>\n<meta property=\"og:image\" content=\"https:\/\/letrame.com\/catalogo\/wp-content\/uploads\/2025\/10\/todaslaspalabras_1813mm4.jpg\" \/>\n\t<meta property=\"og:image:width\" content=\"384\" \/>\n\t<meta property=\"og:image:height\" content=\"537\" \/>\n\t<meta property=\"og:image:type\" content=\"image\/jpeg\" \/>\n<meta name=\"twitter:card\" content=\"summary_large_image\" \/>\n<meta name=\"twitter:label1\" content=\"Tiempo de lectura\" \/>\n\t<meta name=\"twitter:data1\" content=\"1 minuto\" \/>\n<script type=\"application\/ld+json\" class=\"yoast-schema-graph\">{\"@context\":\"https:\\\/\\\/schema.org\",\"@graph\":[{\"@type\":\"WebPage\",\"@id\":\"https:\\\/\\\/letrame.com\\\/catalogo\\\/producto\\\/todas-las-palabras-a-la-vez\\\/\",\"url\":\"https:\\\/\\\/letrame.com\\\/catalogo\\\/producto\\\/todas-las-palabras-a-la-vez\\\/\",\"name\":\"Todas las palabras a la vez - Catalogo | Letrame Grupo Editorial\",\"isPartOf\":{\"@id\":\"https:\\\/\\\/letrame.com\\\/catalogo\\\/#website\"},\"primaryImageOfPage\":{\"@id\":\"https:\\\/\\\/letrame.com\\\/catalogo\\\/producto\\\/todas-las-palabras-a-la-vez\\\/#primaryimage\"},\"image\":{\"@id\":\"https:\\\/\\\/letrame.com\\\/catalogo\\\/producto\\\/todas-las-palabras-a-la-vez\\\/#primaryimage\"},\"thumbnailUrl\":\"https:\\\/\\\/letrame.com\\\/catalogo\\\/wp-content\\\/uploads\\\/2025\\\/10\\\/todaslaspalabras_1813mm4.jpg\",\"datePublished\":\"2025-10-29T14:53:55+00:00\",\"dateModified\":\"2025-10-29T14:54:46+00:00\",\"breadcrumb\":{\"@id\":\"https:\\\/\\\/letrame.com\\\/catalogo\\\/producto\\\/todas-las-palabras-a-la-vez\\\/#breadcrumb\"},\"inLanguage\":\"es\",\"potentialAction\":[{\"@type\":\"ReadAction\",\"target\":[\"https:\\\/\\\/letrame.com\\\/catalogo\\\/producto\\\/todas-las-palabras-a-la-vez\\\/\"]}]},{\"@type\":\"ImageObject\",\"inLanguage\":\"es\",\"@id\":\"https:\\\/\\\/letrame.com\\\/catalogo\\\/producto\\\/todas-las-palabras-a-la-vez\\\/#primaryimage\",\"url\":\"https:\\\/\\\/letrame.com\\\/catalogo\\\/wp-content\\\/uploads\\\/2025\\\/10\\\/todaslaspalabras_1813mm4.jpg\",\"contentUrl\":\"https:\\\/\\\/letrame.com\\\/catalogo\\\/wp-content\\\/uploads\\\/2025\\\/10\\\/todaslaspalabras_1813mm4.jpg\",\"width\":384,\"height\":537},{\"@type\":\"BreadcrumbList\",\"@id\":\"https:\\\/\\\/letrame.com\\\/catalogo\\\/producto\\\/todas-las-palabras-a-la-vez\\\/#breadcrumb\",\"itemListElement\":[{\"@type\":\"ListItem\",\"position\":1,\"name\":\"Portada\",\"item\":\"https:\\\/\\\/letrame.com\\\/catalogo\\\/\"},{\"@type\":\"ListItem\",\"position\":2,\"name\":\"Cat\u00e1logo\",\"item\":\"https:\\\/\\\/letrame.com\\\/catalogo\\\/\"},{\"@type\":\"ListItem\",\"position\":3,\"name\":\"Todas las palabras a la vez\"}]},{\"@type\":\"WebSite\",\"@id\":\"https:\\\/\\\/letrame.com\\\/catalogo\\\/#website\",\"url\":\"https:\\\/\\\/letrame.com\\\/catalogo\\\/\",\"name\":\"Catalogo | Letrame Grupo Editorial\",\"description\":\"\",\"publisher\":{\"@id\":\"https:\\\/\\\/letrame.com\\\/catalogo\\\/#organization\"},\"potentialAction\":[{\"@type\":\"SearchAction\",\"target\":{\"@type\":\"EntryPoint\",\"urlTemplate\":\"https:\\\/\\\/letrame.com\\\/catalogo\\\/?s={search_term_string}\"},\"query-input\":{\"@type\":\"PropertyValueSpecification\",\"valueRequired\":true,\"valueName\":\"search_term_string\"}}],\"inLanguage\":\"es\"},{\"@type\":\"Organization\",\"@id\":\"https:\\\/\\\/letrame.com\\\/catalogo\\\/#organization\",\"name\":\"Catalogo | Letrame Grupo Editorial\",\"url\":\"https:\\\/\\\/letrame.com\\\/catalogo\\\/\",\"logo\":{\"@type\":\"ImageObject\",\"inLanguage\":\"es\",\"@id\":\"https:\\\/\\\/letrame.com\\\/catalogo\\\/#\\\/schema\\\/logo\\\/image\\\/\",\"url\":\"https:\\\/\\\/letrame.com\\\/catalogo\\\/wp-content\\\/uploads\\\/2024\\\/03\\\/logo2.webp\",\"contentUrl\":\"https:\\\/\\\/letrame.com\\\/catalogo\\\/wp-content\\\/uploads\\\/2024\\\/03\\\/logo2.webp\",\"width\":394,\"height\":128,\"caption\":\"Catalogo | Letrame Grupo Editorial\"},\"image\":{\"@id\":\"https:\\\/\\\/letrame.com\\\/catalogo\\\/#\\\/schema\\\/logo\\\/image\\\/\"}}]}<\/script>\n<!-- \/ Yoast SEO plugin. -->","yoast_head_json":{"title":"Todas las palabras a la vez - Catalogo | Letrame Grupo Editorial","robots":{"index":"index","follow":"follow","max-snippet":"max-snippet:-1","max-image-preview":"max-image-preview:large","max-video-preview":"max-video-preview:-1"},"canonical":"https:\/\/letrame.com\/catalogo\/producto\/todas-las-palabras-a-la-vez\/","og_locale":"es_ES","og_type":"article","og_title":"Todas las palabras a la vez - Catalogo | Letrame Grupo Editorial","og_description":"ISBN: 9791370128791 SINOPSIS  Edo emprende la b\u00fasqueda de su hija Zoe. En el camino, atravesar\u00e1 diferentes mundos, cada uno de los cuales tiene unas caracter\u00edsticas que los definen y los diferencian de los otros. Va siguiendo las pocas pistas que tiene acerca del paradero de Zoe, pero son muchas menos las certezas que los interrogantes: \u00bfQu\u00e9 ha sido de ella en este tiempo? \u00bfEstar\u00e1 viva? \u00bfEstar\u00e1 \u00e9l caminando en la direcci\u00f3n correcta para lograr encontrarla? \u00bfO, por el contrario, sus pasos lo estar\u00e1n alejando cada vez m\u00e1s? El lector ir\u00e1 encontrando respuestas a estas y otras preguntas e ir\u00e1 descubriendo todo aquello que cada uno de los mundos tiene que ofrecer.","og_url":"https:\/\/letrame.com\/catalogo\/producto\/todas-las-palabras-a-la-vez\/","og_site_name":"Catalogo | Letrame Grupo Editorial","article_modified_time":"2025-10-29T14:54:46+00:00","og_image":[{"width":384,"height":537,"url":"https:\/\/letrame.com\/catalogo\/wp-content\/uploads\/2025\/10\/todaslaspalabras_1813mm4.jpg","type":"image\/jpeg"}],"twitter_card":"summary_large_image","twitter_misc":{"Tiempo de lectura":"1 minuto"},"schema":{"@context":"https:\/\/schema.org","@graph":[{"@type":"WebPage","@id":"https:\/\/letrame.com\/catalogo\/producto\/todas-las-palabras-a-la-vez\/","url":"https:\/\/letrame.com\/catalogo\/producto\/todas-las-palabras-a-la-vez\/","name":"Todas las palabras a la vez - Catalogo | Letrame Grupo Editorial","isPartOf":{"@id":"https:\/\/letrame.com\/catalogo\/#website"},"primaryImageOfPage":{"@id":"https:\/\/letrame.com\/catalogo\/producto\/todas-las-palabras-a-la-vez\/#primaryimage"},"image":{"@id":"https:\/\/letrame.com\/catalogo\/producto\/todas-las-palabras-a-la-vez\/#primaryimage"},"thumbnailUrl":"https:\/\/letrame.com\/catalogo\/wp-content\/uploads\/2025\/10\/todaslaspalabras_1813mm4.jpg","datePublished":"2025-10-29T14:53:55+00:00","dateModified":"2025-10-29T14:54:46+00:00","breadcrumb":{"@id":"https:\/\/letrame.com\/catalogo\/producto\/todas-las-palabras-a-la-vez\/#breadcrumb"},"inLanguage":"es","potentialAction":[{"@type":"ReadAction","target":["https:\/\/letrame.com\/catalogo\/producto\/todas-las-palabras-a-la-vez\/"]}]},{"@type":"ImageObject","inLanguage":"es","@id":"https:\/\/letrame.com\/catalogo\/producto\/todas-las-palabras-a-la-vez\/#primaryimage","url":"https:\/\/letrame.com\/catalogo\/wp-content\/uploads\/2025\/10\/todaslaspalabras_1813mm4.jpg","contentUrl":"https:\/\/letrame.com\/catalogo\/wp-content\/uploads\/2025\/10\/todaslaspalabras_1813mm4.jpg","width":384,"height":537},{"@type":"BreadcrumbList","@id":"https:\/\/letrame.com\/catalogo\/producto\/todas-las-palabras-a-la-vez\/#breadcrumb","itemListElement":[{"@type":"ListItem","position":1,"name":"Portada","item":"https:\/\/letrame.com\/catalogo\/"},{"@type":"ListItem","position":2,"name":"Cat\u00e1logo","item":"https:\/\/letrame.com\/catalogo\/"},{"@type":"ListItem","position":3,"name":"Todas las palabras a la vez"}]},{"@type":"WebSite","@id":"https:\/\/letrame.com\/catalogo\/#website","url":"https:\/\/letrame.com\/catalogo\/","name":"Catalogo | Letrame Grupo Editorial","description":"","publisher":{"@id":"https:\/\/letrame.com\/catalogo\/#organization"},"potentialAction":[{"@type":"SearchAction","target":{"@type":"EntryPoint","urlTemplate":"https:\/\/letrame.com\/catalogo\/?s={search_term_string}"},"query-input":{"@type":"PropertyValueSpecification","valueRequired":true,"valueName":"search_term_string"}}],"inLanguage":"es"},{"@type":"Organization","@id":"https:\/\/letrame.com\/catalogo\/#organization","name":"Catalogo | Letrame Grupo Editorial","url":"https:\/\/letrame.com\/catalogo\/","logo":{"@type":"ImageObject","inLanguage":"es","@id":"https:\/\/letrame.com\/catalogo\/#\/schema\/logo\/image\/","url":"https:\/\/letrame.com\/catalogo\/wp-content\/uploads\/2024\/03\/logo2.webp","contentUrl":"https:\/\/letrame.com\/catalogo\/wp-content\/uploads\/2024\/03\/logo2.webp","width":394,"height":128,"caption":"Catalogo | Letrame Grupo Editorial"},"image":{"@id":"https:\/\/letrame.com\/catalogo\/#\/schema\/logo\/image\/"}}]}},"_links":{"self":[{"href":"https:\/\/letrame.com\/catalogo\/wp-json\/wp\/v2\/product\/109241","targetHints":{"allow":["GET"]}}],"collection":[{"href":"https:\/\/letrame.com\/catalogo\/wp-json\/wp\/v2\/product"}],"about":[{"href":"https:\/\/letrame.com\/catalogo\/wp-json\/wp\/v2\/types\/product"}],"replies":[{"embeddable":true,"href":"https:\/\/letrame.com\/catalogo\/wp-json\/wp\/v2\/comments?post=109241"}],"acf:post":[{"embeddable":true,"href":"https:\/\/letrame.com\/catalogo\/wp-json\/wp\/v2\/author_book\/109243"}],"wp:featuredmedia":[{"embeddable":true,"href":"https:\/\/letrame.com\/catalogo\/wp-json\/wp\/v2\/media\/109242"}],"wp:attachment":[{"href":"https:\/\/letrame.com\/catalogo\/wp-json\/wp\/v2\/media?parent=109241"}],"wp:term":[{"taxonomy":"libro","embeddable":true,"href":"https:\/\/letrame.com\/catalogo\/wp-json\/wp\/v2\/libro?post=109241"},{"taxonomy":"product_brand","embeddable":true,"href":"https:\/\/letrame.com\/catalogo\/wp-json\/wp\/v2\/product_brand?post=109241"},{"taxonomy":"product_cat","embeddable":true,"href":"https:\/\/letrame.com\/catalogo\/wp-json\/wp\/v2\/product_cat?post=109241"},{"taxonomy":"product_tag","embeddable":true,"href":"https:\/\/letrame.com\/catalogo\/wp-json\/wp\/v2\/product_tag?post=109241"}],"curies":[{"name":"wp","href":"https:\/\/api.w.org\/{rel}","templated":true}]}}