{"id":109223,"date":"2025-10-28T11:48:32","date_gmt":"2025-10-28T10:48:32","guid":{"rendered":"https:\/\/letrame.com\/catalogo\/?post_type=product&#038;p=109223"},"modified":"2025-10-28T11:52:04","modified_gmt":"2025-10-28T10:52:04","slug":"cisne-blanco","status":"publish","type":"product","link":"https:\/\/letrame.com\/catalogo\/producto\/cisne-blanco\/","title":{"rendered":"Cisne blanco"},"content":{"rendered":"<p class=\"p1\"><b>ISBN: <\/b>9791370125172<\/p>\n<p class=\"p1\"><b>T\u00edtulo: <\/b>Cisne blanco<b><\/b><\/p>\n<p><b>Fecha: <\/b>2025<\/p>\n<p class=\"p1\"><b>P\u00e1ginas: <\/b>200<\/p>\n<p class=\"p1\"><b>SINOPSIS<br \/>\n<\/b><br \/>\nA muy corta edad, loannis Altamirano realiza un descubrimiento que lo marcar\u00e1 para toda su vida: su padre, no es quien \u00e9l pensaba, sino un misterioso marino griego de nombre impronunciable que, alguna vez, arrib\u00f3 en un buque mercante al peque\u00f1o puerto de Mollendo, en el sur del Per\u00fa, y de quien su madre confes\u00f3 haberse enamorado perdidamente. Esta verdad deshonrosa sobre su origen, acompa\u00f1ado de una vocaci\u00f3n innata de convertirse en marino, lo har\u00e1n alejarse de su pueblo natal e internarse en la Escuela Naval del Per\u00fa, donde no solo aprender\u00e1 sobre maniobras navales, sino tambi\u00e9n descubrir\u00e1 la amistad y la pasi\u00f3n.<br \/>\nLa b\u00fasqueda de respuestas en su vida y el silencio de un amor pausado por la distancia, lo har\u00e1n embarcarse en una aventura personal que lo llevar\u00e1 hacia destinos lejanos, donde sucumbir\u00e1 en un remolino emocional cargado de culpas, del cual le ser\u00e1 dif\u00edcil escapar.<br \/>\nAmbientada en el Per\u00fa de los a\u00f1os cuarenta, Cisne blanco es una novela sobre la amistad, la aventura y el amor, pero, sobre todo, es una novela sobre la b\u00fasqueda de la verdad y la dificultad de ser capaz de admitirla.<b><br \/>\n<\/b><\/p>\n","protected":false},"excerpt":{"rendered":"<p><b>ISBN: <\/b>9791370125172<\/p>\n<p><b>SINOPSIS<br \/>\n<\/b><br \/>\nA muy corta edad, loannis Altamirano realiza un descubrimiento que lo marcar\u00e1 para toda su vida: su padre, no es quien \u00e9l pensaba, sino un misterioso marino griego de nombre impronunciable que, alguna vez, arrib\u00f3 en un buque mercante al peque\u00f1o puerto de Mollendo, en el sur del Per\u00fa, y de quien su madre confes\u00f3 haberse enamorado perdidamente. Esta verdad deshonrosa sobre su origen, acompa\u00f1ado de una vocaci\u00f3n innata de convertirse en marino, lo har\u00e1n alejarse de su pueblo natal e internarse en la Escuela Naval del Per\u00fa, donde no solo aprender\u00e1 sobre maniobras navales, sino tambi\u00e9n descubrir\u00e1 la amistad y la pasi\u00f3n.<br \/>\nLa b\u00fasqueda de respuestas en su vida y el silencio de un amor pausado por la distancia, lo har\u00e1n embarcarse en una aventura personal que lo llevar\u00e1 hacia destinos lejanos, donde sucumbir\u00e1 en un remolino emocional cargado de culpas, del cual le ser\u00e1 dif\u00edcil escapar.<br \/>\nAmbientada en el Per\u00fa de los a\u00f1os cuarenta, Cisne blanco es una novela sobre la amistad, la aventura y el amor, pero, sobre todo, es una novela sobre la b\u00fasqueda de la verdad y la dificultad de ser capaz de admitirla.<\/p>\n","protected":false},"featured_media":109224,"comment_status":"open","ping_status":"closed","template":"","meta":{"_acf_changed":false},"libro":[],"product_brand":[],"product_cat":[50],"product_tag":[],"class_list":{"0":"post-109223","1":"product","2":"type-product","3":"status-publish","4":"has-post-thumbnail","6":"product_cat-novela-romantica","8":"first","9":"instock","10":"shipping-taxable","11":"product-type-simple"},"acf":{"autor":[109225],"enlace_de_compra":"https:\/\/www.amazon.es\/dp\/B0FM2YVGZR"},"yoast_head":"<!-- This site is optimized with the Yoast SEO plugin v26.6 - https:\/\/yoast.com\/wordpress\/plugins\/seo\/ -->\n<title>Cisne blanco - Catalogo | Letrame Grupo Editorial<\/title>\n<meta name=\"robots\" content=\"index, follow, max-snippet:-1, max-image-preview:large, max-video-preview:-1\" \/>\n<link rel=\"canonical\" href=\"https:\/\/letrame.com\/catalogo\/producto\/cisne-blanco\/\" \/>\n<meta property=\"og:locale\" content=\"es_ES\" \/>\n<meta property=\"og:type\" content=\"article\" \/>\n<meta property=\"og:title\" content=\"Cisne blanco - Catalogo | Letrame Grupo Editorial\" \/>\n<meta property=\"og:description\" content=\"ISBN: 9791370125172  SINOPSIS  A muy corta edad, loannis Altamirano realiza un descubrimiento que lo marcar\u00e1 para toda su vida: su padre, no es quien \u00e9l pensaba, sino un misterioso marino griego de nombre impronunciable que, alguna vez, arrib\u00f3 en un buque mercante al peque\u00f1o puerto de Mollendo, en el sur del Per\u00fa, y de quien su madre confes\u00f3 haberse enamorado perdidamente. Esta verdad deshonrosa sobre su origen, acompa\u00f1ado de una vocaci\u00f3n innata de convertirse en marino, lo har\u00e1n alejarse de su pueblo natal e internarse en la Escuela Naval del Per\u00fa, donde no solo aprender\u00e1 sobre maniobras navales, sino tambi\u00e9n descubrir\u00e1 la amistad y la pasi\u00f3n. La b\u00fasqueda de respuestas en su vida y el silencio de un amor pausado por la distancia, lo har\u00e1n embarcarse en una aventura personal que lo llevar\u00e1 hacia destinos lejanos, donde sucumbir\u00e1 en un remolino emocional cargado de culpas, del cual le ser\u00e1 dif\u00edcil escapar. Ambientada en el Per\u00fa de los a\u00f1os cuarenta, Cisne blanco es una novela sobre la amistad, la aventura y el amor, pero, sobre todo, es una novela sobre la b\u00fasqueda de la verdad y la dificultad de ser capaz de admitirla.\" \/>\n<meta property=\"og:url\" content=\"https:\/\/letrame.com\/catalogo\/producto\/cisne-blanco\/\" \/>\n<meta property=\"og:site_name\" content=\"Catalogo | Letrame Grupo Editorial\" \/>\n<meta property=\"article:modified_time\" content=\"2025-10-28T10:52:04+00:00\" \/>\n<meta property=\"og:image\" content=\"https:\/\/letrame.com\/catalogo\/wp-content\/uploads\/2025\/10\/cisneblanco_103mm4.jpg\" \/>\n\t<meta property=\"og:image:width\" content=\"384\" \/>\n\t<meta property=\"og:image:height\" content=\"563\" \/>\n\t<meta property=\"og:image:type\" content=\"image\/jpeg\" \/>\n<meta name=\"twitter:card\" content=\"summary_large_image\" \/>\n<meta name=\"twitter:label1\" content=\"Tiempo de lectura\" \/>\n\t<meta name=\"twitter:data1\" content=\"2 minutos\" \/>\n<script type=\"application\/ld+json\" class=\"yoast-schema-graph\">{\"@context\":\"https:\/\/schema.org\",\"@graph\":[{\"@type\":\"WebPage\",\"@id\":\"https:\/\/letrame.com\/catalogo\/producto\/cisne-blanco\/\",\"url\":\"https:\/\/letrame.com\/catalogo\/producto\/cisne-blanco\/\",\"name\":\"Cisne blanco - Catalogo | Letrame Grupo Editorial\",\"isPartOf\":{\"@id\":\"https:\/\/letrame.com\/catalogo\/#website\"},\"primaryImageOfPage\":{\"@id\":\"https:\/\/letrame.com\/catalogo\/producto\/cisne-blanco\/#primaryimage\"},\"image\":{\"@id\":\"https:\/\/letrame.com\/catalogo\/producto\/cisne-blanco\/#primaryimage\"},\"thumbnailUrl\":\"https:\/\/letrame.com\/catalogo\/wp-content\/uploads\/2025\/10\/cisneblanco_103mm4.jpg\",\"datePublished\":\"2025-10-28T10:48:32+00:00\",\"dateModified\":\"2025-10-28T10:52:04+00:00\",\"breadcrumb\":{\"@id\":\"https:\/\/letrame.com\/catalogo\/producto\/cisne-blanco\/#breadcrumb\"},\"inLanguage\":\"es\",\"potentialAction\":[{\"@type\":\"ReadAction\",\"target\":[\"https:\/\/letrame.com\/catalogo\/producto\/cisne-blanco\/\"]}]},{\"@type\":\"ImageObject\",\"inLanguage\":\"es\",\"@id\":\"https:\/\/letrame.com\/catalogo\/producto\/cisne-blanco\/#primaryimage\",\"url\":\"https:\/\/letrame.com\/catalogo\/wp-content\/uploads\/2025\/10\/cisneblanco_103mm4.jpg\",\"contentUrl\":\"https:\/\/letrame.com\/catalogo\/wp-content\/uploads\/2025\/10\/cisneblanco_103mm4.jpg\",\"width\":384,\"height\":563},{\"@type\":\"BreadcrumbList\",\"@id\":\"https:\/\/letrame.com\/catalogo\/producto\/cisne-blanco\/#breadcrumb\",\"itemListElement\":[{\"@type\":\"ListItem\",\"position\":1,\"name\":\"Portada\",\"item\":\"https:\/\/letrame.com\/catalogo\/\"},{\"@type\":\"ListItem\",\"position\":2,\"name\":\"Cat\u00e1logo\",\"item\":\"https:\/\/letrame.com\/catalogo\/\"},{\"@type\":\"ListItem\",\"position\":3,\"name\":\"Cisne blanco\"}]},{\"@type\":\"WebSite\",\"@id\":\"https:\/\/letrame.com\/catalogo\/#website\",\"url\":\"https:\/\/letrame.com\/catalogo\/\",\"name\":\"Catalogo | Letrame Grupo Editorial\",\"description\":\"\",\"publisher\":{\"@id\":\"https:\/\/letrame.com\/catalogo\/#organization\"},\"potentialAction\":[{\"@type\":\"SearchAction\",\"target\":{\"@type\":\"EntryPoint\",\"urlTemplate\":\"https:\/\/letrame.com\/catalogo\/?s={search_term_string}\"},\"query-input\":{\"@type\":\"PropertyValueSpecification\",\"valueRequired\":true,\"valueName\":\"search_term_string\"}}],\"inLanguage\":\"es\"},{\"@type\":\"Organization\",\"@id\":\"https:\/\/letrame.com\/catalogo\/#organization\",\"name\":\"Catalogo | Letrame Grupo Editorial\",\"url\":\"https:\/\/letrame.com\/catalogo\/\",\"logo\":{\"@type\":\"ImageObject\",\"inLanguage\":\"es\",\"@id\":\"https:\/\/letrame.com\/catalogo\/#\/schema\/logo\/image\/\",\"url\":\"https:\/\/letrame.com\/catalogo\/wp-content\/uploads\/2024\/03\/logo2.webp\",\"contentUrl\":\"https:\/\/letrame.com\/catalogo\/wp-content\/uploads\/2024\/03\/logo2.webp\",\"width\":394,\"height\":128,\"caption\":\"Catalogo | Letrame Grupo Editorial\"},\"image\":{\"@id\":\"https:\/\/letrame.com\/catalogo\/#\/schema\/logo\/image\/\"}}]}<\/script>\n<!-- \/ Yoast SEO plugin. -->","yoast_head_json":{"title":"Cisne blanco - Catalogo | Letrame Grupo Editorial","robots":{"index":"index","follow":"follow","max-snippet":"max-snippet:-1","max-image-preview":"max-image-preview:large","max-video-preview":"max-video-preview:-1"},"canonical":"https:\/\/letrame.com\/catalogo\/producto\/cisne-blanco\/","og_locale":"es_ES","og_type":"article","og_title":"Cisne blanco - Catalogo | Letrame Grupo Editorial","og_description":"ISBN: 9791370125172  SINOPSIS  A muy corta edad, loannis Altamirano realiza un descubrimiento que lo marcar\u00e1 para toda su vida: su padre, no es quien \u00e9l pensaba, sino un misterioso marino griego de nombre impronunciable que, alguna vez, arrib\u00f3 en un buque mercante al peque\u00f1o puerto de Mollendo, en el sur del Per\u00fa, y de quien su madre confes\u00f3 haberse enamorado perdidamente. Esta verdad deshonrosa sobre su origen, acompa\u00f1ado de una vocaci\u00f3n innata de convertirse en marino, lo har\u00e1n alejarse de su pueblo natal e internarse en la Escuela Naval del Per\u00fa, donde no solo aprender\u00e1 sobre maniobras navales, sino tambi\u00e9n descubrir\u00e1 la amistad y la pasi\u00f3n. La b\u00fasqueda de respuestas en su vida y el silencio de un amor pausado por la distancia, lo har\u00e1n embarcarse en una aventura personal que lo llevar\u00e1 hacia destinos lejanos, donde sucumbir\u00e1 en un remolino emocional cargado de culpas, del cual le ser\u00e1 dif\u00edcil escapar. Ambientada en el Per\u00fa de los a\u00f1os cuarenta, Cisne blanco es una novela sobre la amistad, la aventura y el amor, pero, sobre todo, es una novela sobre la b\u00fasqueda de la verdad y la dificultad de ser capaz de admitirla.","og_url":"https:\/\/letrame.com\/catalogo\/producto\/cisne-blanco\/","og_site_name":"Catalogo | Letrame Grupo Editorial","article_modified_time":"2025-10-28T10:52:04+00:00","og_image":[{"width":384,"height":563,"url":"https:\/\/letrame.com\/catalogo\/wp-content\/uploads\/2025\/10\/cisneblanco_103mm4.jpg","type":"image\/jpeg"}],"twitter_card":"summary_large_image","twitter_misc":{"Tiempo de lectura":"2 minutos"},"schema":{"@context":"https:\/\/schema.org","@graph":[{"@type":"WebPage","@id":"https:\/\/letrame.com\/catalogo\/producto\/cisne-blanco\/","url":"https:\/\/letrame.com\/catalogo\/producto\/cisne-blanco\/","name":"Cisne blanco - Catalogo | Letrame Grupo Editorial","isPartOf":{"@id":"https:\/\/letrame.com\/catalogo\/#website"},"primaryImageOfPage":{"@id":"https:\/\/letrame.com\/catalogo\/producto\/cisne-blanco\/#primaryimage"},"image":{"@id":"https:\/\/letrame.com\/catalogo\/producto\/cisne-blanco\/#primaryimage"},"thumbnailUrl":"https:\/\/letrame.com\/catalogo\/wp-content\/uploads\/2025\/10\/cisneblanco_103mm4.jpg","datePublished":"2025-10-28T10:48:32+00:00","dateModified":"2025-10-28T10:52:04+00:00","breadcrumb":{"@id":"https:\/\/letrame.com\/catalogo\/producto\/cisne-blanco\/#breadcrumb"},"inLanguage":"es","potentialAction":[{"@type":"ReadAction","target":["https:\/\/letrame.com\/catalogo\/producto\/cisne-blanco\/"]}]},{"@type":"ImageObject","inLanguage":"es","@id":"https:\/\/letrame.com\/catalogo\/producto\/cisne-blanco\/#primaryimage","url":"https:\/\/letrame.com\/catalogo\/wp-content\/uploads\/2025\/10\/cisneblanco_103mm4.jpg","contentUrl":"https:\/\/letrame.com\/catalogo\/wp-content\/uploads\/2025\/10\/cisneblanco_103mm4.jpg","width":384,"height":563},{"@type":"BreadcrumbList","@id":"https:\/\/letrame.com\/catalogo\/producto\/cisne-blanco\/#breadcrumb","itemListElement":[{"@type":"ListItem","position":1,"name":"Portada","item":"https:\/\/letrame.com\/catalogo\/"},{"@type":"ListItem","position":2,"name":"Cat\u00e1logo","item":"https:\/\/letrame.com\/catalogo\/"},{"@type":"ListItem","position":3,"name":"Cisne blanco"}]},{"@type":"WebSite","@id":"https:\/\/letrame.com\/catalogo\/#website","url":"https:\/\/letrame.com\/catalogo\/","name":"Catalogo | Letrame Grupo Editorial","description":"","publisher":{"@id":"https:\/\/letrame.com\/catalogo\/#organization"},"potentialAction":[{"@type":"SearchAction","target":{"@type":"EntryPoint","urlTemplate":"https:\/\/letrame.com\/catalogo\/?s={search_term_string}"},"query-input":{"@type":"PropertyValueSpecification","valueRequired":true,"valueName":"search_term_string"}}],"inLanguage":"es"},{"@type":"Organization","@id":"https:\/\/letrame.com\/catalogo\/#organization","name":"Catalogo | Letrame Grupo Editorial","url":"https:\/\/letrame.com\/catalogo\/","logo":{"@type":"ImageObject","inLanguage":"es","@id":"https:\/\/letrame.com\/catalogo\/#\/schema\/logo\/image\/","url":"https:\/\/letrame.com\/catalogo\/wp-content\/uploads\/2024\/03\/logo2.webp","contentUrl":"https:\/\/letrame.com\/catalogo\/wp-content\/uploads\/2024\/03\/logo2.webp","width":394,"height":128,"caption":"Catalogo | Letrame Grupo Editorial"},"image":{"@id":"https:\/\/letrame.com\/catalogo\/#\/schema\/logo\/image\/"}}]}},"_links":{"self":[{"href":"https:\/\/letrame.com\/catalogo\/wp-json\/wp\/v2\/product\/109223","targetHints":{"allow":["GET"]}}],"collection":[{"href":"https:\/\/letrame.com\/catalogo\/wp-json\/wp\/v2\/product"}],"about":[{"href":"https:\/\/letrame.com\/catalogo\/wp-json\/wp\/v2\/types\/product"}],"replies":[{"embeddable":true,"href":"https:\/\/letrame.com\/catalogo\/wp-json\/wp\/v2\/comments?post=109223"}],"acf:post":[{"embeddable":true,"href":"https:\/\/letrame.com\/catalogo\/wp-json\/wp\/v2\/author_book\/109225"}],"wp:featuredmedia":[{"embeddable":true,"href":"https:\/\/letrame.com\/catalogo\/wp-json\/wp\/v2\/media\/109224"}],"wp:attachment":[{"href":"https:\/\/letrame.com\/catalogo\/wp-json\/wp\/v2\/media?parent=109223"}],"wp:term":[{"taxonomy":"libro","embeddable":true,"href":"https:\/\/letrame.com\/catalogo\/wp-json\/wp\/v2\/libro?post=109223"},{"taxonomy":"product_brand","embeddable":true,"href":"https:\/\/letrame.com\/catalogo\/wp-json\/wp\/v2\/product_brand?post=109223"},{"taxonomy":"product_cat","embeddable":true,"href":"https:\/\/letrame.com\/catalogo\/wp-json\/wp\/v2\/product_cat?post=109223"},{"taxonomy":"product_tag","embeddable":true,"href":"https:\/\/letrame.com\/catalogo\/wp-json\/wp\/v2\/product_tag?post=109223"}],"curies":[{"name":"wp","href":"https:\/\/api.w.org\/{rel}","templated":true}]}}