{"id":109213,"date":"2025-10-28T09:25:42","date_gmt":"2025-10-28T08:25:42","guid":{"rendered":"https:\/\/letrame.com\/catalogo\/?post_type=product&#038;p=109213"},"modified":"2025-10-28T09:25:42","modified_gmt":"2025-10-28T08:25:42","slug":"escuadron-201","status":"publish","type":"product","link":"https:\/\/letrame.com\/catalogo\/producto\/escuadron-201\/","title":{"rendered":"Escuadr\u00f3n 201"},"content":{"rendered":"<p class=\"p1\"><b>ISBN: <\/b>9791370127053<\/p>\n<p class=\"p1\"><b>T\u00edtulo: <\/b>Escuadr\u00f3n 201<b><\/p>\n<p><\/b><b>Fecha: <\/b>2025<b><\/p>\n<p><\/b><b>P\u00e1ginas: <\/b>338<\/p>\n<p class=\"p1\"><b>SINOPSIS<\/b><\/p>\n<p>ESCUADR\u00d3N 201. Armando, militar y miembro de la Fuerza A\u00e9rea Mexicana, ya serv\u00eda en sus filas cuando M\u00e9xico se declar\u00f3 en estado de guerra como consecuencia de los ataques a los buques petroleros<\/p>\n<p>Potrero del Llano y Faja de Oro durante la Segunda Guerra Mundial, conform\u00e1ndose as\u00ed la Fuerza A\u00e9rea Expedicionaria Mexicana, Escuadr\u00f3n 201, unidad entrenada en los Estados Unidos de Am\u00e9rica y que combati\u00f3 a las fuerzas japonesas en el frente del Pac\u00edfico, en Filipinas.<\/p>\n<p>All\u00ed, adem\u00e1s de combatir, Armando se enfrent\u00f3 a un entorno de soledad, sangre y desolaci\u00f3n, pero tambi\u00e9n de compa\u00f1erismo y determinaci\u00f3n. Atra\u00eddo por transferir los episodios a las nuevas generaciones, Armando se design\u00f3 a tomar nota en lo que llam\u00f3 \u00abDiario de Guerra\u00bb.<\/p>\n<p>Sin embargo, la idea de plasmar sus escritos en un libro se increment\u00f3 ante la incredulidad de algunas personas que pensaban que M\u00e9xico nunca hab\u00eda participado en la guerra o que, en caso de haber viajado cierta cantidad de mexicanos, lo habr\u00edan hecho \u00fanicamente para divertirse. Esta cuesti\u00f3n irritaba a los miembros de la Unidad de Combate, quienes conservaban en sus recuerdos los cuerpos mutilados, p\u00e9rdidas de compa\u00f1eros y, como si fuera poco, adem\u00e1s de resistir a sus episodios traum\u00e1ticos, deb\u00edan soportar las denostaciones de algunos incr\u00e9dulos.<\/p>\n<p>Ante ello, entendieron que la discusi\u00f3n no era la v\u00eda id\u00f3nea para dejar legado; la mejor manera de hacerlo era mediante la escritura, reproduciendo una rese\u00f1a de la realidad que formar\u00eda parte de la historia con narraciones de ataques con bombas de 1000 libras, aviones estrellados, an\u00e9cdotas de dolor y, en franca camarer\u00eda, tambi\u00e9n historias de aventuras, poes\u00edas, canciones y discusiones, incluso escenarios de amor. Por otro lado, los sobrevivientes no solamente manifestaron coraje, miedo y tristeza en los campos de batalla; tambi\u00e9n cargaron con estas emociones convertidas en trastorno de estr\u00e9s postraum\u00e1tico que se exteriorizaron en su diario vivir.<\/p>\n","protected":false},"excerpt":{"rendered":"<p><b>ISBN: <\/b>9791370127053<\/p>\n<p class=\"p1\"><b>SINOPSIS<\/b><\/p>\n<p>ESCUADR\u00d3N 201. Armando, militar y miembro de la Fuerza A\u00e9rea Mexicana, ya serv\u00eda en sus filas cuando M\u00e9xico se declar\u00f3 en estado de guerra como consecuencia de los ataques a los buques petroleros<\/p>\n<p>Potrero del Llano y Faja de Oro durante la Segunda Guerra Mundial, conform\u00e1ndose as\u00ed la Fuerza A\u00e9rea Expedicionaria Mexicana, Escuadr\u00f3n 201, unidad entrenada en los Estados Unidos de Am\u00e9rica y que combati\u00f3 a las fuerzas japonesas en el frente del Pac\u00edfico, en Filipinas.<\/p>\n<p>All\u00ed, adem\u00e1s de combatir, Armando se enfrent\u00f3 a un entorno de soledad, sangre y desolaci\u00f3n, pero tambi\u00e9n de compa\u00f1erismo y determinaci\u00f3n. Atra\u00eddo por transferir los episodios a las nuevas generaciones, Armando se design\u00f3 a tomar nota en lo que llam\u00f3 \u00abDiario de Guerra\u00bb.<\/p>\n","protected":false},"featured_media":109214,"comment_status":"open","ping_status":"closed","template":"","meta":{"_acf_changed":false},"libro":[],"product_brand":[],"product_cat":[62],"product_tag":[],"class_list":{"0":"post-109213","1":"product","2":"type-product","3":"status-publish","4":"has-post-thumbnail","6":"product_cat-historico","8":"first","9":"instock","10":"shipping-taxable","11":"product-type-simple"},"acf":{"autor":[109215],"enlace_de_compra":"https:\/\/www.amazon.es\/dp\/B0FRLVZ9X9"},"yoast_head":"<!-- This site is optimized with the Yoast SEO plugin v26.6 - https:\/\/yoast.com\/wordpress\/plugins\/seo\/ -->\n<title>Escuadr\u00f3n 201 - Catalogo | Letrame Grupo Editorial<\/title>\n<meta name=\"robots\" content=\"index, follow, max-snippet:-1, max-image-preview:large, max-video-preview:-1\" \/>\n<link rel=\"canonical\" href=\"https:\/\/letrame.com\/catalogo\/producto\/escuadron-201\/\" \/>\n<meta property=\"og:locale\" content=\"es_ES\" \/>\n<meta property=\"og:type\" content=\"article\" \/>\n<meta property=\"og:title\" content=\"Escuadr\u00f3n 201 - Catalogo | Letrame Grupo Editorial\" \/>\n<meta property=\"og:description\" content=\"ISBN: 9791370127053 SINOPSIS ESCUADR\u00d3N 201. Armando, militar y miembro de la Fuerza A\u00e9rea Mexicana, ya serv\u00eda en sus filas cuando M\u00e9xico se declar\u00f3 en estado de guerra como consecuencia de los ataques a los buques petroleros  Potrero del Llano y Faja de Oro durante la Segunda Guerra Mundial, conform\u00e1ndose as\u00ed la Fuerza A\u00e9rea Expedicionaria Mexicana, Escuadr\u00f3n 201, unidad entrenada en los Estados Unidos de Am\u00e9rica y que combati\u00f3 a las fuerzas japonesas en el frente del Pac\u00edfico, en Filipinas.  All\u00ed, adem\u00e1s de combatir, Armando se enfrent\u00f3 a un entorno de soledad, sangre y desolaci\u00f3n, pero tambi\u00e9n de compa\u00f1erismo y determinaci\u00f3n. Atra\u00eddo por transferir los episodios a las nuevas generaciones, Armando se design\u00f3 a tomar nota en lo que llam\u00f3 \u00abDiario de Guerra\u00bb.\" \/>\n<meta property=\"og:url\" content=\"https:\/\/letrame.com\/catalogo\/producto\/escuadron-201\/\" \/>\n<meta property=\"og:site_name\" content=\"Catalogo | Letrame Grupo Editorial\" \/>\n<meta property=\"og:image\" content=\"https:\/\/letrame.com\/catalogo\/wp-content\/uploads\/2025\/10\/escuadron201_1657mm4.jpg\" \/>\n\t<meta property=\"og:image:width\" content=\"384\" \/>\n\t<meta property=\"og:image:height\" content=\"563\" \/>\n\t<meta property=\"og:image:type\" content=\"image\/jpeg\" \/>\n<meta name=\"twitter:card\" content=\"summary_large_image\" \/>\n<meta name=\"twitter:label1\" content=\"Tiempo de lectura\" \/>\n\t<meta name=\"twitter:data1\" content=\"2 minutos\" \/>\n<script type=\"application\/ld+json\" class=\"yoast-schema-graph\">{\"@context\":\"https:\/\/schema.org\",\"@graph\":[{\"@type\":\"WebPage\",\"@id\":\"https:\/\/letrame.com\/catalogo\/producto\/escuadron-201\/\",\"url\":\"https:\/\/letrame.com\/catalogo\/producto\/escuadron-201\/\",\"name\":\"Escuadr\u00f3n 201 - Catalogo | Letrame Grupo Editorial\",\"isPartOf\":{\"@id\":\"https:\/\/letrame.com\/catalogo\/#website\"},\"primaryImageOfPage\":{\"@id\":\"https:\/\/letrame.com\/catalogo\/producto\/escuadron-201\/#primaryimage\"},\"image\":{\"@id\":\"https:\/\/letrame.com\/catalogo\/producto\/escuadron-201\/#primaryimage\"},\"thumbnailUrl\":\"https:\/\/letrame.com\/catalogo\/wp-content\/uploads\/2025\/10\/escuadron201_1657mm4.jpg\",\"datePublished\":\"2025-10-28T08:25:42+00:00\",\"breadcrumb\":{\"@id\":\"https:\/\/letrame.com\/catalogo\/producto\/escuadron-201\/#breadcrumb\"},\"inLanguage\":\"es\",\"potentialAction\":[{\"@type\":\"ReadAction\",\"target\":[\"https:\/\/letrame.com\/catalogo\/producto\/escuadron-201\/\"]}]},{\"@type\":\"ImageObject\",\"inLanguage\":\"es\",\"@id\":\"https:\/\/letrame.com\/catalogo\/producto\/escuadron-201\/#primaryimage\",\"url\":\"https:\/\/letrame.com\/catalogo\/wp-content\/uploads\/2025\/10\/escuadron201_1657mm4.jpg\",\"contentUrl\":\"https:\/\/letrame.com\/catalogo\/wp-content\/uploads\/2025\/10\/escuadron201_1657mm4.jpg\",\"width\":384,\"height\":563},{\"@type\":\"BreadcrumbList\",\"@id\":\"https:\/\/letrame.com\/catalogo\/producto\/escuadron-201\/#breadcrumb\",\"itemListElement\":[{\"@type\":\"ListItem\",\"position\":1,\"name\":\"Portada\",\"item\":\"https:\/\/letrame.com\/catalogo\/\"},{\"@type\":\"ListItem\",\"position\":2,\"name\":\"Cat\u00e1logo\",\"item\":\"https:\/\/letrame.com\/catalogo\/\"},{\"@type\":\"ListItem\",\"position\":3,\"name\":\"Escuadr\u00f3n 201\"}]},{\"@type\":\"WebSite\",\"@id\":\"https:\/\/letrame.com\/catalogo\/#website\",\"url\":\"https:\/\/letrame.com\/catalogo\/\",\"name\":\"Catalogo | Letrame Grupo Editorial\",\"description\":\"\",\"publisher\":{\"@id\":\"https:\/\/letrame.com\/catalogo\/#organization\"},\"potentialAction\":[{\"@type\":\"SearchAction\",\"target\":{\"@type\":\"EntryPoint\",\"urlTemplate\":\"https:\/\/letrame.com\/catalogo\/?s={search_term_string}\"},\"query-input\":{\"@type\":\"PropertyValueSpecification\",\"valueRequired\":true,\"valueName\":\"search_term_string\"}}],\"inLanguage\":\"es\"},{\"@type\":\"Organization\",\"@id\":\"https:\/\/letrame.com\/catalogo\/#organization\",\"name\":\"Catalogo | Letrame Grupo Editorial\",\"url\":\"https:\/\/letrame.com\/catalogo\/\",\"logo\":{\"@type\":\"ImageObject\",\"inLanguage\":\"es\",\"@id\":\"https:\/\/letrame.com\/catalogo\/#\/schema\/logo\/image\/\",\"url\":\"https:\/\/letrame.com\/catalogo\/wp-content\/uploads\/2024\/03\/logo2.webp\",\"contentUrl\":\"https:\/\/letrame.com\/catalogo\/wp-content\/uploads\/2024\/03\/logo2.webp\",\"width\":394,\"height\":128,\"caption\":\"Catalogo | Letrame Grupo Editorial\"},\"image\":{\"@id\":\"https:\/\/letrame.com\/catalogo\/#\/schema\/logo\/image\/\"}}]}<\/script>\n<!-- \/ Yoast SEO plugin. -->","yoast_head_json":{"title":"Escuadr\u00f3n 201 - Catalogo | Letrame Grupo Editorial","robots":{"index":"index","follow":"follow","max-snippet":"max-snippet:-1","max-image-preview":"max-image-preview:large","max-video-preview":"max-video-preview:-1"},"canonical":"https:\/\/letrame.com\/catalogo\/producto\/escuadron-201\/","og_locale":"es_ES","og_type":"article","og_title":"Escuadr\u00f3n 201 - Catalogo | Letrame Grupo Editorial","og_description":"ISBN: 9791370127053 SINOPSIS ESCUADR\u00d3N 201. Armando, militar y miembro de la Fuerza A\u00e9rea Mexicana, ya serv\u00eda en sus filas cuando M\u00e9xico se declar\u00f3 en estado de guerra como consecuencia de los ataques a los buques petroleros  Potrero del Llano y Faja de Oro durante la Segunda Guerra Mundial, conform\u00e1ndose as\u00ed la Fuerza A\u00e9rea Expedicionaria Mexicana, Escuadr\u00f3n 201, unidad entrenada en los Estados Unidos de Am\u00e9rica y que combati\u00f3 a las fuerzas japonesas en el frente del Pac\u00edfico, en Filipinas.  All\u00ed, adem\u00e1s de combatir, Armando se enfrent\u00f3 a un entorno de soledad, sangre y desolaci\u00f3n, pero tambi\u00e9n de compa\u00f1erismo y determinaci\u00f3n. Atra\u00eddo por transferir los episodios a las nuevas generaciones, Armando se design\u00f3 a tomar nota en lo que llam\u00f3 \u00abDiario de Guerra\u00bb.","og_url":"https:\/\/letrame.com\/catalogo\/producto\/escuadron-201\/","og_site_name":"Catalogo | Letrame Grupo Editorial","og_image":[{"width":384,"height":563,"url":"https:\/\/letrame.com\/catalogo\/wp-content\/uploads\/2025\/10\/escuadron201_1657mm4.jpg","type":"image\/jpeg"}],"twitter_card":"summary_large_image","twitter_misc":{"Tiempo de lectura":"2 minutos"},"schema":{"@context":"https:\/\/schema.org","@graph":[{"@type":"WebPage","@id":"https:\/\/letrame.com\/catalogo\/producto\/escuadron-201\/","url":"https:\/\/letrame.com\/catalogo\/producto\/escuadron-201\/","name":"Escuadr\u00f3n 201 - Catalogo | Letrame Grupo Editorial","isPartOf":{"@id":"https:\/\/letrame.com\/catalogo\/#website"},"primaryImageOfPage":{"@id":"https:\/\/letrame.com\/catalogo\/producto\/escuadron-201\/#primaryimage"},"image":{"@id":"https:\/\/letrame.com\/catalogo\/producto\/escuadron-201\/#primaryimage"},"thumbnailUrl":"https:\/\/letrame.com\/catalogo\/wp-content\/uploads\/2025\/10\/escuadron201_1657mm4.jpg","datePublished":"2025-10-28T08:25:42+00:00","breadcrumb":{"@id":"https:\/\/letrame.com\/catalogo\/producto\/escuadron-201\/#breadcrumb"},"inLanguage":"es","potentialAction":[{"@type":"ReadAction","target":["https:\/\/letrame.com\/catalogo\/producto\/escuadron-201\/"]}]},{"@type":"ImageObject","inLanguage":"es","@id":"https:\/\/letrame.com\/catalogo\/producto\/escuadron-201\/#primaryimage","url":"https:\/\/letrame.com\/catalogo\/wp-content\/uploads\/2025\/10\/escuadron201_1657mm4.jpg","contentUrl":"https:\/\/letrame.com\/catalogo\/wp-content\/uploads\/2025\/10\/escuadron201_1657mm4.jpg","width":384,"height":563},{"@type":"BreadcrumbList","@id":"https:\/\/letrame.com\/catalogo\/producto\/escuadron-201\/#breadcrumb","itemListElement":[{"@type":"ListItem","position":1,"name":"Portada","item":"https:\/\/letrame.com\/catalogo\/"},{"@type":"ListItem","position":2,"name":"Cat\u00e1logo","item":"https:\/\/letrame.com\/catalogo\/"},{"@type":"ListItem","position":3,"name":"Escuadr\u00f3n 201"}]},{"@type":"WebSite","@id":"https:\/\/letrame.com\/catalogo\/#website","url":"https:\/\/letrame.com\/catalogo\/","name":"Catalogo | Letrame Grupo Editorial","description":"","publisher":{"@id":"https:\/\/letrame.com\/catalogo\/#organization"},"potentialAction":[{"@type":"SearchAction","target":{"@type":"EntryPoint","urlTemplate":"https:\/\/letrame.com\/catalogo\/?s={search_term_string}"},"query-input":{"@type":"PropertyValueSpecification","valueRequired":true,"valueName":"search_term_string"}}],"inLanguage":"es"},{"@type":"Organization","@id":"https:\/\/letrame.com\/catalogo\/#organization","name":"Catalogo | Letrame Grupo Editorial","url":"https:\/\/letrame.com\/catalogo\/","logo":{"@type":"ImageObject","inLanguage":"es","@id":"https:\/\/letrame.com\/catalogo\/#\/schema\/logo\/image\/","url":"https:\/\/letrame.com\/catalogo\/wp-content\/uploads\/2024\/03\/logo2.webp","contentUrl":"https:\/\/letrame.com\/catalogo\/wp-content\/uploads\/2024\/03\/logo2.webp","width":394,"height":128,"caption":"Catalogo | Letrame Grupo Editorial"},"image":{"@id":"https:\/\/letrame.com\/catalogo\/#\/schema\/logo\/image\/"}}]}},"_links":{"self":[{"href":"https:\/\/letrame.com\/catalogo\/wp-json\/wp\/v2\/product\/109213","targetHints":{"allow":["GET"]}}],"collection":[{"href":"https:\/\/letrame.com\/catalogo\/wp-json\/wp\/v2\/product"}],"about":[{"href":"https:\/\/letrame.com\/catalogo\/wp-json\/wp\/v2\/types\/product"}],"replies":[{"embeddable":true,"href":"https:\/\/letrame.com\/catalogo\/wp-json\/wp\/v2\/comments?post=109213"}],"acf:post":[{"embeddable":true,"href":"https:\/\/letrame.com\/catalogo\/wp-json\/wp\/v2\/author_book\/109215"}],"wp:featuredmedia":[{"embeddable":true,"href":"https:\/\/letrame.com\/catalogo\/wp-json\/wp\/v2\/media\/109214"}],"wp:attachment":[{"href":"https:\/\/letrame.com\/catalogo\/wp-json\/wp\/v2\/media?parent=109213"}],"wp:term":[{"taxonomy":"libro","embeddable":true,"href":"https:\/\/letrame.com\/catalogo\/wp-json\/wp\/v2\/libro?post=109213"},{"taxonomy":"product_brand","embeddable":true,"href":"https:\/\/letrame.com\/catalogo\/wp-json\/wp\/v2\/product_brand?post=109213"},{"taxonomy":"product_cat","embeddable":true,"href":"https:\/\/letrame.com\/catalogo\/wp-json\/wp\/v2\/product_cat?post=109213"},{"taxonomy":"product_tag","embeddable":true,"href":"https:\/\/letrame.com\/catalogo\/wp-json\/wp\/v2\/product_tag?post=109213"}],"curies":[{"name":"wp","href":"https:\/\/api.w.org\/{rel}","templated":true}]}}