{"id":109191,"date":"2025-10-27T10:42:28","date_gmt":"2025-10-27T09:42:28","guid":{"rendered":"https:\/\/letrame.com\/catalogo\/?post_type=product&#038;p=109191"},"modified":"2025-10-27T10:48:10","modified_gmt":"2025-10-27T09:48:10","slug":"el-guardian-eterno-y-otros-relatos-fantasticos","status":"publish","type":"product","link":"https:\/\/letrame.com\/catalogo\/producto\/el-guardian-eterno-y-otros-relatos-fantasticos\/","title":{"rendered":"El guardi\u00e1n eterno y otros relatos fant\u00e1sticos"},"content":{"rendered":"<p><b style=\"font-family: -apple-system, BlinkMacSystemFont, 'Segoe UI', Roboto, 'Helvetica Neue', Arial, 'Noto Sans', sans-serif, 'Apple Color Emoji', 'Segoe UI Emoji', 'Segoe UI Symbol', 'Noto Color Emoji';\">ISBN: <\/b>9791370126407<\/p>\n<p class=\"p1\"><b>T\u00edtulo: <\/b>El guardi\u00e1n eterno y otros relatos fant\u00e1sticos<br \/>\n<b><br \/>\n<\/b><b>Fecha: <\/b>2025<b><\/b><\/p>\n<p><b>P\u00e1ginas: <\/b>478<\/p>\n<p class=\"p1\"><b>SINOPSIS<\/b><\/p>\n<p>Al igual que en su anterior libro, el autor le propone viajar en estos nuevos doce fant\u00e1sticos relatos, que desbordan imaginaci\u00f3n y sentido de la maravilla, por diversos mundos extra\u00f1os para conocer alien\u00edgenas peculiares, visitar otros tiempos y tambi\u00e9n vivir situaciones terror\u00edficas.<br \/>\nAbr\u00f3chese fuerte el cintur\u00f3n de esta brillante nave espacial que la cuenta atr\u00e1s va a terminar y la aventura va a comenzar.<b><br \/>\n<\/b><\/p>\n","protected":false},"excerpt":{"rendered":"<p><b style=\"font-family: -apple-system, BlinkMacSystemFont, 'Segoe UI', Roboto, 'Helvetica Neue', Arial, 'Noto Sans', sans-serif, 'Apple Color Emoji', 'Segoe UI Emoji', 'Segoe UI Symbol', 'Noto Color Emoji';\">ISBN: <\/b>9791370126407<\/p>\n<p><b>SINOPSIS<\/b><\/p>\n<p>Al igual que en su anterior libro, el autor le propone viajar en estos nuevos doce fant\u00e1sticos relatos, que desbordan imaginaci\u00f3n y sentido de la maravilla, por diversos mundos extra\u00f1os para conocer alien\u00edgenas peculiares, visitar otros tiempos y tambi\u00e9n vivir situaciones terror\u00edficas.<br \/>\nAbr\u00f3chese fuerte el cintur\u00f3n de esta brillante nave espacial que la cuenta atr\u00e1s va a terminar y la aventura va a comenzar.<\/p>\n","protected":false},"featured_media":109193,"comment_status":"open","ping_status":"closed","template":"","meta":{"_acf_changed":false},"libro":[],"product_brand":[],"product_cat":[141],"product_tag":[],"class_list":{"0":"post-109191","1":"product","2":"type-product","3":"status-publish","4":"has-post-thumbnail","6":"product_cat-ficcion","8":"first","9":"instock","10":"shipping-taxable","11":"product-type-simple"},"acf":{"autor":[109192],"enlace_de_compra":"https:\/\/www.amazon.es\/dp\/B0FMDR8C7W"},"yoast_head":"<!-- This site is optimized with the Yoast SEO plugin v27.4 - https:\/\/yoast.com\/product\/yoast-seo-wordpress\/ -->\n<title>El guardi\u00e1n eterno y otros relatos fant\u00e1sticos - Catalogo | Letrame Grupo Editorial<\/title>\n<meta name=\"robots\" content=\"index, follow, max-snippet:-1, max-image-preview:large, max-video-preview:-1\" \/>\n<link rel=\"canonical\" href=\"https:\/\/letrame.com\/catalogo\/producto\/el-guardian-eterno-y-otros-relatos-fantasticos\/\" \/>\n<meta property=\"og:locale\" content=\"es_ES\" \/>\n<meta property=\"og:type\" content=\"article\" \/>\n<meta property=\"og:title\" content=\"El guardi\u00e1n eterno y otros relatos fant\u00e1sticos - Catalogo | Letrame Grupo Editorial\" \/>\n<meta property=\"og:description\" content=\"ISBN: 9791370126407  SINOPSIS  Al igual que en su anterior libro, el autor le propone viajar en estos nuevos doce fant\u00e1sticos relatos, que desbordan imaginaci\u00f3n y sentido de la maravilla, por diversos mundos extra\u00f1os para conocer alien\u00edgenas peculiares, visitar otros tiempos y tambi\u00e9n vivir situaciones terror\u00edficas. Abr\u00f3chese fuerte el cintur\u00f3n de esta brillante nave espacial que la cuenta atr\u00e1s va a terminar y la aventura va a comenzar.\" \/>\n<meta property=\"og:url\" content=\"https:\/\/letrame.com\/catalogo\/producto\/el-guardian-eterno-y-otros-relatos-fantasticos\/\" \/>\n<meta property=\"og:site_name\" content=\"Catalogo | Letrame Grupo Editorial\" \/>\n<meta property=\"article:modified_time\" content=\"2025-10-27T09:48:10+00:00\" \/>\n<meta property=\"og:image\" content=\"https:\/\/letrame.com\/catalogo\/wp-content\/uploads\/2025\/10\/elguardian_2311mm4.jpg\" \/>\n\t<meta property=\"og:image:width\" content=\"384\" \/>\n\t<meta property=\"og:image:height\" content=\"563\" \/>\n\t<meta property=\"og:image:type\" content=\"image\/jpeg\" \/>\n<meta name=\"twitter:card\" content=\"summary_large_image\" \/>\n<meta name=\"twitter:label1\" content=\"Tiempo de lectura\" \/>\n\t<meta name=\"twitter:data1\" content=\"1 minuto\" \/>\n<script type=\"application\/ld+json\" class=\"yoast-schema-graph\">{\"@context\":\"https:\\\/\\\/schema.org\",\"@graph\":[{\"@type\":\"WebPage\",\"@id\":\"https:\\\/\\\/letrame.com\\\/catalogo\\\/producto\\\/el-guardian-eterno-y-otros-relatos-fantasticos\\\/\",\"url\":\"https:\\\/\\\/letrame.com\\\/catalogo\\\/producto\\\/el-guardian-eterno-y-otros-relatos-fantasticos\\\/\",\"name\":\"El guardi\u00e1n eterno y otros relatos fant\u00e1sticos - Catalogo | Letrame Grupo Editorial\",\"isPartOf\":{\"@id\":\"https:\\\/\\\/letrame.com\\\/catalogo\\\/#website\"},\"primaryImageOfPage\":{\"@id\":\"https:\\\/\\\/letrame.com\\\/catalogo\\\/producto\\\/el-guardian-eterno-y-otros-relatos-fantasticos\\\/#primaryimage\"},\"image\":{\"@id\":\"https:\\\/\\\/letrame.com\\\/catalogo\\\/producto\\\/el-guardian-eterno-y-otros-relatos-fantasticos\\\/#primaryimage\"},\"thumbnailUrl\":\"https:\\\/\\\/letrame.com\\\/catalogo\\\/wp-content\\\/uploads\\\/2025\\\/10\\\/elguardian_2311mm4.jpg\",\"datePublished\":\"2025-10-27T09:42:28+00:00\",\"dateModified\":\"2025-10-27T09:48:10+00:00\",\"breadcrumb\":{\"@id\":\"https:\\\/\\\/letrame.com\\\/catalogo\\\/producto\\\/el-guardian-eterno-y-otros-relatos-fantasticos\\\/#breadcrumb\"},\"inLanguage\":\"es\",\"potentialAction\":[{\"@type\":\"ReadAction\",\"target\":[\"https:\\\/\\\/letrame.com\\\/catalogo\\\/producto\\\/el-guardian-eterno-y-otros-relatos-fantasticos\\\/\"]}]},{\"@type\":\"ImageObject\",\"inLanguage\":\"es\",\"@id\":\"https:\\\/\\\/letrame.com\\\/catalogo\\\/producto\\\/el-guardian-eterno-y-otros-relatos-fantasticos\\\/#primaryimage\",\"url\":\"https:\\\/\\\/letrame.com\\\/catalogo\\\/wp-content\\\/uploads\\\/2025\\\/10\\\/elguardian_2311mm4.jpg\",\"contentUrl\":\"https:\\\/\\\/letrame.com\\\/catalogo\\\/wp-content\\\/uploads\\\/2025\\\/10\\\/elguardian_2311mm4.jpg\",\"width\":384,\"height\":563},{\"@type\":\"BreadcrumbList\",\"@id\":\"https:\\\/\\\/letrame.com\\\/catalogo\\\/producto\\\/el-guardian-eterno-y-otros-relatos-fantasticos\\\/#breadcrumb\",\"itemListElement\":[{\"@type\":\"ListItem\",\"position\":1,\"name\":\"Portada\",\"item\":\"https:\\\/\\\/letrame.com\\\/catalogo\\\/\"},{\"@type\":\"ListItem\",\"position\":2,\"name\":\"Cat\u00e1logo\",\"item\":\"https:\\\/\\\/letrame.com\\\/catalogo\\\/\"},{\"@type\":\"ListItem\",\"position\":3,\"name\":\"El guardi\u00e1n eterno y otros relatos fant\u00e1sticos\"}]},{\"@type\":\"WebSite\",\"@id\":\"https:\\\/\\\/letrame.com\\\/catalogo\\\/#website\",\"url\":\"https:\\\/\\\/letrame.com\\\/catalogo\\\/\",\"name\":\"Catalogo | Letrame Grupo Editorial\",\"description\":\"\",\"publisher\":{\"@id\":\"https:\\\/\\\/letrame.com\\\/catalogo\\\/#organization\"},\"potentialAction\":[{\"@type\":\"SearchAction\",\"target\":{\"@type\":\"EntryPoint\",\"urlTemplate\":\"https:\\\/\\\/letrame.com\\\/catalogo\\\/?s={search_term_string}\"},\"query-input\":{\"@type\":\"PropertyValueSpecification\",\"valueRequired\":true,\"valueName\":\"search_term_string\"}}],\"inLanguage\":\"es\"},{\"@type\":\"Organization\",\"@id\":\"https:\\\/\\\/letrame.com\\\/catalogo\\\/#organization\",\"name\":\"Catalogo | Letrame Grupo Editorial\",\"url\":\"https:\\\/\\\/letrame.com\\\/catalogo\\\/\",\"logo\":{\"@type\":\"ImageObject\",\"inLanguage\":\"es\",\"@id\":\"https:\\\/\\\/letrame.com\\\/catalogo\\\/#\\\/schema\\\/logo\\\/image\\\/\",\"url\":\"https:\\\/\\\/letrame.com\\\/catalogo\\\/wp-content\\\/uploads\\\/2024\\\/03\\\/logo2.webp\",\"contentUrl\":\"https:\\\/\\\/letrame.com\\\/catalogo\\\/wp-content\\\/uploads\\\/2024\\\/03\\\/logo2.webp\",\"width\":394,\"height\":128,\"caption\":\"Catalogo | Letrame Grupo Editorial\"},\"image\":{\"@id\":\"https:\\\/\\\/letrame.com\\\/catalogo\\\/#\\\/schema\\\/logo\\\/image\\\/\"}}]}<\/script>\n<!-- \/ Yoast SEO plugin. -->","yoast_head_json":{"title":"El guardi\u00e1n eterno y otros relatos fant\u00e1sticos - Catalogo | Letrame Grupo Editorial","robots":{"index":"index","follow":"follow","max-snippet":"max-snippet:-1","max-image-preview":"max-image-preview:large","max-video-preview":"max-video-preview:-1"},"canonical":"https:\/\/letrame.com\/catalogo\/producto\/el-guardian-eterno-y-otros-relatos-fantasticos\/","og_locale":"es_ES","og_type":"article","og_title":"El guardi\u00e1n eterno y otros relatos fant\u00e1sticos - Catalogo | Letrame Grupo Editorial","og_description":"ISBN: 9791370126407  SINOPSIS  Al igual que en su anterior libro, el autor le propone viajar en estos nuevos doce fant\u00e1sticos relatos, que desbordan imaginaci\u00f3n y sentido de la maravilla, por diversos mundos extra\u00f1os para conocer alien\u00edgenas peculiares, visitar otros tiempos y tambi\u00e9n vivir situaciones terror\u00edficas. Abr\u00f3chese fuerte el cintur\u00f3n de esta brillante nave espacial que la cuenta atr\u00e1s va a terminar y la aventura va a comenzar.","og_url":"https:\/\/letrame.com\/catalogo\/producto\/el-guardian-eterno-y-otros-relatos-fantasticos\/","og_site_name":"Catalogo | Letrame Grupo Editorial","article_modified_time":"2025-10-27T09:48:10+00:00","og_image":[{"width":384,"height":563,"url":"https:\/\/letrame.com\/catalogo\/wp-content\/uploads\/2025\/10\/elguardian_2311mm4.jpg","type":"image\/jpeg"}],"twitter_card":"summary_large_image","twitter_misc":{"Tiempo de lectura":"1 minuto"},"schema":{"@context":"https:\/\/schema.org","@graph":[{"@type":"WebPage","@id":"https:\/\/letrame.com\/catalogo\/producto\/el-guardian-eterno-y-otros-relatos-fantasticos\/","url":"https:\/\/letrame.com\/catalogo\/producto\/el-guardian-eterno-y-otros-relatos-fantasticos\/","name":"El guardi\u00e1n eterno y otros relatos fant\u00e1sticos - Catalogo | Letrame Grupo Editorial","isPartOf":{"@id":"https:\/\/letrame.com\/catalogo\/#website"},"primaryImageOfPage":{"@id":"https:\/\/letrame.com\/catalogo\/producto\/el-guardian-eterno-y-otros-relatos-fantasticos\/#primaryimage"},"image":{"@id":"https:\/\/letrame.com\/catalogo\/producto\/el-guardian-eterno-y-otros-relatos-fantasticos\/#primaryimage"},"thumbnailUrl":"https:\/\/letrame.com\/catalogo\/wp-content\/uploads\/2025\/10\/elguardian_2311mm4.jpg","datePublished":"2025-10-27T09:42:28+00:00","dateModified":"2025-10-27T09:48:10+00:00","breadcrumb":{"@id":"https:\/\/letrame.com\/catalogo\/producto\/el-guardian-eterno-y-otros-relatos-fantasticos\/#breadcrumb"},"inLanguage":"es","potentialAction":[{"@type":"ReadAction","target":["https:\/\/letrame.com\/catalogo\/producto\/el-guardian-eterno-y-otros-relatos-fantasticos\/"]}]},{"@type":"ImageObject","inLanguage":"es","@id":"https:\/\/letrame.com\/catalogo\/producto\/el-guardian-eterno-y-otros-relatos-fantasticos\/#primaryimage","url":"https:\/\/letrame.com\/catalogo\/wp-content\/uploads\/2025\/10\/elguardian_2311mm4.jpg","contentUrl":"https:\/\/letrame.com\/catalogo\/wp-content\/uploads\/2025\/10\/elguardian_2311mm4.jpg","width":384,"height":563},{"@type":"BreadcrumbList","@id":"https:\/\/letrame.com\/catalogo\/producto\/el-guardian-eterno-y-otros-relatos-fantasticos\/#breadcrumb","itemListElement":[{"@type":"ListItem","position":1,"name":"Portada","item":"https:\/\/letrame.com\/catalogo\/"},{"@type":"ListItem","position":2,"name":"Cat\u00e1logo","item":"https:\/\/letrame.com\/catalogo\/"},{"@type":"ListItem","position":3,"name":"El guardi\u00e1n eterno y otros relatos fant\u00e1sticos"}]},{"@type":"WebSite","@id":"https:\/\/letrame.com\/catalogo\/#website","url":"https:\/\/letrame.com\/catalogo\/","name":"Catalogo | Letrame Grupo Editorial","description":"","publisher":{"@id":"https:\/\/letrame.com\/catalogo\/#organization"},"potentialAction":[{"@type":"SearchAction","target":{"@type":"EntryPoint","urlTemplate":"https:\/\/letrame.com\/catalogo\/?s={search_term_string}"},"query-input":{"@type":"PropertyValueSpecification","valueRequired":true,"valueName":"search_term_string"}}],"inLanguage":"es"},{"@type":"Organization","@id":"https:\/\/letrame.com\/catalogo\/#organization","name":"Catalogo | Letrame Grupo Editorial","url":"https:\/\/letrame.com\/catalogo\/","logo":{"@type":"ImageObject","inLanguage":"es","@id":"https:\/\/letrame.com\/catalogo\/#\/schema\/logo\/image\/","url":"https:\/\/letrame.com\/catalogo\/wp-content\/uploads\/2024\/03\/logo2.webp","contentUrl":"https:\/\/letrame.com\/catalogo\/wp-content\/uploads\/2024\/03\/logo2.webp","width":394,"height":128,"caption":"Catalogo | Letrame Grupo Editorial"},"image":{"@id":"https:\/\/letrame.com\/catalogo\/#\/schema\/logo\/image\/"}}]}},"_links":{"self":[{"href":"https:\/\/letrame.com\/catalogo\/wp-json\/wp\/v2\/product\/109191","targetHints":{"allow":["GET"]}}],"collection":[{"href":"https:\/\/letrame.com\/catalogo\/wp-json\/wp\/v2\/product"}],"about":[{"href":"https:\/\/letrame.com\/catalogo\/wp-json\/wp\/v2\/types\/product"}],"replies":[{"embeddable":true,"href":"https:\/\/letrame.com\/catalogo\/wp-json\/wp\/v2\/comments?post=109191"}],"acf:post":[{"embeddable":true,"href":"https:\/\/letrame.com\/catalogo\/wp-json\/wp\/v2\/author_book\/109192"}],"wp:featuredmedia":[{"embeddable":true,"href":"https:\/\/letrame.com\/catalogo\/wp-json\/wp\/v2\/media\/109193"}],"wp:attachment":[{"href":"https:\/\/letrame.com\/catalogo\/wp-json\/wp\/v2\/media?parent=109191"}],"wp:term":[{"taxonomy":"libro","embeddable":true,"href":"https:\/\/letrame.com\/catalogo\/wp-json\/wp\/v2\/libro?post=109191"},{"taxonomy":"product_brand","embeddable":true,"href":"https:\/\/letrame.com\/catalogo\/wp-json\/wp\/v2\/product_brand?post=109191"},{"taxonomy":"product_cat","embeddable":true,"href":"https:\/\/letrame.com\/catalogo\/wp-json\/wp\/v2\/product_cat?post=109191"},{"taxonomy":"product_tag","embeddable":true,"href":"https:\/\/letrame.com\/catalogo\/wp-json\/wp\/v2\/product_tag?post=109191"}],"curies":[{"name":"wp","href":"https:\/\/api.w.org\/{rel}","templated":true}]}}