{"id":109158,"date":"2025-10-20T15:37:05","date_gmt":"2025-10-20T13:37:05","guid":{"rendered":"https:\/\/letrame.com\/catalogo\/?post_type=product&#038;p=109158"},"modified":"2025-10-20T15:37:59","modified_gmt":"2025-10-20T13:37:59","slug":"coloreame-kibri","status":"publish","type":"product","link":"https:\/\/letrame.com\/catalogo\/producto\/coloreame-kibri\/","title":{"rendered":"Color\u00e9ame, Kibri"},"content":{"rendered":"<p class=\"p1\"><b>ISBN: <\/b>9791370127152<\/p>\n<p class=\"p1\"><b>T\u00edtulo: <\/b>Color\u00e9ame, Kibri<\/p>\n<p class=\"p1\"><b>Fecha: <\/b>2025<\/p>\n<p class=\"p1\"><b>P\u00e1ginas: <\/b>106<\/p>\n<p class=\"p1\"><b>SINOPSIS<\/b><\/p>\n<p>\u00a1Explora el colorido mundo de las Islas Canarias mientras te diviertes coloreando! Este libro est\u00e1 lleno de paisajes volc\u00e1nicos, animales \u00fanicos, playas doradas y tradiciones canarias. Dise\u00f1ado especialmente para ni\u00f1os, combina entretenimiento y aprendizaje para que los m\u00e1s peque\u00f1os conozcan las maravillas de este archipi\u00e9lago mientras desarrollan su creatividad.<b><br \/>\n<\/b><\/p>\n","protected":false},"excerpt":{"rendered":"<p><b>ISBN: <\/b>9791370127152<\/p>\n<p><b>SINOPSIS<\/b><\/p>\n<p>\u00a1Explora el colorido mundo de las Islas Canarias mientras te diviertes coloreando! Este libro est\u00e1 lleno de paisajes volc\u00e1nicos, animales \u00fanicos, playas doradas y tradiciones canarias. Dise\u00f1ado especialmente para ni\u00f1os, combina entretenimiento y aprendizaje para que los m\u00e1s peque\u00f1os conozcan las maravillas de este archipi\u00e9lago mientras desarrollan su creatividad.<\/p>\n","protected":false},"featured_media":109160,"comment_status":"open","ping_status":"closed","template":"","meta":{"_acf_changed":false},"libro":[],"product_brand":[],"product_cat":[17,134],"product_tag":[],"class_list":{"0":"post-109158","1":"product","2":"type-product","3":"status-publish","4":"has-post-thumbnail","6":"product_cat-infantil","7":"product_cat-juvenil","9":"first","10":"instock","11":"shipping-taxable","12":"product-type-simple"},"acf":{"autor":[109159],"enlace_de_compra":"https:\/\/www.amazon.es\/Color%C3%A9ame-Britta-Uriana-S%C3%BAnico-P%C3%BCttmann\/dp\/B0FQP9GCMC"},"yoast_head":"<!-- This site is optimized with the Yoast SEO plugin v26.6 - https:\/\/yoast.com\/wordpress\/plugins\/seo\/ -->\n<title>Color\u00e9ame, Kibri - Catalogo | Letrame Grupo Editorial<\/title>\n<meta name=\"robots\" content=\"index, follow, max-snippet:-1, max-image-preview:large, max-video-preview:-1\" \/>\n<link rel=\"canonical\" href=\"https:\/\/letrame.com\/catalogo\/producto\/coloreame-kibri\/\" \/>\n<meta property=\"og:locale\" content=\"es_ES\" \/>\n<meta property=\"og:type\" content=\"article\" \/>\n<meta property=\"og:title\" content=\"Color\u00e9ame, Kibri - Catalogo | Letrame Grupo Editorial\" \/>\n<meta property=\"og:description\" content=\"ISBN: 9791370127152  SINOPSIS  \u00a1Explora el colorido mundo de las Islas Canarias mientras te diviertes coloreando! Este libro est\u00e1 lleno de paisajes volc\u00e1nicos, animales \u00fanicos, playas doradas y tradiciones canarias. Dise\u00f1ado especialmente para ni\u00f1os, combina entretenimiento y aprendizaje para que los m\u00e1s peque\u00f1os conozcan las maravillas de este archipi\u00e9lago mientras desarrollan su creatividad.\" \/>\n<meta property=\"og:url\" content=\"https:\/\/letrame.com\/catalogo\/producto\/coloreame-kibri\/\" \/>\n<meta property=\"og:site_name\" content=\"Catalogo | Letrame Grupo Editorial\" \/>\n<meta property=\"article:modified_time\" content=\"2025-10-20T13:37:59+00:00\" \/>\n<meta property=\"og:image\" content=\"https:\/\/letrame.com\/catalogo\/wp-content\/uploads\/2025\/10\/coloreameKibri_835mm4.jpg\" \/>\n\t<meta property=\"og:image:width\" content=\"402\" \/>\n\t<meta property=\"og:image:height\" content=\"567\" \/>\n\t<meta property=\"og:image:type\" content=\"image\/jpeg\" \/>\n<meta name=\"twitter:card\" content=\"summary_large_image\" \/>\n<meta name=\"twitter:label1\" content=\"Tiempo de lectura\" \/>\n\t<meta name=\"twitter:data1\" content=\"1 minuto\" \/>\n<script type=\"application\/ld+json\" class=\"yoast-schema-graph\">{\"@context\":\"https:\/\/schema.org\",\"@graph\":[{\"@type\":\"WebPage\",\"@id\":\"https:\/\/letrame.com\/catalogo\/producto\/coloreame-kibri\/\",\"url\":\"https:\/\/letrame.com\/catalogo\/producto\/coloreame-kibri\/\",\"name\":\"Color\u00e9ame, Kibri - Catalogo | Letrame Grupo Editorial\",\"isPartOf\":{\"@id\":\"https:\/\/letrame.com\/catalogo\/#website\"},\"primaryImageOfPage\":{\"@id\":\"https:\/\/letrame.com\/catalogo\/producto\/coloreame-kibri\/#primaryimage\"},\"image\":{\"@id\":\"https:\/\/letrame.com\/catalogo\/producto\/coloreame-kibri\/#primaryimage\"},\"thumbnailUrl\":\"https:\/\/letrame.com\/catalogo\/wp-content\/uploads\/2025\/10\/coloreameKibri_835mm4.jpg\",\"datePublished\":\"2025-10-20T13:37:05+00:00\",\"dateModified\":\"2025-10-20T13:37:59+00:00\",\"breadcrumb\":{\"@id\":\"https:\/\/letrame.com\/catalogo\/producto\/coloreame-kibri\/#breadcrumb\"},\"inLanguage\":\"es\",\"potentialAction\":[{\"@type\":\"ReadAction\",\"target\":[\"https:\/\/letrame.com\/catalogo\/producto\/coloreame-kibri\/\"]}]},{\"@type\":\"ImageObject\",\"inLanguage\":\"es\",\"@id\":\"https:\/\/letrame.com\/catalogo\/producto\/coloreame-kibri\/#primaryimage\",\"url\":\"https:\/\/letrame.com\/catalogo\/wp-content\/uploads\/2025\/10\/coloreameKibri_835mm4.jpg\",\"contentUrl\":\"https:\/\/letrame.com\/catalogo\/wp-content\/uploads\/2025\/10\/coloreameKibri_835mm4.jpg\",\"width\":402,\"height\":567},{\"@type\":\"BreadcrumbList\",\"@id\":\"https:\/\/letrame.com\/catalogo\/producto\/coloreame-kibri\/#breadcrumb\",\"itemListElement\":[{\"@type\":\"ListItem\",\"position\":1,\"name\":\"Portada\",\"item\":\"https:\/\/letrame.com\/catalogo\/\"},{\"@type\":\"ListItem\",\"position\":2,\"name\":\"Cat\u00e1logo\",\"item\":\"https:\/\/letrame.com\/catalogo\/\"},{\"@type\":\"ListItem\",\"position\":3,\"name\":\"Color\u00e9ame, Kibri\"}]},{\"@type\":\"WebSite\",\"@id\":\"https:\/\/letrame.com\/catalogo\/#website\",\"url\":\"https:\/\/letrame.com\/catalogo\/\",\"name\":\"Catalogo | Letrame Grupo Editorial\",\"description\":\"\",\"publisher\":{\"@id\":\"https:\/\/letrame.com\/catalogo\/#organization\"},\"potentialAction\":[{\"@type\":\"SearchAction\",\"target\":{\"@type\":\"EntryPoint\",\"urlTemplate\":\"https:\/\/letrame.com\/catalogo\/?s={search_term_string}\"},\"query-input\":{\"@type\":\"PropertyValueSpecification\",\"valueRequired\":true,\"valueName\":\"search_term_string\"}}],\"inLanguage\":\"es\"},{\"@type\":\"Organization\",\"@id\":\"https:\/\/letrame.com\/catalogo\/#organization\",\"name\":\"Catalogo | Letrame Grupo Editorial\",\"url\":\"https:\/\/letrame.com\/catalogo\/\",\"logo\":{\"@type\":\"ImageObject\",\"inLanguage\":\"es\",\"@id\":\"https:\/\/letrame.com\/catalogo\/#\/schema\/logo\/image\/\",\"url\":\"https:\/\/letrame.com\/catalogo\/wp-content\/uploads\/2024\/03\/logo2.webp\",\"contentUrl\":\"https:\/\/letrame.com\/catalogo\/wp-content\/uploads\/2024\/03\/logo2.webp\",\"width\":394,\"height\":128,\"caption\":\"Catalogo | Letrame Grupo Editorial\"},\"image\":{\"@id\":\"https:\/\/letrame.com\/catalogo\/#\/schema\/logo\/image\/\"}}]}<\/script>\n<!-- \/ Yoast SEO plugin. -->","yoast_head_json":{"title":"Color\u00e9ame, Kibri - Catalogo | Letrame Grupo Editorial","robots":{"index":"index","follow":"follow","max-snippet":"max-snippet:-1","max-image-preview":"max-image-preview:large","max-video-preview":"max-video-preview:-1"},"canonical":"https:\/\/letrame.com\/catalogo\/producto\/coloreame-kibri\/","og_locale":"es_ES","og_type":"article","og_title":"Color\u00e9ame, Kibri - Catalogo | Letrame Grupo Editorial","og_description":"ISBN: 9791370127152  SINOPSIS  \u00a1Explora el colorido mundo de las Islas Canarias mientras te diviertes coloreando! Este libro est\u00e1 lleno de paisajes volc\u00e1nicos, animales \u00fanicos, playas doradas y tradiciones canarias. Dise\u00f1ado especialmente para ni\u00f1os, combina entretenimiento y aprendizaje para que los m\u00e1s peque\u00f1os conozcan las maravillas de este archipi\u00e9lago mientras desarrollan su creatividad.","og_url":"https:\/\/letrame.com\/catalogo\/producto\/coloreame-kibri\/","og_site_name":"Catalogo | Letrame Grupo Editorial","article_modified_time":"2025-10-20T13:37:59+00:00","og_image":[{"width":402,"height":567,"url":"https:\/\/letrame.com\/catalogo\/wp-content\/uploads\/2025\/10\/coloreameKibri_835mm4.jpg","type":"image\/jpeg"}],"twitter_card":"summary_large_image","twitter_misc":{"Tiempo de lectura":"1 minuto"},"schema":{"@context":"https:\/\/schema.org","@graph":[{"@type":"WebPage","@id":"https:\/\/letrame.com\/catalogo\/producto\/coloreame-kibri\/","url":"https:\/\/letrame.com\/catalogo\/producto\/coloreame-kibri\/","name":"Color\u00e9ame, Kibri - Catalogo | Letrame Grupo Editorial","isPartOf":{"@id":"https:\/\/letrame.com\/catalogo\/#website"},"primaryImageOfPage":{"@id":"https:\/\/letrame.com\/catalogo\/producto\/coloreame-kibri\/#primaryimage"},"image":{"@id":"https:\/\/letrame.com\/catalogo\/producto\/coloreame-kibri\/#primaryimage"},"thumbnailUrl":"https:\/\/letrame.com\/catalogo\/wp-content\/uploads\/2025\/10\/coloreameKibri_835mm4.jpg","datePublished":"2025-10-20T13:37:05+00:00","dateModified":"2025-10-20T13:37:59+00:00","breadcrumb":{"@id":"https:\/\/letrame.com\/catalogo\/producto\/coloreame-kibri\/#breadcrumb"},"inLanguage":"es","potentialAction":[{"@type":"ReadAction","target":["https:\/\/letrame.com\/catalogo\/producto\/coloreame-kibri\/"]}]},{"@type":"ImageObject","inLanguage":"es","@id":"https:\/\/letrame.com\/catalogo\/producto\/coloreame-kibri\/#primaryimage","url":"https:\/\/letrame.com\/catalogo\/wp-content\/uploads\/2025\/10\/coloreameKibri_835mm4.jpg","contentUrl":"https:\/\/letrame.com\/catalogo\/wp-content\/uploads\/2025\/10\/coloreameKibri_835mm4.jpg","width":402,"height":567},{"@type":"BreadcrumbList","@id":"https:\/\/letrame.com\/catalogo\/producto\/coloreame-kibri\/#breadcrumb","itemListElement":[{"@type":"ListItem","position":1,"name":"Portada","item":"https:\/\/letrame.com\/catalogo\/"},{"@type":"ListItem","position":2,"name":"Cat\u00e1logo","item":"https:\/\/letrame.com\/catalogo\/"},{"@type":"ListItem","position":3,"name":"Color\u00e9ame, Kibri"}]},{"@type":"WebSite","@id":"https:\/\/letrame.com\/catalogo\/#website","url":"https:\/\/letrame.com\/catalogo\/","name":"Catalogo | Letrame Grupo Editorial","description":"","publisher":{"@id":"https:\/\/letrame.com\/catalogo\/#organization"},"potentialAction":[{"@type":"SearchAction","target":{"@type":"EntryPoint","urlTemplate":"https:\/\/letrame.com\/catalogo\/?s={search_term_string}"},"query-input":{"@type":"PropertyValueSpecification","valueRequired":true,"valueName":"search_term_string"}}],"inLanguage":"es"},{"@type":"Organization","@id":"https:\/\/letrame.com\/catalogo\/#organization","name":"Catalogo | Letrame Grupo Editorial","url":"https:\/\/letrame.com\/catalogo\/","logo":{"@type":"ImageObject","inLanguage":"es","@id":"https:\/\/letrame.com\/catalogo\/#\/schema\/logo\/image\/","url":"https:\/\/letrame.com\/catalogo\/wp-content\/uploads\/2024\/03\/logo2.webp","contentUrl":"https:\/\/letrame.com\/catalogo\/wp-content\/uploads\/2024\/03\/logo2.webp","width":394,"height":128,"caption":"Catalogo | Letrame Grupo Editorial"},"image":{"@id":"https:\/\/letrame.com\/catalogo\/#\/schema\/logo\/image\/"}}]}},"_links":{"self":[{"href":"https:\/\/letrame.com\/catalogo\/wp-json\/wp\/v2\/product\/109158","targetHints":{"allow":["GET"]}}],"collection":[{"href":"https:\/\/letrame.com\/catalogo\/wp-json\/wp\/v2\/product"}],"about":[{"href":"https:\/\/letrame.com\/catalogo\/wp-json\/wp\/v2\/types\/product"}],"replies":[{"embeddable":true,"href":"https:\/\/letrame.com\/catalogo\/wp-json\/wp\/v2\/comments?post=109158"}],"acf:post":[{"embeddable":true,"href":"https:\/\/letrame.com\/catalogo\/wp-json\/wp\/v2\/author_book\/109159"}],"wp:featuredmedia":[{"embeddable":true,"href":"https:\/\/letrame.com\/catalogo\/wp-json\/wp\/v2\/media\/109160"}],"wp:attachment":[{"href":"https:\/\/letrame.com\/catalogo\/wp-json\/wp\/v2\/media?parent=109158"}],"wp:term":[{"taxonomy":"libro","embeddable":true,"href":"https:\/\/letrame.com\/catalogo\/wp-json\/wp\/v2\/libro?post=109158"},{"taxonomy":"product_brand","embeddable":true,"href":"https:\/\/letrame.com\/catalogo\/wp-json\/wp\/v2\/product_brand?post=109158"},{"taxonomy":"product_cat","embeddable":true,"href":"https:\/\/letrame.com\/catalogo\/wp-json\/wp\/v2\/product_cat?post=109158"},{"taxonomy":"product_tag","embeddable":true,"href":"https:\/\/letrame.com\/catalogo\/wp-json\/wp\/v2\/product_tag?post=109158"}],"curies":[{"name":"wp","href":"https:\/\/api.w.org\/{rel}","templated":true}]}}