{"id":109148,"date":"2025-10-20T09:48:22","date_gmt":"2025-10-20T07:48:22","guid":{"rendered":"https:\/\/letrame.com\/catalogo\/?post_type=product&#038;p=109148"},"modified":"2025-10-20T09:48:22","modified_gmt":"2025-10-20T07:48:22","slug":"el-segundo-cubo","status":"publish","type":"product","link":"https:\/\/letrame.com\/catalogo\/producto\/el-segundo-cubo\/","title":{"rendered":"El segundo cubo"},"content":{"rendered":"<p class=\"p1\"><b>ISBN: <\/b>9791370127251<\/p>\n<p class=\"p1\"><b>T\u00edtulo: <\/b>El segundo cubo<b><\/p>\n<p><\/b><b>Fecha: <\/b>2025<\/p>\n<p class=\"p1\"><b>P\u00e1ginas: <\/b>136<\/p>\n<p class=\"p1\"><b>SINOPSIS<\/p>\n<p><\/b>Encontrar el cubo fue lo primero. Dar con las seis llaves para abrir sus seis caras les supuso un gran desaf\u00edo. Si encima esas llaves estaban custodiadas por seis familias de antiguo linaje, el reto sub\u00eda de nivel; y cuando la familia m\u00e1s poderosa de ellas era una mezcla entre religiosa y mafiosa, conseguir abrir el cubo solo pod\u00eda tratarse como un milagro.<br \/>\nAcompa\u00f1a a Maica y Lando, hija y padre, protagonistas de esta aventura donde pasan sus mejores y peores momentos de sus vidas, enganchados por descifrar el cubo. S\u00edgueles por tierras espa\u00f1olas en busca de unas llaves que esconden secretos y avivan sentimientos.<br \/>\nEl final de la historia no te defraudar\u00e1.<b><br \/>\n<\/b><\/p>\n","protected":false},"excerpt":{"rendered":"<p><b>ISBN: <\/b>9791370127251<\/p>\n<p><b>SINOPSIS<\/p>\n<p><\/b>Encontrar el cubo fue lo primero. Dar con las seis llaves para abrir sus seis caras les supuso un gran desaf\u00edo. Si encima esas llaves estaban custodiadas por seis familias de antiguo linaje, el reto sub\u00eda de nivel; y cuando la familia m\u00e1s poderosa de ellas era una mezcla entre religiosa y mafiosa, conseguir abrir el cubo solo pod\u00eda tratarse como un milagro.<br \/>\nAcompa\u00f1a a Maica y Lando, hija y padre, protagonistas de esta aventura donde pasan sus mejores y peores momentos de sus vidas, enganchados por descifrar el cubo. S\u00edgueles por tierras espa\u00f1olas en busca de unas llaves que esconden secretos y avivan sentimientos.<br \/>\nEl final de la historia no te defraudar\u00e1.<\/p>\n","protected":false},"featured_media":109149,"comment_status":"open","ping_status":"closed","template":"","meta":{"_acf_changed":false},"libro":[],"product_brand":[],"product_cat":[141],"product_tag":[],"class_list":{"0":"post-109148","1":"product","2":"type-product","3":"status-publish","4":"has-post-thumbnail","6":"product_cat-ficcion","8":"first","9":"instock","10":"shipping-taxable","11":"product-type-simple"},"acf":{"autor":[104799],"enlace_de_compra":"https:\/\/www.amazon.es\/El-segundo-cubo-01-Aventura\/dp\/B0FPQG7276\/ref=sr_1_1?__mk_es_ES=%C3%85M%C3%85%C5%BD%C3%95%C3%91&crid=29IPID7QO7MIC&dib=eyJ2IjoiMSJ9.jka1Z6DVk2ce_KTvZtq2_W5pbOxA7MdmRLkKBd9wc9g.O2ZBmKNA2j-zcoTO0nmww9sJhN_gpY8LNckjOWwTkzs&dib_tag=se&keywords=el+segundo+cubo+carles&qid=1760946439&s=books&sprefix=el+segundo+cubo+carles%2Cstripbooks%2C61&sr=1-1"},"yoast_head":"<!-- This site is optimized with the Yoast SEO plugin v26.6 - https:\/\/yoast.com\/wordpress\/plugins\/seo\/ -->\n<title>El segundo cubo - Catalogo | Letrame Grupo Editorial<\/title>\n<meta name=\"robots\" content=\"index, follow, max-snippet:-1, max-image-preview:large, max-video-preview:-1\" \/>\n<link rel=\"canonical\" href=\"https:\/\/letrame.com\/catalogo\/producto\/el-segundo-cubo\/\" \/>\n<meta property=\"og:locale\" content=\"es_ES\" \/>\n<meta property=\"og:type\" content=\"article\" \/>\n<meta property=\"og:title\" content=\"El segundo cubo - Catalogo | Letrame Grupo Editorial\" \/>\n<meta property=\"og:description\" content=\"ISBN: 9791370127251  SINOPSIS  Encontrar el cubo fue lo primero. Dar con las seis llaves para abrir sus seis caras les supuso un gran desaf\u00edo. Si encima esas llaves estaban custodiadas por seis familias de antiguo linaje, el reto sub\u00eda de nivel; y cuando la familia m\u00e1s poderosa de ellas era una mezcla entre religiosa y mafiosa, conseguir abrir el cubo solo pod\u00eda tratarse como un milagro. Acompa\u00f1a a Maica y Lando, hija y padre, protagonistas de esta aventura donde pasan sus mejores y peores momentos de sus vidas, enganchados por descifrar el cubo. S\u00edgueles por tierras espa\u00f1olas en busca de unas llaves que esconden secretos y avivan sentimientos. El final de la historia no te defraudar\u00e1.\" \/>\n<meta property=\"og:url\" content=\"https:\/\/letrame.com\/catalogo\/producto\/el-segundo-cubo\/\" \/>\n<meta property=\"og:site_name\" content=\"Catalogo | Letrame Grupo Editorial\" \/>\n<meta property=\"og:image\" content=\"https:\/\/letrame.com\/catalogo\/wp-content\/uploads\/2025\/10\/El-segundo-cubo.jpg\" \/>\n\t<meta property=\"og:image:width\" content=\"437\" \/>\n\t<meta property=\"og:image:height\" content=\"620\" \/>\n\t<meta property=\"og:image:type\" content=\"image\/jpeg\" \/>\n<meta name=\"twitter:card\" content=\"summary_large_image\" \/>\n<meta name=\"twitter:label1\" content=\"Tiempo de lectura\" \/>\n\t<meta name=\"twitter:data1\" content=\"1 minuto\" \/>\n<script type=\"application\/ld+json\" class=\"yoast-schema-graph\">{\"@context\":\"https:\/\/schema.org\",\"@graph\":[{\"@type\":\"WebPage\",\"@id\":\"https:\/\/letrame.com\/catalogo\/producto\/el-segundo-cubo\/\",\"url\":\"https:\/\/letrame.com\/catalogo\/producto\/el-segundo-cubo\/\",\"name\":\"El segundo cubo - Catalogo | Letrame Grupo Editorial\",\"isPartOf\":{\"@id\":\"https:\/\/letrame.com\/catalogo\/#website\"},\"primaryImageOfPage\":{\"@id\":\"https:\/\/letrame.com\/catalogo\/producto\/el-segundo-cubo\/#primaryimage\"},\"image\":{\"@id\":\"https:\/\/letrame.com\/catalogo\/producto\/el-segundo-cubo\/#primaryimage\"},\"thumbnailUrl\":\"https:\/\/letrame.com\/catalogo\/wp-content\/uploads\/2025\/10\/El-segundo-cubo.jpg\",\"datePublished\":\"2025-10-20T07:48:22+00:00\",\"breadcrumb\":{\"@id\":\"https:\/\/letrame.com\/catalogo\/producto\/el-segundo-cubo\/#breadcrumb\"},\"inLanguage\":\"es\",\"potentialAction\":[{\"@type\":\"ReadAction\",\"target\":[\"https:\/\/letrame.com\/catalogo\/producto\/el-segundo-cubo\/\"]}]},{\"@type\":\"ImageObject\",\"inLanguage\":\"es\",\"@id\":\"https:\/\/letrame.com\/catalogo\/producto\/el-segundo-cubo\/#primaryimage\",\"url\":\"https:\/\/letrame.com\/catalogo\/wp-content\/uploads\/2025\/10\/El-segundo-cubo.jpg\",\"contentUrl\":\"https:\/\/letrame.com\/catalogo\/wp-content\/uploads\/2025\/10\/El-segundo-cubo.jpg\",\"width\":437,\"height\":620},{\"@type\":\"BreadcrumbList\",\"@id\":\"https:\/\/letrame.com\/catalogo\/producto\/el-segundo-cubo\/#breadcrumb\",\"itemListElement\":[{\"@type\":\"ListItem\",\"position\":1,\"name\":\"Portada\",\"item\":\"https:\/\/letrame.com\/catalogo\/\"},{\"@type\":\"ListItem\",\"position\":2,\"name\":\"Cat\u00e1logo\",\"item\":\"https:\/\/letrame.com\/catalogo\/\"},{\"@type\":\"ListItem\",\"position\":3,\"name\":\"El segundo cubo\"}]},{\"@type\":\"WebSite\",\"@id\":\"https:\/\/letrame.com\/catalogo\/#website\",\"url\":\"https:\/\/letrame.com\/catalogo\/\",\"name\":\"Catalogo | Letrame Grupo Editorial\",\"description\":\"\",\"publisher\":{\"@id\":\"https:\/\/letrame.com\/catalogo\/#organization\"},\"potentialAction\":[{\"@type\":\"SearchAction\",\"target\":{\"@type\":\"EntryPoint\",\"urlTemplate\":\"https:\/\/letrame.com\/catalogo\/?s={search_term_string}\"},\"query-input\":{\"@type\":\"PropertyValueSpecification\",\"valueRequired\":true,\"valueName\":\"search_term_string\"}}],\"inLanguage\":\"es\"},{\"@type\":\"Organization\",\"@id\":\"https:\/\/letrame.com\/catalogo\/#organization\",\"name\":\"Catalogo | Letrame Grupo Editorial\",\"url\":\"https:\/\/letrame.com\/catalogo\/\",\"logo\":{\"@type\":\"ImageObject\",\"inLanguage\":\"es\",\"@id\":\"https:\/\/letrame.com\/catalogo\/#\/schema\/logo\/image\/\",\"url\":\"https:\/\/letrame.com\/catalogo\/wp-content\/uploads\/2024\/03\/logo2.webp\",\"contentUrl\":\"https:\/\/letrame.com\/catalogo\/wp-content\/uploads\/2024\/03\/logo2.webp\",\"width\":394,\"height\":128,\"caption\":\"Catalogo | Letrame Grupo Editorial\"},\"image\":{\"@id\":\"https:\/\/letrame.com\/catalogo\/#\/schema\/logo\/image\/\"}}]}<\/script>\n<!-- \/ Yoast SEO plugin. -->","yoast_head_json":{"title":"El segundo cubo - Catalogo | Letrame Grupo Editorial","robots":{"index":"index","follow":"follow","max-snippet":"max-snippet:-1","max-image-preview":"max-image-preview:large","max-video-preview":"max-video-preview:-1"},"canonical":"https:\/\/letrame.com\/catalogo\/producto\/el-segundo-cubo\/","og_locale":"es_ES","og_type":"article","og_title":"El segundo cubo - Catalogo | Letrame Grupo Editorial","og_description":"ISBN: 9791370127251  SINOPSIS  Encontrar el cubo fue lo primero. Dar con las seis llaves para abrir sus seis caras les supuso un gran desaf\u00edo. Si encima esas llaves estaban custodiadas por seis familias de antiguo linaje, el reto sub\u00eda de nivel; y cuando la familia m\u00e1s poderosa de ellas era una mezcla entre religiosa y mafiosa, conseguir abrir el cubo solo pod\u00eda tratarse como un milagro. Acompa\u00f1a a Maica y Lando, hija y padre, protagonistas de esta aventura donde pasan sus mejores y peores momentos de sus vidas, enganchados por descifrar el cubo. S\u00edgueles por tierras espa\u00f1olas en busca de unas llaves que esconden secretos y avivan sentimientos. El final de la historia no te defraudar\u00e1.","og_url":"https:\/\/letrame.com\/catalogo\/producto\/el-segundo-cubo\/","og_site_name":"Catalogo | Letrame Grupo Editorial","og_image":[{"width":437,"height":620,"url":"https:\/\/letrame.com\/catalogo\/wp-content\/uploads\/2025\/10\/El-segundo-cubo.jpg","type":"image\/jpeg"}],"twitter_card":"summary_large_image","twitter_misc":{"Tiempo de lectura":"1 minuto"},"schema":{"@context":"https:\/\/schema.org","@graph":[{"@type":"WebPage","@id":"https:\/\/letrame.com\/catalogo\/producto\/el-segundo-cubo\/","url":"https:\/\/letrame.com\/catalogo\/producto\/el-segundo-cubo\/","name":"El segundo cubo - Catalogo | Letrame Grupo Editorial","isPartOf":{"@id":"https:\/\/letrame.com\/catalogo\/#website"},"primaryImageOfPage":{"@id":"https:\/\/letrame.com\/catalogo\/producto\/el-segundo-cubo\/#primaryimage"},"image":{"@id":"https:\/\/letrame.com\/catalogo\/producto\/el-segundo-cubo\/#primaryimage"},"thumbnailUrl":"https:\/\/letrame.com\/catalogo\/wp-content\/uploads\/2025\/10\/El-segundo-cubo.jpg","datePublished":"2025-10-20T07:48:22+00:00","breadcrumb":{"@id":"https:\/\/letrame.com\/catalogo\/producto\/el-segundo-cubo\/#breadcrumb"},"inLanguage":"es","potentialAction":[{"@type":"ReadAction","target":["https:\/\/letrame.com\/catalogo\/producto\/el-segundo-cubo\/"]}]},{"@type":"ImageObject","inLanguage":"es","@id":"https:\/\/letrame.com\/catalogo\/producto\/el-segundo-cubo\/#primaryimage","url":"https:\/\/letrame.com\/catalogo\/wp-content\/uploads\/2025\/10\/El-segundo-cubo.jpg","contentUrl":"https:\/\/letrame.com\/catalogo\/wp-content\/uploads\/2025\/10\/El-segundo-cubo.jpg","width":437,"height":620},{"@type":"BreadcrumbList","@id":"https:\/\/letrame.com\/catalogo\/producto\/el-segundo-cubo\/#breadcrumb","itemListElement":[{"@type":"ListItem","position":1,"name":"Portada","item":"https:\/\/letrame.com\/catalogo\/"},{"@type":"ListItem","position":2,"name":"Cat\u00e1logo","item":"https:\/\/letrame.com\/catalogo\/"},{"@type":"ListItem","position":3,"name":"El segundo cubo"}]},{"@type":"WebSite","@id":"https:\/\/letrame.com\/catalogo\/#website","url":"https:\/\/letrame.com\/catalogo\/","name":"Catalogo | Letrame Grupo Editorial","description":"","publisher":{"@id":"https:\/\/letrame.com\/catalogo\/#organization"},"potentialAction":[{"@type":"SearchAction","target":{"@type":"EntryPoint","urlTemplate":"https:\/\/letrame.com\/catalogo\/?s={search_term_string}"},"query-input":{"@type":"PropertyValueSpecification","valueRequired":true,"valueName":"search_term_string"}}],"inLanguage":"es"},{"@type":"Organization","@id":"https:\/\/letrame.com\/catalogo\/#organization","name":"Catalogo | Letrame Grupo Editorial","url":"https:\/\/letrame.com\/catalogo\/","logo":{"@type":"ImageObject","inLanguage":"es","@id":"https:\/\/letrame.com\/catalogo\/#\/schema\/logo\/image\/","url":"https:\/\/letrame.com\/catalogo\/wp-content\/uploads\/2024\/03\/logo2.webp","contentUrl":"https:\/\/letrame.com\/catalogo\/wp-content\/uploads\/2024\/03\/logo2.webp","width":394,"height":128,"caption":"Catalogo | Letrame Grupo Editorial"},"image":{"@id":"https:\/\/letrame.com\/catalogo\/#\/schema\/logo\/image\/"}}]}},"_links":{"self":[{"href":"https:\/\/letrame.com\/catalogo\/wp-json\/wp\/v2\/product\/109148","targetHints":{"allow":["GET"]}}],"collection":[{"href":"https:\/\/letrame.com\/catalogo\/wp-json\/wp\/v2\/product"}],"about":[{"href":"https:\/\/letrame.com\/catalogo\/wp-json\/wp\/v2\/types\/product"}],"replies":[{"embeddable":true,"href":"https:\/\/letrame.com\/catalogo\/wp-json\/wp\/v2\/comments?post=109148"}],"acf:post":[{"embeddable":true,"href":"https:\/\/letrame.com\/catalogo\/wp-json\/wp\/v2\/author_book\/104799"}],"wp:featuredmedia":[{"embeddable":true,"href":"https:\/\/letrame.com\/catalogo\/wp-json\/wp\/v2\/media\/109149"}],"wp:attachment":[{"href":"https:\/\/letrame.com\/catalogo\/wp-json\/wp\/v2\/media?parent=109148"}],"wp:term":[{"taxonomy":"libro","embeddable":true,"href":"https:\/\/letrame.com\/catalogo\/wp-json\/wp\/v2\/libro?post=109148"},{"taxonomy":"product_brand","embeddable":true,"href":"https:\/\/letrame.com\/catalogo\/wp-json\/wp\/v2\/product_brand?post=109148"},{"taxonomy":"product_cat","embeddable":true,"href":"https:\/\/letrame.com\/catalogo\/wp-json\/wp\/v2\/product_cat?post=109148"},{"taxonomy":"product_tag","embeddable":true,"href":"https:\/\/letrame.com\/catalogo\/wp-json\/wp\/v2\/product_tag?post=109148"}],"curies":[{"name":"wp","href":"https:\/\/api.w.org\/{rel}","templated":true}]}}