{"id":109123,"date":"2025-10-15T16:24:41","date_gmt":"2025-10-15T14:24:41","guid":{"rendered":"https:\/\/letrame.com\/catalogo\/?post_type=product&#038;p=109123"},"modified":"2025-10-16T09:07:10","modified_gmt":"2025-10-16T07:07:10","slug":"era-feliz-y-no-lo-sabia","status":"publish","type":"product","link":"https:\/\/letrame.com\/catalogo\/producto\/era-feliz-y-no-lo-sabia\/","title":{"rendered":"Era feliz y no lo sab\u00eda"},"content":{"rendered":"<p class=\"p1\"><b>ISBN: <\/b>9791370128579<\/p>\n<p class=\"p1\"><b>T\u00edtulo: <\/b>Era feliz y no lo sab\u00eda<br \/>\n<b><br \/>\n<\/b><b>Fecha: <\/b>2025<b><\/b><\/p>\n<p><b>P\u00e1ginas: <\/b>186<\/p>\n<p class=\"p1\"><b>SINOPSIS<\/b><\/p>\n<p>Qu\u00e9 pregunta la m\u00eda&#8230; Ni idea de c\u00f3mo ser\u00eda la vida si supiera la respuesta. \u00bfAutoayuda? Puede que esto te ayude&#8230; Ya sabes que lo voy a intentar. Es m\u00e1s: t\u00fa y yo vamos a recordar aquellas cosas que nos daban la vida. Vamos a aprender, a buscarnos y a intentar encontrarnos. \u00bfQu\u00e9 silencio guardas por miedo a romperte? Pues aqu\u00ed&#8230; tienes las puertas abiertas para llorar. Voy a ser tu hombro, tu apoyo. No habr\u00e1 juicios, y nadie te va a juzgar. Tambi\u00e9n sonreir\u00e1s&#8230; no todo van a ser l\u00e1grimas. Pero, sobre todo, mi intenci\u00f3n es que todo esto \u2014que nace de forma genuina\u2014 te haga sentir. Dejemos de buscar lo perfecto e intentemos encontrar lo que nos llena.<br \/>\n\u00bfQu\u00e9 te escribir\u00edas a ti que nadie te haya escrito nunca? Ay\u00fadame a ayudarte, y ayud\u00e9monos mutuamente en esta aventura.<br \/>\nDemos la bienvenida a un viaje sin filtros, sin postureo y sin perfecci\u00f3n.<b><br \/>\n<\/b><\/p>\n","protected":false},"excerpt":{"rendered":"<p><b>ISBN: <\/b>9791370128579<\/p>\n<p><b>SINOPSIS<\/b><\/p>\n<p>Qu\u00e9 pregunta la m\u00eda&#8230; Ni idea de c\u00f3mo ser\u00eda la vida si supiera la respuesta. \u00bfAutoayuda? Puede que esto te ayude&#8230; Ya sabes que lo voy a intentar. Es m\u00e1s: t\u00fa y yo vamos a recordar aquellas cosas que nos daban la vida. Vamos a aprender, a buscarnos y a intentar encontrarnos. \u00bfQu\u00e9 silencio guardas por miedo a romperte? Pues aqu\u00ed&#8230; tienes las puertas abiertas para llorar. Voy a ser tu hombro, tu apoyo. No habr\u00e1 juicios, y nadie te va a juzgar. Tambi\u00e9n sonreir\u00e1s&#8230; no todo van a ser l\u00e1grimas. Pero, sobre todo, mi intenci\u00f3n es que todo esto \u2014que nace de forma genuina\u2014 te haga sentir. Dejemos de buscar lo perfecto e intentemos encontrar lo que nos llena.<br \/>\n\u00bfQu\u00e9 te escribir\u00edas a ti que nadie te haya escrito nunca? Ay\u00fadame a ayudarte, y ayud\u00e9monos mutuamente en esta aventura.<br \/>\nDemos la bienvenida a un viaje sin filtros, sin postureo y sin perfecci\u00f3n.<\/p>\n","protected":false},"featured_media":109124,"comment_status":"open","ping_status":"closed","template":"","meta":{"_acf_changed":false},"libro":[],"product_brand":[],"product_cat":[18],"product_tag":[],"class_list":{"0":"post-109123","1":"product","2":"type-product","3":"status-publish","4":"has-post-thumbnail","6":"product_cat-autoayuda","8":"first","9":"instock","10":"shipping-taxable","11":"product-type-simple"},"acf":{"autor":[77192],"enlace_de_compra":"https:\/\/www.amazon.es\/dp\/B0FVLVPP5F"},"yoast_head":"<!-- This site is optimized with the Yoast SEO plugin v27.4 - https:\/\/yoast.com\/product\/yoast-seo-wordpress\/ -->\n<title>Era feliz y no lo sab\u00eda - Catalogo | Letrame Grupo Editorial<\/title>\n<meta name=\"robots\" content=\"index, follow, max-snippet:-1, max-image-preview:large, max-video-preview:-1\" \/>\n<link rel=\"canonical\" href=\"https:\/\/letrame.com\/catalogo\/producto\/era-feliz-y-no-lo-sabia\/\" \/>\n<meta property=\"og:locale\" content=\"es_ES\" \/>\n<meta property=\"og:type\" content=\"article\" \/>\n<meta property=\"og:title\" content=\"Era feliz y no lo sab\u00eda - Catalogo | Letrame Grupo Editorial\" \/>\n<meta property=\"og:description\" content=\"ISBN: 9791370128579  SINOPSIS  Qu\u00e9 pregunta la m\u00eda... Ni idea de c\u00f3mo ser\u00eda la vida si supiera la respuesta. \u00bfAutoayuda? Puede que esto te ayude... Ya sabes que lo voy a intentar. Es m\u00e1s: t\u00fa y yo vamos a recordar aquellas cosas que nos daban la vida. Vamos a aprender, a buscarnos y a intentar encontrarnos. \u00bfQu\u00e9 silencio guardas por miedo a romperte? Pues aqu\u00ed... tienes las puertas abiertas para llorar. Voy a ser tu hombro, tu apoyo. No habr\u00e1 juicios, y nadie te va a juzgar. Tambi\u00e9n sonreir\u00e1s... no todo van a ser l\u00e1grimas. Pero, sobre todo, mi intenci\u00f3n es que todo esto \u2014que nace de forma genuina\u2014 te haga sentir. Dejemos de buscar lo perfecto e intentemos encontrar lo que nos llena. \u00bfQu\u00e9 te escribir\u00edas a ti que nadie te haya escrito nunca? Ay\u00fadame a ayudarte, y ayud\u00e9monos mutuamente en esta aventura. Demos la bienvenida a un viaje sin filtros, sin postureo y sin perfecci\u00f3n.\" \/>\n<meta property=\"og:url\" content=\"https:\/\/letrame.com\/catalogo\/producto\/era-feliz-y-no-lo-sabia\/\" \/>\n<meta property=\"og:site_name\" content=\"Catalogo | Letrame Grupo Editorial\" \/>\n<meta property=\"article:modified_time\" content=\"2025-10-16T07:07:10+00:00\" \/>\n<meta property=\"og:image\" content=\"https:\/\/letrame.com\/catalogo\/wp-content\/uploads\/2025\/10\/erafelizynolosabia_1073mm4.jpg\" \/>\n\t<meta property=\"og:image:width\" content=\"399\" \/>\n\t<meta property=\"og:image:height\" content=\"576\" \/>\n\t<meta property=\"og:image:type\" content=\"image\/jpeg\" \/>\n<meta name=\"twitter:card\" content=\"summary_large_image\" \/>\n<meta name=\"twitter:label1\" content=\"Tiempo de lectura\" \/>\n\t<meta name=\"twitter:data1\" content=\"1 minuto\" \/>\n<script type=\"application\/ld+json\" class=\"yoast-schema-graph\">{\"@context\":\"https:\\\/\\\/schema.org\",\"@graph\":[{\"@type\":\"WebPage\",\"@id\":\"https:\\\/\\\/letrame.com\\\/catalogo\\\/producto\\\/era-feliz-y-no-lo-sabia\\\/\",\"url\":\"https:\\\/\\\/letrame.com\\\/catalogo\\\/producto\\\/era-feliz-y-no-lo-sabia\\\/\",\"name\":\"Era feliz y no lo sab\u00eda - Catalogo | Letrame Grupo Editorial\",\"isPartOf\":{\"@id\":\"https:\\\/\\\/letrame.com\\\/catalogo\\\/#website\"},\"primaryImageOfPage\":{\"@id\":\"https:\\\/\\\/letrame.com\\\/catalogo\\\/producto\\\/era-feliz-y-no-lo-sabia\\\/#primaryimage\"},\"image\":{\"@id\":\"https:\\\/\\\/letrame.com\\\/catalogo\\\/producto\\\/era-feliz-y-no-lo-sabia\\\/#primaryimage\"},\"thumbnailUrl\":\"https:\\\/\\\/letrame.com\\\/catalogo\\\/wp-content\\\/uploads\\\/2025\\\/10\\\/erafelizynolosabia_1073mm4.jpg\",\"datePublished\":\"2025-10-15T14:24:41+00:00\",\"dateModified\":\"2025-10-16T07:07:10+00:00\",\"breadcrumb\":{\"@id\":\"https:\\\/\\\/letrame.com\\\/catalogo\\\/producto\\\/era-feliz-y-no-lo-sabia\\\/#breadcrumb\"},\"inLanguage\":\"es\",\"potentialAction\":[{\"@type\":\"ReadAction\",\"target\":[\"https:\\\/\\\/letrame.com\\\/catalogo\\\/producto\\\/era-feliz-y-no-lo-sabia\\\/\"]}]},{\"@type\":\"ImageObject\",\"inLanguage\":\"es\",\"@id\":\"https:\\\/\\\/letrame.com\\\/catalogo\\\/producto\\\/era-feliz-y-no-lo-sabia\\\/#primaryimage\",\"url\":\"https:\\\/\\\/letrame.com\\\/catalogo\\\/wp-content\\\/uploads\\\/2025\\\/10\\\/erafelizynolosabia_1073mm4.jpg\",\"contentUrl\":\"https:\\\/\\\/letrame.com\\\/catalogo\\\/wp-content\\\/uploads\\\/2025\\\/10\\\/erafelizynolosabia_1073mm4.jpg\",\"width\":399,\"height\":576},{\"@type\":\"BreadcrumbList\",\"@id\":\"https:\\\/\\\/letrame.com\\\/catalogo\\\/producto\\\/era-feliz-y-no-lo-sabia\\\/#breadcrumb\",\"itemListElement\":[{\"@type\":\"ListItem\",\"position\":1,\"name\":\"Portada\",\"item\":\"https:\\\/\\\/letrame.com\\\/catalogo\\\/\"},{\"@type\":\"ListItem\",\"position\":2,\"name\":\"Cat\u00e1logo\",\"item\":\"https:\\\/\\\/letrame.com\\\/catalogo\\\/\"},{\"@type\":\"ListItem\",\"position\":3,\"name\":\"Era feliz y no lo sab\u00eda\"}]},{\"@type\":\"WebSite\",\"@id\":\"https:\\\/\\\/letrame.com\\\/catalogo\\\/#website\",\"url\":\"https:\\\/\\\/letrame.com\\\/catalogo\\\/\",\"name\":\"Catalogo | Letrame Grupo Editorial\",\"description\":\"\",\"publisher\":{\"@id\":\"https:\\\/\\\/letrame.com\\\/catalogo\\\/#organization\"},\"potentialAction\":[{\"@type\":\"SearchAction\",\"target\":{\"@type\":\"EntryPoint\",\"urlTemplate\":\"https:\\\/\\\/letrame.com\\\/catalogo\\\/?s={search_term_string}\"},\"query-input\":{\"@type\":\"PropertyValueSpecification\",\"valueRequired\":true,\"valueName\":\"search_term_string\"}}],\"inLanguage\":\"es\"},{\"@type\":\"Organization\",\"@id\":\"https:\\\/\\\/letrame.com\\\/catalogo\\\/#organization\",\"name\":\"Catalogo | Letrame Grupo Editorial\",\"url\":\"https:\\\/\\\/letrame.com\\\/catalogo\\\/\",\"logo\":{\"@type\":\"ImageObject\",\"inLanguage\":\"es\",\"@id\":\"https:\\\/\\\/letrame.com\\\/catalogo\\\/#\\\/schema\\\/logo\\\/image\\\/\",\"url\":\"https:\\\/\\\/letrame.com\\\/catalogo\\\/wp-content\\\/uploads\\\/2024\\\/03\\\/logo2.webp\",\"contentUrl\":\"https:\\\/\\\/letrame.com\\\/catalogo\\\/wp-content\\\/uploads\\\/2024\\\/03\\\/logo2.webp\",\"width\":394,\"height\":128,\"caption\":\"Catalogo | Letrame Grupo Editorial\"},\"image\":{\"@id\":\"https:\\\/\\\/letrame.com\\\/catalogo\\\/#\\\/schema\\\/logo\\\/image\\\/\"}}]}<\/script>\n<!-- \/ Yoast SEO plugin. -->","yoast_head_json":{"title":"Era feliz y no lo sab\u00eda - Catalogo | Letrame Grupo Editorial","robots":{"index":"index","follow":"follow","max-snippet":"max-snippet:-1","max-image-preview":"max-image-preview:large","max-video-preview":"max-video-preview:-1"},"canonical":"https:\/\/letrame.com\/catalogo\/producto\/era-feliz-y-no-lo-sabia\/","og_locale":"es_ES","og_type":"article","og_title":"Era feliz y no lo sab\u00eda - Catalogo | Letrame Grupo Editorial","og_description":"ISBN: 9791370128579  SINOPSIS  Qu\u00e9 pregunta la m\u00eda... Ni idea de c\u00f3mo ser\u00eda la vida si supiera la respuesta. \u00bfAutoayuda? Puede que esto te ayude... Ya sabes que lo voy a intentar. Es m\u00e1s: t\u00fa y yo vamos a recordar aquellas cosas que nos daban la vida. Vamos a aprender, a buscarnos y a intentar encontrarnos. \u00bfQu\u00e9 silencio guardas por miedo a romperte? Pues aqu\u00ed... tienes las puertas abiertas para llorar. Voy a ser tu hombro, tu apoyo. No habr\u00e1 juicios, y nadie te va a juzgar. Tambi\u00e9n sonreir\u00e1s... no todo van a ser l\u00e1grimas. Pero, sobre todo, mi intenci\u00f3n es que todo esto \u2014que nace de forma genuina\u2014 te haga sentir. Dejemos de buscar lo perfecto e intentemos encontrar lo que nos llena. \u00bfQu\u00e9 te escribir\u00edas a ti que nadie te haya escrito nunca? Ay\u00fadame a ayudarte, y ayud\u00e9monos mutuamente en esta aventura. Demos la bienvenida a un viaje sin filtros, sin postureo y sin perfecci\u00f3n.","og_url":"https:\/\/letrame.com\/catalogo\/producto\/era-feliz-y-no-lo-sabia\/","og_site_name":"Catalogo | Letrame Grupo Editorial","article_modified_time":"2025-10-16T07:07:10+00:00","og_image":[{"width":399,"height":576,"url":"https:\/\/letrame.com\/catalogo\/wp-content\/uploads\/2025\/10\/erafelizynolosabia_1073mm4.jpg","type":"image\/jpeg"}],"twitter_card":"summary_large_image","twitter_misc":{"Tiempo de lectura":"1 minuto"},"schema":{"@context":"https:\/\/schema.org","@graph":[{"@type":"WebPage","@id":"https:\/\/letrame.com\/catalogo\/producto\/era-feliz-y-no-lo-sabia\/","url":"https:\/\/letrame.com\/catalogo\/producto\/era-feliz-y-no-lo-sabia\/","name":"Era feliz y no lo sab\u00eda - Catalogo | Letrame Grupo Editorial","isPartOf":{"@id":"https:\/\/letrame.com\/catalogo\/#website"},"primaryImageOfPage":{"@id":"https:\/\/letrame.com\/catalogo\/producto\/era-feliz-y-no-lo-sabia\/#primaryimage"},"image":{"@id":"https:\/\/letrame.com\/catalogo\/producto\/era-feliz-y-no-lo-sabia\/#primaryimage"},"thumbnailUrl":"https:\/\/letrame.com\/catalogo\/wp-content\/uploads\/2025\/10\/erafelizynolosabia_1073mm4.jpg","datePublished":"2025-10-15T14:24:41+00:00","dateModified":"2025-10-16T07:07:10+00:00","breadcrumb":{"@id":"https:\/\/letrame.com\/catalogo\/producto\/era-feliz-y-no-lo-sabia\/#breadcrumb"},"inLanguage":"es","potentialAction":[{"@type":"ReadAction","target":["https:\/\/letrame.com\/catalogo\/producto\/era-feliz-y-no-lo-sabia\/"]}]},{"@type":"ImageObject","inLanguage":"es","@id":"https:\/\/letrame.com\/catalogo\/producto\/era-feliz-y-no-lo-sabia\/#primaryimage","url":"https:\/\/letrame.com\/catalogo\/wp-content\/uploads\/2025\/10\/erafelizynolosabia_1073mm4.jpg","contentUrl":"https:\/\/letrame.com\/catalogo\/wp-content\/uploads\/2025\/10\/erafelizynolosabia_1073mm4.jpg","width":399,"height":576},{"@type":"BreadcrumbList","@id":"https:\/\/letrame.com\/catalogo\/producto\/era-feliz-y-no-lo-sabia\/#breadcrumb","itemListElement":[{"@type":"ListItem","position":1,"name":"Portada","item":"https:\/\/letrame.com\/catalogo\/"},{"@type":"ListItem","position":2,"name":"Cat\u00e1logo","item":"https:\/\/letrame.com\/catalogo\/"},{"@type":"ListItem","position":3,"name":"Era feliz y no lo sab\u00eda"}]},{"@type":"WebSite","@id":"https:\/\/letrame.com\/catalogo\/#website","url":"https:\/\/letrame.com\/catalogo\/","name":"Catalogo | Letrame Grupo Editorial","description":"","publisher":{"@id":"https:\/\/letrame.com\/catalogo\/#organization"},"potentialAction":[{"@type":"SearchAction","target":{"@type":"EntryPoint","urlTemplate":"https:\/\/letrame.com\/catalogo\/?s={search_term_string}"},"query-input":{"@type":"PropertyValueSpecification","valueRequired":true,"valueName":"search_term_string"}}],"inLanguage":"es"},{"@type":"Organization","@id":"https:\/\/letrame.com\/catalogo\/#organization","name":"Catalogo | Letrame Grupo Editorial","url":"https:\/\/letrame.com\/catalogo\/","logo":{"@type":"ImageObject","inLanguage":"es","@id":"https:\/\/letrame.com\/catalogo\/#\/schema\/logo\/image\/","url":"https:\/\/letrame.com\/catalogo\/wp-content\/uploads\/2024\/03\/logo2.webp","contentUrl":"https:\/\/letrame.com\/catalogo\/wp-content\/uploads\/2024\/03\/logo2.webp","width":394,"height":128,"caption":"Catalogo | Letrame Grupo Editorial"},"image":{"@id":"https:\/\/letrame.com\/catalogo\/#\/schema\/logo\/image\/"}}]}},"_links":{"self":[{"href":"https:\/\/letrame.com\/catalogo\/wp-json\/wp\/v2\/product\/109123","targetHints":{"allow":["GET"]}}],"collection":[{"href":"https:\/\/letrame.com\/catalogo\/wp-json\/wp\/v2\/product"}],"about":[{"href":"https:\/\/letrame.com\/catalogo\/wp-json\/wp\/v2\/types\/product"}],"replies":[{"embeddable":true,"href":"https:\/\/letrame.com\/catalogo\/wp-json\/wp\/v2\/comments?post=109123"}],"acf:post":[{"embeddable":true,"href":"https:\/\/letrame.com\/catalogo\/wp-json\/wp\/v2\/author_book\/77192"}],"wp:featuredmedia":[{"embeddable":true,"href":"https:\/\/letrame.com\/catalogo\/wp-json\/wp\/v2\/media\/109124"}],"wp:attachment":[{"href":"https:\/\/letrame.com\/catalogo\/wp-json\/wp\/v2\/media?parent=109123"}],"wp:term":[{"taxonomy":"libro","embeddable":true,"href":"https:\/\/letrame.com\/catalogo\/wp-json\/wp\/v2\/libro?post=109123"},{"taxonomy":"product_brand","embeddable":true,"href":"https:\/\/letrame.com\/catalogo\/wp-json\/wp\/v2\/product_brand?post=109123"},{"taxonomy":"product_cat","embeddable":true,"href":"https:\/\/letrame.com\/catalogo\/wp-json\/wp\/v2\/product_cat?post=109123"},{"taxonomy":"product_tag","embeddable":true,"href":"https:\/\/letrame.com\/catalogo\/wp-json\/wp\/v2\/product_tag?post=109123"}],"curies":[{"name":"wp","href":"https:\/\/api.w.org\/{rel}","templated":true}]}}