{"id":109118,"date":"2025-10-15T11:55:18","date_gmt":"2025-10-15T09:55:18","guid":{"rendered":"https:\/\/letrame.com\/catalogo\/?post_type=product&#038;p=109118"},"modified":"2025-12-10T16:05:30","modified_gmt":"2025-12-10T15:05:30","slug":"piel-de-fuego","status":"publish","type":"product","link":"https:\/\/letrame.com\/catalogo\/producto\/piel-de-fuego\/","title":{"rendered":"Piel de Fuego"},"content":{"rendered":"<p class=\"p1\"><b>ISBN: <\/b>9791370127367<\/p>\n<p class=\"p1\"><b>T\u00edtulo:<\/b> Piel de Fuego<b><\/b><\/p>\n<p><b>Fecha: <\/b>2025<b><\/b><\/p>\n<p><b>P\u00e1ginas: <\/b>426<\/p>\n<p class=\"p1\"><b>SINOPSIS<br \/>\n<\/b><br \/>\nEsta es la historia de Gloria, una ni\u00f1a que, de la noche a la ma\u00f1ana, ve truncada su infancia cuando su padre desaparece sin mirar atr\u00e1s. Su hogar, antes habitado por voces alegres, se convierte en un espacio de silencios dolorosos y necesidades urgentes. Obligada a crecer de manera acelerada, Gloria descubre que la responsabilidad puede ser tan asfixiante como el vac\u00edo que deja el abandono.<br \/>\nEn medio de su soledad, encuentra refugio en la fe. Dios se convierte en un amigo que la sostiene mientras el mundo se empe\u00f1a en arrebatarle la ni\u00f1ez. Bajo el techo de sus abuelos, Gloria aprende que la bondad humana refleja la luz divina y que, incluso en las derrotas, hay un resquicio de esperanza.<br \/>\nSin embargo, despu\u00e9s de que supere innumerables obst\u00e1culos y de alcanzar la madurez, cuando consigue su propio hogar y se forja una nueva vida, s\u00f3lida y valiente junto a sus dos hijas, a base de sacrificio, se da cuenta de que, lo \u00fanico que le es esquivo, el amor, ese sentimiento tan complejo y tantas veces anhelado, puede herir tan profundo como el mismo abandono de sus padres, cuando las promesas se rompen y las despedidas se vuelven costumbre.<br \/>\nPese a las l\u00e1grimas y al desencanto, esta historia muestra c\u00f3mo una joven alma aprende a levantarse entre los escombros del afecto.<br \/>\nAun cargando cicatrices y soledades, Gloria comprende que la fe puede ser su mayor fortaleza y que el perd\u00f3n es una puerta que abre nuevos caminos. As\u00ed, la b\u00fasqueda del amor no s\u00f3lo lastima, sino que tambi\u00e9n ense\u00f1a a resistir y a no perder jam\u00e1s la ternura.<b><br \/>\n<\/b><\/p>\n","protected":false},"excerpt":{"rendered":"<p><b>ISBN: <\/b>9791370127367<\/p>\n<p><b>SINOPSIS<br \/>\n<\/b><br \/>\nEsta es la historia de Gloria, una ni\u00f1a que, de la noche a la ma\u00f1ana, ve truncada su infancia cuando su padre desaparece sin mirar atr\u00e1s. Su hogar, antes habitado por voces alegres, se convierte en un espacio de silencios dolorosos y necesidades urgentes. Obligada a crecer de manera acelerada, Gloria descubre que la responsabilidad puede ser tan asfixiante como el vac\u00edo que deja el abandono.<br \/>\nEn medio de su soledad, encuentra refugio en la fe. Dios se convierte en un amigo que la sostiene mientras el mundo se empe\u00f1a en arrebatarle la ni\u00f1ez. Bajo el techo de sus abuelos, Gloria aprende que la bondad humana refleja la luz divina y que, incluso en las derrotas, hay un resquicio de esperanza.<br \/>\nSin embargo, despu\u00e9s de que supere innumerables obst\u00e1culos y de alcanzar la madurez, cuando consigue su propio hogar y se forja una nueva vida, s\u00f3lida y valiente junto a sus dos hijas, a base de sacrificio, se da cuenta de que, lo \u00fanico que le es esquivo, el amor, ese sentimiento tan complejo y tantas veces anhelado, puede herir tan profundo como el mismo abandono de sus padres, cuando las promesas se rompen y las despedidas se vuelven costumbre.<br \/>\nPese a las l\u00e1grimas y al desencanto, esta historia muestra c\u00f3mo una joven alma aprende a levantarse entre los escombros del afecto.<br \/>\nAun cargando cicatrices y soledades, Gloria comprende que la fe puede ser su mayor fortaleza y que el perd\u00f3n es una puerta que abre nuevos caminos. As\u00ed, la b\u00fasqueda del amor no s\u00f3lo lastima, sino que tambi\u00e9n ense\u00f1a a resistir y a no perder jam\u00e1s la ternura.<\/p>\n","protected":false},"featured_media":109119,"comment_status":"open","ping_status":"closed","template":"","meta":{"_acf_changed":false},"libro":[],"product_brand":[],"product_cat":[141],"product_tag":[],"class_list":{"0":"post-109118","1":"product","2":"type-product","3":"status-publish","4":"has-post-thumbnail","6":"product_cat-ficcion","8":"first","9":"instock","10":"shipping-taxable","11":"product-type-simple"},"acf":{"autor":[109120],"enlace_de_compra":"https:\/\/www.amazon.es\/Piel-Fuego-Cindy-Gonz%C3%A1lez\/dp\/B0FX133W36\/ref=sr_1_1?__mk_es_ES=%C3%85M%C3%85%C5%BD%C3%95%C3%91&crid=3UOVMUMM3E4ZO&dib=eyJ2IjoiMSJ9.pyASWeO8KiJo9gPR1S1vhQ.eROyT2rZ4wgnLKYgGD5isos1Mkm9wse_IMfKRXydxLI&dib_tag=se&keywords=piel+de+fuego+letrame&qid=1765377058&s=books&sprefix=piel+de+fuego+letrame%2Cstripbooks%2C60&sr=1-1"},"yoast_head":"<!-- This site is optimized with the Yoast SEO plugin v26.6 - https:\/\/yoast.com\/wordpress\/plugins\/seo\/ -->\n<title>Piel de Fuego - Catalogo | Letrame Grupo Editorial<\/title>\n<meta name=\"robots\" content=\"index, follow, max-snippet:-1, max-image-preview:large, max-video-preview:-1\" \/>\n<link rel=\"canonical\" href=\"https:\/\/letrame.com\/catalogo\/producto\/piel-de-fuego\/\" \/>\n<meta property=\"og:locale\" content=\"es_ES\" \/>\n<meta property=\"og:type\" content=\"article\" \/>\n<meta property=\"og:title\" content=\"Piel de Fuego - Catalogo | Letrame Grupo Editorial\" \/>\n<meta property=\"og:description\" content=\"ISBN: 9791370127367  SINOPSIS  Esta es la historia de Gloria, una ni\u00f1a que, de la noche a la ma\u00f1ana, ve truncada su infancia cuando su padre desaparece sin mirar atr\u00e1s. Su hogar, antes habitado por voces alegres, se convierte en un espacio de silencios dolorosos y necesidades urgentes. Obligada a crecer de manera acelerada, Gloria descubre que la responsabilidad puede ser tan asfixiante como el vac\u00edo que deja el abandono. En medio de su soledad, encuentra refugio en la fe. Dios se convierte en un amigo que la sostiene mientras el mundo se empe\u00f1a en arrebatarle la ni\u00f1ez. Bajo el techo de sus abuelos, Gloria aprende que la bondad humana refleja la luz divina y que, incluso en las derrotas, hay un resquicio de esperanza. Sin embargo, despu\u00e9s de que supere innumerables obst\u00e1culos y de alcanzar la madurez, cuando consigue su propio hogar y se forja una nueva vida, s\u00f3lida y valiente junto a sus dos hijas, a base de sacrificio, se da cuenta de que, lo \u00fanico que le es esquivo, el amor, ese sentimiento tan complejo y tantas veces anhelado, puede herir tan profundo como el mismo abandono de sus padres, cuando las promesas se rompen y las despedidas se vuelven costumbre. Pese a las l\u00e1grimas y al desencanto, esta historia muestra c\u00f3mo una joven alma aprende a levantarse entre los escombros del afecto. Aun cargando cicatrices y soledades, Gloria comprende que la fe puede ser su mayor fortaleza y que el perd\u00f3n es una puerta que abre nuevos caminos. As\u00ed, la b\u00fasqueda del amor no s\u00f3lo lastima, sino que tambi\u00e9n ense\u00f1a a resistir y a no perder jam\u00e1s la ternura.\" \/>\n<meta property=\"og:url\" content=\"https:\/\/letrame.com\/catalogo\/producto\/piel-de-fuego\/\" \/>\n<meta property=\"og:site_name\" content=\"Catalogo | Letrame Grupo Editorial\" \/>\n<meta property=\"article:modified_time\" content=\"2025-12-10T15:05:30+00:00\" \/>\n<meta property=\"og:image\" content=\"https:\/\/letrame.com\/catalogo\/wp-content\/uploads\/2025\/10\/Pieldefuego_2072mm4.jpg\" \/>\n\t<meta property=\"og:image:width\" content=\"384\" \/>\n\t<meta property=\"og:image:height\" content=\"563\" \/>\n\t<meta property=\"og:image:type\" content=\"image\/jpeg\" \/>\n<meta name=\"twitter:card\" content=\"summary_large_image\" \/>\n<meta name=\"twitter:label1\" content=\"Tiempo de lectura\" \/>\n\t<meta name=\"twitter:data1\" content=\"2 minutos\" \/>\n<script type=\"application\/ld+json\" class=\"yoast-schema-graph\">{\"@context\":\"https:\/\/schema.org\",\"@graph\":[{\"@type\":\"WebPage\",\"@id\":\"https:\/\/letrame.com\/catalogo\/producto\/piel-de-fuego\/\",\"url\":\"https:\/\/letrame.com\/catalogo\/producto\/piel-de-fuego\/\",\"name\":\"Piel de Fuego - Catalogo | Letrame Grupo Editorial\",\"isPartOf\":{\"@id\":\"https:\/\/letrame.com\/catalogo\/#website\"},\"primaryImageOfPage\":{\"@id\":\"https:\/\/letrame.com\/catalogo\/producto\/piel-de-fuego\/#primaryimage\"},\"image\":{\"@id\":\"https:\/\/letrame.com\/catalogo\/producto\/piel-de-fuego\/#primaryimage\"},\"thumbnailUrl\":\"https:\/\/letrame.com\/catalogo\/wp-content\/uploads\/2025\/10\/Pieldefuego_2072mm4.jpg\",\"datePublished\":\"2025-10-15T09:55:18+00:00\",\"dateModified\":\"2025-12-10T15:05:30+00:00\",\"breadcrumb\":{\"@id\":\"https:\/\/letrame.com\/catalogo\/producto\/piel-de-fuego\/#breadcrumb\"},\"inLanguage\":\"es\",\"potentialAction\":[{\"@type\":\"ReadAction\",\"target\":[\"https:\/\/letrame.com\/catalogo\/producto\/piel-de-fuego\/\"]}]},{\"@type\":\"ImageObject\",\"inLanguage\":\"es\",\"@id\":\"https:\/\/letrame.com\/catalogo\/producto\/piel-de-fuego\/#primaryimage\",\"url\":\"https:\/\/letrame.com\/catalogo\/wp-content\/uploads\/2025\/10\/Pieldefuego_2072mm4.jpg\",\"contentUrl\":\"https:\/\/letrame.com\/catalogo\/wp-content\/uploads\/2025\/10\/Pieldefuego_2072mm4.jpg\",\"width\":384,\"height\":563},{\"@type\":\"BreadcrumbList\",\"@id\":\"https:\/\/letrame.com\/catalogo\/producto\/piel-de-fuego\/#breadcrumb\",\"itemListElement\":[{\"@type\":\"ListItem\",\"position\":1,\"name\":\"Portada\",\"item\":\"https:\/\/letrame.com\/catalogo\/\"},{\"@type\":\"ListItem\",\"position\":2,\"name\":\"Cat\u00e1logo\",\"item\":\"https:\/\/letrame.com\/catalogo\/\"},{\"@type\":\"ListItem\",\"position\":3,\"name\":\"Piel de Fuego\"}]},{\"@type\":\"WebSite\",\"@id\":\"https:\/\/letrame.com\/catalogo\/#website\",\"url\":\"https:\/\/letrame.com\/catalogo\/\",\"name\":\"Catalogo | Letrame Grupo Editorial\",\"description\":\"\",\"publisher\":{\"@id\":\"https:\/\/letrame.com\/catalogo\/#organization\"},\"potentialAction\":[{\"@type\":\"SearchAction\",\"target\":{\"@type\":\"EntryPoint\",\"urlTemplate\":\"https:\/\/letrame.com\/catalogo\/?s={search_term_string}\"},\"query-input\":{\"@type\":\"PropertyValueSpecification\",\"valueRequired\":true,\"valueName\":\"search_term_string\"}}],\"inLanguage\":\"es\"},{\"@type\":\"Organization\",\"@id\":\"https:\/\/letrame.com\/catalogo\/#organization\",\"name\":\"Catalogo | Letrame Grupo Editorial\",\"url\":\"https:\/\/letrame.com\/catalogo\/\",\"logo\":{\"@type\":\"ImageObject\",\"inLanguage\":\"es\",\"@id\":\"https:\/\/letrame.com\/catalogo\/#\/schema\/logo\/image\/\",\"url\":\"https:\/\/letrame.com\/catalogo\/wp-content\/uploads\/2024\/03\/logo2.webp\",\"contentUrl\":\"https:\/\/letrame.com\/catalogo\/wp-content\/uploads\/2024\/03\/logo2.webp\",\"width\":394,\"height\":128,\"caption\":\"Catalogo | Letrame Grupo Editorial\"},\"image\":{\"@id\":\"https:\/\/letrame.com\/catalogo\/#\/schema\/logo\/image\/\"}}]}<\/script>\n<!-- \/ Yoast SEO plugin. -->","yoast_head_json":{"title":"Piel de Fuego - Catalogo | Letrame Grupo Editorial","robots":{"index":"index","follow":"follow","max-snippet":"max-snippet:-1","max-image-preview":"max-image-preview:large","max-video-preview":"max-video-preview:-1"},"canonical":"https:\/\/letrame.com\/catalogo\/producto\/piel-de-fuego\/","og_locale":"es_ES","og_type":"article","og_title":"Piel de Fuego - Catalogo | Letrame Grupo Editorial","og_description":"ISBN: 9791370127367  SINOPSIS  Esta es la historia de Gloria, una ni\u00f1a que, de la noche a la ma\u00f1ana, ve truncada su infancia cuando su padre desaparece sin mirar atr\u00e1s. Su hogar, antes habitado por voces alegres, se convierte en un espacio de silencios dolorosos y necesidades urgentes. Obligada a crecer de manera acelerada, Gloria descubre que la responsabilidad puede ser tan asfixiante como el vac\u00edo que deja el abandono. En medio de su soledad, encuentra refugio en la fe. Dios se convierte en un amigo que la sostiene mientras el mundo se empe\u00f1a en arrebatarle la ni\u00f1ez. Bajo el techo de sus abuelos, Gloria aprende que la bondad humana refleja la luz divina y que, incluso en las derrotas, hay un resquicio de esperanza. Sin embargo, despu\u00e9s de que supere innumerables obst\u00e1culos y de alcanzar la madurez, cuando consigue su propio hogar y se forja una nueva vida, s\u00f3lida y valiente junto a sus dos hijas, a base de sacrificio, se da cuenta de que, lo \u00fanico que le es esquivo, el amor, ese sentimiento tan complejo y tantas veces anhelado, puede herir tan profundo como el mismo abandono de sus padres, cuando las promesas se rompen y las despedidas se vuelven costumbre. Pese a las l\u00e1grimas y al desencanto, esta historia muestra c\u00f3mo una joven alma aprende a levantarse entre los escombros del afecto. Aun cargando cicatrices y soledades, Gloria comprende que la fe puede ser su mayor fortaleza y que el perd\u00f3n es una puerta que abre nuevos caminos. As\u00ed, la b\u00fasqueda del amor no s\u00f3lo lastima, sino que tambi\u00e9n ense\u00f1a a resistir y a no perder jam\u00e1s la ternura.","og_url":"https:\/\/letrame.com\/catalogo\/producto\/piel-de-fuego\/","og_site_name":"Catalogo | Letrame Grupo Editorial","article_modified_time":"2025-12-10T15:05:30+00:00","og_image":[{"width":384,"height":563,"url":"https:\/\/letrame.com\/catalogo\/wp-content\/uploads\/2025\/10\/Pieldefuego_2072mm4.jpg","type":"image\/jpeg"}],"twitter_card":"summary_large_image","twitter_misc":{"Tiempo de lectura":"2 minutos"},"schema":{"@context":"https:\/\/schema.org","@graph":[{"@type":"WebPage","@id":"https:\/\/letrame.com\/catalogo\/producto\/piel-de-fuego\/","url":"https:\/\/letrame.com\/catalogo\/producto\/piel-de-fuego\/","name":"Piel de Fuego - Catalogo | Letrame Grupo Editorial","isPartOf":{"@id":"https:\/\/letrame.com\/catalogo\/#website"},"primaryImageOfPage":{"@id":"https:\/\/letrame.com\/catalogo\/producto\/piel-de-fuego\/#primaryimage"},"image":{"@id":"https:\/\/letrame.com\/catalogo\/producto\/piel-de-fuego\/#primaryimage"},"thumbnailUrl":"https:\/\/letrame.com\/catalogo\/wp-content\/uploads\/2025\/10\/Pieldefuego_2072mm4.jpg","datePublished":"2025-10-15T09:55:18+00:00","dateModified":"2025-12-10T15:05:30+00:00","breadcrumb":{"@id":"https:\/\/letrame.com\/catalogo\/producto\/piel-de-fuego\/#breadcrumb"},"inLanguage":"es","potentialAction":[{"@type":"ReadAction","target":["https:\/\/letrame.com\/catalogo\/producto\/piel-de-fuego\/"]}]},{"@type":"ImageObject","inLanguage":"es","@id":"https:\/\/letrame.com\/catalogo\/producto\/piel-de-fuego\/#primaryimage","url":"https:\/\/letrame.com\/catalogo\/wp-content\/uploads\/2025\/10\/Pieldefuego_2072mm4.jpg","contentUrl":"https:\/\/letrame.com\/catalogo\/wp-content\/uploads\/2025\/10\/Pieldefuego_2072mm4.jpg","width":384,"height":563},{"@type":"BreadcrumbList","@id":"https:\/\/letrame.com\/catalogo\/producto\/piel-de-fuego\/#breadcrumb","itemListElement":[{"@type":"ListItem","position":1,"name":"Portada","item":"https:\/\/letrame.com\/catalogo\/"},{"@type":"ListItem","position":2,"name":"Cat\u00e1logo","item":"https:\/\/letrame.com\/catalogo\/"},{"@type":"ListItem","position":3,"name":"Piel de Fuego"}]},{"@type":"WebSite","@id":"https:\/\/letrame.com\/catalogo\/#website","url":"https:\/\/letrame.com\/catalogo\/","name":"Catalogo | Letrame Grupo Editorial","description":"","publisher":{"@id":"https:\/\/letrame.com\/catalogo\/#organization"},"potentialAction":[{"@type":"SearchAction","target":{"@type":"EntryPoint","urlTemplate":"https:\/\/letrame.com\/catalogo\/?s={search_term_string}"},"query-input":{"@type":"PropertyValueSpecification","valueRequired":true,"valueName":"search_term_string"}}],"inLanguage":"es"},{"@type":"Organization","@id":"https:\/\/letrame.com\/catalogo\/#organization","name":"Catalogo | Letrame Grupo Editorial","url":"https:\/\/letrame.com\/catalogo\/","logo":{"@type":"ImageObject","inLanguage":"es","@id":"https:\/\/letrame.com\/catalogo\/#\/schema\/logo\/image\/","url":"https:\/\/letrame.com\/catalogo\/wp-content\/uploads\/2024\/03\/logo2.webp","contentUrl":"https:\/\/letrame.com\/catalogo\/wp-content\/uploads\/2024\/03\/logo2.webp","width":394,"height":128,"caption":"Catalogo | Letrame Grupo Editorial"},"image":{"@id":"https:\/\/letrame.com\/catalogo\/#\/schema\/logo\/image\/"}}]}},"_links":{"self":[{"href":"https:\/\/letrame.com\/catalogo\/wp-json\/wp\/v2\/product\/109118","targetHints":{"allow":["GET"]}}],"collection":[{"href":"https:\/\/letrame.com\/catalogo\/wp-json\/wp\/v2\/product"}],"about":[{"href":"https:\/\/letrame.com\/catalogo\/wp-json\/wp\/v2\/types\/product"}],"replies":[{"embeddable":true,"href":"https:\/\/letrame.com\/catalogo\/wp-json\/wp\/v2\/comments?post=109118"}],"acf:post":[{"embeddable":true,"href":"https:\/\/letrame.com\/catalogo\/wp-json\/wp\/v2\/author_book\/109120"}],"wp:featuredmedia":[{"embeddable":true,"href":"https:\/\/letrame.com\/catalogo\/wp-json\/wp\/v2\/media\/109119"}],"wp:attachment":[{"href":"https:\/\/letrame.com\/catalogo\/wp-json\/wp\/v2\/media?parent=109118"}],"wp:term":[{"taxonomy":"libro","embeddable":true,"href":"https:\/\/letrame.com\/catalogo\/wp-json\/wp\/v2\/libro?post=109118"},{"taxonomy":"product_brand","embeddable":true,"href":"https:\/\/letrame.com\/catalogo\/wp-json\/wp\/v2\/product_brand?post=109118"},{"taxonomy":"product_cat","embeddable":true,"href":"https:\/\/letrame.com\/catalogo\/wp-json\/wp\/v2\/product_cat?post=109118"},{"taxonomy":"product_tag","embeddable":true,"href":"https:\/\/letrame.com\/catalogo\/wp-json\/wp\/v2\/product_tag?post=109118"}],"curies":[{"name":"wp","href":"https:\/\/api.w.org\/{rel}","templated":true}]}}