{"id":109117,"date":"2025-10-15T11:51:34","date_gmt":"2025-10-15T09:51:34","guid":{"rendered":"https:\/\/letrame.com\/catalogo\/?post_type=product&#038;p=109117"},"modified":"2026-01-13T15:08:14","modified_gmt":"2026-01-13T14:08:14","slug":"la-medicina-de-los-arcangeles","status":"publish","type":"product","link":"https:\/\/letrame.com\/catalogo\/producto\/la-medicina-de-los-arcangeles\/","title":{"rendered":"La medicina de los arc\u00e1ngeles"},"content":{"rendered":"<p class=\"p1\"><b>ISBN: <\/b>9791370127664<\/p>\n<p class=\"p1\"><b>T\u00edtulo:<\/b> La medicina de los arc\u00e1ngeles<br \/>\n<b><br \/>\n<\/b><b>Fecha: <\/b>2025<b><\/b><\/p>\n<p><b>P\u00e1ginas: <\/b>788<\/p>\n<p class=\"p1\"><b>SINOPSIS<\/b><\/p>\n<p>La medicina de los Arc\u00e1ngeles no es un libro, es un portal. Una obra canalizada, codificada en vibraci\u00f3n, tejida como tecnolog\u00eda del alma. Cada p\u00e1gina es una frecuencia viva, una llama que enciende memorias, una experiencia de sanaci\u00f3n interior.<br \/>\nEs un libro que recuerda. Cada palabra pulsa, vibra, acompa\u00f1a un proceso interior \u00fanico. Sus p\u00e1ginas se abren como una espiral viva de tres ciclos<br \/>\n-despertar, transformaci\u00f3n, expansi\u00f3n\u2014 que resuenan con el momento exacto del alma que lo lee.<br \/>\nA trav\u00e9s de conversaciones directas con inteligencias lum\u00ednicas, los Arc\u00e1ngeles se revelan como aspectos de tu propia consciencia, esperando ser reactivados desde el ADN y la geometr\u00eda interna.<br \/>\nCada encuentro es medicina. M\u00e1s que comprenderlos como seres externos, es un llamado a reconocerte en su frecuencia. Ellos no vienen a ense\u00f1arte: vienen a recordarte qui\u00e9n eres.<br \/>\nEste libro encarna un nuevo paradigma de sanaci\u00f3n vibracional. Integra lo m\u00edstico y lo terap\u00e9utico, lo po\u00e9tico y lo cu\u00e1ntico. Su estructura oracular y no lineal permite que cada lector entre en resonancia seg\u00fan su propio ritmo evolutivo, convirtiendo la lectura en un acto \u00fanico e irrepetible.<br \/>\nEs una invitaci\u00f3n para almas sensibles, terapeutas, alquimistas del esp\u00edritu e investigadores de la conciencia. Para quienes anhelan recordar.<br \/>\nLa medicina de los Arc\u00e1ngeles nos recuerda que la verdadera sanaci\u00f3n no proviene del exterior, sino del reencuentro con la arquitectura sagrada del Ser. El destino no se hereda: se crea. Sanar no es aprender algo nuevo, es recordar lo que siempre ha vivido en ti.<\/p>\n","protected":false},"excerpt":{"rendered":"<p><b>ISBN: <\/b>9791370127664<\/p>\n<p class=\"p1\"><b>SINOPSIS<\/b><\/p>\n<p>La medicina de los Arc\u00e1ngeles no es un libro, es un portal. Una obra canalizada, codificada en vibraci\u00f3n, tejida como tecnolog\u00eda del alma. Cada p\u00e1gina es una frecuencia viva, una llama que enciende memorias, una experiencia de sanaci\u00f3n interior.<br \/>\nEs un libro que recuerda. Cada palabra pulsa, vibra, acompa\u00f1a un proceso interior \u00fanico. Sus p\u00e1ginas se abren como una espiral viva de tres ciclos<br \/>\n-despertar, transformaci\u00f3n, expansi\u00f3n\u2014 que resuenan con el momento exacto del alma que lo lee.<br \/>\nA trav\u00e9s de conversaciones directas con inteligencias lum\u00ednicas, los Arc\u00e1ngeles se revelan como aspectos de tu propia consciencia, esperando ser reactivados desde el ADN y la geometr\u00eda interna.<br \/>\nCada encuentro es medicina. M\u00e1s que comprenderlos como seres externos, es un llamado a reconocerte en su frecuencia. Ellos no vienen a ense\u00f1arte: vienen a recordarte qui\u00e9n eres.<br \/>\nEste libro encarna un nuevo paradigma de sanaci\u00f3n vibracional. Integra lo m\u00edstico y lo terap\u00e9utico, lo po\u00e9tico y lo cu\u00e1ntico. Su estructura oracular y no lineal permite que cada lector entre en resonancia seg\u00fan su propio ritmo evolutivo, convirtiendo la lectura en un acto \u00fanico e irrepetible.<br \/>\nEs una invitaci\u00f3n para almas sensibles, terapeutas, alquimistas del esp\u00edritu e investigadores de la conciencia. Para quienes anhelan recordar.<br \/>\nLa medicina de los Arc\u00e1ngeles nos recuerda que la verdadera sanaci\u00f3n no proviene del exterior, sino del reencuentro con la arquitectura sagrada del Ser. El destino no se hereda: se crea. Sanar no es aprender algo nuevo, es recordar lo que siempre ha vivido en ti.<\/p>\n","protected":false},"featured_media":109162,"comment_status":"open","ping_status":"closed","template":"","meta":{"_acf_changed":false},"libro":[],"product_brand":[],"product_cat":[25],"product_tag":[],"class_list":{"0":"post-109117","1":"product","2":"type-product","3":"status-publish","4":"has-post-thumbnail","6":"product_cat-religion-y-espiritualidad","8":"first","9":"instock","10":"shipping-taxable","11":"product-type-simple"},"acf":{"autor":[109238],"enlace_de_compra":"https:\/\/www.amazon.es\/medicina-arc%C3%A1ngeles-Mar%C3%ADa-Elena-Mex%C3%ADa-ebook\/dp\/B0GC7QF76P\/ref=sr_1_1?crid=3PUXGUMOQWATS&dib=eyJ2IjoiMSJ9.SpFFufjy1q3taVTlUQ_w4ZyyFVl0Diq3XNZPIs5AI4eAWAgFC3i9PnqQG5Fvpe3cjH1fB5l88KM9YWIJvyriId3ZG3yGoiGahaYm2JPRLOd_gFWWovgCMrpGhNiLsEenLKLEOtuJmfYiVmdtxDEJWB9w_Dl3FmaZhWnLVy3fbgkLB-gsYl7WBwqwRkRm7jY4gSSLVHO0mpfNKlx76s2-QAz6CGraZSMUWoUpsx56dfP36ZyyrD3fooDteP7X5wVbYtiozCBm6M_VYAhy3DVMwyaaLrxkbA8a-wIl1FoROIc.5aKcvaqcdXl3hwJvEEXRpQ2eCbY3fEOTrN1VnV2EaVM&dib_tag=se&keywords=la+medicina+de+los+arcangeles&qid=1768313250&sprefix=La+medicina+de+los+ar%2Caps%2C254&sr=8-1"},"yoast_head":"<!-- This site is optimized with the Yoast SEO plugin v27.4 - https:\/\/yoast.com\/product\/yoast-seo-wordpress\/ -->\n<title>La medicina de los arc\u00e1ngeles - Catalogo | Letrame Grupo Editorial<\/title>\n<meta name=\"robots\" content=\"index, follow, max-snippet:-1, max-image-preview:large, max-video-preview:-1\" \/>\n<link rel=\"canonical\" href=\"https:\/\/letrame.com\/catalogo\/producto\/la-medicina-de-los-arcangeles\/\" \/>\n<meta property=\"og:locale\" content=\"es_ES\" \/>\n<meta property=\"og:type\" content=\"article\" \/>\n<meta property=\"og:title\" content=\"La medicina de los arc\u00e1ngeles - Catalogo | Letrame Grupo Editorial\" \/>\n<meta property=\"og:description\" content=\"ISBN: 9791370127664 SINOPSIS La medicina de los Arc\u00e1ngeles no es un libro, es un portal. Una obra canalizada, codificada en vibraci\u00f3n, tejida como tecnolog\u00eda del alma. Cada p\u00e1gina es una frecuencia viva, una llama que enciende memorias, una experiencia de sanaci\u00f3n interior. Es un libro que recuerda. Cada palabra pulsa, vibra, acompa\u00f1a un proceso interior \u00fanico. Sus p\u00e1ginas se abren como una espiral viva de tres ciclos -despertar, transformaci\u00f3n, expansi\u00f3n\u2014 que resuenan con el momento exacto del alma que lo lee. A trav\u00e9s de conversaciones directas con inteligencias lum\u00ednicas, los Arc\u00e1ngeles se revelan como aspectos de tu propia consciencia, esperando ser reactivados desde el ADN y la geometr\u00eda interna. Cada encuentro es medicina. M\u00e1s que comprenderlos como seres externos, es un llamado a reconocerte en su frecuencia. Ellos no vienen a ense\u00f1arte: vienen a recordarte qui\u00e9n eres. Este libro encarna un nuevo paradigma de sanaci\u00f3n vibracional. Integra lo m\u00edstico y lo terap\u00e9utico, lo po\u00e9tico y lo cu\u00e1ntico. Su estructura oracular y no lineal permite que cada lector entre en resonancia seg\u00fan su propio ritmo evolutivo, convirtiendo la lectura en un acto \u00fanico e irrepetible. Es una invitaci\u00f3n para almas sensibles, terapeutas, alquimistas del esp\u00edritu e investigadores de la conciencia. Para quienes anhelan recordar. La medicina de los Arc\u00e1ngeles nos recuerda que la verdadera sanaci\u00f3n no proviene del exterior, sino del reencuentro con la arquitectura sagrada del Ser. El destino no se hereda: se crea. Sanar no es aprender algo nuevo, es recordar lo que siempre ha vivido en ti.\" \/>\n<meta property=\"og:url\" content=\"https:\/\/letrame.com\/catalogo\/producto\/la-medicina-de-los-arcangeles\/\" \/>\n<meta property=\"og:site_name\" content=\"Catalogo | Letrame Grupo Editorial\" \/>\n<meta property=\"article:modified_time\" content=\"2026-01-13T14:08:14+00:00\" \/>\n<meta property=\"og:image\" content=\"https:\/\/letrame.com\/catalogo\/wp-content\/uploads\/2025\/10\/lamedicinadelosarcangeles_3741mm4.jpg\" \/>\n\t<meta property=\"og:image:width\" content=\"335\" \/>\n\t<meta property=\"og:image:height\" content=\"472\" \/>\n\t<meta property=\"og:image:type\" content=\"image\/jpeg\" \/>\n<meta name=\"twitter:card\" content=\"summary_large_image\" \/>\n<meta name=\"twitter:label1\" content=\"Tiempo de lectura\" \/>\n\t<meta name=\"twitter:data1\" content=\"2 minutos\" \/>\n<script type=\"application\/ld+json\" class=\"yoast-schema-graph\">{\"@context\":\"https:\\\/\\\/schema.org\",\"@graph\":[{\"@type\":\"WebPage\",\"@id\":\"https:\\\/\\\/letrame.com\\\/catalogo\\\/producto\\\/la-medicina-de-los-arcangeles\\\/\",\"url\":\"https:\\\/\\\/letrame.com\\\/catalogo\\\/producto\\\/la-medicina-de-los-arcangeles\\\/\",\"name\":\"La medicina de los arc\u00e1ngeles - Catalogo | Letrame Grupo Editorial\",\"isPartOf\":{\"@id\":\"https:\\\/\\\/letrame.com\\\/catalogo\\\/#website\"},\"primaryImageOfPage\":{\"@id\":\"https:\\\/\\\/letrame.com\\\/catalogo\\\/producto\\\/la-medicina-de-los-arcangeles\\\/#primaryimage\"},\"image\":{\"@id\":\"https:\\\/\\\/letrame.com\\\/catalogo\\\/producto\\\/la-medicina-de-los-arcangeles\\\/#primaryimage\"},\"thumbnailUrl\":\"https:\\\/\\\/letrame.com\\\/catalogo\\\/wp-content\\\/uploads\\\/2025\\\/10\\\/lamedicinadelosarcangeles_3741mm4.jpg\",\"datePublished\":\"2025-10-15T09:51:34+00:00\",\"dateModified\":\"2026-01-13T14:08:14+00:00\",\"breadcrumb\":{\"@id\":\"https:\\\/\\\/letrame.com\\\/catalogo\\\/producto\\\/la-medicina-de-los-arcangeles\\\/#breadcrumb\"},\"inLanguage\":\"es\",\"potentialAction\":[{\"@type\":\"ReadAction\",\"target\":[\"https:\\\/\\\/letrame.com\\\/catalogo\\\/producto\\\/la-medicina-de-los-arcangeles\\\/\"]}]},{\"@type\":\"ImageObject\",\"inLanguage\":\"es\",\"@id\":\"https:\\\/\\\/letrame.com\\\/catalogo\\\/producto\\\/la-medicina-de-los-arcangeles\\\/#primaryimage\",\"url\":\"https:\\\/\\\/letrame.com\\\/catalogo\\\/wp-content\\\/uploads\\\/2025\\\/10\\\/lamedicinadelosarcangeles_3741mm4.jpg\",\"contentUrl\":\"https:\\\/\\\/letrame.com\\\/catalogo\\\/wp-content\\\/uploads\\\/2025\\\/10\\\/lamedicinadelosarcangeles_3741mm4.jpg\",\"width\":335,\"height\":472},{\"@type\":\"BreadcrumbList\",\"@id\":\"https:\\\/\\\/letrame.com\\\/catalogo\\\/producto\\\/la-medicina-de-los-arcangeles\\\/#breadcrumb\",\"itemListElement\":[{\"@type\":\"ListItem\",\"position\":1,\"name\":\"Portada\",\"item\":\"https:\\\/\\\/letrame.com\\\/catalogo\\\/\"},{\"@type\":\"ListItem\",\"position\":2,\"name\":\"Cat\u00e1logo\",\"item\":\"https:\\\/\\\/letrame.com\\\/catalogo\\\/\"},{\"@type\":\"ListItem\",\"position\":3,\"name\":\"La medicina de los arc\u00e1ngeles\"}]},{\"@type\":\"WebSite\",\"@id\":\"https:\\\/\\\/letrame.com\\\/catalogo\\\/#website\",\"url\":\"https:\\\/\\\/letrame.com\\\/catalogo\\\/\",\"name\":\"Catalogo | Letrame Grupo Editorial\",\"description\":\"\",\"publisher\":{\"@id\":\"https:\\\/\\\/letrame.com\\\/catalogo\\\/#organization\"},\"potentialAction\":[{\"@type\":\"SearchAction\",\"target\":{\"@type\":\"EntryPoint\",\"urlTemplate\":\"https:\\\/\\\/letrame.com\\\/catalogo\\\/?s={search_term_string}\"},\"query-input\":{\"@type\":\"PropertyValueSpecification\",\"valueRequired\":true,\"valueName\":\"search_term_string\"}}],\"inLanguage\":\"es\"},{\"@type\":\"Organization\",\"@id\":\"https:\\\/\\\/letrame.com\\\/catalogo\\\/#organization\",\"name\":\"Catalogo | Letrame Grupo Editorial\",\"url\":\"https:\\\/\\\/letrame.com\\\/catalogo\\\/\",\"logo\":{\"@type\":\"ImageObject\",\"inLanguage\":\"es\",\"@id\":\"https:\\\/\\\/letrame.com\\\/catalogo\\\/#\\\/schema\\\/logo\\\/image\\\/\",\"url\":\"https:\\\/\\\/letrame.com\\\/catalogo\\\/wp-content\\\/uploads\\\/2024\\\/03\\\/logo2.webp\",\"contentUrl\":\"https:\\\/\\\/letrame.com\\\/catalogo\\\/wp-content\\\/uploads\\\/2024\\\/03\\\/logo2.webp\",\"width\":394,\"height\":128,\"caption\":\"Catalogo | Letrame Grupo Editorial\"},\"image\":{\"@id\":\"https:\\\/\\\/letrame.com\\\/catalogo\\\/#\\\/schema\\\/logo\\\/image\\\/\"}}]}<\/script>\n<!-- \/ Yoast SEO plugin. -->","yoast_head_json":{"title":"La medicina de los arc\u00e1ngeles - Catalogo | Letrame Grupo Editorial","robots":{"index":"index","follow":"follow","max-snippet":"max-snippet:-1","max-image-preview":"max-image-preview:large","max-video-preview":"max-video-preview:-1"},"canonical":"https:\/\/letrame.com\/catalogo\/producto\/la-medicina-de-los-arcangeles\/","og_locale":"es_ES","og_type":"article","og_title":"La medicina de los arc\u00e1ngeles - Catalogo | Letrame Grupo Editorial","og_description":"ISBN: 9791370127664 SINOPSIS La medicina de los Arc\u00e1ngeles no es un libro, es un portal. Una obra canalizada, codificada en vibraci\u00f3n, tejida como tecnolog\u00eda del alma. Cada p\u00e1gina es una frecuencia viva, una llama que enciende memorias, una experiencia de sanaci\u00f3n interior. Es un libro que recuerda. Cada palabra pulsa, vibra, acompa\u00f1a un proceso interior \u00fanico. Sus p\u00e1ginas se abren como una espiral viva de tres ciclos -despertar, transformaci\u00f3n, expansi\u00f3n\u2014 que resuenan con el momento exacto del alma que lo lee. A trav\u00e9s de conversaciones directas con inteligencias lum\u00ednicas, los Arc\u00e1ngeles se revelan como aspectos de tu propia consciencia, esperando ser reactivados desde el ADN y la geometr\u00eda interna. Cada encuentro es medicina. M\u00e1s que comprenderlos como seres externos, es un llamado a reconocerte en su frecuencia. Ellos no vienen a ense\u00f1arte: vienen a recordarte qui\u00e9n eres. Este libro encarna un nuevo paradigma de sanaci\u00f3n vibracional. Integra lo m\u00edstico y lo terap\u00e9utico, lo po\u00e9tico y lo cu\u00e1ntico. Su estructura oracular y no lineal permite que cada lector entre en resonancia seg\u00fan su propio ritmo evolutivo, convirtiendo la lectura en un acto \u00fanico e irrepetible. Es una invitaci\u00f3n para almas sensibles, terapeutas, alquimistas del esp\u00edritu e investigadores de la conciencia. Para quienes anhelan recordar. La medicina de los Arc\u00e1ngeles nos recuerda que la verdadera sanaci\u00f3n no proviene del exterior, sino del reencuentro con la arquitectura sagrada del Ser. El destino no se hereda: se crea. Sanar no es aprender algo nuevo, es recordar lo que siempre ha vivido en ti.","og_url":"https:\/\/letrame.com\/catalogo\/producto\/la-medicina-de-los-arcangeles\/","og_site_name":"Catalogo | Letrame Grupo Editorial","article_modified_time":"2026-01-13T14:08:14+00:00","og_image":[{"width":335,"height":472,"url":"https:\/\/letrame.com\/catalogo\/wp-content\/uploads\/2025\/10\/lamedicinadelosarcangeles_3741mm4.jpg","type":"image\/jpeg"}],"twitter_card":"summary_large_image","twitter_misc":{"Tiempo de lectura":"2 minutos"},"schema":{"@context":"https:\/\/schema.org","@graph":[{"@type":"WebPage","@id":"https:\/\/letrame.com\/catalogo\/producto\/la-medicina-de-los-arcangeles\/","url":"https:\/\/letrame.com\/catalogo\/producto\/la-medicina-de-los-arcangeles\/","name":"La medicina de los arc\u00e1ngeles - Catalogo | Letrame Grupo Editorial","isPartOf":{"@id":"https:\/\/letrame.com\/catalogo\/#website"},"primaryImageOfPage":{"@id":"https:\/\/letrame.com\/catalogo\/producto\/la-medicina-de-los-arcangeles\/#primaryimage"},"image":{"@id":"https:\/\/letrame.com\/catalogo\/producto\/la-medicina-de-los-arcangeles\/#primaryimage"},"thumbnailUrl":"https:\/\/letrame.com\/catalogo\/wp-content\/uploads\/2025\/10\/lamedicinadelosarcangeles_3741mm4.jpg","datePublished":"2025-10-15T09:51:34+00:00","dateModified":"2026-01-13T14:08:14+00:00","breadcrumb":{"@id":"https:\/\/letrame.com\/catalogo\/producto\/la-medicina-de-los-arcangeles\/#breadcrumb"},"inLanguage":"es","potentialAction":[{"@type":"ReadAction","target":["https:\/\/letrame.com\/catalogo\/producto\/la-medicina-de-los-arcangeles\/"]}]},{"@type":"ImageObject","inLanguage":"es","@id":"https:\/\/letrame.com\/catalogo\/producto\/la-medicina-de-los-arcangeles\/#primaryimage","url":"https:\/\/letrame.com\/catalogo\/wp-content\/uploads\/2025\/10\/lamedicinadelosarcangeles_3741mm4.jpg","contentUrl":"https:\/\/letrame.com\/catalogo\/wp-content\/uploads\/2025\/10\/lamedicinadelosarcangeles_3741mm4.jpg","width":335,"height":472},{"@type":"BreadcrumbList","@id":"https:\/\/letrame.com\/catalogo\/producto\/la-medicina-de-los-arcangeles\/#breadcrumb","itemListElement":[{"@type":"ListItem","position":1,"name":"Portada","item":"https:\/\/letrame.com\/catalogo\/"},{"@type":"ListItem","position":2,"name":"Cat\u00e1logo","item":"https:\/\/letrame.com\/catalogo\/"},{"@type":"ListItem","position":3,"name":"La medicina de los arc\u00e1ngeles"}]},{"@type":"WebSite","@id":"https:\/\/letrame.com\/catalogo\/#website","url":"https:\/\/letrame.com\/catalogo\/","name":"Catalogo | Letrame Grupo Editorial","description":"","publisher":{"@id":"https:\/\/letrame.com\/catalogo\/#organization"},"potentialAction":[{"@type":"SearchAction","target":{"@type":"EntryPoint","urlTemplate":"https:\/\/letrame.com\/catalogo\/?s={search_term_string}"},"query-input":{"@type":"PropertyValueSpecification","valueRequired":true,"valueName":"search_term_string"}}],"inLanguage":"es"},{"@type":"Organization","@id":"https:\/\/letrame.com\/catalogo\/#organization","name":"Catalogo | Letrame Grupo Editorial","url":"https:\/\/letrame.com\/catalogo\/","logo":{"@type":"ImageObject","inLanguage":"es","@id":"https:\/\/letrame.com\/catalogo\/#\/schema\/logo\/image\/","url":"https:\/\/letrame.com\/catalogo\/wp-content\/uploads\/2024\/03\/logo2.webp","contentUrl":"https:\/\/letrame.com\/catalogo\/wp-content\/uploads\/2024\/03\/logo2.webp","width":394,"height":128,"caption":"Catalogo | Letrame Grupo Editorial"},"image":{"@id":"https:\/\/letrame.com\/catalogo\/#\/schema\/logo\/image\/"}}]}},"_links":{"self":[{"href":"https:\/\/letrame.com\/catalogo\/wp-json\/wp\/v2\/product\/109117","targetHints":{"allow":["GET"]}}],"collection":[{"href":"https:\/\/letrame.com\/catalogo\/wp-json\/wp\/v2\/product"}],"about":[{"href":"https:\/\/letrame.com\/catalogo\/wp-json\/wp\/v2\/types\/product"}],"replies":[{"embeddable":true,"href":"https:\/\/letrame.com\/catalogo\/wp-json\/wp\/v2\/comments?post=109117"}],"acf:post":[{"embeddable":true,"href":"https:\/\/letrame.com\/catalogo\/wp-json\/wp\/v2\/author_book\/109238"}],"wp:featuredmedia":[{"embeddable":true,"href":"https:\/\/letrame.com\/catalogo\/wp-json\/wp\/v2\/media\/109162"}],"wp:attachment":[{"href":"https:\/\/letrame.com\/catalogo\/wp-json\/wp\/v2\/media?parent=109117"}],"wp:term":[{"taxonomy":"libro","embeddable":true,"href":"https:\/\/letrame.com\/catalogo\/wp-json\/wp\/v2\/libro?post=109117"},{"taxonomy":"product_brand","embeddable":true,"href":"https:\/\/letrame.com\/catalogo\/wp-json\/wp\/v2\/product_brand?post=109117"},{"taxonomy":"product_cat","embeddable":true,"href":"https:\/\/letrame.com\/catalogo\/wp-json\/wp\/v2\/product_cat?post=109117"},{"taxonomy":"product_tag","embeddable":true,"href":"https:\/\/letrame.com\/catalogo\/wp-json\/wp\/v2\/product_tag?post=109117"}],"curies":[{"name":"wp","href":"https:\/\/api.w.org\/{rel}","templated":true}]}}