{"id":109063,"date":"2025-09-22T12:26:14","date_gmt":"2025-09-22T10:26:14","guid":{"rendered":"https:\/\/letrame.com\/catalogo\/?post_type=product&#038;p=109063"},"modified":"2025-09-22T12:28:58","modified_gmt":"2025-09-22T10:28:58","slug":"ikigai-en-el-pais-de-los-samurais","status":"publish","type":"product","link":"https:\/\/letrame.com\/catalogo\/producto\/ikigai-en-el-pais-de-los-samurais\/","title":{"rendered":"Ikigai en el pa\u00eds de los samur\u00e1is: Valores de la cultura japonesa para una vida plena"},"content":{"rendered":"<p class=\"p1\"><b>ISBN: <\/b>9791370120924<\/p>\n<p class=\"p1\"><b>T\u00edtulo:<\/b> Ikigai en el pa\u00eds de los samur\u00e1is: Valores de la cultura japonesa para una vida plena<b><\/b><\/p>\n<p><b>Fecha: <\/b>2025<b><\/b><\/p>\n<p><b>P\u00e1ginas: <\/b>296<\/p>\n<p class=\"p1\"><b>SINOPSIS<br \/>\n<\/b><br \/>\nEn Jap\u00f3n, cuando tienes un fuerte prop\u00f3sito y deseas alcanzarlo, te acercas a un templo y compras un Daruma. Una figura de connotaciones budistas, redonda, de color rojo, de ojos saltones y sin pupilas. Visualizas lo que quieres conseguir y pintas la pupila izquierda.<br \/>\nCuando lo consigues, pintas la derecha. Es la perfecta representaci\u00f3n de la voluntad de conseguir un buen prop\u00f3sito. Un Ikigai.<br \/>\nIkigai en el pa\u00eds de los Samur\u00e1is es un excelente trabajo que explora la b\u00fasqueda de las metas personales y la integraci\u00f3n universal de conceptos japoneses para mejorar la forma en que te comunicas con el mundo, encontrar la espiritualidad en lo cotidiano y enfocar tu proyecto de vida. Una mirada clara al Jap\u00f3n tradicional que aborda con precisi\u00f3n la historia del comportamiento de la sociedad japonesa, donde el autor desentra\u00f1a con f\u00e1cil lectura el significado de Ikigai y el de otros muchos valores de la cultura de Jap\u00f3n, alej\u00e1ndose de todos losclich\u00e9s y enraiz\u00e1ndolo a su verdadera esencia japonesa.<b><\/b><\/p>\n<p>&nbsp;<\/p>\n","protected":false},"excerpt":{"rendered":"<p><b>ISBN: <\/b>9791370120924<\/p>\n<p><strong>SINOPSIS<\/strong><\/p>\n<p>En Jap\u00f3n, cuando tienes un fuerte prop\u00f3sito y deseas alcanzarlo, te acercas a un templo y compras un Daruma. Una figura de connotaciones budistas, redonda, de color rojo, de ojos saltones y sin pupilas. Visualizas lo que quieres conseguir y pintas la pupila izquierda.<br \/>\nCuando lo consigues, pintas la derecha. Es la perfecta representaci\u00f3n de la voluntad de conseguir un buen prop\u00f3sito. Un Ikigai.<br \/>\nIkigai en el pa\u00eds de los Samur\u00e1is es un excelente trabajo que explora la b\u00fasqueda de las metas personales y la integraci\u00f3n universal de conceptos japoneses para mejorar la forma en que te comunicas con el mundo, encontrar la espiritualidad en lo cotidiano y enfocar tu proyecto de vida. Una mirada clara al Jap\u00f3n tradicional que aborda con precisi\u00f3n la historia del comportamiento de la sociedad japonesa, donde el autor desentra\u00f1a con f\u00e1cil lectura el significado de Ikigai y el de otros muchos valores de la cultura de Jap\u00f3n, alej\u00e1ndose de todos losclich\u00e9s y enraiz\u00e1ndolo a su verdadera esencia japonesa.<\/p>\n","protected":false},"featured_media":109064,"comment_status":"open","ping_status":"closed","template":"","meta":{"_acf_changed":false},"libro":[],"product_brand":[],"product_cat":[141],"product_tag":[],"class_list":{"0":"post-109063","1":"product","2":"type-product","3":"status-publish","4":"has-post-thumbnail","6":"product_cat-ficcion","8":"first","9":"instock","10":"shipping-taxable","11":"product-type-simple"},"acf":{"autor":[109065],"enlace_de_compra":""},"yoast_head":"<!-- This site is optimized with the Yoast SEO plugin v27.4 - https:\/\/yoast.com\/product\/yoast-seo-wordpress\/ -->\n<title>Ikigai en el pa\u00eds de los samur\u00e1is: Valores de la cultura japonesa para una vida plena - Catalogo | Letrame Grupo Editorial<\/title>\n<meta name=\"robots\" content=\"index, follow, max-snippet:-1, max-image-preview:large, max-video-preview:-1\" \/>\n<link rel=\"canonical\" href=\"https:\/\/letrame.com\/catalogo\/producto\/ikigai-en-el-pais-de-los-samurais\/\" \/>\n<meta property=\"og:locale\" content=\"es_ES\" \/>\n<meta property=\"og:type\" content=\"article\" \/>\n<meta property=\"og:title\" content=\"Ikigai en el pa\u00eds de los samur\u00e1is: Valores de la cultura japonesa para una vida plena - Catalogo | Letrame Grupo Editorial\" \/>\n<meta property=\"og:description\" content=\"ISBN: 9791370120924  SINOPSIS  En Jap\u00f3n, cuando tienes un fuerte prop\u00f3sito y deseas alcanzarlo, te acercas a un templo y compras un Daruma. Una figura de connotaciones budistas, redonda, de color rojo, de ojos saltones y sin pupilas. Visualizas lo que quieres conseguir y pintas la pupila izquierda. Cuando lo consigues, pintas la derecha. Es la perfecta representaci\u00f3n de la voluntad de conseguir un buen prop\u00f3sito. Un Ikigai. Ikigai en el pa\u00eds de los Samur\u00e1is es un excelente trabajo que explora la b\u00fasqueda de las metas personales y la integraci\u00f3n universal de conceptos japoneses para mejorar la forma en que te comunicas con el mundo, encontrar la espiritualidad en lo cotidiano y enfocar tu proyecto de vida. Una mirada clara al Jap\u00f3n tradicional que aborda con precisi\u00f3n la historia del comportamiento de la sociedad japonesa, donde el autor desentra\u00f1a con f\u00e1cil lectura el significado de Ikigai y el de otros muchos valores de la cultura de Jap\u00f3n, alej\u00e1ndose de todos losclich\u00e9s y enraiz\u00e1ndolo a su verdadera esencia japonesa.\" \/>\n<meta property=\"og:url\" content=\"https:\/\/letrame.com\/catalogo\/producto\/ikigai-en-el-pais-de-los-samurais\/\" \/>\n<meta property=\"og:site_name\" content=\"Catalogo | Letrame Grupo Editorial\" \/>\n<meta property=\"article:modified_time\" content=\"2025-09-22T10:28:58+00:00\" \/>\n<meta property=\"og:image\" content=\"https:\/\/letrame.com\/catalogo\/wp-content\/uploads\/2025\/09\/ikigai_1645mm4.jpg\" \/>\n\t<meta property=\"og:image:width\" content=\"384\" \/>\n\t<meta property=\"og:image:height\" content=\"563\" \/>\n\t<meta property=\"og:image:type\" content=\"image\/jpeg\" \/>\n<meta name=\"twitter:card\" content=\"summary_large_image\" \/>\n<meta name=\"twitter:label1\" content=\"Tiempo de lectura\" \/>\n\t<meta name=\"twitter:data1\" content=\"2 minutos\" \/>\n<script type=\"application\/ld+json\" class=\"yoast-schema-graph\">{\"@context\":\"https:\\\/\\\/schema.org\",\"@graph\":[{\"@type\":\"WebPage\",\"@id\":\"https:\\\/\\\/letrame.com\\\/catalogo\\\/producto\\\/ikigai-en-el-pais-de-los-samurais\\\/\",\"url\":\"https:\\\/\\\/letrame.com\\\/catalogo\\\/producto\\\/ikigai-en-el-pais-de-los-samurais\\\/\",\"name\":\"Ikigai en el pa\u00eds de los samur\u00e1is: Valores de la cultura japonesa para una vida plena - Catalogo | Letrame Grupo Editorial\",\"isPartOf\":{\"@id\":\"https:\\\/\\\/letrame.com\\\/catalogo\\\/#website\"},\"primaryImageOfPage\":{\"@id\":\"https:\\\/\\\/letrame.com\\\/catalogo\\\/producto\\\/ikigai-en-el-pais-de-los-samurais\\\/#primaryimage\"},\"image\":{\"@id\":\"https:\\\/\\\/letrame.com\\\/catalogo\\\/producto\\\/ikigai-en-el-pais-de-los-samurais\\\/#primaryimage\"},\"thumbnailUrl\":\"https:\\\/\\\/letrame.com\\\/catalogo\\\/wp-content\\\/uploads\\\/2025\\\/09\\\/ikigai_1645mm4.jpg\",\"datePublished\":\"2025-09-22T10:26:14+00:00\",\"dateModified\":\"2025-09-22T10:28:58+00:00\",\"breadcrumb\":{\"@id\":\"https:\\\/\\\/letrame.com\\\/catalogo\\\/producto\\\/ikigai-en-el-pais-de-los-samurais\\\/#breadcrumb\"},\"inLanguage\":\"es\",\"potentialAction\":[{\"@type\":\"ReadAction\",\"target\":[\"https:\\\/\\\/letrame.com\\\/catalogo\\\/producto\\\/ikigai-en-el-pais-de-los-samurais\\\/\"]}]},{\"@type\":\"ImageObject\",\"inLanguage\":\"es\",\"@id\":\"https:\\\/\\\/letrame.com\\\/catalogo\\\/producto\\\/ikigai-en-el-pais-de-los-samurais\\\/#primaryimage\",\"url\":\"https:\\\/\\\/letrame.com\\\/catalogo\\\/wp-content\\\/uploads\\\/2025\\\/09\\\/ikigai_1645mm4.jpg\",\"contentUrl\":\"https:\\\/\\\/letrame.com\\\/catalogo\\\/wp-content\\\/uploads\\\/2025\\\/09\\\/ikigai_1645mm4.jpg\",\"width\":384,\"height\":563},{\"@type\":\"BreadcrumbList\",\"@id\":\"https:\\\/\\\/letrame.com\\\/catalogo\\\/producto\\\/ikigai-en-el-pais-de-los-samurais\\\/#breadcrumb\",\"itemListElement\":[{\"@type\":\"ListItem\",\"position\":1,\"name\":\"Portada\",\"item\":\"https:\\\/\\\/letrame.com\\\/catalogo\\\/\"},{\"@type\":\"ListItem\",\"position\":2,\"name\":\"Cat\u00e1logo\",\"item\":\"https:\\\/\\\/letrame.com\\\/catalogo\\\/\"},{\"@type\":\"ListItem\",\"position\":3,\"name\":\"Ikigai en el pa\u00eds de los samur\u00e1is: Valores de la cultura japonesa para una vida plena\"}]},{\"@type\":\"WebSite\",\"@id\":\"https:\\\/\\\/letrame.com\\\/catalogo\\\/#website\",\"url\":\"https:\\\/\\\/letrame.com\\\/catalogo\\\/\",\"name\":\"Catalogo | Letrame Grupo Editorial\",\"description\":\"\",\"publisher\":{\"@id\":\"https:\\\/\\\/letrame.com\\\/catalogo\\\/#organization\"},\"potentialAction\":[{\"@type\":\"SearchAction\",\"target\":{\"@type\":\"EntryPoint\",\"urlTemplate\":\"https:\\\/\\\/letrame.com\\\/catalogo\\\/?s={search_term_string}\"},\"query-input\":{\"@type\":\"PropertyValueSpecification\",\"valueRequired\":true,\"valueName\":\"search_term_string\"}}],\"inLanguage\":\"es\"},{\"@type\":\"Organization\",\"@id\":\"https:\\\/\\\/letrame.com\\\/catalogo\\\/#organization\",\"name\":\"Catalogo | Letrame Grupo Editorial\",\"url\":\"https:\\\/\\\/letrame.com\\\/catalogo\\\/\",\"logo\":{\"@type\":\"ImageObject\",\"inLanguage\":\"es\",\"@id\":\"https:\\\/\\\/letrame.com\\\/catalogo\\\/#\\\/schema\\\/logo\\\/image\\\/\",\"url\":\"https:\\\/\\\/letrame.com\\\/catalogo\\\/wp-content\\\/uploads\\\/2024\\\/03\\\/logo2.webp\",\"contentUrl\":\"https:\\\/\\\/letrame.com\\\/catalogo\\\/wp-content\\\/uploads\\\/2024\\\/03\\\/logo2.webp\",\"width\":394,\"height\":128,\"caption\":\"Catalogo | Letrame Grupo Editorial\"},\"image\":{\"@id\":\"https:\\\/\\\/letrame.com\\\/catalogo\\\/#\\\/schema\\\/logo\\\/image\\\/\"}}]}<\/script>\n<!-- \/ Yoast SEO plugin. -->","yoast_head_json":{"title":"Ikigai en el pa\u00eds de los samur\u00e1is: Valores de la cultura japonesa para una vida plena - Catalogo | Letrame Grupo Editorial","robots":{"index":"index","follow":"follow","max-snippet":"max-snippet:-1","max-image-preview":"max-image-preview:large","max-video-preview":"max-video-preview:-1"},"canonical":"https:\/\/letrame.com\/catalogo\/producto\/ikigai-en-el-pais-de-los-samurais\/","og_locale":"es_ES","og_type":"article","og_title":"Ikigai en el pa\u00eds de los samur\u00e1is: Valores de la cultura japonesa para una vida plena - Catalogo | Letrame Grupo Editorial","og_description":"ISBN: 9791370120924  SINOPSIS  En Jap\u00f3n, cuando tienes un fuerte prop\u00f3sito y deseas alcanzarlo, te acercas a un templo y compras un Daruma. Una figura de connotaciones budistas, redonda, de color rojo, de ojos saltones y sin pupilas. Visualizas lo que quieres conseguir y pintas la pupila izquierda. Cuando lo consigues, pintas la derecha. Es la perfecta representaci\u00f3n de la voluntad de conseguir un buen prop\u00f3sito. Un Ikigai. Ikigai en el pa\u00eds de los Samur\u00e1is es un excelente trabajo que explora la b\u00fasqueda de las metas personales y la integraci\u00f3n universal de conceptos japoneses para mejorar la forma en que te comunicas con el mundo, encontrar la espiritualidad en lo cotidiano y enfocar tu proyecto de vida. Una mirada clara al Jap\u00f3n tradicional que aborda con precisi\u00f3n la historia del comportamiento de la sociedad japonesa, donde el autor desentra\u00f1a con f\u00e1cil lectura el significado de Ikigai y el de otros muchos valores de la cultura de Jap\u00f3n, alej\u00e1ndose de todos losclich\u00e9s y enraiz\u00e1ndolo a su verdadera esencia japonesa.","og_url":"https:\/\/letrame.com\/catalogo\/producto\/ikigai-en-el-pais-de-los-samurais\/","og_site_name":"Catalogo | Letrame Grupo Editorial","article_modified_time":"2025-09-22T10:28:58+00:00","og_image":[{"width":384,"height":563,"url":"https:\/\/letrame.com\/catalogo\/wp-content\/uploads\/2025\/09\/ikigai_1645mm4.jpg","type":"image\/jpeg"}],"twitter_card":"summary_large_image","twitter_misc":{"Tiempo de lectura":"2 minutos"},"schema":{"@context":"https:\/\/schema.org","@graph":[{"@type":"WebPage","@id":"https:\/\/letrame.com\/catalogo\/producto\/ikigai-en-el-pais-de-los-samurais\/","url":"https:\/\/letrame.com\/catalogo\/producto\/ikigai-en-el-pais-de-los-samurais\/","name":"Ikigai en el pa\u00eds de los samur\u00e1is: Valores de la cultura japonesa para una vida plena - Catalogo | Letrame Grupo Editorial","isPartOf":{"@id":"https:\/\/letrame.com\/catalogo\/#website"},"primaryImageOfPage":{"@id":"https:\/\/letrame.com\/catalogo\/producto\/ikigai-en-el-pais-de-los-samurais\/#primaryimage"},"image":{"@id":"https:\/\/letrame.com\/catalogo\/producto\/ikigai-en-el-pais-de-los-samurais\/#primaryimage"},"thumbnailUrl":"https:\/\/letrame.com\/catalogo\/wp-content\/uploads\/2025\/09\/ikigai_1645mm4.jpg","datePublished":"2025-09-22T10:26:14+00:00","dateModified":"2025-09-22T10:28:58+00:00","breadcrumb":{"@id":"https:\/\/letrame.com\/catalogo\/producto\/ikigai-en-el-pais-de-los-samurais\/#breadcrumb"},"inLanguage":"es","potentialAction":[{"@type":"ReadAction","target":["https:\/\/letrame.com\/catalogo\/producto\/ikigai-en-el-pais-de-los-samurais\/"]}]},{"@type":"ImageObject","inLanguage":"es","@id":"https:\/\/letrame.com\/catalogo\/producto\/ikigai-en-el-pais-de-los-samurais\/#primaryimage","url":"https:\/\/letrame.com\/catalogo\/wp-content\/uploads\/2025\/09\/ikigai_1645mm4.jpg","contentUrl":"https:\/\/letrame.com\/catalogo\/wp-content\/uploads\/2025\/09\/ikigai_1645mm4.jpg","width":384,"height":563},{"@type":"BreadcrumbList","@id":"https:\/\/letrame.com\/catalogo\/producto\/ikigai-en-el-pais-de-los-samurais\/#breadcrumb","itemListElement":[{"@type":"ListItem","position":1,"name":"Portada","item":"https:\/\/letrame.com\/catalogo\/"},{"@type":"ListItem","position":2,"name":"Cat\u00e1logo","item":"https:\/\/letrame.com\/catalogo\/"},{"@type":"ListItem","position":3,"name":"Ikigai en el pa\u00eds de los samur\u00e1is: Valores de la cultura japonesa para una vida plena"}]},{"@type":"WebSite","@id":"https:\/\/letrame.com\/catalogo\/#website","url":"https:\/\/letrame.com\/catalogo\/","name":"Catalogo | Letrame Grupo Editorial","description":"","publisher":{"@id":"https:\/\/letrame.com\/catalogo\/#organization"},"potentialAction":[{"@type":"SearchAction","target":{"@type":"EntryPoint","urlTemplate":"https:\/\/letrame.com\/catalogo\/?s={search_term_string}"},"query-input":{"@type":"PropertyValueSpecification","valueRequired":true,"valueName":"search_term_string"}}],"inLanguage":"es"},{"@type":"Organization","@id":"https:\/\/letrame.com\/catalogo\/#organization","name":"Catalogo | Letrame Grupo Editorial","url":"https:\/\/letrame.com\/catalogo\/","logo":{"@type":"ImageObject","inLanguage":"es","@id":"https:\/\/letrame.com\/catalogo\/#\/schema\/logo\/image\/","url":"https:\/\/letrame.com\/catalogo\/wp-content\/uploads\/2024\/03\/logo2.webp","contentUrl":"https:\/\/letrame.com\/catalogo\/wp-content\/uploads\/2024\/03\/logo2.webp","width":394,"height":128,"caption":"Catalogo | Letrame Grupo Editorial"},"image":{"@id":"https:\/\/letrame.com\/catalogo\/#\/schema\/logo\/image\/"}}]}},"_links":{"self":[{"href":"https:\/\/letrame.com\/catalogo\/wp-json\/wp\/v2\/product\/109063","targetHints":{"allow":["GET"]}}],"collection":[{"href":"https:\/\/letrame.com\/catalogo\/wp-json\/wp\/v2\/product"}],"about":[{"href":"https:\/\/letrame.com\/catalogo\/wp-json\/wp\/v2\/types\/product"}],"replies":[{"embeddable":true,"href":"https:\/\/letrame.com\/catalogo\/wp-json\/wp\/v2\/comments?post=109063"}],"acf:post":[{"embeddable":true,"href":"https:\/\/letrame.com\/catalogo\/wp-json\/wp\/v2\/author_book\/109065"}],"wp:featuredmedia":[{"embeddable":true,"href":"https:\/\/letrame.com\/catalogo\/wp-json\/wp\/v2\/media\/109064"}],"wp:attachment":[{"href":"https:\/\/letrame.com\/catalogo\/wp-json\/wp\/v2\/media?parent=109063"}],"wp:term":[{"taxonomy":"libro","embeddable":true,"href":"https:\/\/letrame.com\/catalogo\/wp-json\/wp\/v2\/libro?post=109063"},{"taxonomy":"product_brand","embeddable":true,"href":"https:\/\/letrame.com\/catalogo\/wp-json\/wp\/v2\/product_brand?post=109063"},{"taxonomy":"product_cat","embeddable":true,"href":"https:\/\/letrame.com\/catalogo\/wp-json\/wp\/v2\/product_cat?post=109063"},{"taxonomy":"product_tag","embeddable":true,"href":"https:\/\/letrame.com\/catalogo\/wp-json\/wp\/v2\/product_tag?post=109063"}],"curies":[{"name":"wp","href":"https:\/\/api.w.org\/{rel}","templated":true}]}}