{"id":109041,"date":"2025-09-11T16:14:26","date_gmt":"2025-09-11T14:14:26","guid":{"rendered":"https:\/\/letrame.com\/catalogo\/?post_type=product&#038;p=109041"},"modified":"2025-09-11T16:16:54","modified_gmt":"2025-09-11T14:16:54","slug":"bibliotecas-marcadas","status":"publish","type":"product","link":"https:\/\/letrame.com\/catalogo\/producto\/bibliotecas-marcadas\/","title":{"rendered":"Bibliotecas marcadas"},"content":{"rendered":"<p class=\"p1\"><b>ISBN: <\/b>979-13-7012-493-9<\/p>\n<p class=\"p1\"><b>T\u00edtulo: <\/b>Bibliotecas marcadas<br \/>\n<b><br \/>\n<\/b><b>Fecha: <\/b>2025<b><\/b><\/p>\n<p><b>P\u00e1ginas: <\/b>188<\/p>\n<p class=\"p1\"><b>SINOPSIS<br \/>\n<\/b><br \/>\nUn inquietante asesino se esconde tras una serie de cr\u00edmenes en las bibliotecas de Zaragoza.<br \/>\nCuatro asesinatos y dos secuestros parecen estar conectados por un patr\u00f3n incomprensible. Rosa Tejel, bibliotecaria e investigadora aficionada a los misterios de la mente humana, y su compa\u00f1era Nuria G\u00f3mez, se ver\u00e1n arrastradas a una investigaci\u00f3n que las enfrentar\u00e1 a una inteligencia<br \/>\ntrastornada y peligrosa.<br \/>\nPero lo que parec\u00eda un caso local pronto se transformar\u00e1 en una amenaza internacional. Un rastro inquietante las llevar\u00e1, junto a los polic\u00edas Juan L\u00f3pez y Francisco Mar\u00edn, hasta Lima, Per\u00fa, donde secretos enterrados desde d\u00e9cadas cambiar\u00e1n para siempre su visi\u00f3n de la naturaleza humana.<br \/>\nIntriga psicol\u00f3gica, emociones al l\u00edmite y giros inesperados en una historia que desaf\u00eda los l\u00edmites entre la raz\u00f3n y la locura.<b><br \/>\n<\/b><\/p>\n","protected":false},"excerpt":{"rendered":"<p><b>ISBN: <\/b>979-13-7012-493-9<\/p>\n<p><b>SINOPSIS<br \/>\n<\/b><br \/>\nUn inquietante asesino se esconde tras una serie de cr\u00edmenes en las bibliotecas de Zaragoza.<br \/>\nCuatro asesinatos y dos secuestros parecen estar conectados por un patr\u00f3n incomprensible. Rosa Tejel, bibliotecaria e investigadora aficionada a los misterios de la mente humana, y su compa\u00f1era Nuria G\u00f3mez, se ver\u00e1n arrastradas a una investigaci\u00f3n que las enfrentar\u00e1 a una inteligencia<br \/>\ntrastornada y peligrosa.<br \/>\nPero lo que parec\u00eda un caso local pronto se transformar\u00e1 en una amenaza internacional. Un rastro inquietante las llevar\u00e1, junto a los polic\u00edas Juan L\u00f3pez y Francisco Mar\u00edn, hasta Lima, Per\u00fa, donde secretos enterrados desde d\u00e9cadas cambiar\u00e1n para siempre su visi\u00f3n de la naturaleza humana.<br \/>\nIntriga psicol\u00f3gica, emociones al l\u00edmite y giros inesperados en una historia que desaf\u00eda los l\u00edmites entre la raz\u00f3n y la locura.<\/p>\n","protected":false},"featured_media":109042,"comment_status":"open","ping_status":"closed","template":"","meta":{"_acf_changed":false},"libro":[],"product_brand":[],"product_cat":[57],"product_tag":[],"class_list":{"0":"post-109041","1":"product","2":"type-product","3":"status-publish","4":"has-post-thumbnail","6":"product_cat-suspenso","8":"first","9":"instock","10":"shipping-taxable","11":"product-type-simple"},"acf":{"autor":[109043],"enlace_de_compra":"https:\/\/www.amazon.es\/dp\/B0FPLYQFBR"},"yoast_head":"<!-- This site is optimized with the Yoast SEO plugin v27.4 - https:\/\/yoast.com\/product\/yoast-seo-wordpress\/ -->\n<title>Bibliotecas marcadas - Catalogo | Letrame Grupo Editorial<\/title>\n<meta name=\"robots\" content=\"index, follow, max-snippet:-1, max-image-preview:large, max-video-preview:-1\" \/>\n<link rel=\"canonical\" href=\"https:\/\/letrame.com\/catalogo\/producto\/bibliotecas-marcadas\/\" \/>\n<meta property=\"og:locale\" content=\"es_ES\" \/>\n<meta property=\"og:type\" content=\"article\" \/>\n<meta property=\"og:title\" content=\"Bibliotecas marcadas - Catalogo | Letrame Grupo Editorial\" \/>\n<meta property=\"og:description\" content=\"ISBN: 979-13-7012-493-9  SINOPSIS  Un inquietante asesino se esconde tras una serie de cr\u00edmenes en las bibliotecas de Zaragoza. Cuatro asesinatos y dos secuestros parecen estar conectados por un patr\u00f3n incomprensible. Rosa Tejel, bibliotecaria e investigadora aficionada a los misterios de la mente humana, y su compa\u00f1era Nuria G\u00f3mez, se ver\u00e1n arrastradas a una investigaci\u00f3n que las enfrentar\u00e1 a una inteligencia trastornada y peligrosa. Pero lo que parec\u00eda un caso local pronto se transformar\u00e1 en una amenaza internacional. Un rastro inquietante las llevar\u00e1, junto a los polic\u00edas Juan L\u00f3pez y Francisco Mar\u00edn, hasta Lima, Per\u00fa, donde secretos enterrados desde d\u00e9cadas cambiar\u00e1n para siempre su visi\u00f3n de la naturaleza humana. Intriga psicol\u00f3gica, emociones al l\u00edmite y giros inesperados en una historia que desaf\u00eda los l\u00edmites entre la raz\u00f3n y la locura.\" \/>\n<meta property=\"og:url\" content=\"https:\/\/letrame.com\/catalogo\/producto\/bibliotecas-marcadas\/\" \/>\n<meta property=\"og:site_name\" content=\"Catalogo | Letrame Grupo Editorial\" \/>\n<meta property=\"article:modified_time\" content=\"2025-09-11T14:16:54+00:00\" \/>\n<meta property=\"og:image\" content=\"https:\/\/letrame.com\/catalogo\/wp-content\/uploads\/2025\/09\/bibliotecasmarcadas_1214mm4.jpg\" \/>\n\t<meta property=\"og:image:width\" content=\"384\" \/>\n\t<meta property=\"og:image:height\" content=\"563\" \/>\n\t<meta property=\"og:image:type\" content=\"image\/jpeg\" \/>\n<meta name=\"twitter:card\" content=\"summary_large_image\" \/>\n<meta name=\"twitter:label1\" content=\"Tiempo de lectura\" \/>\n\t<meta name=\"twitter:data1\" content=\"1 minuto\" \/>\n<script type=\"application\/ld+json\" class=\"yoast-schema-graph\">{\"@context\":\"https:\\\/\\\/schema.org\",\"@graph\":[{\"@type\":\"WebPage\",\"@id\":\"https:\\\/\\\/letrame.com\\\/catalogo\\\/producto\\\/bibliotecas-marcadas\\\/\",\"url\":\"https:\\\/\\\/letrame.com\\\/catalogo\\\/producto\\\/bibliotecas-marcadas\\\/\",\"name\":\"Bibliotecas marcadas - Catalogo | Letrame Grupo Editorial\",\"isPartOf\":{\"@id\":\"https:\\\/\\\/letrame.com\\\/catalogo\\\/#website\"},\"primaryImageOfPage\":{\"@id\":\"https:\\\/\\\/letrame.com\\\/catalogo\\\/producto\\\/bibliotecas-marcadas\\\/#primaryimage\"},\"image\":{\"@id\":\"https:\\\/\\\/letrame.com\\\/catalogo\\\/producto\\\/bibliotecas-marcadas\\\/#primaryimage\"},\"thumbnailUrl\":\"https:\\\/\\\/letrame.com\\\/catalogo\\\/wp-content\\\/uploads\\\/2025\\\/09\\\/bibliotecasmarcadas_1214mm4.jpg\",\"datePublished\":\"2025-09-11T14:14:26+00:00\",\"dateModified\":\"2025-09-11T14:16:54+00:00\",\"breadcrumb\":{\"@id\":\"https:\\\/\\\/letrame.com\\\/catalogo\\\/producto\\\/bibliotecas-marcadas\\\/#breadcrumb\"},\"inLanguage\":\"es\",\"potentialAction\":[{\"@type\":\"ReadAction\",\"target\":[\"https:\\\/\\\/letrame.com\\\/catalogo\\\/producto\\\/bibliotecas-marcadas\\\/\"]}]},{\"@type\":\"ImageObject\",\"inLanguage\":\"es\",\"@id\":\"https:\\\/\\\/letrame.com\\\/catalogo\\\/producto\\\/bibliotecas-marcadas\\\/#primaryimage\",\"url\":\"https:\\\/\\\/letrame.com\\\/catalogo\\\/wp-content\\\/uploads\\\/2025\\\/09\\\/bibliotecasmarcadas_1214mm4.jpg\",\"contentUrl\":\"https:\\\/\\\/letrame.com\\\/catalogo\\\/wp-content\\\/uploads\\\/2025\\\/09\\\/bibliotecasmarcadas_1214mm4.jpg\",\"width\":384,\"height\":563},{\"@type\":\"BreadcrumbList\",\"@id\":\"https:\\\/\\\/letrame.com\\\/catalogo\\\/producto\\\/bibliotecas-marcadas\\\/#breadcrumb\",\"itemListElement\":[{\"@type\":\"ListItem\",\"position\":1,\"name\":\"Portada\",\"item\":\"https:\\\/\\\/letrame.com\\\/catalogo\\\/\"},{\"@type\":\"ListItem\",\"position\":2,\"name\":\"Cat\u00e1logo\",\"item\":\"https:\\\/\\\/letrame.com\\\/catalogo\\\/\"},{\"@type\":\"ListItem\",\"position\":3,\"name\":\"Bibliotecas marcadas\"}]},{\"@type\":\"WebSite\",\"@id\":\"https:\\\/\\\/letrame.com\\\/catalogo\\\/#website\",\"url\":\"https:\\\/\\\/letrame.com\\\/catalogo\\\/\",\"name\":\"Catalogo | Letrame Grupo Editorial\",\"description\":\"\",\"publisher\":{\"@id\":\"https:\\\/\\\/letrame.com\\\/catalogo\\\/#organization\"},\"potentialAction\":[{\"@type\":\"SearchAction\",\"target\":{\"@type\":\"EntryPoint\",\"urlTemplate\":\"https:\\\/\\\/letrame.com\\\/catalogo\\\/?s={search_term_string}\"},\"query-input\":{\"@type\":\"PropertyValueSpecification\",\"valueRequired\":true,\"valueName\":\"search_term_string\"}}],\"inLanguage\":\"es\"},{\"@type\":\"Organization\",\"@id\":\"https:\\\/\\\/letrame.com\\\/catalogo\\\/#organization\",\"name\":\"Catalogo | Letrame Grupo Editorial\",\"url\":\"https:\\\/\\\/letrame.com\\\/catalogo\\\/\",\"logo\":{\"@type\":\"ImageObject\",\"inLanguage\":\"es\",\"@id\":\"https:\\\/\\\/letrame.com\\\/catalogo\\\/#\\\/schema\\\/logo\\\/image\\\/\",\"url\":\"https:\\\/\\\/letrame.com\\\/catalogo\\\/wp-content\\\/uploads\\\/2024\\\/03\\\/logo2.webp\",\"contentUrl\":\"https:\\\/\\\/letrame.com\\\/catalogo\\\/wp-content\\\/uploads\\\/2024\\\/03\\\/logo2.webp\",\"width\":394,\"height\":128,\"caption\":\"Catalogo | Letrame Grupo Editorial\"},\"image\":{\"@id\":\"https:\\\/\\\/letrame.com\\\/catalogo\\\/#\\\/schema\\\/logo\\\/image\\\/\"}}]}<\/script>\n<!-- \/ Yoast SEO plugin. -->","yoast_head_json":{"title":"Bibliotecas marcadas - Catalogo | Letrame Grupo Editorial","robots":{"index":"index","follow":"follow","max-snippet":"max-snippet:-1","max-image-preview":"max-image-preview:large","max-video-preview":"max-video-preview:-1"},"canonical":"https:\/\/letrame.com\/catalogo\/producto\/bibliotecas-marcadas\/","og_locale":"es_ES","og_type":"article","og_title":"Bibliotecas marcadas - Catalogo | Letrame Grupo Editorial","og_description":"ISBN: 979-13-7012-493-9  SINOPSIS  Un inquietante asesino se esconde tras una serie de cr\u00edmenes en las bibliotecas de Zaragoza. Cuatro asesinatos y dos secuestros parecen estar conectados por un patr\u00f3n incomprensible. Rosa Tejel, bibliotecaria e investigadora aficionada a los misterios de la mente humana, y su compa\u00f1era Nuria G\u00f3mez, se ver\u00e1n arrastradas a una investigaci\u00f3n que las enfrentar\u00e1 a una inteligencia trastornada y peligrosa. Pero lo que parec\u00eda un caso local pronto se transformar\u00e1 en una amenaza internacional. Un rastro inquietante las llevar\u00e1, junto a los polic\u00edas Juan L\u00f3pez y Francisco Mar\u00edn, hasta Lima, Per\u00fa, donde secretos enterrados desde d\u00e9cadas cambiar\u00e1n para siempre su visi\u00f3n de la naturaleza humana. Intriga psicol\u00f3gica, emociones al l\u00edmite y giros inesperados en una historia que desaf\u00eda los l\u00edmites entre la raz\u00f3n y la locura.","og_url":"https:\/\/letrame.com\/catalogo\/producto\/bibliotecas-marcadas\/","og_site_name":"Catalogo | Letrame Grupo Editorial","article_modified_time":"2025-09-11T14:16:54+00:00","og_image":[{"width":384,"height":563,"url":"https:\/\/letrame.com\/catalogo\/wp-content\/uploads\/2025\/09\/bibliotecasmarcadas_1214mm4.jpg","type":"image\/jpeg"}],"twitter_card":"summary_large_image","twitter_misc":{"Tiempo de lectura":"1 minuto"},"schema":{"@context":"https:\/\/schema.org","@graph":[{"@type":"WebPage","@id":"https:\/\/letrame.com\/catalogo\/producto\/bibliotecas-marcadas\/","url":"https:\/\/letrame.com\/catalogo\/producto\/bibliotecas-marcadas\/","name":"Bibliotecas marcadas - Catalogo | Letrame Grupo Editorial","isPartOf":{"@id":"https:\/\/letrame.com\/catalogo\/#website"},"primaryImageOfPage":{"@id":"https:\/\/letrame.com\/catalogo\/producto\/bibliotecas-marcadas\/#primaryimage"},"image":{"@id":"https:\/\/letrame.com\/catalogo\/producto\/bibliotecas-marcadas\/#primaryimage"},"thumbnailUrl":"https:\/\/letrame.com\/catalogo\/wp-content\/uploads\/2025\/09\/bibliotecasmarcadas_1214mm4.jpg","datePublished":"2025-09-11T14:14:26+00:00","dateModified":"2025-09-11T14:16:54+00:00","breadcrumb":{"@id":"https:\/\/letrame.com\/catalogo\/producto\/bibliotecas-marcadas\/#breadcrumb"},"inLanguage":"es","potentialAction":[{"@type":"ReadAction","target":["https:\/\/letrame.com\/catalogo\/producto\/bibliotecas-marcadas\/"]}]},{"@type":"ImageObject","inLanguage":"es","@id":"https:\/\/letrame.com\/catalogo\/producto\/bibliotecas-marcadas\/#primaryimage","url":"https:\/\/letrame.com\/catalogo\/wp-content\/uploads\/2025\/09\/bibliotecasmarcadas_1214mm4.jpg","contentUrl":"https:\/\/letrame.com\/catalogo\/wp-content\/uploads\/2025\/09\/bibliotecasmarcadas_1214mm4.jpg","width":384,"height":563},{"@type":"BreadcrumbList","@id":"https:\/\/letrame.com\/catalogo\/producto\/bibliotecas-marcadas\/#breadcrumb","itemListElement":[{"@type":"ListItem","position":1,"name":"Portada","item":"https:\/\/letrame.com\/catalogo\/"},{"@type":"ListItem","position":2,"name":"Cat\u00e1logo","item":"https:\/\/letrame.com\/catalogo\/"},{"@type":"ListItem","position":3,"name":"Bibliotecas marcadas"}]},{"@type":"WebSite","@id":"https:\/\/letrame.com\/catalogo\/#website","url":"https:\/\/letrame.com\/catalogo\/","name":"Catalogo | Letrame Grupo Editorial","description":"","publisher":{"@id":"https:\/\/letrame.com\/catalogo\/#organization"},"potentialAction":[{"@type":"SearchAction","target":{"@type":"EntryPoint","urlTemplate":"https:\/\/letrame.com\/catalogo\/?s={search_term_string}"},"query-input":{"@type":"PropertyValueSpecification","valueRequired":true,"valueName":"search_term_string"}}],"inLanguage":"es"},{"@type":"Organization","@id":"https:\/\/letrame.com\/catalogo\/#organization","name":"Catalogo | Letrame Grupo Editorial","url":"https:\/\/letrame.com\/catalogo\/","logo":{"@type":"ImageObject","inLanguage":"es","@id":"https:\/\/letrame.com\/catalogo\/#\/schema\/logo\/image\/","url":"https:\/\/letrame.com\/catalogo\/wp-content\/uploads\/2024\/03\/logo2.webp","contentUrl":"https:\/\/letrame.com\/catalogo\/wp-content\/uploads\/2024\/03\/logo2.webp","width":394,"height":128,"caption":"Catalogo | Letrame Grupo Editorial"},"image":{"@id":"https:\/\/letrame.com\/catalogo\/#\/schema\/logo\/image\/"}}]}},"_links":{"self":[{"href":"https:\/\/letrame.com\/catalogo\/wp-json\/wp\/v2\/product\/109041","targetHints":{"allow":["GET"]}}],"collection":[{"href":"https:\/\/letrame.com\/catalogo\/wp-json\/wp\/v2\/product"}],"about":[{"href":"https:\/\/letrame.com\/catalogo\/wp-json\/wp\/v2\/types\/product"}],"replies":[{"embeddable":true,"href":"https:\/\/letrame.com\/catalogo\/wp-json\/wp\/v2\/comments?post=109041"}],"acf:post":[{"embeddable":true,"href":"https:\/\/letrame.com\/catalogo\/wp-json\/wp\/v2\/author_book\/109043"}],"wp:featuredmedia":[{"embeddable":true,"href":"https:\/\/letrame.com\/catalogo\/wp-json\/wp\/v2\/media\/109042"}],"wp:attachment":[{"href":"https:\/\/letrame.com\/catalogo\/wp-json\/wp\/v2\/media?parent=109041"}],"wp:term":[{"taxonomy":"libro","embeddable":true,"href":"https:\/\/letrame.com\/catalogo\/wp-json\/wp\/v2\/libro?post=109041"},{"taxonomy":"product_brand","embeddable":true,"href":"https:\/\/letrame.com\/catalogo\/wp-json\/wp\/v2\/product_brand?post=109041"},{"taxonomy":"product_cat","embeddable":true,"href":"https:\/\/letrame.com\/catalogo\/wp-json\/wp\/v2\/product_cat?post=109041"},{"taxonomy":"product_tag","embeddable":true,"href":"https:\/\/letrame.com\/catalogo\/wp-json\/wp\/v2\/product_tag?post=109041"}],"curies":[{"name":"wp","href":"https:\/\/api.w.org\/{rel}","templated":true}]}}