{"id":109036,"date":"2025-09-11T15:52:07","date_gmt":"2025-09-11T13:52:07","guid":{"rendered":"https:\/\/letrame.com\/catalogo\/?post_type=product&#038;p=109036"},"modified":"2025-09-11T15:52:49","modified_gmt":"2025-09-11T13:52:49","slug":"mi-diamante-interior","status":"publish","type":"product","link":"https:\/\/letrame.com\/catalogo\/producto\/mi-diamante-interior\/","title":{"rendered":"Mi diamante interior"},"content":{"rendered":"<p class=\"p1\"><b>ISBN: <\/b>9791370124939<\/p>\n<p class=\"p1\"><b>T\u00edtulo: <\/b>Mi diamante interior<\/p>\n<p class=\"p1\"><b>Fecha: <\/b>2025<b><\/b><\/p>\n<p><b>P\u00e1ginas: <\/b>126<\/p>\n<p class=\"p1\"><b>SINOPSIS<\/b><\/p>\n<p>Todos llevamos dentro algo valioso, aunque a veces lo olvidemos. Algo que no se rompe, pero s\u00ed puede quedar sepultado bajo a\u00f1os de miedo, rabia, culpa o tristeza. A eso, Jos\u00e9 Alberto P\u00e9rez Pineda lo llama \u00abnuestro diamante interior\u00bb.<br \/>\nEste libro es una invitaci\u00f3n a escarbar con honestidad. A mirar hacia adentro sin juicios. A reconocer que no siempre estamos bien, que arrastramos heridas, creencias, pensamientos que nos envenenan poco a poco&#8230; y que aun as\u00ed podemos sanar.<br \/>\nJos\u00e9 Alberto pone nombre a trece venenos emocionales \u2014 la envidia, el ego, la dependencia emocional la autocr\u00edtica, entre otros\u2014, y nos acompa\u00f1a a trav\u00e9s de ellos con preguntas, reflexiones y ejercicios pr\u00e1cticos.<br \/>\nMi diamante interior es una conversaci\u00f3n honesta, escrita por alguien que tambi\u00e9n ha tenido que limpiar su propio brillo desde la oscuridad.<br \/>\nEs una gu\u00eda para comenzar a escucharte. Para comprender por qu\u00e9 reaccionas como reaccionas. Para soltar cargas que ya no te pertenecen. Para reconciliarte contigo.<br \/>\nPorque sanar no es volverse alguien distinto. Es, justamente, volver a ser quien ya eras&#8230; antes de que todo te nublara.<b><br \/>\n<\/b><\/p>\n","protected":false},"excerpt":{"rendered":"<p><b>ISBN: <\/b>9791370124939<b><\/b><\/p>\n<p><strong>SINOPSIS<\/strong><\/p>\n<p>Todos llevamos dentro algo valioso, aunque a veces lo olvidemos. Algo que no se rompe, pero s\u00ed puede quedar sepultado bajo a\u00f1os de miedo, rabia, culpa o tristeza. A eso, Jos\u00e9 Alberto P\u00e9rez Pineda lo llama \u00abnuestro diamante interior\u00bb.<br \/>\nEste libro es una invitaci\u00f3n a escarbar con honestidad. A mirar hacia adentro sin juicios. A reconocer que no siempre estamos bien, que arrastramos heridas, creencias, pensamientos que nos envenenan poco a poco&#8230; y que aun as\u00ed podemos sanar.<br \/>\nJos\u00e9 Alberto pone nombre a trece venenos emocionales \u2014 la envidia, el ego, la dependencia emocional la autocr\u00edtica, entre otros\u2014, y nos acompa\u00f1a a trav\u00e9s de ellos con preguntas, reflexiones y ejercicios pr\u00e1cticos.<br \/>\nMi diamante interior es una conversaci\u00f3n honesta, escrita por alguien que tambi\u00e9n ha tenido que limpiar su propio brillo desde la oscuridad.<br \/>\nEs una gu\u00eda para comenzar a escucharte. Para comprender por qu\u00e9 reaccionas como reaccionas. Para soltar cargas que ya no te pertenecen. Para reconciliarte contigo.<br \/>\nPorque sanar no es volverse alguien distinto. Es, justamente, volver a ser quien ya eras&#8230; antes de que todo te nublara.<\/p>\n","protected":false},"featured_media":109037,"comment_status":"open","ping_status":"closed","template":"","meta":{"_acf_changed":false},"libro":[],"product_brand":[],"product_cat":[18],"product_tag":[],"class_list":{"0":"post-109036","1":"product","2":"type-product","3":"status-publish","4":"has-post-thumbnail","6":"product_cat-autoayuda","8":"first","9":"instock","10":"shipping-taxable","11":"product-type-simple"},"acf":{"autor":[109038],"enlace_de_compra":"https:\/\/www.amazon.es\/dp\/B0FJ1VQJ4L"},"yoast_head":"<!-- This site is optimized with the Yoast SEO plugin v27.4 - https:\/\/yoast.com\/product\/yoast-seo-wordpress\/ -->\n<title>Mi diamante interior - Catalogo | Letrame Grupo Editorial<\/title>\n<meta name=\"robots\" content=\"index, follow, max-snippet:-1, max-image-preview:large, max-video-preview:-1\" \/>\n<link rel=\"canonical\" href=\"https:\/\/letrame.com\/catalogo\/producto\/mi-diamante-interior\/\" \/>\n<meta property=\"og:locale\" content=\"es_ES\" \/>\n<meta property=\"og:type\" content=\"article\" \/>\n<meta property=\"og:title\" content=\"Mi diamante interior - Catalogo | Letrame Grupo Editorial\" \/>\n<meta property=\"og:description\" content=\"ISBN: 9791370124939  SINOPSIS  Todos llevamos dentro algo valioso, aunque a veces lo olvidemos. Algo que no se rompe, pero s\u00ed puede quedar sepultado bajo a\u00f1os de miedo, rabia, culpa o tristeza. A eso, Jos\u00e9 Alberto P\u00e9rez Pineda lo llama \u00abnuestro diamante interior\u00bb. Este libro es una invitaci\u00f3n a escarbar con honestidad. A mirar hacia adentro sin juicios. A reconocer que no siempre estamos bien, que arrastramos heridas, creencias, pensamientos que nos envenenan poco a poco... y que aun as\u00ed podemos sanar. Jos\u00e9 Alberto pone nombre a trece venenos emocionales \u2014 la envidia, el ego, la dependencia emocional la autocr\u00edtica, entre otros\u2014, y nos acompa\u00f1a a trav\u00e9s de ellos con preguntas, reflexiones y ejercicios pr\u00e1cticos. Mi diamante interior es una conversaci\u00f3n honesta, escrita por alguien que tambi\u00e9n ha tenido que limpiar su propio brillo desde la oscuridad. Es una gu\u00eda para comenzar a escucharte. Para comprender por qu\u00e9 reaccionas como reaccionas. Para soltar cargas que ya no te pertenecen. Para reconciliarte contigo. Porque sanar no es volverse alguien distinto. Es, justamente, volver a ser quien ya eras... antes de que todo te nublara.\" \/>\n<meta property=\"og:url\" content=\"https:\/\/letrame.com\/catalogo\/producto\/mi-diamante-interior\/\" \/>\n<meta property=\"og:site_name\" content=\"Catalogo | Letrame Grupo Editorial\" \/>\n<meta property=\"article:modified_time\" content=\"2025-09-11T13:52:49+00:00\" \/>\n<meta property=\"og:image\" content=\"https:\/\/letrame.com\/catalogo\/wp-content\/uploads\/2025\/09\/Midiamanteinterior_6.88mm4.jpg\" \/>\n\t<meta property=\"og:image:width\" content=\"384\" \/>\n\t<meta property=\"og:image:height\" content=\"537\" \/>\n\t<meta property=\"og:image:type\" content=\"image\/jpeg\" \/>\n<meta name=\"twitter:card\" content=\"summary_large_image\" \/>\n<meta name=\"twitter:label1\" content=\"Tiempo de lectura\" \/>\n\t<meta name=\"twitter:data1\" content=\"2 minutos\" \/>\n<script type=\"application\/ld+json\" class=\"yoast-schema-graph\">{\"@context\":\"https:\\\/\\\/schema.org\",\"@graph\":[{\"@type\":\"WebPage\",\"@id\":\"https:\\\/\\\/letrame.com\\\/catalogo\\\/producto\\\/mi-diamante-interior\\\/\",\"url\":\"https:\\\/\\\/letrame.com\\\/catalogo\\\/producto\\\/mi-diamante-interior\\\/\",\"name\":\"Mi diamante interior - Catalogo | Letrame Grupo Editorial\",\"isPartOf\":{\"@id\":\"https:\\\/\\\/letrame.com\\\/catalogo\\\/#website\"},\"primaryImageOfPage\":{\"@id\":\"https:\\\/\\\/letrame.com\\\/catalogo\\\/producto\\\/mi-diamante-interior\\\/#primaryimage\"},\"image\":{\"@id\":\"https:\\\/\\\/letrame.com\\\/catalogo\\\/producto\\\/mi-diamante-interior\\\/#primaryimage\"},\"thumbnailUrl\":\"https:\\\/\\\/letrame.com\\\/catalogo\\\/wp-content\\\/uploads\\\/2025\\\/09\\\/Midiamanteinterior_6.88mm4.jpg\",\"datePublished\":\"2025-09-11T13:52:07+00:00\",\"dateModified\":\"2025-09-11T13:52:49+00:00\",\"breadcrumb\":{\"@id\":\"https:\\\/\\\/letrame.com\\\/catalogo\\\/producto\\\/mi-diamante-interior\\\/#breadcrumb\"},\"inLanguage\":\"es\",\"potentialAction\":[{\"@type\":\"ReadAction\",\"target\":[\"https:\\\/\\\/letrame.com\\\/catalogo\\\/producto\\\/mi-diamante-interior\\\/\"]}]},{\"@type\":\"ImageObject\",\"inLanguage\":\"es\",\"@id\":\"https:\\\/\\\/letrame.com\\\/catalogo\\\/producto\\\/mi-diamante-interior\\\/#primaryimage\",\"url\":\"https:\\\/\\\/letrame.com\\\/catalogo\\\/wp-content\\\/uploads\\\/2025\\\/09\\\/Midiamanteinterior_6.88mm4.jpg\",\"contentUrl\":\"https:\\\/\\\/letrame.com\\\/catalogo\\\/wp-content\\\/uploads\\\/2025\\\/09\\\/Midiamanteinterior_6.88mm4.jpg\",\"width\":384,\"height\":537},{\"@type\":\"BreadcrumbList\",\"@id\":\"https:\\\/\\\/letrame.com\\\/catalogo\\\/producto\\\/mi-diamante-interior\\\/#breadcrumb\",\"itemListElement\":[{\"@type\":\"ListItem\",\"position\":1,\"name\":\"Portada\",\"item\":\"https:\\\/\\\/letrame.com\\\/catalogo\\\/\"},{\"@type\":\"ListItem\",\"position\":2,\"name\":\"Cat\u00e1logo\",\"item\":\"https:\\\/\\\/letrame.com\\\/catalogo\\\/\"},{\"@type\":\"ListItem\",\"position\":3,\"name\":\"Mi diamante interior\"}]},{\"@type\":\"WebSite\",\"@id\":\"https:\\\/\\\/letrame.com\\\/catalogo\\\/#website\",\"url\":\"https:\\\/\\\/letrame.com\\\/catalogo\\\/\",\"name\":\"Catalogo | Letrame Grupo Editorial\",\"description\":\"\",\"publisher\":{\"@id\":\"https:\\\/\\\/letrame.com\\\/catalogo\\\/#organization\"},\"potentialAction\":[{\"@type\":\"SearchAction\",\"target\":{\"@type\":\"EntryPoint\",\"urlTemplate\":\"https:\\\/\\\/letrame.com\\\/catalogo\\\/?s={search_term_string}\"},\"query-input\":{\"@type\":\"PropertyValueSpecification\",\"valueRequired\":true,\"valueName\":\"search_term_string\"}}],\"inLanguage\":\"es\"},{\"@type\":\"Organization\",\"@id\":\"https:\\\/\\\/letrame.com\\\/catalogo\\\/#organization\",\"name\":\"Catalogo | Letrame Grupo Editorial\",\"url\":\"https:\\\/\\\/letrame.com\\\/catalogo\\\/\",\"logo\":{\"@type\":\"ImageObject\",\"inLanguage\":\"es\",\"@id\":\"https:\\\/\\\/letrame.com\\\/catalogo\\\/#\\\/schema\\\/logo\\\/image\\\/\",\"url\":\"https:\\\/\\\/letrame.com\\\/catalogo\\\/wp-content\\\/uploads\\\/2024\\\/03\\\/logo2.webp\",\"contentUrl\":\"https:\\\/\\\/letrame.com\\\/catalogo\\\/wp-content\\\/uploads\\\/2024\\\/03\\\/logo2.webp\",\"width\":394,\"height\":128,\"caption\":\"Catalogo | Letrame Grupo Editorial\"},\"image\":{\"@id\":\"https:\\\/\\\/letrame.com\\\/catalogo\\\/#\\\/schema\\\/logo\\\/image\\\/\"}}]}<\/script>\n<!-- \/ Yoast SEO plugin. -->","yoast_head_json":{"title":"Mi diamante interior - Catalogo | Letrame Grupo Editorial","robots":{"index":"index","follow":"follow","max-snippet":"max-snippet:-1","max-image-preview":"max-image-preview:large","max-video-preview":"max-video-preview:-1"},"canonical":"https:\/\/letrame.com\/catalogo\/producto\/mi-diamante-interior\/","og_locale":"es_ES","og_type":"article","og_title":"Mi diamante interior - Catalogo | Letrame Grupo Editorial","og_description":"ISBN: 9791370124939  SINOPSIS  Todos llevamos dentro algo valioso, aunque a veces lo olvidemos. Algo que no se rompe, pero s\u00ed puede quedar sepultado bajo a\u00f1os de miedo, rabia, culpa o tristeza. A eso, Jos\u00e9 Alberto P\u00e9rez Pineda lo llama \u00abnuestro diamante interior\u00bb. Este libro es una invitaci\u00f3n a escarbar con honestidad. A mirar hacia adentro sin juicios. A reconocer que no siempre estamos bien, que arrastramos heridas, creencias, pensamientos que nos envenenan poco a poco... y que aun as\u00ed podemos sanar. Jos\u00e9 Alberto pone nombre a trece venenos emocionales \u2014 la envidia, el ego, la dependencia emocional la autocr\u00edtica, entre otros\u2014, y nos acompa\u00f1a a trav\u00e9s de ellos con preguntas, reflexiones y ejercicios pr\u00e1cticos. Mi diamante interior es una conversaci\u00f3n honesta, escrita por alguien que tambi\u00e9n ha tenido que limpiar su propio brillo desde la oscuridad. Es una gu\u00eda para comenzar a escucharte. Para comprender por qu\u00e9 reaccionas como reaccionas. Para soltar cargas que ya no te pertenecen. Para reconciliarte contigo. Porque sanar no es volverse alguien distinto. Es, justamente, volver a ser quien ya eras... antes de que todo te nublara.","og_url":"https:\/\/letrame.com\/catalogo\/producto\/mi-diamante-interior\/","og_site_name":"Catalogo | Letrame Grupo Editorial","article_modified_time":"2025-09-11T13:52:49+00:00","og_image":[{"width":384,"height":537,"url":"https:\/\/letrame.com\/catalogo\/wp-content\/uploads\/2025\/09\/Midiamanteinterior_6.88mm4.jpg","type":"image\/jpeg"}],"twitter_card":"summary_large_image","twitter_misc":{"Tiempo de lectura":"2 minutos"},"schema":{"@context":"https:\/\/schema.org","@graph":[{"@type":"WebPage","@id":"https:\/\/letrame.com\/catalogo\/producto\/mi-diamante-interior\/","url":"https:\/\/letrame.com\/catalogo\/producto\/mi-diamante-interior\/","name":"Mi diamante interior - Catalogo | Letrame Grupo Editorial","isPartOf":{"@id":"https:\/\/letrame.com\/catalogo\/#website"},"primaryImageOfPage":{"@id":"https:\/\/letrame.com\/catalogo\/producto\/mi-diamante-interior\/#primaryimage"},"image":{"@id":"https:\/\/letrame.com\/catalogo\/producto\/mi-diamante-interior\/#primaryimage"},"thumbnailUrl":"https:\/\/letrame.com\/catalogo\/wp-content\/uploads\/2025\/09\/Midiamanteinterior_6.88mm4.jpg","datePublished":"2025-09-11T13:52:07+00:00","dateModified":"2025-09-11T13:52:49+00:00","breadcrumb":{"@id":"https:\/\/letrame.com\/catalogo\/producto\/mi-diamante-interior\/#breadcrumb"},"inLanguage":"es","potentialAction":[{"@type":"ReadAction","target":["https:\/\/letrame.com\/catalogo\/producto\/mi-diamante-interior\/"]}]},{"@type":"ImageObject","inLanguage":"es","@id":"https:\/\/letrame.com\/catalogo\/producto\/mi-diamante-interior\/#primaryimage","url":"https:\/\/letrame.com\/catalogo\/wp-content\/uploads\/2025\/09\/Midiamanteinterior_6.88mm4.jpg","contentUrl":"https:\/\/letrame.com\/catalogo\/wp-content\/uploads\/2025\/09\/Midiamanteinterior_6.88mm4.jpg","width":384,"height":537},{"@type":"BreadcrumbList","@id":"https:\/\/letrame.com\/catalogo\/producto\/mi-diamante-interior\/#breadcrumb","itemListElement":[{"@type":"ListItem","position":1,"name":"Portada","item":"https:\/\/letrame.com\/catalogo\/"},{"@type":"ListItem","position":2,"name":"Cat\u00e1logo","item":"https:\/\/letrame.com\/catalogo\/"},{"@type":"ListItem","position":3,"name":"Mi diamante interior"}]},{"@type":"WebSite","@id":"https:\/\/letrame.com\/catalogo\/#website","url":"https:\/\/letrame.com\/catalogo\/","name":"Catalogo | Letrame Grupo Editorial","description":"","publisher":{"@id":"https:\/\/letrame.com\/catalogo\/#organization"},"potentialAction":[{"@type":"SearchAction","target":{"@type":"EntryPoint","urlTemplate":"https:\/\/letrame.com\/catalogo\/?s={search_term_string}"},"query-input":{"@type":"PropertyValueSpecification","valueRequired":true,"valueName":"search_term_string"}}],"inLanguage":"es"},{"@type":"Organization","@id":"https:\/\/letrame.com\/catalogo\/#organization","name":"Catalogo | Letrame Grupo Editorial","url":"https:\/\/letrame.com\/catalogo\/","logo":{"@type":"ImageObject","inLanguage":"es","@id":"https:\/\/letrame.com\/catalogo\/#\/schema\/logo\/image\/","url":"https:\/\/letrame.com\/catalogo\/wp-content\/uploads\/2024\/03\/logo2.webp","contentUrl":"https:\/\/letrame.com\/catalogo\/wp-content\/uploads\/2024\/03\/logo2.webp","width":394,"height":128,"caption":"Catalogo | Letrame Grupo Editorial"},"image":{"@id":"https:\/\/letrame.com\/catalogo\/#\/schema\/logo\/image\/"}}]}},"_links":{"self":[{"href":"https:\/\/letrame.com\/catalogo\/wp-json\/wp\/v2\/product\/109036","targetHints":{"allow":["GET"]}}],"collection":[{"href":"https:\/\/letrame.com\/catalogo\/wp-json\/wp\/v2\/product"}],"about":[{"href":"https:\/\/letrame.com\/catalogo\/wp-json\/wp\/v2\/types\/product"}],"replies":[{"embeddable":true,"href":"https:\/\/letrame.com\/catalogo\/wp-json\/wp\/v2\/comments?post=109036"}],"acf:post":[{"embeddable":true,"href":"https:\/\/letrame.com\/catalogo\/wp-json\/wp\/v2\/author_book\/109038"}],"wp:featuredmedia":[{"embeddable":true,"href":"https:\/\/letrame.com\/catalogo\/wp-json\/wp\/v2\/media\/109037"}],"wp:attachment":[{"href":"https:\/\/letrame.com\/catalogo\/wp-json\/wp\/v2\/media?parent=109036"}],"wp:term":[{"taxonomy":"libro","embeddable":true,"href":"https:\/\/letrame.com\/catalogo\/wp-json\/wp\/v2\/libro?post=109036"},{"taxonomy":"product_brand","embeddable":true,"href":"https:\/\/letrame.com\/catalogo\/wp-json\/wp\/v2\/product_brand?post=109036"},{"taxonomy":"product_cat","embeddable":true,"href":"https:\/\/letrame.com\/catalogo\/wp-json\/wp\/v2\/product_cat?post=109036"},{"taxonomy":"product_tag","embeddable":true,"href":"https:\/\/letrame.com\/catalogo\/wp-json\/wp\/v2\/product_tag?post=109036"}],"curies":[{"name":"wp","href":"https:\/\/api.w.org\/{rel}","templated":true}]}}