{"id":109011,"date":"2025-09-11T08:59:44","date_gmt":"2025-09-11T06:59:44","guid":{"rendered":"https:\/\/letrame.com\/catalogo\/?post_type=product&#038;p=109011"},"modified":"2025-09-11T09:06:35","modified_gmt":"2025-09-11T07:06:35","slug":"pasion-de-amor-alma-y-espiritu","status":"publish","type":"product","link":"https:\/\/letrame.com\/catalogo\/producto\/pasion-de-amor-alma-y-espiritu\/","title":{"rendered":"Pasi\u00f3n de amor: Alma y esp\u00edritu"},"content":{"rendered":"<p class=\"p2\"><b>ISBN: <\/b>9791370126360<\/p>\n<p class=\"p2\"><b>T\u00edtulo: <\/b>Pasi\u00f3n de amor: Alma y esp\u00edritu<b><\/b><\/p>\n<p><b>Fecha:<\/b> 2025<b><\/b><\/p>\n<p><b>P\u00e1ginas: <\/b>258<\/p>\n<p class=\"p2\"><b>SINOPSIS<\/b><\/p>\n<p>Saludos a todos los lectores de todo el mundo los invito a adquirir el libro Pasi\u00f3n de amor. Los llevar\u00e1 a un encuentro fascinante en sus vidas.<br \/>\nPorque amar con pasi\u00f3n es lo m\u00e1s bello que existe en esta tierra.<br \/>\nSaludes a todos los enamorados porque han encontrado el verbo m\u00e1s fabuloso de esta tierra que es el AMOR.<b><br \/>\n<\/b><\/p>\n","protected":false},"excerpt":{"rendered":"<p class=\"p2\"><b>ISBN: <\/b>9791370126360<\/p>\n<p><b>SINOPSIS<\/b><\/p>\n<p>Saludos a todos los lectores de todo el mundo los invito a adquirir el libro Pasi\u00f3n de amor. Los llevar\u00e1 a un encuentro fascinante en sus vidas.<br \/>\nPorque amar con pasi\u00f3n es lo m\u00e1s bello que existe en esta tierra.<br \/>\nSaludes a todos los enamorados porque han encontrado el verbo m\u00e1s fabuloso de esta tierra que es el AMOR.<\/p>\n","protected":false},"featured_media":109018,"comment_status":"open","ping_status":"closed","template":"","meta":{"_acf_changed":false},"libro":[],"product_brand":[],"product_cat":[50],"product_tag":[],"class_list":{"0":"post-109011","1":"product","2":"type-product","3":"status-publish","4":"has-post-thumbnail","6":"product_cat-novela-romantica","8":"first","9":"instock","10":"shipping-taxable","11":"product-type-simple"},"acf":{"autor":[109012],"enlace_de_compra":""},"yoast_head":"<!-- This site is optimized with the Yoast SEO plugin v27.4 - https:\/\/yoast.com\/product\/yoast-seo-wordpress\/ -->\n<title>Pasi\u00f3n de amor: Alma y esp\u00edritu - Catalogo | Letrame Grupo Editorial<\/title>\n<meta name=\"robots\" content=\"index, follow, max-snippet:-1, max-image-preview:large, max-video-preview:-1\" \/>\n<link rel=\"canonical\" href=\"https:\/\/letrame.com\/catalogo\/producto\/pasion-de-amor-alma-y-espiritu\/\" \/>\n<meta property=\"og:locale\" content=\"es_ES\" \/>\n<meta property=\"og:type\" content=\"article\" \/>\n<meta property=\"og:title\" content=\"Pasi\u00f3n de amor: Alma y esp\u00edritu - Catalogo | Letrame Grupo Editorial\" \/>\n<meta property=\"og:description\" content=\"ISBN: 9791370126360 SINOPSIS  Saludos a todos los lectores de todo el mundo los invito a adquirir el libro Pasi\u00f3n de amor. Los llevar\u00e1 a un encuentro fascinante en sus vidas. Porque amar con pasi\u00f3n es lo m\u00e1s bello que existe en esta tierra. Saludes a todos los enamorados porque han encontrado el verbo m\u00e1s fabuloso de esta tierra que es el AMOR.\" \/>\n<meta property=\"og:url\" content=\"https:\/\/letrame.com\/catalogo\/producto\/pasion-de-amor-alma-y-espiritu\/\" \/>\n<meta property=\"og:site_name\" content=\"Catalogo | Letrame Grupo Editorial\" \/>\n<meta property=\"article:modified_time\" content=\"2025-09-11T07:06:35+00:00\" \/>\n<meta property=\"og:image\" content=\"https:\/\/letrame.com\/catalogo\/wp-content\/uploads\/2025\/09\/Pasion-de-amor.jpg\" \/>\n\t<meta property=\"og:image:width\" content=\"437\" \/>\n\t<meta property=\"og:image:height\" content=\"645\" \/>\n\t<meta property=\"og:image:type\" content=\"image\/jpeg\" \/>\n<meta name=\"twitter:card\" content=\"summary_large_image\" \/>\n<meta name=\"twitter:label1\" content=\"Tiempo de lectura\" \/>\n\t<meta name=\"twitter:data1\" content=\"1 minuto\" \/>\n<script type=\"application\/ld+json\" class=\"yoast-schema-graph\">{\"@context\":\"https:\\\/\\\/schema.org\",\"@graph\":[{\"@type\":\"WebPage\",\"@id\":\"https:\\\/\\\/letrame.com\\\/catalogo\\\/producto\\\/pasion-de-amor-alma-y-espiritu\\\/\",\"url\":\"https:\\\/\\\/letrame.com\\\/catalogo\\\/producto\\\/pasion-de-amor-alma-y-espiritu\\\/\",\"name\":\"Pasi\u00f3n de amor: Alma y esp\u00edritu - Catalogo | Letrame Grupo Editorial\",\"isPartOf\":{\"@id\":\"https:\\\/\\\/letrame.com\\\/catalogo\\\/#website\"},\"primaryImageOfPage\":{\"@id\":\"https:\\\/\\\/letrame.com\\\/catalogo\\\/producto\\\/pasion-de-amor-alma-y-espiritu\\\/#primaryimage\"},\"image\":{\"@id\":\"https:\\\/\\\/letrame.com\\\/catalogo\\\/producto\\\/pasion-de-amor-alma-y-espiritu\\\/#primaryimage\"},\"thumbnailUrl\":\"https:\\\/\\\/letrame.com\\\/catalogo\\\/wp-content\\\/uploads\\\/2025\\\/09\\\/Pasion-de-amor.jpg\",\"datePublished\":\"2025-09-11T06:59:44+00:00\",\"dateModified\":\"2025-09-11T07:06:35+00:00\",\"breadcrumb\":{\"@id\":\"https:\\\/\\\/letrame.com\\\/catalogo\\\/producto\\\/pasion-de-amor-alma-y-espiritu\\\/#breadcrumb\"},\"inLanguage\":\"es\",\"potentialAction\":[{\"@type\":\"ReadAction\",\"target\":[\"https:\\\/\\\/letrame.com\\\/catalogo\\\/producto\\\/pasion-de-amor-alma-y-espiritu\\\/\"]}]},{\"@type\":\"ImageObject\",\"inLanguage\":\"es\",\"@id\":\"https:\\\/\\\/letrame.com\\\/catalogo\\\/producto\\\/pasion-de-amor-alma-y-espiritu\\\/#primaryimage\",\"url\":\"https:\\\/\\\/letrame.com\\\/catalogo\\\/wp-content\\\/uploads\\\/2025\\\/09\\\/Pasion-de-amor.jpg\",\"contentUrl\":\"https:\\\/\\\/letrame.com\\\/catalogo\\\/wp-content\\\/uploads\\\/2025\\\/09\\\/Pasion-de-amor.jpg\",\"width\":437,\"height\":645},{\"@type\":\"BreadcrumbList\",\"@id\":\"https:\\\/\\\/letrame.com\\\/catalogo\\\/producto\\\/pasion-de-amor-alma-y-espiritu\\\/#breadcrumb\",\"itemListElement\":[{\"@type\":\"ListItem\",\"position\":1,\"name\":\"Portada\",\"item\":\"https:\\\/\\\/letrame.com\\\/catalogo\\\/\"},{\"@type\":\"ListItem\",\"position\":2,\"name\":\"Cat\u00e1logo\",\"item\":\"https:\\\/\\\/letrame.com\\\/catalogo\\\/\"},{\"@type\":\"ListItem\",\"position\":3,\"name\":\"Pasi\u00f3n de amor: Alma y esp\u00edritu\"}]},{\"@type\":\"WebSite\",\"@id\":\"https:\\\/\\\/letrame.com\\\/catalogo\\\/#website\",\"url\":\"https:\\\/\\\/letrame.com\\\/catalogo\\\/\",\"name\":\"Catalogo | Letrame Grupo Editorial\",\"description\":\"\",\"publisher\":{\"@id\":\"https:\\\/\\\/letrame.com\\\/catalogo\\\/#organization\"},\"potentialAction\":[{\"@type\":\"SearchAction\",\"target\":{\"@type\":\"EntryPoint\",\"urlTemplate\":\"https:\\\/\\\/letrame.com\\\/catalogo\\\/?s={search_term_string}\"},\"query-input\":{\"@type\":\"PropertyValueSpecification\",\"valueRequired\":true,\"valueName\":\"search_term_string\"}}],\"inLanguage\":\"es\"},{\"@type\":\"Organization\",\"@id\":\"https:\\\/\\\/letrame.com\\\/catalogo\\\/#organization\",\"name\":\"Catalogo | Letrame Grupo Editorial\",\"url\":\"https:\\\/\\\/letrame.com\\\/catalogo\\\/\",\"logo\":{\"@type\":\"ImageObject\",\"inLanguage\":\"es\",\"@id\":\"https:\\\/\\\/letrame.com\\\/catalogo\\\/#\\\/schema\\\/logo\\\/image\\\/\",\"url\":\"https:\\\/\\\/letrame.com\\\/catalogo\\\/wp-content\\\/uploads\\\/2024\\\/03\\\/logo2.webp\",\"contentUrl\":\"https:\\\/\\\/letrame.com\\\/catalogo\\\/wp-content\\\/uploads\\\/2024\\\/03\\\/logo2.webp\",\"width\":394,\"height\":128,\"caption\":\"Catalogo | Letrame Grupo Editorial\"},\"image\":{\"@id\":\"https:\\\/\\\/letrame.com\\\/catalogo\\\/#\\\/schema\\\/logo\\\/image\\\/\"}}]}<\/script>\n<!-- \/ Yoast SEO plugin. -->","yoast_head_json":{"title":"Pasi\u00f3n de amor: Alma y esp\u00edritu - Catalogo | Letrame Grupo Editorial","robots":{"index":"index","follow":"follow","max-snippet":"max-snippet:-1","max-image-preview":"max-image-preview:large","max-video-preview":"max-video-preview:-1"},"canonical":"https:\/\/letrame.com\/catalogo\/producto\/pasion-de-amor-alma-y-espiritu\/","og_locale":"es_ES","og_type":"article","og_title":"Pasi\u00f3n de amor: Alma y esp\u00edritu - Catalogo | Letrame Grupo Editorial","og_description":"ISBN: 9791370126360 SINOPSIS  Saludos a todos los lectores de todo el mundo los invito a adquirir el libro Pasi\u00f3n de amor. Los llevar\u00e1 a un encuentro fascinante en sus vidas. Porque amar con pasi\u00f3n es lo m\u00e1s bello que existe en esta tierra. Saludes a todos los enamorados porque han encontrado el verbo m\u00e1s fabuloso de esta tierra que es el AMOR.","og_url":"https:\/\/letrame.com\/catalogo\/producto\/pasion-de-amor-alma-y-espiritu\/","og_site_name":"Catalogo | Letrame Grupo Editorial","article_modified_time":"2025-09-11T07:06:35+00:00","og_image":[{"width":437,"height":645,"url":"https:\/\/letrame.com\/catalogo\/wp-content\/uploads\/2025\/09\/Pasion-de-amor.jpg","type":"image\/jpeg"}],"twitter_card":"summary_large_image","twitter_misc":{"Tiempo de lectura":"1 minuto"},"schema":{"@context":"https:\/\/schema.org","@graph":[{"@type":"WebPage","@id":"https:\/\/letrame.com\/catalogo\/producto\/pasion-de-amor-alma-y-espiritu\/","url":"https:\/\/letrame.com\/catalogo\/producto\/pasion-de-amor-alma-y-espiritu\/","name":"Pasi\u00f3n de amor: Alma y esp\u00edritu - Catalogo | Letrame Grupo Editorial","isPartOf":{"@id":"https:\/\/letrame.com\/catalogo\/#website"},"primaryImageOfPage":{"@id":"https:\/\/letrame.com\/catalogo\/producto\/pasion-de-amor-alma-y-espiritu\/#primaryimage"},"image":{"@id":"https:\/\/letrame.com\/catalogo\/producto\/pasion-de-amor-alma-y-espiritu\/#primaryimage"},"thumbnailUrl":"https:\/\/letrame.com\/catalogo\/wp-content\/uploads\/2025\/09\/Pasion-de-amor.jpg","datePublished":"2025-09-11T06:59:44+00:00","dateModified":"2025-09-11T07:06:35+00:00","breadcrumb":{"@id":"https:\/\/letrame.com\/catalogo\/producto\/pasion-de-amor-alma-y-espiritu\/#breadcrumb"},"inLanguage":"es","potentialAction":[{"@type":"ReadAction","target":["https:\/\/letrame.com\/catalogo\/producto\/pasion-de-amor-alma-y-espiritu\/"]}]},{"@type":"ImageObject","inLanguage":"es","@id":"https:\/\/letrame.com\/catalogo\/producto\/pasion-de-amor-alma-y-espiritu\/#primaryimage","url":"https:\/\/letrame.com\/catalogo\/wp-content\/uploads\/2025\/09\/Pasion-de-amor.jpg","contentUrl":"https:\/\/letrame.com\/catalogo\/wp-content\/uploads\/2025\/09\/Pasion-de-amor.jpg","width":437,"height":645},{"@type":"BreadcrumbList","@id":"https:\/\/letrame.com\/catalogo\/producto\/pasion-de-amor-alma-y-espiritu\/#breadcrumb","itemListElement":[{"@type":"ListItem","position":1,"name":"Portada","item":"https:\/\/letrame.com\/catalogo\/"},{"@type":"ListItem","position":2,"name":"Cat\u00e1logo","item":"https:\/\/letrame.com\/catalogo\/"},{"@type":"ListItem","position":3,"name":"Pasi\u00f3n de amor: Alma y esp\u00edritu"}]},{"@type":"WebSite","@id":"https:\/\/letrame.com\/catalogo\/#website","url":"https:\/\/letrame.com\/catalogo\/","name":"Catalogo | Letrame Grupo Editorial","description":"","publisher":{"@id":"https:\/\/letrame.com\/catalogo\/#organization"},"potentialAction":[{"@type":"SearchAction","target":{"@type":"EntryPoint","urlTemplate":"https:\/\/letrame.com\/catalogo\/?s={search_term_string}"},"query-input":{"@type":"PropertyValueSpecification","valueRequired":true,"valueName":"search_term_string"}}],"inLanguage":"es"},{"@type":"Organization","@id":"https:\/\/letrame.com\/catalogo\/#organization","name":"Catalogo | Letrame Grupo Editorial","url":"https:\/\/letrame.com\/catalogo\/","logo":{"@type":"ImageObject","inLanguage":"es","@id":"https:\/\/letrame.com\/catalogo\/#\/schema\/logo\/image\/","url":"https:\/\/letrame.com\/catalogo\/wp-content\/uploads\/2024\/03\/logo2.webp","contentUrl":"https:\/\/letrame.com\/catalogo\/wp-content\/uploads\/2024\/03\/logo2.webp","width":394,"height":128,"caption":"Catalogo | Letrame Grupo Editorial"},"image":{"@id":"https:\/\/letrame.com\/catalogo\/#\/schema\/logo\/image\/"}}]}},"_links":{"self":[{"href":"https:\/\/letrame.com\/catalogo\/wp-json\/wp\/v2\/product\/109011","targetHints":{"allow":["GET"]}}],"collection":[{"href":"https:\/\/letrame.com\/catalogo\/wp-json\/wp\/v2\/product"}],"about":[{"href":"https:\/\/letrame.com\/catalogo\/wp-json\/wp\/v2\/types\/product"}],"replies":[{"embeddable":true,"href":"https:\/\/letrame.com\/catalogo\/wp-json\/wp\/v2\/comments?post=109011"}],"acf:post":[{"embeddable":true,"href":"https:\/\/letrame.com\/catalogo\/wp-json\/wp\/v2\/author_book\/109012"}],"wp:featuredmedia":[{"embeddable":true,"href":"https:\/\/letrame.com\/catalogo\/wp-json\/wp\/v2\/media\/109018"}],"wp:attachment":[{"href":"https:\/\/letrame.com\/catalogo\/wp-json\/wp\/v2\/media?parent=109011"}],"wp:term":[{"taxonomy":"libro","embeddable":true,"href":"https:\/\/letrame.com\/catalogo\/wp-json\/wp\/v2\/libro?post=109011"},{"taxonomy":"product_brand","embeddable":true,"href":"https:\/\/letrame.com\/catalogo\/wp-json\/wp\/v2\/product_brand?post=109011"},{"taxonomy":"product_cat","embeddable":true,"href":"https:\/\/letrame.com\/catalogo\/wp-json\/wp\/v2\/product_cat?post=109011"},{"taxonomy":"product_tag","embeddable":true,"href":"https:\/\/letrame.com\/catalogo\/wp-json\/wp\/v2\/product_tag?post=109011"}],"curies":[{"name":"wp","href":"https:\/\/api.w.org\/{rel}","templated":true}]}}